{"id":1044,"date":"2022-01-01T20:42:00","date_gmt":"2022-01-01T07:57:00","guid":{"rendered":"https:\/\/tolio2.sitebycat.com\/?post_type=product&#038;p=1044"},"modified":"2026-04-01T13:43:25","modified_gmt":"2026-04-01T01:43:25","slug":"loc-6-chai-tra-xanh-khong-do-chai-455ml","status":"publish","type":"product","link":"https:\/\/tolio.co.nz\/en\/product\/loc-6-bottles-of-green-tea-not-because-the-bottle-is-455ml\/","title":{"rendered":"Set of Bottles of Zero Degree Green Tea 6 x 455ml"},"content":{"rendered":"<p><span style=\"font-size: 12pt\"><strong>Set of Bottles of Zero Degree Green Tea 6 x 455ml<\/strong> It is extracted from the fresh green tea leaves of Thai Nguyen to create a natural flavor.<\/span><\/p>\n<ul>\n<li><span style=\"font-size: 12pt\">Green Tea Zero Lemon Flavor 455ml is a harmonious and refreshing combination between the mild acrid green tea taste from Thai Nguyen land and the fresh and sour lemon flavor that creates a highlight, and the gentle sweetness that is not harsh, giving you Great refreshment on hot days.<\/span><\/li>\n<li><span style=\"font-size: 12pt\">Products containing high levels of EGCG found in green tea leaves help reduce stress, fatigue, increase resistance and help alertness, and bring users refreshment, freshness and cooling of life.<\/span><\/li>\n<li><span style=\"font-size: 12pt\">Green tea also contains polyphenols and polysaccharides that will keep blood sugar levels low.<\/span><\/li>\n<li><span style=\"font-size: 12pt\">And there is also caffeine, so it helps to repel stress, keep the mind alert, and improve work efficiency.<\/span><\/li>\n<\/ul>\n<p><strong>How to Use:<\/strong><\/p>\n<ul>\n<li>Softly shake before drinking.<\/li>\n<li>More delicious cold drink.<\/li>\n<\/ul>\n<p><strong>Preserve:<\/strong><\/p>\n<ul>\n<li>To a dry, cool place.<\/li>\n<li>Avoid direct sunlight or high temperature places.<\/li>\n<\/ul>\n<p>&nbsp;<\/p>\n<p>&nbsp;<\/p>\n<p>&nbsp;<\/p>","protected":false},"excerpt":{"rendered":"<ul>\n<li>Brand: No Degree Vietnam<\/li>\n<li>Brand Country: Viet nam<\/li>\n<li>Packing: 455ml bottles, 6 bottles\/lot, 24 bottles\/carton<\/li>\n<li>Note: Product packaging may change from batch to batch<\/li>\n<\/ul>\n<p>&nbsp;<\/p>","protected":false},"featured_media":20939,"comment_status":"open","ping_status":"closed","template":"","meta":[],"product_brand":[],"product_cat":[34,40,30],"product_tag":[78,79,77],"class_list":{"0":"post-1044","1":"product","2":"type-product","3":"status-publish","4":"has-post-thumbnail","6":"product_cat-thuc-uong","7":"product_cat-thuc-uong-khong-con","8":"product_cat-ban-chay-nhat","9":"product_tag-nuoc-ngot","10":"product_tag-nuoc-tra-dong-chai","11":"product_tag-tra-xanh","12":"pa_thuong-hieu-khong-do","14":"first","15":"instock","16":"sale","17":"shipping-taxable","18":"purchasable","19":"product-type-simple"},"yoast_head":"<!-- This site is optimized with the Yoast SEO plugin v24.4 - https:\/\/yoast.com\/wordpress\/plugins\/seo\/ -->\n<title>L\u1ed1c 6 chai Tr\u00e0 xanh kh\u00f4ng \u0111\u1ed9 chai 455ml - TOLIO<\/title>\n<meta name=\"description\" content=\"Th\u01b0\u01a1ng hi\u1ec7u: Kh\u00f4ng \u0110\u1ed9 Vi\u1ec7t Nam  Xu\u1ea5t x\u1ee9 th\u01b0\u01a1ng hi\u1ec7u: Vi\u1ec7t Nam  Quy c\u00e1ch \u0111\u00f3ng g\u00f3i: Chai 455ml, 6 chai\/l\u1ed1c, 24 chai\/th\u00f9ng  L\u01b0u \u00fd: Bao b\u00ec s\u1ea3n ph\u1ea9m c\u00f3 th\u1ec3 thay \u0111\u1ed5i theo t\u1eebng \u0111\u1ee3t nh\u1eadp h\u00e0ng  &nbsp;\" \/>\n<meta name=\"robots\" content=\"index, follow, max-snippet:-1, max-image-preview:large, max-video-preview:-1\" \/>\n<link rel=\"canonical\" href=\"https:\/\/tolio.co.nz\/en\/product\/loc-6-bottles-of-green-tea-not-because-the-bottle-is-455ml\/\" \/>\n<meta property=\"og:locale\" content=\"en_US\" \/>\n<meta property=\"og:type\" content=\"article\" \/>\n<meta property=\"og:title\" content=\"L\u1ed1c 6 chai Tr\u00e0 xanh kh\u00f4ng \u0111\u1ed9 chai 455ml - TOLIO\" \/>\n<meta property=\"og:description\" content=\"Th\u01b0\u01a1ng hi\u1ec7u: Kh\u00f4ng \u0110\u1ed9 Vi\u1ec7t Nam  Xu\u1ea5t x\u1ee9 th\u01b0\u01a1ng hi\u1ec7u: Vi\u1ec7t Nam  Quy c\u00e1ch \u0111\u00f3ng g\u00f3i: Chai 455ml, 6 chai\/l\u1ed1c, 24 chai\/th\u00f9ng  L\u01b0u \u00fd: Bao b\u00ec s\u1ea3n ph\u1ea9m c\u00f3 th\u1ec3 thay \u0111\u1ed5i theo t\u1eebng \u0111\u1ee3t nh\u1eadp h\u00e0ng  &nbsp;\" \/>\n<meta property=\"og:url\" content=\"https:\/\/tolio.co.nz\/en\/product\/loc-6-bottles-of-green-tea-not-because-the-bottle-is-455ml\/\" \/>\n<meta property=\"og:site_name\" content=\"TOLIO\" \/>\n<meta property=\"article:modified_time\" content=\"2026-04-01T01:43:25+00:00\" \/>\n<meta property=\"og:image\" content=\"https:\/\/tolio.co.nz\/wp-content\/uploads\/2022\/01\/441.png\" \/>\n\t<meta property=\"og:image:width\" content=\"1000\" \/>\n\t<meta property=\"og:image:height\" content=\"907\" \/>\n\t<meta property=\"og:image:type\" content=\"image\/png\" \/>\n<meta name=\"twitter:card\" content=\"summary_large_image\" \/>\n<meta name=\"twitter:label1\" content=\"Est. reading time\" \/>\n\t<meta name=\"twitter:data1\" content=\"2 minutes\" \/>\n<script type=\"application\/ld+json\" class=\"yoast-schema-graph\">{\"@context\":\"https:\/\/schema.org\",\"@graph\":[{\"@type\":\"WebPage\",\"@id\":\"https:\/\/tolio.co.nz\/san-pham\/loc-6-chai-tra-xanh-khong-do-chai-455ml\/\",\"url\":\"https:\/\/tolio.co.nz\/san-pham\/loc-6-chai-tra-xanh-khong-do-chai-455ml\/\",\"name\":\"L\u1ed1c 6 chai Tr\u00e0 xanh kh\u00f4ng \u0111\u1ed9 chai 455ml - TOLIO\",\"isPartOf\":{\"@id\":\"https:\/\/tolio.co.nz\/#website\"},\"primaryImageOfPage\":{\"@id\":\"https:\/\/tolio.co.nz\/san-pham\/loc-6-chai-tra-xanh-khong-do-chai-455ml\/#primaryimage\"},\"image\":{\"@id\":\"https:\/\/tolio.co.nz\/san-pham\/loc-6-chai-tra-xanh-khong-do-chai-455ml\/#primaryimage\"},\"thumbnailUrl\":\"https:\/\/tolio.co.nz\/wp-content\/uploads\/2022\/01\/441.png\",\"datePublished\":\"2022-01-01T07:57:00+00:00\",\"dateModified\":\"2026-04-01T01:43:25+00:00\",\"description\":\"Th\u01b0\u01a1ng hi\u1ec7u: Kh\u00f4ng \u0110\u1ed9 Vi\u1ec7t Nam Xu\u1ea5t x\u1ee9 th\u01b0\u01a1ng hi\u1ec7u: Vi\u1ec7t Nam Quy c\u00e1ch \u0111\u00f3ng g\u00f3i: Chai 455ml, 6 chai\/l\u1ed1c, 24 chai\/th\u00f9ng L\u01b0u \u00fd: Bao b\u00ec s\u1ea3n ph\u1ea9m c\u00f3 th\u1ec3 thay \u0111\u1ed5i theo t\u1eebng \u0111\u1ee3t nh\u1eadp h\u00e0ng &nbsp;\",\"breadcrumb\":{\"@id\":\"https:\/\/tolio.co.nz\/san-pham\/loc-6-chai-tra-xanh-khong-do-chai-455ml\/#breadcrumb\"},\"inLanguage\":\"en-US\",\"potentialAction\":[{\"@type\":\"ReadAction\",\"target\":[\"https:\/\/tolio.co.nz\/san-pham\/loc-6-chai-tra-xanh-khong-do-chai-455ml\/\"]}]},{\"@type\":\"ImageObject\",\"inLanguage\":\"en-US\",\"@id\":\"https:\/\/tolio.co.nz\/san-pham\/loc-6-chai-tra-xanh-khong-do-chai-455ml\/#primaryimage\",\"url\":\"https:\/\/tolio.co.nz\/wp-content\/uploads\/2022\/01\/441.png\",\"contentUrl\":\"https:\/\/tolio.co.nz\/wp-content\/uploads\/2022\/01\/441.png\",\"width\":1000,\"height\":907},{\"@type\":\"BreadcrumbList\",\"@id\":\"https:\/\/tolio.co.nz\/san-pham\/loc-6-chai-tra-xanh-khong-do-chai-455ml\/#breadcrumb\",\"itemListElement\":[{\"@type\":\"ListItem\",\"position\":1,\"name\":\"Home\",\"item\":\"https:\/\/tolio.co.nz\/\"},{\"@type\":\"ListItem\",\"position\":2,\"name\":\"C\u1eeda h\u00e0ng\",\"item\":\"https:\/\/tolio.co.nz\/cua-hang\/\"},{\"@type\":\"ListItem\",\"position\":3,\"name\":\"L\u1ed1c 6 chai Tr\u00e0 xanh kh\u00f4ng \u0111\u1ed9 chai 455ml\"}]},{\"@type\":\"WebSite\",\"@id\":\"https:\/\/tolio.co.nz\/#website\",\"url\":\"https:\/\/tolio.co.nz\/\",\"name\":\"TOLIO\",\"description\":\"Vietnamese Grocery Online\",\"potentialAction\":[{\"@type\":\"SearchAction\",\"target\":{\"@type\":\"EntryPoint\",\"urlTemplate\":\"https:\/\/tolio.co.nz\/?s={search_term_string}\"},\"query-input\":{\"@type\":\"PropertyValueSpecification\",\"valueRequired\":true,\"valueName\":\"search_term_string\"}}],\"inLanguage\":\"en-US\"}]}<\/script>\n<!-- \/ Yoast SEO plugin. -->","yoast_head_json":{"title":"L\u1ed1c 6 chai Tr\u00e0 xanh kh\u00f4ng \u0111\u1ed9 chai 455ml - TOLIO","description":"Th\u01b0\u01a1ng hi\u1ec7u: Kh\u00f4ng \u0110\u1ed9 Vi\u1ec7t Nam  Xu\u1ea5t x\u1ee9 th\u01b0\u01a1ng hi\u1ec7u: Vi\u1ec7t Nam  Quy c\u00e1ch \u0111\u00f3ng g\u00f3i: Chai 455ml, 6 chai\/l\u1ed1c, 24 chai\/th\u00f9ng  L\u01b0u \u00fd: Bao b\u00ec s\u1ea3n ph\u1ea9m c\u00f3 th\u1ec3 thay \u0111\u1ed5i theo t\u1eebng \u0111\u1ee3t nh\u1eadp h\u00e0ng  &nbsp;","robots":{"index":"index","follow":"follow","max-snippet":"max-snippet:-1","max-image-preview":"max-image-preview:large","max-video-preview":"max-video-preview:-1"},"canonical":"https:\/\/tolio.co.nz\/en\/product\/loc-6-bottles-of-green-tea-not-because-the-bottle-is-455ml\/","og_locale":"en_US","og_type":"article","og_title":"L\u1ed1c 6 chai Tr\u00e0 xanh kh\u00f4ng \u0111\u1ed9 chai 455ml - TOLIO","og_description":"Th\u01b0\u01a1ng hi\u1ec7u: Kh\u00f4ng \u0110\u1ed9 Vi\u1ec7t Nam  Xu\u1ea5t x\u1ee9 th\u01b0\u01a1ng hi\u1ec7u: Vi\u1ec7t Nam  Quy c\u00e1ch \u0111\u00f3ng g\u00f3i: Chai 455ml, 6 chai\/l\u1ed1c, 24 chai\/th\u00f9ng  L\u01b0u \u00fd: Bao b\u00ec s\u1ea3n ph\u1ea9m c\u00f3 th\u1ec3 thay \u0111\u1ed5i theo t\u1eebng \u0111\u1ee3t nh\u1eadp h\u00e0ng  &nbsp;","og_url":"https:\/\/tolio.co.nz\/en\/product\/loc-6-bottles-of-green-tea-not-because-the-bottle-is-455ml\/","og_site_name":"TOLIO","article_modified_time":"2026-04-01T01:43:25+00:00","og_image":[{"width":1000,"height":907,"url":"https:\/\/tolio.co.nz\/wp-content\/uploads\/2022\/01\/441.png","type":"image\/png"}],"twitter_card":"summary_large_image","twitter_misc":{"Est. reading time":"2 minutes"},"schema":{"@context":"https:\/\/schema.org","@graph":[{"@type":"WebPage","@id":"https:\/\/tolio.co.nz\/san-pham\/loc-6-chai-tra-xanh-khong-do-chai-455ml\/","url":"https:\/\/tolio.co.nz\/san-pham\/loc-6-chai-tra-xanh-khong-do-chai-455ml\/","name":"L\u1ed1c 6 chai Tr\u00e0 xanh kh\u00f4ng \u0111\u1ed9 chai 455ml - TOLIO","isPartOf":{"@id":"https:\/\/tolio.co.nz\/#website"},"primaryImageOfPage":{"@id":"https:\/\/tolio.co.nz\/san-pham\/loc-6-chai-tra-xanh-khong-do-chai-455ml\/#primaryimage"},"image":{"@id":"https:\/\/tolio.co.nz\/san-pham\/loc-6-chai-tra-xanh-khong-do-chai-455ml\/#primaryimage"},"thumbnailUrl":"https:\/\/tolio.co.nz\/wp-content\/uploads\/2022\/01\/441.png","datePublished":"2022-01-01T07:57:00+00:00","dateModified":"2026-04-01T01:43:25+00:00","description":"Th\u01b0\u01a1ng hi\u1ec7u: Kh\u00f4ng \u0110\u1ed9 Vi\u1ec7t Nam Xu\u1ea5t x\u1ee9 th\u01b0\u01a1ng hi\u1ec7u: Vi\u1ec7t Nam Quy c\u00e1ch \u0111\u00f3ng g\u00f3i: Chai 455ml, 6 chai\/l\u1ed1c, 24 chai\/th\u00f9ng L\u01b0u \u00fd: Bao b\u00ec s\u1ea3n ph\u1ea9m c\u00f3 th\u1ec3 thay \u0111\u1ed5i theo t\u1eebng \u0111\u1ee3t nh\u1eadp h\u00e0ng &nbsp;","breadcrumb":{"@id":"https:\/\/tolio.co.nz\/san-pham\/loc-6-chai-tra-xanh-khong-do-chai-455ml\/#breadcrumb"},"inLanguage":"en-US","potentialAction":[{"@type":"ReadAction","target":["https:\/\/tolio.co.nz\/san-pham\/loc-6-chai-tra-xanh-khong-do-chai-455ml\/"]}]},{"@type":"ImageObject","inLanguage":"en-US","@id":"https:\/\/tolio.co.nz\/san-pham\/loc-6-chai-tra-xanh-khong-do-chai-455ml\/#primaryimage","url":"https:\/\/tolio.co.nz\/wp-content\/uploads\/2022\/01\/441.png","contentUrl":"https:\/\/tolio.co.nz\/wp-content\/uploads\/2022\/01\/441.png","width":1000,"height":907},{"@type":"BreadcrumbList","@id":"https:\/\/tolio.co.nz\/san-pham\/loc-6-chai-tra-xanh-khong-do-chai-455ml\/#breadcrumb","itemListElement":[{"@type":"ListItem","position":1,"name":"Home","item":"https:\/\/tolio.co.nz\/"},{"@type":"ListItem","position":2,"name":"C\u1eeda h\u00e0ng","item":"https:\/\/tolio.co.nz\/cua-hang\/"},{"@type":"ListItem","position":3,"name":"L\u1ed1c 6 chai Tr\u00e0 xanh kh\u00f4ng \u0111\u1ed9 chai 455ml"}]},{"@type":"WebSite","@id":"https:\/\/tolio.co.nz\/#website","url":"https:\/\/tolio.co.nz\/","name":"TOLIO","description":"Vietnamese Grocery Online","potentialAction":[{"@type":"SearchAction","target":{"@type":"EntryPoint","urlTemplate":"https:\/\/tolio.co.nz\/?s={search_term_string}"},"query-input":{"@type":"PropertyValueSpecification","valueRequired":true,"valueName":"search_term_string"}}],"inLanguage":"en-US"}]}},"_links":{"self":[{"href":"https:\/\/tolio.co.nz\/en\/wp-json\/wp\/v2\/product\/1044","targetHints":{"allow":["GET"]}}],"collection":[{"href":"https:\/\/tolio.co.nz\/en\/wp-json\/wp\/v2\/product"}],"about":[{"href":"https:\/\/tolio.co.nz\/en\/wp-json\/wp\/v2\/types\/product"}],"replies":[{"embeddable":true,"href":"https:\/\/tolio.co.nz\/en\/wp-json\/wp\/v2\/comments?post=1044"}],"wp:featuredmedia":[{"embeddable":true,"href":"https:\/\/tolio.co.nz\/en\/wp-json\/wp\/v2\/media\/20939"}],"wp:attachment":[{"href":"https:\/\/tolio.co.nz\/en\/wp-json\/wp\/v2\/media?parent=1044"}],"wp:term":[{"taxonomy":"product_brand","embeddable":true,"href":"https:\/\/tolio.co.nz\/en\/wp-json\/wp\/v2\/product_brand?post=1044"},{"taxonomy":"product_cat","embeddable":true,"href":"https:\/\/tolio.co.nz\/en\/wp-json\/wp\/v2\/product_cat?post=1044"},{"taxonomy":"product_tag","embeddable":true,"href":"https:\/\/tolio.co.nz\/en\/wp-json\/wp\/v2\/product_tag?post=1044"}],"curies":[{"name":"wp","href":"https:\/\/api.w.org\/{rel}","templated":true}]}}