{"id":10816,"date":"2023-08-20T22:40:01","date_gmt":"2023-08-20T09:55:01","guid":{"rendered":"https:\/\/tolio.co.nz\/?post_type=product&#038;p=10816"},"modified":"2026-03-24T13:26:15","modified_gmt":"2026-03-24T01:26:15","slug":"mua-5-tang-1-set-6-goi-gia-vi-tiem-ga-dai-bo-cuong-luc-viet-san-100g","status":"publish","type":"product","link":"https:\/\/tolio.co.nz\/en\/product\/buy-5-pieces-get-1-set-of-6-packages-with-price-of-viet-san-bo-cuong-mat-100g\/","title":{"rendered":"[Buy 5 Get 1 Free] - Set of Packs Viet San Chicken Herbal Soup Seasoning for Vitality 6 x 100g"},"content":{"rendered":"<p><strong>Viet San Chicken Herbal Soup Seasoning for Strength 100g <\/strong>\u00a0is a product with ingredients from North tonic, ginseng extract, dong quai, mulberry, Bac Ky, Xuyen Cung, Phong Dang ginseng, Hoai Son, Ngoc Bac, Goji berries, Dac Dai Dac, and Angelica.<\/p>\n<p><strong>How to Use:<\/strong><\/p>\n<ul>\n<li>2 evil chickens or 300-500 cleaned chicken meat<\/li>\n<li>Put the chicken and chicken stew package in the pressure cooker, add enough water and simmer for 30 minutes. Or you can also stew the chicken in a water bath by placing the pot of chicken in a larger pot of boiling water and stewing in a water bath for about 1 - 1.5 hours.<\/li>\n<li>Spices: Chicken and medicinal herbs are inherently sweet and fragrant. When eating, you can dip the chicken with salt, pepper and lemon to make it more flavorful.<\/li>\n<li>This dish is extremely effective when used to nourish the kidneys, blood, clear heat,... very good for pregnant women and people who have just recovered from illness.<\/li>\n<\/ul>\n<p><strong>Preserve:<\/strong><\/p>\n<ul>\n<li>Store in a cool, dry place, away from direct sunlight<\/li>\n<\/ul>","protected":false},"excerpt":{"rendered":"<ul>\n<li>Brand: Viet San<\/li>\n<li>Brand Country: Viet nam<\/li>\n<li>Packing: Pack of 100g<\/li>\n<li>Note: Product packaging may change from batch to batch.<\/li>\n<\/ul>","protected":false},"featured_media":20703,"comment_status":"open","ping_status":"closed","template":"","meta":[],"product_brand":[],"product_cat":[128],"product_tag":[],"class_list":{"0":"post-10816","1":"product","2":"type-product","3":"status-publish","4":"has-post-thumbnail","6":"product_cat-do-kho","7":"pa_thuong-hieu-vietsan","9":"first","10":"instock","11":"sale","12":"shipping-taxable","13":"purchasable","14":"product-type-simple"},"yoast_head":"<!-- This site is optimized with the Yoast SEO plugin v24.4 - https:\/\/yoast.com\/wordpress\/plugins\/seo\/ -->\n<title>[Mua 5 t\u1eb7ng 1] Set 6 g\u00f3i gia v\u1ecb ti\u1ec1m g\u00e0 \u0111\u1ea1i b\u1ed5 c\u01b0\u1eddng l\u1ef1c Vi\u1ec7t San 100g -<\/title>\n<meta name=\"description\" content=\"Th\u01b0\u01a1ng hi\u1ec7u: Vi\u1ec7t San  Xu\u1ea5t x\u1ee9 th\u01b0\u01a1ng hi\u1ec7u: Vi\u1ec7t Nam  Quy c\u00e1ch \u0111\u00f3ng g\u00f3i: G\u00f3i 100g  L\u01b0u \u00fd: Bao b\u00ec s\u1ea3n ph\u1ea9m c\u00f3 th\u1ec3 thay \u0111\u1ed5i theo t\u1eebng \u0111\u1ee3t nh\u1eadp h\u00e0ng.\" \/>\n<meta name=\"robots\" content=\"index, follow, max-snippet:-1, max-image-preview:large, max-video-preview:-1\" \/>\n<link rel=\"canonical\" href=\"https:\/\/tolio.co.nz\/en\/product\/buy-5-pieces-get-1-set-of-6-packages-with-price-of-viet-san-bo-cuong-mat-100g\/\" \/>\n<meta property=\"og:locale\" content=\"en_US\" \/>\n<meta property=\"og:type\" content=\"article\" \/>\n<meta property=\"og:title\" content=\"[Mua 5 t\u1eb7ng 1] Set 6 g\u00f3i gia v\u1ecb ti\u1ec1m g\u00e0 \u0111\u1ea1i b\u1ed5 c\u01b0\u1eddng l\u1ef1c Vi\u1ec7t San 100g -\" \/>\n<meta property=\"og:description\" content=\"Th\u01b0\u01a1ng hi\u1ec7u: Vi\u1ec7t San  Xu\u1ea5t x\u1ee9 th\u01b0\u01a1ng hi\u1ec7u: Vi\u1ec7t Nam  Quy c\u00e1ch \u0111\u00f3ng g\u00f3i: G\u00f3i 100g  L\u01b0u \u00fd: Bao b\u00ec s\u1ea3n ph\u1ea9m c\u00f3 th\u1ec3 thay \u0111\u1ed5i theo t\u1eebng \u0111\u1ee3t nh\u1eadp h\u00e0ng.\" \/>\n<meta property=\"og:url\" content=\"https:\/\/tolio.co.nz\/en\/product\/buy-5-pieces-get-1-set-of-6-packages-with-price-of-viet-san-bo-cuong-mat-100g\/\" \/>\n<meta property=\"og:site_name\" content=\"TOLIO\" \/>\n<meta property=\"article:modified_time\" content=\"2026-03-24T01:26:15+00:00\" \/>\n<meta property=\"og:image\" content=\"https:\/\/tolio.co.nz\/wp-content\/uploads\/2023\/08\/229.png\" \/>\n\t<meta property=\"og:image:width\" content=\"1000\" \/>\n\t<meta property=\"og:image:height\" content=\"907\" \/>\n\t<meta property=\"og:image:type\" content=\"image\/png\" \/>\n<meta name=\"twitter:card\" content=\"summary_large_image\" \/>\n<meta name=\"twitter:label1\" content=\"Est. reading time\" \/>\n\t<meta name=\"twitter:data1\" content=\"1 minute\" \/>\n<script type=\"application\/ld+json\" class=\"yoast-schema-graph\">{\"@context\":\"https:\/\/schema.org\",\"@graph\":[{\"@type\":\"WebPage\",\"@id\":\"https:\/\/tolio.co.nz\/san-pham\/mua-5-tang-1-set-6-goi-gia-vi-tiem-ga-dai-bo-cuong-luc-viet-san-100g\/\",\"url\":\"https:\/\/tolio.co.nz\/san-pham\/mua-5-tang-1-set-6-goi-gia-vi-tiem-ga-dai-bo-cuong-luc-viet-san-100g\/\",\"name\":\"[Mua 5 t\u1eb7ng 1] Set 6 g\u00f3i gia v\u1ecb ti\u1ec1m g\u00e0 \u0111\u1ea1i b\u1ed5 c\u01b0\u1eddng l\u1ef1c Vi\u1ec7t San 100g -\",\"isPartOf\":{\"@id\":\"https:\/\/tolio.co.nz\/#website\"},\"primaryImageOfPage\":{\"@id\":\"https:\/\/tolio.co.nz\/san-pham\/mua-5-tang-1-set-6-goi-gia-vi-tiem-ga-dai-bo-cuong-luc-viet-san-100g\/#primaryimage\"},\"image\":{\"@id\":\"https:\/\/tolio.co.nz\/san-pham\/mua-5-tang-1-set-6-goi-gia-vi-tiem-ga-dai-bo-cuong-luc-viet-san-100g\/#primaryimage\"},\"thumbnailUrl\":\"https:\/\/tolio.co.nz\/wp-content\/uploads\/2023\/08\/229.png\",\"datePublished\":\"2023-08-20T09:55:01+00:00\",\"dateModified\":\"2026-03-24T01:26:15+00:00\",\"description\":\"Th\u01b0\u01a1ng hi\u1ec7u: Vi\u1ec7t San Xu\u1ea5t x\u1ee9 th\u01b0\u01a1ng hi\u1ec7u: Vi\u1ec7t Nam Quy c\u00e1ch \u0111\u00f3ng g\u00f3i: G\u00f3i 100g L\u01b0u \u00fd: Bao b\u00ec s\u1ea3n ph\u1ea9m c\u00f3 th\u1ec3 thay \u0111\u1ed5i theo t\u1eebng \u0111\u1ee3t nh\u1eadp h\u00e0ng.\",\"breadcrumb\":{\"@id\":\"https:\/\/tolio.co.nz\/san-pham\/mua-5-tang-1-set-6-goi-gia-vi-tiem-ga-dai-bo-cuong-luc-viet-san-100g\/#breadcrumb\"},\"inLanguage\":\"en-US\",\"potentialAction\":[{\"@type\":\"ReadAction\",\"target\":[\"https:\/\/tolio.co.nz\/san-pham\/mua-5-tang-1-set-6-goi-gia-vi-tiem-ga-dai-bo-cuong-luc-viet-san-100g\/\"]}]},{\"@type\":\"ImageObject\",\"inLanguage\":\"en-US\",\"@id\":\"https:\/\/tolio.co.nz\/san-pham\/mua-5-tang-1-set-6-goi-gia-vi-tiem-ga-dai-bo-cuong-luc-viet-san-100g\/#primaryimage\",\"url\":\"https:\/\/tolio.co.nz\/wp-content\/uploads\/2023\/08\/229.png\",\"contentUrl\":\"https:\/\/tolio.co.nz\/wp-content\/uploads\/2023\/08\/229.png\",\"width\":1000,\"height\":907},{\"@type\":\"BreadcrumbList\",\"@id\":\"https:\/\/tolio.co.nz\/san-pham\/mua-5-tang-1-set-6-goi-gia-vi-tiem-ga-dai-bo-cuong-luc-viet-san-100g\/#breadcrumb\",\"itemListElement\":[{\"@type\":\"ListItem\",\"position\":1,\"name\":\"Home\",\"item\":\"https:\/\/tolio.co.nz\/\"},{\"@type\":\"ListItem\",\"position\":2,\"name\":\"C\u1eeda h\u00e0ng\",\"item\":\"https:\/\/tolio.co.nz\/cua-hang\/\"},{\"@type\":\"ListItem\",\"position\":3,\"name\":\"[Mua 5 t\u1eb7ng 1] Set 6 g\u00f3i gia v\u1ecb ti\u1ec1m g\u00e0 \u0111\u1ea1i b\u1ed5 c\u01b0\u1eddng l\u1ef1c Vi\u1ec7t San 100g\"}]},{\"@type\":\"WebSite\",\"@id\":\"https:\/\/tolio.co.nz\/#website\",\"url\":\"https:\/\/tolio.co.nz\/\",\"name\":\"TOLIO\",\"description\":\"Vietnamese Grocery Online\",\"potentialAction\":[{\"@type\":\"SearchAction\",\"target\":{\"@type\":\"EntryPoint\",\"urlTemplate\":\"https:\/\/tolio.co.nz\/?s={search_term_string}\"},\"query-input\":{\"@type\":\"PropertyValueSpecification\",\"valueRequired\":true,\"valueName\":\"search_term_string\"}}],\"inLanguage\":\"en-US\"}]}<\/script>\n<!-- \/ Yoast SEO plugin. -->","yoast_head_json":{"title":"[Mua 5 t\u1eb7ng 1] Set 6 g\u00f3i gia v\u1ecb ti\u1ec1m g\u00e0 \u0111\u1ea1i b\u1ed5 c\u01b0\u1eddng l\u1ef1c Vi\u1ec7t San 100g -","description":"Th\u01b0\u01a1ng hi\u1ec7u: Vi\u1ec7t San  Xu\u1ea5t x\u1ee9 th\u01b0\u01a1ng hi\u1ec7u: Vi\u1ec7t Nam  Quy c\u00e1ch \u0111\u00f3ng g\u00f3i: G\u00f3i 100g  L\u01b0u \u00fd: Bao b\u00ec s\u1ea3n ph\u1ea9m c\u00f3 th\u1ec3 thay \u0111\u1ed5i theo t\u1eebng \u0111\u1ee3t nh\u1eadp h\u00e0ng.","robots":{"index":"index","follow":"follow","max-snippet":"max-snippet:-1","max-image-preview":"max-image-preview:large","max-video-preview":"max-video-preview:-1"},"canonical":"https:\/\/tolio.co.nz\/en\/product\/buy-5-pieces-get-1-set-of-6-packages-with-price-of-viet-san-bo-cuong-mat-100g\/","og_locale":"en_US","og_type":"article","og_title":"[Mua 5 t\u1eb7ng 1] Set 6 g\u00f3i gia v\u1ecb ti\u1ec1m g\u00e0 \u0111\u1ea1i b\u1ed5 c\u01b0\u1eddng l\u1ef1c Vi\u1ec7t San 100g -","og_description":"Th\u01b0\u01a1ng hi\u1ec7u: Vi\u1ec7t San  Xu\u1ea5t x\u1ee9 th\u01b0\u01a1ng hi\u1ec7u: Vi\u1ec7t Nam  Quy c\u00e1ch \u0111\u00f3ng g\u00f3i: G\u00f3i 100g  L\u01b0u \u00fd: Bao b\u00ec s\u1ea3n ph\u1ea9m c\u00f3 th\u1ec3 thay \u0111\u1ed5i theo t\u1eebng \u0111\u1ee3t nh\u1eadp h\u00e0ng.","og_url":"https:\/\/tolio.co.nz\/en\/product\/buy-5-pieces-get-1-set-of-6-packages-with-price-of-viet-san-bo-cuong-mat-100g\/","og_site_name":"TOLIO","article_modified_time":"2026-03-24T01:26:15+00:00","og_image":[{"width":1000,"height":907,"url":"https:\/\/tolio.co.nz\/wp-content\/uploads\/2023\/08\/229.png","type":"image\/png"}],"twitter_card":"summary_large_image","twitter_misc":{"Est. reading time":"1 minute"},"schema":{"@context":"https:\/\/schema.org","@graph":[{"@type":"WebPage","@id":"https:\/\/tolio.co.nz\/san-pham\/mua-5-tang-1-set-6-goi-gia-vi-tiem-ga-dai-bo-cuong-luc-viet-san-100g\/","url":"https:\/\/tolio.co.nz\/san-pham\/mua-5-tang-1-set-6-goi-gia-vi-tiem-ga-dai-bo-cuong-luc-viet-san-100g\/","name":"[Mua 5 t\u1eb7ng 1] Set 6 g\u00f3i gia v\u1ecb ti\u1ec1m g\u00e0 \u0111\u1ea1i b\u1ed5 c\u01b0\u1eddng l\u1ef1c Vi\u1ec7t San 100g -","isPartOf":{"@id":"https:\/\/tolio.co.nz\/#website"},"primaryImageOfPage":{"@id":"https:\/\/tolio.co.nz\/san-pham\/mua-5-tang-1-set-6-goi-gia-vi-tiem-ga-dai-bo-cuong-luc-viet-san-100g\/#primaryimage"},"image":{"@id":"https:\/\/tolio.co.nz\/san-pham\/mua-5-tang-1-set-6-goi-gia-vi-tiem-ga-dai-bo-cuong-luc-viet-san-100g\/#primaryimage"},"thumbnailUrl":"https:\/\/tolio.co.nz\/wp-content\/uploads\/2023\/08\/229.png","datePublished":"2023-08-20T09:55:01+00:00","dateModified":"2026-03-24T01:26:15+00:00","description":"Th\u01b0\u01a1ng hi\u1ec7u: Vi\u1ec7t San Xu\u1ea5t x\u1ee9 th\u01b0\u01a1ng hi\u1ec7u: Vi\u1ec7t Nam Quy c\u00e1ch \u0111\u00f3ng g\u00f3i: G\u00f3i 100g L\u01b0u \u00fd: Bao b\u00ec s\u1ea3n ph\u1ea9m c\u00f3 th\u1ec3 thay \u0111\u1ed5i theo t\u1eebng \u0111\u1ee3t nh\u1eadp h\u00e0ng.","breadcrumb":{"@id":"https:\/\/tolio.co.nz\/san-pham\/mua-5-tang-1-set-6-goi-gia-vi-tiem-ga-dai-bo-cuong-luc-viet-san-100g\/#breadcrumb"},"inLanguage":"en-US","potentialAction":[{"@type":"ReadAction","target":["https:\/\/tolio.co.nz\/san-pham\/mua-5-tang-1-set-6-goi-gia-vi-tiem-ga-dai-bo-cuong-luc-viet-san-100g\/"]}]},{"@type":"ImageObject","inLanguage":"en-US","@id":"https:\/\/tolio.co.nz\/san-pham\/mua-5-tang-1-set-6-goi-gia-vi-tiem-ga-dai-bo-cuong-luc-viet-san-100g\/#primaryimage","url":"https:\/\/tolio.co.nz\/wp-content\/uploads\/2023\/08\/229.png","contentUrl":"https:\/\/tolio.co.nz\/wp-content\/uploads\/2023\/08\/229.png","width":1000,"height":907},{"@type":"BreadcrumbList","@id":"https:\/\/tolio.co.nz\/san-pham\/mua-5-tang-1-set-6-goi-gia-vi-tiem-ga-dai-bo-cuong-luc-viet-san-100g\/#breadcrumb","itemListElement":[{"@type":"ListItem","position":1,"name":"Home","item":"https:\/\/tolio.co.nz\/"},{"@type":"ListItem","position":2,"name":"C\u1eeda h\u00e0ng","item":"https:\/\/tolio.co.nz\/cua-hang\/"},{"@type":"ListItem","position":3,"name":"[Mua 5 t\u1eb7ng 1] Set 6 g\u00f3i gia v\u1ecb ti\u1ec1m g\u00e0 \u0111\u1ea1i b\u1ed5 c\u01b0\u1eddng l\u1ef1c Vi\u1ec7t San 100g"}]},{"@type":"WebSite","@id":"https:\/\/tolio.co.nz\/#website","url":"https:\/\/tolio.co.nz\/","name":"TOLIO","description":"Vietnamese Grocery Online","potentialAction":[{"@type":"SearchAction","target":{"@type":"EntryPoint","urlTemplate":"https:\/\/tolio.co.nz\/?s={search_term_string}"},"query-input":{"@type":"PropertyValueSpecification","valueRequired":true,"valueName":"search_term_string"}}],"inLanguage":"en-US"}]}},"_links":{"self":[{"href":"https:\/\/tolio.co.nz\/en\/wp-json\/wp\/v2\/product\/10816","targetHints":{"allow":["GET"]}}],"collection":[{"href":"https:\/\/tolio.co.nz\/en\/wp-json\/wp\/v2\/product"}],"about":[{"href":"https:\/\/tolio.co.nz\/en\/wp-json\/wp\/v2\/types\/product"}],"replies":[{"embeddable":true,"href":"https:\/\/tolio.co.nz\/en\/wp-json\/wp\/v2\/comments?post=10816"}],"wp:featuredmedia":[{"embeddable":true,"href":"https:\/\/tolio.co.nz\/en\/wp-json\/wp\/v2\/media\/20703"}],"wp:attachment":[{"href":"https:\/\/tolio.co.nz\/en\/wp-json\/wp\/v2\/media?parent=10816"}],"wp:term":[{"taxonomy":"product_brand","embeddable":true,"href":"https:\/\/tolio.co.nz\/en\/wp-json\/wp\/v2\/product_brand?post=10816"},{"taxonomy":"product_cat","embeddable":true,"href":"https:\/\/tolio.co.nz\/en\/wp-json\/wp\/v2\/product_cat?post=10816"},{"taxonomy":"product_tag","embeddable":true,"href":"https:\/\/tolio.co.nz\/en\/wp-json\/wp\/v2\/product_tag?post=10816"}],"curies":[{"name":"wp","href":"https:\/\/api.w.org\/{rel}","templated":true}]}}