{"id":10818,"date":"2023-08-20T22:47:29","date_gmt":"2023-08-20T10:02:29","guid":{"rendered":"https:\/\/tolio.co.nz\/?post_type=product&#038;p=10818"},"modified":"2026-04-19T19:22:22","modified_gmt":"2026-04-19T07:22:22","slug":"bot-chuoi-chien-vinh-thuan","status":"publish","type":"product","link":"https:\/\/tolio.co.nz\/en\/product\/bot-chuoi-vinh-thuan\/","title":{"rendered":"Vinh Thuan fried banana flour 400g"},"content":{"rendered":"<p><strong>Vinh Thuan fried banana powder, 340g package<\/strong> The fried banana powder product is made from 100% natural ingredients and is most carefully selected, without toxic preservatives, ensuring safety for users. Banana fried flour is crushed finely and thoroughly, creating a soft and smooth texture for the product, helping you easily dissolve it with other ingredients without worrying about clumping, and the flavor of the dish also becomes more delicious. In addition, the product also includes all the ingredients to make pepper cakes in the right proportions, saving maximum preparation and processing time while still providing attractive fried banana cakes. Product contains Gluten<\/p>\n<p><strong>How to Use:<\/strong><\/p>\n<ul>\n<li>\u00a0Dissolve 340g of flour in 340ml of water, then add 20g of sugar into the mixture and stir well, let the dough rest for 15 minutes before frying. You can add vanilla to increase the delicious flavor.<\/li>\n<li>Peel the porcelain bananas, cut them in half, put them in a nylon bag and then press them thinly.<\/li>\n<li>\u00a0Dip the bananas into the flour, use chopsticks to scrape the dough so it doesn&#039;t clump.<\/li>\n<li>\u00a0Heat oil in a pan, fry the bananas in the pan, take the bananas out. Continue to fry again until both sides are golden brown, take out and place on oil-absorbing paper for about 2-3 minutes to use.<\/li>\n<\/ul>\n<p><strong>Preserve:<\/strong><\/p>\n<ul>\n<li>Store in a cool, dry place, away from direct sunlight<\/li>\n<\/ul>\n<p><strong>Expiry:<\/strong> 12 months from date of manufacture<\/p>","protected":false},"excerpt":{"rendered":"<ul>\n<li>Brand: Vinh Thuan<\/li>\n<li>Brand Country: Viet nam<\/li>\n<li>Packing: 340g . pack<\/li>\n<li>Note: Product packaging may change from batch to batch.<\/li>\n<\/ul>","protected":false},"featured_media":27024,"comment_status":"open","ping_status":"closed","template":"","meta":[],"product_brand":[],"product_cat":[36,127,19,191],"product_tag":[],"class_list":{"0":"post-10818","1":"product","2":"type-product","3":"status-publish","4":"has-post-thumbnail","6":"product_cat-thuc-pham-kho","7":"product_cat-bot-kho","8":"product_cat-khuyen-mai","9":"product_cat-san-pham-giam-gia","10":"pa_thuong-hieu-vinh-thuan","12":"first","13":"instock","14":"sale","15":"shipping-taxable","16":"purchasable","17":"product-type-simple"},"yoast_head":"<!-- This site is optimized with the Yoast SEO plugin v24.4 - https:\/\/yoast.com\/wordpress\/plugins\/seo\/ -->\n<title>B\u1ed9t chu\u1ed1i chi\u00ean V\u0129nh Thu\u1eadn 400g - TOLIO<\/title>\n<meta name=\"description\" content=\"Th\u01b0\u01a1ng hi\u1ec7u: V\u0129nh Thu\u1eadn  Xu\u1ea5t x\u1ee9 th\u01b0\u01a1ng hi\u1ec7u: Vi\u1ec7t Nam  Quy c\u00e1ch \u0111\u00f3ng g\u00f3i: G\u00f3i 340g  L\u01b0u \u00fd: Bao b\u00ec s\u1ea3n ph\u1ea9m c\u00f3 th\u1ec3 thay \u0111\u1ed5i theo t\u1eebng \u0111\u1ee3t nh\u1eadp h\u00e0ng.\" \/>\n<meta name=\"robots\" content=\"index, follow, max-snippet:-1, max-image-preview:large, max-video-preview:-1\" \/>\n<link rel=\"canonical\" href=\"https:\/\/tolio.co.nz\/en\/product\/bot-chuoi-vinh-thuan\/\" \/>\n<meta property=\"og:locale\" content=\"en_US\" \/>\n<meta property=\"og:type\" content=\"article\" \/>\n<meta property=\"og:title\" content=\"B\u1ed9t chu\u1ed1i chi\u00ean V\u0129nh Thu\u1eadn 400g - TOLIO\" \/>\n<meta property=\"og:description\" content=\"Th\u01b0\u01a1ng hi\u1ec7u: V\u0129nh Thu\u1eadn  Xu\u1ea5t x\u1ee9 th\u01b0\u01a1ng hi\u1ec7u: Vi\u1ec7t Nam  Quy c\u00e1ch \u0111\u00f3ng g\u00f3i: G\u00f3i 340g  L\u01b0u \u00fd: Bao b\u00ec s\u1ea3n ph\u1ea9m c\u00f3 th\u1ec3 thay \u0111\u1ed5i theo t\u1eebng \u0111\u1ee3t nh\u1eadp h\u00e0ng.\" \/>\n<meta property=\"og:url\" content=\"https:\/\/tolio.co.nz\/en\/product\/bot-chuoi-vinh-thuan\/\" \/>\n<meta property=\"og:site_name\" content=\"TOLIO\" \/>\n<meta property=\"article:modified_time\" content=\"2026-04-19T07:22:22+00:00\" \/>\n<meta property=\"og:image\" content=\"https:\/\/tolio.co.nz\/wp-content\/uploads\/2023\/08\/350.png\" \/>\n\t<meta property=\"og:image:width\" content=\"1000\" \/>\n\t<meta property=\"og:image:height\" content=\"907\" \/>\n\t<meta property=\"og:image:type\" content=\"image\/png\" \/>\n<meta name=\"twitter:card\" content=\"summary_large_image\" \/>\n<meta name=\"twitter:label1\" content=\"Est. reading time\" \/>\n\t<meta name=\"twitter:data1\" content=\"2 minutes\" \/>\n<script type=\"application\/ld+json\" class=\"yoast-schema-graph\">{\"@context\":\"https:\/\/schema.org\",\"@graph\":[{\"@type\":\"WebPage\",\"@id\":\"https:\/\/tolio.co.nz\/?post_type=product&p=10818\",\"url\":\"https:\/\/tolio.co.nz\/?post_type=product&p=10818\",\"name\":\"B\u1ed9t chu\u1ed1i chi\u00ean V\u0129nh Thu\u1eadn 400g - TOLIO\",\"isPartOf\":{\"@id\":\"https:\/\/tolio.co.nz\/#website\"},\"primaryImageOfPage\":{\"@id\":\"https:\/\/tolio.co.nz\/?post_type=product&p=10818#primaryimage\"},\"image\":{\"@id\":\"https:\/\/tolio.co.nz\/?post_type=product&p=10818#primaryimage\"},\"thumbnailUrl\":\"https:\/\/tolio.co.nz\/wp-content\/uploads\/2023\/08\/350.png\",\"datePublished\":\"2023-08-20T10:02:29+00:00\",\"dateModified\":\"2026-04-19T07:22:22+00:00\",\"description\":\"Th\u01b0\u01a1ng hi\u1ec7u: V\u0129nh Thu\u1eadn Xu\u1ea5t x\u1ee9 th\u01b0\u01a1ng hi\u1ec7u: Vi\u1ec7t Nam Quy c\u00e1ch \u0111\u00f3ng g\u00f3i: G\u00f3i 340g L\u01b0u \u00fd: Bao b\u00ec s\u1ea3n ph\u1ea9m c\u00f3 th\u1ec3 thay \u0111\u1ed5i theo t\u1eebng \u0111\u1ee3t nh\u1eadp h\u00e0ng.\",\"breadcrumb\":{\"@id\":\"https:\/\/tolio.co.nz\/?post_type=product&p=10818#breadcrumb\"},\"inLanguage\":\"en-US\",\"potentialAction\":[{\"@type\":\"ReadAction\",\"target\":[\"https:\/\/tolio.co.nz\/?post_type=product&p=10818\"]}]},{\"@type\":\"ImageObject\",\"inLanguage\":\"en-US\",\"@id\":\"https:\/\/tolio.co.nz\/?post_type=product&p=10818#primaryimage\",\"url\":\"https:\/\/tolio.co.nz\/wp-content\/uploads\/2023\/08\/350.png\",\"contentUrl\":\"https:\/\/tolio.co.nz\/wp-content\/uploads\/2023\/08\/350.png\",\"width\":1000,\"height\":907},{\"@type\":\"BreadcrumbList\",\"@id\":\"https:\/\/tolio.co.nz\/?post_type=product&p=10818#breadcrumb\",\"itemListElement\":[{\"@type\":\"ListItem\",\"position\":1,\"name\":\"Home\",\"item\":\"https:\/\/tolio.co.nz\/\"},{\"@type\":\"ListItem\",\"position\":2,\"name\":\"C\u1eeda h\u00e0ng\",\"item\":\"https:\/\/tolio.co.nz\/cua-hang\/\"},{\"@type\":\"ListItem\",\"position\":3,\"name\":\"[HSD 03\/09\/2025] B\u1ed9t chu\u1ed1i chi\u00ean V\u0129nh Thu\u1eadn 400g\"}]},{\"@type\":\"WebSite\",\"@id\":\"https:\/\/tolio.co.nz\/#website\",\"url\":\"https:\/\/tolio.co.nz\/\",\"name\":\"TOLIO\",\"description\":\"Vietnamese Grocery Online\",\"potentialAction\":[{\"@type\":\"SearchAction\",\"target\":{\"@type\":\"EntryPoint\",\"urlTemplate\":\"https:\/\/tolio.co.nz\/?s={search_term_string}\"},\"query-input\":{\"@type\":\"PropertyValueSpecification\",\"valueRequired\":true,\"valueName\":\"search_term_string\"}}],\"inLanguage\":\"en-US\"}]}<\/script>\n<!-- \/ Yoast SEO plugin. -->","yoast_head_json":{"title":"B\u1ed9t chu\u1ed1i chi\u00ean V\u0129nh Thu\u1eadn 400g - TOLIO","description":"Th\u01b0\u01a1ng hi\u1ec7u: V\u0129nh Thu\u1eadn  Xu\u1ea5t x\u1ee9 th\u01b0\u01a1ng hi\u1ec7u: Vi\u1ec7t Nam  Quy c\u00e1ch \u0111\u00f3ng g\u00f3i: G\u00f3i 340g  L\u01b0u \u00fd: Bao b\u00ec s\u1ea3n ph\u1ea9m c\u00f3 th\u1ec3 thay \u0111\u1ed5i theo t\u1eebng \u0111\u1ee3t nh\u1eadp h\u00e0ng.","robots":{"index":"index","follow":"follow","max-snippet":"max-snippet:-1","max-image-preview":"max-image-preview:large","max-video-preview":"max-video-preview:-1"},"canonical":"https:\/\/tolio.co.nz\/en\/product\/bot-chuoi-vinh-thuan\/","og_locale":"en_US","og_type":"article","og_title":"B\u1ed9t chu\u1ed1i chi\u00ean V\u0129nh Thu\u1eadn 400g - TOLIO","og_description":"Th\u01b0\u01a1ng hi\u1ec7u: V\u0129nh Thu\u1eadn  Xu\u1ea5t x\u1ee9 th\u01b0\u01a1ng hi\u1ec7u: Vi\u1ec7t Nam  Quy c\u00e1ch \u0111\u00f3ng g\u00f3i: G\u00f3i 340g  L\u01b0u \u00fd: Bao b\u00ec s\u1ea3n ph\u1ea9m c\u00f3 th\u1ec3 thay \u0111\u1ed5i theo t\u1eebng \u0111\u1ee3t nh\u1eadp h\u00e0ng.","og_url":"https:\/\/tolio.co.nz\/en\/product\/bot-chuoi-vinh-thuan\/","og_site_name":"TOLIO","article_modified_time":"2026-04-19T07:22:22+00:00","og_image":[{"width":1000,"height":907,"url":"https:\/\/tolio.co.nz\/wp-content\/uploads\/2023\/08\/350.png","type":"image\/png"}],"twitter_card":"summary_large_image","twitter_misc":{"Est. reading time":"2 minutes"},"schema":{"@context":"https:\/\/schema.org","@graph":[{"@type":"WebPage","@id":"https:\/\/tolio.co.nz\/?post_type=product&p=10818","url":"https:\/\/tolio.co.nz\/?post_type=product&p=10818","name":"B\u1ed9t chu\u1ed1i chi\u00ean V\u0129nh Thu\u1eadn 400g - TOLIO","isPartOf":{"@id":"https:\/\/tolio.co.nz\/#website"},"primaryImageOfPage":{"@id":"https:\/\/tolio.co.nz\/?post_type=product&p=10818#primaryimage"},"image":{"@id":"https:\/\/tolio.co.nz\/?post_type=product&p=10818#primaryimage"},"thumbnailUrl":"https:\/\/tolio.co.nz\/wp-content\/uploads\/2023\/08\/350.png","datePublished":"2023-08-20T10:02:29+00:00","dateModified":"2026-04-19T07:22:22+00:00","description":"Th\u01b0\u01a1ng hi\u1ec7u: V\u0129nh Thu\u1eadn Xu\u1ea5t x\u1ee9 th\u01b0\u01a1ng hi\u1ec7u: Vi\u1ec7t Nam Quy c\u00e1ch \u0111\u00f3ng g\u00f3i: G\u00f3i 340g L\u01b0u \u00fd: Bao b\u00ec s\u1ea3n ph\u1ea9m c\u00f3 th\u1ec3 thay \u0111\u1ed5i theo t\u1eebng \u0111\u1ee3t nh\u1eadp h\u00e0ng.","breadcrumb":{"@id":"https:\/\/tolio.co.nz\/?post_type=product&p=10818#breadcrumb"},"inLanguage":"en-US","potentialAction":[{"@type":"ReadAction","target":["https:\/\/tolio.co.nz\/?post_type=product&p=10818"]}]},{"@type":"ImageObject","inLanguage":"en-US","@id":"https:\/\/tolio.co.nz\/?post_type=product&p=10818#primaryimage","url":"https:\/\/tolio.co.nz\/wp-content\/uploads\/2023\/08\/350.png","contentUrl":"https:\/\/tolio.co.nz\/wp-content\/uploads\/2023\/08\/350.png","width":1000,"height":907},{"@type":"BreadcrumbList","@id":"https:\/\/tolio.co.nz\/?post_type=product&p=10818#breadcrumb","itemListElement":[{"@type":"ListItem","position":1,"name":"Home","item":"https:\/\/tolio.co.nz\/"},{"@type":"ListItem","position":2,"name":"C\u1eeda h\u00e0ng","item":"https:\/\/tolio.co.nz\/cua-hang\/"},{"@type":"ListItem","position":3,"name":"[HSD 03\/09\/2025] B\u1ed9t chu\u1ed1i chi\u00ean V\u0129nh Thu\u1eadn 400g"}]},{"@type":"WebSite","@id":"https:\/\/tolio.co.nz\/#website","url":"https:\/\/tolio.co.nz\/","name":"TOLIO","description":"Vietnamese Grocery Online","potentialAction":[{"@type":"SearchAction","target":{"@type":"EntryPoint","urlTemplate":"https:\/\/tolio.co.nz\/?s={search_term_string}"},"query-input":{"@type":"PropertyValueSpecification","valueRequired":true,"valueName":"search_term_string"}}],"inLanguage":"en-US"}]}},"_links":{"self":[{"href":"https:\/\/tolio.co.nz\/en\/wp-json\/wp\/v2\/product\/10818","targetHints":{"allow":["GET"]}}],"collection":[{"href":"https:\/\/tolio.co.nz\/en\/wp-json\/wp\/v2\/product"}],"about":[{"href":"https:\/\/tolio.co.nz\/en\/wp-json\/wp\/v2\/types\/product"}],"replies":[{"embeddable":true,"href":"https:\/\/tolio.co.nz\/en\/wp-json\/wp\/v2\/comments?post=10818"}],"wp:featuredmedia":[{"embeddable":true,"href":"https:\/\/tolio.co.nz\/en\/wp-json\/wp\/v2\/media\/27024"}],"wp:attachment":[{"href":"https:\/\/tolio.co.nz\/en\/wp-json\/wp\/v2\/media?parent=10818"}],"wp:term":[{"taxonomy":"product_brand","embeddable":true,"href":"https:\/\/tolio.co.nz\/en\/wp-json\/wp\/v2\/product_brand?post=10818"},{"taxonomy":"product_cat","embeddable":true,"href":"https:\/\/tolio.co.nz\/en\/wp-json\/wp\/v2\/product_cat?post=10818"},{"taxonomy":"product_tag","embeddable":true,"href":"https:\/\/tolio.co.nz\/en\/wp-json\/wp\/v2\/product_tag?post=10818"}],"curies":[{"name":"wp","href":"https:\/\/api.w.org\/{rel}","templated":true}]}}