{"id":10821,"date":"2023-08-20T22:48:10","date_gmt":"2023-08-20T10:03:10","guid":{"rendered":"https:\/\/tolio.co.nz\/?post_type=product&#038;p=10821"},"modified":"2026-03-28T12:07:15","modified_gmt":"2026-03-28T00:07:15","slug":"bot-banh-tieu-vinh-thuan-goi-400g-tolio","status":"publish","type":"product","link":"https:\/\/tolio.co.nz\/en\/product\/vinh-thuan-banh-tieu-bot-order-400g-tolio\/","title":{"rendered":"Vinh Thuan pepper cake powder, 400g pack"},"content":{"rendered":"<p><strong>Vinh Thuan pepper cake powder, 400g pack<\/strong> Vinh Thuan pepper cake powder products are made from 100% natural ingredients and are most carefully selected, without toxic preservatives, ensuring safety for users. Pepper cake powder is finely and thoroughly ground, creating a soft and smooth texture for the product, helping you easily dissolve it with other ingredients without worrying about clumping, and the flavor of the dish also becomes more delicious. In addition, the product also includes all the ingredients to make pepper cakes in the right proportions, saving maximum preparation and processing time while still providing attractive pepper cakes. Product contains Gluten<\/p>\n<p><strong>How to Use:<\/strong><\/p>\n<ul>\n<li>Add 1 package of dry yeast and 100g of sugar to 160ml of water, stir until dissolved, then pour in 400g of pepper cake flour and mixture (remember to leave 2 tablespoons to make dough to coat the tray), knead well for about 10 - 12 minutes until the dough is smooth. tough.<\/li>\n<li>\u00a0Incubate the dough for 60 minutes.<\/li>\n<li>Knead again, divide the dough into small parts, dip the dough in sesame, then roll into a thin circle. While rolling, place an oil pan on the stove, fill the pan with more than \u00bd of the oil, and bring to a boil (medium heat). Add rolled dough and fry until puffs are large and golden, then take out.<\/li>\n<\/ul>\n<p><strong>Preserve:<\/strong><\/p>\n<ul>\n<li>Store in a cool, dry place, away from direct sunlight<\/li>\n<\/ul>","protected":false},"excerpt":{"rendered":"<ul>\n<li>Brand: Vinh Thuan<\/li>\n<li>Brand Country: Viet nam<\/li>\n<li>Packing: Pack of 400g<\/li>\n<li>Note: Product packaging may change from batch to batch.<\/li>\n<\/ul>","protected":false},"featured_media":20975,"comment_status":"open","ping_status":"closed","template":"","meta":[],"product_brand":[],"product_cat":[127,31],"product_tag":[],"class_list":{"0":"post-10821","1":"product","2":"type-product","3":"status-publish","4":"has-post-thumbnail","6":"product_cat-bot-kho","7":"product_cat-hang-moi-ve","8":"pa_thuong-hieu-vinh-thuan","10":"first","11":"instock","12":"sale","13":"shipping-taxable","14":"purchasable","15":"product-type-simple"},"yoast_head":"<!-- This site is optimized with the Yoast SEO plugin v24.4 - https:\/\/yoast.com\/wordpress\/plugins\/seo\/ -->\n<title>B\u1ed9t b\u00e1nh ti\u00eau V\u0129nh Thu\u1eadn g\u00f3i 400g - TOLIO<\/title>\n<meta name=\"description\" content=\"Th\u01b0\u01a1ng hi\u1ec7u: V\u0129nh Thu\u1eadn  Xu\u1ea5t x\u1ee9 th\u01b0\u01a1ng hi\u1ec7u: Vi\u1ec7t Nam  Quy c\u00e1ch \u0111\u00f3ng g\u00f3i: G\u00f3i 400g  L\u01b0u \u00fd: Bao b\u00ec s\u1ea3n ph\u1ea9m c\u00f3 th\u1ec3 thay \u0111\u1ed5i theo t\u1eebng \u0111\u1ee3t nh\u1eadp h\u00e0ng.\" \/>\n<meta name=\"robots\" content=\"index, follow, max-snippet:-1, max-image-preview:large, max-video-preview:-1\" \/>\n<link rel=\"canonical\" href=\"https:\/\/tolio.co.nz\/en\/product\/vinh-thuan-banh-tieu-bot-order-400g-tolio\/\" \/>\n<meta property=\"og:locale\" content=\"en_US\" \/>\n<meta property=\"og:type\" content=\"article\" \/>\n<meta property=\"og:title\" content=\"B\u1ed9t b\u00e1nh ti\u00eau V\u0129nh Thu\u1eadn g\u00f3i 400g - TOLIO\" \/>\n<meta property=\"og:description\" content=\"Th\u01b0\u01a1ng hi\u1ec7u: V\u0129nh Thu\u1eadn  Xu\u1ea5t x\u1ee9 th\u01b0\u01a1ng hi\u1ec7u: Vi\u1ec7t Nam  Quy c\u00e1ch \u0111\u00f3ng g\u00f3i: G\u00f3i 400g  L\u01b0u \u00fd: Bao b\u00ec s\u1ea3n ph\u1ea9m c\u00f3 th\u1ec3 thay \u0111\u1ed5i theo t\u1eebng \u0111\u1ee3t nh\u1eadp h\u00e0ng.\" \/>\n<meta property=\"og:url\" content=\"https:\/\/tolio.co.nz\/en\/product\/vinh-thuan-banh-tieu-bot-order-400g-tolio\/\" \/>\n<meta property=\"og:site_name\" content=\"TOLIO\" \/>\n<meta property=\"article:modified_time\" content=\"2026-03-28T00:07:15+00:00\" \/>\n<meta property=\"og:image\" content=\"https:\/\/tolio.co.nz\/wp-content\/uploads\/2023\/08\/483.png\" \/>\n\t<meta property=\"og:image:width\" content=\"1000\" \/>\n\t<meta property=\"og:image:height\" content=\"907\" \/>\n\t<meta property=\"og:image:type\" content=\"image\/png\" \/>\n<meta name=\"twitter:card\" content=\"summary_large_image\" \/>\n<meta name=\"twitter:label1\" content=\"Est. reading time\" \/>\n\t<meta name=\"twitter:data1\" content=\"2 minutes\" \/>\n<script type=\"application\/ld+json\" class=\"yoast-schema-graph\">{\"@context\":\"https:\/\/schema.org\",\"@graph\":[{\"@type\":\"WebPage\",\"@id\":\"https:\/\/tolio.co.nz\/san-pham\/bot-banh-tieu-vinh-thuan-goi-400g-tolio\/\",\"url\":\"https:\/\/tolio.co.nz\/san-pham\/bot-banh-tieu-vinh-thuan-goi-400g-tolio\/\",\"name\":\"B\u1ed9t b\u00e1nh ti\u00eau V\u0129nh Thu\u1eadn g\u00f3i 400g - TOLIO\",\"isPartOf\":{\"@id\":\"https:\/\/tolio.co.nz\/#website\"},\"primaryImageOfPage\":{\"@id\":\"https:\/\/tolio.co.nz\/san-pham\/bot-banh-tieu-vinh-thuan-goi-400g-tolio\/#primaryimage\"},\"image\":{\"@id\":\"https:\/\/tolio.co.nz\/san-pham\/bot-banh-tieu-vinh-thuan-goi-400g-tolio\/#primaryimage\"},\"thumbnailUrl\":\"https:\/\/tolio.co.nz\/wp-content\/uploads\/2023\/08\/483.png\",\"datePublished\":\"2023-08-20T10:03:10+00:00\",\"dateModified\":\"2026-03-28T00:07:15+00:00\",\"description\":\"Th\u01b0\u01a1ng hi\u1ec7u: V\u0129nh Thu\u1eadn Xu\u1ea5t x\u1ee9 th\u01b0\u01a1ng hi\u1ec7u: Vi\u1ec7t Nam Quy c\u00e1ch \u0111\u00f3ng g\u00f3i: G\u00f3i 400g L\u01b0u \u00fd: Bao b\u00ec s\u1ea3n ph\u1ea9m c\u00f3 th\u1ec3 thay \u0111\u1ed5i theo t\u1eebng \u0111\u1ee3t nh\u1eadp h\u00e0ng.\",\"breadcrumb\":{\"@id\":\"https:\/\/tolio.co.nz\/san-pham\/bot-banh-tieu-vinh-thuan-goi-400g-tolio\/#breadcrumb\"},\"inLanguage\":\"en-US\",\"potentialAction\":[{\"@type\":\"ReadAction\",\"target\":[\"https:\/\/tolio.co.nz\/san-pham\/bot-banh-tieu-vinh-thuan-goi-400g-tolio\/\"]}]},{\"@type\":\"ImageObject\",\"inLanguage\":\"en-US\",\"@id\":\"https:\/\/tolio.co.nz\/san-pham\/bot-banh-tieu-vinh-thuan-goi-400g-tolio\/#primaryimage\",\"url\":\"https:\/\/tolio.co.nz\/wp-content\/uploads\/2023\/08\/483.png\",\"contentUrl\":\"https:\/\/tolio.co.nz\/wp-content\/uploads\/2023\/08\/483.png\",\"width\":1000,\"height\":907},{\"@type\":\"BreadcrumbList\",\"@id\":\"https:\/\/tolio.co.nz\/san-pham\/bot-banh-tieu-vinh-thuan-goi-400g-tolio\/#breadcrumb\",\"itemListElement\":[{\"@type\":\"ListItem\",\"position\":1,\"name\":\"Home\",\"item\":\"https:\/\/tolio.co.nz\/\"},{\"@type\":\"ListItem\",\"position\":2,\"name\":\"C\u1eeda h\u00e0ng\",\"item\":\"https:\/\/tolio.co.nz\/cua-hang\/\"},{\"@type\":\"ListItem\",\"position\":3,\"name\":\"B\u1ed9t b\u00e1nh ti\u00eau V\u0129nh Thu\u1eadn g\u00f3i 400g\"}]},{\"@type\":\"WebSite\",\"@id\":\"https:\/\/tolio.co.nz\/#website\",\"url\":\"https:\/\/tolio.co.nz\/\",\"name\":\"TOLIO\",\"description\":\"Vietnamese Grocery Online\",\"potentialAction\":[{\"@type\":\"SearchAction\",\"target\":{\"@type\":\"EntryPoint\",\"urlTemplate\":\"https:\/\/tolio.co.nz\/?s={search_term_string}\"},\"query-input\":{\"@type\":\"PropertyValueSpecification\",\"valueRequired\":true,\"valueName\":\"search_term_string\"}}],\"inLanguage\":\"en-US\"}]}<\/script>\n<!-- \/ Yoast SEO plugin. -->","yoast_head_json":{"title":"B\u1ed9t b\u00e1nh ti\u00eau V\u0129nh Thu\u1eadn g\u00f3i 400g - TOLIO","description":"Th\u01b0\u01a1ng hi\u1ec7u: V\u0129nh Thu\u1eadn  Xu\u1ea5t x\u1ee9 th\u01b0\u01a1ng hi\u1ec7u: Vi\u1ec7t Nam  Quy c\u00e1ch \u0111\u00f3ng g\u00f3i: G\u00f3i 400g  L\u01b0u \u00fd: Bao b\u00ec s\u1ea3n ph\u1ea9m c\u00f3 th\u1ec3 thay \u0111\u1ed5i theo t\u1eebng \u0111\u1ee3t nh\u1eadp h\u00e0ng.","robots":{"index":"index","follow":"follow","max-snippet":"max-snippet:-1","max-image-preview":"max-image-preview:large","max-video-preview":"max-video-preview:-1"},"canonical":"https:\/\/tolio.co.nz\/en\/product\/vinh-thuan-banh-tieu-bot-order-400g-tolio\/","og_locale":"en_US","og_type":"article","og_title":"B\u1ed9t b\u00e1nh ti\u00eau V\u0129nh Thu\u1eadn g\u00f3i 400g - TOLIO","og_description":"Th\u01b0\u01a1ng hi\u1ec7u: V\u0129nh Thu\u1eadn  Xu\u1ea5t x\u1ee9 th\u01b0\u01a1ng hi\u1ec7u: Vi\u1ec7t Nam  Quy c\u00e1ch \u0111\u00f3ng g\u00f3i: G\u00f3i 400g  L\u01b0u \u00fd: Bao b\u00ec s\u1ea3n ph\u1ea9m c\u00f3 th\u1ec3 thay \u0111\u1ed5i theo t\u1eebng \u0111\u1ee3t nh\u1eadp h\u00e0ng.","og_url":"https:\/\/tolio.co.nz\/en\/product\/vinh-thuan-banh-tieu-bot-order-400g-tolio\/","og_site_name":"TOLIO","article_modified_time":"2026-03-28T00:07:15+00:00","og_image":[{"width":1000,"height":907,"url":"https:\/\/tolio.co.nz\/wp-content\/uploads\/2023\/08\/483.png","type":"image\/png"}],"twitter_card":"summary_large_image","twitter_misc":{"Est. reading time":"2 minutes"},"schema":{"@context":"https:\/\/schema.org","@graph":[{"@type":"WebPage","@id":"https:\/\/tolio.co.nz\/san-pham\/bot-banh-tieu-vinh-thuan-goi-400g-tolio\/","url":"https:\/\/tolio.co.nz\/san-pham\/bot-banh-tieu-vinh-thuan-goi-400g-tolio\/","name":"B\u1ed9t b\u00e1nh ti\u00eau V\u0129nh Thu\u1eadn g\u00f3i 400g - TOLIO","isPartOf":{"@id":"https:\/\/tolio.co.nz\/#website"},"primaryImageOfPage":{"@id":"https:\/\/tolio.co.nz\/san-pham\/bot-banh-tieu-vinh-thuan-goi-400g-tolio\/#primaryimage"},"image":{"@id":"https:\/\/tolio.co.nz\/san-pham\/bot-banh-tieu-vinh-thuan-goi-400g-tolio\/#primaryimage"},"thumbnailUrl":"https:\/\/tolio.co.nz\/wp-content\/uploads\/2023\/08\/483.png","datePublished":"2023-08-20T10:03:10+00:00","dateModified":"2026-03-28T00:07:15+00:00","description":"Th\u01b0\u01a1ng hi\u1ec7u: V\u0129nh Thu\u1eadn Xu\u1ea5t x\u1ee9 th\u01b0\u01a1ng hi\u1ec7u: Vi\u1ec7t Nam Quy c\u00e1ch \u0111\u00f3ng g\u00f3i: G\u00f3i 400g L\u01b0u \u00fd: Bao b\u00ec s\u1ea3n ph\u1ea9m c\u00f3 th\u1ec3 thay \u0111\u1ed5i theo t\u1eebng \u0111\u1ee3t nh\u1eadp h\u00e0ng.","breadcrumb":{"@id":"https:\/\/tolio.co.nz\/san-pham\/bot-banh-tieu-vinh-thuan-goi-400g-tolio\/#breadcrumb"},"inLanguage":"en-US","potentialAction":[{"@type":"ReadAction","target":["https:\/\/tolio.co.nz\/san-pham\/bot-banh-tieu-vinh-thuan-goi-400g-tolio\/"]}]},{"@type":"ImageObject","inLanguage":"en-US","@id":"https:\/\/tolio.co.nz\/san-pham\/bot-banh-tieu-vinh-thuan-goi-400g-tolio\/#primaryimage","url":"https:\/\/tolio.co.nz\/wp-content\/uploads\/2023\/08\/483.png","contentUrl":"https:\/\/tolio.co.nz\/wp-content\/uploads\/2023\/08\/483.png","width":1000,"height":907},{"@type":"BreadcrumbList","@id":"https:\/\/tolio.co.nz\/san-pham\/bot-banh-tieu-vinh-thuan-goi-400g-tolio\/#breadcrumb","itemListElement":[{"@type":"ListItem","position":1,"name":"Home","item":"https:\/\/tolio.co.nz\/"},{"@type":"ListItem","position":2,"name":"C\u1eeda h\u00e0ng","item":"https:\/\/tolio.co.nz\/cua-hang\/"},{"@type":"ListItem","position":3,"name":"B\u1ed9t b\u00e1nh ti\u00eau V\u0129nh Thu\u1eadn g\u00f3i 400g"}]},{"@type":"WebSite","@id":"https:\/\/tolio.co.nz\/#website","url":"https:\/\/tolio.co.nz\/","name":"TOLIO","description":"Vietnamese Grocery Online","potentialAction":[{"@type":"SearchAction","target":{"@type":"EntryPoint","urlTemplate":"https:\/\/tolio.co.nz\/?s={search_term_string}"},"query-input":{"@type":"PropertyValueSpecification","valueRequired":true,"valueName":"search_term_string"}}],"inLanguage":"en-US"}]}},"_links":{"self":[{"href":"https:\/\/tolio.co.nz\/en\/wp-json\/wp\/v2\/product\/10821","targetHints":{"allow":["GET"]}}],"collection":[{"href":"https:\/\/tolio.co.nz\/en\/wp-json\/wp\/v2\/product"}],"about":[{"href":"https:\/\/tolio.co.nz\/en\/wp-json\/wp\/v2\/types\/product"}],"replies":[{"embeddable":true,"href":"https:\/\/tolio.co.nz\/en\/wp-json\/wp\/v2\/comments?post=10821"}],"wp:featuredmedia":[{"embeddable":true,"href":"https:\/\/tolio.co.nz\/en\/wp-json\/wp\/v2\/media\/20975"}],"wp:attachment":[{"href":"https:\/\/tolio.co.nz\/en\/wp-json\/wp\/v2\/media?parent=10821"}],"wp:term":[{"taxonomy":"product_brand","embeddable":true,"href":"https:\/\/tolio.co.nz\/en\/wp-json\/wp\/v2\/product_brand?post=10821"},{"taxonomy":"product_cat","embeddable":true,"href":"https:\/\/tolio.co.nz\/en\/wp-json\/wp\/v2\/product_cat?post=10821"},{"taxonomy":"product_tag","embeddable":true,"href":"https:\/\/tolio.co.nz\/en\/wp-json\/wp\/v2\/product_tag?post=10821"}],"curies":[{"name":"wp","href":"https:\/\/api.w.org\/{rel}","templated":true}]}}