{"id":10906,"date":"2023-08-21T17:30:56","date_gmt":"2023-08-21T04:45:56","guid":{"rendered":"https:\/\/tolio.co.nz\/?post_type=product&#038;p=10906"},"modified":"2026-04-10T20:11:19","modified_gmt":"2026-04-10T08:11:19","slug":"tac-hat-dac","status":"publish","type":"product","link":"https:\/\/tolio.co.nz\/en\/product\/tac-hat-dac\/","title":{"rendered":"Cauliflower seeds steamed with rock sugar Tan Loc 900g jar"},"content":{"rendered":"<p><strong>Cauliflower seeds steamed with rock sugar Tan Loc 900g jar<\/strong><\/p>\n<ul>\n<li>Comparative form; The fibrous kumquat seeds are soft and crunchy.<\/li>\n<li>Characteristic yellow brown to dark brown color of the product<\/li>\n<li>Characteristic aroma of the product, no strange smell.<\/li>\n<li>Sweet, salty, slightly sour flavors blend together, the product&#039;s characteristic light taste, without any strange taste.<\/li>\n<\/ul>\n<p><strong>How to Use:<\/strong><\/p>\n<ul>\n<li style=\"font-weight: 400\"><span style=\"font-size: medium\">Drink cold: Use mixed with ice to make a refreshing drink.<\/span><\/li>\n<li style=\"font-weight: 400\"><span style=\"font-size: medium\">Can be mixed with other drinks.<\/span><\/li>\n<li style=\"font-weight: 400\"><span style=\"font-size: medium\">Use a clean spoon when using.<\/span><\/li>\n<li style=\"font-weight: 400\"><span style=\"font-size: medium\">Warning information: Do not use expired products.<\/span><\/li>\n<\/ul>\n<p><strong>Preserve:<\/strong><\/p>\n<ul>\n<li>Keep in a dry, cool place, avoid direct sunlight. Refrigeration is better.<\/li>\n<\/ul>\n<p><strong>Expiry: <\/strong>12 months from date of manufacture<\/p>","protected":false},"excerpt":{"rendered":"<ul>\n<li>Brand: Tan Loc<\/li>\n<li>Brand Country: Viet nam<\/li>\n<li>Packaging: 900g jar<\/li>\n<li>Note: Product packaging may change from batch to batch<\/li>\n<\/ul>","protected":false},"featured_media":23037,"comment_status":"open","ping_status":"closed","template":"","meta":[],"product_brand":[],"product_cat":[35,31],"product_tag":[],"class_list":{"0":"post-10906","1":"product","2":"type-product","3":"status-publish","4":"has-post-thumbnail","6":"product_cat-banh-keo","7":"product_cat-hang-moi-ve","8":"pa_thuong-hieu-tan-loc","10":"first","11":"instock","12":"shipping-taxable","13":"purchasable","14":"product-type-simple"},"yoast_head":"<!-- This site is optimized with the Yoast SEO plugin v24.4 - https:\/\/yoast.com\/wordpress\/plugins\/seo\/ -->\n<title>T\u1eafc h\u1ea1t \u0111\u00e1c ch\u01b0ng \u0111\u01b0\u1eddng ph\u00e8n T\u1ea5n L\u1ed9c h\u0169 900g - TOLIO<\/title>\n<meta name=\"description\" content=\"Th\u01b0\u01a1ng hi\u1ec7u: T\u1ea5n L\u1ed9c  Xu\u1ea5t x\u1ee9 th\u01b0\u01a1ng hi\u1ec7u: Vi\u1ec7t Nam  Quy c\u00e1ch \u0111\u00f3ng g\u00f3i: H\u0169 900g  L\u01b0u \u00fd: Bao b\u00ec s\u1ea3n ph\u1ea9m c\u00f3 th\u1ec3 thay \u0111\u1ed5i theo t\u1eebng \u0111\u1ee3t nh\u1eadp h\u00e0ng\" \/>\n<meta name=\"robots\" content=\"index, follow, max-snippet:-1, max-image-preview:large, max-video-preview:-1\" \/>\n<link rel=\"canonical\" href=\"https:\/\/tolio.co.nz\/en\/product\/tac-hat-dac\/\" \/>\n<meta property=\"og:locale\" content=\"en_US\" \/>\n<meta property=\"og:type\" content=\"article\" \/>\n<meta property=\"og:title\" content=\"T\u1eafc h\u1ea1t \u0111\u00e1c ch\u01b0ng \u0111\u01b0\u1eddng ph\u00e8n T\u1ea5n L\u1ed9c h\u0169 900g - TOLIO\" \/>\n<meta property=\"og:description\" content=\"Th\u01b0\u01a1ng hi\u1ec7u: T\u1ea5n L\u1ed9c  Xu\u1ea5t x\u1ee9 th\u01b0\u01a1ng hi\u1ec7u: Vi\u1ec7t Nam  Quy c\u00e1ch \u0111\u00f3ng g\u00f3i: H\u0169 900g  L\u01b0u \u00fd: Bao b\u00ec s\u1ea3n ph\u1ea9m c\u00f3 th\u1ec3 thay \u0111\u1ed5i theo t\u1eebng \u0111\u1ee3t nh\u1eadp h\u00e0ng\" \/>\n<meta property=\"og:url\" content=\"https:\/\/tolio.co.nz\/en\/product\/tac-hat-dac\/\" \/>\n<meta property=\"og:site_name\" content=\"TOLIO\" \/>\n<meta property=\"article:modified_time\" content=\"2026-04-10T08:11:19+00:00\" \/>\n<meta property=\"og:image\" content=\"https:\/\/tolio.co.nz\/wp-content\/uploads\/2023\/08\/34.png\" \/>\n\t<meta property=\"og:image:width\" content=\"1000\" \/>\n\t<meta property=\"og:image:height\" content=\"907\" \/>\n\t<meta property=\"og:image:type\" content=\"image\/png\" \/>\n<meta name=\"twitter:card\" content=\"summary_large_image\" \/>\n<meta name=\"twitter:label1\" content=\"Est. reading time\" \/>\n\t<meta name=\"twitter:data1\" content=\"1 minute\" \/>\n<script type=\"application\/ld+json\" class=\"yoast-schema-graph\">{\"@context\":\"https:\/\/schema.org\",\"@graph\":[{\"@type\":\"WebPage\",\"@id\":\"https:\/\/tolio.co.nz\/san-pham\/tac-hat-dac\/\",\"url\":\"https:\/\/tolio.co.nz\/san-pham\/tac-hat-dac\/\",\"name\":\"T\u1eafc h\u1ea1t \u0111\u00e1c ch\u01b0ng \u0111\u01b0\u1eddng ph\u00e8n T\u1ea5n L\u1ed9c h\u0169 900g - TOLIO\",\"isPartOf\":{\"@id\":\"https:\/\/tolio.co.nz\/#website\"},\"primaryImageOfPage\":{\"@id\":\"https:\/\/tolio.co.nz\/san-pham\/tac-hat-dac\/#primaryimage\"},\"image\":{\"@id\":\"https:\/\/tolio.co.nz\/san-pham\/tac-hat-dac\/#primaryimage\"},\"thumbnailUrl\":\"https:\/\/tolio.co.nz\/wp-content\/uploads\/2023\/08\/34.png\",\"datePublished\":\"2023-08-21T04:45:56+00:00\",\"dateModified\":\"2026-04-10T08:11:19+00:00\",\"description\":\"Th\u01b0\u01a1ng hi\u1ec7u: T\u1ea5n L\u1ed9c Xu\u1ea5t x\u1ee9 th\u01b0\u01a1ng hi\u1ec7u: Vi\u1ec7t Nam Quy c\u00e1ch \u0111\u00f3ng g\u00f3i: H\u0169 900g L\u01b0u \u00fd: Bao b\u00ec s\u1ea3n ph\u1ea9m c\u00f3 th\u1ec3 thay \u0111\u1ed5i theo t\u1eebng \u0111\u1ee3t nh\u1eadp h\u00e0ng\",\"breadcrumb\":{\"@id\":\"https:\/\/tolio.co.nz\/san-pham\/tac-hat-dac\/#breadcrumb\"},\"inLanguage\":\"en-US\",\"potentialAction\":[{\"@type\":\"ReadAction\",\"target\":[\"https:\/\/tolio.co.nz\/san-pham\/tac-hat-dac\/\"]}]},{\"@type\":\"ImageObject\",\"inLanguage\":\"en-US\",\"@id\":\"https:\/\/tolio.co.nz\/san-pham\/tac-hat-dac\/#primaryimage\",\"url\":\"https:\/\/tolio.co.nz\/wp-content\/uploads\/2023\/08\/34.png\",\"contentUrl\":\"https:\/\/tolio.co.nz\/wp-content\/uploads\/2023\/08\/34.png\",\"width\":1000,\"height\":907},{\"@type\":\"BreadcrumbList\",\"@id\":\"https:\/\/tolio.co.nz\/san-pham\/tac-hat-dac\/#breadcrumb\",\"itemListElement\":[{\"@type\":\"ListItem\",\"position\":1,\"name\":\"Home\",\"item\":\"https:\/\/tolio.co.nz\/\"},{\"@type\":\"ListItem\",\"position\":2,\"name\":\"C\u1eeda h\u00e0ng\",\"item\":\"https:\/\/tolio.co.nz\/cua-hang\/\"},{\"@type\":\"ListItem\",\"position\":3,\"name\":\"T\u1eafc h\u1ea1t \u0111\u00e1c ch\u01b0ng \u0111\u01b0\u1eddng ph\u00e8n T\u1ea5n L\u1ed9c h\u0169 900g\"}]},{\"@type\":\"WebSite\",\"@id\":\"https:\/\/tolio.co.nz\/#website\",\"url\":\"https:\/\/tolio.co.nz\/\",\"name\":\"TOLIO\",\"description\":\"Vietnamese Grocery Online\",\"potentialAction\":[{\"@type\":\"SearchAction\",\"target\":{\"@type\":\"EntryPoint\",\"urlTemplate\":\"https:\/\/tolio.co.nz\/?s={search_term_string}\"},\"query-input\":{\"@type\":\"PropertyValueSpecification\",\"valueRequired\":true,\"valueName\":\"search_term_string\"}}],\"inLanguage\":\"en-US\"}]}<\/script>\n<!-- \/ Yoast SEO plugin. -->","yoast_head_json":{"title":"T\u1eafc h\u1ea1t \u0111\u00e1c ch\u01b0ng \u0111\u01b0\u1eddng ph\u00e8n T\u1ea5n L\u1ed9c h\u0169 900g - TOLIO","description":"Th\u01b0\u01a1ng hi\u1ec7u: T\u1ea5n L\u1ed9c  Xu\u1ea5t x\u1ee9 th\u01b0\u01a1ng hi\u1ec7u: Vi\u1ec7t Nam  Quy c\u00e1ch \u0111\u00f3ng g\u00f3i: H\u0169 900g  L\u01b0u \u00fd: Bao b\u00ec s\u1ea3n ph\u1ea9m c\u00f3 th\u1ec3 thay \u0111\u1ed5i theo t\u1eebng \u0111\u1ee3t nh\u1eadp h\u00e0ng","robots":{"index":"index","follow":"follow","max-snippet":"max-snippet:-1","max-image-preview":"max-image-preview:large","max-video-preview":"max-video-preview:-1"},"canonical":"https:\/\/tolio.co.nz\/en\/product\/tac-hat-dac\/","og_locale":"en_US","og_type":"article","og_title":"T\u1eafc h\u1ea1t \u0111\u00e1c ch\u01b0ng \u0111\u01b0\u1eddng ph\u00e8n T\u1ea5n L\u1ed9c h\u0169 900g - TOLIO","og_description":"Th\u01b0\u01a1ng hi\u1ec7u: T\u1ea5n L\u1ed9c  Xu\u1ea5t x\u1ee9 th\u01b0\u01a1ng hi\u1ec7u: Vi\u1ec7t Nam  Quy c\u00e1ch \u0111\u00f3ng g\u00f3i: H\u0169 900g  L\u01b0u \u00fd: Bao b\u00ec s\u1ea3n ph\u1ea9m c\u00f3 th\u1ec3 thay \u0111\u1ed5i theo t\u1eebng \u0111\u1ee3t nh\u1eadp h\u00e0ng","og_url":"https:\/\/tolio.co.nz\/en\/product\/tac-hat-dac\/","og_site_name":"TOLIO","article_modified_time":"2026-04-10T08:11:19+00:00","og_image":[{"width":1000,"height":907,"url":"https:\/\/tolio.co.nz\/wp-content\/uploads\/2023\/08\/34.png","type":"image\/png"}],"twitter_card":"summary_large_image","twitter_misc":{"Est. reading time":"1 minute"},"schema":{"@context":"https:\/\/schema.org","@graph":[{"@type":"WebPage","@id":"https:\/\/tolio.co.nz\/san-pham\/tac-hat-dac\/","url":"https:\/\/tolio.co.nz\/san-pham\/tac-hat-dac\/","name":"T\u1eafc h\u1ea1t \u0111\u00e1c ch\u01b0ng \u0111\u01b0\u1eddng ph\u00e8n T\u1ea5n L\u1ed9c h\u0169 900g - TOLIO","isPartOf":{"@id":"https:\/\/tolio.co.nz\/#website"},"primaryImageOfPage":{"@id":"https:\/\/tolio.co.nz\/san-pham\/tac-hat-dac\/#primaryimage"},"image":{"@id":"https:\/\/tolio.co.nz\/san-pham\/tac-hat-dac\/#primaryimage"},"thumbnailUrl":"https:\/\/tolio.co.nz\/wp-content\/uploads\/2023\/08\/34.png","datePublished":"2023-08-21T04:45:56+00:00","dateModified":"2026-04-10T08:11:19+00:00","description":"Th\u01b0\u01a1ng hi\u1ec7u: T\u1ea5n L\u1ed9c Xu\u1ea5t x\u1ee9 th\u01b0\u01a1ng hi\u1ec7u: Vi\u1ec7t Nam Quy c\u00e1ch \u0111\u00f3ng g\u00f3i: H\u0169 900g L\u01b0u \u00fd: Bao b\u00ec s\u1ea3n ph\u1ea9m c\u00f3 th\u1ec3 thay \u0111\u1ed5i theo t\u1eebng \u0111\u1ee3t nh\u1eadp h\u00e0ng","breadcrumb":{"@id":"https:\/\/tolio.co.nz\/san-pham\/tac-hat-dac\/#breadcrumb"},"inLanguage":"en-US","potentialAction":[{"@type":"ReadAction","target":["https:\/\/tolio.co.nz\/san-pham\/tac-hat-dac\/"]}]},{"@type":"ImageObject","inLanguage":"en-US","@id":"https:\/\/tolio.co.nz\/san-pham\/tac-hat-dac\/#primaryimage","url":"https:\/\/tolio.co.nz\/wp-content\/uploads\/2023\/08\/34.png","contentUrl":"https:\/\/tolio.co.nz\/wp-content\/uploads\/2023\/08\/34.png","width":1000,"height":907},{"@type":"BreadcrumbList","@id":"https:\/\/tolio.co.nz\/san-pham\/tac-hat-dac\/#breadcrumb","itemListElement":[{"@type":"ListItem","position":1,"name":"Home","item":"https:\/\/tolio.co.nz\/"},{"@type":"ListItem","position":2,"name":"C\u1eeda h\u00e0ng","item":"https:\/\/tolio.co.nz\/cua-hang\/"},{"@type":"ListItem","position":3,"name":"T\u1eafc h\u1ea1t \u0111\u00e1c ch\u01b0ng \u0111\u01b0\u1eddng ph\u00e8n T\u1ea5n L\u1ed9c h\u0169 900g"}]},{"@type":"WebSite","@id":"https:\/\/tolio.co.nz\/#website","url":"https:\/\/tolio.co.nz\/","name":"TOLIO","description":"Vietnamese Grocery Online","potentialAction":[{"@type":"SearchAction","target":{"@type":"EntryPoint","urlTemplate":"https:\/\/tolio.co.nz\/?s={search_term_string}"},"query-input":{"@type":"PropertyValueSpecification","valueRequired":true,"valueName":"search_term_string"}}],"inLanguage":"en-US"}]}},"_links":{"self":[{"href":"https:\/\/tolio.co.nz\/en\/wp-json\/wp\/v2\/product\/10906","targetHints":{"allow":["GET"]}}],"collection":[{"href":"https:\/\/tolio.co.nz\/en\/wp-json\/wp\/v2\/product"}],"about":[{"href":"https:\/\/tolio.co.nz\/en\/wp-json\/wp\/v2\/types\/product"}],"replies":[{"embeddable":true,"href":"https:\/\/tolio.co.nz\/en\/wp-json\/wp\/v2\/comments?post=10906"}],"wp:featuredmedia":[{"embeddable":true,"href":"https:\/\/tolio.co.nz\/en\/wp-json\/wp\/v2\/media\/23037"}],"wp:attachment":[{"href":"https:\/\/tolio.co.nz\/en\/wp-json\/wp\/v2\/media?parent=10906"}],"wp:term":[{"taxonomy":"product_brand","embeddable":true,"href":"https:\/\/tolio.co.nz\/en\/wp-json\/wp\/v2\/product_brand?post=10906"},{"taxonomy":"product_cat","embeddable":true,"href":"https:\/\/tolio.co.nz\/en\/wp-json\/wp\/v2\/product_cat?post=10906"},{"taxonomy":"product_tag","embeddable":true,"href":"https:\/\/tolio.co.nz\/en\/wp-json\/wp\/v2\/product_tag?post=10906"}],"curies":[{"name":"wp","href":"https:\/\/api.w.org\/{rel}","templated":true}]}}