{"id":1108,"date":"2022-01-02T15:31:00","date_gmt":"2022-01-02T02:46:00","guid":{"rendered":"https:\/\/tolio2.sitebycat.com\/?post_type=product&#038;p=1108"},"modified":"2026-03-29T13:49:48","modified_gmt":"2026-03-29T01:49:48","slug":"loc-6-lon-tra-bi-dao-wonderfarm-lon-310ml","status":"publish","type":"product","link":"https:\/\/tolio.co.nz\/en\/product\/loc-6-cans-of-wonderfarm-marble-knife-310ml-can\/","title":{"rendered":"Set of Cans of Wonderfarm Winter Melon Tea 6 x 310ml"},"content":{"rendered":"<p><strong><span class=\"fontstyle0\">Set of Cans of Wonderfarm Winter Melon Tea 6 x 310ml<\/span> <\/strong>Made from fresh squash, produced on modern production lines, keeping the full flavor of delicious squash.<\/p>\n<ul>\n<li>The product has a moderate sweet taste, a cool aroma, a typical taste of squash, and has a very good cooling effect, purifying the body, and rehydrating.<\/li>\n<li>Wonderfarm tea beverage brand is a brand of cool beverage processing made from natural agricultural products that are good for health.<\/li>\n<\/ul>\n<p><strong>How to Use:<\/strong><\/p>\n<ul>\n<li>Drink it directly<\/li>\n<li>More delicious cold drink.<\/li>\n<\/ul>\n<p><strong>Preserve:<\/strong><\/p>\n<ul>\n<li>To a dry, cool place.<\/li>\n<li>Avoid direct sunlight or high temperature places.<\/li>\n<\/ul>\n<p>&nbsp;<\/p>\n<p>&nbsp;<\/p>","protected":false},"excerpt":{"rendered":"<ul>\n<li>Brand: Wonderfarm<\/li>\n<li>Made in Vietnam<\/li>\n<li>Packing: Can 310<span class=\"fontstyle0\">ml<\/span>, 6 cans\/lot, 24 cans\/carton<\/li>\n<li>Note: Product packaging may change from batch to batch<\/li>\n<\/ul>","protected":false},"featured_media":20934,"comment_status":"open","ping_status":"closed","template":"","meta":[],"product_brand":[],"product_cat":[34,40],"product_tag":[78,95,89],"class_list":{"0":"post-1108","1":"product","2":"type-product","3":"status-publish","4":"has-post-thumbnail","6":"product_cat-thuc-uong","7":"product_cat-thuc-uong-khong-con","8":"product_tag-nuoc-ngot","9":"product_tag-tra-bi-dao","10":"product_tag-tra-thanh-loc","11":"pa_thuong-hieu-wonderfarm","13":"first","14":"instock","15":"sale","16":"shipping-taxable","17":"purchasable","18":"product-type-simple"},"yoast_head":"<!-- This site is optimized with the Yoast SEO plugin v24.4 - https:\/\/yoast.com\/wordpress\/plugins\/seo\/ -->\n<title>L\u1ed1c 6 lon Tr\u00e0 b\u00ed \u0111ao Wonderfarm lon 310ml - TOLIO<\/title>\n<meta name=\"description\" content=\"Th\u01b0\u01a1ng hi\u1ec7u: Wonderfarm  S\u1ea3n xu\u1ea5t t\u1ea1i: Vi\u1ec7t Nam  Quy c\u00e1ch \u0111\u00f3ng g\u00f3i: Lon 310ml, 6 lon\/l\u1ed1c, 24 lon\/th\u00f9ng  L\u01b0u \u00fd: Bao b\u00ec s\u1ea3n ph\u1ea9m c\u00f3 th\u1ec3 thay \u0111\u1ed5i theo t\u1eebng \u0111\u1ee3t nh\u1eadp h\u00e0ng\" \/>\n<meta name=\"robots\" content=\"index, follow, max-snippet:-1, max-image-preview:large, max-video-preview:-1\" \/>\n<link rel=\"canonical\" href=\"https:\/\/tolio.co.nz\/en\/product\/loc-6-cans-of-wonderfarm-marble-knife-310ml-can\/\" \/>\n<meta property=\"og:locale\" content=\"en_US\" \/>\n<meta property=\"og:type\" content=\"article\" \/>\n<meta property=\"og:title\" content=\"L\u1ed1c 6 lon Tr\u00e0 b\u00ed \u0111ao Wonderfarm lon 310ml - TOLIO\" \/>\n<meta property=\"og:description\" content=\"Th\u01b0\u01a1ng hi\u1ec7u: Wonderfarm  S\u1ea3n xu\u1ea5t t\u1ea1i: Vi\u1ec7t Nam  Quy c\u00e1ch \u0111\u00f3ng g\u00f3i: Lon 310ml, 6 lon\/l\u1ed1c, 24 lon\/th\u00f9ng  L\u01b0u \u00fd: Bao b\u00ec s\u1ea3n ph\u1ea9m c\u00f3 th\u1ec3 thay \u0111\u1ed5i theo t\u1eebng \u0111\u1ee3t nh\u1eadp h\u00e0ng\" \/>\n<meta property=\"og:url\" content=\"https:\/\/tolio.co.nz\/en\/product\/loc-6-cans-of-wonderfarm-marble-knife-310ml-can\/\" \/>\n<meta property=\"og:site_name\" content=\"TOLIO\" \/>\n<meta property=\"article:modified_time\" content=\"2026-03-29T01:49:48+00:00\" \/>\n<meta property=\"og:image\" content=\"https:\/\/tolio.co.nz\/wp-content\/uploads\/2022\/01\/437.png\" \/>\n\t<meta property=\"og:image:width\" content=\"1000\" \/>\n\t<meta property=\"og:image:height\" content=\"907\" \/>\n\t<meta property=\"og:image:type\" content=\"image\/png\" \/>\n<meta name=\"twitter:card\" content=\"summary_large_image\" \/>\n<meta name=\"twitter:label1\" content=\"Est. reading time\" \/>\n\t<meta name=\"twitter:data1\" content=\"1 minute\" \/>\n<script type=\"application\/ld+json\" class=\"yoast-schema-graph\">{\"@context\":\"https:\/\/schema.org\",\"@graph\":[{\"@type\":\"WebPage\",\"@id\":\"https:\/\/tolio.co.nz\/san-pham\/loc-6-lon-tra-bi-dao-wonderfarm-lon-310ml\/\",\"url\":\"https:\/\/tolio.co.nz\/san-pham\/loc-6-lon-tra-bi-dao-wonderfarm-lon-310ml\/\",\"name\":\"L\u1ed1c 6 lon Tr\u00e0 b\u00ed \u0111ao Wonderfarm lon 310ml - TOLIO\",\"isPartOf\":{\"@id\":\"https:\/\/tolio.co.nz\/#website\"},\"primaryImageOfPage\":{\"@id\":\"https:\/\/tolio.co.nz\/san-pham\/loc-6-lon-tra-bi-dao-wonderfarm-lon-310ml\/#primaryimage\"},\"image\":{\"@id\":\"https:\/\/tolio.co.nz\/san-pham\/loc-6-lon-tra-bi-dao-wonderfarm-lon-310ml\/#primaryimage\"},\"thumbnailUrl\":\"https:\/\/tolio.co.nz\/wp-content\/uploads\/2022\/01\/437.png\",\"datePublished\":\"2022-01-02T02:46:00+00:00\",\"dateModified\":\"2026-03-29T01:49:48+00:00\",\"description\":\"Th\u01b0\u01a1ng hi\u1ec7u: Wonderfarm S\u1ea3n xu\u1ea5t t\u1ea1i: Vi\u1ec7t Nam Quy c\u00e1ch \u0111\u00f3ng g\u00f3i: Lon 310ml, 6 lon\/l\u1ed1c, 24 lon\/th\u00f9ng L\u01b0u \u00fd: Bao b\u00ec s\u1ea3n ph\u1ea9m c\u00f3 th\u1ec3 thay \u0111\u1ed5i theo t\u1eebng \u0111\u1ee3t nh\u1eadp h\u00e0ng\",\"breadcrumb\":{\"@id\":\"https:\/\/tolio.co.nz\/san-pham\/loc-6-lon-tra-bi-dao-wonderfarm-lon-310ml\/#breadcrumb\"},\"inLanguage\":\"en-US\",\"potentialAction\":[{\"@type\":\"ReadAction\",\"target\":[\"https:\/\/tolio.co.nz\/san-pham\/loc-6-lon-tra-bi-dao-wonderfarm-lon-310ml\/\"]}]},{\"@type\":\"ImageObject\",\"inLanguage\":\"en-US\",\"@id\":\"https:\/\/tolio.co.nz\/san-pham\/loc-6-lon-tra-bi-dao-wonderfarm-lon-310ml\/#primaryimage\",\"url\":\"https:\/\/tolio.co.nz\/wp-content\/uploads\/2022\/01\/437.png\",\"contentUrl\":\"https:\/\/tolio.co.nz\/wp-content\/uploads\/2022\/01\/437.png\",\"width\":1000,\"height\":907},{\"@type\":\"BreadcrumbList\",\"@id\":\"https:\/\/tolio.co.nz\/san-pham\/loc-6-lon-tra-bi-dao-wonderfarm-lon-310ml\/#breadcrumb\",\"itemListElement\":[{\"@type\":\"ListItem\",\"position\":1,\"name\":\"Home\",\"item\":\"https:\/\/tolio.co.nz\/\"},{\"@type\":\"ListItem\",\"position\":2,\"name\":\"C\u1eeda h\u00e0ng\",\"item\":\"https:\/\/tolio.co.nz\/cua-hang\/\"},{\"@type\":\"ListItem\",\"position\":3,\"name\":\"L\u1ed1c 6 lon Tr\u00e0 b\u00ed \u0111ao Wonderfarm lon 310ml\"}]},{\"@type\":\"WebSite\",\"@id\":\"https:\/\/tolio.co.nz\/#website\",\"url\":\"https:\/\/tolio.co.nz\/\",\"name\":\"TOLIO\",\"description\":\"Vietnamese Grocery Online\",\"potentialAction\":[{\"@type\":\"SearchAction\",\"target\":{\"@type\":\"EntryPoint\",\"urlTemplate\":\"https:\/\/tolio.co.nz\/?s={search_term_string}\"},\"query-input\":{\"@type\":\"PropertyValueSpecification\",\"valueRequired\":true,\"valueName\":\"search_term_string\"}}],\"inLanguage\":\"en-US\"}]}<\/script>\n<!-- \/ Yoast SEO plugin. -->","yoast_head_json":{"title":"L\u1ed1c 6 lon Tr\u00e0 b\u00ed \u0111ao Wonderfarm lon 310ml - TOLIO","description":"Th\u01b0\u01a1ng hi\u1ec7u: Wonderfarm  S\u1ea3n xu\u1ea5t t\u1ea1i: Vi\u1ec7t Nam  Quy c\u00e1ch \u0111\u00f3ng g\u00f3i: Lon 310ml, 6 lon\/l\u1ed1c, 24 lon\/th\u00f9ng  L\u01b0u \u00fd: Bao b\u00ec s\u1ea3n ph\u1ea9m c\u00f3 th\u1ec3 thay \u0111\u1ed5i theo t\u1eebng \u0111\u1ee3t nh\u1eadp h\u00e0ng","robots":{"index":"index","follow":"follow","max-snippet":"max-snippet:-1","max-image-preview":"max-image-preview:large","max-video-preview":"max-video-preview:-1"},"canonical":"https:\/\/tolio.co.nz\/en\/product\/loc-6-cans-of-wonderfarm-marble-knife-310ml-can\/","og_locale":"en_US","og_type":"article","og_title":"L\u1ed1c 6 lon Tr\u00e0 b\u00ed \u0111ao Wonderfarm lon 310ml - TOLIO","og_description":"Th\u01b0\u01a1ng hi\u1ec7u: Wonderfarm  S\u1ea3n xu\u1ea5t t\u1ea1i: Vi\u1ec7t Nam  Quy c\u00e1ch \u0111\u00f3ng g\u00f3i: Lon 310ml, 6 lon\/l\u1ed1c, 24 lon\/th\u00f9ng  L\u01b0u \u00fd: Bao b\u00ec s\u1ea3n ph\u1ea9m c\u00f3 th\u1ec3 thay \u0111\u1ed5i theo t\u1eebng \u0111\u1ee3t nh\u1eadp h\u00e0ng","og_url":"https:\/\/tolio.co.nz\/en\/product\/loc-6-cans-of-wonderfarm-marble-knife-310ml-can\/","og_site_name":"TOLIO","article_modified_time":"2026-03-29T01:49:48+00:00","og_image":[{"width":1000,"height":907,"url":"https:\/\/tolio.co.nz\/wp-content\/uploads\/2022\/01\/437.png","type":"image\/png"}],"twitter_card":"summary_large_image","twitter_misc":{"Est. reading time":"1 minute"},"schema":{"@context":"https:\/\/schema.org","@graph":[{"@type":"WebPage","@id":"https:\/\/tolio.co.nz\/san-pham\/loc-6-lon-tra-bi-dao-wonderfarm-lon-310ml\/","url":"https:\/\/tolio.co.nz\/san-pham\/loc-6-lon-tra-bi-dao-wonderfarm-lon-310ml\/","name":"L\u1ed1c 6 lon Tr\u00e0 b\u00ed \u0111ao Wonderfarm lon 310ml - TOLIO","isPartOf":{"@id":"https:\/\/tolio.co.nz\/#website"},"primaryImageOfPage":{"@id":"https:\/\/tolio.co.nz\/san-pham\/loc-6-lon-tra-bi-dao-wonderfarm-lon-310ml\/#primaryimage"},"image":{"@id":"https:\/\/tolio.co.nz\/san-pham\/loc-6-lon-tra-bi-dao-wonderfarm-lon-310ml\/#primaryimage"},"thumbnailUrl":"https:\/\/tolio.co.nz\/wp-content\/uploads\/2022\/01\/437.png","datePublished":"2022-01-02T02:46:00+00:00","dateModified":"2026-03-29T01:49:48+00:00","description":"Th\u01b0\u01a1ng hi\u1ec7u: Wonderfarm S\u1ea3n xu\u1ea5t t\u1ea1i: Vi\u1ec7t Nam Quy c\u00e1ch \u0111\u00f3ng g\u00f3i: Lon 310ml, 6 lon\/l\u1ed1c, 24 lon\/th\u00f9ng L\u01b0u \u00fd: Bao b\u00ec s\u1ea3n ph\u1ea9m c\u00f3 th\u1ec3 thay \u0111\u1ed5i theo t\u1eebng \u0111\u1ee3t nh\u1eadp h\u00e0ng","breadcrumb":{"@id":"https:\/\/tolio.co.nz\/san-pham\/loc-6-lon-tra-bi-dao-wonderfarm-lon-310ml\/#breadcrumb"},"inLanguage":"en-US","potentialAction":[{"@type":"ReadAction","target":["https:\/\/tolio.co.nz\/san-pham\/loc-6-lon-tra-bi-dao-wonderfarm-lon-310ml\/"]}]},{"@type":"ImageObject","inLanguage":"en-US","@id":"https:\/\/tolio.co.nz\/san-pham\/loc-6-lon-tra-bi-dao-wonderfarm-lon-310ml\/#primaryimage","url":"https:\/\/tolio.co.nz\/wp-content\/uploads\/2022\/01\/437.png","contentUrl":"https:\/\/tolio.co.nz\/wp-content\/uploads\/2022\/01\/437.png","width":1000,"height":907},{"@type":"BreadcrumbList","@id":"https:\/\/tolio.co.nz\/san-pham\/loc-6-lon-tra-bi-dao-wonderfarm-lon-310ml\/#breadcrumb","itemListElement":[{"@type":"ListItem","position":1,"name":"Home","item":"https:\/\/tolio.co.nz\/"},{"@type":"ListItem","position":2,"name":"C\u1eeda h\u00e0ng","item":"https:\/\/tolio.co.nz\/cua-hang\/"},{"@type":"ListItem","position":3,"name":"L\u1ed1c 6 lon Tr\u00e0 b\u00ed \u0111ao Wonderfarm lon 310ml"}]},{"@type":"WebSite","@id":"https:\/\/tolio.co.nz\/#website","url":"https:\/\/tolio.co.nz\/","name":"TOLIO","description":"Vietnamese Grocery Online","potentialAction":[{"@type":"SearchAction","target":{"@type":"EntryPoint","urlTemplate":"https:\/\/tolio.co.nz\/?s={search_term_string}"},"query-input":{"@type":"PropertyValueSpecification","valueRequired":true,"valueName":"search_term_string"}}],"inLanguage":"en-US"}]}},"_links":{"self":[{"href":"https:\/\/tolio.co.nz\/en\/wp-json\/wp\/v2\/product\/1108","targetHints":{"allow":["GET"]}}],"collection":[{"href":"https:\/\/tolio.co.nz\/en\/wp-json\/wp\/v2\/product"}],"about":[{"href":"https:\/\/tolio.co.nz\/en\/wp-json\/wp\/v2\/types\/product"}],"replies":[{"embeddable":true,"href":"https:\/\/tolio.co.nz\/en\/wp-json\/wp\/v2\/comments?post=1108"}],"wp:featuredmedia":[{"embeddable":true,"href":"https:\/\/tolio.co.nz\/en\/wp-json\/wp\/v2\/media\/20934"}],"wp:attachment":[{"href":"https:\/\/tolio.co.nz\/en\/wp-json\/wp\/v2\/media?parent=1108"}],"wp:term":[{"taxonomy":"product_brand","embeddable":true,"href":"https:\/\/tolio.co.nz\/en\/wp-json\/wp\/v2\/product_brand?post=1108"},{"taxonomy":"product_cat","embeddable":true,"href":"https:\/\/tolio.co.nz\/en\/wp-json\/wp\/v2\/product_cat?post=1108"},{"taxonomy":"product_tag","embeddable":true,"href":"https:\/\/tolio.co.nz\/en\/wp-json\/wp\/v2\/product_tag?post=1108"}],"curies":[{"name":"wp","href":"https:\/\/api.w.org\/{rel}","templated":true}]}}