{"id":11420,"date":"2023-09-23T17:19:23","date_gmt":"2023-09-23T04:34:23","guid":{"rendered":"https:\/\/tolio.co.nz\/?post_type=product&#038;p=11420"},"modified":"2026-04-06T13:53:21","modified_gmt":"2026-04-06T01:53:21","slug":"set-6-goi-pho-tron-de-nhat-huong-vi-bo-84g","status":"publish","type":"product","link":"https:\/\/tolio.co.nz\/en\/product\/set-of-6-packs-of-pho-in-the-most-effective-way-with-84g\/","title":{"rendered":"Set of De Nhat beef mixed pho 6 x 84g"},"content":{"rendered":"<p><strong>De Nhat mixed pho with beef flavor 84g<\/strong> Each strand of delicious, flat white pho noodles is rich in broth, allowing you to enjoy a delicious bowl of pho with sweet beef flavor. De Nhat mixed pho with beef flavor, 84g package, quality, nutritious and quick for breakfast. Pho De Nhat is delicious, convenient and chosen by many people<\/p>\n<p><strong>How to Use:<\/strong><\/p>\n<ul style=\"list-style-type: circle\">\n<li>Put the pho noodles and dried vegetable packets in a bowl. Pour about 400 ml of boiling water into a bowl, cover and wait for 3 minutes. Drain the water. Add the packet of thick soup, mix well and serve immediately.<\/li>\n<\/ul>\n<p><strong>Preserve:<\/strong><\/p>\n<ul style=\"list-style-type: circle\">\n<li>Keep in a dry, cool place, away from sunlight. Should be mixed immediately after opening the packaging. Avoid placing near chemicals or products with strong odors.<\/li>\n<\/ul>\n<p><span class=\"ui-provider a b c d e f g h i j k l m n o p q r s t u v w x y z ab ac ae af ag ah ai aj ak\" dir=\"ltr\"><strong>Expiry:<\/strong> 8 months from date of manufacture.<\/span><\/p>","protected":false},"excerpt":{"rendered":"<p>\u2022 Brand: De Nhat<br \/>\n\u2022 Brand origin: Vietnam<br \/>\n\u2022 Packaging: 84g package, carton of 18 packages<br \/>\n\u2022 Note: Product packaging may change with each shipment<\/p>","protected":false},"featured_media":20215,"comment_status":"open","ping_status":"closed","template":"","meta":[],"product_brand":[],"product_cat":[31,511],"product_tag":[674,675],"class_list":{"0":"post-11420","1":"product","2":"type-product","3":"status-publish","4":"has-post-thumbnail","6":"product_cat-hang-moi-ve","7":"product_cat-mi-pho-chao-an-lien","8":"product_tag-pho-tron","9":"product_tag-pho-tron-de-nhat","10":"pa_thuong-hieu-de-nhat","12":"first","13":"instock","14":"sale","15":"shipping-taxable","16":"purchasable","17":"product-type-simple"},"yoast_head":"<!-- This site is optimized with the Yoast SEO plugin v24.4 - https:\/\/yoast.com\/wordpress\/plugins\/seo\/ -->\n<title>Set 6 g\u00f3i ph\u1edf tr\u1ed9n \u0110\u1ec7 Nh\u1ea5t h\u01b0\u01a1ng v\u1ecb b\u00f2 84g - TOLIO<\/title>\n<meta name=\"description\" content=\"\u2022 Th\u01b0\u01a1ng hi\u1ec7u: \u0110\u1ec7 Nh\u1ea5t \u2022 Xu\u1ea5t x\u1ee9 th\u01b0\u01a1ng hi\u1ec7u: Vi\u1ec7t Nam \u2022 Quy c\u00e1ch \u0111\u00f3ng g\u00f3i: G\u00f3i 84g, th\u00f9ng 18 g\u00f3i \u2022 L\u01b0u \u00fd: Bao b\u00ec s\u1ea3n ph\u1ea9m c\u00f3 th\u1ec3 thay \u0111\u1ed5i theo t\u1eebng \u0111\u1ee3t nh\u1eadp h\u00e0ng\" \/>\n<meta name=\"robots\" content=\"index, follow, max-snippet:-1, max-image-preview:large, max-video-preview:-1\" \/>\n<link rel=\"canonical\" href=\"https:\/\/tolio.co.nz\/en\/product\/set-of-6-packs-of-pho-in-the-most-effective-way-with-84g\/\" \/>\n<meta property=\"og:locale\" content=\"en_US\" \/>\n<meta property=\"og:type\" content=\"article\" \/>\n<meta property=\"og:title\" content=\"Set 6 g\u00f3i ph\u1edf tr\u1ed9n \u0110\u1ec7 Nh\u1ea5t h\u01b0\u01a1ng v\u1ecb b\u00f2 84g - TOLIO\" \/>\n<meta property=\"og:description\" content=\"\u2022 Th\u01b0\u01a1ng hi\u1ec7u: \u0110\u1ec7 Nh\u1ea5t \u2022 Xu\u1ea5t x\u1ee9 th\u01b0\u01a1ng hi\u1ec7u: Vi\u1ec7t Nam \u2022 Quy c\u00e1ch \u0111\u00f3ng g\u00f3i: G\u00f3i 84g, th\u00f9ng 18 g\u00f3i \u2022 L\u01b0u \u00fd: Bao b\u00ec s\u1ea3n ph\u1ea9m c\u00f3 th\u1ec3 thay \u0111\u1ed5i theo t\u1eebng \u0111\u1ee3t nh\u1eadp h\u00e0ng\" \/>\n<meta property=\"og:url\" content=\"https:\/\/tolio.co.nz\/en\/product\/set-of-6-packs-of-pho-in-the-most-effective-way-with-84g\/\" \/>\n<meta property=\"og:site_name\" content=\"TOLIO\" \/>\n<meta property=\"article:modified_time\" content=\"2026-04-06T01:53:21+00:00\" \/>\n<meta property=\"og:image\" content=\"https:\/\/tolio.co.nz\/wp-content\/uploads\/2023\/09\/41.png\" \/>\n\t<meta property=\"og:image:width\" content=\"1000\" \/>\n\t<meta property=\"og:image:height\" content=\"907\" \/>\n\t<meta property=\"og:image:type\" content=\"image\/png\" \/>\n<meta name=\"twitter:card\" content=\"summary_large_image\" \/>\n<meta name=\"twitter:label1\" content=\"Est. reading time\" \/>\n\t<meta name=\"twitter:data1\" content=\"1 minute\" \/>\n<script type=\"application\/ld+json\" class=\"yoast-schema-graph\">{\"@context\":\"https:\/\/schema.org\",\"@graph\":[{\"@type\":\"WebPage\",\"@id\":\"https:\/\/tolio.co.nz\/san-pham\/set-6-goi-pho-tron-de-nhat-huong-vi-bo-84g\/\",\"url\":\"https:\/\/tolio.co.nz\/san-pham\/set-6-goi-pho-tron-de-nhat-huong-vi-bo-84g\/\",\"name\":\"Set 6 g\u00f3i ph\u1edf tr\u1ed9n \u0110\u1ec7 Nh\u1ea5t h\u01b0\u01a1ng v\u1ecb b\u00f2 84g - TOLIO\",\"isPartOf\":{\"@id\":\"https:\/\/tolio.co.nz\/#website\"},\"primaryImageOfPage\":{\"@id\":\"https:\/\/tolio.co.nz\/san-pham\/set-6-goi-pho-tron-de-nhat-huong-vi-bo-84g\/#primaryimage\"},\"image\":{\"@id\":\"https:\/\/tolio.co.nz\/san-pham\/set-6-goi-pho-tron-de-nhat-huong-vi-bo-84g\/#primaryimage\"},\"thumbnailUrl\":\"https:\/\/tolio.co.nz\/wp-content\/uploads\/2023\/09\/41.png\",\"datePublished\":\"2023-09-23T04:34:23+00:00\",\"dateModified\":\"2026-04-06T01:53:21+00:00\",\"description\":\"\u2022 Th\u01b0\u01a1ng hi\u1ec7u: \u0110\u1ec7 Nh\u1ea5t \u2022 Xu\u1ea5t x\u1ee9 th\u01b0\u01a1ng hi\u1ec7u: Vi\u1ec7t Nam \u2022 Quy c\u00e1ch \u0111\u00f3ng g\u00f3i: G\u00f3i 84g, th\u00f9ng 18 g\u00f3i \u2022 L\u01b0u \u00fd: Bao b\u00ec s\u1ea3n ph\u1ea9m c\u00f3 th\u1ec3 thay \u0111\u1ed5i theo t\u1eebng \u0111\u1ee3t nh\u1eadp h\u00e0ng\",\"breadcrumb\":{\"@id\":\"https:\/\/tolio.co.nz\/san-pham\/set-6-goi-pho-tron-de-nhat-huong-vi-bo-84g\/#breadcrumb\"},\"inLanguage\":\"en-US\",\"potentialAction\":[{\"@type\":\"ReadAction\",\"target\":[\"https:\/\/tolio.co.nz\/san-pham\/set-6-goi-pho-tron-de-nhat-huong-vi-bo-84g\/\"]}]},{\"@type\":\"ImageObject\",\"inLanguage\":\"en-US\",\"@id\":\"https:\/\/tolio.co.nz\/san-pham\/set-6-goi-pho-tron-de-nhat-huong-vi-bo-84g\/#primaryimage\",\"url\":\"https:\/\/tolio.co.nz\/wp-content\/uploads\/2023\/09\/41.png\",\"contentUrl\":\"https:\/\/tolio.co.nz\/wp-content\/uploads\/2023\/09\/41.png\",\"width\":1000,\"height\":907},{\"@type\":\"BreadcrumbList\",\"@id\":\"https:\/\/tolio.co.nz\/san-pham\/set-6-goi-pho-tron-de-nhat-huong-vi-bo-84g\/#breadcrumb\",\"itemListElement\":[{\"@type\":\"ListItem\",\"position\":1,\"name\":\"Home\",\"item\":\"https:\/\/tolio.co.nz\/\"},{\"@type\":\"ListItem\",\"position\":2,\"name\":\"C\u1eeda h\u00e0ng\",\"item\":\"https:\/\/tolio.co.nz\/cua-hang\/\"},{\"@type\":\"ListItem\",\"position\":3,\"name\":\"Set 6 g\u00f3i ph\u1edf tr\u1ed9n \u0110\u1ec7 Nh\u1ea5t h\u01b0\u01a1ng v\u1ecb b\u00f2 84g\"}]},{\"@type\":\"WebSite\",\"@id\":\"https:\/\/tolio.co.nz\/#website\",\"url\":\"https:\/\/tolio.co.nz\/\",\"name\":\"TOLIO\",\"description\":\"Vietnamese Grocery Online\",\"potentialAction\":[{\"@type\":\"SearchAction\",\"target\":{\"@type\":\"EntryPoint\",\"urlTemplate\":\"https:\/\/tolio.co.nz\/?s={search_term_string}\"},\"query-input\":{\"@type\":\"PropertyValueSpecification\",\"valueRequired\":true,\"valueName\":\"search_term_string\"}}],\"inLanguage\":\"en-US\"}]}<\/script>\n<!-- \/ Yoast SEO plugin. -->","yoast_head_json":{"title":"Set 6 g\u00f3i ph\u1edf tr\u1ed9n \u0110\u1ec7 Nh\u1ea5t h\u01b0\u01a1ng v\u1ecb b\u00f2 84g - TOLIO","description":"\u2022 Th\u01b0\u01a1ng hi\u1ec7u: \u0110\u1ec7 Nh\u1ea5t \u2022 Xu\u1ea5t x\u1ee9 th\u01b0\u01a1ng hi\u1ec7u: Vi\u1ec7t Nam \u2022 Quy c\u00e1ch \u0111\u00f3ng g\u00f3i: G\u00f3i 84g, th\u00f9ng 18 g\u00f3i \u2022 L\u01b0u \u00fd: Bao b\u00ec s\u1ea3n ph\u1ea9m c\u00f3 th\u1ec3 thay \u0111\u1ed5i theo t\u1eebng \u0111\u1ee3t nh\u1eadp h\u00e0ng","robots":{"index":"index","follow":"follow","max-snippet":"max-snippet:-1","max-image-preview":"max-image-preview:large","max-video-preview":"max-video-preview:-1"},"canonical":"https:\/\/tolio.co.nz\/en\/product\/set-of-6-packs-of-pho-in-the-most-effective-way-with-84g\/","og_locale":"en_US","og_type":"article","og_title":"Set 6 g\u00f3i ph\u1edf tr\u1ed9n \u0110\u1ec7 Nh\u1ea5t h\u01b0\u01a1ng v\u1ecb b\u00f2 84g - TOLIO","og_description":"\u2022 Th\u01b0\u01a1ng hi\u1ec7u: \u0110\u1ec7 Nh\u1ea5t \u2022 Xu\u1ea5t x\u1ee9 th\u01b0\u01a1ng hi\u1ec7u: Vi\u1ec7t Nam \u2022 Quy c\u00e1ch \u0111\u00f3ng g\u00f3i: G\u00f3i 84g, th\u00f9ng 18 g\u00f3i \u2022 L\u01b0u \u00fd: Bao b\u00ec s\u1ea3n ph\u1ea9m c\u00f3 th\u1ec3 thay \u0111\u1ed5i theo t\u1eebng \u0111\u1ee3t nh\u1eadp h\u00e0ng","og_url":"https:\/\/tolio.co.nz\/en\/product\/set-of-6-packs-of-pho-in-the-most-effective-way-with-84g\/","og_site_name":"TOLIO","article_modified_time":"2026-04-06T01:53:21+00:00","og_image":[{"width":1000,"height":907,"url":"https:\/\/tolio.co.nz\/wp-content\/uploads\/2023\/09\/41.png","type":"image\/png"}],"twitter_card":"summary_large_image","twitter_misc":{"Est. reading time":"1 minute"},"schema":{"@context":"https:\/\/schema.org","@graph":[{"@type":"WebPage","@id":"https:\/\/tolio.co.nz\/san-pham\/set-6-goi-pho-tron-de-nhat-huong-vi-bo-84g\/","url":"https:\/\/tolio.co.nz\/san-pham\/set-6-goi-pho-tron-de-nhat-huong-vi-bo-84g\/","name":"Set 6 g\u00f3i ph\u1edf tr\u1ed9n \u0110\u1ec7 Nh\u1ea5t h\u01b0\u01a1ng v\u1ecb b\u00f2 84g - TOLIO","isPartOf":{"@id":"https:\/\/tolio.co.nz\/#website"},"primaryImageOfPage":{"@id":"https:\/\/tolio.co.nz\/san-pham\/set-6-goi-pho-tron-de-nhat-huong-vi-bo-84g\/#primaryimage"},"image":{"@id":"https:\/\/tolio.co.nz\/san-pham\/set-6-goi-pho-tron-de-nhat-huong-vi-bo-84g\/#primaryimage"},"thumbnailUrl":"https:\/\/tolio.co.nz\/wp-content\/uploads\/2023\/09\/41.png","datePublished":"2023-09-23T04:34:23+00:00","dateModified":"2026-04-06T01:53:21+00:00","description":"\u2022 Th\u01b0\u01a1ng hi\u1ec7u: \u0110\u1ec7 Nh\u1ea5t \u2022 Xu\u1ea5t x\u1ee9 th\u01b0\u01a1ng hi\u1ec7u: Vi\u1ec7t Nam \u2022 Quy c\u00e1ch \u0111\u00f3ng g\u00f3i: G\u00f3i 84g, th\u00f9ng 18 g\u00f3i \u2022 L\u01b0u \u00fd: Bao b\u00ec s\u1ea3n ph\u1ea9m c\u00f3 th\u1ec3 thay \u0111\u1ed5i theo t\u1eebng \u0111\u1ee3t nh\u1eadp h\u00e0ng","breadcrumb":{"@id":"https:\/\/tolio.co.nz\/san-pham\/set-6-goi-pho-tron-de-nhat-huong-vi-bo-84g\/#breadcrumb"},"inLanguage":"en-US","potentialAction":[{"@type":"ReadAction","target":["https:\/\/tolio.co.nz\/san-pham\/set-6-goi-pho-tron-de-nhat-huong-vi-bo-84g\/"]}]},{"@type":"ImageObject","inLanguage":"en-US","@id":"https:\/\/tolio.co.nz\/san-pham\/set-6-goi-pho-tron-de-nhat-huong-vi-bo-84g\/#primaryimage","url":"https:\/\/tolio.co.nz\/wp-content\/uploads\/2023\/09\/41.png","contentUrl":"https:\/\/tolio.co.nz\/wp-content\/uploads\/2023\/09\/41.png","width":1000,"height":907},{"@type":"BreadcrumbList","@id":"https:\/\/tolio.co.nz\/san-pham\/set-6-goi-pho-tron-de-nhat-huong-vi-bo-84g\/#breadcrumb","itemListElement":[{"@type":"ListItem","position":1,"name":"Home","item":"https:\/\/tolio.co.nz\/"},{"@type":"ListItem","position":2,"name":"C\u1eeda h\u00e0ng","item":"https:\/\/tolio.co.nz\/cua-hang\/"},{"@type":"ListItem","position":3,"name":"Set 6 g\u00f3i ph\u1edf tr\u1ed9n \u0110\u1ec7 Nh\u1ea5t h\u01b0\u01a1ng v\u1ecb b\u00f2 84g"}]},{"@type":"WebSite","@id":"https:\/\/tolio.co.nz\/#website","url":"https:\/\/tolio.co.nz\/","name":"TOLIO","description":"Vietnamese Grocery Online","potentialAction":[{"@type":"SearchAction","target":{"@type":"EntryPoint","urlTemplate":"https:\/\/tolio.co.nz\/?s={search_term_string}"},"query-input":{"@type":"PropertyValueSpecification","valueRequired":true,"valueName":"search_term_string"}}],"inLanguage":"en-US"}]}},"_links":{"self":[{"href":"https:\/\/tolio.co.nz\/en\/wp-json\/wp\/v2\/product\/11420","targetHints":{"allow":["GET"]}}],"collection":[{"href":"https:\/\/tolio.co.nz\/en\/wp-json\/wp\/v2\/product"}],"about":[{"href":"https:\/\/tolio.co.nz\/en\/wp-json\/wp\/v2\/types\/product"}],"replies":[{"embeddable":true,"href":"https:\/\/tolio.co.nz\/en\/wp-json\/wp\/v2\/comments?post=11420"}],"wp:featuredmedia":[{"embeddable":true,"href":"https:\/\/tolio.co.nz\/en\/wp-json\/wp\/v2\/media\/20215"}],"wp:attachment":[{"href":"https:\/\/tolio.co.nz\/en\/wp-json\/wp\/v2\/media?parent=11420"}],"wp:term":[{"taxonomy":"product_brand","embeddable":true,"href":"https:\/\/tolio.co.nz\/en\/wp-json\/wp\/v2\/product_brand?post=11420"},{"taxonomy":"product_cat","embeddable":true,"href":"https:\/\/tolio.co.nz\/en\/wp-json\/wp\/v2\/product_cat?post=11420"},{"taxonomy":"product_tag","embeddable":true,"href":"https:\/\/tolio.co.nz\/en\/wp-json\/wp\/v2\/product_tag?post=11420"}],"curies":[{"name":"wp","href":"https:\/\/api.w.org\/{rel}","templated":true}]}}