{"id":11485,"date":"2023-09-24T15:35:17","date_gmt":"2023-09-24T02:50:17","guid":{"rendered":"https:\/\/tolio.co.nz\/?post_type=product&#038;p=11485"},"modified":"2026-04-12T11:54:04","modified_gmt":"2026-04-11T23:54:04","slug":"banh-canh-kho-dac-san-hue-phuong-may-350g","status":"publish","type":"product","link":"https:\/\/tolio.co.nz\/en\/product\/banh-canh-kho-dac-san-hue-phuong-may-350g\/","title":{"rendered":"Hue specialty dry soup cake Phuong May 350g"},"content":{"rendered":"<p><strong>Hue specialty dry soup cake Phuong May 350g<\/strong> Made mainly from wheat flour, this is a familiar dish of people in the Central region, especially Hue. With a modern recipe, the noodle soup fibers are soft and attractive after cooking, contributing to making meals more delicious. At the same time, Banh Canh Hue is completely free of impurities and preservatives, ensuring safety for consumers&#039; health.<\/p>\n<p><strong>How to Use:<\/strong><\/p>\n<ul>\n<li>Soak the dry banh canh in cold water for about 5-10 minutes.<\/li>\n<li>Cook the banh canh in boiling water for about 3-5 minutes until you check that the banh canh is just done, stirring occasionally so that the banh canh noodles are cooked evenly.<\/li>\n<li>Remove the noodle soup, rinse with plain water and drain.<\/li>\n<li>Prepare and use according to taste, can be used with broth or used to make dry mixed soup<\/li>\n<\/ul>\n<p><strong>Preserve:<\/strong><\/p>\n<ul>\n<li>In a cool, dry place, avoid moisture,<\/li>\n<li>Avoid exposing it to direct sunlight<\/li>\n<\/ul>","protected":false},"excerpt":{"rendered":"<ul>\n<li>Brand: Phuong May<\/li>\n<li>Brand Country: Viet nam<\/li>\n<li>Packaging: 350g package, carton of 40 packages<\/li>\n<li>Note: Product packaging may change from batch to batch<\/li>\n<\/ul>","protected":false},"featured_media":20577,"comment_status":"open","ping_status":"closed","template":"","meta":[],"product_brand":[],"product_cat":[32,31],"product_tag":[162,709,708],"class_list":{"0":"post-11485","1":"product","2":"type-product","3":"status-publish","4":"has-post-thumbnail","6":"product_cat-bun-pho-banh-trang","7":"product_cat-hang-moi-ve","8":"product_tag-banh-canh","9":"product_tag-banh-canh-hue","10":"product_tag-banh-canh-kho","11":"pa_thuong-hieu-phuong-may","13":"first","14":"instock","15":"shipping-taxable","16":"purchasable","17":"product-type-simple"},"yoast_head":"<!-- This site is optimized with the Yoast SEO plugin v24.4 - https:\/\/yoast.com\/wordpress\/plugins\/seo\/ -->\n<title>B\u00e1nh canh kh\u00f4 \u0111\u1eb7c s\u1ea3n Hu\u1ebf Ph\u01b0\u01a1ng M\u00e2y 350g - TOLIO<\/title>\n<meta name=\"description\" content=\"Th\u01b0\u01a1ng hi\u1ec7u: Ph\u01b0\u01a1ng M\u00e2y  Xu\u1ea5t x\u1ee9 th\u01b0\u01a1ng hi\u1ec7u: Vi\u1ec7t Nam  Quy c\u00e1ch \u0111\u00f3ng g\u00f3i: G\u00f3i 350g, th\u00f9ng 40 g\u00f3i  L\u01b0u \u00fd: Bao b\u00ec s\u1ea3n ph\u1ea9m c\u00f3 th\u1ec3 thay \u0111\u1ed5i theo t\u1eebng \u0111\u1ee3t nh\u1eadp h\u00e0ng\" \/>\n<meta name=\"robots\" content=\"index, follow, max-snippet:-1, max-image-preview:large, max-video-preview:-1\" \/>\n<link rel=\"canonical\" href=\"https:\/\/tolio.co.nz\/en\/product\/banh-canh-kho-dac-san-hue-phuong-may-350g\/\" \/>\n<meta property=\"og:locale\" content=\"en_US\" \/>\n<meta property=\"og:type\" content=\"article\" \/>\n<meta property=\"og:title\" content=\"B\u00e1nh canh kh\u00f4 \u0111\u1eb7c s\u1ea3n Hu\u1ebf Ph\u01b0\u01a1ng M\u00e2y 350g - TOLIO\" \/>\n<meta property=\"og:description\" content=\"Th\u01b0\u01a1ng hi\u1ec7u: Ph\u01b0\u01a1ng M\u00e2y  Xu\u1ea5t x\u1ee9 th\u01b0\u01a1ng hi\u1ec7u: Vi\u1ec7t Nam  Quy c\u00e1ch \u0111\u00f3ng g\u00f3i: G\u00f3i 350g, th\u00f9ng 40 g\u00f3i  L\u01b0u \u00fd: Bao b\u00ec s\u1ea3n ph\u1ea9m c\u00f3 th\u1ec3 thay \u0111\u1ed5i theo t\u1eebng \u0111\u1ee3t nh\u1eadp h\u00e0ng\" \/>\n<meta property=\"og:url\" content=\"https:\/\/tolio.co.nz\/en\/product\/banh-canh-kho-dac-san-hue-phuong-may-350g\/\" \/>\n<meta property=\"og:site_name\" content=\"TOLIO\" \/>\n<meta property=\"article:modified_time\" content=\"2026-04-11T23:54:04+00:00\" \/>\n<meta property=\"og:image\" content=\"https:\/\/tolio.co.nz\/wp-content\/uploads\/2023\/09\/132.png\" \/>\n\t<meta property=\"og:image:width\" content=\"1000\" \/>\n\t<meta property=\"og:image:height\" content=\"907\" \/>\n\t<meta property=\"og:image:type\" content=\"image\/png\" \/>\n<meta name=\"twitter:card\" content=\"summary_large_image\" \/>\n<meta name=\"twitter:label1\" content=\"Est. reading time\" \/>\n\t<meta name=\"twitter:data1\" content=\"1 minute\" \/>\n<script type=\"application\/ld+json\" class=\"yoast-schema-graph\">{\"@context\":\"https:\/\/schema.org\",\"@graph\":[{\"@type\":\"WebPage\",\"@id\":\"https:\/\/tolio.co.nz\/san-pham\/banh-canh-kho-dac-san-hue-phuong-may-350g\/\",\"url\":\"https:\/\/tolio.co.nz\/san-pham\/banh-canh-kho-dac-san-hue-phuong-may-350g\/\",\"name\":\"B\u00e1nh canh kh\u00f4 \u0111\u1eb7c s\u1ea3n Hu\u1ebf Ph\u01b0\u01a1ng M\u00e2y 350g - TOLIO\",\"isPartOf\":{\"@id\":\"https:\/\/tolio.co.nz\/#website\"},\"primaryImageOfPage\":{\"@id\":\"https:\/\/tolio.co.nz\/san-pham\/banh-canh-kho-dac-san-hue-phuong-may-350g\/#primaryimage\"},\"image\":{\"@id\":\"https:\/\/tolio.co.nz\/san-pham\/banh-canh-kho-dac-san-hue-phuong-may-350g\/#primaryimage\"},\"thumbnailUrl\":\"https:\/\/tolio.co.nz\/wp-content\/uploads\/2023\/09\/132.png\",\"datePublished\":\"2023-09-24T02:50:17+00:00\",\"dateModified\":\"2026-04-11T23:54:04+00:00\",\"description\":\"Th\u01b0\u01a1ng hi\u1ec7u: Ph\u01b0\u01a1ng M\u00e2y Xu\u1ea5t x\u1ee9 th\u01b0\u01a1ng hi\u1ec7u: Vi\u1ec7t Nam Quy c\u00e1ch \u0111\u00f3ng g\u00f3i: G\u00f3i 350g, th\u00f9ng 40 g\u00f3i L\u01b0u \u00fd: Bao b\u00ec s\u1ea3n ph\u1ea9m c\u00f3 th\u1ec3 thay \u0111\u1ed5i theo t\u1eebng \u0111\u1ee3t nh\u1eadp h\u00e0ng\",\"breadcrumb\":{\"@id\":\"https:\/\/tolio.co.nz\/san-pham\/banh-canh-kho-dac-san-hue-phuong-may-350g\/#breadcrumb\"},\"inLanguage\":\"en-US\",\"potentialAction\":[{\"@type\":\"ReadAction\",\"target\":[\"https:\/\/tolio.co.nz\/san-pham\/banh-canh-kho-dac-san-hue-phuong-may-350g\/\"]}]},{\"@type\":\"ImageObject\",\"inLanguage\":\"en-US\",\"@id\":\"https:\/\/tolio.co.nz\/san-pham\/banh-canh-kho-dac-san-hue-phuong-may-350g\/#primaryimage\",\"url\":\"https:\/\/tolio.co.nz\/wp-content\/uploads\/2023\/09\/132.png\",\"contentUrl\":\"https:\/\/tolio.co.nz\/wp-content\/uploads\/2023\/09\/132.png\",\"width\":1000,\"height\":907},{\"@type\":\"BreadcrumbList\",\"@id\":\"https:\/\/tolio.co.nz\/san-pham\/banh-canh-kho-dac-san-hue-phuong-may-350g\/#breadcrumb\",\"itemListElement\":[{\"@type\":\"ListItem\",\"position\":1,\"name\":\"Home\",\"item\":\"https:\/\/tolio.co.nz\/\"},{\"@type\":\"ListItem\",\"position\":2,\"name\":\"C\u1eeda h\u00e0ng\",\"item\":\"https:\/\/tolio.co.nz\/cua-hang\/\"},{\"@type\":\"ListItem\",\"position\":3,\"name\":\"B\u00e1nh canh kh\u00f4 \u0111\u1eb7c s\u1ea3n Hu\u1ebf Ph\u01b0\u01a1ng M\u00e2y 350g\"}]},{\"@type\":\"WebSite\",\"@id\":\"https:\/\/tolio.co.nz\/#website\",\"url\":\"https:\/\/tolio.co.nz\/\",\"name\":\"TOLIO\",\"description\":\"Vietnamese Grocery Online\",\"potentialAction\":[{\"@type\":\"SearchAction\",\"target\":{\"@type\":\"EntryPoint\",\"urlTemplate\":\"https:\/\/tolio.co.nz\/?s={search_term_string}\"},\"query-input\":{\"@type\":\"PropertyValueSpecification\",\"valueRequired\":true,\"valueName\":\"search_term_string\"}}],\"inLanguage\":\"en-US\"}]}<\/script>\n<!-- \/ Yoast SEO plugin. -->","yoast_head_json":{"title":"B\u00e1nh canh kh\u00f4 \u0111\u1eb7c s\u1ea3n Hu\u1ebf Ph\u01b0\u01a1ng M\u00e2y 350g - TOLIO","description":"Th\u01b0\u01a1ng hi\u1ec7u: Ph\u01b0\u01a1ng M\u00e2y  Xu\u1ea5t x\u1ee9 th\u01b0\u01a1ng hi\u1ec7u: Vi\u1ec7t Nam  Quy c\u00e1ch \u0111\u00f3ng g\u00f3i: G\u00f3i 350g, th\u00f9ng 40 g\u00f3i  L\u01b0u \u00fd: Bao b\u00ec s\u1ea3n ph\u1ea9m c\u00f3 th\u1ec3 thay \u0111\u1ed5i theo t\u1eebng \u0111\u1ee3t nh\u1eadp h\u00e0ng","robots":{"index":"index","follow":"follow","max-snippet":"max-snippet:-1","max-image-preview":"max-image-preview:large","max-video-preview":"max-video-preview:-1"},"canonical":"https:\/\/tolio.co.nz\/en\/product\/banh-canh-kho-dac-san-hue-phuong-may-350g\/","og_locale":"en_US","og_type":"article","og_title":"B\u00e1nh canh kh\u00f4 \u0111\u1eb7c s\u1ea3n Hu\u1ebf Ph\u01b0\u01a1ng M\u00e2y 350g - TOLIO","og_description":"Th\u01b0\u01a1ng hi\u1ec7u: Ph\u01b0\u01a1ng M\u00e2y  Xu\u1ea5t x\u1ee9 th\u01b0\u01a1ng hi\u1ec7u: Vi\u1ec7t Nam  Quy c\u00e1ch \u0111\u00f3ng g\u00f3i: G\u00f3i 350g, th\u00f9ng 40 g\u00f3i  L\u01b0u \u00fd: Bao b\u00ec s\u1ea3n ph\u1ea9m c\u00f3 th\u1ec3 thay \u0111\u1ed5i theo t\u1eebng \u0111\u1ee3t nh\u1eadp h\u00e0ng","og_url":"https:\/\/tolio.co.nz\/en\/product\/banh-canh-kho-dac-san-hue-phuong-may-350g\/","og_site_name":"TOLIO","article_modified_time":"2026-04-11T23:54:04+00:00","og_image":[{"width":1000,"height":907,"url":"https:\/\/tolio.co.nz\/wp-content\/uploads\/2023\/09\/132.png","type":"image\/png"}],"twitter_card":"summary_large_image","twitter_misc":{"Est. reading time":"1 minute"},"schema":{"@context":"https:\/\/schema.org","@graph":[{"@type":"WebPage","@id":"https:\/\/tolio.co.nz\/san-pham\/banh-canh-kho-dac-san-hue-phuong-may-350g\/","url":"https:\/\/tolio.co.nz\/san-pham\/banh-canh-kho-dac-san-hue-phuong-may-350g\/","name":"B\u00e1nh canh kh\u00f4 \u0111\u1eb7c s\u1ea3n Hu\u1ebf Ph\u01b0\u01a1ng M\u00e2y 350g - TOLIO","isPartOf":{"@id":"https:\/\/tolio.co.nz\/#website"},"primaryImageOfPage":{"@id":"https:\/\/tolio.co.nz\/san-pham\/banh-canh-kho-dac-san-hue-phuong-may-350g\/#primaryimage"},"image":{"@id":"https:\/\/tolio.co.nz\/san-pham\/banh-canh-kho-dac-san-hue-phuong-may-350g\/#primaryimage"},"thumbnailUrl":"https:\/\/tolio.co.nz\/wp-content\/uploads\/2023\/09\/132.png","datePublished":"2023-09-24T02:50:17+00:00","dateModified":"2026-04-11T23:54:04+00:00","description":"Th\u01b0\u01a1ng hi\u1ec7u: Ph\u01b0\u01a1ng M\u00e2y Xu\u1ea5t x\u1ee9 th\u01b0\u01a1ng hi\u1ec7u: Vi\u1ec7t Nam Quy c\u00e1ch \u0111\u00f3ng g\u00f3i: G\u00f3i 350g, th\u00f9ng 40 g\u00f3i L\u01b0u \u00fd: Bao b\u00ec s\u1ea3n ph\u1ea9m c\u00f3 th\u1ec3 thay \u0111\u1ed5i theo t\u1eebng \u0111\u1ee3t nh\u1eadp h\u00e0ng","breadcrumb":{"@id":"https:\/\/tolio.co.nz\/san-pham\/banh-canh-kho-dac-san-hue-phuong-may-350g\/#breadcrumb"},"inLanguage":"en-US","potentialAction":[{"@type":"ReadAction","target":["https:\/\/tolio.co.nz\/san-pham\/banh-canh-kho-dac-san-hue-phuong-may-350g\/"]}]},{"@type":"ImageObject","inLanguage":"en-US","@id":"https:\/\/tolio.co.nz\/san-pham\/banh-canh-kho-dac-san-hue-phuong-may-350g\/#primaryimage","url":"https:\/\/tolio.co.nz\/wp-content\/uploads\/2023\/09\/132.png","contentUrl":"https:\/\/tolio.co.nz\/wp-content\/uploads\/2023\/09\/132.png","width":1000,"height":907},{"@type":"BreadcrumbList","@id":"https:\/\/tolio.co.nz\/san-pham\/banh-canh-kho-dac-san-hue-phuong-may-350g\/#breadcrumb","itemListElement":[{"@type":"ListItem","position":1,"name":"Home","item":"https:\/\/tolio.co.nz\/"},{"@type":"ListItem","position":2,"name":"C\u1eeda h\u00e0ng","item":"https:\/\/tolio.co.nz\/cua-hang\/"},{"@type":"ListItem","position":3,"name":"B\u00e1nh canh kh\u00f4 \u0111\u1eb7c s\u1ea3n Hu\u1ebf Ph\u01b0\u01a1ng M\u00e2y 350g"}]},{"@type":"WebSite","@id":"https:\/\/tolio.co.nz\/#website","url":"https:\/\/tolio.co.nz\/","name":"TOLIO","description":"Vietnamese Grocery Online","potentialAction":[{"@type":"SearchAction","target":{"@type":"EntryPoint","urlTemplate":"https:\/\/tolio.co.nz\/?s={search_term_string}"},"query-input":{"@type":"PropertyValueSpecification","valueRequired":true,"valueName":"search_term_string"}}],"inLanguage":"en-US"}]}},"_links":{"self":[{"href":"https:\/\/tolio.co.nz\/en\/wp-json\/wp\/v2\/product\/11485","targetHints":{"allow":["GET"]}}],"collection":[{"href":"https:\/\/tolio.co.nz\/en\/wp-json\/wp\/v2\/product"}],"about":[{"href":"https:\/\/tolio.co.nz\/en\/wp-json\/wp\/v2\/types\/product"}],"replies":[{"embeddable":true,"href":"https:\/\/tolio.co.nz\/en\/wp-json\/wp\/v2\/comments?post=11485"}],"wp:featuredmedia":[{"embeddable":true,"href":"https:\/\/tolio.co.nz\/en\/wp-json\/wp\/v2\/media\/20577"}],"wp:attachment":[{"href":"https:\/\/tolio.co.nz\/en\/wp-json\/wp\/v2\/media?parent=11485"}],"wp:term":[{"taxonomy":"product_brand","embeddable":true,"href":"https:\/\/tolio.co.nz\/en\/wp-json\/wp\/v2\/product_brand?post=11485"},{"taxonomy":"product_cat","embeddable":true,"href":"https:\/\/tolio.co.nz\/en\/wp-json\/wp\/v2\/product_cat?post=11485"},{"taxonomy":"product_tag","embeddable":true,"href":"https:\/\/tolio.co.nz\/en\/wp-json\/wp\/v2\/product_tag?post=11485"}],"curies":[{"name":"wp","href":"https:\/\/api.w.org\/{rel}","templated":true}]}}