{"id":12123,"date":"2023-11-05T03:44:07","date_gmt":"2023-11-04T14:59:07","guid":{"rendered":"https:\/\/tolio.co.nz\/?post_type=product&#038;p=12123"},"modified":"2026-04-06T22:07:25","modified_gmt":"2026-04-06T10:07:25","slug":"mam-ruoc-hue-song-huong-430g","status":"publish","type":"product","link":"https:\/\/tolio.co.nz\/en\/product\/mam-ruoc-hue-song-430g\/","title":{"rendered":"Song Huong Fermented Shrimp Paste, 430g"},"content":{"rendered":"<p><strong>Song Huong Fermented Shrimp Paste, 430g<\/strong> Produced by traditional methods, naturally fermented, bringing the delicious characteristic flavor of fish sauce.<\/p>\n<ul>\n<li>The fish sauce has a moderate salty taste, completely natural flavor, ensuring health safety for users. Hue shrimp paste can be used to cook vermicelli noodles, Hue beef noodles or prepare dipping sauce to eat with boiled meat, boiled vegetables, spring rolls,... to make your dishes more delicious and rich.<\/li>\n<\/ul>\n<p><strong>How to Use:<\/strong><\/p>\n<ul>\n<li>Used as a dipping sauce, or seasoning for dishes,\u2026<\/li>\n<\/ul>\n<p><strong>Preserve:<\/strong><\/p>\n<ul>\n<li>\u00a0Store in a cool, dry place, close the lid tightly after use.<\/li>\n<\/ul>","protected":false},"excerpt":{"rendered":"<ul>\n<li>Brand: Song Huong<\/li>\n<li>Brand Country: Viet nam<\/li>\n<li>Packaging: 430g jar<\/li>\n<li>Note: Product packaging may change from batch to batch<\/li>\n<\/ul>","protected":false},"featured_media":23850,"comment_status":"open","ping_status":"closed","template":"","meta":[],"product_brand":[],"product_cat":[33,482,478,31],"product_tag":[409,720],"class_list":{"0":"post-12123","1":"product","2":"type-product","3":"status-publish","4":"has-post-thumbnail","6":"product_cat-gia-vi","7":"product_cat-gia-vi-khac","8":"product_cat-thuc-pham-khac","9":"product_cat-hang-moi-ve","10":"product_tag-mam-ruoc-hue","11":"product_tag-mam-ruoc-hue-song-huong","12":"pa_thuong-hieu-song-huong","14":"first","15":"instock","16":"shipping-taxable","17":"purchasable","18":"product-type-simple"},"yoast_head":"<!-- This site is optimized with the Yoast SEO plugin v24.4 - https:\/\/yoast.com\/wordpress\/plugins\/seo\/ -->\n<title>M\u1eafm ru\u1ed1c hu\u1ebf S\u00f4ng H\u01b0\u01a1ng 430g - TOLIO<\/title>\n<meta name=\"description\" content=\"Th\u01b0\u01a1ng hi\u1ec7u: S\u00f4ng H\u01b0\u01a1ng  Xu\u1ea5t x\u1ee9 th\u01b0\u01a1ng hi\u1ec7u: Vi\u1ec7t Nam  Quy c\u00e1ch \u0111\u00f3ng g\u00f3i: h\u1ee7 430g  L\u01b0u \u00fd: Bao b\u00ec s\u1ea3n ph\u1ea9m c\u00f3 th\u1ec3 thay \u0111\u1ed5i theo t\u1eebng \u0111\u1ee3t nh\u1eadp h\u00e0ng\" \/>\n<meta name=\"robots\" content=\"index, follow, max-snippet:-1, max-image-preview:large, max-video-preview:-1\" \/>\n<link rel=\"canonical\" href=\"https:\/\/tolio.co.nz\/en\/product\/mam-ruoc-hue-song-430g\/\" \/>\n<meta property=\"og:locale\" content=\"en_US\" \/>\n<meta property=\"og:type\" content=\"article\" \/>\n<meta property=\"og:title\" content=\"M\u1eafm ru\u1ed1c hu\u1ebf S\u00f4ng H\u01b0\u01a1ng 430g - TOLIO\" \/>\n<meta property=\"og:description\" content=\"Th\u01b0\u01a1ng hi\u1ec7u: S\u00f4ng H\u01b0\u01a1ng  Xu\u1ea5t x\u1ee9 th\u01b0\u01a1ng hi\u1ec7u: Vi\u1ec7t Nam  Quy c\u00e1ch \u0111\u00f3ng g\u00f3i: h\u1ee7 430g  L\u01b0u \u00fd: Bao b\u00ec s\u1ea3n ph\u1ea9m c\u00f3 th\u1ec3 thay \u0111\u1ed5i theo t\u1eebng \u0111\u1ee3t nh\u1eadp h\u00e0ng\" \/>\n<meta property=\"og:url\" content=\"https:\/\/tolio.co.nz\/en\/product\/mam-ruoc-hue-song-430g\/\" \/>\n<meta property=\"og:site_name\" content=\"TOLIO\" \/>\n<meta property=\"article:modified_time\" content=\"2026-04-06T10:07:25+00:00\" \/>\n<meta property=\"og:image\" content=\"https:\/\/tolio.co.nz\/wp-content\/uploads\/2023\/11\/228-1.png\" \/>\n\t<meta property=\"og:image:width\" content=\"1000\" \/>\n\t<meta property=\"og:image:height\" content=\"907\" \/>\n\t<meta property=\"og:image:type\" content=\"image\/png\" \/>\n<meta name=\"twitter:card\" content=\"summary_large_image\" \/>\n<meta name=\"twitter:label1\" content=\"Est. reading time\" \/>\n\t<meta name=\"twitter:data1\" content=\"1 minute\" \/>\n<script type=\"application\/ld+json\" class=\"yoast-schema-graph\">{\"@context\":\"https:\/\/schema.org\",\"@graph\":[{\"@type\":\"WebPage\",\"@id\":\"https:\/\/tolio.co.nz\/san-pham\/mam-ruoc-hue-song-huong-430g\/\",\"url\":\"https:\/\/tolio.co.nz\/san-pham\/mam-ruoc-hue-song-huong-430g\/\",\"name\":\"M\u1eafm ru\u1ed1c hu\u1ebf S\u00f4ng H\u01b0\u01a1ng 430g - TOLIO\",\"isPartOf\":{\"@id\":\"https:\/\/tolio.co.nz\/#website\"},\"primaryImageOfPage\":{\"@id\":\"https:\/\/tolio.co.nz\/san-pham\/mam-ruoc-hue-song-huong-430g\/#primaryimage\"},\"image\":{\"@id\":\"https:\/\/tolio.co.nz\/san-pham\/mam-ruoc-hue-song-huong-430g\/#primaryimage\"},\"thumbnailUrl\":\"https:\/\/tolio.co.nz\/wp-content\/uploads\/2023\/11\/228-1.png\",\"datePublished\":\"2023-11-04T14:59:07+00:00\",\"dateModified\":\"2026-04-06T10:07:25+00:00\",\"description\":\"Th\u01b0\u01a1ng hi\u1ec7u: S\u00f4ng H\u01b0\u01a1ng Xu\u1ea5t x\u1ee9 th\u01b0\u01a1ng hi\u1ec7u: Vi\u1ec7t Nam Quy c\u00e1ch \u0111\u00f3ng g\u00f3i: h\u1ee7 430g L\u01b0u \u00fd: Bao b\u00ec s\u1ea3n ph\u1ea9m c\u00f3 th\u1ec3 thay \u0111\u1ed5i theo t\u1eebng \u0111\u1ee3t nh\u1eadp h\u00e0ng\",\"breadcrumb\":{\"@id\":\"https:\/\/tolio.co.nz\/san-pham\/mam-ruoc-hue-song-huong-430g\/#breadcrumb\"},\"inLanguage\":\"en-US\",\"potentialAction\":[{\"@type\":\"ReadAction\",\"target\":[\"https:\/\/tolio.co.nz\/san-pham\/mam-ruoc-hue-song-huong-430g\/\"]}]},{\"@type\":\"ImageObject\",\"inLanguage\":\"en-US\",\"@id\":\"https:\/\/tolio.co.nz\/san-pham\/mam-ruoc-hue-song-huong-430g\/#primaryimage\",\"url\":\"https:\/\/tolio.co.nz\/wp-content\/uploads\/2023\/11\/228-1.png\",\"contentUrl\":\"https:\/\/tolio.co.nz\/wp-content\/uploads\/2023\/11\/228-1.png\",\"width\":1000,\"height\":907},{\"@type\":\"BreadcrumbList\",\"@id\":\"https:\/\/tolio.co.nz\/san-pham\/mam-ruoc-hue-song-huong-430g\/#breadcrumb\",\"itemListElement\":[{\"@type\":\"ListItem\",\"position\":1,\"name\":\"Home\",\"item\":\"https:\/\/tolio.co.nz\/\"},{\"@type\":\"ListItem\",\"position\":2,\"name\":\"C\u1eeda h\u00e0ng\",\"item\":\"https:\/\/tolio.co.nz\/cua-hang\/\"},{\"@type\":\"ListItem\",\"position\":3,\"name\":\"M\u1eafm ru\u1ed1c hu\u1ebf S\u00f4ng H\u01b0\u01a1ng 430g\"}]},{\"@type\":\"WebSite\",\"@id\":\"https:\/\/tolio.co.nz\/#website\",\"url\":\"https:\/\/tolio.co.nz\/\",\"name\":\"TOLIO\",\"description\":\"Vietnamese Grocery Online\",\"potentialAction\":[{\"@type\":\"SearchAction\",\"target\":{\"@type\":\"EntryPoint\",\"urlTemplate\":\"https:\/\/tolio.co.nz\/?s={search_term_string}\"},\"query-input\":{\"@type\":\"PropertyValueSpecification\",\"valueRequired\":true,\"valueName\":\"search_term_string\"}}],\"inLanguage\":\"en-US\"}]}<\/script>\n<!-- \/ Yoast SEO plugin. -->","yoast_head_json":{"title":"M\u1eafm ru\u1ed1c hu\u1ebf S\u00f4ng H\u01b0\u01a1ng 430g - TOLIO","description":"Th\u01b0\u01a1ng hi\u1ec7u: S\u00f4ng H\u01b0\u01a1ng  Xu\u1ea5t x\u1ee9 th\u01b0\u01a1ng hi\u1ec7u: Vi\u1ec7t Nam  Quy c\u00e1ch \u0111\u00f3ng g\u00f3i: h\u1ee7 430g  L\u01b0u \u00fd: Bao b\u00ec s\u1ea3n ph\u1ea9m c\u00f3 th\u1ec3 thay \u0111\u1ed5i theo t\u1eebng \u0111\u1ee3t nh\u1eadp h\u00e0ng","robots":{"index":"index","follow":"follow","max-snippet":"max-snippet:-1","max-image-preview":"max-image-preview:large","max-video-preview":"max-video-preview:-1"},"canonical":"https:\/\/tolio.co.nz\/en\/product\/mam-ruoc-hue-song-430g\/","og_locale":"en_US","og_type":"article","og_title":"M\u1eafm ru\u1ed1c hu\u1ebf S\u00f4ng H\u01b0\u01a1ng 430g - TOLIO","og_description":"Th\u01b0\u01a1ng hi\u1ec7u: S\u00f4ng H\u01b0\u01a1ng  Xu\u1ea5t x\u1ee9 th\u01b0\u01a1ng hi\u1ec7u: Vi\u1ec7t Nam  Quy c\u00e1ch \u0111\u00f3ng g\u00f3i: h\u1ee7 430g  L\u01b0u \u00fd: Bao b\u00ec s\u1ea3n ph\u1ea9m c\u00f3 th\u1ec3 thay \u0111\u1ed5i theo t\u1eebng \u0111\u1ee3t nh\u1eadp h\u00e0ng","og_url":"https:\/\/tolio.co.nz\/en\/product\/mam-ruoc-hue-song-430g\/","og_site_name":"TOLIO","article_modified_time":"2026-04-06T10:07:25+00:00","og_image":[{"width":1000,"height":907,"url":"https:\/\/tolio.co.nz\/wp-content\/uploads\/2023\/11\/228-1.png","type":"image\/png"}],"twitter_card":"summary_large_image","twitter_misc":{"Est. reading time":"1 minute"},"schema":{"@context":"https:\/\/schema.org","@graph":[{"@type":"WebPage","@id":"https:\/\/tolio.co.nz\/san-pham\/mam-ruoc-hue-song-huong-430g\/","url":"https:\/\/tolio.co.nz\/san-pham\/mam-ruoc-hue-song-huong-430g\/","name":"M\u1eafm ru\u1ed1c hu\u1ebf S\u00f4ng H\u01b0\u01a1ng 430g - TOLIO","isPartOf":{"@id":"https:\/\/tolio.co.nz\/#website"},"primaryImageOfPage":{"@id":"https:\/\/tolio.co.nz\/san-pham\/mam-ruoc-hue-song-huong-430g\/#primaryimage"},"image":{"@id":"https:\/\/tolio.co.nz\/san-pham\/mam-ruoc-hue-song-huong-430g\/#primaryimage"},"thumbnailUrl":"https:\/\/tolio.co.nz\/wp-content\/uploads\/2023\/11\/228-1.png","datePublished":"2023-11-04T14:59:07+00:00","dateModified":"2026-04-06T10:07:25+00:00","description":"Th\u01b0\u01a1ng hi\u1ec7u: S\u00f4ng H\u01b0\u01a1ng Xu\u1ea5t x\u1ee9 th\u01b0\u01a1ng hi\u1ec7u: Vi\u1ec7t Nam Quy c\u00e1ch \u0111\u00f3ng g\u00f3i: h\u1ee7 430g L\u01b0u \u00fd: Bao b\u00ec s\u1ea3n ph\u1ea9m c\u00f3 th\u1ec3 thay \u0111\u1ed5i theo t\u1eebng \u0111\u1ee3t nh\u1eadp h\u00e0ng","breadcrumb":{"@id":"https:\/\/tolio.co.nz\/san-pham\/mam-ruoc-hue-song-huong-430g\/#breadcrumb"},"inLanguage":"en-US","potentialAction":[{"@type":"ReadAction","target":["https:\/\/tolio.co.nz\/san-pham\/mam-ruoc-hue-song-huong-430g\/"]}]},{"@type":"ImageObject","inLanguage":"en-US","@id":"https:\/\/tolio.co.nz\/san-pham\/mam-ruoc-hue-song-huong-430g\/#primaryimage","url":"https:\/\/tolio.co.nz\/wp-content\/uploads\/2023\/11\/228-1.png","contentUrl":"https:\/\/tolio.co.nz\/wp-content\/uploads\/2023\/11\/228-1.png","width":1000,"height":907},{"@type":"BreadcrumbList","@id":"https:\/\/tolio.co.nz\/san-pham\/mam-ruoc-hue-song-huong-430g\/#breadcrumb","itemListElement":[{"@type":"ListItem","position":1,"name":"Home","item":"https:\/\/tolio.co.nz\/"},{"@type":"ListItem","position":2,"name":"C\u1eeda h\u00e0ng","item":"https:\/\/tolio.co.nz\/cua-hang\/"},{"@type":"ListItem","position":3,"name":"M\u1eafm ru\u1ed1c hu\u1ebf S\u00f4ng H\u01b0\u01a1ng 430g"}]},{"@type":"WebSite","@id":"https:\/\/tolio.co.nz\/#website","url":"https:\/\/tolio.co.nz\/","name":"TOLIO","description":"Vietnamese Grocery Online","potentialAction":[{"@type":"SearchAction","target":{"@type":"EntryPoint","urlTemplate":"https:\/\/tolio.co.nz\/?s={search_term_string}"},"query-input":{"@type":"PropertyValueSpecification","valueRequired":true,"valueName":"search_term_string"}}],"inLanguage":"en-US"}]}},"_links":{"self":[{"href":"https:\/\/tolio.co.nz\/en\/wp-json\/wp\/v2\/product\/12123","targetHints":{"allow":["GET"]}}],"collection":[{"href":"https:\/\/tolio.co.nz\/en\/wp-json\/wp\/v2\/product"}],"about":[{"href":"https:\/\/tolio.co.nz\/en\/wp-json\/wp\/v2\/types\/product"}],"replies":[{"embeddable":true,"href":"https:\/\/tolio.co.nz\/en\/wp-json\/wp\/v2\/comments?post=12123"}],"wp:featuredmedia":[{"embeddable":true,"href":"https:\/\/tolio.co.nz\/en\/wp-json\/wp\/v2\/media\/23850"}],"wp:attachment":[{"href":"https:\/\/tolio.co.nz\/en\/wp-json\/wp\/v2\/media?parent=12123"}],"wp:term":[{"taxonomy":"product_brand","embeddable":true,"href":"https:\/\/tolio.co.nz\/en\/wp-json\/wp\/v2\/product_brand?post=12123"},{"taxonomy":"product_cat","embeddable":true,"href":"https:\/\/tolio.co.nz\/en\/wp-json\/wp\/v2\/product_cat?post=12123"},{"taxonomy":"product_tag","embeddable":true,"href":"https:\/\/tolio.co.nz\/en\/wp-json\/wp\/v2\/product_tag?post=12123"}],"curies":[{"name":"wp","href":"https:\/\/api.w.org\/{rel}","templated":true}]}}