{"id":12153,"date":"2023-11-05T16:03:18","date_gmt":"2023-11-05T03:18:18","guid":{"rendered":"https:\/\/tolio.co.nz\/?post_type=product&#038;p=12153"},"modified":"2026-04-08T17:24:46","modified_gmt":"2026-04-08T05:24:46","slug":"tra-lai-tui-loc-phuc-long-25-goi-2g","status":"publish","type":"product","link":"https:\/\/tolio.co.nz\/en\/product\/i-check-again-and-i-have-25-2g-packages\/","title":{"rendered":"Phuc Long jasmine tea bag 25 packs x 2g"},"content":{"rendered":"<p><strong>Phuc Long jasmine tea bag 25 packs x 2g<\/strong> is the perfect combination of high quality green tea leaves and jasmine flowers. The tea has the natural scent of jasmine, beautiful yellow color, sweetness of jasmine and slight bitterness of the tea, creating a feeling of refreshment and relaxation for the user.<\/p>\n<p><strong>How to Use:<\/strong><\/p>\n<ul>\n<li>Put the tea bag in a cup and pour boiling water in.<\/li>\n<li>Soak for about 2 - 3 minutes, dip the tea bag 5 times, then take it out and enjoy.<\/li>\n<\/ul>\n<p><strong>Preserve:<\/strong><\/p>\n<ul>\n<li>In a cool, dry place, avoid moisture,<\/li>\n<li>Avoid exposing it to direct sunlight<\/li>\n<\/ul>","protected":false},"excerpt":{"rendered":"<ul>\n<li>Brand: Phuc Long<\/li>\n<li>Brand Country: Viet nam<\/li>\n<li>Packaging: 2g pack (box of 25 packs)<\/li>\n<li>Note: Product packaging may change from batch to batch<\/li>\n<\/ul>","protected":false},"featured_media":26480,"comment_status":"open","ping_status":"closed","template":"","meta":[],"product_brand":[],"product_cat":[31,34,483],"product_tag":[743],"class_list":{"0":"post-12153","1":"product","2":"type-product","3":"status-publish","4":"has-post-thumbnail","6":"product_cat-hang-moi-ve","7":"product_cat-thuc-uong","8":"product_cat-ca-phe","9":"product_tag-tra-lai-phuc-long","10":"pa_thuong-hieu-phuc-long","12":"first","13":"instock","14":"shipping-taxable","15":"purchasable","16":"product-type-simple"},"yoast_head":"<!-- This site is optimized with the Yoast SEO plugin v24.4 - https:\/\/yoast.com\/wordpress\/plugins\/seo\/ -->\n<title>Tr\u00e0 l\u00e0i t\u00fai l\u1ecdc Ph\u00fac Long 25 g\u00f3i x 2g - TOLIO<\/title>\n<meta name=\"description\" content=\"Th\u01b0\u01a1ng hi\u1ec7u: Ph\u00fac Long  Xu\u1ea5t x\u1ee9 th\u01b0\u01a1ng hi\u1ec7u: Vi\u1ec7t Nam  Quy c\u00e1ch \u0111\u00f3ng g\u00f3i: G\u00f3i 2g (h\u1ed9p 25 g\u00f3i)  L\u01b0u \u00fd: Bao b\u00ec s\u1ea3n ph\u1ea9m c\u00f3 th\u1ec3 thay \u0111\u1ed5i theo t\u1eebng \u0111\u1ee3t nh\u1eadp h\u00e0ng\" \/>\n<meta name=\"robots\" content=\"index, follow, max-snippet:-1, max-image-preview:large, max-video-preview:-1\" \/>\n<link rel=\"canonical\" href=\"https:\/\/tolio.co.nz\/en\/product\/i-check-again-and-i-have-25-2g-packages\/\" \/>\n<meta property=\"og:locale\" content=\"en_US\" \/>\n<meta property=\"og:type\" content=\"article\" \/>\n<meta property=\"og:title\" content=\"Tr\u00e0 l\u00e0i t\u00fai l\u1ecdc Ph\u00fac Long 25 g\u00f3i x 2g - TOLIO\" \/>\n<meta property=\"og:description\" content=\"Th\u01b0\u01a1ng hi\u1ec7u: Ph\u00fac Long  Xu\u1ea5t x\u1ee9 th\u01b0\u01a1ng hi\u1ec7u: Vi\u1ec7t Nam  Quy c\u00e1ch \u0111\u00f3ng g\u00f3i: G\u00f3i 2g (h\u1ed9p 25 g\u00f3i)  L\u01b0u \u00fd: Bao b\u00ec s\u1ea3n ph\u1ea9m c\u00f3 th\u1ec3 thay \u0111\u1ed5i theo t\u1eebng \u0111\u1ee3t nh\u1eadp h\u00e0ng\" \/>\n<meta property=\"og:url\" content=\"https:\/\/tolio.co.nz\/en\/product\/i-check-again-and-i-have-25-2g-packages\/\" \/>\n<meta property=\"og:site_name\" content=\"TOLIO\" \/>\n<meta property=\"article:modified_time\" content=\"2026-04-08T05:24:46+00:00\" \/>\n<meta property=\"og:image\" content=\"https:\/\/tolio.co.nz\/wp-content\/uploads\/2023\/11\/305.png\" \/>\n\t<meta property=\"og:image:width\" content=\"1000\" \/>\n\t<meta property=\"og:image:height\" content=\"907\" \/>\n\t<meta property=\"og:image:type\" content=\"image\/png\" \/>\n<meta name=\"twitter:card\" content=\"summary_large_image\" \/>\n<meta name=\"twitter:label1\" content=\"Est. reading time\" \/>\n\t<meta name=\"twitter:data1\" content=\"1 minute\" \/>\n<script type=\"application\/ld+json\" class=\"yoast-schema-graph\">{\"@context\":\"https:\/\/schema.org\",\"@graph\":[{\"@type\":\"WebPage\",\"@id\":\"https:\/\/tolio.co.nz\/san-pham\/tra-lai-tui-loc-phuc-long-25-goi-2g\/\",\"url\":\"https:\/\/tolio.co.nz\/san-pham\/tra-lai-tui-loc-phuc-long-25-goi-2g\/\",\"name\":\"Tr\u00e0 l\u00e0i t\u00fai l\u1ecdc Ph\u00fac Long 25 g\u00f3i x 2g - TOLIO\",\"isPartOf\":{\"@id\":\"https:\/\/tolio.co.nz\/#website\"},\"primaryImageOfPage\":{\"@id\":\"https:\/\/tolio.co.nz\/san-pham\/tra-lai-tui-loc-phuc-long-25-goi-2g\/#primaryimage\"},\"image\":{\"@id\":\"https:\/\/tolio.co.nz\/san-pham\/tra-lai-tui-loc-phuc-long-25-goi-2g\/#primaryimage\"},\"thumbnailUrl\":\"https:\/\/tolio.co.nz\/wp-content\/uploads\/2023\/11\/305.png\",\"datePublished\":\"2023-11-05T03:18:18+00:00\",\"dateModified\":\"2026-04-08T05:24:46+00:00\",\"description\":\"Th\u01b0\u01a1ng hi\u1ec7u: Ph\u00fac Long Xu\u1ea5t x\u1ee9 th\u01b0\u01a1ng hi\u1ec7u: Vi\u1ec7t Nam Quy c\u00e1ch \u0111\u00f3ng g\u00f3i: G\u00f3i 2g (h\u1ed9p 25 g\u00f3i) L\u01b0u \u00fd: Bao b\u00ec s\u1ea3n ph\u1ea9m c\u00f3 th\u1ec3 thay \u0111\u1ed5i theo t\u1eebng \u0111\u1ee3t nh\u1eadp h\u00e0ng\",\"breadcrumb\":{\"@id\":\"https:\/\/tolio.co.nz\/san-pham\/tra-lai-tui-loc-phuc-long-25-goi-2g\/#breadcrumb\"},\"inLanguage\":\"en-US\",\"potentialAction\":[{\"@type\":\"ReadAction\",\"target\":[\"https:\/\/tolio.co.nz\/san-pham\/tra-lai-tui-loc-phuc-long-25-goi-2g\/\"]}]},{\"@type\":\"ImageObject\",\"inLanguage\":\"en-US\",\"@id\":\"https:\/\/tolio.co.nz\/san-pham\/tra-lai-tui-loc-phuc-long-25-goi-2g\/#primaryimage\",\"url\":\"https:\/\/tolio.co.nz\/wp-content\/uploads\/2023\/11\/305.png\",\"contentUrl\":\"https:\/\/tolio.co.nz\/wp-content\/uploads\/2023\/11\/305.png\",\"width\":1000,\"height\":907},{\"@type\":\"BreadcrumbList\",\"@id\":\"https:\/\/tolio.co.nz\/san-pham\/tra-lai-tui-loc-phuc-long-25-goi-2g\/#breadcrumb\",\"itemListElement\":[{\"@type\":\"ListItem\",\"position\":1,\"name\":\"Home\",\"item\":\"https:\/\/tolio.co.nz\/\"},{\"@type\":\"ListItem\",\"position\":2,\"name\":\"C\u1eeda h\u00e0ng\",\"item\":\"https:\/\/tolio.co.nz\/cua-hang\/\"},{\"@type\":\"ListItem\",\"position\":3,\"name\":\"Tr\u00e0 l\u00e0i t\u00fai l\u1ecdc Ph\u00fac Long 25 g\u00f3i x 2g\"}]},{\"@type\":\"WebSite\",\"@id\":\"https:\/\/tolio.co.nz\/#website\",\"url\":\"https:\/\/tolio.co.nz\/\",\"name\":\"TOLIO\",\"description\":\"Vietnamese Grocery Online\",\"potentialAction\":[{\"@type\":\"SearchAction\",\"target\":{\"@type\":\"EntryPoint\",\"urlTemplate\":\"https:\/\/tolio.co.nz\/?s={search_term_string}\"},\"query-input\":{\"@type\":\"PropertyValueSpecification\",\"valueRequired\":true,\"valueName\":\"search_term_string\"}}],\"inLanguage\":\"en-US\"}]}<\/script>\n<!-- \/ Yoast SEO plugin. -->","yoast_head_json":{"title":"Tr\u00e0 l\u00e0i t\u00fai l\u1ecdc Ph\u00fac Long 25 g\u00f3i x 2g - TOLIO","description":"Th\u01b0\u01a1ng hi\u1ec7u: Ph\u00fac Long  Xu\u1ea5t x\u1ee9 th\u01b0\u01a1ng hi\u1ec7u: Vi\u1ec7t Nam  Quy c\u00e1ch \u0111\u00f3ng g\u00f3i: G\u00f3i 2g (h\u1ed9p 25 g\u00f3i)  L\u01b0u \u00fd: Bao b\u00ec s\u1ea3n ph\u1ea9m c\u00f3 th\u1ec3 thay \u0111\u1ed5i theo t\u1eebng \u0111\u1ee3t nh\u1eadp h\u00e0ng","robots":{"index":"index","follow":"follow","max-snippet":"max-snippet:-1","max-image-preview":"max-image-preview:large","max-video-preview":"max-video-preview:-1"},"canonical":"https:\/\/tolio.co.nz\/en\/product\/i-check-again-and-i-have-25-2g-packages\/","og_locale":"en_US","og_type":"article","og_title":"Tr\u00e0 l\u00e0i t\u00fai l\u1ecdc Ph\u00fac Long 25 g\u00f3i x 2g - TOLIO","og_description":"Th\u01b0\u01a1ng hi\u1ec7u: Ph\u00fac Long  Xu\u1ea5t x\u1ee9 th\u01b0\u01a1ng hi\u1ec7u: Vi\u1ec7t Nam  Quy c\u00e1ch \u0111\u00f3ng g\u00f3i: G\u00f3i 2g (h\u1ed9p 25 g\u00f3i)  L\u01b0u \u00fd: Bao b\u00ec s\u1ea3n ph\u1ea9m c\u00f3 th\u1ec3 thay \u0111\u1ed5i theo t\u1eebng \u0111\u1ee3t nh\u1eadp h\u00e0ng","og_url":"https:\/\/tolio.co.nz\/en\/product\/i-check-again-and-i-have-25-2g-packages\/","og_site_name":"TOLIO","article_modified_time":"2026-04-08T05:24:46+00:00","og_image":[{"width":1000,"height":907,"url":"https:\/\/tolio.co.nz\/wp-content\/uploads\/2023\/11\/305.png","type":"image\/png"}],"twitter_card":"summary_large_image","twitter_misc":{"Est. reading time":"1 minute"},"schema":{"@context":"https:\/\/schema.org","@graph":[{"@type":"WebPage","@id":"https:\/\/tolio.co.nz\/san-pham\/tra-lai-tui-loc-phuc-long-25-goi-2g\/","url":"https:\/\/tolio.co.nz\/san-pham\/tra-lai-tui-loc-phuc-long-25-goi-2g\/","name":"Tr\u00e0 l\u00e0i t\u00fai l\u1ecdc Ph\u00fac Long 25 g\u00f3i x 2g - TOLIO","isPartOf":{"@id":"https:\/\/tolio.co.nz\/#website"},"primaryImageOfPage":{"@id":"https:\/\/tolio.co.nz\/san-pham\/tra-lai-tui-loc-phuc-long-25-goi-2g\/#primaryimage"},"image":{"@id":"https:\/\/tolio.co.nz\/san-pham\/tra-lai-tui-loc-phuc-long-25-goi-2g\/#primaryimage"},"thumbnailUrl":"https:\/\/tolio.co.nz\/wp-content\/uploads\/2023\/11\/305.png","datePublished":"2023-11-05T03:18:18+00:00","dateModified":"2026-04-08T05:24:46+00:00","description":"Th\u01b0\u01a1ng hi\u1ec7u: Ph\u00fac Long Xu\u1ea5t x\u1ee9 th\u01b0\u01a1ng hi\u1ec7u: Vi\u1ec7t Nam Quy c\u00e1ch \u0111\u00f3ng g\u00f3i: G\u00f3i 2g (h\u1ed9p 25 g\u00f3i) L\u01b0u \u00fd: Bao b\u00ec s\u1ea3n ph\u1ea9m c\u00f3 th\u1ec3 thay \u0111\u1ed5i theo t\u1eebng \u0111\u1ee3t nh\u1eadp h\u00e0ng","breadcrumb":{"@id":"https:\/\/tolio.co.nz\/san-pham\/tra-lai-tui-loc-phuc-long-25-goi-2g\/#breadcrumb"},"inLanguage":"en-US","potentialAction":[{"@type":"ReadAction","target":["https:\/\/tolio.co.nz\/san-pham\/tra-lai-tui-loc-phuc-long-25-goi-2g\/"]}]},{"@type":"ImageObject","inLanguage":"en-US","@id":"https:\/\/tolio.co.nz\/san-pham\/tra-lai-tui-loc-phuc-long-25-goi-2g\/#primaryimage","url":"https:\/\/tolio.co.nz\/wp-content\/uploads\/2023\/11\/305.png","contentUrl":"https:\/\/tolio.co.nz\/wp-content\/uploads\/2023\/11\/305.png","width":1000,"height":907},{"@type":"BreadcrumbList","@id":"https:\/\/tolio.co.nz\/san-pham\/tra-lai-tui-loc-phuc-long-25-goi-2g\/#breadcrumb","itemListElement":[{"@type":"ListItem","position":1,"name":"Home","item":"https:\/\/tolio.co.nz\/"},{"@type":"ListItem","position":2,"name":"C\u1eeda h\u00e0ng","item":"https:\/\/tolio.co.nz\/cua-hang\/"},{"@type":"ListItem","position":3,"name":"Tr\u00e0 l\u00e0i t\u00fai l\u1ecdc Ph\u00fac Long 25 g\u00f3i x 2g"}]},{"@type":"WebSite","@id":"https:\/\/tolio.co.nz\/#website","url":"https:\/\/tolio.co.nz\/","name":"TOLIO","description":"Vietnamese Grocery Online","potentialAction":[{"@type":"SearchAction","target":{"@type":"EntryPoint","urlTemplate":"https:\/\/tolio.co.nz\/?s={search_term_string}"},"query-input":{"@type":"PropertyValueSpecification","valueRequired":true,"valueName":"search_term_string"}}],"inLanguage":"en-US"}]}},"_links":{"self":[{"href":"https:\/\/tolio.co.nz\/en\/wp-json\/wp\/v2\/product\/12153","targetHints":{"allow":["GET"]}}],"collection":[{"href":"https:\/\/tolio.co.nz\/en\/wp-json\/wp\/v2\/product"}],"about":[{"href":"https:\/\/tolio.co.nz\/en\/wp-json\/wp\/v2\/types\/product"}],"replies":[{"embeddable":true,"href":"https:\/\/tolio.co.nz\/en\/wp-json\/wp\/v2\/comments?post=12153"}],"wp:featuredmedia":[{"embeddable":true,"href":"https:\/\/tolio.co.nz\/en\/wp-json\/wp\/v2\/media\/26480"}],"wp:attachment":[{"href":"https:\/\/tolio.co.nz\/en\/wp-json\/wp\/v2\/media?parent=12153"}],"wp:term":[{"taxonomy":"product_brand","embeddable":true,"href":"https:\/\/tolio.co.nz\/en\/wp-json\/wp\/v2\/product_brand?post=12153"},{"taxonomy":"product_cat","embeddable":true,"href":"https:\/\/tolio.co.nz\/en\/wp-json\/wp\/v2\/product_cat?post=12153"},{"taxonomy":"product_tag","embeddable":true,"href":"https:\/\/tolio.co.nz\/en\/wp-json\/wp\/v2\/product_tag?post=12153"}],"curies":[{"name":"wp","href":"https:\/\/api.w.org\/{rel}","templated":true}]}}