{"id":12415,"date":"2023-11-23T23:02:05","date_gmt":"2023-11-23T10:17:05","guid":{"rendered":"https:\/\/tolio.co.nz\/?post_type=product&#038;p=12415"},"modified":"2026-03-31T17:47:04","modified_gmt":"2026-03-31T05:47:04","slug":"gia-vi-nem-san-nau-bun-rieu-cua-aji-quick-54g","status":"publish","type":"product","link":"https:\/\/tolio.co.nz\/en\/product\/price-of-aji-quick-noodle-rolls-54g\/","title":{"rendered":"Ready-to-Use Seasoning for Crab Soup Aji-Quick 54g"},"content":{"rendered":"<p><strong>Ready-to-Use Seasoning for Crab Soup Aji-Quick 54g <\/strong>We have all the necessary ingredients such as sugar, salt, shrimp paste, shrimp paste, fish sauce powder, meat bone extract powder, onions, spice powder... and especially crab powder. Raw materials are carefully selected from reputable suppliers, and must undergo strict quality testing before being included in the production line.<\/p>\n<p><strong>How to Use:<\/strong><\/p>\n<ul>\n<li>Step 1: Fry purple onion with 1 tablespoon of cooking oil. Add 1 sliced tomato and stir-fry for 1-2 minutes.<\/li>\n<li>Step 2: Add 1.5L of water to boil, add 1 packet of Aji-Quick Bun Rieu Crab seasoning, stir well.<\/li>\n<li>Step 3: Add sliced tomatoes, tofu, blood and curry (if any), and boil again. Put the vermicelli in a bowl, add some cilantro, scoop out the broth and other ingredients. Enjoy while still hot with vegetables.<\/li>\n<\/ul>\n<p><strong>Preserve:<\/strong><\/p>\n<ul>\n<li>To a dry, cool place.<\/li>\n<li>Avoid direct sunlight<\/li>\n<\/ul>","protected":false},"excerpt":{"rendered":"<ul>\n<li>Brand: Aji-Quick<\/li>\n<li>Brand Country: Viet nam<\/li>\n<li>Packaging: 54g package<\/li>\n<li>Note: Product packaging may change from batch to batch<\/li>\n<\/ul>","protected":false},"featured_media":23846,"comment_status":"open","ping_status":"closed","template":"","meta":[],"product_brand":[],"product_cat":[33,481,31],"product_tag":[717,718],"class_list":{"0":"post-12415","1":"product","2":"type-product","3":"status-publish","4":"has-post-thumbnail","6":"product_cat-gia-vi","7":"product_cat-gia-vi-hoan-chinh","8":"product_cat-hang-moi-ve","9":"product_tag-gia-vi-bun-bo-hue","10":"product_tag-gia-vi-bun-bo-hue-ajiquick","11":"pa_thuong-hieu-aji-quick","13":"first","14":"instock","15":"sale","16":"shipping-taxable","17":"purchasable","18":"product-type-simple"},"yoast_head":"<!-- This site is optimized with the Yoast SEO plugin v24.4 - https:\/\/yoast.com\/wordpress\/plugins\/seo\/ -->\n<title>Gia v\u1ecb n\u00eam s\u1eb5n n\u1ea5u b\u00fan ri\u00eau cua Aji-Quick 54g - TOLIO<\/title>\n<meta name=\"description\" content=\"Th\u01b0\u01a1ng hi\u1ec7u: Aji-Quick  Xu\u1ea5t x\u1ee9 th\u01b0\u01a1ng hi\u1ec7u: Vi\u1ec7t Nam  Quy c\u00e1ch \u0111\u00f3ng g\u00f3i: G\u00f3i 54g  L\u01b0u \u00fd: Bao b\u00ec s\u1ea3n ph\u1ea9m c\u00f3 th\u1ec3 thay \u0111\u1ed5i theo t\u1eebng \u0111\u1ee3t nh\u1eadp h\u00e0ng\" \/>\n<meta name=\"robots\" content=\"index, follow, max-snippet:-1, max-image-preview:large, max-video-preview:-1\" \/>\n<link rel=\"canonical\" href=\"https:\/\/tolio.co.nz\/en\/product\/price-of-aji-quick-noodle-rolls-54g\/\" \/>\n<meta property=\"og:locale\" content=\"en_US\" \/>\n<meta property=\"og:type\" content=\"article\" \/>\n<meta property=\"og:title\" content=\"Gia v\u1ecb n\u00eam s\u1eb5n n\u1ea5u b\u00fan ri\u00eau cua Aji-Quick 54g - TOLIO\" \/>\n<meta property=\"og:description\" content=\"Th\u01b0\u01a1ng hi\u1ec7u: Aji-Quick  Xu\u1ea5t x\u1ee9 th\u01b0\u01a1ng hi\u1ec7u: Vi\u1ec7t Nam  Quy c\u00e1ch \u0111\u00f3ng g\u00f3i: G\u00f3i 54g  L\u01b0u \u00fd: Bao b\u00ec s\u1ea3n ph\u1ea9m c\u00f3 th\u1ec3 thay \u0111\u1ed5i theo t\u1eebng \u0111\u1ee3t nh\u1eadp h\u00e0ng\" \/>\n<meta property=\"og:url\" content=\"https:\/\/tolio.co.nz\/en\/product\/price-of-aji-quick-noodle-rolls-54g\/\" \/>\n<meta property=\"og:site_name\" content=\"TOLIO\" \/>\n<meta property=\"article:modified_time\" content=\"2026-03-31T05:47:04+00:00\" \/>\n<meta property=\"og:image\" content=\"https:\/\/tolio.co.nz\/wp-content\/uploads\/2023\/11\/117.png\" \/>\n\t<meta property=\"og:image:width\" content=\"1000\" \/>\n\t<meta property=\"og:image:height\" content=\"907\" \/>\n\t<meta property=\"og:image:type\" content=\"image\/png\" \/>\n<meta name=\"twitter:card\" content=\"summary_large_image\" \/>\n<meta name=\"twitter:label1\" content=\"Est. reading time\" \/>\n\t<meta name=\"twitter:data1\" content=\"2 minutes\" \/>\n<script type=\"application\/ld+json\" class=\"yoast-schema-graph\">{\"@context\":\"https:\/\/schema.org\",\"@graph\":[{\"@type\":\"WebPage\",\"@id\":\"https:\/\/tolio.co.nz\/san-pham\/gia-vi-nem-san-nau-bun-rieu-cua-aji-quick-54g\/\",\"url\":\"https:\/\/tolio.co.nz\/san-pham\/gia-vi-nem-san-nau-bun-rieu-cua-aji-quick-54g\/\",\"name\":\"Gia v\u1ecb n\u00eam s\u1eb5n n\u1ea5u b\u00fan ri\u00eau cua Aji-Quick 54g - TOLIO\",\"isPartOf\":{\"@id\":\"https:\/\/tolio.co.nz\/#website\"},\"primaryImageOfPage\":{\"@id\":\"https:\/\/tolio.co.nz\/san-pham\/gia-vi-nem-san-nau-bun-rieu-cua-aji-quick-54g\/#primaryimage\"},\"image\":{\"@id\":\"https:\/\/tolio.co.nz\/san-pham\/gia-vi-nem-san-nau-bun-rieu-cua-aji-quick-54g\/#primaryimage\"},\"thumbnailUrl\":\"https:\/\/tolio.co.nz\/wp-content\/uploads\/2023\/11\/117.png\",\"datePublished\":\"2023-11-23T10:17:05+00:00\",\"dateModified\":\"2026-03-31T05:47:04+00:00\",\"description\":\"Th\u01b0\u01a1ng hi\u1ec7u: Aji-Quick Xu\u1ea5t x\u1ee9 th\u01b0\u01a1ng hi\u1ec7u: Vi\u1ec7t Nam Quy c\u00e1ch \u0111\u00f3ng g\u00f3i: G\u00f3i 54g L\u01b0u \u00fd: Bao b\u00ec s\u1ea3n ph\u1ea9m c\u00f3 th\u1ec3 thay \u0111\u1ed5i theo t\u1eebng \u0111\u1ee3t nh\u1eadp h\u00e0ng\",\"breadcrumb\":{\"@id\":\"https:\/\/tolio.co.nz\/san-pham\/gia-vi-nem-san-nau-bun-rieu-cua-aji-quick-54g\/#breadcrumb\"},\"inLanguage\":\"en-US\",\"potentialAction\":[{\"@type\":\"ReadAction\",\"target\":[\"https:\/\/tolio.co.nz\/san-pham\/gia-vi-nem-san-nau-bun-rieu-cua-aji-quick-54g\/\"]}]},{\"@type\":\"ImageObject\",\"inLanguage\":\"en-US\",\"@id\":\"https:\/\/tolio.co.nz\/san-pham\/gia-vi-nem-san-nau-bun-rieu-cua-aji-quick-54g\/#primaryimage\",\"url\":\"https:\/\/tolio.co.nz\/wp-content\/uploads\/2023\/11\/117.png\",\"contentUrl\":\"https:\/\/tolio.co.nz\/wp-content\/uploads\/2023\/11\/117.png\",\"width\":1000,\"height\":907},{\"@type\":\"BreadcrumbList\",\"@id\":\"https:\/\/tolio.co.nz\/san-pham\/gia-vi-nem-san-nau-bun-rieu-cua-aji-quick-54g\/#breadcrumb\",\"itemListElement\":[{\"@type\":\"ListItem\",\"position\":1,\"name\":\"Home\",\"item\":\"https:\/\/tolio.co.nz\/\"},{\"@type\":\"ListItem\",\"position\":2,\"name\":\"C\u1eeda h\u00e0ng\",\"item\":\"https:\/\/tolio.co.nz\/cua-hang\/\"},{\"@type\":\"ListItem\",\"position\":3,\"name\":\"Gia v\u1ecb n\u00eam s\u1eb5n n\u1ea5u b\u00fan ri\u00eau cua Aji-Quick 54g\"}]},{\"@type\":\"WebSite\",\"@id\":\"https:\/\/tolio.co.nz\/#website\",\"url\":\"https:\/\/tolio.co.nz\/\",\"name\":\"TOLIO\",\"description\":\"Vietnamese Grocery Online\",\"potentialAction\":[{\"@type\":\"SearchAction\",\"target\":{\"@type\":\"EntryPoint\",\"urlTemplate\":\"https:\/\/tolio.co.nz\/?s={search_term_string}\"},\"query-input\":{\"@type\":\"PropertyValueSpecification\",\"valueRequired\":true,\"valueName\":\"search_term_string\"}}],\"inLanguage\":\"en-US\"}]}<\/script>\n<!-- \/ Yoast SEO plugin. -->","yoast_head_json":{"title":"Gia v\u1ecb n\u00eam s\u1eb5n n\u1ea5u b\u00fan ri\u00eau cua Aji-Quick 54g - TOLIO","description":"Th\u01b0\u01a1ng hi\u1ec7u: Aji-Quick  Xu\u1ea5t x\u1ee9 th\u01b0\u01a1ng hi\u1ec7u: Vi\u1ec7t Nam  Quy c\u00e1ch \u0111\u00f3ng g\u00f3i: G\u00f3i 54g  L\u01b0u \u00fd: Bao b\u00ec s\u1ea3n ph\u1ea9m c\u00f3 th\u1ec3 thay \u0111\u1ed5i theo t\u1eebng \u0111\u1ee3t nh\u1eadp h\u00e0ng","robots":{"index":"index","follow":"follow","max-snippet":"max-snippet:-1","max-image-preview":"max-image-preview:large","max-video-preview":"max-video-preview:-1"},"canonical":"https:\/\/tolio.co.nz\/en\/product\/price-of-aji-quick-noodle-rolls-54g\/","og_locale":"en_US","og_type":"article","og_title":"Gia v\u1ecb n\u00eam s\u1eb5n n\u1ea5u b\u00fan ri\u00eau cua Aji-Quick 54g - TOLIO","og_description":"Th\u01b0\u01a1ng hi\u1ec7u: Aji-Quick  Xu\u1ea5t x\u1ee9 th\u01b0\u01a1ng hi\u1ec7u: Vi\u1ec7t Nam  Quy c\u00e1ch \u0111\u00f3ng g\u00f3i: G\u00f3i 54g  L\u01b0u \u00fd: Bao b\u00ec s\u1ea3n ph\u1ea9m c\u00f3 th\u1ec3 thay \u0111\u1ed5i theo t\u1eebng \u0111\u1ee3t nh\u1eadp h\u00e0ng","og_url":"https:\/\/tolio.co.nz\/en\/product\/price-of-aji-quick-noodle-rolls-54g\/","og_site_name":"TOLIO","article_modified_time":"2026-03-31T05:47:04+00:00","og_image":[{"width":1000,"height":907,"url":"https:\/\/tolio.co.nz\/wp-content\/uploads\/2023\/11\/117.png","type":"image\/png"}],"twitter_card":"summary_large_image","twitter_misc":{"Est. reading time":"2 minutes"},"schema":{"@context":"https:\/\/schema.org","@graph":[{"@type":"WebPage","@id":"https:\/\/tolio.co.nz\/san-pham\/gia-vi-nem-san-nau-bun-rieu-cua-aji-quick-54g\/","url":"https:\/\/tolio.co.nz\/san-pham\/gia-vi-nem-san-nau-bun-rieu-cua-aji-quick-54g\/","name":"Gia v\u1ecb n\u00eam s\u1eb5n n\u1ea5u b\u00fan ri\u00eau cua Aji-Quick 54g - TOLIO","isPartOf":{"@id":"https:\/\/tolio.co.nz\/#website"},"primaryImageOfPage":{"@id":"https:\/\/tolio.co.nz\/san-pham\/gia-vi-nem-san-nau-bun-rieu-cua-aji-quick-54g\/#primaryimage"},"image":{"@id":"https:\/\/tolio.co.nz\/san-pham\/gia-vi-nem-san-nau-bun-rieu-cua-aji-quick-54g\/#primaryimage"},"thumbnailUrl":"https:\/\/tolio.co.nz\/wp-content\/uploads\/2023\/11\/117.png","datePublished":"2023-11-23T10:17:05+00:00","dateModified":"2026-03-31T05:47:04+00:00","description":"Th\u01b0\u01a1ng hi\u1ec7u: Aji-Quick Xu\u1ea5t x\u1ee9 th\u01b0\u01a1ng hi\u1ec7u: Vi\u1ec7t Nam Quy c\u00e1ch \u0111\u00f3ng g\u00f3i: G\u00f3i 54g L\u01b0u \u00fd: Bao b\u00ec s\u1ea3n ph\u1ea9m c\u00f3 th\u1ec3 thay \u0111\u1ed5i theo t\u1eebng \u0111\u1ee3t nh\u1eadp h\u00e0ng","breadcrumb":{"@id":"https:\/\/tolio.co.nz\/san-pham\/gia-vi-nem-san-nau-bun-rieu-cua-aji-quick-54g\/#breadcrumb"},"inLanguage":"en-US","potentialAction":[{"@type":"ReadAction","target":["https:\/\/tolio.co.nz\/san-pham\/gia-vi-nem-san-nau-bun-rieu-cua-aji-quick-54g\/"]}]},{"@type":"ImageObject","inLanguage":"en-US","@id":"https:\/\/tolio.co.nz\/san-pham\/gia-vi-nem-san-nau-bun-rieu-cua-aji-quick-54g\/#primaryimage","url":"https:\/\/tolio.co.nz\/wp-content\/uploads\/2023\/11\/117.png","contentUrl":"https:\/\/tolio.co.nz\/wp-content\/uploads\/2023\/11\/117.png","width":1000,"height":907},{"@type":"BreadcrumbList","@id":"https:\/\/tolio.co.nz\/san-pham\/gia-vi-nem-san-nau-bun-rieu-cua-aji-quick-54g\/#breadcrumb","itemListElement":[{"@type":"ListItem","position":1,"name":"Home","item":"https:\/\/tolio.co.nz\/"},{"@type":"ListItem","position":2,"name":"C\u1eeda h\u00e0ng","item":"https:\/\/tolio.co.nz\/cua-hang\/"},{"@type":"ListItem","position":3,"name":"Gia v\u1ecb n\u00eam s\u1eb5n n\u1ea5u b\u00fan ri\u00eau cua Aji-Quick 54g"}]},{"@type":"WebSite","@id":"https:\/\/tolio.co.nz\/#website","url":"https:\/\/tolio.co.nz\/","name":"TOLIO","description":"Vietnamese Grocery Online","potentialAction":[{"@type":"SearchAction","target":{"@type":"EntryPoint","urlTemplate":"https:\/\/tolio.co.nz\/?s={search_term_string}"},"query-input":{"@type":"PropertyValueSpecification","valueRequired":true,"valueName":"search_term_string"}}],"inLanguage":"en-US"}]}},"_links":{"self":[{"href":"https:\/\/tolio.co.nz\/en\/wp-json\/wp\/v2\/product\/12415","targetHints":{"allow":["GET"]}}],"collection":[{"href":"https:\/\/tolio.co.nz\/en\/wp-json\/wp\/v2\/product"}],"about":[{"href":"https:\/\/tolio.co.nz\/en\/wp-json\/wp\/v2\/types\/product"}],"replies":[{"embeddable":true,"href":"https:\/\/tolio.co.nz\/en\/wp-json\/wp\/v2\/comments?post=12415"}],"wp:featuredmedia":[{"embeddable":true,"href":"https:\/\/tolio.co.nz\/en\/wp-json\/wp\/v2\/media\/23846"}],"wp:attachment":[{"href":"https:\/\/tolio.co.nz\/en\/wp-json\/wp\/v2\/media?parent=12415"}],"wp:term":[{"taxonomy":"product_brand","embeddable":true,"href":"https:\/\/tolio.co.nz\/en\/wp-json\/wp\/v2\/product_brand?post=12415"},{"taxonomy":"product_cat","embeddable":true,"href":"https:\/\/tolio.co.nz\/en\/wp-json\/wp\/v2\/product_cat?post=12415"},{"taxonomy":"product_tag","embeddable":true,"href":"https:\/\/tolio.co.nz\/en\/wp-json\/wp\/v2\/product_tag?post=12415"}],"curies":[{"name":"wp","href":"https:\/\/api.w.org\/{rel}","templated":true}]}}