{"id":12485,"date":"2023-11-25T02:29:02","date_gmt":"2023-11-24T13:44:02","guid":{"rendered":"https:\/\/tolio.co.nz\/?post_type=product&#038;p=12485"},"modified":"2026-04-07T13:52:41","modified_gmt":"2026-04-07T01:52:41","slug":"banh-trang-cha-gio-ba-cay-tre-tron-size-22cm-goi-340g","status":"publish","type":"product","link":"https:\/\/tolio.co.nz\/en\/product\/banh-trang-cha-gio-ba-spicy-bamboo-in-size-22cm-package-340g\/","title":{"rendered":"Ba Cay Tre spring roll rice paper, round size 22cm, package 340g"},"content":{"rendered":"<p><strong>Ba Cay Tre spring roll rice paper, round size 22cm, package 340g<\/strong> Products are manufactured according to a closed modern process, meeting export standards in many countries around the world, including the most demanding markets such as the United States, Japan, Korea, Australia, Canada, and other countries. countries in the European region. Product contains Gluten<\/p>\n<p><strong>How to Use:<\/strong><\/p>\n<ul>\n<li>How to use to make spring rolls: Take 1 rice paper on a plate, 1 cup of filtered water, then dip the rice paper in a cup of water, put the pre-made meat filling in the middle of the rice paper, roll it up on 3 sides to make it round, then fry.<\/li>\n<\/ul>\n<p><strong>Preserve:<\/strong><\/p>\n<ul>\n<li>To a dry, cool place.<\/li>\n<li>Store at room temperature<\/li>\n<\/ul>","protected":false},"excerpt":{"rendered":"<ul>\n<li>Brand: Three bamboos<\/li>\n<li>Brand Country: Viet nam<\/li>\n<li>Packing: <strong>size 22cm<\/strong> \u2013 340g package, set of 11 packages, carton of 44 packages<\/li>\n<li>Note: Product packaging may change from batch to batch<\/li>\n<\/ul>\n<p>&nbsp;<\/p>","protected":false},"featured_media":20574,"comment_status":"open","ping_status":"closed","template":"","meta":[],"product_brand":[],"product_cat":[32,31],"product_tag":[148,153,752],"class_list":{"0":"post-12485","1":"product","2":"type-product","3":"status-publish","4":"has-post-thumbnail","6":"product_cat-bun-pho-banh-trang","7":"product_cat-hang-moi-ve","8":"product_tag-banh-trang","9":"product_tag-banh-trang-ba-cay-tre","10":"product_tag-banh-trang-cha-gio","11":"pa_thuong-hieu-ba-cay-tre","13":"first","14":"instock","15":"shipping-taxable","16":"purchasable","17":"product-type-simple"},"yoast_head":"<!-- This site is optimized with the Yoast SEO plugin v24.4 - https:\/\/yoast.com\/wordpress\/plugins\/seo\/ -->\n<title>B\u00e1nh tr\u00e1ng ch\u1ea3 gi\u00f2 Ba C\u00e2y Tre tr\u00f2n size 22cm g\u00f3i 340g - TOLIO<\/title>\n<meta name=\"description\" content=\"Th\u01b0\u01a1ng hi\u1ec7u: Ba c\u00e2y tre  Xu\u1ea5t x\u1ee9 th\u01b0\u01a1ng hi\u1ec7u: Vi\u1ec7t Nam  Quy c\u00e1ch \u0111\u00f3ng g\u00f3i: size 22cm - G\u00f3i 340g, set 11 g\u00f3i, th\u00f9ng 44 g\u00f3i  L\u01b0u \u00fd: Bao b\u00ec s\u1ea3n ph\u1ea9m c\u00f3 th\u1ec3 thay \u0111\u1ed5i theo t\u1eebng \u0111\u1ee3t nh\u1eadp h\u00e0ng  &nbsp;\" \/>\n<meta name=\"robots\" content=\"index, follow, max-snippet:-1, max-image-preview:large, max-video-preview:-1\" \/>\n<link rel=\"canonical\" href=\"https:\/\/tolio.co.nz\/en\/product\/banh-trang-cha-gio-ba-spicy-bamboo-in-size-22cm-package-340g\/\" \/>\n<meta property=\"og:locale\" content=\"en_US\" \/>\n<meta property=\"og:type\" content=\"article\" \/>\n<meta property=\"og:title\" content=\"B\u00e1nh tr\u00e1ng ch\u1ea3 gi\u00f2 Ba C\u00e2y Tre tr\u00f2n size 22cm g\u00f3i 340g - TOLIO\" \/>\n<meta property=\"og:description\" content=\"Th\u01b0\u01a1ng hi\u1ec7u: Ba c\u00e2y tre  Xu\u1ea5t x\u1ee9 th\u01b0\u01a1ng hi\u1ec7u: Vi\u1ec7t Nam  Quy c\u00e1ch \u0111\u00f3ng g\u00f3i: size 22cm - G\u00f3i 340g, set 11 g\u00f3i, th\u00f9ng 44 g\u00f3i  L\u01b0u \u00fd: Bao b\u00ec s\u1ea3n ph\u1ea9m c\u00f3 th\u1ec3 thay \u0111\u1ed5i theo t\u1eebng \u0111\u1ee3t nh\u1eadp h\u00e0ng  &nbsp;\" \/>\n<meta property=\"og:url\" content=\"https:\/\/tolio.co.nz\/en\/product\/banh-trang-cha-gio-ba-spicy-bamboo-in-size-22cm-package-340g\/\" \/>\n<meta property=\"og:site_name\" content=\"TOLIO\" \/>\n<meta property=\"article:modified_time\" content=\"2026-04-07T01:52:41+00:00\" \/>\n<meta property=\"og:image\" content=\"https:\/\/tolio.co.nz\/wp-content\/uploads\/2023\/11\/129.png\" \/>\n\t<meta property=\"og:image:width\" content=\"1000\" \/>\n\t<meta property=\"og:image:height\" content=\"907\" \/>\n\t<meta property=\"og:image:type\" content=\"image\/png\" \/>\n<meta name=\"twitter:card\" content=\"summary_large_image\" \/>\n<meta name=\"twitter:label1\" content=\"Est. reading time\" \/>\n\t<meta name=\"twitter:data1\" content=\"1 minute\" \/>\n<script type=\"application\/ld+json\" class=\"yoast-schema-graph\">{\"@context\":\"https:\/\/schema.org\",\"@graph\":[{\"@type\":\"WebPage\",\"@id\":\"https:\/\/tolio.co.nz\/san-pham\/banh-trang-cha-gio-ba-cay-tre-tron-size-22cm-goi-340g\/\",\"url\":\"https:\/\/tolio.co.nz\/san-pham\/banh-trang-cha-gio-ba-cay-tre-tron-size-22cm-goi-340g\/\",\"name\":\"B\u00e1nh tr\u00e1ng ch\u1ea3 gi\u00f2 Ba C\u00e2y Tre tr\u00f2n size 22cm g\u00f3i 340g - TOLIO\",\"isPartOf\":{\"@id\":\"https:\/\/tolio.co.nz\/#website\"},\"primaryImageOfPage\":{\"@id\":\"https:\/\/tolio.co.nz\/san-pham\/banh-trang-cha-gio-ba-cay-tre-tron-size-22cm-goi-340g\/#primaryimage\"},\"image\":{\"@id\":\"https:\/\/tolio.co.nz\/san-pham\/banh-trang-cha-gio-ba-cay-tre-tron-size-22cm-goi-340g\/#primaryimage\"},\"thumbnailUrl\":\"https:\/\/tolio.co.nz\/wp-content\/uploads\/2023\/11\/129.png\",\"datePublished\":\"2023-11-24T13:44:02+00:00\",\"dateModified\":\"2026-04-07T01:52:41+00:00\",\"description\":\"Th\u01b0\u01a1ng hi\u1ec7u: Ba c\u00e2y tre Xu\u1ea5t x\u1ee9 th\u01b0\u01a1ng hi\u1ec7u: Vi\u1ec7t Nam Quy c\u00e1ch \u0111\u00f3ng g\u00f3i: size 22cm - G\u00f3i 340g, set 11 g\u00f3i, th\u00f9ng 44 g\u00f3i L\u01b0u \u00fd: Bao b\u00ec s\u1ea3n ph\u1ea9m c\u00f3 th\u1ec3 thay \u0111\u1ed5i theo t\u1eebng \u0111\u1ee3t nh\u1eadp h\u00e0ng &nbsp;\",\"breadcrumb\":{\"@id\":\"https:\/\/tolio.co.nz\/san-pham\/banh-trang-cha-gio-ba-cay-tre-tron-size-22cm-goi-340g\/#breadcrumb\"},\"inLanguage\":\"en-US\",\"potentialAction\":[{\"@type\":\"ReadAction\",\"target\":[\"https:\/\/tolio.co.nz\/san-pham\/banh-trang-cha-gio-ba-cay-tre-tron-size-22cm-goi-340g\/\"]}]},{\"@type\":\"ImageObject\",\"inLanguage\":\"en-US\",\"@id\":\"https:\/\/tolio.co.nz\/san-pham\/banh-trang-cha-gio-ba-cay-tre-tron-size-22cm-goi-340g\/#primaryimage\",\"url\":\"https:\/\/tolio.co.nz\/wp-content\/uploads\/2023\/11\/129.png\",\"contentUrl\":\"https:\/\/tolio.co.nz\/wp-content\/uploads\/2023\/11\/129.png\",\"width\":1000,\"height\":907},{\"@type\":\"BreadcrumbList\",\"@id\":\"https:\/\/tolio.co.nz\/san-pham\/banh-trang-cha-gio-ba-cay-tre-tron-size-22cm-goi-340g\/#breadcrumb\",\"itemListElement\":[{\"@type\":\"ListItem\",\"position\":1,\"name\":\"Home\",\"item\":\"https:\/\/tolio.co.nz\/\"},{\"@type\":\"ListItem\",\"position\":2,\"name\":\"C\u1eeda h\u00e0ng\",\"item\":\"https:\/\/tolio.co.nz\/cua-hang\/\"},{\"@type\":\"ListItem\",\"position\":3,\"name\":\"B\u00e1nh tr\u00e1ng ch\u1ea3 gi\u00f2 Ba C\u00e2y Tre tr\u00f2n size 22cm g\u00f3i 340g\"}]},{\"@type\":\"WebSite\",\"@id\":\"https:\/\/tolio.co.nz\/#website\",\"url\":\"https:\/\/tolio.co.nz\/\",\"name\":\"TOLIO\",\"description\":\"Vietnamese Grocery Online\",\"potentialAction\":[{\"@type\":\"SearchAction\",\"target\":{\"@type\":\"EntryPoint\",\"urlTemplate\":\"https:\/\/tolio.co.nz\/?s={search_term_string}\"},\"query-input\":{\"@type\":\"PropertyValueSpecification\",\"valueRequired\":true,\"valueName\":\"search_term_string\"}}],\"inLanguage\":\"en-US\"}]}<\/script>\n<!-- \/ Yoast SEO plugin. -->","yoast_head_json":{"title":"B\u00e1nh tr\u00e1ng ch\u1ea3 gi\u00f2 Ba C\u00e2y Tre tr\u00f2n size 22cm g\u00f3i 340g - TOLIO","description":"Th\u01b0\u01a1ng hi\u1ec7u: Ba c\u00e2y tre  Xu\u1ea5t x\u1ee9 th\u01b0\u01a1ng hi\u1ec7u: Vi\u1ec7t Nam  Quy c\u00e1ch \u0111\u00f3ng g\u00f3i: size 22cm - G\u00f3i 340g, set 11 g\u00f3i, th\u00f9ng 44 g\u00f3i  L\u01b0u \u00fd: Bao b\u00ec s\u1ea3n ph\u1ea9m c\u00f3 th\u1ec3 thay \u0111\u1ed5i theo t\u1eebng \u0111\u1ee3t nh\u1eadp h\u00e0ng  &nbsp;","robots":{"index":"index","follow":"follow","max-snippet":"max-snippet:-1","max-image-preview":"max-image-preview:large","max-video-preview":"max-video-preview:-1"},"canonical":"https:\/\/tolio.co.nz\/en\/product\/banh-trang-cha-gio-ba-spicy-bamboo-in-size-22cm-package-340g\/","og_locale":"en_US","og_type":"article","og_title":"B\u00e1nh tr\u00e1ng ch\u1ea3 gi\u00f2 Ba C\u00e2y Tre tr\u00f2n size 22cm g\u00f3i 340g - TOLIO","og_description":"Th\u01b0\u01a1ng hi\u1ec7u: Ba c\u00e2y tre  Xu\u1ea5t x\u1ee9 th\u01b0\u01a1ng hi\u1ec7u: Vi\u1ec7t Nam  Quy c\u00e1ch \u0111\u00f3ng g\u00f3i: size 22cm - G\u00f3i 340g, set 11 g\u00f3i, th\u00f9ng 44 g\u00f3i  L\u01b0u \u00fd: Bao b\u00ec s\u1ea3n ph\u1ea9m c\u00f3 th\u1ec3 thay \u0111\u1ed5i theo t\u1eebng \u0111\u1ee3t nh\u1eadp h\u00e0ng  &nbsp;","og_url":"https:\/\/tolio.co.nz\/en\/product\/banh-trang-cha-gio-ba-spicy-bamboo-in-size-22cm-package-340g\/","og_site_name":"TOLIO","article_modified_time":"2026-04-07T01:52:41+00:00","og_image":[{"width":1000,"height":907,"url":"https:\/\/tolio.co.nz\/wp-content\/uploads\/2023\/11\/129.png","type":"image\/png"}],"twitter_card":"summary_large_image","twitter_misc":{"Est. reading time":"1 minute"},"schema":{"@context":"https:\/\/schema.org","@graph":[{"@type":"WebPage","@id":"https:\/\/tolio.co.nz\/san-pham\/banh-trang-cha-gio-ba-cay-tre-tron-size-22cm-goi-340g\/","url":"https:\/\/tolio.co.nz\/san-pham\/banh-trang-cha-gio-ba-cay-tre-tron-size-22cm-goi-340g\/","name":"B\u00e1nh tr\u00e1ng ch\u1ea3 gi\u00f2 Ba C\u00e2y Tre tr\u00f2n size 22cm g\u00f3i 340g - TOLIO","isPartOf":{"@id":"https:\/\/tolio.co.nz\/#website"},"primaryImageOfPage":{"@id":"https:\/\/tolio.co.nz\/san-pham\/banh-trang-cha-gio-ba-cay-tre-tron-size-22cm-goi-340g\/#primaryimage"},"image":{"@id":"https:\/\/tolio.co.nz\/san-pham\/banh-trang-cha-gio-ba-cay-tre-tron-size-22cm-goi-340g\/#primaryimage"},"thumbnailUrl":"https:\/\/tolio.co.nz\/wp-content\/uploads\/2023\/11\/129.png","datePublished":"2023-11-24T13:44:02+00:00","dateModified":"2026-04-07T01:52:41+00:00","description":"Th\u01b0\u01a1ng hi\u1ec7u: Ba c\u00e2y tre Xu\u1ea5t x\u1ee9 th\u01b0\u01a1ng hi\u1ec7u: Vi\u1ec7t Nam Quy c\u00e1ch \u0111\u00f3ng g\u00f3i: size 22cm - G\u00f3i 340g, set 11 g\u00f3i, th\u00f9ng 44 g\u00f3i L\u01b0u \u00fd: Bao b\u00ec s\u1ea3n ph\u1ea9m c\u00f3 th\u1ec3 thay \u0111\u1ed5i theo t\u1eebng \u0111\u1ee3t nh\u1eadp h\u00e0ng &nbsp;","breadcrumb":{"@id":"https:\/\/tolio.co.nz\/san-pham\/banh-trang-cha-gio-ba-cay-tre-tron-size-22cm-goi-340g\/#breadcrumb"},"inLanguage":"en-US","potentialAction":[{"@type":"ReadAction","target":["https:\/\/tolio.co.nz\/san-pham\/banh-trang-cha-gio-ba-cay-tre-tron-size-22cm-goi-340g\/"]}]},{"@type":"ImageObject","inLanguage":"en-US","@id":"https:\/\/tolio.co.nz\/san-pham\/banh-trang-cha-gio-ba-cay-tre-tron-size-22cm-goi-340g\/#primaryimage","url":"https:\/\/tolio.co.nz\/wp-content\/uploads\/2023\/11\/129.png","contentUrl":"https:\/\/tolio.co.nz\/wp-content\/uploads\/2023\/11\/129.png","width":1000,"height":907},{"@type":"BreadcrumbList","@id":"https:\/\/tolio.co.nz\/san-pham\/banh-trang-cha-gio-ba-cay-tre-tron-size-22cm-goi-340g\/#breadcrumb","itemListElement":[{"@type":"ListItem","position":1,"name":"Home","item":"https:\/\/tolio.co.nz\/"},{"@type":"ListItem","position":2,"name":"C\u1eeda h\u00e0ng","item":"https:\/\/tolio.co.nz\/cua-hang\/"},{"@type":"ListItem","position":3,"name":"B\u00e1nh tr\u00e1ng ch\u1ea3 gi\u00f2 Ba C\u00e2y Tre tr\u00f2n size 22cm g\u00f3i 340g"}]},{"@type":"WebSite","@id":"https:\/\/tolio.co.nz\/#website","url":"https:\/\/tolio.co.nz\/","name":"TOLIO","description":"Vietnamese Grocery Online","potentialAction":[{"@type":"SearchAction","target":{"@type":"EntryPoint","urlTemplate":"https:\/\/tolio.co.nz\/?s={search_term_string}"},"query-input":{"@type":"PropertyValueSpecification","valueRequired":true,"valueName":"search_term_string"}}],"inLanguage":"en-US"}]}},"_links":{"self":[{"href":"https:\/\/tolio.co.nz\/en\/wp-json\/wp\/v2\/product\/12485","targetHints":{"allow":["GET"]}}],"collection":[{"href":"https:\/\/tolio.co.nz\/en\/wp-json\/wp\/v2\/product"}],"about":[{"href":"https:\/\/tolio.co.nz\/en\/wp-json\/wp\/v2\/types\/product"}],"replies":[{"embeddable":true,"href":"https:\/\/tolio.co.nz\/en\/wp-json\/wp\/v2\/comments?post=12485"}],"wp:featuredmedia":[{"embeddable":true,"href":"https:\/\/tolio.co.nz\/en\/wp-json\/wp\/v2\/media\/20574"}],"wp:attachment":[{"href":"https:\/\/tolio.co.nz\/en\/wp-json\/wp\/v2\/media?parent=12485"}],"wp:term":[{"taxonomy":"product_brand","embeddable":true,"href":"https:\/\/tolio.co.nz\/en\/wp-json\/wp\/v2\/product_brand?post=12485"},{"taxonomy":"product_cat","embeddable":true,"href":"https:\/\/tolio.co.nz\/en\/wp-json\/wp\/v2\/product_cat?post=12485"},{"taxonomy":"product_tag","embeddable":true,"href":"https:\/\/tolio.co.nz\/en\/wp-json\/wp\/v2\/product_tag?post=12485"}],"curies":[{"name":"wp","href":"https:\/\/api.w.org\/{rel}","templated":true}]}}