{"id":13715,"date":"2024-01-27T16:19:52","date_gmt":"2024-01-27T03:34:52","guid":{"rendered":"https:\/\/tolio.co.nz\/?post_type=product&#038;p=13715"},"modified":"2026-03-24T16:32:52","modified_gmt":"2026-03-24T04:32:52","slug":"mua-7-tang-1-set-8-goi-xot-gia-cay-barona-goi-80g","status":"publish","type":"product","link":"https:\/\/tolio.co.nz\/en\/product\/buy-7-tangs-1-set-of-8-barona-spicy-sauce-80g-package\/","title":{"rendered":"[Buy 7 get 1 free] Set of Barona Vegetarian Dog Meat Sauce 8 x 80g"},"content":{"rendered":"<p><strong>Barona pre-seasoned seasoning<\/strong> Manufactured on a closed production line, meeting high quality standards. Barona complete spice sauce imitating civet, 80g package is a pre-seasoned spice extracted from fresh vegetables and fruits: galangal, onion, garlic, turmeric, tomato, green onion for a fresh, natural flavor..<\/p>\n<p><strong>How to Use:<\/strong><\/p>\n<ul>\n<li>Step 1: Sear the meat until the skin turns light brown. Scrape off the burned part, wash and cut into bite-sized pieces.<\/li>\n<li>Step 2: Marinate the meat with 1 package of Barona Complete Spice Sauce - Pseudo Civet and crushed galangal for 30 minutes (Can add more batches to enhance the flavor of the dish).<\/li>\n<li>Step 3: Stir-fry the meat, add water to cover the meat and bring to a boil. Cook over low heat until the meat is just tender and ready to use.<\/li>\n<\/ul>\n<p><strong>Preserve:<\/strong><\/p>\n<ul>\n<li>Store in a cool, dry place, avoid direct sunlight and store in the refrigerator after opening the package<\/li>\n<\/ul>\n<p>&nbsp;<\/p>\n<p>&nbsp;<\/p>","protected":false},"excerpt":{"rendered":"<ul>\n<li>Brand: Barona<\/li>\n<li>Brand Country: Viet nam<\/li>\n<li>Packing: 80g pack, 20 packs\/box, 4 boxes\/carton<\/li>\n<li>Note: Product packaging may change from batch to batch<\/li>\n<\/ul>","protected":false},"featured_media":21032,"comment_status":"open","ping_status":"closed","template":"","meta":[],"product_brand":[],"product_cat":[33,481,31],"product_tag":[252,765],"class_list":{"0":"post-13715","1":"product","2":"type-product","3":"status-publish","4":"has-post-thumbnail","6":"product_cat-gia-vi","7":"product_cat-gia-vi-hoan-chinh","8":"product_cat-hang-moi-ve","9":"product_tag-xot-barona","10":"product_tag-xot-gia-cay","11":"pa_thuong-hieu-barona","13":"first","14":"instock","15":"sale","16":"shipping-taxable","17":"purchasable","18":"product-type-simple"},"yoast_head":"<!-- This site is optimized with the Yoast SEO plugin v24.4 - https:\/\/yoast.com\/wordpress\/plugins\/seo\/ -->\n<title>[Mua 7 t\u1eb7ng 1] Set 8 g\u00f3i x\u1ed1t gi\u1ea3 c\u1ea7y Barona g\u00f3i 80g - TOLIO<\/title>\n<meta name=\"description\" content=\"Th\u01b0\u01a1ng hi\u1ec7u: Barona  Xu\u1ea5t x\u1ee9 th\u01b0\u01a1ng hi\u1ec7u: Vi\u1ec7t Nam  Quy c\u00e1ch \u0111\u00f3ng g\u00f3i: g\u00f3i 80g, 20 g\u00f3i\/h\u1ed9p, 4 h\u1ed9p\/th\u00f9ng  L\u01b0u \u00fd: Bao b\u00ec s\u1ea3n ph\u1ea9m c\u00f3 th\u1ec3 thay \u0111\u1ed5i theo t\u1eebng \u0111\u1ee3t nh\u1eadp h\u00e0ng\" \/>\n<meta name=\"robots\" content=\"index, follow, max-snippet:-1, max-image-preview:large, max-video-preview:-1\" \/>\n<link rel=\"canonical\" href=\"https:\/\/tolio.co.nz\/en\/product\/buy-7-tangs-1-set-of-8-barona-spicy-sauce-80g-package\/\" \/>\n<meta property=\"og:locale\" content=\"en_US\" \/>\n<meta property=\"og:type\" content=\"article\" \/>\n<meta property=\"og:title\" content=\"[Mua 7 t\u1eb7ng 1] Set 8 g\u00f3i x\u1ed1t gi\u1ea3 c\u1ea7y Barona g\u00f3i 80g - TOLIO\" \/>\n<meta property=\"og:description\" content=\"Th\u01b0\u01a1ng hi\u1ec7u: Barona  Xu\u1ea5t x\u1ee9 th\u01b0\u01a1ng hi\u1ec7u: Vi\u1ec7t Nam  Quy c\u00e1ch \u0111\u00f3ng g\u00f3i: g\u00f3i 80g, 20 g\u00f3i\/h\u1ed9p, 4 h\u1ed9p\/th\u00f9ng  L\u01b0u \u00fd: Bao b\u00ec s\u1ea3n ph\u1ea9m c\u00f3 th\u1ec3 thay \u0111\u1ed5i theo t\u1eebng \u0111\u1ee3t nh\u1eadp h\u00e0ng\" \/>\n<meta property=\"og:url\" content=\"https:\/\/tolio.co.nz\/en\/product\/buy-7-tangs-1-set-of-8-barona-spicy-sauce-80g-package\/\" \/>\n<meta property=\"og:site_name\" content=\"TOLIO\" \/>\n<meta property=\"article:modified_time\" content=\"2026-03-24T04:32:52+00:00\" \/>\n<meta property=\"og:image\" content=\"https:\/\/tolio.co.nz\/wp-content\/uploads\/2024\/01\/26.png\" \/>\n\t<meta property=\"og:image:width\" content=\"1000\" \/>\n\t<meta property=\"og:image:height\" content=\"907\" \/>\n\t<meta property=\"og:image:type\" content=\"image\/png\" \/>\n<meta name=\"twitter:card\" content=\"summary_large_image\" \/>\n<meta name=\"twitter:label1\" content=\"Est. reading time\" \/>\n\t<meta name=\"twitter:data1\" content=\"1 minute\" \/>\n<script type=\"application\/ld+json\" class=\"yoast-schema-graph\">{\"@context\":\"https:\/\/schema.org\",\"@graph\":[{\"@type\":\"WebPage\",\"@id\":\"https:\/\/tolio.co.nz\/san-pham\/mua-7-tang-1-set-8-goi-xot-gia-cay-barona-goi-80g\/\",\"url\":\"https:\/\/tolio.co.nz\/san-pham\/mua-7-tang-1-set-8-goi-xot-gia-cay-barona-goi-80g\/\",\"name\":\"[Mua 7 t\u1eb7ng 1] Set 8 g\u00f3i x\u1ed1t gi\u1ea3 c\u1ea7y Barona g\u00f3i 80g - TOLIO\",\"isPartOf\":{\"@id\":\"https:\/\/tolio.co.nz\/#website\"},\"primaryImageOfPage\":{\"@id\":\"https:\/\/tolio.co.nz\/san-pham\/mua-7-tang-1-set-8-goi-xot-gia-cay-barona-goi-80g\/#primaryimage\"},\"image\":{\"@id\":\"https:\/\/tolio.co.nz\/san-pham\/mua-7-tang-1-set-8-goi-xot-gia-cay-barona-goi-80g\/#primaryimage\"},\"thumbnailUrl\":\"https:\/\/tolio.co.nz\/wp-content\/uploads\/2024\/01\/26.png\",\"datePublished\":\"2024-01-27T03:34:52+00:00\",\"dateModified\":\"2026-03-24T04:32:52+00:00\",\"description\":\"Th\u01b0\u01a1ng hi\u1ec7u: Barona Xu\u1ea5t x\u1ee9 th\u01b0\u01a1ng hi\u1ec7u: Vi\u1ec7t Nam Quy c\u00e1ch \u0111\u00f3ng g\u00f3i: g\u00f3i 80g, 20 g\u00f3i\/h\u1ed9p, 4 h\u1ed9p\/th\u00f9ng L\u01b0u \u00fd: Bao b\u00ec s\u1ea3n ph\u1ea9m c\u00f3 th\u1ec3 thay \u0111\u1ed5i theo t\u1eebng \u0111\u1ee3t nh\u1eadp h\u00e0ng\",\"breadcrumb\":{\"@id\":\"https:\/\/tolio.co.nz\/san-pham\/mua-7-tang-1-set-8-goi-xot-gia-cay-barona-goi-80g\/#breadcrumb\"},\"inLanguage\":\"en-US\",\"potentialAction\":[{\"@type\":\"ReadAction\",\"target\":[\"https:\/\/tolio.co.nz\/san-pham\/mua-7-tang-1-set-8-goi-xot-gia-cay-barona-goi-80g\/\"]}]},{\"@type\":\"ImageObject\",\"inLanguage\":\"en-US\",\"@id\":\"https:\/\/tolio.co.nz\/san-pham\/mua-7-tang-1-set-8-goi-xot-gia-cay-barona-goi-80g\/#primaryimage\",\"url\":\"https:\/\/tolio.co.nz\/wp-content\/uploads\/2024\/01\/26.png\",\"contentUrl\":\"https:\/\/tolio.co.nz\/wp-content\/uploads\/2024\/01\/26.png\",\"width\":1000,\"height\":907},{\"@type\":\"BreadcrumbList\",\"@id\":\"https:\/\/tolio.co.nz\/san-pham\/mua-7-tang-1-set-8-goi-xot-gia-cay-barona-goi-80g\/#breadcrumb\",\"itemListElement\":[{\"@type\":\"ListItem\",\"position\":1,\"name\":\"Home\",\"item\":\"https:\/\/tolio.co.nz\/\"},{\"@type\":\"ListItem\",\"position\":2,\"name\":\"C\u1eeda h\u00e0ng\",\"item\":\"https:\/\/tolio.co.nz\/cua-hang\/\"},{\"@type\":\"ListItem\",\"position\":3,\"name\":\"[Mua 7 t\u1eb7ng 1] Set 8 g\u00f3i x\u1ed1t gi\u1ea3 c\u1ea7y Barona g\u00f3i 80g\"}]},{\"@type\":\"WebSite\",\"@id\":\"https:\/\/tolio.co.nz\/#website\",\"url\":\"https:\/\/tolio.co.nz\/\",\"name\":\"TOLIO\",\"description\":\"Vietnamese Grocery Online\",\"potentialAction\":[{\"@type\":\"SearchAction\",\"target\":{\"@type\":\"EntryPoint\",\"urlTemplate\":\"https:\/\/tolio.co.nz\/?s={search_term_string}\"},\"query-input\":{\"@type\":\"PropertyValueSpecification\",\"valueRequired\":true,\"valueName\":\"search_term_string\"}}],\"inLanguage\":\"en-US\"}]}<\/script>\n<!-- \/ Yoast SEO plugin. -->","yoast_head_json":{"title":"[Mua 7 t\u1eb7ng 1] Set 8 g\u00f3i x\u1ed1t gi\u1ea3 c\u1ea7y Barona g\u00f3i 80g - TOLIO","description":"Th\u01b0\u01a1ng hi\u1ec7u: Barona  Xu\u1ea5t x\u1ee9 th\u01b0\u01a1ng hi\u1ec7u: Vi\u1ec7t Nam  Quy c\u00e1ch \u0111\u00f3ng g\u00f3i: g\u00f3i 80g, 20 g\u00f3i\/h\u1ed9p, 4 h\u1ed9p\/th\u00f9ng  L\u01b0u \u00fd: Bao b\u00ec s\u1ea3n ph\u1ea9m c\u00f3 th\u1ec3 thay \u0111\u1ed5i theo t\u1eebng \u0111\u1ee3t nh\u1eadp h\u00e0ng","robots":{"index":"index","follow":"follow","max-snippet":"max-snippet:-1","max-image-preview":"max-image-preview:large","max-video-preview":"max-video-preview:-1"},"canonical":"https:\/\/tolio.co.nz\/en\/product\/buy-7-tangs-1-set-of-8-barona-spicy-sauce-80g-package\/","og_locale":"en_US","og_type":"article","og_title":"[Mua 7 t\u1eb7ng 1] Set 8 g\u00f3i x\u1ed1t gi\u1ea3 c\u1ea7y Barona g\u00f3i 80g - TOLIO","og_description":"Th\u01b0\u01a1ng hi\u1ec7u: Barona  Xu\u1ea5t x\u1ee9 th\u01b0\u01a1ng hi\u1ec7u: Vi\u1ec7t Nam  Quy c\u00e1ch \u0111\u00f3ng g\u00f3i: g\u00f3i 80g, 20 g\u00f3i\/h\u1ed9p, 4 h\u1ed9p\/th\u00f9ng  L\u01b0u \u00fd: Bao b\u00ec s\u1ea3n ph\u1ea9m c\u00f3 th\u1ec3 thay \u0111\u1ed5i theo t\u1eebng \u0111\u1ee3t nh\u1eadp h\u00e0ng","og_url":"https:\/\/tolio.co.nz\/en\/product\/buy-7-tangs-1-set-of-8-barona-spicy-sauce-80g-package\/","og_site_name":"TOLIO","article_modified_time":"2026-03-24T04:32:52+00:00","og_image":[{"width":1000,"height":907,"url":"https:\/\/tolio.co.nz\/wp-content\/uploads\/2024\/01\/26.png","type":"image\/png"}],"twitter_card":"summary_large_image","twitter_misc":{"Est. reading time":"1 minute"},"schema":{"@context":"https:\/\/schema.org","@graph":[{"@type":"WebPage","@id":"https:\/\/tolio.co.nz\/san-pham\/mua-7-tang-1-set-8-goi-xot-gia-cay-barona-goi-80g\/","url":"https:\/\/tolio.co.nz\/san-pham\/mua-7-tang-1-set-8-goi-xot-gia-cay-barona-goi-80g\/","name":"[Mua 7 t\u1eb7ng 1] Set 8 g\u00f3i x\u1ed1t gi\u1ea3 c\u1ea7y Barona g\u00f3i 80g - TOLIO","isPartOf":{"@id":"https:\/\/tolio.co.nz\/#website"},"primaryImageOfPage":{"@id":"https:\/\/tolio.co.nz\/san-pham\/mua-7-tang-1-set-8-goi-xot-gia-cay-barona-goi-80g\/#primaryimage"},"image":{"@id":"https:\/\/tolio.co.nz\/san-pham\/mua-7-tang-1-set-8-goi-xot-gia-cay-barona-goi-80g\/#primaryimage"},"thumbnailUrl":"https:\/\/tolio.co.nz\/wp-content\/uploads\/2024\/01\/26.png","datePublished":"2024-01-27T03:34:52+00:00","dateModified":"2026-03-24T04:32:52+00:00","description":"Th\u01b0\u01a1ng hi\u1ec7u: Barona Xu\u1ea5t x\u1ee9 th\u01b0\u01a1ng hi\u1ec7u: Vi\u1ec7t Nam Quy c\u00e1ch \u0111\u00f3ng g\u00f3i: g\u00f3i 80g, 20 g\u00f3i\/h\u1ed9p, 4 h\u1ed9p\/th\u00f9ng L\u01b0u \u00fd: Bao b\u00ec s\u1ea3n ph\u1ea9m c\u00f3 th\u1ec3 thay \u0111\u1ed5i theo t\u1eebng \u0111\u1ee3t nh\u1eadp h\u00e0ng","breadcrumb":{"@id":"https:\/\/tolio.co.nz\/san-pham\/mua-7-tang-1-set-8-goi-xot-gia-cay-barona-goi-80g\/#breadcrumb"},"inLanguage":"en-US","potentialAction":[{"@type":"ReadAction","target":["https:\/\/tolio.co.nz\/san-pham\/mua-7-tang-1-set-8-goi-xot-gia-cay-barona-goi-80g\/"]}]},{"@type":"ImageObject","inLanguage":"en-US","@id":"https:\/\/tolio.co.nz\/san-pham\/mua-7-tang-1-set-8-goi-xot-gia-cay-barona-goi-80g\/#primaryimage","url":"https:\/\/tolio.co.nz\/wp-content\/uploads\/2024\/01\/26.png","contentUrl":"https:\/\/tolio.co.nz\/wp-content\/uploads\/2024\/01\/26.png","width":1000,"height":907},{"@type":"BreadcrumbList","@id":"https:\/\/tolio.co.nz\/san-pham\/mua-7-tang-1-set-8-goi-xot-gia-cay-barona-goi-80g\/#breadcrumb","itemListElement":[{"@type":"ListItem","position":1,"name":"Home","item":"https:\/\/tolio.co.nz\/"},{"@type":"ListItem","position":2,"name":"C\u1eeda h\u00e0ng","item":"https:\/\/tolio.co.nz\/cua-hang\/"},{"@type":"ListItem","position":3,"name":"[Mua 7 t\u1eb7ng 1] Set 8 g\u00f3i x\u1ed1t gi\u1ea3 c\u1ea7y Barona g\u00f3i 80g"}]},{"@type":"WebSite","@id":"https:\/\/tolio.co.nz\/#website","url":"https:\/\/tolio.co.nz\/","name":"TOLIO","description":"Vietnamese Grocery Online","potentialAction":[{"@type":"SearchAction","target":{"@type":"EntryPoint","urlTemplate":"https:\/\/tolio.co.nz\/?s={search_term_string}"},"query-input":{"@type":"PropertyValueSpecification","valueRequired":true,"valueName":"search_term_string"}}],"inLanguage":"en-US"}]}},"_links":{"self":[{"href":"https:\/\/tolio.co.nz\/en\/wp-json\/wp\/v2\/product\/13715","targetHints":{"allow":["GET"]}}],"collection":[{"href":"https:\/\/tolio.co.nz\/en\/wp-json\/wp\/v2\/product"}],"about":[{"href":"https:\/\/tolio.co.nz\/en\/wp-json\/wp\/v2\/types\/product"}],"replies":[{"embeddable":true,"href":"https:\/\/tolio.co.nz\/en\/wp-json\/wp\/v2\/comments?post=13715"}],"wp:featuredmedia":[{"embeddable":true,"href":"https:\/\/tolio.co.nz\/en\/wp-json\/wp\/v2\/media\/21032"}],"wp:attachment":[{"href":"https:\/\/tolio.co.nz\/en\/wp-json\/wp\/v2\/media?parent=13715"}],"wp:term":[{"taxonomy":"product_brand","embeddable":true,"href":"https:\/\/tolio.co.nz\/en\/wp-json\/wp\/v2\/product_brand?post=13715"},{"taxonomy":"product_cat","embeddable":true,"href":"https:\/\/tolio.co.nz\/en\/wp-json\/wp\/v2\/product_cat?post=13715"},{"taxonomy":"product_tag","embeddable":true,"href":"https:\/\/tolio.co.nz\/en\/wp-json\/wp\/v2\/product_tag?post=13715"}],"curies":[{"name":"wp","href":"https:\/\/api.w.org\/{rel}","templated":true}]}}