{"id":13736,"date":"2024-01-27T17:44:45","date_gmt":"2024-01-27T04:59:45","guid":{"rendered":"https:\/\/tolio.co.nz\/?post_type=product&#038;p=13736"},"modified":"2026-05-04T02:43:54","modified_gmt":"2026-05-03T14:43:54","slug":"tui-5-vien-canh-an-lien-isoup-canh-chua-chay-10g","status":"publish","type":"product","link":"https:\/\/tolio.co.nz\/en\/product\/i-have-5-pieces-of-canh-an-lien-isoup-vegetarian-sour-soup-10g\/","title":{"rendered":"Bag of 5 iSoup instant soup capsules: vegetarian sour soup 10g"},"content":{"rendered":"<p><strong>iSoup instant soup capsules: vegetarian sour soup 10g <\/strong>Made from natural, safe ingredients such as okra, tomatoes, mint, pineapple, bean sprouts, coriander, coriander, sugar, salt, chili, flavor enhancer, thickener, potato starch Cucumber, acidity regulator, yeast extract, vegetable oil, spices, freeze-dried soup capsules are very convenient to use.<\/p>\n<p><strong>How to Use:<\/strong><\/p>\n<ul>\n<li>Remove the soup cube from the packaging and put it in a bowl.<\/li>\n<li>Pour into 200ml of boiling water.<\/li>\n<li>Wait 3 minutes and mix well and enjoy while still hot<\/li>\n<\/ul>\n<p><strong>Preserve:<\/strong><\/p>\n<ul>\n<li>\u00a0Store in a cool, dry place, away from direct sunlight<\/li>\n<\/ul>","protected":false},"excerpt":{"rendered":"<ul>\n<li>Brand: iSoup<\/li>\n<li>Brand Country: Viet nam<\/li>\n<li>Packaging: 10g tablets, bag of 5 tablets, carton of 20 bags<\/li>\n<li>Note: Product packaging may change from batch to batch<\/li>\n<\/ul>","protected":false},"featured_media":21027,"comment_status":"open","ping_status":"closed","template":"","meta":[],"product_brand":[],"product_cat":[33,481,31],"product_tag":[777,776],"class_list":{"0":"post-13736","1":"product","2":"type-product","3":"status-publish","4":"has-post-thumbnail","6":"product_cat-gia-vi","7":"product_cat-gia-vi-hoan-chinh","8":"product_cat-hang-moi-ve","9":"product_tag-canh-chua-chay","10":"product_tag-isoup","11":"pa_thuong-hieu-isoup","13":"first","14":"outofstock","15":"sale","16":"shipping-taxable","17":"purchasable","18":"product-type-simple"},"yoast_head":"<!-- This site is optimized with the Yoast SEO plugin v24.4 - https:\/\/yoast.com\/wordpress\/plugins\/seo\/ -->\n<title>T\u00fai 5 Vi\u00ean canh \u0103n li\u1ec1n iSoup: canh chua chay 10g - TOLIO<\/title>\n<meta name=\"description\" content=\"Th\u01b0\u01a1ng hi\u1ec7u: iSoup  Xu\u1ea5t x\u1ee9 th\u01b0\u01a1ng hi\u1ec7u: Vi\u1ec7t Nam  Quy c\u00e1ch \u0111\u00f3ng g\u00f3i: Vi\u00ean 10g, t\u00fai 5 vi\u00ean, th\u00f9ng 20 t\u00fai  L\u01b0u \u00fd: Bao b\u00ec s\u1ea3n ph\u1ea9m c\u00f3 th\u1ec3 thay \u0111\u1ed5i theo t\u1eebng \u0111\u1ee3t nh\u1eadp h\u00e0ng\" \/>\n<meta name=\"robots\" content=\"index, follow, max-snippet:-1, max-image-preview:large, max-video-preview:-1\" \/>\n<link rel=\"canonical\" href=\"https:\/\/tolio.co.nz\/en\/product\/i-have-5-pieces-of-canh-an-lien-isoup-vegetarian-sour-soup-10g\/\" \/>\n<meta property=\"og:locale\" content=\"en_US\" \/>\n<meta property=\"og:type\" content=\"article\" \/>\n<meta property=\"og:title\" content=\"T\u00fai 5 Vi\u00ean canh \u0103n li\u1ec1n iSoup: canh chua chay 10g - TOLIO\" \/>\n<meta property=\"og:description\" content=\"Th\u01b0\u01a1ng hi\u1ec7u: iSoup  Xu\u1ea5t x\u1ee9 th\u01b0\u01a1ng hi\u1ec7u: Vi\u1ec7t Nam  Quy c\u00e1ch \u0111\u00f3ng g\u00f3i: Vi\u00ean 10g, t\u00fai 5 vi\u00ean, th\u00f9ng 20 t\u00fai  L\u01b0u \u00fd: Bao b\u00ec s\u1ea3n ph\u1ea9m c\u00f3 th\u1ec3 thay \u0111\u1ed5i theo t\u1eebng \u0111\u1ee3t nh\u1eadp h\u00e0ng\" \/>\n<meta property=\"og:url\" content=\"https:\/\/tolio.co.nz\/en\/product\/i-have-5-pieces-of-canh-an-lien-isoup-vegetarian-sour-soup-10g\/\" \/>\n<meta property=\"og:site_name\" content=\"TOLIO\" \/>\n<meta property=\"article:modified_time\" content=\"2026-05-03T14:43:54+00:00\" \/>\n<meta property=\"og:image\" content=\"https:\/\/tolio.co.nz\/wp-content\/uploads\/2024\/03\/6.png\" \/>\n\t<meta property=\"og:image:width\" content=\"1000\" \/>\n\t<meta property=\"og:image:height\" content=\"907\" \/>\n\t<meta property=\"og:image:type\" content=\"image\/png\" \/>\n<meta name=\"twitter:card\" content=\"summary_large_image\" \/>\n<meta name=\"twitter:label1\" content=\"Est. reading time\" \/>\n\t<meta name=\"twitter:data1\" content=\"1 minute\" \/>\n<script type=\"application\/ld+json\" class=\"yoast-schema-graph\">{\"@context\":\"https:\/\/schema.org\",\"@graph\":[{\"@type\":\"WebPage\",\"@id\":\"https:\/\/tolio.co.nz\/san-pham\/tui-5-vien-canh-an-lien-isoup-canh-chua-chay-10g\/\",\"url\":\"https:\/\/tolio.co.nz\/san-pham\/tui-5-vien-canh-an-lien-isoup-canh-chua-chay-10g\/\",\"name\":\"T\u00fai 5 Vi\u00ean canh \u0103n li\u1ec1n iSoup: canh chua chay 10g - TOLIO\",\"isPartOf\":{\"@id\":\"https:\/\/tolio.co.nz\/#website\"},\"primaryImageOfPage\":{\"@id\":\"https:\/\/tolio.co.nz\/san-pham\/tui-5-vien-canh-an-lien-isoup-canh-chua-chay-10g\/#primaryimage\"},\"image\":{\"@id\":\"https:\/\/tolio.co.nz\/san-pham\/tui-5-vien-canh-an-lien-isoup-canh-chua-chay-10g\/#primaryimage\"},\"thumbnailUrl\":\"https:\/\/tolio.co.nz\/wp-content\/uploads\/2024\/03\/6.png\",\"datePublished\":\"2024-01-27T04:59:45+00:00\",\"dateModified\":\"2026-05-03T14:43:54+00:00\",\"description\":\"Th\u01b0\u01a1ng hi\u1ec7u: iSoup Xu\u1ea5t x\u1ee9 th\u01b0\u01a1ng hi\u1ec7u: Vi\u1ec7t Nam Quy c\u00e1ch \u0111\u00f3ng g\u00f3i: Vi\u00ean 10g, t\u00fai 5 vi\u00ean, th\u00f9ng 20 t\u00fai L\u01b0u \u00fd: Bao b\u00ec s\u1ea3n ph\u1ea9m c\u00f3 th\u1ec3 thay \u0111\u1ed5i theo t\u1eebng \u0111\u1ee3t nh\u1eadp h\u00e0ng\",\"breadcrumb\":{\"@id\":\"https:\/\/tolio.co.nz\/san-pham\/tui-5-vien-canh-an-lien-isoup-canh-chua-chay-10g\/#breadcrumb\"},\"inLanguage\":\"en-US\",\"potentialAction\":[{\"@type\":\"ReadAction\",\"target\":[\"https:\/\/tolio.co.nz\/san-pham\/tui-5-vien-canh-an-lien-isoup-canh-chua-chay-10g\/\"]}]},{\"@type\":\"ImageObject\",\"inLanguage\":\"en-US\",\"@id\":\"https:\/\/tolio.co.nz\/san-pham\/tui-5-vien-canh-an-lien-isoup-canh-chua-chay-10g\/#primaryimage\",\"url\":\"https:\/\/tolio.co.nz\/wp-content\/uploads\/2024\/03\/6.png\",\"contentUrl\":\"https:\/\/tolio.co.nz\/wp-content\/uploads\/2024\/03\/6.png\",\"width\":1000,\"height\":907},{\"@type\":\"BreadcrumbList\",\"@id\":\"https:\/\/tolio.co.nz\/san-pham\/tui-5-vien-canh-an-lien-isoup-canh-chua-chay-10g\/#breadcrumb\",\"itemListElement\":[{\"@type\":\"ListItem\",\"position\":1,\"name\":\"Home\",\"item\":\"https:\/\/tolio.co.nz\/\"},{\"@type\":\"ListItem\",\"position\":2,\"name\":\"C\u1eeda h\u00e0ng\",\"item\":\"https:\/\/tolio.co.nz\/cua-hang\/\"},{\"@type\":\"ListItem\",\"position\":3,\"name\":\"T\u00fai 5 Vi\u00ean canh \u0103n li\u1ec1n iSoup: canh chua chay 10g\"}]},{\"@type\":\"WebSite\",\"@id\":\"https:\/\/tolio.co.nz\/#website\",\"url\":\"https:\/\/tolio.co.nz\/\",\"name\":\"TOLIO\",\"description\":\"Vietnamese Grocery Online\",\"potentialAction\":[{\"@type\":\"SearchAction\",\"target\":{\"@type\":\"EntryPoint\",\"urlTemplate\":\"https:\/\/tolio.co.nz\/?s={search_term_string}\"},\"query-input\":{\"@type\":\"PropertyValueSpecification\",\"valueRequired\":true,\"valueName\":\"search_term_string\"}}],\"inLanguage\":\"en-US\"}]}<\/script>\n<!-- \/ Yoast SEO plugin. -->","yoast_head_json":{"title":"T\u00fai 5 Vi\u00ean canh \u0103n li\u1ec1n iSoup: canh chua chay 10g - TOLIO","description":"Th\u01b0\u01a1ng hi\u1ec7u: iSoup  Xu\u1ea5t x\u1ee9 th\u01b0\u01a1ng hi\u1ec7u: Vi\u1ec7t Nam  Quy c\u00e1ch \u0111\u00f3ng g\u00f3i: Vi\u00ean 10g, t\u00fai 5 vi\u00ean, th\u00f9ng 20 t\u00fai  L\u01b0u \u00fd: Bao b\u00ec s\u1ea3n ph\u1ea9m c\u00f3 th\u1ec3 thay \u0111\u1ed5i theo t\u1eebng \u0111\u1ee3t nh\u1eadp h\u00e0ng","robots":{"index":"index","follow":"follow","max-snippet":"max-snippet:-1","max-image-preview":"max-image-preview:large","max-video-preview":"max-video-preview:-1"},"canonical":"https:\/\/tolio.co.nz\/en\/product\/i-have-5-pieces-of-canh-an-lien-isoup-vegetarian-sour-soup-10g\/","og_locale":"en_US","og_type":"article","og_title":"T\u00fai 5 Vi\u00ean canh \u0103n li\u1ec1n iSoup: canh chua chay 10g - TOLIO","og_description":"Th\u01b0\u01a1ng hi\u1ec7u: iSoup  Xu\u1ea5t x\u1ee9 th\u01b0\u01a1ng hi\u1ec7u: Vi\u1ec7t Nam  Quy c\u00e1ch \u0111\u00f3ng g\u00f3i: Vi\u00ean 10g, t\u00fai 5 vi\u00ean, th\u00f9ng 20 t\u00fai  L\u01b0u \u00fd: Bao b\u00ec s\u1ea3n ph\u1ea9m c\u00f3 th\u1ec3 thay \u0111\u1ed5i theo t\u1eebng \u0111\u1ee3t nh\u1eadp h\u00e0ng","og_url":"https:\/\/tolio.co.nz\/en\/product\/i-have-5-pieces-of-canh-an-lien-isoup-vegetarian-sour-soup-10g\/","og_site_name":"TOLIO","article_modified_time":"2026-05-03T14:43:54+00:00","og_image":[{"width":1000,"height":907,"url":"https:\/\/tolio.co.nz\/wp-content\/uploads\/2024\/03\/6.png","type":"image\/png"}],"twitter_card":"summary_large_image","twitter_misc":{"Est. reading time":"1 minute"},"schema":{"@context":"https:\/\/schema.org","@graph":[{"@type":"WebPage","@id":"https:\/\/tolio.co.nz\/san-pham\/tui-5-vien-canh-an-lien-isoup-canh-chua-chay-10g\/","url":"https:\/\/tolio.co.nz\/san-pham\/tui-5-vien-canh-an-lien-isoup-canh-chua-chay-10g\/","name":"T\u00fai 5 Vi\u00ean canh \u0103n li\u1ec1n iSoup: canh chua chay 10g - TOLIO","isPartOf":{"@id":"https:\/\/tolio.co.nz\/#website"},"primaryImageOfPage":{"@id":"https:\/\/tolio.co.nz\/san-pham\/tui-5-vien-canh-an-lien-isoup-canh-chua-chay-10g\/#primaryimage"},"image":{"@id":"https:\/\/tolio.co.nz\/san-pham\/tui-5-vien-canh-an-lien-isoup-canh-chua-chay-10g\/#primaryimage"},"thumbnailUrl":"https:\/\/tolio.co.nz\/wp-content\/uploads\/2024\/03\/6.png","datePublished":"2024-01-27T04:59:45+00:00","dateModified":"2026-05-03T14:43:54+00:00","description":"Th\u01b0\u01a1ng hi\u1ec7u: iSoup Xu\u1ea5t x\u1ee9 th\u01b0\u01a1ng hi\u1ec7u: Vi\u1ec7t Nam Quy c\u00e1ch \u0111\u00f3ng g\u00f3i: Vi\u00ean 10g, t\u00fai 5 vi\u00ean, th\u00f9ng 20 t\u00fai L\u01b0u \u00fd: Bao b\u00ec s\u1ea3n ph\u1ea9m c\u00f3 th\u1ec3 thay \u0111\u1ed5i theo t\u1eebng \u0111\u1ee3t nh\u1eadp h\u00e0ng","breadcrumb":{"@id":"https:\/\/tolio.co.nz\/san-pham\/tui-5-vien-canh-an-lien-isoup-canh-chua-chay-10g\/#breadcrumb"},"inLanguage":"en-US","potentialAction":[{"@type":"ReadAction","target":["https:\/\/tolio.co.nz\/san-pham\/tui-5-vien-canh-an-lien-isoup-canh-chua-chay-10g\/"]}]},{"@type":"ImageObject","inLanguage":"en-US","@id":"https:\/\/tolio.co.nz\/san-pham\/tui-5-vien-canh-an-lien-isoup-canh-chua-chay-10g\/#primaryimage","url":"https:\/\/tolio.co.nz\/wp-content\/uploads\/2024\/03\/6.png","contentUrl":"https:\/\/tolio.co.nz\/wp-content\/uploads\/2024\/03\/6.png","width":1000,"height":907},{"@type":"BreadcrumbList","@id":"https:\/\/tolio.co.nz\/san-pham\/tui-5-vien-canh-an-lien-isoup-canh-chua-chay-10g\/#breadcrumb","itemListElement":[{"@type":"ListItem","position":1,"name":"Home","item":"https:\/\/tolio.co.nz\/"},{"@type":"ListItem","position":2,"name":"C\u1eeda h\u00e0ng","item":"https:\/\/tolio.co.nz\/cua-hang\/"},{"@type":"ListItem","position":3,"name":"T\u00fai 5 Vi\u00ean canh \u0103n li\u1ec1n iSoup: canh chua chay 10g"}]},{"@type":"WebSite","@id":"https:\/\/tolio.co.nz\/#website","url":"https:\/\/tolio.co.nz\/","name":"TOLIO","description":"Vietnamese Grocery Online","potentialAction":[{"@type":"SearchAction","target":{"@type":"EntryPoint","urlTemplate":"https:\/\/tolio.co.nz\/?s={search_term_string}"},"query-input":{"@type":"PropertyValueSpecification","valueRequired":true,"valueName":"search_term_string"}}],"inLanguage":"en-US"}]}},"_links":{"self":[{"href":"https:\/\/tolio.co.nz\/en\/wp-json\/wp\/v2\/product\/13736","targetHints":{"allow":["GET"]}}],"collection":[{"href":"https:\/\/tolio.co.nz\/en\/wp-json\/wp\/v2\/product"}],"about":[{"href":"https:\/\/tolio.co.nz\/en\/wp-json\/wp\/v2\/types\/product"}],"replies":[{"embeddable":true,"href":"https:\/\/tolio.co.nz\/en\/wp-json\/wp\/v2\/comments?post=13736"}],"wp:featuredmedia":[{"embeddable":true,"href":"https:\/\/tolio.co.nz\/en\/wp-json\/wp\/v2\/media\/21027"}],"wp:attachment":[{"href":"https:\/\/tolio.co.nz\/en\/wp-json\/wp\/v2\/media?parent=13736"}],"wp:term":[{"taxonomy":"product_brand","embeddable":true,"href":"https:\/\/tolio.co.nz\/en\/wp-json\/wp\/v2\/product_brand?post=13736"},{"taxonomy":"product_cat","embeddable":true,"href":"https:\/\/tolio.co.nz\/en\/wp-json\/wp\/v2\/product_cat?post=13736"},{"taxonomy":"product_tag","embeddable":true,"href":"https:\/\/tolio.co.nz\/en\/wp-json\/wp\/v2\/product_tag?post=13736"}],"curies":[{"name":"wp","href":"https:\/\/api.w.org\/{rel}","templated":true}]}}