{"id":15838,"date":"2024-05-05T15:34:39","date_gmt":"2024-05-05T02:49:39","guid":{"rendered":"https:\/\/tolio.co.nz\/?post_type=product&#038;p=15838"},"modified":"2026-03-31T08:08:27","modified_gmt":"2026-03-30T20:08:27","slug":"gia-vi-hoan-chinh-chinsu-thit-kho-70g","status":"publish","type":"product","link":"https:\/\/tolio.co.nz\/en\/product\/chinsu-chien-chien-chien-braised-pork-belly-70g\/","title":{"rendered":"Complete seasoning Chinsu braised meat 70g"},"content":{"rendered":"<p><strong>Complete seasoning Chinsu braised meat 70g<\/strong> is a pre-seasoned meat seasoning product of Chinsu pre-seasoned seasoning brand that helps delicious dishes absorb spices and have beautiful, eye-catching colors. Complete seasoning for Chinsu braised meat sauce, 70g package with the full combination of water color, sugar, salt and fish sauce, mixed in standard proportions, helps make the braised meat dish delicious and delicious.<\/p>\n<p><strong>How to Use:<\/strong><\/p>\n<ul>\n<li>\u00a0Marinate 400g of meat with 1 packet of braised pork Chinsu sauce for about 10 minutes. Put the meat in the pot, add about 1 cup of water and bring to a boil. Boiled eggs can be added. Braise over low heat until the meat is tender and absorbs the flavor, turning the desired golden brown color.<\/li>\n<\/ul>\n<p><strong>Preserve:<\/strong><\/p>\n<ul>\n<li>Store in a cool, dry place, avoid direct sunlight and store in the refrigerator after opening the package<\/li>\n<\/ul>\n<p>&nbsp;<\/p>\n<p>&nbsp;<\/p>","protected":false},"excerpt":{"rendered":"<ul>\n<li>Brand: Chinsu<\/li>\n<li>Brand Country: Viet nam<\/li>\n<li>Packaging: 70g package, 80 packages\/carton<\/li>\n<li>Note: Product packaging may change from batch to batch<\/li>\n<\/ul>","protected":false},"featured_media":21022,"comment_status":"open","ping_status":"closed","template":"","meta":[],"product_brand":[],"product_cat":[33,481,31],"product_tag":[818],"class_list":{"0":"post-15838","1":"product","2":"type-product","3":"status-publish","4":"has-post-thumbnail","6":"product_cat-gia-vi","7":"product_cat-gia-vi-hoan-chinh","8":"product_cat-hang-moi-ve","9":"product_tag-chinsu-thit-kho","10":"pa_thuong-hieu-chinsu","12":"first","13":"instock","14":"shipping-taxable","15":"purchasable","16":"product-type-simple"},"yoast_head":"<!-- This site is optimized with the Yoast SEO plugin v24.4 - https:\/\/yoast.com\/wordpress\/plugins\/seo\/ -->\n<title>Gia v\u1ecb ho\u00e0n ch\u1ec9nh Chinsu th\u1ecbt kho 70g - TOLIO<\/title>\n<meta name=\"description\" content=\"Th\u01b0\u01a1ng hi\u1ec7u: Chinsu  Xu\u1ea5t x\u1ee9 th\u01b0\u01a1ng hi\u1ec7u: Vi\u1ec7t Nam  Quy c\u00e1ch \u0111\u00f3ng g\u00f3i: g\u00f3i 70g, 80 g\u00f3i\/th\u00f9ng  L\u01b0u \u00fd: Bao b\u00ec s\u1ea3n ph\u1ea9m c\u00f3 th\u1ec3 thay \u0111\u1ed5i theo t\u1eebng \u0111\u1ee3t nh\u1eadp h\u00e0ng\" \/>\n<meta name=\"robots\" content=\"index, follow, max-snippet:-1, max-image-preview:large, max-video-preview:-1\" \/>\n<link rel=\"canonical\" href=\"https:\/\/tolio.co.nz\/en\/product\/chinsu-chien-chien-chien-braised-pork-belly-70g\/\" \/>\n<meta property=\"og:locale\" content=\"en_US\" \/>\n<meta property=\"og:type\" content=\"article\" \/>\n<meta property=\"og:title\" content=\"Gia v\u1ecb ho\u00e0n ch\u1ec9nh Chinsu th\u1ecbt kho 70g - TOLIO\" \/>\n<meta property=\"og:description\" content=\"Th\u01b0\u01a1ng hi\u1ec7u: Chinsu  Xu\u1ea5t x\u1ee9 th\u01b0\u01a1ng hi\u1ec7u: Vi\u1ec7t Nam  Quy c\u00e1ch \u0111\u00f3ng g\u00f3i: g\u00f3i 70g, 80 g\u00f3i\/th\u00f9ng  L\u01b0u \u00fd: Bao b\u00ec s\u1ea3n ph\u1ea9m c\u00f3 th\u1ec3 thay \u0111\u1ed5i theo t\u1eebng \u0111\u1ee3t nh\u1eadp h\u00e0ng\" \/>\n<meta property=\"og:url\" content=\"https:\/\/tolio.co.nz\/en\/product\/chinsu-chien-chien-chien-braised-pork-belly-70g\/\" \/>\n<meta property=\"og:site_name\" content=\"TOLIO\" \/>\n<meta property=\"article:modified_time\" content=\"2026-03-30T20:08:27+00:00\" \/>\n<meta property=\"og:image\" content=\"https:\/\/tolio.co.nz\/wp-content\/uploads\/2024\/05\/29.png\" \/>\n\t<meta property=\"og:image:width\" content=\"1000\" \/>\n\t<meta property=\"og:image:height\" content=\"907\" \/>\n\t<meta property=\"og:image:type\" content=\"image\/png\" \/>\n<meta name=\"twitter:card\" content=\"summary_large_image\" \/>\n<meta name=\"twitter:label1\" content=\"Est. reading time\" \/>\n\t<meta name=\"twitter:data1\" content=\"1 minute\" \/>\n<script type=\"application\/ld+json\" class=\"yoast-schema-graph\">{\"@context\":\"https:\/\/schema.org\",\"@graph\":[{\"@type\":\"WebPage\",\"@id\":\"https:\/\/tolio.co.nz\/san-pham\/gia-vi-hoan-chinh-chinsu-thit-kho-70g\/\",\"url\":\"https:\/\/tolio.co.nz\/san-pham\/gia-vi-hoan-chinh-chinsu-thit-kho-70g\/\",\"name\":\"Gia v\u1ecb ho\u00e0n ch\u1ec9nh Chinsu th\u1ecbt kho 70g - TOLIO\",\"isPartOf\":{\"@id\":\"https:\/\/tolio.co.nz\/#website\"},\"primaryImageOfPage\":{\"@id\":\"https:\/\/tolio.co.nz\/san-pham\/gia-vi-hoan-chinh-chinsu-thit-kho-70g\/#primaryimage\"},\"image\":{\"@id\":\"https:\/\/tolio.co.nz\/san-pham\/gia-vi-hoan-chinh-chinsu-thit-kho-70g\/#primaryimage\"},\"thumbnailUrl\":\"https:\/\/tolio.co.nz\/wp-content\/uploads\/2024\/05\/29.png\",\"datePublished\":\"2024-05-05T02:49:39+00:00\",\"dateModified\":\"2026-03-30T20:08:27+00:00\",\"description\":\"Th\u01b0\u01a1ng hi\u1ec7u: Chinsu Xu\u1ea5t x\u1ee9 th\u01b0\u01a1ng hi\u1ec7u: Vi\u1ec7t Nam Quy c\u00e1ch \u0111\u00f3ng g\u00f3i: g\u00f3i 70g, 80 g\u00f3i\/th\u00f9ng L\u01b0u \u00fd: Bao b\u00ec s\u1ea3n ph\u1ea9m c\u00f3 th\u1ec3 thay \u0111\u1ed5i theo t\u1eebng \u0111\u1ee3t nh\u1eadp h\u00e0ng\",\"breadcrumb\":{\"@id\":\"https:\/\/tolio.co.nz\/san-pham\/gia-vi-hoan-chinh-chinsu-thit-kho-70g\/#breadcrumb\"},\"inLanguage\":\"en-US\",\"potentialAction\":[{\"@type\":\"ReadAction\",\"target\":[\"https:\/\/tolio.co.nz\/san-pham\/gia-vi-hoan-chinh-chinsu-thit-kho-70g\/\"]}]},{\"@type\":\"ImageObject\",\"inLanguage\":\"en-US\",\"@id\":\"https:\/\/tolio.co.nz\/san-pham\/gia-vi-hoan-chinh-chinsu-thit-kho-70g\/#primaryimage\",\"url\":\"https:\/\/tolio.co.nz\/wp-content\/uploads\/2024\/05\/29.png\",\"contentUrl\":\"https:\/\/tolio.co.nz\/wp-content\/uploads\/2024\/05\/29.png\",\"width\":1000,\"height\":907},{\"@type\":\"BreadcrumbList\",\"@id\":\"https:\/\/tolio.co.nz\/san-pham\/gia-vi-hoan-chinh-chinsu-thit-kho-70g\/#breadcrumb\",\"itemListElement\":[{\"@type\":\"ListItem\",\"position\":1,\"name\":\"Home\",\"item\":\"https:\/\/tolio.co.nz\/\"},{\"@type\":\"ListItem\",\"position\":2,\"name\":\"C\u1eeda h\u00e0ng\",\"item\":\"https:\/\/tolio.co.nz\/cua-hang\/\"},{\"@type\":\"ListItem\",\"position\":3,\"name\":\"Gia v\u1ecb ho\u00e0n ch\u1ec9nh Chinsu th\u1ecbt kho 70g\"}]},{\"@type\":\"WebSite\",\"@id\":\"https:\/\/tolio.co.nz\/#website\",\"url\":\"https:\/\/tolio.co.nz\/\",\"name\":\"TOLIO\",\"description\":\"Vietnamese Grocery Online\",\"potentialAction\":[{\"@type\":\"SearchAction\",\"target\":{\"@type\":\"EntryPoint\",\"urlTemplate\":\"https:\/\/tolio.co.nz\/?s={search_term_string}\"},\"query-input\":{\"@type\":\"PropertyValueSpecification\",\"valueRequired\":true,\"valueName\":\"search_term_string\"}}],\"inLanguage\":\"en-US\"}]}<\/script>\n<!-- \/ Yoast SEO plugin. -->","yoast_head_json":{"title":"Gia v\u1ecb ho\u00e0n ch\u1ec9nh Chinsu th\u1ecbt kho 70g - TOLIO","description":"Th\u01b0\u01a1ng hi\u1ec7u: Chinsu  Xu\u1ea5t x\u1ee9 th\u01b0\u01a1ng hi\u1ec7u: Vi\u1ec7t Nam  Quy c\u00e1ch \u0111\u00f3ng g\u00f3i: g\u00f3i 70g, 80 g\u00f3i\/th\u00f9ng  L\u01b0u \u00fd: Bao b\u00ec s\u1ea3n ph\u1ea9m c\u00f3 th\u1ec3 thay \u0111\u1ed5i theo t\u1eebng \u0111\u1ee3t nh\u1eadp h\u00e0ng","robots":{"index":"index","follow":"follow","max-snippet":"max-snippet:-1","max-image-preview":"max-image-preview:large","max-video-preview":"max-video-preview:-1"},"canonical":"https:\/\/tolio.co.nz\/en\/product\/chinsu-chien-chien-chien-braised-pork-belly-70g\/","og_locale":"en_US","og_type":"article","og_title":"Gia v\u1ecb ho\u00e0n ch\u1ec9nh Chinsu th\u1ecbt kho 70g - TOLIO","og_description":"Th\u01b0\u01a1ng hi\u1ec7u: Chinsu  Xu\u1ea5t x\u1ee9 th\u01b0\u01a1ng hi\u1ec7u: Vi\u1ec7t Nam  Quy c\u00e1ch \u0111\u00f3ng g\u00f3i: g\u00f3i 70g, 80 g\u00f3i\/th\u00f9ng  L\u01b0u \u00fd: Bao b\u00ec s\u1ea3n ph\u1ea9m c\u00f3 th\u1ec3 thay \u0111\u1ed5i theo t\u1eebng \u0111\u1ee3t nh\u1eadp h\u00e0ng","og_url":"https:\/\/tolio.co.nz\/en\/product\/chinsu-chien-chien-chien-braised-pork-belly-70g\/","og_site_name":"TOLIO","article_modified_time":"2026-03-30T20:08:27+00:00","og_image":[{"width":1000,"height":907,"url":"https:\/\/tolio.co.nz\/wp-content\/uploads\/2024\/05\/29.png","type":"image\/png"}],"twitter_card":"summary_large_image","twitter_misc":{"Est. reading time":"1 minute"},"schema":{"@context":"https:\/\/schema.org","@graph":[{"@type":"WebPage","@id":"https:\/\/tolio.co.nz\/san-pham\/gia-vi-hoan-chinh-chinsu-thit-kho-70g\/","url":"https:\/\/tolio.co.nz\/san-pham\/gia-vi-hoan-chinh-chinsu-thit-kho-70g\/","name":"Gia v\u1ecb ho\u00e0n ch\u1ec9nh Chinsu th\u1ecbt kho 70g - TOLIO","isPartOf":{"@id":"https:\/\/tolio.co.nz\/#website"},"primaryImageOfPage":{"@id":"https:\/\/tolio.co.nz\/san-pham\/gia-vi-hoan-chinh-chinsu-thit-kho-70g\/#primaryimage"},"image":{"@id":"https:\/\/tolio.co.nz\/san-pham\/gia-vi-hoan-chinh-chinsu-thit-kho-70g\/#primaryimage"},"thumbnailUrl":"https:\/\/tolio.co.nz\/wp-content\/uploads\/2024\/05\/29.png","datePublished":"2024-05-05T02:49:39+00:00","dateModified":"2026-03-30T20:08:27+00:00","description":"Th\u01b0\u01a1ng hi\u1ec7u: Chinsu Xu\u1ea5t x\u1ee9 th\u01b0\u01a1ng hi\u1ec7u: Vi\u1ec7t Nam Quy c\u00e1ch \u0111\u00f3ng g\u00f3i: g\u00f3i 70g, 80 g\u00f3i\/th\u00f9ng L\u01b0u \u00fd: Bao b\u00ec s\u1ea3n ph\u1ea9m c\u00f3 th\u1ec3 thay \u0111\u1ed5i theo t\u1eebng \u0111\u1ee3t nh\u1eadp h\u00e0ng","breadcrumb":{"@id":"https:\/\/tolio.co.nz\/san-pham\/gia-vi-hoan-chinh-chinsu-thit-kho-70g\/#breadcrumb"},"inLanguage":"en-US","potentialAction":[{"@type":"ReadAction","target":["https:\/\/tolio.co.nz\/san-pham\/gia-vi-hoan-chinh-chinsu-thit-kho-70g\/"]}]},{"@type":"ImageObject","inLanguage":"en-US","@id":"https:\/\/tolio.co.nz\/san-pham\/gia-vi-hoan-chinh-chinsu-thit-kho-70g\/#primaryimage","url":"https:\/\/tolio.co.nz\/wp-content\/uploads\/2024\/05\/29.png","contentUrl":"https:\/\/tolio.co.nz\/wp-content\/uploads\/2024\/05\/29.png","width":1000,"height":907},{"@type":"BreadcrumbList","@id":"https:\/\/tolio.co.nz\/san-pham\/gia-vi-hoan-chinh-chinsu-thit-kho-70g\/#breadcrumb","itemListElement":[{"@type":"ListItem","position":1,"name":"Home","item":"https:\/\/tolio.co.nz\/"},{"@type":"ListItem","position":2,"name":"C\u1eeda h\u00e0ng","item":"https:\/\/tolio.co.nz\/cua-hang\/"},{"@type":"ListItem","position":3,"name":"Gia v\u1ecb ho\u00e0n ch\u1ec9nh Chinsu th\u1ecbt kho 70g"}]},{"@type":"WebSite","@id":"https:\/\/tolio.co.nz\/#website","url":"https:\/\/tolio.co.nz\/","name":"TOLIO","description":"Vietnamese Grocery Online","potentialAction":[{"@type":"SearchAction","target":{"@type":"EntryPoint","urlTemplate":"https:\/\/tolio.co.nz\/?s={search_term_string}"},"query-input":{"@type":"PropertyValueSpecification","valueRequired":true,"valueName":"search_term_string"}}],"inLanguage":"en-US"}]}},"_links":{"self":[{"href":"https:\/\/tolio.co.nz\/en\/wp-json\/wp\/v2\/product\/15838","targetHints":{"allow":["GET"]}}],"collection":[{"href":"https:\/\/tolio.co.nz\/en\/wp-json\/wp\/v2\/product"}],"about":[{"href":"https:\/\/tolio.co.nz\/en\/wp-json\/wp\/v2\/types\/product"}],"replies":[{"embeddable":true,"href":"https:\/\/tolio.co.nz\/en\/wp-json\/wp\/v2\/comments?post=15838"}],"wp:featuredmedia":[{"embeddable":true,"href":"https:\/\/tolio.co.nz\/en\/wp-json\/wp\/v2\/media\/21022"}],"wp:attachment":[{"href":"https:\/\/tolio.co.nz\/en\/wp-json\/wp\/v2\/media?parent=15838"}],"wp:term":[{"taxonomy":"product_brand","embeddable":true,"href":"https:\/\/tolio.co.nz\/en\/wp-json\/wp\/v2\/product_brand?post=15838"},{"taxonomy":"product_cat","embeddable":true,"href":"https:\/\/tolio.co.nz\/en\/wp-json\/wp\/v2\/product_cat?post=15838"},{"taxonomy":"product_tag","embeddable":true,"href":"https:\/\/tolio.co.nz\/en\/wp-json\/wp\/v2\/product_tag?post=15838"}],"curies":[{"name":"wp","href":"https:\/\/api.w.org\/{rel}","templated":true}]}}