{"id":15853,"date":"2024-05-05T22:36:08","date_gmt":"2024-05-05T09:51:08","guid":{"rendered":"https:\/\/tolio.co.nz\/?post_type=product&#038;p=15853"},"modified":"2026-04-03T13:13:34","modified_gmt":"2026-04-03T01:13:34","slug":"set-5-goi-bun-bo-ba-cay-tre-400g","status":"publish","type":"product","link":"https:\/\/tolio.co.nz\/en\/product\/set-of-5-packages-of-bamboo-spicy-bun-bo-ba-400g\/","title":{"rendered":"Set of Ba Cay Tre beef noodle soup 5 x 400g"},"content":{"rendered":"<p><strong>Set of Ba Cay Tre beef noodle soup 5 x 400g<\/strong> Ba Cay Bamboo vermicelli noodles are round, soft and white, made from rice starch, made through a mold by modern technology. The product is made from natural ingredients and does not contain any additives or preservatives. Noodles are chewy, delicious, rich in flavor, and do not have a sour smell.<\/p>\n<p><strong>How to Use:<\/strong><\/p>\n<ul>\n<li>Pour the dried vermicelli directly into the boiling water<\/li>\n<li>Fresh vermicelli: Dip the vermicelli in boiling water for about 8 minutes, take it out and rinse with cold water until the vermicelli noodles cool, drain and use. Vermicelli can be kept for 6 - 8 hours without spoiling. Use fresh vermicelli with beef noodle soup or with grilled meat or spring rolls as you like.<\/li>\n<li>Stir-fried vermicelli: Soak the vermicelli in boiling water for about 7 minutes, take it out and rinse it with cold water until the noodles cool down, drain. Prepare a hot pan, add a little oil, then saute vegetables, meat, mushrooms, seafood and spices. After the mixture is cooked, put the vermicelli into the pan, mix well for about 30 seconds, it can be used.<\/li>\n<\/ul>\n<p><strong>Preserve:<\/strong><\/p>\n<ul>\n<li>Vermicelli must not be soaked in cold water, then boiled in boiling water. Noodles will not dry like boiling water 100%<\/li>\n<li>Preserved in dry, cool place.<\/li>\n<li>Avoid direct sunlight.<\/li>\n<\/ul>","protected":false},"excerpt":{"rendered":"<div class=\"elementor-element elementor-element-662fcae elementor-widget elementor-widget-woocommerce-product-short-description\" data-id=\"662fcae\" data-element_type=\"widget\" data-widget_type=\"woocommerce-product-short-description.default\">\n<div class=\"elementor-widget-container\">\n<div class=\"woocommerce-product-details__short-description\">\n<ul>\n<li>Brand: Three bamboos<\/li>\n<li>Brand Country: Viet nam<\/li>\n<li>Packing: 400g pack<\/li>\n<li>Note: Product packaging may change from batch to batch<\/li>\n<\/ul>\n<\/div>\n<\/div>\n<\/div>","protected":false},"featured_media":20571,"comment_status":"open","ping_status":"closed","template":"","meta":[],"product_brand":[],"product_cat":[32,31],"product_tag":[156,154,821],"class_list":{"0":"post-15853","1":"product","2":"type-product","3":"status-publish","4":"has-post-thumbnail","6":"product_cat-bun-pho-banh-trang","7":"product_cat-hang-moi-ve","8":"product_tag-bun","9":"product_tag-bun-ba-cay-tre","10":"product_tag-bun-bo-ba-cay-tre","11":"pa_thuong-hieu-ba-cay-tre","13":"first","14":"instock","15":"sale","16":"shipping-taxable","17":"purchasable","18":"product-type-simple"},"yoast_head":"<!-- This site is optimized with the Yoast SEO plugin v24.4 - https:\/\/yoast.com\/wordpress\/plugins\/seo\/ -->\n<title>Set 5 g\u00f3i b\u00fan b\u00f2 Ba C\u00e2y Tre 400g - TOLIO<\/title>\n<meta name=\"description\" content=\"Th\u01b0\u01a1ng hi\u1ec7u: Ba c\u00e2y tre  Xu\u1ea5t x\u1ee9 th\u01b0\u01a1ng hi\u1ec7u: Vi\u1ec7t Nam  Quy c\u00e1ch \u0111\u00f3ng g\u00f3i: g\u00f3i 400g  L\u01b0u \u00fd: Bao b\u00ec s\u1ea3n ph\u1ea9m c\u00f3 th\u1ec3 thay \u0111\u1ed5i theo t\u1eebng \u0111\u1ee3t nh\u1eadp h\u00e0ng\" \/>\n<meta name=\"robots\" content=\"index, follow, max-snippet:-1, max-image-preview:large, max-video-preview:-1\" \/>\n<link rel=\"canonical\" href=\"https:\/\/tolio.co.nz\/en\/product\/set-of-5-packages-of-bamboo-spicy-bun-bo-ba-400g\/\" \/>\n<meta property=\"og:locale\" content=\"en_US\" \/>\n<meta property=\"og:type\" content=\"article\" \/>\n<meta property=\"og:title\" content=\"Set 5 g\u00f3i b\u00fan b\u00f2 Ba C\u00e2y Tre 400g - TOLIO\" \/>\n<meta property=\"og:description\" content=\"Th\u01b0\u01a1ng hi\u1ec7u: Ba c\u00e2y tre  Xu\u1ea5t x\u1ee9 th\u01b0\u01a1ng hi\u1ec7u: Vi\u1ec7t Nam  Quy c\u00e1ch \u0111\u00f3ng g\u00f3i: g\u00f3i 400g  L\u01b0u \u00fd: Bao b\u00ec s\u1ea3n ph\u1ea9m c\u00f3 th\u1ec3 thay \u0111\u1ed5i theo t\u1eebng \u0111\u1ee3t nh\u1eadp h\u00e0ng\" \/>\n<meta property=\"og:url\" content=\"https:\/\/tolio.co.nz\/en\/product\/set-of-5-packages-of-bamboo-spicy-bun-bo-ba-400g\/\" \/>\n<meta property=\"og:site_name\" content=\"TOLIO\" \/>\n<meta property=\"article:modified_time\" content=\"2026-04-03T01:13:34+00:00\" \/>\n<meta property=\"og:image\" content=\"https:\/\/tolio.co.nz\/wp-content\/uploads\/2024\/05\/126.png\" \/>\n\t<meta property=\"og:image:width\" content=\"1000\" \/>\n\t<meta property=\"og:image:height\" content=\"907\" \/>\n\t<meta property=\"og:image:type\" content=\"image\/png\" \/>\n<meta name=\"twitter:card\" content=\"summary_large_image\" \/>\n<meta name=\"twitter:label1\" content=\"Est. reading time\" \/>\n\t<meta name=\"twitter:data1\" content=\"2 minutes\" \/>\n<script type=\"application\/ld+json\" class=\"yoast-schema-graph\">{\"@context\":\"https:\/\/schema.org\",\"@graph\":[{\"@type\":\"WebPage\",\"@id\":\"https:\/\/tolio.co.nz\/san-pham\/set-5-goi-bun-bo-ba-cay-tre-400g\/\",\"url\":\"https:\/\/tolio.co.nz\/san-pham\/set-5-goi-bun-bo-ba-cay-tre-400g\/\",\"name\":\"Set 5 g\u00f3i b\u00fan b\u00f2 Ba C\u00e2y Tre 400g - TOLIO\",\"isPartOf\":{\"@id\":\"https:\/\/tolio.co.nz\/#website\"},\"primaryImageOfPage\":{\"@id\":\"https:\/\/tolio.co.nz\/san-pham\/set-5-goi-bun-bo-ba-cay-tre-400g\/#primaryimage\"},\"image\":{\"@id\":\"https:\/\/tolio.co.nz\/san-pham\/set-5-goi-bun-bo-ba-cay-tre-400g\/#primaryimage\"},\"thumbnailUrl\":\"https:\/\/tolio.co.nz\/wp-content\/uploads\/2024\/05\/126.png\",\"datePublished\":\"2024-05-05T09:51:08+00:00\",\"dateModified\":\"2026-04-03T01:13:34+00:00\",\"description\":\"Th\u01b0\u01a1ng hi\u1ec7u: Ba c\u00e2y tre Xu\u1ea5t x\u1ee9 th\u01b0\u01a1ng hi\u1ec7u: Vi\u1ec7t Nam Quy c\u00e1ch \u0111\u00f3ng g\u00f3i: g\u00f3i 400g L\u01b0u \u00fd: Bao b\u00ec s\u1ea3n ph\u1ea9m c\u00f3 th\u1ec3 thay \u0111\u1ed5i theo t\u1eebng \u0111\u1ee3t nh\u1eadp h\u00e0ng\",\"breadcrumb\":{\"@id\":\"https:\/\/tolio.co.nz\/san-pham\/set-5-goi-bun-bo-ba-cay-tre-400g\/#breadcrumb\"},\"inLanguage\":\"en-US\",\"potentialAction\":[{\"@type\":\"ReadAction\",\"target\":[\"https:\/\/tolio.co.nz\/san-pham\/set-5-goi-bun-bo-ba-cay-tre-400g\/\"]}]},{\"@type\":\"ImageObject\",\"inLanguage\":\"en-US\",\"@id\":\"https:\/\/tolio.co.nz\/san-pham\/set-5-goi-bun-bo-ba-cay-tre-400g\/#primaryimage\",\"url\":\"https:\/\/tolio.co.nz\/wp-content\/uploads\/2024\/05\/126.png\",\"contentUrl\":\"https:\/\/tolio.co.nz\/wp-content\/uploads\/2024\/05\/126.png\",\"width\":1000,\"height\":907},{\"@type\":\"BreadcrumbList\",\"@id\":\"https:\/\/tolio.co.nz\/san-pham\/set-5-goi-bun-bo-ba-cay-tre-400g\/#breadcrumb\",\"itemListElement\":[{\"@type\":\"ListItem\",\"position\":1,\"name\":\"Home\",\"item\":\"https:\/\/tolio.co.nz\/\"},{\"@type\":\"ListItem\",\"position\":2,\"name\":\"C\u1eeda h\u00e0ng\",\"item\":\"https:\/\/tolio.co.nz\/cua-hang\/\"},{\"@type\":\"ListItem\",\"position\":3,\"name\":\"Set 5 g\u00f3i b\u00fan b\u00f2 Ba C\u00e2y Tre 400g\"}]},{\"@type\":\"WebSite\",\"@id\":\"https:\/\/tolio.co.nz\/#website\",\"url\":\"https:\/\/tolio.co.nz\/\",\"name\":\"TOLIO\",\"description\":\"Vietnamese Grocery Online\",\"potentialAction\":[{\"@type\":\"SearchAction\",\"target\":{\"@type\":\"EntryPoint\",\"urlTemplate\":\"https:\/\/tolio.co.nz\/?s={search_term_string}\"},\"query-input\":{\"@type\":\"PropertyValueSpecification\",\"valueRequired\":true,\"valueName\":\"search_term_string\"}}],\"inLanguage\":\"en-US\"}]}<\/script>\n<!-- \/ Yoast SEO plugin. -->","yoast_head_json":{"title":"Set 5 g\u00f3i b\u00fan b\u00f2 Ba C\u00e2y Tre 400g - TOLIO","description":"Th\u01b0\u01a1ng hi\u1ec7u: Ba c\u00e2y tre  Xu\u1ea5t x\u1ee9 th\u01b0\u01a1ng hi\u1ec7u: Vi\u1ec7t Nam  Quy c\u00e1ch \u0111\u00f3ng g\u00f3i: g\u00f3i 400g  L\u01b0u \u00fd: Bao b\u00ec s\u1ea3n ph\u1ea9m c\u00f3 th\u1ec3 thay \u0111\u1ed5i theo t\u1eebng \u0111\u1ee3t nh\u1eadp h\u00e0ng","robots":{"index":"index","follow":"follow","max-snippet":"max-snippet:-1","max-image-preview":"max-image-preview:large","max-video-preview":"max-video-preview:-1"},"canonical":"https:\/\/tolio.co.nz\/en\/product\/set-of-5-packages-of-bamboo-spicy-bun-bo-ba-400g\/","og_locale":"en_US","og_type":"article","og_title":"Set 5 g\u00f3i b\u00fan b\u00f2 Ba C\u00e2y Tre 400g - TOLIO","og_description":"Th\u01b0\u01a1ng hi\u1ec7u: Ba c\u00e2y tre  Xu\u1ea5t x\u1ee9 th\u01b0\u01a1ng hi\u1ec7u: Vi\u1ec7t Nam  Quy c\u00e1ch \u0111\u00f3ng g\u00f3i: g\u00f3i 400g  L\u01b0u \u00fd: Bao b\u00ec s\u1ea3n ph\u1ea9m c\u00f3 th\u1ec3 thay \u0111\u1ed5i theo t\u1eebng \u0111\u1ee3t nh\u1eadp h\u00e0ng","og_url":"https:\/\/tolio.co.nz\/en\/product\/set-of-5-packages-of-bamboo-spicy-bun-bo-ba-400g\/","og_site_name":"TOLIO","article_modified_time":"2026-04-03T01:13:34+00:00","og_image":[{"width":1000,"height":907,"url":"https:\/\/tolio.co.nz\/wp-content\/uploads\/2024\/05\/126.png","type":"image\/png"}],"twitter_card":"summary_large_image","twitter_misc":{"Est. reading time":"2 minutes"},"schema":{"@context":"https:\/\/schema.org","@graph":[{"@type":"WebPage","@id":"https:\/\/tolio.co.nz\/san-pham\/set-5-goi-bun-bo-ba-cay-tre-400g\/","url":"https:\/\/tolio.co.nz\/san-pham\/set-5-goi-bun-bo-ba-cay-tre-400g\/","name":"Set 5 g\u00f3i b\u00fan b\u00f2 Ba C\u00e2y Tre 400g - TOLIO","isPartOf":{"@id":"https:\/\/tolio.co.nz\/#website"},"primaryImageOfPage":{"@id":"https:\/\/tolio.co.nz\/san-pham\/set-5-goi-bun-bo-ba-cay-tre-400g\/#primaryimage"},"image":{"@id":"https:\/\/tolio.co.nz\/san-pham\/set-5-goi-bun-bo-ba-cay-tre-400g\/#primaryimage"},"thumbnailUrl":"https:\/\/tolio.co.nz\/wp-content\/uploads\/2024\/05\/126.png","datePublished":"2024-05-05T09:51:08+00:00","dateModified":"2026-04-03T01:13:34+00:00","description":"Th\u01b0\u01a1ng hi\u1ec7u: Ba c\u00e2y tre Xu\u1ea5t x\u1ee9 th\u01b0\u01a1ng hi\u1ec7u: Vi\u1ec7t Nam Quy c\u00e1ch \u0111\u00f3ng g\u00f3i: g\u00f3i 400g L\u01b0u \u00fd: Bao b\u00ec s\u1ea3n ph\u1ea9m c\u00f3 th\u1ec3 thay \u0111\u1ed5i theo t\u1eebng \u0111\u1ee3t nh\u1eadp h\u00e0ng","breadcrumb":{"@id":"https:\/\/tolio.co.nz\/san-pham\/set-5-goi-bun-bo-ba-cay-tre-400g\/#breadcrumb"},"inLanguage":"en-US","potentialAction":[{"@type":"ReadAction","target":["https:\/\/tolio.co.nz\/san-pham\/set-5-goi-bun-bo-ba-cay-tre-400g\/"]}]},{"@type":"ImageObject","inLanguage":"en-US","@id":"https:\/\/tolio.co.nz\/san-pham\/set-5-goi-bun-bo-ba-cay-tre-400g\/#primaryimage","url":"https:\/\/tolio.co.nz\/wp-content\/uploads\/2024\/05\/126.png","contentUrl":"https:\/\/tolio.co.nz\/wp-content\/uploads\/2024\/05\/126.png","width":1000,"height":907},{"@type":"BreadcrumbList","@id":"https:\/\/tolio.co.nz\/san-pham\/set-5-goi-bun-bo-ba-cay-tre-400g\/#breadcrumb","itemListElement":[{"@type":"ListItem","position":1,"name":"Home","item":"https:\/\/tolio.co.nz\/"},{"@type":"ListItem","position":2,"name":"C\u1eeda h\u00e0ng","item":"https:\/\/tolio.co.nz\/cua-hang\/"},{"@type":"ListItem","position":3,"name":"Set 5 g\u00f3i b\u00fan b\u00f2 Ba C\u00e2y Tre 400g"}]},{"@type":"WebSite","@id":"https:\/\/tolio.co.nz\/#website","url":"https:\/\/tolio.co.nz\/","name":"TOLIO","description":"Vietnamese Grocery Online","potentialAction":[{"@type":"SearchAction","target":{"@type":"EntryPoint","urlTemplate":"https:\/\/tolio.co.nz\/?s={search_term_string}"},"query-input":{"@type":"PropertyValueSpecification","valueRequired":true,"valueName":"search_term_string"}}],"inLanguage":"en-US"}]}},"_links":{"self":[{"href":"https:\/\/tolio.co.nz\/en\/wp-json\/wp\/v2\/product\/15853","targetHints":{"allow":["GET"]}}],"collection":[{"href":"https:\/\/tolio.co.nz\/en\/wp-json\/wp\/v2\/product"}],"about":[{"href":"https:\/\/tolio.co.nz\/en\/wp-json\/wp\/v2\/types\/product"}],"replies":[{"embeddable":true,"href":"https:\/\/tolio.co.nz\/en\/wp-json\/wp\/v2\/comments?post=15853"}],"wp:featuredmedia":[{"embeddable":true,"href":"https:\/\/tolio.co.nz\/en\/wp-json\/wp\/v2\/media\/20571"}],"wp:attachment":[{"href":"https:\/\/tolio.co.nz\/en\/wp-json\/wp\/v2\/media?parent=15853"}],"wp:term":[{"taxonomy":"product_brand","embeddable":true,"href":"https:\/\/tolio.co.nz\/en\/wp-json\/wp\/v2\/product_brand?post=15853"},{"taxonomy":"product_cat","embeddable":true,"href":"https:\/\/tolio.co.nz\/en\/wp-json\/wp\/v2\/product_cat?post=15853"},{"taxonomy":"product_tag","embeddable":true,"href":"https:\/\/tolio.co.nz\/en\/wp-json\/wp\/v2\/product_tag?post=15853"}],"curies":[{"name":"wp","href":"https:\/\/api.w.org\/{rel}","templated":true}]}}