{"id":15860,"date":"2024-05-05T22:57:11","date_gmt":"2024-05-05T10:12:11","guid":{"rendered":"https:\/\/tolio.co.nz\/?post_type=product&#038;p=15860"},"modified":"2026-04-14T18:06:41","modified_gmt":"2026-04-14T06:06:41","slug":"mua-7-tang-1-set-8-goi-xot-uop-thit-nuong-cholimex-goi-70g","status":"publish","type":"product","link":"https:\/\/tolio.co.nz\/en\/product\/buy-7-pieces-1-set-of-8-cholimex-sauce-sauce-70g-package\/","title":{"rendered":"[Buy 7 get 1 free] Set of Cholimex barbecue marinade 8 x 70g"},"content":{"rendered":"<p><strong>Set of 8 packs of Cholimex barbecue marinade, 70g pack<\/strong> The product is very convenient for grilled meat because it combines all the spices such as fish sauce, garlic, onions, sugar, salt, honey, lemongrass, pepper, MSG... With just a moderate amount of marinade and 500g meat, you will immediately have delicious, rich, irresistible grilled meat.<\/p>\n<p><strong>How to Use:<\/strong><\/p>\n<ul>\n<li>Marinate meat with Cholimex barbecue marinade \u2013 for 20 to 30 minutes before grilling or frying.<\/li>\n<\/ul>\n<p><strong>Preserve:<\/strong><\/p>\n<ul>\n<li>Store in a cool, dry place, away from sunlight<\/li>\n<\/ul>","protected":false},"excerpt":{"rendered":"<ul>\n<li>Brand: Cholimex<\/li>\n<li>Brand Country: Viet nam<\/li>\n<li>Packaging: 70g package, 20 packages\/box, 6 boxes\/carton<\/li>\n<li>Note: Product packaging may change from batch to batch<\/li>\n<\/ul>","protected":false},"featured_media":21019,"comment_status":"open","ping_status":"closed","template":"","meta":[],"product_brand":[],"product_cat":[33,481,31],"product_tag":[822,262],"class_list":{"0":"post-15860","1":"product","2":"type-product","3":"status-publish","4":"has-post-thumbnail","6":"product_cat-gia-vi","7":"product_cat-gia-vi-hoan-chinh","8":"product_cat-hang-moi-ve","9":"product_tag-xot-cholimex","10":"product_tag-xot-thit-nuong","11":"pa_thuong-hieu-cholimex","13":"first","14":"instock","15":"sale","16":"shipping-taxable","17":"purchasable","18":"product-type-simple"},"yoast_head":"<!-- This site is optimized with the Yoast SEO plugin v24.4 - https:\/\/yoast.com\/wordpress\/plugins\/seo\/ -->\n<title>[Mua 7 t\u1eb7ng 1] Set 8 g\u00f3i x\u1ed1t \u01b0\u1edbp th\u1ecbt n\u01b0\u1edbng Cholimex g\u00f3i 70g - TOLIO<\/title>\n<meta name=\"description\" content=\"Th\u01b0\u01a1ng hi\u1ec7u: Cholimex  Xu\u1ea5t x\u1ee9 th\u01b0\u01a1ng hi\u1ec7u: Vi\u1ec7t Nam  Quy c\u00e1ch \u0111\u00f3ng g\u00f3i: g\u00f3i 70g, 20 g\u00f3i\/h\u1ed9p, 6 h\u1ed9p\/th\u00f9ng  L\u01b0u \u00fd: Bao b\u00ec s\u1ea3n ph\u1ea9m c\u00f3 th\u1ec3 thay \u0111\u1ed5i theo t\u1eebng \u0111\u1ee3t nh\u1eadp h\u00e0ng\" \/>\n<meta name=\"robots\" content=\"index, follow, max-snippet:-1, max-image-preview:large, max-video-preview:-1\" \/>\n<link rel=\"canonical\" href=\"https:\/\/tolio.co.nz\/en\/product\/buy-7-pieces-1-set-of-8-cholimex-sauce-sauce-70g-package\/\" \/>\n<meta property=\"og:locale\" content=\"en_US\" \/>\n<meta property=\"og:type\" content=\"article\" \/>\n<meta property=\"og:title\" content=\"[Mua 7 t\u1eb7ng 1] Set 8 g\u00f3i x\u1ed1t \u01b0\u1edbp th\u1ecbt n\u01b0\u1edbng Cholimex g\u00f3i 70g - TOLIO\" \/>\n<meta property=\"og:description\" content=\"Th\u01b0\u01a1ng hi\u1ec7u: Cholimex  Xu\u1ea5t x\u1ee9 th\u01b0\u01a1ng hi\u1ec7u: Vi\u1ec7t Nam  Quy c\u00e1ch \u0111\u00f3ng g\u00f3i: g\u00f3i 70g, 20 g\u00f3i\/h\u1ed9p, 6 h\u1ed9p\/th\u00f9ng  L\u01b0u \u00fd: Bao b\u00ec s\u1ea3n ph\u1ea9m c\u00f3 th\u1ec3 thay \u0111\u1ed5i theo t\u1eebng \u0111\u1ee3t nh\u1eadp h\u00e0ng\" \/>\n<meta property=\"og:url\" content=\"https:\/\/tolio.co.nz\/en\/product\/buy-7-pieces-1-set-of-8-cholimex-sauce-sauce-70g-package\/\" \/>\n<meta property=\"og:site_name\" content=\"TOLIO\" \/>\n<meta property=\"article:modified_time\" content=\"2026-04-14T06:06:41+00:00\" \/>\n<meta property=\"og:image\" content=\"https:\/\/tolio.co.nz\/wp-content\/uploads\/2024\/05\/34.png\" \/>\n\t<meta property=\"og:image:width\" content=\"1000\" \/>\n\t<meta property=\"og:image:height\" content=\"907\" \/>\n\t<meta property=\"og:image:type\" content=\"image\/png\" \/>\n<meta name=\"twitter:card\" content=\"summary_large_image\" \/>\n<meta name=\"twitter:label1\" content=\"Est. reading time\" \/>\n\t<meta name=\"twitter:data1\" content=\"1 minute\" \/>\n<script type=\"application\/ld+json\" class=\"yoast-schema-graph\">{\"@context\":\"https:\/\/schema.org\",\"@graph\":[{\"@type\":\"WebPage\",\"@id\":\"https:\/\/tolio.co.nz\/san-pham\/mua-7-tang-1-set-8-goi-xot-uop-thit-nuong-cholimex-goi-70g\/\",\"url\":\"https:\/\/tolio.co.nz\/san-pham\/mua-7-tang-1-set-8-goi-xot-uop-thit-nuong-cholimex-goi-70g\/\",\"name\":\"[Mua 7 t\u1eb7ng 1] Set 8 g\u00f3i x\u1ed1t \u01b0\u1edbp th\u1ecbt n\u01b0\u1edbng Cholimex g\u00f3i 70g - TOLIO\",\"isPartOf\":{\"@id\":\"https:\/\/tolio.co.nz\/#website\"},\"primaryImageOfPage\":{\"@id\":\"https:\/\/tolio.co.nz\/san-pham\/mua-7-tang-1-set-8-goi-xot-uop-thit-nuong-cholimex-goi-70g\/#primaryimage\"},\"image\":{\"@id\":\"https:\/\/tolio.co.nz\/san-pham\/mua-7-tang-1-set-8-goi-xot-uop-thit-nuong-cholimex-goi-70g\/#primaryimage\"},\"thumbnailUrl\":\"https:\/\/tolio.co.nz\/wp-content\/uploads\/2024\/05\/34.png\",\"datePublished\":\"2024-05-05T10:12:11+00:00\",\"dateModified\":\"2026-04-14T06:06:41+00:00\",\"description\":\"Th\u01b0\u01a1ng hi\u1ec7u: Cholimex Xu\u1ea5t x\u1ee9 th\u01b0\u01a1ng hi\u1ec7u: Vi\u1ec7t Nam Quy c\u00e1ch \u0111\u00f3ng g\u00f3i: g\u00f3i 70g, 20 g\u00f3i\/h\u1ed9p, 6 h\u1ed9p\/th\u00f9ng L\u01b0u \u00fd: Bao b\u00ec s\u1ea3n ph\u1ea9m c\u00f3 th\u1ec3 thay \u0111\u1ed5i theo t\u1eebng \u0111\u1ee3t nh\u1eadp h\u00e0ng\",\"breadcrumb\":{\"@id\":\"https:\/\/tolio.co.nz\/san-pham\/mua-7-tang-1-set-8-goi-xot-uop-thit-nuong-cholimex-goi-70g\/#breadcrumb\"},\"inLanguage\":\"en-US\",\"potentialAction\":[{\"@type\":\"ReadAction\",\"target\":[\"https:\/\/tolio.co.nz\/san-pham\/mua-7-tang-1-set-8-goi-xot-uop-thit-nuong-cholimex-goi-70g\/\"]}]},{\"@type\":\"ImageObject\",\"inLanguage\":\"en-US\",\"@id\":\"https:\/\/tolio.co.nz\/san-pham\/mua-7-tang-1-set-8-goi-xot-uop-thit-nuong-cholimex-goi-70g\/#primaryimage\",\"url\":\"https:\/\/tolio.co.nz\/wp-content\/uploads\/2024\/05\/34.png\",\"contentUrl\":\"https:\/\/tolio.co.nz\/wp-content\/uploads\/2024\/05\/34.png\",\"width\":1000,\"height\":907},{\"@type\":\"BreadcrumbList\",\"@id\":\"https:\/\/tolio.co.nz\/san-pham\/mua-7-tang-1-set-8-goi-xot-uop-thit-nuong-cholimex-goi-70g\/#breadcrumb\",\"itemListElement\":[{\"@type\":\"ListItem\",\"position\":1,\"name\":\"Home\",\"item\":\"https:\/\/tolio.co.nz\/\"},{\"@type\":\"ListItem\",\"position\":2,\"name\":\"C\u1eeda h\u00e0ng\",\"item\":\"https:\/\/tolio.co.nz\/cua-hang\/\"},{\"@type\":\"ListItem\",\"position\":3,\"name\":\"[Mua 7 t\u1eb7ng 1] Set 8 g\u00f3i x\u1ed1t \u01b0\u1edbp th\u1ecbt n\u01b0\u1edbng Cholimex g\u00f3i 70g\"}]},{\"@type\":\"WebSite\",\"@id\":\"https:\/\/tolio.co.nz\/#website\",\"url\":\"https:\/\/tolio.co.nz\/\",\"name\":\"TOLIO\",\"description\":\"Vietnamese Grocery Online\",\"potentialAction\":[{\"@type\":\"SearchAction\",\"target\":{\"@type\":\"EntryPoint\",\"urlTemplate\":\"https:\/\/tolio.co.nz\/?s={search_term_string}\"},\"query-input\":{\"@type\":\"PropertyValueSpecification\",\"valueRequired\":true,\"valueName\":\"search_term_string\"}}],\"inLanguage\":\"en-US\"}]}<\/script>\n<!-- \/ Yoast SEO plugin. -->","yoast_head_json":{"title":"[Mua 7 t\u1eb7ng 1] Set 8 g\u00f3i x\u1ed1t \u01b0\u1edbp th\u1ecbt n\u01b0\u1edbng Cholimex g\u00f3i 70g - TOLIO","description":"Th\u01b0\u01a1ng hi\u1ec7u: Cholimex  Xu\u1ea5t x\u1ee9 th\u01b0\u01a1ng hi\u1ec7u: Vi\u1ec7t Nam  Quy c\u00e1ch \u0111\u00f3ng g\u00f3i: g\u00f3i 70g, 20 g\u00f3i\/h\u1ed9p, 6 h\u1ed9p\/th\u00f9ng  L\u01b0u \u00fd: Bao b\u00ec s\u1ea3n ph\u1ea9m c\u00f3 th\u1ec3 thay \u0111\u1ed5i theo t\u1eebng \u0111\u1ee3t nh\u1eadp h\u00e0ng","robots":{"index":"index","follow":"follow","max-snippet":"max-snippet:-1","max-image-preview":"max-image-preview:large","max-video-preview":"max-video-preview:-1"},"canonical":"https:\/\/tolio.co.nz\/en\/product\/buy-7-pieces-1-set-of-8-cholimex-sauce-sauce-70g-package\/","og_locale":"en_US","og_type":"article","og_title":"[Mua 7 t\u1eb7ng 1] Set 8 g\u00f3i x\u1ed1t \u01b0\u1edbp th\u1ecbt n\u01b0\u1edbng Cholimex g\u00f3i 70g - TOLIO","og_description":"Th\u01b0\u01a1ng hi\u1ec7u: Cholimex  Xu\u1ea5t x\u1ee9 th\u01b0\u01a1ng hi\u1ec7u: Vi\u1ec7t Nam  Quy c\u00e1ch \u0111\u00f3ng g\u00f3i: g\u00f3i 70g, 20 g\u00f3i\/h\u1ed9p, 6 h\u1ed9p\/th\u00f9ng  L\u01b0u \u00fd: Bao b\u00ec s\u1ea3n ph\u1ea9m c\u00f3 th\u1ec3 thay \u0111\u1ed5i theo t\u1eebng \u0111\u1ee3t nh\u1eadp h\u00e0ng","og_url":"https:\/\/tolio.co.nz\/en\/product\/buy-7-pieces-1-set-of-8-cholimex-sauce-sauce-70g-package\/","og_site_name":"TOLIO","article_modified_time":"2026-04-14T06:06:41+00:00","og_image":[{"width":1000,"height":907,"url":"https:\/\/tolio.co.nz\/wp-content\/uploads\/2024\/05\/34.png","type":"image\/png"}],"twitter_card":"summary_large_image","twitter_misc":{"Est. reading time":"1 minute"},"schema":{"@context":"https:\/\/schema.org","@graph":[{"@type":"WebPage","@id":"https:\/\/tolio.co.nz\/san-pham\/mua-7-tang-1-set-8-goi-xot-uop-thit-nuong-cholimex-goi-70g\/","url":"https:\/\/tolio.co.nz\/san-pham\/mua-7-tang-1-set-8-goi-xot-uop-thit-nuong-cholimex-goi-70g\/","name":"[Mua 7 t\u1eb7ng 1] Set 8 g\u00f3i x\u1ed1t \u01b0\u1edbp th\u1ecbt n\u01b0\u1edbng Cholimex g\u00f3i 70g - TOLIO","isPartOf":{"@id":"https:\/\/tolio.co.nz\/#website"},"primaryImageOfPage":{"@id":"https:\/\/tolio.co.nz\/san-pham\/mua-7-tang-1-set-8-goi-xot-uop-thit-nuong-cholimex-goi-70g\/#primaryimage"},"image":{"@id":"https:\/\/tolio.co.nz\/san-pham\/mua-7-tang-1-set-8-goi-xot-uop-thit-nuong-cholimex-goi-70g\/#primaryimage"},"thumbnailUrl":"https:\/\/tolio.co.nz\/wp-content\/uploads\/2024\/05\/34.png","datePublished":"2024-05-05T10:12:11+00:00","dateModified":"2026-04-14T06:06:41+00:00","description":"Th\u01b0\u01a1ng hi\u1ec7u: Cholimex Xu\u1ea5t x\u1ee9 th\u01b0\u01a1ng hi\u1ec7u: Vi\u1ec7t Nam Quy c\u00e1ch \u0111\u00f3ng g\u00f3i: g\u00f3i 70g, 20 g\u00f3i\/h\u1ed9p, 6 h\u1ed9p\/th\u00f9ng L\u01b0u \u00fd: Bao b\u00ec s\u1ea3n ph\u1ea9m c\u00f3 th\u1ec3 thay \u0111\u1ed5i theo t\u1eebng \u0111\u1ee3t nh\u1eadp h\u00e0ng","breadcrumb":{"@id":"https:\/\/tolio.co.nz\/san-pham\/mua-7-tang-1-set-8-goi-xot-uop-thit-nuong-cholimex-goi-70g\/#breadcrumb"},"inLanguage":"en-US","potentialAction":[{"@type":"ReadAction","target":["https:\/\/tolio.co.nz\/san-pham\/mua-7-tang-1-set-8-goi-xot-uop-thit-nuong-cholimex-goi-70g\/"]}]},{"@type":"ImageObject","inLanguage":"en-US","@id":"https:\/\/tolio.co.nz\/san-pham\/mua-7-tang-1-set-8-goi-xot-uop-thit-nuong-cholimex-goi-70g\/#primaryimage","url":"https:\/\/tolio.co.nz\/wp-content\/uploads\/2024\/05\/34.png","contentUrl":"https:\/\/tolio.co.nz\/wp-content\/uploads\/2024\/05\/34.png","width":1000,"height":907},{"@type":"BreadcrumbList","@id":"https:\/\/tolio.co.nz\/san-pham\/mua-7-tang-1-set-8-goi-xot-uop-thit-nuong-cholimex-goi-70g\/#breadcrumb","itemListElement":[{"@type":"ListItem","position":1,"name":"Home","item":"https:\/\/tolio.co.nz\/"},{"@type":"ListItem","position":2,"name":"C\u1eeda h\u00e0ng","item":"https:\/\/tolio.co.nz\/cua-hang\/"},{"@type":"ListItem","position":3,"name":"[Mua 7 t\u1eb7ng 1] Set 8 g\u00f3i x\u1ed1t \u01b0\u1edbp th\u1ecbt n\u01b0\u1edbng Cholimex g\u00f3i 70g"}]},{"@type":"WebSite","@id":"https:\/\/tolio.co.nz\/#website","url":"https:\/\/tolio.co.nz\/","name":"TOLIO","description":"Vietnamese Grocery Online","potentialAction":[{"@type":"SearchAction","target":{"@type":"EntryPoint","urlTemplate":"https:\/\/tolio.co.nz\/?s={search_term_string}"},"query-input":{"@type":"PropertyValueSpecification","valueRequired":true,"valueName":"search_term_string"}}],"inLanguage":"en-US"}]}},"_links":{"self":[{"href":"https:\/\/tolio.co.nz\/en\/wp-json\/wp\/v2\/product\/15860","targetHints":{"allow":["GET"]}}],"collection":[{"href":"https:\/\/tolio.co.nz\/en\/wp-json\/wp\/v2\/product"}],"about":[{"href":"https:\/\/tolio.co.nz\/en\/wp-json\/wp\/v2\/types\/product"}],"replies":[{"embeddable":true,"href":"https:\/\/tolio.co.nz\/en\/wp-json\/wp\/v2\/comments?post=15860"}],"wp:featuredmedia":[{"embeddable":true,"href":"https:\/\/tolio.co.nz\/en\/wp-json\/wp\/v2\/media\/21019"}],"wp:attachment":[{"href":"https:\/\/tolio.co.nz\/en\/wp-json\/wp\/v2\/media?parent=15860"}],"wp:term":[{"taxonomy":"product_brand","embeddable":true,"href":"https:\/\/tolio.co.nz\/en\/wp-json\/wp\/v2\/product_brand?post=15860"},{"taxonomy":"product_cat","embeddable":true,"href":"https:\/\/tolio.co.nz\/en\/wp-json\/wp\/v2\/product_cat?post=15860"},{"taxonomy":"product_tag","embeddable":true,"href":"https:\/\/tolio.co.nz\/en\/wp-json\/wp\/v2\/product_tag?post=15860"}],"curies":[{"name":"wp","href":"https:\/\/api.w.org\/{rel}","templated":true}]}}