{"id":16006,"date":"2024-05-07T17:06:11","date_gmt":"2024-05-07T04:21:11","guid":{"rendered":"https:\/\/tolio.co.nz\/?post_type=product&#038;p=16006"},"modified":"2026-04-17T12:27:01","modified_gmt":"2026-04-17T00:27:01","slug":"bot-banh-da-lon-vinh-thuan-400g","status":"publish","type":"product","link":"https:\/\/tolio.co.nz\/en\/product\/vinh-thuan-canned-banh-da-400g\/","title":{"rendered":"Vinh Thuan Pork Skin Cake Flour 400g"},"content":{"rendered":"<p><strong>Vinh Thuan Pork Skin Cake Flour 400g<\/strong> Ingredients include tapioca starch, rice flour, and safe food coloring. Vinh Thuan pork skin cake flour is produced from selected ingredients, modern closed production lines, delicious dough, easy to bake.<\/p>\n<p><strong>How to Use:<\/strong><\/p>\n<ul>\n<li>Add 300g sugar to 600ml water, cook until dissolved and then cool.<\/li>\n<li>Slowly add sugar water to 350g of pork skin cake flour, stir well, then add 1 packet of food coloring to the above mixture, mix well.<\/li>\n<li>Mix 100g of sugar into 200g of cleaned green beans, put them in the pan until the green beans are slightly gelatinous and slightly liquid.<\/li>\n<li>Add 200ml coconut milk and 50g pork skin cake flour to the chopped green beans.<\/li>\n<li>Put a pot of boiling water, put the oiled round tin mold in, scoop the green powder water and pour it into the steamed cake mold, steam until almost cooked, then pour the green bean layer on (when pouring the green bean layer, you should test the powder on the green layer). While steaming, the powder drops do not mix until the green color turns out, then add the green bean layer, otherwise the green bean layer will sink to the bottom of the mold).<\/li>\n<li>When the green bean layer is cooked, add more green powder layer. Continue steaming until all the dough is gone.<\/li>\n<\/ul>\n<p><strong>Preserve:<\/strong><\/p>\n<ul>\n<li>\u00a0Store in a cool, dry place, close the lid tightly after use.<\/li>\n<\/ul>","protected":false},"excerpt":{"rendered":"<ul>\n<li>Brand: Vinh Thuan<\/li>\n<li>Brand Country: Viet nam<\/li>\n<li>Packaging: 400g package, carton of 10 packages<\/li>\n<li>Note: Product packaging may change from batch to batch<\/li>\n<\/ul>","protected":false},"featured_media":20972,"comment_status":"open","ping_status":"closed","template":"","meta":[],"product_brand":[],"product_cat":[127,31],"product_tag":[861],"class_list":{"0":"post-16006","1":"product","2":"type-product","3":"status-publish","4":"has-post-thumbnail","6":"product_cat-bot-kho","7":"product_cat-hang-moi-ve","8":"product_tag-bot-banh-da-lon","9":"pa_thuong-hieu-vinh-thuan","11":"first","12":"instock","13":"sale","14":"shipping-taxable","15":"purchasable","16":"product-type-simple"},"yoast_head":"<!-- This site is optimized with the Yoast SEO plugin v24.4 - https:\/\/yoast.com\/wordpress\/plugins\/seo\/ -->\n<title>B\u00f4\u0323t b\u00e1nh da l\u1ee3n V\u0129nh Thu\u1eadn 400g - TOLIO<\/title>\n<meta name=\"description\" content=\"Th\u01b0\u01a1ng hi\u1ec7u: V\u0129nh Thu\u1eadn  Xu\u1ea5t x\u1ee9 th\u01b0\u01a1ng hi\u1ec7u: Vi\u1ec7t Nam  Quy c\u00e1ch \u0111\u00f3ng g\u00f3i: g\u00f3i 400g, th\u00f9ng 10 g\u00f3i  L\u01b0u \u00fd: Bao b\u00ec s\u1ea3n ph\u1ea9m c\u00f3 th\u1ec3 thay \u0111\u1ed5i theo t\u1eebng \u0111\u1ee3t nh\u1eadp h\u00e0ng\" \/>\n<meta name=\"robots\" content=\"index, follow, max-snippet:-1, max-image-preview:large, max-video-preview:-1\" \/>\n<link rel=\"canonical\" href=\"https:\/\/tolio.co.nz\/en\/product\/vinh-thuan-canned-banh-da-400g\/\" \/>\n<meta property=\"og:locale\" content=\"en_US\" \/>\n<meta property=\"og:type\" content=\"article\" \/>\n<meta property=\"og:title\" content=\"B\u00f4\u0323t b\u00e1nh da l\u1ee3n V\u0129nh Thu\u1eadn 400g - TOLIO\" \/>\n<meta property=\"og:description\" content=\"Th\u01b0\u01a1ng hi\u1ec7u: V\u0129nh Thu\u1eadn  Xu\u1ea5t x\u1ee9 th\u01b0\u01a1ng hi\u1ec7u: Vi\u1ec7t Nam  Quy c\u00e1ch \u0111\u00f3ng g\u00f3i: g\u00f3i 400g, th\u00f9ng 10 g\u00f3i  L\u01b0u \u00fd: Bao b\u00ec s\u1ea3n ph\u1ea9m c\u00f3 th\u1ec3 thay \u0111\u1ed5i theo t\u1eebng \u0111\u1ee3t nh\u1eadp h\u00e0ng\" \/>\n<meta property=\"og:url\" content=\"https:\/\/tolio.co.nz\/en\/product\/vinh-thuan-canned-banh-da-400g\/\" \/>\n<meta property=\"og:site_name\" content=\"TOLIO\" \/>\n<meta property=\"article:modified_time\" content=\"2026-04-17T00:27:01+00:00\" \/>\n<meta property=\"og:image\" content=\"https:\/\/tolio.co.nz\/wp-content\/uploads\/2024\/05\/464.png\" \/>\n\t<meta property=\"og:image:width\" content=\"1000\" \/>\n\t<meta property=\"og:image:height\" content=\"907\" \/>\n\t<meta property=\"og:image:type\" content=\"image\/png\" \/>\n<meta name=\"twitter:card\" content=\"summary_large_image\" \/>\n<meta name=\"twitter:label1\" content=\"Est. reading time\" \/>\n\t<meta name=\"twitter:data1\" content=\"1 minute\" \/>\n<script type=\"application\/ld+json\" class=\"yoast-schema-graph\">{\"@context\":\"https:\/\/schema.org\",\"@graph\":[{\"@type\":\"WebPage\",\"@id\":\"https:\/\/tolio.co.nz\/?post_type=product&p=16006\",\"url\":\"https:\/\/tolio.co.nz\/?post_type=product&p=16006\",\"name\":\"B\u00f4\u0323t b\u00e1nh da l\u1ee3n V\u0129nh Thu\u1eadn 400g - TOLIO\",\"isPartOf\":{\"@id\":\"https:\/\/tolio.co.nz\/#website\"},\"primaryImageOfPage\":{\"@id\":\"https:\/\/tolio.co.nz\/?post_type=product&p=16006#primaryimage\"},\"image\":{\"@id\":\"https:\/\/tolio.co.nz\/?post_type=product&p=16006#primaryimage\"},\"thumbnailUrl\":\"https:\/\/tolio.co.nz\/wp-content\/uploads\/2024\/05\/464.png\",\"datePublished\":\"2024-05-07T04:21:11+00:00\",\"dateModified\":\"2026-04-17T00:27:01+00:00\",\"description\":\"Th\u01b0\u01a1ng hi\u1ec7u: V\u0129nh Thu\u1eadn Xu\u1ea5t x\u1ee9 th\u01b0\u01a1ng hi\u1ec7u: Vi\u1ec7t Nam Quy c\u00e1ch \u0111\u00f3ng g\u00f3i: g\u00f3i 400g, th\u00f9ng 10 g\u00f3i L\u01b0u \u00fd: Bao b\u00ec s\u1ea3n ph\u1ea9m c\u00f3 th\u1ec3 thay \u0111\u1ed5i theo t\u1eebng \u0111\u1ee3t nh\u1eadp h\u00e0ng\",\"breadcrumb\":{\"@id\":\"https:\/\/tolio.co.nz\/?post_type=product&p=16006#breadcrumb\"},\"inLanguage\":\"en-US\",\"potentialAction\":[{\"@type\":\"ReadAction\",\"target\":[\"https:\/\/tolio.co.nz\/?post_type=product&p=16006\"]}]},{\"@type\":\"ImageObject\",\"inLanguage\":\"en-US\",\"@id\":\"https:\/\/tolio.co.nz\/?post_type=product&p=16006#primaryimage\",\"url\":\"https:\/\/tolio.co.nz\/wp-content\/uploads\/2024\/05\/464.png\",\"contentUrl\":\"https:\/\/tolio.co.nz\/wp-content\/uploads\/2024\/05\/464.png\",\"width\":1000,\"height\":907},{\"@type\":\"BreadcrumbList\",\"@id\":\"https:\/\/tolio.co.nz\/?post_type=product&p=16006#breadcrumb\",\"itemListElement\":[{\"@type\":\"ListItem\",\"position\":1,\"name\":\"Home\",\"item\":\"https:\/\/tolio.co.nz\/\"},{\"@type\":\"ListItem\",\"position\":2,\"name\":\"C\u1eeda h\u00e0ng\",\"item\":\"https:\/\/tolio.co.nz\/cua-hang\/\"},{\"@type\":\"ListItem\",\"position\":3,\"name\":\"B\u00f4\u0323t b\u00e1nh da l\u1ee3n V\u0129nh Thu\u1eadn 400g\"}]},{\"@type\":\"WebSite\",\"@id\":\"https:\/\/tolio.co.nz\/#website\",\"url\":\"https:\/\/tolio.co.nz\/\",\"name\":\"TOLIO\",\"description\":\"Vietnamese Grocery Online\",\"potentialAction\":[{\"@type\":\"SearchAction\",\"target\":{\"@type\":\"EntryPoint\",\"urlTemplate\":\"https:\/\/tolio.co.nz\/?s={search_term_string}\"},\"query-input\":{\"@type\":\"PropertyValueSpecification\",\"valueRequired\":true,\"valueName\":\"search_term_string\"}}],\"inLanguage\":\"en-US\"}]}<\/script>\n<!-- \/ Yoast SEO plugin. -->","yoast_head_json":{"title":"B\u00f4\u0323t b\u00e1nh da l\u1ee3n V\u0129nh Thu\u1eadn 400g - TOLIO","description":"Th\u01b0\u01a1ng hi\u1ec7u: V\u0129nh Thu\u1eadn  Xu\u1ea5t x\u1ee9 th\u01b0\u01a1ng hi\u1ec7u: Vi\u1ec7t Nam  Quy c\u00e1ch \u0111\u00f3ng g\u00f3i: g\u00f3i 400g, th\u00f9ng 10 g\u00f3i  L\u01b0u \u00fd: Bao b\u00ec s\u1ea3n ph\u1ea9m c\u00f3 th\u1ec3 thay \u0111\u1ed5i theo t\u1eebng \u0111\u1ee3t nh\u1eadp h\u00e0ng","robots":{"index":"index","follow":"follow","max-snippet":"max-snippet:-1","max-image-preview":"max-image-preview:large","max-video-preview":"max-video-preview:-1"},"canonical":"https:\/\/tolio.co.nz\/en\/product\/vinh-thuan-canned-banh-da-400g\/","og_locale":"en_US","og_type":"article","og_title":"B\u00f4\u0323t b\u00e1nh da l\u1ee3n V\u0129nh Thu\u1eadn 400g - TOLIO","og_description":"Th\u01b0\u01a1ng hi\u1ec7u: V\u0129nh Thu\u1eadn  Xu\u1ea5t x\u1ee9 th\u01b0\u01a1ng hi\u1ec7u: Vi\u1ec7t Nam  Quy c\u00e1ch \u0111\u00f3ng g\u00f3i: g\u00f3i 400g, th\u00f9ng 10 g\u00f3i  L\u01b0u \u00fd: Bao b\u00ec s\u1ea3n ph\u1ea9m c\u00f3 th\u1ec3 thay \u0111\u1ed5i theo t\u1eebng \u0111\u1ee3t nh\u1eadp h\u00e0ng","og_url":"https:\/\/tolio.co.nz\/en\/product\/vinh-thuan-canned-banh-da-400g\/","og_site_name":"TOLIO","article_modified_time":"2026-04-17T00:27:01+00:00","og_image":[{"width":1000,"height":907,"url":"https:\/\/tolio.co.nz\/wp-content\/uploads\/2024\/05\/464.png","type":"image\/png"}],"twitter_card":"summary_large_image","twitter_misc":{"Est. reading time":"1 minute"},"schema":{"@context":"https:\/\/schema.org","@graph":[{"@type":"WebPage","@id":"https:\/\/tolio.co.nz\/?post_type=product&p=16006","url":"https:\/\/tolio.co.nz\/?post_type=product&p=16006","name":"B\u00f4\u0323t b\u00e1nh da l\u1ee3n V\u0129nh Thu\u1eadn 400g - TOLIO","isPartOf":{"@id":"https:\/\/tolio.co.nz\/#website"},"primaryImageOfPage":{"@id":"https:\/\/tolio.co.nz\/?post_type=product&p=16006#primaryimage"},"image":{"@id":"https:\/\/tolio.co.nz\/?post_type=product&p=16006#primaryimage"},"thumbnailUrl":"https:\/\/tolio.co.nz\/wp-content\/uploads\/2024\/05\/464.png","datePublished":"2024-05-07T04:21:11+00:00","dateModified":"2026-04-17T00:27:01+00:00","description":"Th\u01b0\u01a1ng hi\u1ec7u: V\u0129nh Thu\u1eadn Xu\u1ea5t x\u1ee9 th\u01b0\u01a1ng hi\u1ec7u: Vi\u1ec7t Nam Quy c\u00e1ch \u0111\u00f3ng g\u00f3i: g\u00f3i 400g, th\u00f9ng 10 g\u00f3i L\u01b0u \u00fd: Bao b\u00ec s\u1ea3n ph\u1ea9m c\u00f3 th\u1ec3 thay \u0111\u1ed5i theo t\u1eebng \u0111\u1ee3t nh\u1eadp h\u00e0ng","breadcrumb":{"@id":"https:\/\/tolio.co.nz\/?post_type=product&p=16006#breadcrumb"},"inLanguage":"en-US","potentialAction":[{"@type":"ReadAction","target":["https:\/\/tolio.co.nz\/?post_type=product&p=16006"]}]},{"@type":"ImageObject","inLanguage":"en-US","@id":"https:\/\/tolio.co.nz\/?post_type=product&p=16006#primaryimage","url":"https:\/\/tolio.co.nz\/wp-content\/uploads\/2024\/05\/464.png","contentUrl":"https:\/\/tolio.co.nz\/wp-content\/uploads\/2024\/05\/464.png","width":1000,"height":907},{"@type":"BreadcrumbList","@id":"https:\/\/tolio.co.nz\/?post_type=product&p=16006#breadcrumb","itemListElement":[{"@type":"ListItem","position":1,"name":"Home","item":"https:\/\/tolio.co.nz\/"},{"@type":"ListItem","position":2,"name":"C\u1eeda h\u00e0ng","item":"https:\/\/tolio.co.nz\/cua-hang\/"},{"@type":"ListItem","position":3,"name":"B\u00f4\u0323t b\u00e1nh da l\u1ee3n V\u0129nh Thu\u1eadn 400g"}]},{"@type":"WebSite","@id":"https:\/\/tolio.co.nz\/#website","url":"https:\/\/tolio.co.nz\/","name":"TOLIO","description":"Vietnamese Grocery Online","potentialAction":[{"@type":"SearchAction","target":{"@type":"EntryPoint","urlTemplate":"https:\/\/tolio.co.nz\/?s={search_term_string}"},"query-input":{"@type":"PropertyValueSpecification","valueRequired":true,"valueName":"search_term_string"}}],"inLanguage":"en-US"}]}},"_links":{"self":[{"href":"https:\/\/tolio.co.nz\/en\/wp-json\/wp\/v2\/product\/16006","targetHints":{"allow":["GET"]}}],"collection":[{"href":"https:\/\/tolio.co.nz\/en\/wp-json\/wp\/v2\/product"}],"about":[{"href":"https:\/\/tolio.co.nz\/en\/wp-json\/wp\/v2\/types\/product"}],"replies":[{"embeddable":true,"href":"https:\/\/tolio.co.nz\/en\/wp-json\/wp\/v2\/comments?post=16006"}],"wp:featuredmedia":[{"embeddable":true,"href":"https:\/\/tolio.co.nz\/en\/wp-json\/wp\/v2\/media\/20972"}],"wp:attachment":[{"href":"https:\/\/tolio.co.nz\/en\/wp-json\/wp\/v2\/media?parent=16006"}],"wp:term":[{"taxonomy":"product_brand","embeddable":true,"href":"https:\/\/tolio.co.nz\/en\/wp-json\/wp\/v2\/product_brand?post=16006"},{"taxonomy":"product_cat","embeddable":true,"href":"https:\/\/tolio.co.nz\/en\/wp-json\/wp\/v2\/product_cat?post=16006"},{"taxonomy":"product_tag","embeddable":true,"href":"https:\/\/tolio.co.nz\/en\/wp-json\/wp\/v2\/product_tag?post=16006"}],"curies":[{"name":"wp","href":"https:\/\/api.w.org\/{rel}","templated":true}]}}