{"id":16178,"date":"2024-05-13T20:40:23","date_gmt":"2024-05-13T07:55:23","guid":{"rendered":"https:\/\/tolio.co.nz\/?post_type=product&#038;p=16178"},"modified":"2026-04-04T08:19:01","modified_gmt":"2026-04-03T20:19:01","slug":"thung-12-hop-sua-dac-co-duong-ngoi-sao-phuong-nam-hop-1-284-kg","status":"publish","type":"product","link":"https:\/\/tolio.co.nz\/en\/product\/12-sessions-of-sua-dac-with-phuong-nam-star-line-session-1-284-kg\/","title":{"rendered":"Box of 12 boxes of Southern Star sweetened condensed milk, 1,284 kg box"},"content":{"rendered":"<p><strong>Southern Star Condensed Milk<\/strong> rich in consistency, bringing a harmonious taste, fatty aroma, used to make milk, dipping bread, .. wonderfully delicious. Condensed ice cream with sugar Green Southern Star is the sweetest and fattest compared to similar products.<\/p>\n<p><strong>How to Use:<\/strong><\/p>\n<ul>\n<li>Make coffee, blend smoothies, make yogurt, flan...<\/li>\n<li>Seal tightly after use<\/li>\n<\/ul>\n<p><strong>Preserve:<\/strong><\/p>\n<ul>\n<li>To a dry, cool place.<\/li>\n<li>Avoid direct sunlight or high temperature<\/li>\n<\/ul>\n<p>&nbsp;<\/p>","protected":false},"excerpt":{"rendered":"<ul>\n<li>Brand: Phuong Nam Star<\/li>\n<li>Brand Country: Viet nam<\/li>\n<li>Packaging: Box of 1,284 kg, carton of 12 boxes<\/li>\n<li>Note: Product packaging may change from batch to batch<\/li>\n<\/ul>","protected":false},"featured_media":17163,"comment_status":"open","ping_status":"closed","template":"","meta":[],"product_brand":[],"product_cat":[876],"product_tag":[109,108,107],"class_list":{"0":"post-16178","1":"product","2":"type-product","3":"status-publish","4":"has-post-thumbnail","6":"product_cat-uu-dai-thung","7":"product_tag-sua","8":"product_tag-sua-dac","9":"product_tag-sua-phuong-nam","10":"pa_thuong-hieu-ngoi-sao-phuong-nam","12":"first","13":"instock","14":"sale","15":"shipping-taxable","16":"purchasable","17":"product-type-simple"},"yoast_head":"<!-- This site is optimized with the Yoast SEO plugin v24.4 - https:\/\/yoast.com\/wordpress\/plugins\/seo\/ -->\n<title>Th\u00f9ng 12 h\u1ed9p s\u1eefa \u0111\u1eb7c c\u00f3 \u0111\u01b0\u1eddng Ng\u00f4i sao Ph\u01b0\u01a1ng Nam h\u1ed9p 1.284 kg - TOLIO<\/title>\n<meta name=\"description\" content=\"Th\u01b0\u01a1ng hi\u1ec7u: Ng\u00f4i sao Ph\u01b0\u01a1ng Nam  Xu\u1ea5t x\u1ee9 th\u01b0\u01a1ng hi\u1ec7u: Vi\u1ec7t Nam  Quy c\u00e1ch \u0111\u00f3ng g\u00f3i: H\u1ed9p 1.284 kg, th\u00f9ng 12 h\u1ed9p  L\u01b0u \u00fd: Bao b\u00ec s\u1ea3n ph\u1ea9m c\u00f3 th\u1ec3 thay \u0111\u1ed5i theo t\u1eebng \u0111\u1ee3t nh\u1eadp h\u00e0ng\" \/>\n<meta name=\"robots\" content=\"index, follow, max-snippet:-1, max-image-preview:large, max-video-preview:-1\" \/>\n<link rel=\"canonical\" href=\"https:\/\/tolio.co.nz\/en\/product\/12-sessions-of-sua-dac-with-phuong-nam-star-line-session-1-284-kg\/\" \/>\n<meta property=\"og:locale\" content=\"en_US\" \/>\n<meta property=\"og:type\" content=\"article\" \/>\n<meta property=\"og:title\" content=\"Th\u00f9ng 12 h\u1ed9p s\u1eefa \u0111\u1eb7c c\u00f3 \u0111\u01b0\u1eddng Ng\u00f4i sao Ph\u01b0\u01a1ng Nam h\u1ed9p 1.284 kg - TOLIO\" \/>\n<meta property=\"og:description\" content=\"Th\u01b0\u01a1ng hi\u1ec7u: Ng\u00f4i sao Ph\u01b0\u01a1ng Nam  Xu\u1ea5t x\u1ee9 th\u01b0\u01a1ng hi\u1ec7u: Vi\u1ec7t Nam  Quy c\u00e1ch \u0111\u00f3ng g\u00f3i: H\u1ed9p 1.284 kg, th\u00f9ng 12 h\u1ed9p  L\u01b0u \u00fd: Bao b\u00ec s\u1ea3n ph\u1ea9m c\u00f3 th\u1ec3 thay \u0111\u1ed5i theo t\u1eebng \u0111\u1ee3t nh\u1eadp h\u00e0ng\" \/>\n<meta property=\"og:url\" content=\"https:\/\/tolio.co.nz\/en\/product\/12-sessions-of-sua-dac-with-phuong-nam-star-line-session-1-284-kg\/\" \/>\n<meta property=\"og:site_name\" content=\"TOLIO\" \/>\n<meta property=\"article:modified_time\" content=\"2026-04-03T20:19:01+00:00\" \/>\n<meta property=\"og:image\" content=\"https:\/\/tolio.co.nz\/wp-content\/uploads\/2024\/05\/197.png\" \/>\n\t<meta property=\"og:image:width\" content=\"1000\" \/>\n\t<meta property=\"og:image:height\" content=\"907\" \/>\n\t<meta property=\"og:image:type\" content=\"image\/png\" \/>\n<meta name=\"twitter:card\" content=\"summary_large_image\" \/>\n<meta name=\"twitter:label1\" content=\"Est. reading time\" \/>\n\t<meta name=\"twitter:data1\" content=\"1 minute\" \/>\n<script type=\"application\/ld+json\" class=\"yoast-schema-graph\">{\"@context\":\"https:\/\/schema.org\",\"@graph\":[{\"@type\":\"WebPage\",\"@id\":\"https:\/\/tolio.co.nz\/?post_type=product&p=16178\",\"url\":\"https:\/\/tolio.co.nz\/?post_type=product&p=16178\",\"name\":\"Th\u00f9ng 12 h\u1ed9p s\u1eefa \u0111\u1eb7c c\u00f3 \u0111\u01b0\u1eddng Ng\u00f4i sao Ph\u01b0\u01a1ng Nam h\u1ed9p 1.284 kg - TOLIO\",\"isPartOf\":{\"@id\":\"https:\/\/tolio.co.nz\/#website\"},\"primaryImageOfPage\":{\"@id\":\"https:\/\/tolio.co.nz\/?post_type=product&p=16178#primaryimage\"},\"image\":{\"@id\":\"https:\/\/tolio.co.nz\/?post_type=product&p=16178#primaryimage\"},\"thumbnailUrl\":\"https:\/\/tolio.co.nz\/wp-content\/uploads\/2024\/05\/197.png\",\"datePublished\":\"2024-05-13T07:55:23+00:00\",\"dateModified\":\"2026-04-03T20:19:01+00:00\",\"description\":\"Th\u01b0\u01a1ng hi\u1ec7u: Ng\u00f4i sao Ph\u01b0\u01a1ng Nam Xu\u1ea5t x\u1ee9 th\u01b0\u01a1ng hi\u1ec7u: Vi\u1ec7t Nam Quy c\u00e1ch \u0111\u00f3ng g\u00f3i: H\u1ed9p 1.284 kg, th\u00f9ng 12 h\u1ed9p L\u01b0u \u00fd: Bao b\u00ec s\u1ea3n ph\u1ea9m c\u00f3 th\u1ec3 thay \u0111\u1ed5i theo t\u1eebng \u0111\u1ee3t nh\u1eadp h\u00e0ng\",\"breadcrumb\":{\"@id\":\"https:\/\/tolio.co.nz\/?post_type=product&p=16178#breadcrumb\"},\"inLanguage\":\"en-US\",\"potentialAction\":[{\"@type\":\"ReadAction\",\"target\":[\"https:\/\/tolio.co.nz\/?post_type=product&p=16178\"]}]},{\"@type\":\"ImageObject\",\"inLanguage\":\"en-US\",\"@id\":\"https:\/\/tolio.co.nz\/?post_type=product&p=16178#primaryimage\",\"url\":\"https:\/\/tolio.co.nz\/wp-content\/uploads\/2024\/05\/197.png\",\"contentUrl\":\"https:\/\/tolio.co.nz\/wp-content\/uploads\/2024\/05\/197.png\",\"width\":1000,\"height\":907},{\"@type\":\"BreadcrumbList\",\"@id\":\"https:\/\/tolio.co.nz\/?post_type=product&p=16178#breadcrumb\",\"itemListElement\":[{\"@type\":\"ListItem\",\"position\":1,\"name\":\"Home\",\"item\":\"https:\/\/tolio.co.nz\/\"},{\"@type\":\"ListItem\",\"position\":2,\"name\":\"C\u1eeda h\u00e0ng\",\"item\":\"https:\/\/tolio.co.nz\/cua-hang\/\"},{\"@type\":\"ListItem\",\"position\":3,\"name\":\"Th\u00f9ng 12 h\u1ed9p s\u1eefa \u0111\u1eb7c c\u00f3 \u0111\u01b0\u1eddng Ng\u00f4i sao Ph\u01b0\u01a1ng Nam h\u1ed9p 1.284 kg\"}]},{\"@type\":\"WebSite\",\"@id\":\"https:\/\/tolio.co.nz\/#website\",\"url\":\"https:\/\/tolio.co.nz\/\",\"name\":\"TOLIO\",\"description\":\"Vietnamese Grocery Online\",\"potentialAction\":[{\"@type\":\"SearchAction\",\"target\":{\"@type\":\"EntryPoint\",\"urlTemplate\":\"https:\/\/tolio.co.nz\/?s={search_term_string}\"},\"query-input\":{\"@type\":\"PropertyValueSpecification\",\"valueRequired\":true,\"valueName\":\"search_term_string\"}}],\"inLanguage\":\"en-US\"}]}<\/script>\n<!-- \/ Yoast SEO plugin. -->","yoast_head_json":{"title":"Th\u00f9ng 12 h\u1ed9p s\u1eefa \u0111\u1eb7c c\u00f3 \u0111\u01b0\u1eddng Ng\u00f4i sao Ph\u01b0\u01a1ng Nam h\u1ed9p 1.284 kg - TOLIO","description":"Th\u01b0\u01a1ng hi\u1ec7u: Ng\u00f4i sao Ph\u01b0\u01a1ng Nam  Xu\u1ea5t x\u1ee9 th\u01b0\u01a1ng hi\u1ec7u: Vi\u1ec7t Nam  Quy c\u00e1ch \u0111\u00f3ng g\u00f3i: H\u1ed9p 1.284 kg, th\u00f9ng 12 h\u1ed9p  L\u01b0u \u00fd: Bao b\u00ec s\u1ea3n ph\u1ea9m c\u00f3 th\u1ec3 thay \u0111\u1ed5i theo t\u1eebng \u0111\u1ee3t nh\u1eadp h\u00e0ng","robots":{"index":"index","follow":"follow","max-snippet":"max-snippet:-1","max-image-preview":"max-image-preview:large","max-video-preview":"max-video-preview:-1"},"canonical":"https:\/\/tolio.co.nz\/en\/product\/12-sessions-of-sua-dac-with-phuong-nam-star-line-session-1-284-kg\/","og_locale":"en_US","og_type":"article","og_title":"Th\u00f9ng 12 h\u1ed9p s\u1eefa \u0111\u1eb7c c\u00f3 \u0111\u01b0\u1eddng Ng\u00f4i sao Ph\u01b0\u01a1ng Nam h\u1ed9p 1.284 kg - TOLIO","og_description":"Th\u01b0\u01a1ng hi\u1ec7u: Ng\u00f4i sao Ph\u01b0\u01a1ng Nam  Xu\u1ea5t x\u1ee9 th\u01b0\u01a1ng hi\u1ec7u: Vi\u1ec7t Nam  Quy c\u00e1ch \u0111\u00f3ng g\u00f3i: H\u1ed9p 1.284 kg, th\u00f9ng 12 h\u1ed9p  L\u01b0u \u00fd: Bao b\u00ec s\u1ea3n ph\u1ea9m c\u00f3 th\u1ec3 thay \u0111\u1ed5i theo t\u1eebng \u0111\u1ee3t nh\u1eadp h\u00e0ng","og_url":"https:\/\/tolio.co.nz\/en\/product\/12-sessions-of-sua-dac-with-phuong-nam-star-line-session-1-284-kg\/","og_site_name":"TOLIO","article_modified_time":"2026-04-03T20:19:01+00:00","og_image":[{"width":1000,"height":907,"url":"https:\/\/tolio.co.nz\/wp-content\/uploads\/2024\/05\/197.png","type":"image\/png"}],"twitter_card":"summary_large_image","twitter_misc":{"Est. reading time":"1 minute"},"schema":{"@context":"https:\/\/schema.org","@graph":[{"@type":"WebPage","@id":"https:\/\/tolio.co.nz\/?post_type=product&p=16178","url":"https:\/\/tolio.co.nz\/?post_type=product&p=16178","name":"Th\u00f9ng 12 h\u1ed9p s\u1eefa \u0111\u1eb7c c\u00f3 \u0111\u01b0\u1eddng Ng\u00f4i sao Ph\u01b0\u01a1ng Nam h\u1ed9p 1.284 kg - TOLIO","isPartOf":{"@id":"https:\/\/tolio.co.nz\/#website"},"primaryImageOfPage":{"@id":"https:\/\/tolio.co.nz\/?post_type=product&p=16178#primaryimage"},"image":{"@id":"https:\/\/tolio.co.nz\/?post_type=product&p=16178#primaryimage"},"thumbnailUrl":"https:\/\/tolio.co.nz\/wp-content\/uploads\/2024\/05\/197.png","datePublished":"2024-05-13T07:55:23+00:00","dateModified":"2026-04-03T20:19:01+00:00","description":"Th\u01b0\u01a1ng hi\u1ec7u: Ng\u00f4i sao Ph\u01b0\u01a1ng Nam Xu\u1ea5t x\u1ee9 th\u01b0\u01a1ng hi\u1ec7u: Vi\u1ec7t Nam Quy c\u00e1ch \u0111\u00f3ng g\u00f3i: H\u1ed9p 1.284 kg, th\u00f9ng 12 h\u1ed9p L\u01b0u \u00fd: Bao b\u00ec s\u1ea3n ph\u1ea9m c\u00f3 th\u1ec3 thay \u0111\u1ed5i theo t\u1eebng \u0111\u1ee3t nh\u1eadp h\u00e0ng","breadcrumb":{"@id":"https:\/\/tolio.co.nz\/?post_type=product&p=16178#breadcrumb"},"inLanguage":"en-US","potentialAction":[{"@type":"ReadAction","target":["https:\/\/tolio.co.nz\/?post_type=product&p=16178"]}]},{"@type":"ImageObject","inLanguage":"en-US","@id":"https:\/\/tolio.co.nz\/?post_type=product&p=16178#primaryimage","url":"https:\/\/tolio.co.nz\/wp-content\/uploads\/2024\/05\/197.png","contentUrl":"https:\/\/tolio.co.nz\/wp-content\/uploads\/2024\/05\/197.png","width":1000,"height":907},{"@type":"BreadcrumbList","@id":"https:\/\/tolio.co.nz\/?post_type=product&p=16178#breadcrumb","itemListElement":[{"@type":"ListItem","position":1,"name":"Home","item":"https:\/\/tolio.co.nz\/"},{"@type":"ListItem","position":2,"name":"C\u1eeda h\u00e0ng","item":"https:\/\/tolio.co.nz\/cua-hang\/"},{"@type":"ListItem","position":3,"name":"Th\u00f9ng 12 h\u1ed9p s\u1eefa \u0111\u1eb7c c\u00f3 \u0111\u01b0\u1eddng Ng\u00f4i sao Ph\u01b0\u01a1ng Nam h\u1ed9p 1.284 kg"}]},{"@type":"WebSite","@id":"https:\/\/tolio.co.nz\/#website","url":"https:\/\/tolio.co.nz\/","name":"TOLIO","description":"Vietnamese Grocery Online","potentialAction":[{"@type":"SearchAction","target":{"@type":"EntryPoint","urlTemplate":"https:\/\/tolio.co.nz\/?s={search_term_string}"},"query-input":{"@type":"PropertyValueSpecification","valueRequired":true,"valueName":"search_term_string"}}],"inLanguage":"en-US"}]}},"_links":{"self":[{"href":"https:\/\/tolio.co.nz\/en\/wp-json\/wp\/v2\/product\/16178","targetHints":{"allow":["GET"]}}],"collection":[{"href":"https:\/\/tolio.co.nz\/en\/wp-json\/wp\/v2\/product"}],"about":[{"href":"https:\/\/tolio.co.nz\/en\/wp-json\/wp\/v2\/types\/product"}],"replies":[{"embeddable":true,"href":"https:\/\/tolio.co.nz\/en\/wp-json\/wp\/v2\/comments?post=16178"}],"wp:featuredmedia":[{"embeddable":true,"href":"https:\/\/tolio.co.nz\/en\/wp-json\/wp\/v2\/media\/17163"}],"wp:attachment":[{"href":"https:\/\/tolio.co.nz\/en\/wp-json\/wp\/v2\/media?parent=16178"}],"wp:term":[{"taxonomy":"product_brand","embeddable":true,"href":"https:\/\/tolio.co.nz\/en\/wp-json\/wp\/v2\/product_brand?post=16178"},{"taxonomy":"product_cat","embeddable":true,"href":"https:\/\/tolio.co.nz\/en\/wp-json\/wp\/v2\/product_cat?post=16178"},{"taxonomy":"product_tag","embeddable":true,"href":"https:\/\/tolio.co.nz\/en\/wp-json\/wp\/v2\/product_tag?post=16178"}],"curies":[{"name":"wp","href":"https:\/\/api.w.org\/{rel}","templated":true}]}}