{"id":16187,"date":"2024-05-13T21:45:50","date_gmt":"2024-05-13T09:00:50","guid":{"rendered":"https:\/\/tolio.co.nz\/?post_type=product&#038;p=16187"},"modified":"2026-03-24T22:42:44","modified_gmt":"2026-03-24T10:42:44","slug":"thung-4-can-nuoc-mam-nam-ngu-sieu-tiet-kiem-4-8l","status":"publish","type":"product","link":"https:\/\/tolio.co.nz\/en\/product\/valley-of-4-cans-of-water-mam-stupid-men-4-8l\/","title":{"rendered":"Box of 4 cans of Nam Ngu fish sauce super economical 4.8L"},"content":{"rendered":"<p><strong>Super economical Nam Ngu fish sauce 4.8L:<\/strong><\/p>\n<ul>\n<li>Use pure anchovy ingredients.<\/li>\n<li>Make sure not to use additives that exceed the allowable limit, you can be completely assured when using super economical Nam Ngu fish sauce for family meals.<\/li>\n<li>The large bottle design helps you both save money and cook many delicious meals for your family.<\/li>\n<\/ul>\n<p><strong>How to Use:<\/strong><\/p>\n<ul>\n<li>Used to dip or prepare daily dishes for the family.<\/li>\n<\/ul>\n<p><strong>Preserve:<\/strong><\/p>\n<ul>\n<li>Store in a cool, dry place, away from direct sunlight.<\/li>\n<\/ul>","protected":false},"excerpt":{"rendered":"<div class=\"elementor-element elementor-element-662fcae elementor-widget elementor-widget-woocommerce-product-short-description\" data-id=\"662fcae\" data-element_type=\"widget\" data-widget_type=\"woocommerce-product-short-description.default\">\n<div class=\"elementor-widget-container\">\n<div class=\"woocommerce-product-details__short-description\">\n<ul>\n<li>Brand: Nam Ngu<\/li>\n<li>Brand Country: Viet nam<\/li>\n<li>Packaging: 4.8l can, box of 4 cans<\/li>\n<li>Note: Product packaging may change from batch to batch<\/li>\n<\/ul>\n<\/div>\n<\/div>\n<\/div>","protected":false},"featured_media":17158,"comment_status":"open","ping_status":"closed","template":"","meta":[],"product_brand":[],"product_cat":[876],"product_tag":[103,106],"class_list":{"0":"post-16187","1":"product","2":"type-product","3":"status-publish","4":"has-post-thumbnail","6":"product_cat-uu-dai-thung","7":"product_tag-nuoc-mam","8":"product_tag-nuoc-mam-nam-ngu","9":"pa_thuong-hieu-nam-ngu","11":"first","12":"instock","13":"sale","14":"shipping-taxable","15":"purchasable","16":"product-type-simple"},"yoast_head":"<!-- This site is optimized with the Yoast SEO plugin v24.4 - https:\/\/yoast.com\/wordpress\/plugins\/seo\/ -->\n<title>Th\u00f9ng 4 can n\u01b0\u1edbc m\u1eafm Nam Ng\u01b0 si\u00eau ti\u1ebft ki\u1ec7m 4.8L - TOLIO<\/title>\n<meta name=\"description\" content=\"Th\u01b0\u01a1ng hi\u1ec7u: Nam Ng\u01b0  Xu\u1ea5t x\u1ee9 th\u01b0\u01a1ng hi\u1ec7u: Vi\u1ec7t Nam  Quy c\u00e1ch \u0111\u00f3ng g\u00f3i: can 4,8l, th\u00f9ng 4 can  L\u01b0u \u00fd: Bao b\u00ec s\u1ea3n ph\u1ea9m c\u00f3 th\u1ec3 thay \u0111\u1ed5i theo t\u1eebng \u0111\u1ee3t nh\u1eadp h\u00e0ng\" \/>\n<meta name=\"robots\" content=\"index, follow, max-snippet:-1, max-image-preview:large, max-video-preview:-1\" \/>\n<link rel=\"canonical\" href=\"https:\/\/tolio.co.nz\/en\/product\/valley-of-4-cans-of-water-mam-stupid-men-4-8l\/\" \/>\n<meta property=\"og:locale\" content=\"en_US\" \/>\n<meta property=\"og:type\" content=\"article\" \/>\n<meta property=\"og:title\" content=\"Th\u00f9ng 4 can n\u01b0\u1edbc m\u1eafm Nam Ng\u01b0 si\u00eau ti\u1ebft ki\u1ec7m 4.8L - TOLIO\" \/>\n<meta property=\"og:description\" content=\"Th\u01b0\u01a1ng hi\u1ec7u: Nam Ng\u01b0  Xu\u1ea5t x\u1ee9 th\u01b0\u01a1ng hi\u1ec7u: Vi\u1ec7t Nam  Quy c\u00e1ch \u0111\u00f3ng g\u00f3i: can 4,8l, th\u00f9ng 4 can  L\u01b0u \u00fd: Bao b\u00ec s\u1ea3n ph\u1ea9m c\u00f3 th\u1ec3 thay \u0111\u1ed5i theo t\u1eebng \u0111\u1ee3t nh\u1eadp h\u00e0ng\" \/>\n<meta property=\"og:url\" content=\"https:\/\/tolio.co.nz\/en\/product\/valley-of-4-cans-of-water-mam-stupid-men-4-8l\/\" \/>\n<meta property=\"og:site_name\" content=\"TOLIO\" \/>\n<meta property=\"article:modified_time\" content=\"2026-03-24T10:42:44+00:00\" \/>\n<meta property=\"og:image\" content=\"https:\/\/tolio.co.nz\/wp-content\/uploads\/2024\/05\/199.png\" \/>\n\t<meta property=\"og:image:width\" content=\"1000\" \/>\n\t<meta property=\"og:image:height\" content=\"907\" \/>\n\t<meta property=\"og:image:type\" content=\"image\/png\" \/>\n<meta name=\"twitter:card\" content=\"summary_large_image\" \/>\n<meta name=\"twitter:label1\" content=\"Est. reading time\" \/>\n\t<meta name=\"twitter:data1\" content=\"1 minute\" \/>\n<script type=\"application\/ld+json\" class=\"yoast-schema-graph\">{\"@context\":\"https:\/\/schema.org\",\"@graph\":[{\"@type\":\"WebPage\",\"@id\":\"https:\/\/tolio.co.nz\/?post_type=product&p=16187\",\"url\":\"https:\/\/tolio.co.nz\/?post_type=product&p=16187\",\"name\":\"Th\u00f9ng 4 can n\u01b0\u1edbc m\u1eafm Nam Ng\u01b0 si\u00eau ti\u1ebft ki\u1ec7m 4.8L - TOLIO\",\"isPartOf\":{\"@id\":\"https:\/\/tolio.co.nz\/#website\"},\"primaryImageOfPage\":{\"@id\":\"https:\/\/tolio.co.nz\/?post_type=product&p=16187#primaryimage\"},\"image\":{\"@id\":\"https:\/\/tolio.co.nz\/?post_type=product&p=16187#primaryimage\"},\"thumbnailUrl\":\"https:\/\/tolio.co.nz\/wp-content\/uploads\/2024\/05\/199.png\",\"datePublished\":\"2024-05-13T09:00:50+00:00\",\"dateModified\":\"2026-03-24T10:42:44+00:00\",\"description\":\"Th\u01b0\u01a1ng hi\u1ec7u: Nam Ng\u01b0 Xu\u1ea5t x\u1ee9 th\u01b0\u01a1ng hi\u1ec7u: Vi\u1ec7t Nam Quy c\u00e1ch \u0111\u00f3ng g\u00f3i: can 4,8l, th\u00f9ng 4 can L\u01b0u \u00fd: Bao b\u00ec s\u1ea3n ph\u1ea9m c\u00f3 th\u1ec3 thay \u0111\u1ed5i theo t\u1eebng \u0111\u1ee3t nh\u1eadp h\u00e0ng\",\"breadcrumb\":{\"@id\":\"https:\/\/tolio.co.nz\/?post_type=product&p=16187#breadcrumb\"},\"inLanguage\":\"en-US\",\"potentialAction\":[{\"@type\":\"ReadAction\",\"target\":[\"https:\/\/tolio.co.nz\/?post_type=product&p=16187\"]}]},{\"@type\":\"ImageObject\",\"inLanguage\":\"en-US\",\"@id\":\"https:\/\/tolio.co.nz\/?post_type=product&p=16187#primaryimage\",\"url\":\"https:\/\/tolio.co.nz\/wp-content\/uploads\/2024\/05\/199.png\",\"contentUrl\":\"https:\/\/tolio.co.nz\/wp-content\/uploads\/2024\/05\/199.png\",\"width\":1000,\"height\":907},{\"@type\":\"BreadcrumbList\",\"@id\":\"https:\/\/tolio.co.nz\/?post_type=product&p=16187#breadcrumb\",\"itemListElement\":[{\"@type\":\"ListItem\",\"position\":1,\"name\":\"Home\",\"item\":\"https:\/\/tolio.co.nz\/\"},{\"@type\":\"ListItem\",\"position\":2,\"name\":\"C\u1eeda h\u00e0ng\",\"item\":\"https:\/\/tolio.co.nz\/cua-hang\/\"},{\"@type\":\"ListItem\",\"position\":3,\"name\":\"Th\u00f9ng 4 can n\u01b0\u1edbc m\u1eafm Nam Ng\u01b0 si\u00eau ti\u1ebft ki\u1ec7m 4.8L\"}]},{\"@type\":\"WebSite\",\"@id\":\"https:\/\/tolio.co.nz\/#website\",\"url\":\"https:\/\/tolio.co.nz\/\",\"name\":\"TOLIO\",\"description\":\"Vietnamese Grocery Online\",\"potentialAction\":[{\"@type\":\"SearchAction\",\"target\":{\"@type\":\"EntryPoint\",\"urlTemplate\":\"https:\/\/tolio.co.nz\/?s={search_term_string}\"},\"query-input\":{\"@type\":\"PropertyValueSpecification\",\"valueRequired\":true,\"valueName\":\"search_term_string\"}}],\"inLanguage\":\"en-US\"}]}<\/script>\n<!-- \/ Yoast SEO plugin. -->","yoast_head_json":{"title":"Th\u00f9ng 4 can n\u01b0\u1edbc m\u1eafm Nam Ng\u01b0 si\u00eau ti\u1ebft ki\u1ec7m 4.8L - TOLIO","description":"Th\u01b0\u01a1ng hi\u1ec7u: Nam Ng\u01b0  Xu\u1ea5t x\u1ee9 th\u01b0\u01a1ng hi\u1ec7u: Vi\u1ec7t Nam  Quy c\u00e1ch \u0111\u00f3ng g\u00f3i: can 4,8l, th\u00f9ng 4 can  L\u01b0u \u00fd: Bao b\u00ec s\u1ea3n ph\u1ea9m c\u00f3 th\u1ec3 thay \u0111\u1ed5i theo t\u1eebng \u0111\u1ee3t nh\u1eadp h\u00e0ng","robots":{"index":"index","follow":"follow","max-snippet":"max-snippet:-1","max-image-preview":"max-image-preview:large","max-video-preview":"max-video-preview:-1"},"canonical":"https:\/\/tolio.co.nz\/en\/product\/valley-of-4-cans-of-water-mam-stupid-men-4-8l\/","og_locale":"en_US","og_type":"article","og_title":"Th\u00f9ng 4 can n\u01b0\u1edbc m\u1eafm Nam Ng\u01b0 si\u00eau ti\u1ebft ki\u1ec7m 4.8L - TOLIO","og_description":"Th\u01b0\u01a1ng hi\u1ec7u: Nam Ng\u01b0  Xu\u1ea5t x\u1ee9 th\u01b0\u01a1ng hi\u1ec7u: Vi\u1ec7t Nam  Quy c\u00e1ch \u0111\u00f3ng g\u00f3i: can 4,8l, th\u00f9ng 4 can  L\u01b0u \u00fd: Bao b\u00ec s\u1ea3n ph\u1ea9m c\u00f3 th\u1ec3 thay \u0111\u1ed5i theo t\u1eebng \u0111\u1ee3t nh\u1eadp h\u00e0ng","og_url":"https:\/\/tolio.co.nz\/en\/product\/valley-of-4-cans-of-water-mam-stupid-men-4-8l\/","og_site_name":"TOLIO","article_modified_time":"2026-03-24T10:42:44+00:00","og_image":[{"width":1000,"height":907,"url":"https:\/\/tolio.co.nz\/wp-content\/uploads\/2024\/05\/199.png","type":"image\/png"}],"twitter_card":"summary_large_image","twitter_misc":{"Est. reading time":"1 minute"},"schema":{"@context":"https:\/\/schema.org","@graph":[{"@type":"WebPage","@id":"https:\/\/tolio.co.nz\/?post_type=product&p=16187","url":"https:\/\/tolio.co.nz\/?post_type=product&p=16187","name":"Th\u00f9ng 4 can n\u01b0\u1edbc m\u1eafm Nam Ng\u01b0 si\u00eau ti\u1ebft ki\u1ec7m 4.8L - TOLIO","isPartOf":{"@id":"https:\/\/tolio.co.nz\/#website"},"primaryImageOfPage":{"@id":"https:\/\/tolio.co.nz\/?post_type=product&p=16187#primaryimage"},"image":{"@id":"https:\/\/tolio.co.nz\/?post_type=product&p=16187#primaryimage"},"thumbnailUrl":"https:\/\/tolio.co.nz\/wp-content\/uploads\/2024\/05\/199.png","datePublished":"2024-05-13T09:00:50+00:00","dateModified":"2026-03-24T10:42:44+00:00","description":"Th\u01b0\u01a1ng hi\u1ec7u: Nam Ng\u01b0 Xu\u1ea5t x\u1ee9 th\u01b0\u01a1ng hi\u1ec7u: Vi\u1ec7t Nam Quy c\u00e1ch \u0111\u00f3ng g\u00f3i: can 4,8l, th\u00f9ng 4 can L\u01b0u \u00fd: Bao b\u00ec s\u1ea3n ph\u1ea9m c\u00f3 th\u1ec3 thay \u0111\u1ed5i theo t\u1eebng \u0111\u1ee3t nh\u1eadp h\u00e0ng","breadcrumb":{"@id":"https:\/\/tolio.co.nz\/?post_type=product&p=16187#breadcrumb"},"inLanguage":"en-US","potentialAction":[{"@type":"ReadAction","target":["https:\/\/tolio.co.nz\/?post_type=product&p=16187"]}]},{"@type":"ImageObject","inLanguage":"en-US","@id":"https:\/\/tolio.co.nz\/?post_type=product&p=16187#primaryimage","url":"https:\/\/tolio.co.nz\/wp-content\/uploads\/2024\/05\/199.png","contentUrl":"https:\/\/tolio.co.nz\/wp-content\/uploads\/2024\/05\/199.png","width":1000,"height":907},{"@type":"BreadcrumbList","@id":"https:\/\/tolio.co.nz\/?post_type=product&p=16187#breadcrumb","itemListElement":[{"@type":"ListItem","position":1,"name":"Home","item":"https:\/\/tolio.co.nz\/"},{"@type":"ListItem","position":2,"name":"C\u1eeda h\u00e0ng","item":"https:\/\/tolio.co.nz\/cua-hang\/"},{"@type":"ListItem","position":3,"name":"Th\u00f9ng 4 can n\u01b0\u1edbc m\u1eafm Nam Ng\u01b0 si\u00eau ti\u1ebft ki\u1ec7m 4.8L"}]},{"@type":"WebSite","@id":"https:\/\/tolio.co.nz\/#website","url":"https:\/\/tolio.co.nz\/","name":"TOLIO","description":"Vietnamese Grocery Online","potentialAction":[{"@type":"SearchAction","target":{"@type":"EntryPoint","urlTemplate":"https:\/\/tolio.co.nz\/?s={search_term_string}"},"query-input":{"@type":"PropertyValueSpecification","valueRequired":true,"valueName":"search_term_string"}}],"inLanguage":"en-US"}]}},"_links":{"self":[{"href":"https:\/\/tolio.co.nz\/en\/wp-json\/wp\/v2\/product\/16187","targetHints":{"allow":["GET"]}}],"collection":[{"href":"https:\/\/tolio.co.nz\/en\/wp-json\/wp\/v2\/product"}],"about":[{"href":"https:\/\/tolio.co.nz\/en\/wp-json\/wp\/v2\/types\/product"}],"replies":[{"embeddable":true,"href":"https:\/\/tolio.co.nz\/en\/wp-json\/wp\/v2\/comments?post=16187"}],"wp:featuredmedia":[{"embeddable":true,"href":"https:\/\/tolio.co.nz\/en\/wp-json\/wp\/v2\/media\/17158"}],"wp:attachment":[{"href":"https:\/\/tolio.co.nz\/en\/wp-json\/wp\/v2\/media?parent=16187"}],"wp:term":[{"taxonomy":"product_brand","embeddable":true,"href":"https:\/\/tolio.co.nz\/en\/wp-json\/wp\/v2\/product_brand?post=16187"},{"taxonomy":"product_cat","embeddable":true,"href":"https:\/\/tolio.co.nz\/en\/wp-json\/wp\/v2\/product_cat?post=16187"},{"taxonomy":"product_tag","embeddable":true,"href":"https:\/\/tolio.co.nz\/en\/wp-json\/wp\/v2\/product_tag?post=16187"}],"curies":[{"name":"wp","href":"https:\/\/api.w.org\/{rel}","templated":true}]}}