{"id":16198,"date":"2024-05-13T22:23:49","date_gmt":"2024-05-13T09:38:49","guid":{"rendered":"https:\/\/tolio.co.nz\/?post_type=product&#038;p=16198"},"modified":"2026-04-06T18:25:21","modified_gmt":"2026-04-06T06:25:21","slug":"thung-12-chai-cuoc-tuong-dau-nanh-maggi-dam-dac-chai-700ml","status":"publish","type":"product","link":"https:\/\/tolio.co.nz\/en\/product\/pack-of-12-bottles-of-700ml-bottle-of-maggi-dam-dac\/","title":{"rendered":"Box of 12 bottles of Maggi concentrated soy sauce 700ml bottle"},"content":{"rendered":"<p><strong>Maggi Soy Sauce Concentrate 700ml<\/strong> with the typical delicious taste in each drop of bold soy sauce, leaving a delicate aftertaste for each dish. Maggi Soy Sauce Concentrate 700ml bottle with concentrated soybean essence, using 100% natural fermentation technology to help retain the delicious taste of Maggi soy sauce brand.<\/p>\n<p><strong>How to Use:<\/strong><\/p>\n<ul>\n<li>Direct use<\/li>\n<li>Not suitable for people who are allergic to product ingredients<\/li>\n<\/ul>\n<p><strong>Preserve:<\/strong><\/p>\n<ul>\n<li>In a cool, dry place, avoid moisture, avoid direct sunlight<\/li>\n<\/ul>","protected":false},"excerpt":{"rendered":"<ul>\n<li>Brand: Maggi<\/li>\n<li>Brand Country: Viet nam<\/li>\n<li>Packaging: 700ml bottle, box of 12 bottles<\/li>\n<li>Note: Product packaging may change from batch to batch<\/li>\n<\/ul>\n<p>&nbsp;<\/p>","protected":false},"featured_media":17166,"comment_status":"open","ping_status":"closed","template":"","meta":[],"product_brand":[],"product_cat":[876],"product_tag":[194,193,196,195],"class_list":{"0":"post-16198","1":"product","2":"type-product","3":"status-publish","4":"has-post-thumbnail","6":"product_cat-uu-dai-thung","7":"product_tag-nuoc-cham","8":"product_tag-nuoc-tuong","9":"product_tag-nuoc-tuong-dau-nanh","10":"product_tag-nuoc-tuong-maggi","11":"pa_thuong-hieu-maggi","13":"first","14":"instock","15":"sale","16":"shipping-taxable","17":"purchasable","18":"product-type-simple"},"yoast_head":"<!-- This site is optimized with the Yoast SEO plugin v24.4 - https:\/\/yoast.com\/wordpress\/plugins\/seo\/ -->\n<title>Th\u00f9ng 12 chai n\u01b0\u1edbc t\u01b0\u01a1ng \u0111\u1eadu n\u00e0nh Maggi \u0111\u1eadm \u0111\u1eb7c chai 700ml - TOLIO<\/title>\n<meta name=\"description\" content=\"Th\u01b0\u01a1ng hi\u1ec7u: Maggi  Xu\u1ea5t x\u1ee9 th\u01b0\u01a1ng hi\u1ec7u: Vi\u1ec7t Nam  Quy c\u00e1ch \u0111\u00f3ng g\u00f3i: Chai 700ml, th\u00f9ng 12 chai  L\u01b0u \u00fd: Bao b\u00ec s\u1ea3n ph\u1ea9m c\u00f3 th\u1ec3 thay \u0111\u1ed5i theo t\u1eebng \u0111\u1ee3t nh\u1eadp h\u00e0ng  &nbsp;\" \/>\n<meta name=\"robots\" content=\"index, follow, max-snippet:-1, max-image-preview:large, max-video-preview:-1\" \/>\n<link rel=\"canonical\" href=\"https:\/\/tolio.co.nz\/en\/product\/pack-of-12-bottles-of-700ml-bottle-of-maggi-dam-dac\/\" \/>\n<meta property=\"og:locale\" content=\"en_US\" \/>\n<meta property=\"og:type\" content=\"article\" \/>\n<meta property=\"og:title\" content=\"Th\u00f9ng 12 chai n\u01b0\u1edbc t\u01b0\u01a1ng \u0111\u1eadu n\u00e0nh Maggi \u0111\u1eadm \u0111\u1eb7c chai 700ml - TOLIO\" \/>\n<meta property=\"og:description\" content=\"Th\u01b0\u01a1ng hi\u1ec7u: Maggi  Xu\u1ea5t x\u1ee9 th\u01b0\u01a1ng hi\u1ec7u: Vi\u1ec7t Nam  Quy c\u00e1ch \u0111\u00f3ng g\u00f3i: Chai 700ml, th\u00f9ng 12 chai  L\u01b0u \u00fd: Bao b\u00ec s\u1ea3n ph\u1ea9m c\u00f3 th\u1ec3 thay \u0111\u1ed5i theo t\u1eebng \u0111\u1ee3t nh\u1eadp h\u00e0ng  &nbsp;\" \/>\n<meta property=\"og:url\" content=\"https:\/\/tolio.co.nz\/en\/product\/pack-of-12-bottles-of-700ml-bottle-of-maggi-dam-dac\/\" \/>\n<meta property=\"og:site_name\" content=\"TOLIO\" \/>\n<meta property=\"article:modified_time\" content=\"2026-04-06T06:25:21+00:00\" \/>\n<meta property=\"og:image\" content=\"https:\/\/tolio.co.nz\/wp-content\/uploads\/2024\/05\/194.png\" \/>\n\t<meta property=\"og:image:width\" content=\"1000\" \/>\n\t<meta property=\"og:image:height\" content=\"907\" \/>\n\t<meta property=\"og:image:type\" content=\"image\/png\" \/>\n<meta name=\"twitter:card\" content=\"summary_large_image\" \/>\n<meta name=\"twitter:label1\" content=\"Est. reading time\" \/>\n\t<meta name=\"twitter:data1\" content=\"1 minute\" \/>\n<script type=\"application\/ld+json\" class=\"yoast-schema-graph\">{\"@context\":\"https:\/\/schema.org\",\"@graph\":[{\"@type\":\"WebPage\",\"@id\":\"https:\/\/tolio.co.nz\/san-pham\/thung-12-chai-cuoc-tuong-dau-nanh-maggi-dam-dac-chai-700ml\/\",\"url\":\"https:\/\/tolio.co.nz\/san-pham\/thung-12-chai-cuoc-tuong-dau-nanh-maggi-dam-dac-chai-700ml\/\",\"name\":\"Th\u00f9ng 12 chai n\u01b0\u1edbc t\u01b0\u01a1ng \u0111\u1eadu n\u00e0nh Maggi \u0111\u1eadm \u0111\u1eb7c chai 700ml - TOLIO\",\"isPartOf\":{\"@id\":\"https:\/\/tolio.co.nz\/#website\"},\"primaryImageOfPage\":{\"@id\":\"https:\/\/tolio.co.nz\/san-pham\/thung-12-chai-cuoc-tuong-dau-nanh-maggi-dam-dac-chai-700ml\/#primaryimage\"},\"image\":{\"@id\":\"https:\/\/tolio.co.nz\/san-pham\/thung-12-chai-cuoc-tuong-dau-nanh-maggi-dam-dac-chai-700ml\/#primaryimage\"},\"thumbnailUrl\":\"https:\/\/tolio.co.nz\/wp-content\/uploads\/2024\/05\/194.png\",\"datePublished\":\"2024-05-13T09:38:49+00:00\",\"dateModified\":\"2026-04-06T06:25:21+00:00\",\"description\":\"Th\u01b0\u01a1ng hi\u1ec7u: Maggi Xu\u1ea5t x\u1ee9 th\u01b0\u01a1ng hi\u1ec7u: Vi\u1ec7t Nam Quy c\u00e1ch \u0111\u00f3ng g\u00f3i: Chai 700ml, th\u00f9ng 12 chai L\u01b0u \u00fd: Bao b\u00ec s\u1ea3n ph\u1ea9m c\u00f3 th\u1ec3 thay \u0111\u1ed5i theo t\u1eebng \u0111\u1ee3t nh\u1eadp h\u00e0ng &nbsp;\",\"breadcrumb\":{\"@id\":\"https:\/\/tolio.co.nz\/san-pham\/thung-12-chai-cuoc-tuong-dau-nanh-maggi-dam-dac-chai-700ml\/#breadcrumb\"},\"inLanguage\":\"en-US\",\"potentialAction\":[{\"@type\":\"ReadAction\",\"target\":[\"https:\/\/tolio.co.nz\/san-pham\/thung-12-chai-cuoc-tuong-dau-nanh-maggi-dam-dac-chai-700ml\/\"]}]},{\"@type\":\"ImageObject\",\"inLanguage\":\"en-US\",\"@id\":\"https:\/\/tolio.co.nz\/san-pham\/thung-12-chai-cuoc-tuong-dau-nanh-maggi-dam-dac-chai-700ml\/#primaryimage\",\"url\":\"https:\/\/tolio.co.nz\/wp-content\/uploads\/2024\/05\/194.png\",\"contentUrl\":\"https:\/\/tolio.co.nz\/wp-content\/uploads\/2024\/05\/194.png\",\"width\":1000,\"height\":907},{\"@type\":\"BreadcrumbList\",\"@id\":\"https:\/\/tolio.co.nz\/san-pham\/thung-12-chai-cuoc-tuong-dau-nanh-maggi-dam-dac-chai-700ml\/#breadcrumb\",\"itemListElement\":[{\"@type\":\"ListItem\",\"position\":1,\"name\":\"Home\",\"item\":\"https:\/\/tolio.co.nz\/\"},{\"@type\":\"ListItem\",\"position\":2,\"name\":\"C\u1eeda h\u00e0ng\",\"item\":\"https:\/\/tolio.co.nz\/cua-hang\/\"},{\"@type\":\"ListItem\",\"position\":3,\"name\":\"Th\u00f9ng 12 chai n\u01b0\u1edbc t\u01b0\u01a1ng \u0111\u1eadu n\u00e0nh Maggi \u0111\u1eadm \u0111\u1eb7c chai 700ml\"}]},{\"@type\":\"WebSite\",\"@id\":\"https:\/\/tolio.co.nz\/#website\",\"url\":\"https:\/\/tolio.co.nz\/\",\"name\":\"TOLIO\",\"description\":\"Vietnamese Grocery Online\",\"potentialAction\":[{\"@type\":\"SearchAction\",\"target\":{\"@type\":\"EntryPoint\",\"urlTemplate\":\"https:\/\/tolio.co.nz\/?s={search_term_string}\"},\"query-input\":{\"@type\":\"PropertyValueSpecification\",\"valueRequired\":true,\"valueName\":\"search_term_string\"}}],\"inLanguage\":\"en-US\"}]}<\/script>\n<!-- \/ Yoast SEO plugin. -->","yoast_head_json":{"title":"Th\u00f9ng 12 chai n\u01b0\u1edbc t\u01b0\u01a1ng \u0111\u1eadu n\u00e0nh Maggi \u0111\u1eadm \u0111\u1eb7c chai 700ml - TOLIO","description":"Th\u01b0\u01a1ng hi\u1ec7u: Maggi  Xu\u1ea5t x\u1ee9 th\u01b0\u01a1ng hi\u1ec7u: Vi\u1ec7t Nam  Quy c\u00e1ch \u0111\u00f3ng g\u00f3i: Chai 700ml, th\u00f9ng 12 chai  L\u01b0u \u00fd: Bao b\u00ec s\u1ea3n ph\u1ea9m c\u00f3 th\u1ec3 thay \u0111\u1ed5i theo t\u1eebng \u0111\u1ee3t nh\u1eadp h\u00e0ng  &nbsp;","robots":{"index":"index","follow":"follow","max-snippet":"max-snippet:-1","max-image-preview":"max-image-preview:large","max-video-preview":"max-video-preview:-1"},"canonical":"https:\/\/tolio.co.nz\/en\/product\/pack-of-12-bottles-of-700ml-bottle-of-maggi-dam-dac\/","og_locale":"en_US","og_type":"article","og_title":"Th\u00f9ng 12 chai n\u01b0\u1edbc t\u01b0\u01a1ng \u0111\u1eadu n\u00e0nh Maggi \u0111\u1eadm \u0111\u1eb7c chai 700ml - TOLIO","og_description":"Th\u01b0\u01a1ng hi\u1ec7u: Maggi  Xu\u1ea5t x\u1ee9 th\u01b0\u01a1ng hi\u1ec7u: Vi\u1ec7t Nam  Quy c\u00e1ch \u0111\u00f3ng g\u00f3i: Chai 700ml, th\u00f9ng 12 chai  L\u01b0u \u00fd: Bao b\u00ec s\u1ea3n ph\u1ea9m c\u00f3 th\u1ec3 thay \u0111\u1ed5i theo t\u1eebng \u0111\u1ee3t nh\u1eadp h\u00e0ng  &nbsp;","og_url":"https:\/\/tolio.co.nz\/en\/product\/pack-of-12-bottles-of-700ml-bottle-of-maggi-dam-dac\/","og_site_name":"TOLIO","article_modified_time":"2026-04-06T06:25:21+00:00","og_image":[{"width":1000,"height":907,"url":"https:\/\/tolio.co.nz\/wp-content\/uploads\/2024\/05\/194.png","type":"image\/png"}],"twitter_card":"summary_large_image","twitter_misc":{"Est. reading time":"1 minute"},"schema":{"@context":"https:\/\/schema.org","@graph":[{"@type":"WebPage","@id":"https:\/\/tolio.co.nz\/san-pham\/thung-12-chai-cuoc-tuong-dau-nanh-maggi-dam-dac-chai-700ml\/","url":"https:\/\/tolio.co.nz\/san-pham\/thung-12-chai-cuoc-tuong-dau-nanh-maggi-dam-dac-chai-700ml\/","name":"Th\u00f9ng 12 chai n\u01b0\u1edbc t\u01b0\u01a1ng \u0111\u1eadu n\u00e0nh Maggi \u0111\u1eadm \u0111\u1eb7c chai 700ml - TOLIO","isPartOf":{"@id":"https:\/\/tolio.co.nz\/#website"},"primaryImageOfPage":{"@id":"https:\/\/tolio.co.nz\/san-pham\/thung-12-chai-cuoc-tuong-dau-nanh-maggi-dam-dac-chai-700ml\/#primaryimage"},"image":{"@id":"https:\/\/tolio.co.nz\/san-pham\/thung-12-chai-cuoc-tuong-dau-nanh-maggi-dam-dac-chai-700ml\/#primaryimage"},"thumbnailUrl":"https:\/\/tolio.co.nz\/wp-content\/uploads\/2024\/05\/194.png","datePublished":"2024-05-13T09:38:49+00:00","dateModified":"2026-04-06T06:25:21+00:00","description":"Th\u01b0\u01a1ng hi\u1ec7u: Maggi Xu\u1ea5t x\u1ee9 th\u01b0\u01a1ng hi\u1ec7u: Vi\u1ec7t Nam Quy c\u00e1ch \u0111\u00f3ng g\u00f3i: Chai 700ml, th\u00f9ng 12 chai L\u01b0u \u00fd: Bao b\u00ec s\u1ea3n ph\u1ea9m c\u00f3 th\u1ec3 thay \u0111\u1ed5i theo t\u1eebng \u0111\u1ee3t nh\u1eadp h\u00e0ng &nbsp;","breadcrumb":{"@id":"https:\/\/tolio.co.nz\/san-pham\/thung-12-chai-cuoc-tuong-dau-nanh-maggi-dam-dac-chai-700ml\/#breadcrumb"},"inLanguage":"en-US","potentialAction":[{"@type":"ReadAction","target":["https:\/\/tolio.co.nz\/san-pham\/thung-12-chai-cuoc-tuong-dau-nanh-maggi-dam-dac-chai-700ml\/"]}]},{"@type":"ImageObject","inLanguage":"en-US","@id":"https:\/\/tolio.co.nz\/san-pham\/thung-12-chai-cuoc-tuong-dau-nanh-maggi-dam-dac-chai-700ml\/#primaryimage","url":"https:\/\/tolio.co.nz\/wp-content\/uploads\/2024\/05\/194.png","contentUrl":"https:\/\/tolio.co.nz\/wp-content\/uploads\/2024\/05\/194.png","width":1000,"height":907},{"@type":"BreadcrumbList","@id":"https:\/\/tolio.co.nz\/san-pham\/thung-12-chai-cuoc-tuong-dau-nanh-maggi-dam-dac-chai-700ml\/#breadcrumb","itemListElement":[{"@type":"ListItem","position":1,"name":"Home","item":"https:\/\/tolio.co.nz\/"},{"@type":"ListItem","position":2,"name":"C\u1eeda h\u00e0ng","item":"https:\/\/tolio.co.nz\/cua-hang\/"},{"@type":"ListItem","position":3,"name":"Th\u00f9ng 12 chai n\u01b0\u1edbc t\u01b0\u01a1ng \u0111\u1eadu n\u00e0nh Maggi \u0111\u1eadm \u0111\u1eb7c chai 700ml"}]},{"@type":"WebSite","@id":"https:\/\/tolio.co.nz\/#website","url":"https:\/\/tolio.co.nz\/","name":"TOLIO","description":"Vietnamese Grocery Online","potentialAction":[{"@type":"SearchAction","target":{"@type":"EntryPoint","urlTemplate":"https:\/\/tolio.co.nz\/?s={search_term_string}"},"query-input":{"@type":"PropertyValueSpecification","valueRequired":true,"valueName":"search_term_string"}}],"inLanguage":"en-US"}]}},"_links":{"self":[{"href":"https:\/\/tolio.co.nz\/en\/wp-json\/wp\/v2\/product\/16198","targetHints":{"allow":["GET"]}}],"collection":[{"href":"https:\/\/tolio.co.nz\/en\/wp-json\/wp\/v2\/product"}],"about":[{"href":"https:\/\/tolio.co.nz\/en\/wp-json\/wp\/v2\/types\/product"}],"replies":[{"embeddable":true,"href":"https:\/\/tolio.co.nz\/en\/wp-json\/wp\/v2\/comments?post=16198"}],"wp:featuredmedia":[{"embeddable":true,"href":"https:\/\/tolio.co.nz\/en\/wp-json\/wp\/v2\/media\/17166"}],"wp:attachment":[{"href":"https:\/\/tolio.co.nz\/en\/wp-json\/wp\/v2\/media?parent=16198"}],"wp:term":[{"taxonomy":"product_brand","embeddable":true,"href":"https:\/\/tolio.co.nz\/en\/wp-json\/wp\/v2\/product_brand?post=16198"},{"taxonomy":"product_cat","embeddable":true,"href":"https:\/\/tolio.co.nz\/en\/wp-json\/wp\/v2\/product_cat?post=16198"},{"taxonomy":"product_tag","embeddable":true,"href":"https:\/\/tolio.co.nz\/en\/wp-json\/wp\/v2\/product_tag?post=16198"}],"curies":[{"name":"wp","href":"https:\/\/api.w.org\/{rel}","templated":true}]}}