{"id":16322,"date":"2024-05-18T20:59:56","date_gmt":"2024-05-18T08:14:56","guid":{"rendered":"https:\/\/tolio.co.nz\/?post_type=product&#038;p=16322"},"modified":"2026-05-05T14:19:28","modified_gmt":"2026-05-05T02:19:28","slug":"tuong-ca-chinsu-chai-500g","status":"publish","type":"product","link":"https:\/\/tolio.co.nz\/en\/product\/chinsu-soup-bottle-500g\/","title":{"rendered":"Chinsu ketchup 500g"},"content":{"rendered":"<p><strong>Chinsu ketchup 500g <\/strong>Made from 100% pure fresh tomatoes creating a sweet and sour taste that helps stimulate the taste buds from the Chisnu ketchup brand. Chinsu ketchup bottle 500g is used to cook or dip with spaghetti, fried noodles,... to make the dish more flavorful.<\/p>\n<p><strong>How to Use:<\/strong><\/p>\n<ul>\n<li>Used to dip, fry, and grill dishes such as fried chicken and shrimp rolled in flour. Serve with dishes such as stir-fried noodles, fried noodles, spaghetti...<\/li>\n<\/ul>\n<p><strong>Preserve:<\/strong><\/p>\n<ul>\n<li>Store in a cool, dry place, away from direct sunlight.<\/li>\n<li>Close the lid tightly and should be refrigerated after opening.<\/li>\n<\/ul>","protected":false},"excerpt":{"rendered":"<ul>\n<li>Brand: Chinsu<\/li>\n<li>Brand Country: Viet nam<\/li>\n<li>Packaging: 500g bottle, box of 12 bottles<\/li>\n<li>Note: Product packaging may change from batch to batch<\/li>\n<\/ul>","protected":false},"featured_media":21138,"comment_status":"open","ping_status":"closed","template":"","meta":[],"product_brand":[],"product_cat":[30,33,31,479],"product_tag":[643,872],"class_list":{"0":"post-16322","1":"product","2":"type-product","3":"status-publish","4":"has-post-thumbnail","6":"product_cat-ban-chay-nhat","7":"product_cat-gia-vi","8":"product_cat-hang-moi-ve","9":"product_cat-nuoc-mam-nuoc-cham-tuong-ot","10":"product_tag-chinsu","11":"product_tag-tuong-ca","12":"pa_thuong-hieu-chinsu","14":"first","15":"outofstock","16":"shipping-taxable","17":"purchasable","18":"product-type-simple"},"yoast_head":"<!-- This site is optimized with the Yoast SEO plugin v24.4 - https:\/\/yoast.com\/wordpress\/plugins\/seo\/ -->\n<title>T\u01b0\u01a1ng c\u00e0 Chinsu chai 500g - TOLIO<\/title>\n<meta name=\"description\" content=\"Th\u01b0\u01a1ng hi\u1ec7u: Chinsu  Xu\u1ea5t x\u1ee9 th\u01b0\u01a1ng hi\u1ec7u: Vi\u1ec7t Nam  Quy c\u00e1ch \u0111\u00f3ng g\u00f3i: Chai 500g, th\u00f9ng 12 chai  L\u01b0u \u00fd: Bao b\u00ec s\u1ea3n ph\u1ea9m c\u00f3 th\u1ec3 thay \u0111\u1ed5i theo t\u1eebng \u0111\u1ee3t nh\u1eadp h\u00e0ng\" \/>\n<meta name=\"robots\" content=\"index, follow, max-snippet:-1, max-image-preview:large, max-video-preview:-1\" \/>\n<link rel=\"canonical\" href=\"https:\/\/tolio.co.nz\/en\/product\/chinsu-soup-bottle-500g\/\" \/>\n<meta property=\"og:locale\" content=\"en_US\" \/>\n<meta property=\"og:type\" content=\"article\" \/>\n<meta property=\"og:title\" content=\"T\u01b0\u01a1ng c\u00e0 Chinsu chai 500g - TOLIO\" \/>\n<meta property=\"og:description\" content=\"Th\u01b0\u01a1ng hi\u1ec7u: Chinsu  Xu\u1ea5t x\u1ee9 th\u01b0\u01a1ng hi\u1ec7u: Vi\u1ec7t Nam  Quy c\u00e1ch \u0111\u00f3ng g\u00f3i: Chai 500g, th\u00f9ng 12 chai  L\u01b0u \u00fd: Bao b\u00ec s\u1ea3n ph\u1ea9m c\u00f3 th\u1ec3 thay \u0111\u1ed5i theo t\u1eebng \u0111\u1ee3t nh\u1eadp h\u00e0ng\" \/>\n<meta property=\"og:url\" content=\"https:\/\/tolio.co.nz\/en\/product\/chinsu-soup-bottle-500g\/\" \/>\n<meta property=\"og:site_name\" content=\"TOLIO\" \/>\n<meta property=\"article:modified_time\" content=\"2026-05-05T02:19:28+00:00\" \/>\n<meta property=\"og:image\" content=\"https:\/\/tolio.co.nz\/wp-content\/uploads\/2024\/05\/67.png\" \/>\n\t<meta property=\"og:image:width\" content=\"1000\" \/>\n\t<meta property=\"og:image:height\" content=\"907\" \/>\n\t<meta property=\"og:image:type\" content=\"image\/png\" \/>\n<meta name=\"twitter:card\" content=\"summary_large_image\" \/>\n<meta name=\"twitter:label1\" content=\"Est. reading time\" \/>\n\t<meta name=\"twitter:data1\" content=\"1 minute\" \/>\n<script type=\"application\/ld+json\" class=\"yoast-schema-graph\">{\"@context\":\"https:\/\/schema.org\",\"@graph\":[{\"@type\":\"WebPage\",\"@id\":\"https:\/\/tolio.co.nz\/san-pham\/tuong-ca-chinsu-chai-500g\/\",\"url\":\"https:\/\/tolio.co.nz\/san-pham\/tuong-ca-chinsu-chai-500g\/\",\"name\":\"T\u01b0\u01a1ng c\u00e0 Chinsu chai 500g - TOLIO\",\"isPartOf\":{\"@id\":\"https:\/\/tolio.co.nz\/#website\"},\"primaryImageOfPage\":{\"@id\":\"https:\/\/tolio.co.nz\/san-pham\/tuong-ca-chinsu-chai-500g\/#primaryimage\"},\"image\":{\"@id\":\"https:\/\/tolio.co.nz\/san-pham\/tuong-ca-chinsu-chai-500g\/#primaryimage\"},\"thumbnailUrl\":\"https:\/\/tolio.co.nz\/wp-content\/uploads\/2024\/05\/67.png\",\"datePublished\":\"2024-05-18T08:14:56+00:00\",\"dateModified\":\"2026-05-05T02:19:28+00:00\",\"description\":\"Th\u01b0\u01a1ng hi\u1ec7u: Chinsu Xu\u1ea5t x\u1ee9 th\u01b0\u01a1ng hi\u1ec7u: Vi\u1ec7t Nam Quy c\u00e1ch \u0111\u00f3ng g\u00f3i: Chai 500g, th\u00f9ng 12 chai L\u01b0u \u00fd: Bao b\u00ec s\u1ea3n ph\u1ea9m c\u00f3 th\u1ec3 thay \u0111\u1ed5i theo t\u1eebng \u0111\u1ee3t nh\u1eadp h\u00e0ng\",\"breadcrumb\":{\"@id\":\"https:\/\/tolio.co.nz\/san-pham\/tuong-ca-chinsu-chai-500g\/#breadcrumb\"},\"inLanguage\":\"en-US\",\"potentialAction\":[{\"@type\":\"ReadAction\",\"target\":[\"https:\/\/tolio.co.nz\/san-pham\/tuong-ca-chinsu-chai-500g\/\"]}]},{\"@type\":\"ImageObject\",\"inLanguage\":\"en-US\",\"@id\":\"https:\/\/tolio.co.nz\/san-pham\/tuong-ca-chinsu-chai-500g\/#primaryimage\",\"url\":\"https:\/\/tolio.co.nz\/wp-content\/uploads\/2024\/05\/67.png\",\"contentUrl\":\"https:\/\/tolio.co.nz\/wp-content\/uploads\/2024\/05\/67.png\",\"width\":1000,\"height\":907},{\"@type\":\"BreadcrumbList\",\"@id\":\"https:\/\/tolio.co.nz\/san-pham\/tuong-ca-chinsu-chai-500g\/#breadcrumb\",\"itemListElement\":[{\"@type\":\"ListItem\",\"position\":1,\"name\":\"Home\",\"item\":\"https:\/\/tolio.co.nz\/\"},{\"@type\":\"ListItem\",\"position\":2,\"name\":\"C\u1eeda h\u00e0ng\",\"item\":\"https:\/\/tolio.co.nz\/cua-hang\/\"},{\"@type\":\"ListItem\",\"position\":3,\"name\":\"T\u01b0\u01a1ng c\u00e0 Chinsu chai 500g\"}]},{\"@type\":\"WebSite\",\"@id\":\"https:\/\/tolio.co.nz\/#website\",\"url\":\"https:\/\/tolio.co.nz\/\",\"name\":\"TOLIO\",\"description\":\"Vietnamese Grocery Online\",\"potentialAction\":[{\"@type\":\"SearchAction\",\"target\":{\"@type\":\"EntryPoint\",\"urlTemplate\":\"https:\/\/tolio.co.nz\/?s={search_term_string}\"},\"query-input\":{\"@type\":\"PropertyValueSpecification\",\"valueRequired\":true,\"valueName\":\"search_term_string\"}}],\"inLanguage\":\"en-US\"}]}<\/script>\n<!-- \/ Yoast SEO plugin. -->","yoast_head_json":{"title":"T\u01b0\u01a1ng c\u00e0 Chinsu chai 500g - TOLIO","description":"Th\u01b0\u01a1ng hi\u1ec7u: Chinsu  Xu\u1ea5t x\u1ee9 th\u01b0\u01a1ng hi\u1ec7u: Vi\u1ec7t Nam  Quy c\u00e1ch \u0111\u00f3ng g\u00f3i: Chai 500g, th\u00f9ng 12 chai  L\u01b0u \u00fd: Bao b\u00ec s\u1ea3n ph\u1ea9m c\u00f3 th\u1ec3 thay \u0111\u1ed5i theo t\u1eebng \u0111\u1ee3t nh\u1eadp h\u00e0ng","robots":{"index":"index","follow":"follow","max-snippet":"max-snippet:-1","max-image-preview":"max-image-preview:large","max-video-preview":"max-video-preview:-1"},"canonical":"https:\/\/tolio.co.nz\/en\/product\/chinsu-soup-bottle-500g\/","og_locale":"en_US","og_type":"article","og_title":"T\u01b0\u01a1ng c\u00e0 Chinsu chai 500g - TOLIO","og_description":"Th\u01b0\u01a1ng hi\u1ec7u: Chinsu  Xu\u1ea5t x\u1ee9 th\u01b0\u01a1ng hi\u1ec7u: Vi\u1ec7t Nam  Quy c\u00e1ch \u0111\u00f3ng g\u00f3i: Chai 500g, th\u00f9ng 12 chai  L\u01b0u \u00fd: Bao b\u00ec s\u1ea3n ph\u1ea9m c\u00f3 th\u1ec3 thay \u0111\u1ed5i theo t\u1eebng \u0111\u1ee3t nh\u1eadp h\u00e0ng","og_url":"https:\/\/tolio.co.nz\/en\/product\/chinsu-soup-bottle-500g\/","og_site_name":"TOLIO","article_modified_time":"2026-05-05T02:19:28+00:00","og_image":[{"width":1000,"height":907,"url":"https:\/\/tolio.co.nz\/wp-content\/uploads\/2024\/05\/67.png","type":"image\/png"}],"twitter_card":"summary_large_image","twitter_misc":{"Est. reading time":"1 minute"},"schema":{"@context":"https:\/\/schema.org","@graph":[{"@type":"WebPage","@id":"https:\/\/tolio.co.nz\/san-pham\/tuong-ca-chinsu-chai-500g\/","url":"https:\/\/tolio.co.nz\/san-pham\/tuong-ca-chinsu-chai-500g\/","name":"T\u01b0\u01a1ng c\u00e0 Chinsu chai 500g - TOLIO","isPartOf":{"@id":"https:\/\/tolio.co.nz\/#website"},"primaryImageOfPage":{"@id":"https:\/\/tolio.co.nz\/san-pham\/tuong-ca-chinsu-chai-500g\/#primaryimage"},"image":{"@id":"https:\/\/tolio.co.nz\/san-pham\/tuong-ca-chinsu-chai-500g\/#primaryimage"},"thumbnailUrl":"https:\/\/tolio.co.nz\/wp-content\/uploads\/2024\/05\/67.png","datePublished":"2024-05-18T08:14:56+00:00","dateModified":"2026-05-05T02:19:28+00:00","description":"Th\u01b0\u01a1ng hi\u1ec7u: Chinsu Xu\u1ea5t x\u1ee9 th\u01b0\u01a1ng hi\u1ec7u: Vi\u1ec7t Nam Quy c\u00e1ch \u0111\u00f3ng g\u00f3i: Chai 500g, th\u00f9ng 12 chai L\u01b0u \u00fd: Bao b\u00ec s\u1ea3n ph\u1ea9m c\u00f3 th\u1ec3 thay \u0111\u1ed5i theo t\u1eebng \u0111\u1ee3t nh\u1eadp h\u00e0ng","breadcrumb":{"@id":"https:\/\/tolio.co.nz\/san-pham\/tuong-ca-chinsu-chai-500g\/#breadcrumb"},"inLanguage":"en-US","potentialAction":[{"@type":"ReadAction","target":["https:\/\/tolio.co.nz\/san-pham\/tuong-ca-chinsu-chai-500g\/"]}]},{"@type":"ImageObject","inLanguage":"en-US","@id":"https:\/\/tolio.co.nz\/san-pham\/tuong-ca-chinsu-chai-500g\/#primaryimage","url":"https:\/\/tolio.co.nz\/wp-content\/uploads\/2024\/05\/67.png","contentUrl":"https:\/\/tolio.co.nz\/wp-content\/uploads\/2024\/05\/67.png","width":1000,"height":907},{"@type":"BreadcrumbList","@id":"https:\/\/tolio.co.nz\/san-pham\/tuong-ca-chinsu-chai-500g\/#breadcrumb","itemListElement":[{"@type":"ListItem","position":1,"name":"Home","item":"https:\/\/tolio.co.nz\/"},{"@type":"ListItem","position":2,"name":"C\u1eeda h\u00e0ng","item":"https:\/\/tolio.co.nz\/cua-hang\/"},{"@type":"ListItem","position":3,"name":"T\u01b0\u01a1ng c\u00e0 Chinsu chai 500g"}]},{"@type":"WebSite","@id":"https:\/\/tolio.co.nz\/#website","url":"https:\/\/tolio.co.nz\/","name":"TOLIO","description":"Vietnamese Grocery Online","potentialAction":[{"@type":"SearchAction","target":{"@type":"EntryPoint","urlTemplate":"https:\/\/tolio.co.nz\/?s={search_term_string}"},"query-input":{"@type":"PropertyValueSpecification","valueRequired":true,"valueName":"search_term_string"}}],"inLanguage":"en-US"}]}},"_links":{"self":[{"href":"https:\/\/tolio.co.nz\/en\/wp-json\/wp\/v2\/product\/16322","targetHints":{"allow":["GET"]}}],"collection":[{"href":"https:\/\/tolio.co.nz\/en\/wp-json\/wp\/v2\/product"}],"about":[{"href":"https:\/\/tolio.co.nz\/en\/wp-json\/wp\/v2\/types\/product"}],"replies":[{"embeddable":true,"href":"https:\/\/tolio.co.nz\/en\/wp-json\/wp\/v2\/comments?post=16322"}],"wp:featuredmedia":[{"embeddable":true,"href":"https:\/\/tolio.co.nz\/en\/wp-json\/wp\/v2\/media\/21138"}],"wp:attachment":[{"href":"https:\/\/tolio.co.nz\/en\/wp-json\/wp\/v2\/media?parent=16322"}],"wp:term":[{"taxonomy":"product_brand","embeddable":true,"href":"https:\/\/tolio.co.nz\/en\/wp-json\/wp\/v2\/product_brand?post=16322"},{"taxonomy":"product_cat","embeddable":true,"href":"https:\/\/tolio.co.nz\/en\/wp-json\/wp\/v2\/product_cat?post=16322"},{"taxonomy":"product_tag","embeddable":true,"href":"https:\/\/tolio.co.nz\/en\/wp-json\/wp\/v2\/product_tag?post=16322"}],"curies":[{"name":"wp","href":"https:\/\/api.w.org\/{rel}","templated":true}]}}