{"id":18009,"date":"2024-07-09T23:43:32","date_gmt":"2024-07-09T10:58:32","guid":{"rendered":"https:\/\/tolio.co.nz\/?post_type=product&#038;p=18009"},"modified":"2026-05-05T14:19:40","modified_gmt":"2026-05-05T02:19:40","slug":"mua-7-tang-1-set-8-goi-xot-bun-bo-cholimex-90g","status":"publish","type":"product","link":"https:\/\/tolio.co.nz\/en\/product\/buy-7-tangs-1-set-of-8-cholimex-90g-bun-bo-sauce\/","title":{"rendered":"[Buy 7 get 1 free] Set of Cholimex beef noodles sauce 8 x 90g"},"content":{"rendered":"<p><strong>Cholimex beef vermicelli sauce 90g<\/strong> Using quality raw materials, ensuring safety for users&#039; health. Cholimex beef vermicelli cooking sauce 90g has the typical delicious flavor of beef vermicelli, Hue standard, is a convenient pre-seasoned seasoning product, saving daily cooking time.<\/p>\n<p>The main ingredients that make up the product are salt, oil, lemongrass, onions, fish sauce and some other spices, so it will bring protein, fat and energy to the body.<\/p>\n<p><strong>User manual<\/strong><\/p>\n<ul>\n<li>Stew 2 liters of water with beef, bones and a little lemongrass (about 30 minutes). Add the package of beef noodle soup, stir until the mixture dissolves evenly.<\/li>\n<li>Stew over low heat to let the spices absorb into the beef and bones (about 10 minutes). Serve hot with vermicelli, vegetables, and crab cakes to increase the appeal.<\/li>\n<\/ul>\n<p><strong>Preserve<\/strong><\/p>\n<ul>\n<li>Store in a cool, dry place, away from sunlight<\/li>\n<\/ul>\n<p><strong>Expiry:<\/strong> 12 months from date of manufacture<\/p>","protected":false},"excerpt":{"rendered":"<ul>\n<li>Brand: Cholimex<\/li>\n<li>Brand Country: Viet nam<\/li>\n<li>Packaging: 90g package, 20 packages\/box, 6 boxes\/carton<\/li>\n<li>Note: Product packaging may change from batch to batch<\/li>\n<\/ul>","protected":false},"featured_media":21006,"comment_status":"open","ping_status":"closed","template":"","meta":[],"product_brand":[],"product_cat":[33,481,31],"product_tag":[921,254],"class_list":{"0":"post-18009","1":"product","2":"type-product","3":"status-publish","4":"has-post-thumbnail","6":"product_cat-gia-vi","7":"product_cat-gia-vi-hoan-chinh","8":"product_cat-hang-moi-ve","9":"product_tag-cholimex","10":"product_tag-xot-bun-bo","11":"pa_thuong-hieu-cholimex","13":"first","14":"instock","15":"sale","16":"shipping-taxable","17":"purchasable","18":"product-type-simple"},"yoast_head":"<!-- This site is optimized with the Yoast SEO plugin v24.4 - https:\/\/yoast.com\/wordpress\/plugins\/seo\/ -->\n<title>[Mua 7 t\u1eb7ng 1] Set 8 g\u00f3i x\u1ed1t b\u00fan b\u00f2 Cholimex 90g - TOLIO<\/title>\n<meta name=\"description\" content=\"Th\u01b0\u01a1ng hi\u1ec7u: Cholimex  Xu\u1ea5t x\u1ee9 th\u01b0\u01a1ng hi\u1ec7u: Vi\u1ec7t Nam  Quy c\u00e1ch \u0111\u00f3ng g\u00f3i: g\u00f3i 90g, 20 g\u00f3i\/h\u1ed9p, 6 h\u1ed9p\/th\u00f9ng  L\u01b0u \u00fd: Bao b\u00ec s\u1ea3n ph\u1ea9m c\u00f3 th\u1ec3 thay \u0111\u1ed5i theo t\u1eebng \u0111\u1ee3t nh\u1eadp h\u00e0ng\" \/>\n<meta name=\"robots\" content=\"index, follow, max-snippet:-1, max-image-preview:large, max-video-preview:-1\" \/>\n<link rel=\"canonical\" href=\"https:\/\/tolio.co.nz\/en\/product\/buy-7-tangs-1-set-of-8-cholimex-90g-bun-bo-sauce\/\" \/>\n<meta property=\"og:locale\" content=\"en_US\" \/>\n<meta property=\"og:type\" content=\"article\" \/>\n<meta property=\"og:title\" content=\"[Mua 7 t\u1eb7ng 1] Set 8 g\u00f3i x\u1ed1t b\u00fan b\u00f2 Cholimex 90g - TOLIO\" \/>\n<meta property=\"og:description\" content=\"Th\u01b0\u01a1ng hi\u1ec7u: Cholimex  Xu\u1ea5t x\u1ee9 th\u01b0\u01a1ng hi\u1ec7u: Vi\u1ec7t Nam  Quy c\u00e1ch \u0111\u00f3ng g\u00f3i: g\u00f3i 90g, 20 g\u00f3i\/h\u1ed9p, 6 h\u1ed9p\/th\u00f9ng  L\u01b0u \u00fd: Bao b\u00ec s\u1ea3n ph\u1ea9m c\u00f3 th\u1ec3 thay \u0111\u1ed5i theo t\u1eebng \u0111\u1ee3t nh\u1eadp h\u00e0ng\" \/>\n<meta property=\"og:url\" content=\"https:\/\/tolio.co.nz\/en\/product\/buy-7-tangs-1-set-of-8-cholimex-90g-bun-bo-sauce\/\" \/>\n<meta property=\"og:site_name\" content=\"TOLIO\" \/>\n<meta property=\"article:modified_time\" content=\"2026-05-05T02:19:40+00:00\" \/>\n<meta property=\"og:image\" content=\"https:\/\/tolio.co.nz\/wp-content\/uploads\/2024\/07\/18.png\" \/>\n\t<meta property=\"og:image:width\" content=\"1000\" \/>\n\t<meta property=\"og:image:height\" content=\"907\" \/>\n\t<meta property=\"og:image:type\" content=\"image\/png\" \/>\n<meta name=\"twitter:card\" content=\"summary_large_image\" \/>\n<meta name=\"twitter:label1\" content=\"Est. reading time\" \/>\n\t<meta name=\"twitter:data1\" content=\"1 minute\" \/>\n<script type=\"application\/ld+json\" class=\"yoast-schema-graph\">{\"@context\":\"https:\/\/schema.org\",\"@graph\":[{\"@type\":\"WebPage\",\"@id\":\"https:\/\/tolio.co.nz\/san-pham\/mua-7-tang-1-set-8-goi-xot-bun-bo-cholimex-90g\/\",\"url\":\"https:\/\/tolio.co.nz\/san-pham\/mua-7-tang-1-set-8-goi-xot-bun-bo-cholimex-90g\/\",\"name\":\"[Mua 7 t\u1eb7ng 1] Set 8 g\u00f3i x\u1ed1t b\u00fan b\u00f2 Cholimex 90g - TOLIO\",\"isPartOf\":{\"@id\":\"https:\/\/tolio.co.nz\/#website\"},\"primaryImageOfPage\":{\"@id\":\"https:\/\/tolio.co.nz\/san-pham\/mua-7-tang-1-set-8-goi-xot-bun-bo-cholimex-90g\/#primaryimage\"},\"image\":{\"@id\":\"https:\/\/tolio.co.nz\/san-pham\/mua-7-tang-1-set-8-goi-xot-bun-bo-cholimex-90g\/#primaryimage\"},\"thumbnailUrl\":\"https:\/\/tolio.co.nz\/wp-content\/uploads\/2024\/07\/18.png\",\"datePublished\":\"2024-07-09T10:58:32+00:00\",\"dateModified\":\"2026-05-05T02:19:40+00:00\",\"description\":\"Th\u01b0\u01a1ng hi\u1ec7u: Cholimex Xu\u1ea5t x\u1ee9 th\u01b0\u01a1ng hi\u1ec7u: Vi\u1ec7t Nam Quy c\u00e1ch \u0111\u00f3ng g\u00f3i: g\u00f3i 90g, 20 g\u00f3i\/h\u1ed9p, 6 h\u1ed9p\/th\u00f9ng L\u01b0u \u00fd: Bao b\u00ec s\u1ea3n ph\u1ea9m c\u00f3 th\u1ec3 thay \u0111\u1ed5i theo t\u1eebng \u0111\u1ee3t nh\u1eadp h\u00e0ng\",\"breadcrumb\":{\"@id\":\"https:\/\/tolio.co.nz\/san-pham\/mua-7-tang-1-set-8-goi-xot-bun-bo-cholimex-90g\/#breadcrumb\"},\"inLanguage\":\"en-US\",\"potentialAction\":[{\"@type\":\"ReadAction\",\"target\":[\"https:\/\/tolio.co.nz\/san-pham\/mua-7-tang-1-set-8-goi-xot-bun-bo-cholimex-90g\/\"]}]},{\"@type\":\"ImageObject\",\"inLanguage\":\"en-US\",\"@id\":\"https:\/\/tolio.co.nz\/san-pham\/mua-7-tang-1-set-8-goi-xot-bun-bo-cholimex-90g\/#primaryimage\",\"url\":\"https:\/\/tolio.co.nz\/wp-content\/uploads\/2024\/07\/18.png\",\"contentUrl\":\"https:\/\/tolio.co.nz\/wp-content\/uploads\/2024\/07\/18.png\",\"width\":1000,\"height\":907},{\"@type\":\"BreadcrumbList\",\"@id\":\"https:\/\/tolio.co.nz\/san-pham\/mua-7-tang-1-set-8-goi-xot-bun-bo-cholimex-90g\/#breadcrumb\",\"itemListElement\":[{\"@type\":\"ListItem\",\"position\":1,\"name\":\"Home\",\"item\":\"https:\/\/tolio.co.nz\/\"},{\"@type\":\"ListItem\",\"position\":2,\"name\":\"C\u1eeda h\u00e0ng\",\"item\":\"https:\/\/tolio.co.nz\/cua-hang\/\"},{\"@type\":\"ListItem\",\"position\":3,\"name\":\"[Mua 7 t\u1eb7ng 1] Set 8 g\u00f3i x\u1ed1t b\u00fan b\u00f2 Cholimex 90g\"}]},{\"@type\":\"WebSite\",\"@id\":\"https:\/\/tolio.co.nz\/#website\",\"url\":\"https:\/\/tolio.co.nz\/\",\"name\":\"TOLIO\",\"description\":\"Vietnamese Grocery Online\",\"potentialAction\":[{\"@type\":\"SearchAction\",\"target\":{\"@type\":\"EntryPoint\",\"urlTemplate\":\"https:\/\/tolio.co.nz\/?s={search_term_string}\"},\"query-input\":{\"@type\":\"PropertyValueSpecification\",\"valueRequired\":true,\"valueName\":\"search_term_string\"}}],\"inLanguage\":\"en-US\"}]}<\/script>\n<!-- \/ Yoast SEO plugin. -->","yoast_head_json":{"title":"[Mua 7 t\u1eb7ng 1] Set 8 g\u00f3i x\u1ed1t b\u00fan b\u00f2 Cholimex 90g - TOLIO","description":"Th\u01b0\u01a1ng hi\u1ec7u: Cholimex  Xu\u1ea5t x\u1ee9 th\u01b0\u01a1ng hi\u1ec7u: Vi\u1ec7t Nam  Quy c\u00e1ch \u0111\u00f3ng g\u00f3i: g\u00f3i 90g, 20 g\u00f3i\/h\u1ed9p, 6 h\u1ed9p\/th\u00f9ng  L\u01b0u \u00fd: Bao b\u00ec s\u1ea3n ph\u1ea9m c\u00f3 th\u1ec3 thay \u0111\u1ed5i theo t\u1eebng \u0111\u1ee3t nh\u1eadp h\u00e0ng","robots":{"index":"index","follow":"follow","max-snippet":"max-snippet:-1","max-image-preview":"max-image-preview:large","max-video-preview":"max-video-preview:-1"},"canonical":"https:\/\/tolio.co.nz\/en\/product\/buy-7-tangs-1-set-of-8-cholimex-90g-bun-bo-sauce\/","og_locale":"en_US","og_type":"article","og_title":"[Mua 7 t\u1eb7ng 1] Set 8 g\u00f3i x\u1ed1t b\u00fan b\u00f2 Cholimex 90g - TOLIO","og_description":"Th\u01b0\u01a1ng hi\u1ec7u: Cholimex  Xu\u1ea5t x\u1ee9 th\u01b0\u01a1ng hi\u1ec7u: Vi\u1ec7t Nam  Quy c\u00e1ch \u0111\u00f3ng g\u00f3i: g\u00f3i 90g, 20 g\u00f3i\/h\u1ed9p, 6 h\u1ed9p\/th\u00f9ng  L\u01b0u \u00fd: Bao b\u00ec s\u1ea3n ph\u1ea9m c\u00f3 th\u1ec3 thay \u0111\u1ed5i theo t\u1eebng \u0111\u1ee3t nh\u1eadp h\u00e0ng","og_url":"https:\/\/tolio.co.nz\/en\/product\/buy-7-tangs-1-set-of-8-cholimex-90g-bun-bo-sauce\/","og_site_name":"TOLIO","article_modified_time":"2026-05-05T02:19:40+00:00","og_image":[{"width":1000,"height":907,"url":"https:\/\/tolio.co.nz\/wp-content\/uploads\/2024\/07\/18.png","type":"image\/png"}],"twitter_card":"summary_large_image","twitter_misc":{"Est. reading time":"1 minute"},"schema":{"@context":"https:\/\/schema.org","@graph":[{"@type":"WebPage","@id":"https:\/\/tolio.co.nz\/san-pham\/mua-7-tang-1-set-8-goi-xot-bun-bo-cholimex-90g\/","url":"https:\/\/tolio.co.nz\/san-pham\/mua-7-tang-1-set-8-goi-xot-bun-bo-cholimex-90g\/","name":"[Mua 7 t\u1eb7ng 1] Set 8 g\u00f3i x\u1ed1t b\u00fan b\u00f2 Cholimex 90g - TOLIO","isPartOf":{"@id":"https:\/\/tolio.co.nz\/#website"},"primaryImageOfPage":{"@id":"https:\/\/tolio.co.nz\/san-pham\/mua-7-tang-1-set-8-goi-xot-bun-bo-cholimex-90g\/#primaryimage"},"image":{"@id":"https:\/\/tolio.co.nz\/san-pham\/mua-7-tang-1-set-8-goi-xot-bun-bo-cholimex-90g\/#primaryimage"},"thumbnailUrl":"https:\/\/tolio.co.nz\/wp-content\/uploads\/2024\/07\/18.png","datePublished":"2024-07-09T10:58:32+00:00","dateModified":"2026-05-05T02:19:40+00:00","description":"Th\u01b0\u01a1ng hi\u1ec7u: Cholimex Xu\u1ea5t x\u1ee9 th\u01b0\u01a1ng hi\u1ec7u: Vi\u1ec7t Nam Quy c\u00e1ch \u0111\u00f3ng g\u00f3i: g\u00f3i 90g, 20 g\u00f3i\/h\u1ed9p, 6 h\u1ed9p\/th\u00f9ng L\u01b0u \u00fd: Bao b\u00ec s\u1ea3n ph\u1ea9m c\u00f3 th\u1ec3 thay \u0111\u1ed5i theo t\u1eebng \u0111\u1ee3t nh\u1eadp h\u00e0ng","breadcrumb":{"@id":"https:\/\/tolio.co.nz\/san-pham\/mua-7-tang-1-set-8-goi-xot-bun-bo-cholimex-90g\/#breadcrumb"},"inLanguage":"en-US","potentialAction":[{"@type":"ReadAction","target":["https:\/\/tolio.co.nz\/san-pham\/mua-7-tang-1-set-8-goi-xot-bun-bo-cholimex-90g\/"]}]},{"@type":"ImageObject","inLanguage":"en-US","@id":"https:\/\/tolio.co.nz\/san-pham\/mua-7-tang-1-set-8-goi-xot-bun-bo-cholimex-90g\/#primaryimage","url":"https:\/\/tolio.co.nz\/wp-content\/uploads\/2024\/07\/18.png","contentUrl":"https:\/\/tolio.co.nz\/wp-content\/uploads\/2024\/07\/18.png","width":1000,"height":907},{"@type":"BreadcrumbList","@id":"https:\/\/tolio.co.nz\/san-pham\/mua-7-tang-1-set-8-goi-xot-bun-bo-cholimex-90g\/#breadcrumb","itemListElement":[{"@type":"ListItem","position":1,"name":"Home","item":"https:\/\/tolio.co.nz\/"},{"@type":"ListItem","position":2,"name":"C\u1eeda h\u00e0ng","item":"https:\/\/tolio.co.nz\/cua-hang\/"},{"@type":"ListItem","position":3,"name":"[Mua 7 t\u1eb7ng 1] Set 8 g\u00f3i x\u1ed1t b\u00fan b\u00f2 Cholimex 90g"}]},{"@type":"WebSite","@id":"https:\/\/tolio.co.nz\/#website","url":"https:\/\/tolio.co.nz\/","name":"TOLIO","description":"Vietnamese Grocery Online","potentialAction":[{"@type":"SearchAction","target":{"@type":"EntryPoint","urlTemplate":"https:\/\/tolio.co.nz\/?s={search_term_string}"},"query-input":{"@type":"PropertyValueSpecification","valueRequired":true,"valueName":"search_term_string"}}],"inLanguage":"en-US"}]}},"_links":{"self":[{"href":"https:\/\/tolio.co.nz\/en\/wp-json\/wp\/v2\/product\/18009","targetHints":{"allow":["GET"]}}],"collection":[{"href":"https:\/\/tolio.co.nz\/en\/wp-json\/wp\/v2\/product"}],"about":[{"href":"https:\/\/tolio.co.nz\/en\/wp-json\/wp\/v2\/types\/product"}],"replies":[{"embeddable":true,"href":"https:\/\/tolio.co.nz\/en\/wp-json\/wp\/v2\/comments?post=18009"}],"wp:featuredmedia":[{"embeddable":true,"href":"https:\/\/tolio.co.nz\/en\/wp-json\/wp\/v2\/media\/21006"}],"wp:attachment":[{"href":"https:\/\/tolio.co.nz\/en\/wp-json\/wp\/v2\/media?parent=18009"}],"wp:term":[{"taxonomy":"product_brand","embeddable":true,"href":"https:\/\/tolio.co.nz\/en\/wp-json\/wp\/v2\/product_brand?post=18009"},{"taxonomy":"product_cat","embeddable":true,"href":"https:\/\/tolio.co.nz\/en\/wp-json\/wp\/v2\/product_cat?post=18009"},{"taxonomy":"product_tag","embeddable":true,"href":"https:\/\/tolio.co.nz\/en\/wp-json\/wp\/v2\/product_tag?post=18009"}],"curies":[{"name":"wp","href":"https:\/\/api.w.org\/{rel}","templated":true}]}}