{"id":1802,"date":"2022-01-14T01:17:00","date_gmt":"2022-01-13T12:32:00","guid":{"rendered":"https:\/\/tolio2.sitebycat.com\/?post_type=product&#038;p=1802"},"modified":"2026-03-31T08:08:27","modified_gmt":"2026-03-30T20:08:27","slug":"1802","status":"publish","type":"product","link":"https:\/\/tolio.co.nz\/en\/product\/1802\/","title":{"rendered":"Pack of Yomost Blueberry Flavored Drinking Yogurt 4 x 170ml"},"content":{"rendered":"<p><strong>Pack of Yomost Blueberry Flavored Drinking Yogurt 4 x 170ml<\/strong> brings product lines made from naturally fermented yogurt, combined with delicious fruits, providing many essential nutrients for the body. Lot of 4 boxes of Yomost blueberry flavored yogurt, 170ml convenient, suitable for long-term use for the family.<\/p>\n<ul>\n<li>Yomost Drinking Yogurt with Mint, Blueberry flavor with ingredients: Water, fermented yogurt 42%, sugar, fruit juice (5%), fructose, stabilizer, sodium polyphosphate (452i), blueberry flavor and silver Synthetic mint, synthetic food coloring agent: ponceau 4R (124) and brilliant blue (133)<\/li>\n<li>The product is made from naturally fermented yogurt combined with the cool flavor of Mint and the impressive mild sourness of Blueberries, creating a delicious, unique and attractive natural flavor.<\/li>\n<li>Helps provide a variety of nutrients needed by the body such as protein, calcium and vitamins and abundant energy.<\/li>\n<li>Drinking Yomost daily helps you to be healthier from the inside and always full of vitality to live every day to the fullest.<\/li>\n<li>Produced on high-tech lines, ensuring to meet quality and safety standards for users&#039; health.<\/li>\n<\/ul>\n<p><strong>How to Use:<\/strong><\/p>\n<ul>\n<li>Shake well before drinking, better when cold.<\/li>\n<li>For children over 2 years old only<\/li>\n<\/ul>\n<p><strong>Preserve:<\/strong><\/p>\n<ul>\n<li>Store in a cool, dry place, away from sunlight<\/li>\n<\/ul>","protected":false},"excerpt":{"rendered":"<ul>\n<li>Brand: Yomost<\/li>\n<li>Brand Country: Viet nam<\/li>\n<li>Packing: 170ml box, 4 boxes\/lot, 48 boxes\/carton<\/li>\n<li>Note: Product packaging may change from batch to batch<\/li>\n<\/ul>","protected":false},"featured_media":20932,"comment_status":"open","ping_status":"closed","template":"","meta":[],"product_brand":[],"product_cat":[34,37,31],"product_tag":[109,236,242,237],"class_list":{"0":"post-1802","1":"product","2":"type-product","3":"status-publish","4":"has-post-thumbnail","6":"product_cat-thuc-uong","7":"product_cat-thuc-uong-dinh-duong","8":"product_cat-hang-moi-ve","9":"product_tag-sua","10":"product_tag-sua-chua-uong","11":"product_tag-sua-viet-quat","12":"product_tag-sua-yomost","13":"pa_thuong-hieu-yomost","15":"first","16":"instock","17":"shipping-taxable","18":"purchasable","19":"product-type-simple"},"yoast_head":"<!-- This site is optimized with the Yoast SEO plugin v24.4 - https:\/\/yoast.com\/wordpress\/plugins\/seo\/ -->\n<title>L\u1ed1c 4 h\u1ed9p s\u1eefa chua u\u1ed1ng h\u01b0\u01a1ng vi\u1ec7t qu\u1ea5t Yomost h\u1ed9p 170ml - TOLIO<\/title>\n<meta name=\"description\" content=\"Th\u01b0\u01a1ng hi\u1ec7u: Yomost  Xu\u1ea5t x\u1ee9 th\u01b0\u01a1ng hi\u1ec7u: Vi\u1ec7t Nam  Quy c\u00e1ch \u0111\u00f3ng g\u00f3i: h\u1ed9p 170ml,4 h\u1ed9p\/l\u1ed1c, 48 h\u1ed9p\/th\u00f9ng  L\u01b0u \u00fd: Bao b\u00ec s\u1ea3n ph\u1ea9m c\u00f3 th\u1ec3 thay \u0111\u1ed5i theo t\u1eebng \u0111\u1ee3t nh\u1eadp h\u00e0ng\" \/>\n<meta name=\"robots\" content=\"index, follow, max-snippet:-1, max-image-preview:large, max-video-preview:-1\" \/>\n<link rel=\"canonical\" href=\"https:\/\/tolio.co.nz\/en\/product\/1802\/\" \/>\n<meta property=\"og:locale\" content=\"en_US\" \/>\n<meta property=\"og:type\" content=\"article\" \/>\n<meta property=\"og:title\" content=\"L\u1ed1c 4 h\u1ed9p s\u1eefa chua u\u1ed1ng h\u01b0\u01a1ng vi\u1ec7t qu\u1ea5t Yomost h\u1ed9p 170ml - TOLIO\" \/>\n<meta property=\"og:description\" content=\"Th\u01b0\u01a1ng hi\u1ec7u: Yomost  Xu\u1ea5t x\u1ee9 th\u01b0\u01a1ng hi\u1ec7u: Vi\u1ec7t Nam  Quy c\u00e1ch \u0111\u00f3ng g\u00f3i: h\u1ed9p 170ml,4 h\u1ed9p\/l\u1ed1c, 48 h\u1ed9p\/th\u00f9ng  L\u01b0u \u00fd: Bao b\u00ec s\u1ea3n ph\u1ea9m c\u00f3 th\u1ec3 thay \u0111\u1ed5i theo t\u1eebng \u0111\u1ee3t nh\u1eadp h\u00e0ng\" \/>\n<meta property=\"og:url\" content=\"https:\/\/tolio.co.nz\/en\/product\/1802\/\" \/>\n<meta property=\"og:site_name\" content=\"TOLIO\" \/>\n<meta property=\"article:modified_time\" content=\"2026-03-30T20:08:27+00:00\" \/>\n<meta property=\"og:image\" content=\"https:\/\/tolio.co.nz\/wp-content\/uploads\/2022\/01\/435.png\" \/>\n\t<meta property=\"og:image:width\" content=\"1000\" \/>\n\t<meta property=\"og:image:height\" content=\"907\" \/>\n\t<meta property=\"og:image:type\" content=\"image\/png\" \/>\n<meta name=\"twitter:card\" content=\"summary_large_image\" \/>\n<meta name=\"twitter:label1\" content=\"Est. reading time\" \/>\n\t<meta name=\"twitter:data1\" content=\"2 minutes\" \/>\n<script type=\"application\/ld+json\" class=\"yoast-schema-graph\">{\"@context\":\"https:\/\/schema.org\",\"@graph\":[{\"@type\":\"WebPage\",\"@id\":\"https:\/\/tolio.co.nz\/san-pham\/1802\/\",\"url\":\"https:\/\/tolio.co.nz\/san-pham\/1802\/\",\"name\":\"L\u1ed1c 4 h\u1ed9p s\u1eefa chua u\u1ed1ng h\u01b0\u01a1ng vi\u1ec7t qu\u1ea5t Yomost h\u1ed9p 170ml - TOLIO\",\"isPartOf\":{\"@id\":\"https:\/\/tolio.co.nz\/#website\"},\"primaryImageOfPage\":{\"@id\":\"https:\/\/tolio.co.nz\/san-pham\/1802\/#primaryimage\"},\"image\":{\"@id\":\"https:\/\/tolio.co.nz\/san-pham\/1802\/#primaryimage\"},\"thumbnailUrl\":\"https:\/\/tolio.co.nz\/wp-content\/uploads\/2022\/01\/435.png\",\"datePublished\":\"2022-01-13T12:32:00+00:00\",\"dateModified\":\"2026-03-30T20:08:27+00:00\",\"description\":\"Th\u01b0\u01a1ng hi\u1ec7u: Yomost Xu\u1ea5t x\u1ee9 th\u01b0\u01a1ng hi\u1ec7u: Vi\u1ec7t Nam Quy c\u00e1ch \u0111\u00f3ng g\u00f3i: h\u1ed9p 170ml,4 h\u1ed9p\/l\u1ed1c, 48 h\u1ed9p\/th\u00f9ng L\u01b0u \u00fd: Bao b\u00ec s\u1ea3n ph\u1ea9m c\u00f3 th\u1ec3 thay \u0111\u1ed5i theo t\u1eebng \u0111\u1ee3t nh\u1eadp h\u00e0ng\",\"breadcrumb\":{\"@id\":\"https:\/\/tolio.co.nz\/san-pham\/1802\/#breadcrumb\"},\"inLanguage\":\"en-US\",\"potentialAction\":[{\"@type\":\"ReadAction\",\"target\":[\"https:\/\/tolio.co.nz\/san-pham\/1802\/\"]}]},{\"@type\":\"ImageObject\",\"inLanguage\":\"en-US\",\"@id\":\"https:\/\/tolio.co.nz\/san-pham\/1802\/#primaryimage\",\"url\":\"https:\/\/tolio.co.nz\/wp-content\/uploads\/2022\/01\/435.png\",\"contentUrl\":\"https:\/\/tolio.co.nz\/wp-content\/uploads\/2022\/01\/435.png\",\"width\":1000,\"height\":907},{\"@type\":\"BreadcrumbList\",\"@id\":\"https:\/\/tolio.co.nz\/san-pham\/1802\/#breadcrumb\",\"itemListElement\":[{\"@type\":\"ListItem\",\"position\":1,\"name\":\"Home\",\"item\":\"https:\/\/tolio.co.nz\/\"},{\"@type\":\"ListItem\",\"position\":2,\"name\":\"C\u1eeda h\u00e0ng\",\"item\":\"https:\/\/tolio.co.nz\/cua-hang\/\"},{\"@type\":\"ListItem\",\"position\":3,\"name\":\"L\u1ed1c 4 h\u1ed9p s\u1eefa chua u\u1ed1ng h\u01b0\u01a1ng vi\u1ec7t qu\u1ea5t Yomost h\u1ed9p 170ml\"}]},{\"@type\":\"WebSite\",\"@id\":\"https:\/\/tolio.co.nz\/#website\",\"url\":\"https:\/\/tolio.co.nz\/\",\"name\":\"TOLIO\",\"description\":\"Vietnamese Grocery Online\",\"potentialAction\":[{\"@type\":\"SearchAction\",\"target\":{\"@type\":\"EntryPoint\",\"urlTemplate\":\"https:\/\/tolio.co.nz\/?s={search_term_string}\"},\"query-input\":{\"@type\":\"PropertyValueSpecification\",\"valueRequired\":true,\"valueName\":\"search_term_string\"}}],\"inLanguage\":\"en-US\"}]}<\/script>\n<!-- \/ Yoast SEO plugin. -->","yoast_head_json":{"title":"L\u1ed1c 4 h\u1ed9p s\u1eefa chua u\u1ed1ng h\u01b0\u01a1ng vi\u1ec7t qu\u1ea5t Yomost h\u1ed9p 170ml - TOLIO","description":"Th\u01b0\u01a1ng hi\u1ec7u: Yomost  Xu\u1ea5t x\u1ee9 th\u01b0\u01a1ng hi\u1ec7u: Vi\u1ec7t Nam  Quy c\u00e1ch \u0111\u00f3ng g\u00f3i: h\u1ed9p 170ml,4 h\u1ed9p\/l\u1ed1c, 48 h\u1ed9p\/th\u00f9ng  L\u01b0u \u00fd: Bao b\u00ec s\u1ea3n ph\u1ea9m c\u00f3 th\u1ec3 thay \u0111\u1ed5i theo t\u1eebng \u0111\u1ee3t nh\u1eadp h\u00e0ng","robots":{"index":"index","follow":"follow","max-snippet":"max-snippet:-1","max-image-preview":"max-image-preview:large","max-video-preview":"max-video-preview:-1"},"canonical":"https:\/\/tolio.co.nz\/en\/product\/1802\/","og_locale":"en_US","og_type":"article","og_title":"L\u1ed1c 4 h\u1ed9p s\u1eefa chua u\u1ed1ng h\u01b0\u01a1ng vi\u1ec7t qu\u1ea5t Yomost h\u1ed9p 170ml - TOLIO","og_description":"Th\u01b0\u01a1ng hi\u1ec7u: Yomost  Xu\u1ea5t x\u1ee9 th\u01b0\u01a1ng hi\u1ec7u: Vi\u1ec7t Nam  Quy c\u00e1ch \u0111\u00f3ng g\u00f3i: h\u1ed9p 170ml,4 h\u1ed9p\/l\u1ed1c, 48 h\u1ed9p\/th\u00f9ng  L\u01b0u \u00fd: Bao b\u00ec s\u1ea3n ph\u1ea9m c\u00f3 th\u1ec3 thay \u0111\u1ed5i theo t\u1eebng \u0111\u1ee3t nh\u1eadp h\u00e0ng","og_url":"https:\/\/tolio.co.nz\/en\/product\/1802\/","og_site_name":"TOLIO","article_modified_time":"2026-03-30T20:08:27+00:00","og_image":[{"width":1000,"height":907,"url":"https:\/\/tolio.co.nz\/wp-content\/uploads\/2022\/01\/435.png","type":"image\/png"}],"twitter_card":"summary_large_image","twitter_misc":{"Est. reading time":"2 minutes"},"schema":{"@context":"https:\/\/schema.org","@graph":[{"@type":"WebPage","@id":"https:\/\/tolio.co.nz\/san-pham\/1802\/","url":"https:\/\/tolio.co.nz\/san-pham\/1802\/","name":"L\u1ed1c 4 h\u1ed9p s\u1eefa chua u\u1ed1ng h\u01b0\u01a1ng vi\u1ec7t qu\u1ea5t Yomost h\u1ed9p 170ml - TOLIO","isPartOf":{"@id":"https:\/\/tolio.co.nz\/#website"},"primaryImageOfPage":{"@id":"https:\/\/tolio.co.nz\/san-pham\/1802\/#primaryimage"},"image":{"@id":"https:\/\/tolio.co.nz\/san-pham\/1802\/#primaryimage"},"thumbnailUrl":"https:\/\/tolio.co.nz\/wp-content\/uploads\/2022\/01\/435.png","datePublished":"2022-01-13T12:32:00+00:00","dateModified":"2026-03-30T20:08:27+00:00","description":"Th\u01b0\u01a1ng hi\u1ec7u: Yomost Xu\u1ea5t x\u1ee9 th\u01b0\u01a1ng hi\u1ec7u: Vi\u1ec7t Nam Quy c\u00e1ch \u0111\u00f3ng g\u00f3i: h\u1ed9p 170ml,4 h\u1ed9p\/l\u1ed1c, 48 h\u1ed9p\/th\u00f9ng L\u01b0u \u00fd: Bao b\u00ec s\u1ea3n ph\u1ea9m c\u00f3 th\u1ec3 thay \u0111\u1ed5i theo t\u1eebng \u0111\u1ee3t nh\u1eadp h\u00e0ng","breadcrumb":{"@id":"https:\/\/tolio.co.nz\/san-pham\/1802\/#breadcrumb"},"inLanguage":"en-US","potentialAction":[{"@type":"ReadAction","target":["https:\/\/tolio.co.nz\/san-pham\/1802\/"]}]},{"@type":"ImageObject","inLanguage":"en-US","@id":"https:\/\/tolio.co.nz\/san-pham\/1802\/#primaryimage","url":"https:\/\/tolio.co.nz\/wp-content\/uploads\/2022\/01\/435.png","contentUrl":"https:\/\/tolio.co.nz\/wp-content\/uploads\/2022\/01\/435.png","width":1000,"height":907},{"@type":"BreadcrumbList","@id":"https:\/\/tolio.co.nz\/san-pham\/1802\/#breadcrumb","itemListElement":[{"@type":"ListItem","position":1,"name":"Home","item":"https:\/\/tolio.co.nz\/"},{"@type":"ListItem","position":2,"name":"C\u1eeda h\u00e0ng","item":"https:\/\/tolio.co.nz\/cua-hang\/"},{"@type":"ListItem","position":3,"name":"L\u1ed1c 4 h\u1ed9p s\u1eefa chua u\u1ed1ng h\u01b0\u01a1ng vi\u1ec7t qu\u1ea5t Yomost h\u1ed9p 170ml"}]},{"@type":"WebSite","@id":"https:\/\/tolio.co.nz\/#website","url":"https:\/\/tolio.co.nz\/","name":"TOLIO","description":"Vietnamese Grocery Online","potentialAction":[{"@type":"SearchAction","target":{"@type":"EntryPoint","urlTemplate":"https:\/\/tolio.co.nz\/?s={search_term_string}"},"query-input":{"@type":"PropertyValueSpecification","valueRequired":true,"valueName":"search_term_string"}}],"inLanguage":"en-US"}]}},"_links":{"self":[{"href":"https:\/\/tolio.co.nz\/en\/wp-json\/wp\/v2\/product\/1802","targetHints":{"allow":["GET"]}}],"collection":[{"href":"https:\/\/tolio.co.nz\/en\/wp-json\/wp\/v2\/product"}],"about":[{"href":"https:\/\/tolio.co.nz\/en\/wp-json\/wp\/v2\/types\/product"}],"replies":[{"embeddable":true,"href":"https:\/\/tolio.co.nz\/en\/wp-json\/wp\/v2\/comments?post=1802"}],"wp:featuredmedia":[{"embeddable":true,"href":"https:\/\/tolio.co.nz\/en\/wp-json\/wp\/v2\/media\/20932"}],"wp:attachment":[{"href":"https:\/\/tolio.co.nz\/en\/wp-json\/wp\/v2\/media?parent=1802"}],"wp:term":[{"taxonomy":"product_brand","embeddable":true,"href":"https:\/\/tolio.co.nz\/en\/wp-json\/wp\/v2\/product_brand?post=1802"},{"taxonomy":"product_cat","embeddable":true,"href":"https:\/\/tolio.co.nz\/en\/wp-json\/wp\/v2\/product_cat?post=1802"},{"taxonomy":"product_tag","embeddable":true,"href":"https:\/\/tolio.co.nz\/en\/wp-json\/wp\/v2\/product_tag?post=1802"}],"curies":[{"name":"wp","href":"https:\/\/api.w.org\/{rel}","templated":true}]}}