{"id":18021,"date":"2024-07-10T03:35:13","date_gmt":"2024-07-09T14:50:13","guid":{"rendered":"https:\/\/tolio.co.nz\/?post_type=product&#038;p=18021"},"modified":"2026-04-15T13:06:58","modified_gmt":"2026-04-15T01:06:58","slug":"dau-giam-tron-salad-cholimex-chai-270g","status":"publish","type":"product","link":"https:\/\/tolio.co.nz\/en\/product\/cholimex-salad-dressing-270g-bottle\/","title":{"rendered":"Cholimex salad dressing vinegar bottle 270g"},"content":{"rendered":"<p><strong>Cholimex salad dressing vinegar bottle 270g <\/strong>Manufactured using modern technology. Every step from raw material selection to processing and bottling takes place under strict supervision and inspection by leading food experts, whereby the product does not contain toxic chemicals or preservatives. , ensuring health safety.<\/p>\n<p>The product is used to mix salads, sour salads, and appetizers, helping to increase the delicious and attractive flavor of dishes, stimulating taste buds, suitable for most consumers&#039; tastes.<\/p>\n<p><strong>User manual<\/strong><\/p>\n<ul>\n<li>Shake well before using.<\/li>\n<\/ul>\n<p><strong>Preserve<\/strong><\/p>\n<ul>\n<li>Store in a cool, dry place at normal temperature and close the lid immediately after use.<\/li>\n<li>Avoid places with high temperatures or direct sunlight, avoid fire.<\/li>\n<\/ul>\n<p><strong>Expiry: <\/strong>12 months from date of manufacture<\/p>","protected":false},"excerpt":{"rendered":"<ul>\n<li>Brand: Cholimex<\/li>\n<li>Brand Country: Viet nam<\/li>\n<li>Packaging: 270g bottle<\/li>\n<li>Note: Product packaging may change from batch to batch<\/li>\n<\/ul>","protected":false},"featured_media":21101,"comment_status":"open","ping_status":"closed","template":"","meta":[],"product_brand":[],"product_cat":[33,479],"product_tag":[921,922],"class_list":{"0":"post-18021","1":"product","2":"type-product","3":"status-publish","4":"has-post-thumbnail","6":"product_cat-gia-vi","7":"product_cat-nuoc-mam-nuoc-cham-tuong-ot","8":"product_tag-cholimex","9":"product_tag-dau-giam","10":"pa_thuong-hieu-cholimex","12":"first","13":"instock","14":"shipping-taxable","15":"purchasable","16":"product-type-simple"},"yoast_head":"<!-- This site is optimized with the Yoast SEO plugin v24.4 - https:\/\/yoast.com\/wordpress\/plugins\/seo\/ -->\n<title>D\u1ea7u gi\u1ea5m tr\u1ed9n salad Cholimex chai 270g - TOLIO<\/title>\n<meta name=\"description\" content=\"Th\u01b0\u01a1ng hi\u1ec7u: Cholimex  Xu\u1ea5t x\u1ee9 th\u01b0\u01a1ng hi\u1ec7u: Vi\u1ec7t Nam  Quy c\u00e1ch \u0111\u00f3ng g\u00f3i: chai 270g  L\u01b0u \u00fd: Bao b\u00ec s\u1ea3n ph\u1ea9m c\u00f3 th\u1ec3 thay \u0111\u1ed5i theo t\u1eebng \u0111\u1ee3t nh\u1eadp h\u00e0ng\" \/>\n<meta name=\"robots\" content=\"index, follow, max-snippet:-1, max-image-preview:large, max-video-preview:-1\" \/>\n<link rel=\"canonical\" href=\"https:\/\/tolio.co.nz\/en\/product\/cholimex-salad-dressing-270g-bottle\/\" \/>\n<meta property=\"og:locale\" content=\"en_US\" \/>\n<meta property=\"og:type\" content=\"article\" \/>\n<meta property=\"og:title\" content=\"D\u1ea7u gi\u1ea5m tr\u1ed9n salad Cholimex chai 270g - TOLIO\" \/>\n<meta property=\"og:description\" content=\"Th\u01b0\u01a1ng hi\u1ec7u: Cholimex  Xu\u1ea5t x\u1ee9 th\u01b0\u01a1ng hi\u1ec7u: Vi\u1ec7t Nam  Quy c\u00e1ch \u0111\u00f3ng g\u00f3i: chai 270g  L\u01b0u \u00fd: Bao b\u00ec s\u1ea3n ph\u1ea9m c\u00f3 th\u1ec3 thay \u0111\u1ed5i theo t\u1eebng \u0111\u1ee3t nh\u1eadp h\u00e0ng\" \/>\n<meta property=\"og:url\" content=\"https:\/\/tolio.co.nz\/en\/product\/cholimex-salad-dressing-270g-bottle\/\" \/>\n<meta property=\"og:site_name\" content=\"TOLIO\" \/>\n<meta property=\"article:modified_time\" content=\"2026-04-15T01:06:58+00:00\" \/>\n<meta property=\"og:image\" content=\"https:\/\/tolio.co.nz\/wp-content\/uploads\/2024\/07\/91-2.png\" \/>\n\t<meta property=\"og:image:width\" content=\"1000\" \/>\n\t<meta property=\"og:image:height\" content=\"907\" \/>\n\t<meta property=\"og:image:type\" content=\"image\/png\" \/>\n<meta name=\"twitter:card\" content=\"summary_large_image\" \/>\n<meta name=\"twitter:label1\" content=\"Est. reading time\" \/>\n\t<meta name=\"twitter:data1\" content=\"1 minute\" \/>\n<script type=\"application\/ld+json\" class=\"yoast-schema-graph\">{\"@context\":\"https:\/\/schema.org\",\"@graph\":[{\"@type\":\"WebPage\",\"@id\":\"https:\/\/tolio.co.nz\/san-pham\/dau-giam-tron-salad-cholimex-chai-270g\/\",\"url\":\"https:\/\/tolio.co.nz\/san-pham\/dau-giam-tron-salad-cholimex-chai-270g\/\",\"name\":\"D\u1ea7u gi\u1ea5m tr\u1ed9n salad Cholimex chai 270g - TOLIO\",\"isPartOf\":{\"@id\":\"https:\/\/tolio.co.nz\/#website\"},\"primaryImageOfPage\":{\"@id\":\"https:\/\/tolio.co.nz\/san-pham\/dau-giam-tron-salad-cholimex-chai-270g\/#primaryimage\"},\"image\":{\"@id\":\"https:\/\/tolio.co.nz\/san-pham\/dau-giam-tron-salad-cholimex-chai-270g\/#primaryimage\"},\"thumbnailUrl\":\"https:\/\/tolio.co.nz\/wp-content\/uploads\/2024\/07\/91-2.png\",\"datePublished\":\"2024-07-09T14:50:13+00:00\",\"dateModified\":\"2026-04-15T01:06:58+00:00\",\"description\":\"Th\u01b0\u01a1ng hi\u1ec7u: Cholimex Xu\u1ea5t x\u1ee9 th\u01b0\u01a1ng hi\u1ec7u: Vi\u1ec7t Nam Quy c\u00e1ch \u0111\u00f3ng g\u00f3i: chai 270g L\u01b0u \u00fd: Bao b\u00ec s\u1ea3n ph\u1ea9m c\u00f3 th\u1ec3 thay \u0111\u1ed5i theo t\u1eebng \u0111\u1ee3t nh\u1eadp h\u00e0ng\",\"breadcrumb\":{\"@id\":\"https:\/\/tolio.co.nz\/san-pham\/dau-giam-tron-salad-cholimex-chai-270g\/#breadcrumb\"},\"inLanguage\":\"en-US\",\"potentialAction\":[{\"@type\":\"ReadAction\",\"target\":[\"https:\/\/tolio.co.nz\/san-pham\/dau-giam-tron-salad-cholimex-chai-270g\/\"]}]},{\"@type\":\"ImageObject\",\"inLanguage\":\"en-US\",\"@id\":\"https:\/\/tolio.co.nz\/san-pham\/dau-giam-tron-salad-cholimex-chai-270g\/#primaryimage\",\"url\":\"https:\/\/tolio.co.nz\/wp-content\/uploads\/2024\/07\/91-2.png\",\"contentUrl\":\"https:\/\/tolio.co.nz\/wp-content\/uploads\/2024\/07\/91-2.png\",\"width\":1000,\"height\":907},{\"@type\":\"BreadcrumbList\",\"@id\":\"https:\/\/tolio.co.nz\/san-pham\/dau-giam-tron-salad-cholimex-chai-270g\/#breadcrumb\",\"itemListElement\":[{\"@type\":\"ListItem\",\"position\":1,\"name\":\"Home\",\"item\":\"https:\/\/tolio.co.nz\/\"},{\"@type\":\"ListItem\",\"position\":2,\"name\":\"C\u1eeda h\u00e0ng\",\"item\":\"https:\/\/tolio.co.nz\/cua-hang\/\"},{\"@type\":\"ListItem\",\"position\":3,\"name\":\"D\u1ea7u gi\u1ea5m tr\u1ed9n salad Cholimex chai 270g\"}]},{\"@type\":\"WebSite\",\"@id\":\"https:\/\/tolio.co.nz\/#website\",\"url\":\"https:\/\/tolio.co.nz\/\",\"name\":\"TOLIO\",\"description\":\"Vietnamese Grocery Online\",\"potentialAction\":[{\"@type\":\"SearchAction\",\"target\":{\"@type\":\"EntryPoint\",\"urlTemplate\":\"https:\/\/tolio.co.nz\/?s={search_term_string}\"},\"query-input\":{\"@type\":\"PropertyValueSpecification\",\"valueRequired\":true,\"valueName\":\"search_term_string\"}}],\"inLanguage\":\"en-US\"}]}<\/script>\n<!-- \/ Yoast SEO plugin. -->","yoast_head_json":{"title":"D\u1ea7u gi\u1ea5m tr\u1ed9n salad Cholimex chai 270g - TOLIO","description":"Th\u01b0\u01a1ng hi\u1ec7u: Cholimex  Xu\u1ea5t x\u1ee9 th\u01b0\u01a1ng hi\u1ec7u: Vi\u1ec7t Nam  Quy c\u00e1ch \u0111\u00f3ng g\u00f3i: chai 270g  L\u01b0u \u00fd: Bao b\u00ec s\u1ea3n ph\u1ea9m c\u00f3 th\u1ec3 thay \u0111\u1ed5i theo t\u1eebng \u0111\u1ee3t nh\u1eadp h\u00e0ng","robots":{"index":"index","follow":"follow","max-snippet":"max-snippet:-1","max-image-preview":"max-image-preview:large","max-video-preview":"max-video-preview:-1"},"canonical":"https:\/\/tolio.co.nz\/en\/product\/cholimex-salad-dressing-270g-bottle\/","og_locale":"en_US","og_type":"article","og_title":"D\u1ea7u gi\u1ea5m tr\u1ed9n salad Cholimex chai 270g - TOLIO","og_description":"Th\u01b0\u01a1ng hi\u1ec7u: Cholimex  Xu\u1ea5t x\u1ee9 th\u01b0\u01a1ng hi\u1ec7u: Vi\u1ec7t Nam  Quy c\u00e1ch \u0111\u00f3ng g\u00f3i: chai 270g  L\u01b0u \u00fd: Bao b\u00ec s\u1ea3n ph\u1ea9m c\u00f3 th\u1ec3 thay \u0111\u1ed5i theo t\u1eebng \u0111\u1ee3t nh\u1eadp h\u00e0ng","og_url":"https:\/\/tolio.co.nz\/en\/product\/cholimex-salad-dressing-270g-bottle\/","og_site_name":"TOLIO","article_modified_time":"2026-04-15T01:06:58+00:00","og_image":[{"width":1000,"height":907,"url":"https:\/\/tolio.co.nz\/wp-content\/uploads\/2024\/07\/91-2.png","type":"image\/png"}],"twitter_card":"summary_large_image","twitter_misc":{"Est. reading time":"1 minute"},"schema":{"@context":"https:\/\/schema.org","@graph":[{"@type":"WebPage","@id":"https:\/\/tolio.co.nz\/san-pham\/dau-giam-tron-salad-cholimex-chai-270g\/","url":"https:\/\/tolio.co.nz\/san-pham\/dau-giam-tron-salad-cholimex-chai-270g\/","name":"D\u1ea7u gi\u1ea5m tr\u1ed9n salad Cholimex chai 270g - TOLIO","isPartOf":{"@id":"https:\/\/tolio.co.nz\/#website"},"primaryImageOfPage":{"@id":"https:\/\/tolio.co.nz\/san-pham\/dau-giam-tron-salad-cholimex-chai-270g\/#primaryimage"},"image":{"@id":"https:\/\/tolio.co.nz\/san-pham\/dau-giam-tron-salad-cholimex-chai-270g\/#primaryimage"},"thumbnailUrl":"https:\/\/tolio.co.nz\/wp-content\/uploads\/2024\/07\/91-2.png","datePublished":"2024-07-09T14:50:13+00:00","dateModified":"2026-04-15T01:06:58+00:00","description":"Th\u01b0\u01a1ng hi\u1ec7u: Cholimex Xu\u1ea5t x\u1ee9 th\u01b0\u01a1ng hi\u1ec7u: Vi\u1ec7t Nam Quy c\u00e1ch \u0111\u00f3ng g\u00f3i: chai 270g L\u01b0u \u00fd: Bao b\u00ec s\u1ea3n ph\u1ea9m c\u00f3 th\u1ec3 thay \u0111\u1ed5i theo t\u1eebng \u0111\u1ee3t nh\u1eadp h\u00e0ng","breadcrumb":{"@id":"https:\/\/tolio.co.nz\/san-pham\/dau-giam-tron-salad-cholimex-chai-270g\/#breadcrumb"},"inLanguage":"en-US","potentialAction":[{"@type":"ReadAction","target":["https:\/\/tolio.co.nz\/san-pham\/dau-giam-tron-salad-cholimex-chai-270g\/"]}]},{"@type":"ImageObject","inLanguage":"en-US","@id":"https:\/\/tolio.co.nz\/san-pham\/dau-giam-tron-salad-cholimex-chai-270g\/#primaryimage","url":"https:\/\/tolio.co.nz\/wp-content\/uploads\/2024\/07\/91-2.png","contentUrl":"https:\/\/tolio.co.nz\/wp-content\/uploads\/2024\/07\/91-2.png","width":1000,"height":907},{"@type":"BreadcrumbList","@id":"https:\/\/tolio.co.nz\/san-pham\/dau-giam-tron-salad-cholimex-chai-270g\/#breadcrumb","itemListElement":[{"@type":"ListItem","position":1,"name":"Home","item":"https:\/\/tolio.co.nz\/"},{"@type":"ListItem","position":2,"name":"C\u1eeda h\u00e0ng","item":"https:\/\/tolio.co.nz\/cua-hang\/"},{"@type":"ListItem","position":3,"name":"D\u1ea7u gi\u1ea5m tr\u1ed9n salad Cholimex chai 270g"}]},{"@type":"WebSite","@id":"https:\/\/tolio.co.nz\/#website","url":"https:\/\/tolio.co.nz\/","name":"TOLIO","description":"Vietnamese Grocery Online","potentialAction":[{"@type":"SearchAction","target":{"@type":"EntryPoint","urlTemplate":"https:\/\/tolio.co.nz\/?s={search_term_string}"},"query-input":{"@type":"PropertyValueSpecification","valueRequired":true,"valueName":"search_term_string"}}],"inLanguage":"en-US"}]}},"_links":{"self":[{"href":"https:\/\/tolio.co.nz\/en\/wp-json\/wp\/v2\/product\/18021","targetHints":{"allow":["GET"]}}],"collection":[{"href":"https:\/\/tolio.co.nz\/en\/wp-json\/wp\/v2\/product"}],"about":[{"href":"https:\/\/tolio.co.nz\/en\/wp-json\/wp\/v2\/types\/product"}],"replies":[{"embeddable":true,"href":"https:\/\/tolio.co.nz\/en\/wp-json\/wp\/v2\/comments?post=18021"}],"wp:featuredmedia":[{"embeddable":true,"href":"https:\/\/tolio.co.nz\/en\/wp-json\/wp\/v2\/media\/21101"}],"wp:attachment":[{"href":"https:\/\/tolio.co.nz\/en\/wp-json\/wp\/v2\/media?parent=18021"}],"wp:term":[{"taxonomy":"product_brand","embeddable":true,"href":"https:\/\/tolio.co.nz\/en\/wp-json\/wp\/v2\/product_brand?post=18021"},{"taxonomy":"product_cat","embeddable":true,"href":"https:\/\/tolio.co.nz\/en\/wp-json\/wp\/v2\/product_cat?post=18021"},{"taxonomy":"product_tag","embeddable":true,"href":"https:\/\/tolio.co.nz\/en\/wp-json\/wp\/v2\/product_tag?post=18021"}],"curies":[{"name":"wp","href":"https:\/\/api.w.org\/{rel}","templated":true}]}}