{"id":1803,"date":"2022-01-14T01:23:00","date_gmt":"2022-01-13T12:38:00","guid":{"rendered":"https:\/\/tolio2.sitebycat.com\/?post_type=product&#038;p=1803"},"modified":"2026-04-10T20:29:14","modified_gmt":"2026-04-10T08:29:14","slug":"thung-24-hop-sua-bap-non-lif-180ml","status":"publish","type":"product","link":"https:\/\/tolio.co.nz\/en\/product\/24-hops-milk-bap-non-lif-180ml\/","title":{"rendered":"Box of 24 boxes of LOF young corn milk 180ml"},"content":{"rendered":"<p><strong>Box of 24 boxes of LOF young corn milk 180ml <\/strong>\u00a0100% is completely isolated from newly picked young corn, rich in vitamins A, B3, B1, B6 and especially fiber, good for the skin and digestive system. Box of 24 boxes of LiF colostrum 180ml with delicious flavor that everyone loves, convenient and economical packaging<\/p>\n<ul>\n<li>A box of 24 boxes of LOF young corn milk 180ml with main ingredients such as water, young corn, skim milk powder, vegetable cream powder... ensures safety for users&#039; health and also contains a large amount of vitamin A to actively support the eyes, helping children have bright, sharp eyes, avoiding and reducing myopia due to excessive eye activity.<\/li>\n<li>B group vitamins in colostrum make eating more appetizing.<\/li>\n<li>LOF young corn milk retains the essence extracted from each young corn kernel, is a fresh natural source of energy that helps children be active and study enthusiastically without worrying about fatigue or exhaustion.<\/li>\n<\/ul>\n<p><strong>How to Use:<\/strong><\/p>\n<ul>\n<li>Shake well before drinking, better when cold.<\/li>\n<li>Suitable for children 3 years and older and adults<\/li>\n<\/ul>\n<p><strong>Preserve:<\/strong><\/p>\n<ul>\n<li>Store in a cool, dry place, away from sunlight<\/li>\n<\/ul>","protected":false},"excerpt":{"rendered":"<ul>\n<li>Brand: Lof<\/li>\n<li>Brand Country: Viet nam<\/li>\n<li>Packing: 180ml box, 4 boxes\/lot, 24 boxes\/carton<\/li>\n<li>Note: Product packaging may change from batch to batch<\/li>\n<\/ul>","protected":false},"featured_media":21603,"comment_status":"open","ping_status":"closed","template":"","meta":[],"product_brand":[],"product_cat":[30,31,34,37],"product_tag":[244,243,245],"class_list":{"0":"post-1803","1":"product","2":"type-product","3":"status-publish","4":"has-post-thumbnail","6":"product_cat-ban-chay-nhat","7":"product_cat-hang-moi-ve","8":"product_cat-thuc-uong","9":"product_cat-thuc-uong-dinh-duong","10":"product_tag-sua-bap","11":"product_tag-sua-bap-non","12":"product_tag-sua-bap-non-lif","13":"pa_thuong-hieu-lif","15":"first","16":"instock","17":"sale","18":"shipping-taxable","19":"purchasable","20":"product-type-simple"},"yoast_head":"<!-- This site is optimized with the Yoast SEO plugin v24.4 - https:\/\/yoast.com\/wordpress\/plugins\/seo\/ -->\n<title>Th\u00f9ng 24 h\u1ed9p s\u1eefa b\u1eafp non LOF 180ml - TOLIO<\/title>\n<meta name=\"description\" content=\"Th\u01b0\u01a1ng hi\u1ec7u: Lof  Xu\u1ea5t x\u1ee9 th\u01b0\u01a1ng hi\u1ec7u: Vi\u1ec7t Nam  Quy c\u00e1ch \u0111\u00f3ng g\u00f3i: h\u1ed9p 180ml,4 h\u1ed9p\/l\u1ed1c, 24 h\u1ed9p\/th\u00f9ng  L\u01b0u \u00fd: Bao b\u00ec s\u1ea3n ph\u1ea9m c\u00f3 th\u1ec3 thay \u0111\u1ed5i theo t\u1eebng \u0111\u1ee3t nh\u1eadp h\u00e0ng\" \/>\n<meta name=\"robots\" content=\"index, follow, max-snippet:-1, max-image-preview:large, max-video-preview:-1\" \/>\n<link rel=\"canonical\" href=\"https:\/\/tolio.co.nz\/en\/product\/24-hops-milk-bap-non-lif-180ml\/\" \/>\n<meta property=\"og:locale\" content=\"en_US\" \/>\n<meta property=\"og:type\" content=\"article\" \/>\n<meta property=\"og:title\" content=\"Th\u00f9ng 24 h\u1ed9p s\u1eefa b\u1eafp non LOF 180ml - TOLIO\" \/>\n<meta property=\"og:description\" content=\"Th\u01b0\u01a1ng hi\u1ec7u: Lof  Xu\u1ea5t x\u1ee9 th\u01b0\u01a1ng hi\u1ec7u: Vi\u1ec7t Nam  Quy c\u00e1ch \u0111\u00f3ng g\u00f3i: h\u1ed9p 180ml,4 h\u1ed9p\/l\u1ed1c, 24 h\u1ed9p\/th\u00f9ng  L\u01b0u \u00fd: Bao b\u00ec s\u1ea3n ph\u1ea9m c\u00f3 th\u1ec3 thay \u0111\u1ed5i theo t\u1eebng \u0111\u1ee3t nh\u1eadp h\u00e0ng\" \/>\n<meta property=\"og:url\" content=\"https:\/\/tolio.co.nz\/en\/product\/24-hops-milk-bap-non-lif-180ml\/\" \/>\n<meta property=\"og:site_name\" content=\"TOLIO\" \/>\n<meta property=\"article:modified_time\" content=\"2026-04-10T08:29:14+00:00\" \/>\n<meta property=\"og:image\" content=\"https:\/\/tolio.co.nz\/wp-content\/uploads\/2022\/01\/197.png\" \/>\n\t<meta property=\"og:image:width\" content=\"1000\" \/>\n\t<meta property=\"og:image:height\" content=\"907\" \/>\n\t<meta property=\"og:image:type\" content=\"image\/png\" \/>\n<meta name=\"twitter:card\" content=\"summary_large_image\" \/>\n<meta name=\"twitter:label1\" content=\"Est. reading time\" \/>\n\t<meta name=\"twitter:data1\" content=\"2 minutes\" \/>\n<script type=\"application\/ld+json\" class=\"yoast-schema-graph\">{\"@context\":\"https:\/\/schema.org\",\"@graph\":[{\"@type\":\"WebPage\",\"@id\":\"https:\/\/tolio.co.nz\/san-pham\/thung-24-hop-sua-bap-non-lif-180ml\/\",\"url\":\"https:\/\/tolio.co.nz\/san-pham\/thung-24-hop-sua-bap-non-lif-180ml\/\",\"name\":\"Th\u00f9ng 24 h\u1ed9p s\u1eefa b\u1eafp non LOF 180ml - TOLIO\",\"isPartOf\":{\"@id\":\"https:\/\/tolio.co.nz\/#website\"},\"primaryImageOfPage\":{\"@id\":\"https:\/\/tolio.co.nz\/san-pham\/thung-24-hop-sua-bap-non-lif-180ml\/#primaryimage\"},\"image\":{\"@id\":\"https:\/\/tolio.co.nz\/san-pham\/thung-24-hop-sua-bap-non-lif-180ml\/#primaryimage\"},\"thumbnailUrl\":\"https:\/\/tolio.co.nz\/wp-content\/uploads\/2022\/01\/197.png\",\"datePublished\":\"2022-01-13T12:38:00+00:00\",\"dateModified\":\"2026-04-10T08:29:14+00:00\",\"description\":\"Th\u01b0\u01a1ng hi\u1ec7u: Lof Xu\u1ea5t x\u1ee9 th\u01b0\u01a1ng hi\u1ec7u: Vi\u1ec7t Nam Quy c\u00e1ch \u0111\u00f3ng g\u00f3i: h\u1ed9p 180ml,4 h\u1ed9p\/l\u1ed1c, 24 h\u1ed9p\/th\u00f9ng L\u01b0u \u00fd: Bao b\u00ec s\u1ea3n ph\u1ea9m c\u00f3 th\u1ec3 thay \u0111\u1ed5i theo t\u1eebng \u0111\u1ee3t nh\u1eadp h\u00e0ng\",\"breadcrumb\":{\"@id\":\"https:\/\/tolio.co.nz\/san-pham\/thung-24-hop-sua-bap-non-lif-180ml\/#breadcrumb\"},\"inLanguage\":\"en-US\",\"potentialAction\":[{\"@type\":\"ReadAction\",\"target\":[\"https:\/\/tolio.co.nz\/san-pham\/thung-24-hop-sua-bap-non-lif-180ml\/\"]}]},{\"@type\":\"ImageObject\",\"inLanguage\":\"en-US\",\"@id\":\"https:\/\/tolio.co.nz\/san-pham\/thung-24-hop-sua-bap-non-lif-180ml\/#primaryimage\",\"url\":\"https:\/\/tolio.co.nz\/wp-content\/uploads\/2022\/01\/197.png\",\"contentUrl\":\"https:\/\/tolio.co.nz\/wp-content\/uploads\/2022\/01\/197.png\",\"width\":1000,\"height\":907},{\"@type\":\"BreadcrumbList\",\"@id\":\"https:\/\/tolio.co.nz\/san-pham\/thung-24-hop-sua-bap-non-lif-180ml\/#breadcrumb\",\"itemListElement\":[{\"@type\":\"ListItem\",\"position\":1,\"name\":\"Home\",\"item\":\"https:\/\/tolio.co.nz\/\"},{\"@type\":\"ListItem\",\"position\":2,\"name\":\"C\u1eeda h\u00e0ng\",\"item\":\"https:\/\/tolio.co.nz\/cua-hang\/\"},{\"@type\":\"ListItem\",\"position\":3,\"name\":\"Th\u00f9ng 24 h\u1ed9p s\u1eefa b\u1eafp non LOF 180ml\"}]},{\"@type\":\"WebSite\",\"@id\":\"https:\/\/tolio.co.nz\/#website\",\"url\":\"https:\/\/tolio.co.nz\/\",\"name\":\"TOLIO\",\"description\":\"Vietnamese Grocery Online\",\"potentialAction\":[{\"@type\":\"SearchAction\",\"target\":{\"@type\":\"EntryPoint\",\"urlTemplate\":\"https:\/\/tolio.co.nz\/?s={search_term_string}\"},\"query-input\":{\"@type\":\"PropertyValueSpecification\",\"valueRequired\":true,\"valueName\":\"search_term_string\"}}],\"inLanguage\":\"en-US\"}]}<\/script>\n<!-- \/ Yoast SEO plugin. -->","yoast_head_json":{"title":"Th\u00f9ng 24 h\u1ed9p s\u1eefa b\u1eafp non LOF 180ml - TOLIO","description":"Th\u01b0\u01a1ng hi\u1ec7u: Lof  Xu\u1ea5t x\u1ee9 th\u01b0\u01a1ng hi\u1ec7u: Vi\u1ec7t Nam  Quy c\u00e1ch \u0111\u00f3ng g\u00f3i: h\u1ed9p 180ml,4 h\u1ed9p\/l\u1ed1c, 24 h\u1ed9p\/th\u00f9ng  L\u01b0u \u00fd: Bao b\u00ec s\u1ea3n ph\u1ea9m c\u00f3 th\u1ec3 thay \u0111\u1ed5i theo t\u1eebng \u0111\u1ee3t nh\u1eadp h\u00e0ng","robots":{"index":"index","follow":"follow","max-snippet":"max-snippet:-1","max-image-preview":"max-image-preview:large","max-video-preview":"max-video-preview:-1"},"canonical":"https:\/\/tolio.co.nz\/en\/product\/24-hops-milk-bap-non-lif-180ml\/","og_locale":"en_US","og_type":"article","og_title":"Th\u00f9ng 24 h\u1ed9p s\u1eefa b\u1eafp non LOF 180ml - TOLIO","og_description":"Th\u01b0\u01a1ng hi\u1ec7u: Lof  Xu\u1ea5t x\u1ee9 th\u01b0\u01a1ng hi\u1ec7u: Vi\u1ec7t Nam  Quy c\u00e1ch \u0111\u00f3ng g\u00f3i: h\u1ed9p 180ml,4 h\u1ed9p\/l\u1ed1c, 24 h\u1ed9p\/th\u00f9ng  L\u01b0u \u00fd: Bao b\u00ec s\u1ea3n ph\u1ea9m c\u00f3 th\u1ec3 thay \u0111\u1ed5i theo t\u1eebng \u0111\u1ee3t nh\u1eadp h\u00e0ng","og_url":"https:\/\/tolio.co.nz\/en\/product\/24-hops-milk-bap-non-lif-180ml\/","og_site_name":"TOLIO","article_modified_time":"2026-04-10T08:29:14+00:00","og_image":[{"width":1000,"height":907,"url":"https:\/\/tolio.co.nz\/wp-content\/uploads\/2022\/01\/197.png","type":"image\/png"}],"twitter_card":"summary_large_image","twitter_misc":{"Est. reading time":"2 minutes"},"schema":{"@context":"https:\/\/schema.org","@graph":[{"@type":"WebPage","@id":"https:\/\/tolio.co.nz\/san-pham\/thung-24-hop-sua-bap-non-lif-180ml\/","url":"https:\/\/tolio.co.nz\/san-pham\/thung-24-hop-sua-bap-non-lif-180ml\/","name":"Th\u00f9ng 24 h\u1ed9p s\u1eefa b\u1eafp non LOF 180ml - TOLIO","isPartOf":{"@id":"https:\/\/tolio.co.nz\/#website"},"primaryImageOfPage":{"@id":"https:\/\/tolio.co.nz\/san-pham\/thung-24-hop-sua-bap-non-lif-180ml\/#primaryimage"},"image":{"@id":"https:\/\/tolio.co.nz\/san-pham\/thung-24-hop-sua-bap-non-lif-180ml\/#primaryimage"},"thumbnailUrl":"https:\/\/tolio.co.nz\/wp-content\/uploads\/2022\/01\/197.png","datePublished":"2022-01-13T12:38:00+00:00","dateModified":"2026-04-10T08:29:14+00:00","description":"Th\u01b0\u01a1ng hi\u1ec7u: Lof Xu\u1ea5t x\u1ee9 th\u01b0\u01a1ng hi\u1ec7u: Vi\u1ec7t Nam Quy c\u00e1ch \u0111\u00f3ng g\u00f3i: h\u1ed9p 180ml,4 h\u1ed9p\/l\u1ed1c, 24 h\u1ed9p\/th\u00f9ng L\u01b0u \u00fd: Bao b\u00ec s\u1ea3n ph\u1ea9m c\u00f3 th\u1ec3 thay \u0111\u1ed5i theo t\u1eebng \u0111\u1ee3t nh\u1eadp h\u00e0ng","breadcrumb":{"@id":"https:\/\/tolio.co.nz\/san-pham\/thung-24-hop-sua-bap-non-lif-180ml\/#breadcrumb"},"inLanguage":"en-US","potentialAction":[{"@type":"ReadAction","target":["https:\/\/tolio.co.nz\/san-pham\/thung-24-hop-sua-bap-non-lif-180ml\/"]}]},{"@type":"ImageObject","inLanguage":"en-US","@id":"https:\/\/tolio.co.nz\/san-pham\/thung-24-hop-sua-bap-non-lif-180ml\/#primaryimage","url":"https:\/\/tolio.co.nz\/wp-content\/uploads\/2022\/01\/197.png","contentUrl":"https:\/\/tolio.co.nz\/wp-content\/uploads\/2022\/01\/197.png","width":1000,"height":907},{"@type":"BreadcrumbList","@id":"https:\/\/tolio.co.nz\/san-pham\/thung-24-hop-sua-bap-non-lif-180ml\/#breadcrumb","itemListElement":[{"@type":"ListItem","position":1,"name":"Home","item":"https:\/\/tolio.co.nz\/"},{"@type":"ListItem","position":2,"name":"C\u1eeda h\u00e0ng","item":"https:\/\/tolio.co.nz\/cua-hang\/"},{"@type":"ListItem","position":3,"name":"Th\u00f9ng 24 h\u1ed9p s\u1eefa b\u1eafp non LOF 180ml"}]},{"@type":"WebSite","@id":"https:\/\/tolio.co.nz\/#website","url":"https:\/\/tolio.co.nz\/","name":"TOLIO","description":"Vietnamese Grocery Online","potentialAction":[{"@type":"SearchAction","target":{"@type":"EntryPoint","urlTemplate":"https:\/\/tolio.co.nz\/?s={search_term_string}"},"query-input":{"@type":"PropertyValueSpecification","valueRequired":true,"valueName":"search_term_string"}}],"inLanguage":"en-US"}]}},"_links":{"self":[{"href":"https:\/\/tolio.co.nz\/en\/wp-json\/wp\/v2\/product\/1803","targetHints":{"allow":["GET"]}}],"collection":[{"href":"https:\/\/tolio.co.nz\/en\/wp-json\/wp\/v2\/product"}],"about":[{"href":"https:\/\/tolio.co.nz\/en\/wp-json\/wp\/v2\/types\/product"}],"replies":[{"embeddable":true,"href":"https:\/\/tolio.co.nz\/en\/wp-json\/wp\/v2\/comments?post=1803"}],"wp:featuredmedia":[{"embeddable":true,"href":"https:\/\/tolio.co.nz\/en\/wp-json\/wp\/v2\/media\/21603"}],"wp:attachment":[{"href":"https:\/\/tolio.co.nz\/en\/wp-json\/wp\/v2\/media?parent=1803"}],"wp:term":[{"taxonomy":"product_brand","embeddable":true,"href":"https:\/\/tolio.co.nz\/en\/wp-json\/wp\/v2\/product_brand?post=1803"},{"taxonomy":"product_cat","embeddable":true,"href":"https:\/\/tolio.co.nz\/en\/wp-json\/wp\/v2\/product_cat?post=1803"},{"taxonomy":"product_tag","embeddable":true,"href":"https:\/\/tolio.co.nz\/en\/wp-json\/wp\/v2\/product_tag?post=1803"}],"curies":[{"name":"wp","href":"https:\/\/api.w.org\/{rel}","templated":true}]}}