{"id":18046,"date":"2024-07-10T05:35:42","date_gmt":"2024-07-09T16:50:42","guid":{"rendered":"https:\/\/tolio.co.nz\/?post_type=product&#038;p=18046"},"modified":"2026-05-05T17:56:02","modified_gmt":"2026-05-05T05:56:02","slug":"set-10-goi-mi-tom-dac-biet-miliket-giay-vang-65g","status":"publish","type":"product","link":"https:\/\/tolio.co.nz\/en\/product\/set-of-10-packages-of-special-toms-milliket-of-65g-wine-shoes\/","title":{"rendered":"Set of 10 packs of Miliket special instant noodles in yellow paper 65g"},"content":{"rendered":"<p><strong>Miliket special instant noodles with yellow paper 65g<\/strong> with shiny, chewy yellow noodles and Miliket noodle soup with rich shrimp flavor and attractive aroma. Miliket special shrimp noodles in yellow paper, economical, convenient, and delicious 65g package, in addition to the usual way of processing, is also very suitable for preparing stir-fried noodle dishes and is especially delicious when eaten with hot pot.<\/p>\n<p><strong>How to Use:<\/strong><\/p>\n<ul>\n<li>Put noodles and seasoning packets in a bowl. Pour about 400ml of boiling water into a bowl of noodles. Close the lid tightly and wait for 3 minutes. Open the lid, mix well and start enjoying.<\/li>\n<\/ul>\n<p><strong>Preserve:<\/strong><\/p>\n<ul>\n<li>Store in a cool, dry place, away from direct sunlight<\/li>\n<\/ul>\n<p><strong>Expiry:<\/strong> 6 months from date of manufacture<\/p>","protected":false},"excerpt":{"rendered":"<ul>\n<li>Brand: Miliket<\/li>\n<li>Brand Country: Viet nam<\/li>\n<li>Packaging: 65g package, set of 10 packages, carton of 30 packages.<\/li>\n<li>Note: Product packaging may change from batch to batch<\/li>\n<\/ul>","protected":false},"featured_media":21993,"comment_status":"open","ping_status":"closed","template":"","meta":[],"product_brand":[],"product_cat":[31,511],"product_tag":[615,531,619],"class_list":{"0":"post-18046","1":"product","2":"type-product","3":"status-publish","4":"has-post-thumbnail","6":"product_cat-hang-moi-ve","7":"product_cat-mi-pho-chao-an-lien","8":"product_tag-mi","9":"product_tag-mi-an-lien","10":"product_tag-miliket","11":"pa_thuong-hieu-miliket","13":"first","14":"instock","15":"shipping-taxable","16":"purchasable","17":"product-type-simple"},"yoast_head":"<!-- This site is optimized with the Yoast SEO plugin v24.4 - https:\/\/yoast.com\/wordpress\/plugins\/seo\/ -->\n<title>Set 10 g\u00f3i m\u00ec t\u00f4m \u0111\u1eb7c bi\u1ec7t Miliket gi\u1ea5y v\u00e0ng 65g - TOLIO<\/title>\n<meta name=\"description\" content=\"Th\u01b0\u01a1ng hi\u1ec7u: Miliket  Xu\u1ea5t x\u1ee9 th\u01b0\u01a1ng hi\u1ec7u: Vi\u1ec7t Nam  Quy c\u00e1ch \u0111\u00f3ng g\u00f3i: g\u00f3i 65g, set 10 g\u00f3i, th\u00f9ng 30 g\u00f3i.  L\u01b0u \u00fd: Bao b\u00ec s\u1ea3n ph\u1ea9m c\u00f3 th\u1ec3 thay \u0111\u1ed5i theo t\u1eebng \u0111\u1ee3t nh\u1eadp h\u00e0ng\" \/>\n<meta name=\"robots\" content=\"index, follow, max-snippet:-1, max-image-preview:large, max-video-preview:-1\" \/>\n<link rel=\"canonical\" href=\"https:\/\/tolio.co.nz\/en\/product\/set-of-10-packages-of-special-toms-milliket-of-65g-wine-shoes\/\" \/>\n<meta property=\"og:locale\" content=\"en_US\" \/>\n<meta property=\"og:type\" content=\"article\" \/>\n<meta property=\"og:title\" content=\"Set 10 g\u00f3i m\u00ec t\u00f4m \u0111\u1eb7c bi\u1ec7t Miliket gi\u1ea5y v\u00e0ng 65g - TOLIO\" \/>\n<meta property=\"og:description\" content=\"Th\u01b0\u01a1ng hi\u1ec7u: Miliket  Xu\u1ea5t x\u1ee9 th\u01b0\u01a1ng hi\u1ec7u: Vi\u1ec7t Nam  Quy c\u00e1ch \u0111\u00f3ng g\u00f3i: g\u00f3i 65g, set 10 g\u00f3i, th\u00f9ng 30 g\u00f3i.  L\u01b0u \u00fd: Bao b\u00ec s\u1ea3n ph\u1ea9m c\u00f3 th\u1ec3 thay \u0111\u1ed5i theo t\u1eebng \u0111\u1ee3t nh\u1eadp h\u00e0ng\" \/>\n<meta property=\"og:url\" content=\"https:\/\/tolio.co.nz\/en\/product\/set-of-10-packages-of-special-toms-milliket-of-65g-wine-shoes\/\" \/>\n<meta property=\"og:site_name\" content=\"TOLIO\" \/>\n<meta property=\"article:modified_time\" content=\"2026-05-05T05:56:02+00:00\" \/>\n<meta property=\"og:image\" content=\"https:\/\/tolio.co.nz\/wp-content\/uploads\/2024\/07\/269.png\" \/>\n\t<meta property=\"og:image:width\" content=\"1000\" \/>\n\t<meta property=\"og:image:height\" content=\"907\" \/>\n\t<meta property=\"og:image:type\" content=\"image\/png\" \/>\n<meta name=\"twitter:card\" content=\"summary_large_image\" \/>\n<meta name=\"twitter:label1\" content=\"Est. reading time\" \/>\n\t<meta name=\"twitter:data1\" content=\"1 minute\" \/>\n<script type=\"application\/ld+json\" class=\"yoast-schema-graph\">{\"@context\":\"https:\/\/schema.org\",\"@graph\":[{\"@type\":\"WebPage\",\"@id\":\"https:\/\/tolio.co.nz\/san-pham\/set-10-goi-mi-tom-dac-biet-miliket-giay-vang-65g\/\",\"url\":\"https:\/\/tolio.co.nz\/san-pham\/set-10-goi-mi-tom-dac-biet-miliket-giay-vang-65g\/\",\"name\":\"Set 10 g\u00f3i m\u00ec t\u00f4m \u0111\u1eb7c bi\u1ec7t Miliket gi\u1ea5y v\u00e0ng 65g - TOLIO\",\"isPartOf\":{\"@id\":\"https:\/\/tolio.co.nz\/#website\"},\"primaryImageOfPage\":{\"@id\":\"https:\/\/tolio.co.nz\/san-pham\/set-10-goi-mi-tom-dac-biet-miliket-giay-vang-65g\/#primaryimage\"},\"image\":{\"@id\":\"https:\/\/tolio.co.nz\/san-pham\/set-10-goi-mi-tom-dac-biet-miliket-giay-vang-65g\/#primaryimage\"},\"thumbnailUrl\":\"https:\/\/tolio.co.nz\/wp-content\/uploads\/2024\/07\/269.png\",\"datePublished\":\"2024-07-09T16:50:42+00:00\",\"dateModified\":\"2026-05-05T05:56:02+00:00\",\"description\":\"Th\u01b0\u01a1ng hi\u1ec7u: Miliket Xu\u1ea5t x\u1ee9 th\u01b0\u01a1ng hi\u1ec7u: Vi\u1ec7t Nam Quy c\u00e1ch \u0111\u00f3ng g\u00f3i: g\u00f3i 65g, set 10 g\u00f3i, th\u00f9ng 30 g\u00f3i. L\u01b0u \u00fd: Bao b\u00ec s\u1ea3n ph\u1ea9m c\u00f3 th\u1ec3 thay \u0111\u1ed5i theo t\u1eebng \u0111\u1ee3t nh\u1eadp h\u00e0ng\",\"breadcrumb\":{\"@id\":\"https:\/\/tolio.co.nz\/san-pham\/set-10-goi-mi-tom-dac-biet-miliket-giay-vang-65g\/#breadcrumb\"},\"inLanguage\":\"en-US\",\"potentialAction\":[{\"@type\":\"ReadAction\",\"target\":[\"https:\/\/tolio.co.nz\/san-pham\/set-10-goi-mi-tom-dac-biet-miliket-giay-vang-65g\/\"]}]},{\"@type\":\"ImageObject\",\"inLanguage\":\"en-US\",\"@id\":\"https:\/\/tolio.co.nz\/san-pham\/set-10-goi-mi-tom-dac-biet-miliket-giay-vang-65g\/#primaryimage\",\"url\":\"https:\/\/tolio.co.nz\/wp-content\/uploads\/2024\/07\/269.png\",\"contentUrl\":\"https:\/\/tolio.co.nz\/wp-content\/uploads\/2024\/07\/269.png\",\"width\":1000,\"height\":907},{\"@type\":\"BreadcrumbList\",\"@id\":\"https:\/\/tolio.co.nz\/san-pham\/set-10-goi-mi-tom-dac-biet-miliket-giay-vang-65g\/#breadcrumb\",\"itemListElement\":[{\"@type\":\"ListItem\",\"position\":1,\"name\":\"Home\",\"item\":\"https:\/\/tolio.co.nz\/\"},{\"@type\":\"ListItem\",\"position\":2,\"name\":\"C\u1eeda h\u00e0ng\",\"item\":\"https:\/\/tolio.co.nz\/cua-hang\/\"},{\"@type\":\"ListItem\",\"position\":3,\"name\":\"Set 10 g\u00f3i m\u00ec t\u00f4m \u0111\u1eb7c bi\u1ec7t Miliket gi\u1ea5y v\u00e0ng 65g\"}]},{\"@type\":\"WebSite\",\"@id\":\"https:\/\/tolio.co.nz\/#website\",\"url\":\"https:\/\/tolio.co.nz\/\",\"name\":\"TOLIO\",\"description\":\"Vietnamese Grocery Online\",\"potentialAction\":[{\"@type\":\"SearchAction\",\"target\":{\"@type\":\"EntryPoint\",\"urlTemplate\":\"https:\/\/tolio.co.nz\/?s={search_term_string}\"},\"query-input\":{\"@type\":\"PropertyValueSpecification\",\"valueRequired\":true,\"valueName\":\"search_term_string\"}}],\"inLanguage\":\"en-US\"}]}<\/script>\n<!-- \/ Yoast SEO plugin. -->","yoast_head_json":{"title":"Set 10 g\u00f3i m\u00ec t\u00f4m \u0111\u1eb7c bi\u1ec7t Miliket gi\u1ea5y v\u00e0ng 65g - TOLIO","description":"Th\u01b0\u01a1ng hi\u1ec7u: Miliket  Xu\u1ea5t x\u1ee9 th\u01b0\u01a1ng hi\u1ec7u: Vi\u1ec7t Nam  Quy c\u00e1ch \u0111\u00f3ng g\u00f3i: g\u00f3i 65g, set 10 g\u00f3i, th\u00f9ng 30 g\u00f3i.  L\u01b0u \u00fd: Bao b\u00ec s\u1ea3n ph\u1ea9m c\u00f3 th\u1ec3 thay \u0111\u1ed5i theo t\u1eebng \u0111\u1ee3t nh\u1eadp h\u00e0ng","robots":{"index":"index","follow":"follow","max-snippet":"max-snippet:-1","max-image-preview":"max-image-preview:large","max-video-preview":"max-video-preview:-1"},"canonical":"https:\/\/tolio.co.nz\/en\/product\/set-of-10-packages-of-special-toms-milliket-of-65g-wine-shoes\/","og_locale":"en_US","og_type":"article","og_title":"Set 10 g\u00f3i m\u00ec t\u00f4m \u0111\u1eb7c bi\u1ec7t Miliket gi\u1ea5y v\u00e0ng 65g - TOLIO","og_description":"Th\u01b0\u01a1ng hi\u1ec7u: Miliket  Xu\u1ea5t x\u1ee9 th\u01b0\u01a1ng hi\u1ec7u: Vi\u1ec7t Nam  Quy c\u00e1ch \u0111\u00f3ng g\u00f3i: g\u00f3i 65g, set 10 g\u00f3i, th\u00f9ng 30 g\u00f3i.  L\u01b0u \u00fd: Bao b\u00ec s\u1ea3n ph\u1ea9m c\u00f3 th\u1ec3 thay \u0111\u1ed5i theo t\u1eebng \u0111\u1ee3t nh\u1eadp h\u00e0ng","og_url":"https:\/\/tolio.co.nz\/en\/product\/set-of-10-packages-of-special-toms-milliket-of-65g-wine-shoes\/","og_site_name":"TOLIO","article_modified_time":"2026-05-05T05:56:02+00:00","og_image":[{"width":1000,"height":907,"url":"https:\/\/tolio.co.nz\/wp-content\/uploads\/2024\/07\/269.png","type":"image\/png"}],"twitter_card":"summary_large_image","twitter_misc":{"Est. reading time":"1 minute"},"schema":{"@context":"https:\/\/schema.org","@graph":[{"@type":"WebPage","@id":"https:\/\/tolio.co.nz\/san-pham\/set-10-goi-mi-tom-dac-biet-miliket-giay-vang-65g\/","url":"https:\/\/tolio.co.nz\/san-pham\/set-10-goi-mi-tom-dac-biet-miliket-giay-vang-65g\/","name":"Set 10 g\u00f3i m\u00ec t\u00f4m \u0111\u1eb7c bi\u1ec7t Miliket gi\u1ea5y v\u00e0ng 65g - TOLIO","isPartOf":{"@id":"https:\/\/tolio.co.nz\/#website"},"primaryImageOfPage":{"@id":"https:\/\/tolio.co.nz\/san-pham\/set-10-goi-mi-tom-dac-biet-miliket-giay-vang-65g\/#primaryimage"},"image":{"@id":"https:\/\/tolio.co.nz\/san-pham\/set-10-goi-mi-tom-dac-biet-miliket-giay-vang-65g\/#primaryimage"},"thumbnailUrl":"https:\/\/tolio.co.nz\/wp-content\/uploads\/2024\/07\/269.png","datePublished":"2024-07-09T16:50:42+00:00","dateModified":"2026-05-05T05:56:02+00:00","description":"Th\u01b0\u01a1ng hi\u1ec7u: Miliket Xu\u1ea5t x\u1ee9 th\u01b0\u01a1ng hi\u1ec7u: Vi\u1ec7t Nam Quy c\u00e1ch \u0111\u00f3ng g\u00f3i: g\u00f3i 65g, set 10 g\u00f3i, th\u00f9ng 30 g\u00f3i. L\u01b0u \u00fd: Bao b\u00ec s\u1ea3n ph\u1ea9m c\u00f3 th\u1ec3 thay \u0111\u1ed5i theo t\u1eebng \u0111\u1ee3t nh\u1eadp h\u00e0ng","breadcrumb":{"@id":"https:\/\/tolio.co.nz\/san-pham\/set-10-goi-mi-tom-dac-biet-miliket-giay-vang-65g\/#breadcrumb"},"inLanguage":"en-US","potentialAction":[{"@type":"ReadAction","target":["https:\/\/tolio.co.nz\/san-pham\/set-10-goi-mi-tom-dac-biet-miliket-giay-vang-65g\/"]}]},{"@type":"ImageObject","inLanguage":"en-US","@id":"https:\/\/tolio.co.nz\/san-pham\/set-10-goi-mi-tom-dac-biet-miliket-giay-vang-65g\/#primaryimage","url":"https:\/\/tolio.co.nz\/wp-content\/uploads\/2024\/07\/269.png","contentUrl":"https:\/\/tolio.co.nz\/wp-content\/uploads\/2024\/07\/269.png","width":1000,"height":907},{"@type":"BreadcrumbList","@id":"https:\/\/tolio.co.nz\/san-pham\/set-10-goi-mi-tom-dac-biet-miliket-giay-vang-65g\/#breadcrumb","itemListElement":[{"@type":"ListItem","position":1,"name":"Home","item":"https:\/\/tolio.co.nz\/"},{"@type":"ListItem","position":2,"name":"C\u1eeda h\u00e0ng","item":"https:\/\/tolio.co.nz\/cua-hang\/"},{"@type":"ListItem","position":3,"name":"Set 10 g\u00f3i m\u00ec t\u00f4m \u0111\u1eb7c bi\u1ec7t Miliket gi\u1ea5y v\u00e0ng 65g"}]},{"@type":"WebSite","@id":"https:\/\/tolio.co.nz\/#website","url":"https:\/\/tolio.co.nz\/","name":"TOLIO","description":"Vietnamese Grocery Online","potentialAction":[{"@type":"SearchAction","target":{"@type":"EntryPoint","urlTemplate":"https:\/\/tolio.co.nz\/?s={search_term_string}"},"query-input":{"@type":"PropertyValueSpecification","valueRequired":true,"valueName":"search_term_string"}}],"inLanguage":"en-US"}]}},"_links":{"self":[{"href":"https:\/\/tolio.co.nz\/en\/wp-json\/wp\/v2\/product\/18046","targetHints":{"allow":["GET"]}}],"collection":[{"href":"https:\/\/tolio.co.nz\/en\/wp-json\/wp\/v2\/product"}],"about":[{"href":"https:\/\/tolio.co.nz\/en\/wp-json\/wp\/v2\/types\/product"}],"replies":[{"embeddable":true,"href":"https:\/\/tolio.co.nz\/en\/wp-json\/wp\/v2\/comments?post=18046"}],"wp:featuredmedia":[{"embeddable":true,"href":"https:\/\/tolio.co.nz\/en\/wp-json\/wp\/v2\/media\/21993"}],"wp:attachment":[{"href":"https:\/\/tolio.co.nz\/en\/wp-json\/wp\/v2\/media?parent=18046"}],"wp:term":[{"taxonomy":"product_brand","embeddable":true,"href":"https:\/\/tolio.co.nz\/en\/wp-json\/wp\/v2\/product_brand?post=18046"},{"taxonomy":"product_cat","embeddable":true,"href":"https:\/\/tolio.co.nz\/en\/wp-json\/wp\/v2\/product_cat?post=18046"},{"taxonomy":"product_tag","embeddable":true,"href":"https:\/\/tolio.co.nz\/en\/wp-json\/wp\/v2\/product_tag?post=18046"}],"curies":[{"name":"wp","href":"https:\/\/api.w.org\/{rel}","templated":true}]}}