{"id":18074,"date":"2024-07-10T13:33:58","date_gmt":"2024-07-10T00:48:58","guid":{"rendered":"https:\/\/tolio.co.nz\/?post_type=product&#038;p=18074"},"modified":"2026-05-05T14:19:01","modified_gmt":"2026-05-05T02:19:01","slug":"khau-trang-y-te-4-lop-mau-xanh-duong-hop-50-cai","status":"publish","type":"product","link":"https:\/\/tolio.co.nz\/en\/product\/medical-jewelry-box-4-packs-of-green-color-50-pieces\/","title":{"rendered":"Blue 4-Layer Medical Face Masks, Box of 50"},"content":{"rendered":"<p><strong>Blue 4-Layer Medical Face Masks, Box of 50 <\/strong>Made of 4 layers of fabric: 2 layers of waterproof non-woven fabric on the outside, a microfiltration layer, and an anti-mold moisture-absorbing layer on the inside. The air filter fabric layer is waterproof, highly breathable, and does not cause skin irritation. The paper layer is of natural origin and the easy-to-shape nose bar helps fix the mask and creates tightness, hugging the entire face. 4-layer medical mask prevents bacteria, dust and environmental pollution.<\/p>\n<p><strong>How to Use:<\/strong><\/p>\n<ul>\n<li>Peel off the packaging, take out the mask, attach 2 straps to the ears, gently pull the mask to cover the nose, mouth, chin and use your hand to squeeze the nose splint to fit the bridge of the nose.<\/li>\n<\/ul>\n<p><strong>Preserve:<\/strong><\/p>\n<ul>\n<li>Preserved in dry, cool place<\/li>\n<\/ul>\n<p><strong>Expiry:<\/strong> 03 years from date of manufacture<\/p>\n<p>&nbsp;<\/p>","protected":false},"excerpt":{"rendered":"<ul>\n<li>Brand: Vietnam<\/li>\n<li>Brand Country: Viet nam<\/li>\n<li>Packaging: 50 pieces\/box, 50 boxes\/carton<\/li>\n<li>Note: Product packaging may change from batch to batch<\/li>\n<\/ul>","protected":false},"featured_media":31655,"comment_status":"open","ping_status":"closed","template":"","meta":[],"product_brand":[],"product_cat":[31,49],"product_tag":[936],"class_list":{"0":"post-18074","1":"product","2":"type-product","3":"status-publish","4":"has-post-thumbnail","6":"product_cat-hang-moi-ve","7":"product_cat-san-pham-khac","8":"product_tag-khau-trang-y-te","10":"first","11":"instock","12":"shipping-taxable","13":"purchasable","14":"product-type-simple"},"yoast_head":"<!-- This site is optimized with the Yoast SEO plugin v24.4 - https:\/\/yoast.com\/wordpress\/plugins\/seo\/ -->\n<title>Kh\u1ea9u trang y t\u1ebf 4 l\u1edbp m\u00e0u xanh d\u01b0\u01a1ng h\u1ed9p 50 c\u00e1i - TOLIO<\/title>\n<meta name=\"description\" content=\"Th\u01b0\u01a1ng hi\u1ec7u: Vi\u1ec7t Nam  Xu\u1ea5t x\u1ee9 th\u01b0\u01a1ng hi\u1ec7u: Vi\u1ec7t Nam  Quy c\u00e1ch \u0111\u00f3ng g\u00f3i: 50 c\u00e1i\/h\u1ed9p, 50 h\u1ed9p\/ th\u00f9ng  L\u01b0u \u00fd: Bao b\u00ec s\u1ea3n ph\u1ea9m c\u00f3 th\u1ec3 thay \u0111\u1ed5i theo t\u1eebng \u0111\u1ee3t nh\u1eadp h\u00e0ng\" \/>\n<meta name=\"robots\" content=\"index, follow, max-snippet:-1, max-image-preview:large, max-video-preview:-1\" \/>\n<link rel=\"canonical\" href=\"https:\/\/tolio.co.nz\/en\/product\/medical-jewelry-box-4-packs-of-green-color-50-pieces\/\" \/>\n<meta property=\"og:locale\" content=\"en_US\" \/>\n<meta property=\"og:type\" content=\"article\" \/>\n<meta property=\"og:title\" content=\"Kh\u1ea9u trang y t\u1ebf 4 l\u1edbp m\u00e0u xanh d\u01b0\u01a1ng h\u1ed9p 50 c\u00e1i - TOLIO\" \/>\n<meta property=\"og:description\" content=\"Th\u01b0\u01a1ng hi\u1ec7u: Vi\u1ec7t Nam  Xu\u1ea5t x\u1ee9 th\u01b0\u01a1ng hi\u1ec7u: Vi\u1ec7t Nam  Quy c\u00e1ch \u0111\u00f3ng g\u00f3i: 50 c\u00e1i\/h\u1ed9p, 50 h\u1ed9p\/ th\u00f9ng  L\u01b0u \u00fd: Bao b\u00ec s\u1ea3n ph\u1ea9m c\u00f3 th\u1ec3 thay \u0111\u1ed5i theo t\u1eebng \u0111\u1ee3t nh\u1eadp h\u00e0ng\" \/>\n<meta property=\"og:url\" content=\"https:\/\/tolio.co.nz\/en\/product\/medical-jewelry-box-4-packs-of-green-color-50-pieces\/\" \/>\n<meta property=\"og:site_name\" content=\"TOLIO\" \/>\n<meta property=\"article:modified_time\" content=\"2026-05-05T02:19:01+00:00\" \/>\n<meta property=\"og:image\" content=\"https:\/\/tolio.co.nz\/wp-content\/uploads\/2024\/07\/135.png\" \/>\n\t<meta property=\"og:image:width\" content=\"1000\" \/>\n\t<meta property=\"og:image:height\" content=\"907\" \/>\n\t<meta property=\"og:image:type\" content=\"image\/png\" \/>\n<meta name=\"twitter:card\" content=\"summary_large_image\" \/>\n<meta name=\"twitter:label1\" content=\"Est. reading time\" \/>\n\t<meta name=\"twitter:data1\" content=\"1 minute\" \/>\n<script type=\"application\/ld+json\" class=\"yoast-schema-graph\">{\"@context\":\"https:\/\/schema.org\",\"@graph\":[{\"@type\":\"WebPage\",\"@id\":\"https:\/\/tolio.co.nz\/san-pham\/khau-trang-y-te-4-lop-mau-xanh-duong-hop-50-cai\/\",\"url\":\"https:\/\/tolio.co.nz\/san-pham\/khau-trang-y-te-4-lop-mau-xanh-duong-hop-50-cai\/\",\"name\":\"Kh\u1ea9u trang y t\u1ebf 4 l\u1edbp m\u00e0u xanh d\u01b0\u01a1ng h\u1ed9p 50 c\u00e1i - TOLIO\",\"isPartOf\":{\"@id\":\"https:\/\/tolio.co.nz\/#website\"},\"primaryImageOfPage\":{\"@id\":\"https:\/\/tolio.co.nz\/san-pham\/khau-trang-y-te-4-lop-mau-xanh-duong-hop-50-cai\/#primaryimage\"},\"image\":{\"@id\":\"https:\/\/tolio.co.nz\/san-pham\/khau-trang-y-te-4-lop-mau-xanh-duong-hop-50-cai\/#primaryimage\"},\"thumbnailUrl\":\"https:\/\/tolio.co.nz\/wp-content\/uploads\/2024\/07\/135.png\",\"datePublished\":\"2024-07-10T00:48:58+00:00\",\"dateModified\":\"2026-05-05T02:19:01+00:00\",\"description\":\"Th\u01b0\u01a1ng hi\u1ec7u: Vi\u1ec7t Nam Xu\u1ea5t x\u1ee9 th\u01b0\u01a1ng hi\u1ec7u: Vi\u1ec7t Nam Quy c\u00e1ch \u0111\u00f3ng g\u00f3i: 50 c\u00e1i\/h\u1ed9p, 50 h\u1ed9p\/ th\u00f9ng L\u01b0u \u00fd: Bao b\u00ec s\u1ea3n ph\u1ea9m c\u00f3 th\u1ec3 thay \u0111\u1ed5i theo t\u1eebng \u0111\u1ee3t nh\u1eadp h\u00e0ng\",\"breadcrumb\":{\"@id\":\"https:\/\/tolio.co.nz\/san-pham\/khau-trang-y-te-4-lop-mau-xanh-duong-hop-50-cai\/#breadcrumb\"},\"inLanguage\":\"en-US\",\"potentialAction\":[{\"@type\":\"ReadAction\",\"target\":[\"https:\/\/tolio.co.nz\/san-pham\/khau-trang-y-te-4-lop-mau-xanh-duong-hop-50-cai\/\"]}]},{\"@type\":\"ImageObject\",\"inLanguage\":\"en-US\",\"@id\":\"https:\/\/tolio.co.nz\/san-pham\/khau-trang-y-te-4-lop-mau-xanh-duong-hop-50-cai\/#primaryimage\",\"url\":\"https:\/\/tolio.co.nz\/wp-content\/uploads\/2024\/07\/135.png\",\"contentUrl\":\"https:\/\/tolio.co.nz\/wp-content\/uploads\/2024\/07\/135.png\",\"width\":1000,\"height\":907},{\"@type\":\"BreadcrumbList\",\"@id\":\"https:\/\/tolio.co.nz\/san-pham\/khau-trang-y-te-4-lop-mau-xanh-duong-hop-50-cai\/#breadcrumb\",\"itemListElement\":[{\"@type\":\"ListItem\",\"position\":1,\"name\":\"Home\",\"item\":\"https:\/\/tolio.co.nz\/\"},{\"@type\":\"ListItem\",\"position\":2,\"name\":\"C\u1eeda h\u00e0ng\",\"item\":\"https:\/\/tolio.co.nz\/cua-hang\/\"},{\"@type\":\"ListItem\",\"position\":3,\"name\":\"Kh\u1ea9u trang y t\u1ebf 4 l\u1edbp m\u00e0u xanh d\u01b0\u01a1ng h\u1ed9p 50 c\u00e1i\"}]},{\"@type\":\"WebSite\",\"@id\":\"https:\/\/tolio.co.nz\/#website\",\"url\":\"https:\/\/tolio.co.nz\/\",\"name\":\"TOLIO\",\"description\":\"Vietnamese Grocery Online\",\"potentialAction\":[{\"@type\":\"SearchAction\",\"target\":{\"@type\":\"EntryPoint\",\"urlTemplate\":\"https:\/\/tolio.co.nz\/?s={search_term_string}\"},\"query-input\":{\"@type\":\"PropertyValueSpecification\",\"valueRequired\":true,\"valueName\":\"search_term_string\"}}],\"inLanguage\":\"en-US\"}]}<\/script>\n<!-- \/ Yoast SEO plugin. -->","yoast_head_json":{"title":"Kh\u1ea9u trang y t\u1ebf 4 l\u1edbp m\u00e0u xanh d\u01b0\u01a1ng h\u1ed9p 50 c\u00e1i - TOLIO","description":"Th\u01b0\u01a1ng hi\u1ec7u: Vi\u1ec7t Nam  Xu\u1ea5t x\u1ee9 th\u01b0\u01a1ng hi\u1ec7u: Vi\u1ec7t Nam  Quy c\u00e1ch \u0111\u00f3ng g\u00f3i: 50 c\u00e1i\/h\u1ed9p, 50 h\u1ed9p\/ th\u00f9ng  L\u01b0u \u00fd: Bao b\u00ec s\u1ea3n ph\u1ea9m c\u00f3 th\u1ec3 thay \u0111\u1ed5i theo t\u1eebng \u0111\u1ee3t nh\u1eadp h\u00e0ng","robots":{"index":"index","follow":"follow","max-snippet":"max-snippet:-1","max-image-preview":"max-image-preview:large","max-video-preview":"max-video-preview:-1"},"canonical":"https:\/\/tolio.co.nz\/en\/product\/medical-jewelry-box-4-packs-of-green-color-50-pieces\/","og_locale":"en_US","og_type":"article","og_title":"Kh\u1ea9u trang y t\u1ebf 4 l\u1edbp m\u00e0u xanh d\u01b0\u01a1ng h\u1ed9p 50 c\u00e1i - TOLIO","og_description":"Th\u01b0\u01a1ng hi\u1ec7u: Vi\u1ec7t Nam  Xu\u1ea5t x\u1ee9 th\u01b0\u01a1ng hi\u1ec7u: Vi\u1ec7t Nam  Quy c\u00e1ch \u0111\u00f3ng g\u00f3i: 50 c\u00e1i\/h\u1ed9p, 50 h\u1ed9p\/ th\u00f9ng  L\u01b0u \u00fd: Bao b\u00ec s\u1ea3n ph\u1ea9m c\u00f3 th\u1ec3 thay \u0111\u1ed5i theo t\u1eebng \u0111\u1ee3t nh\u1eadp h\u00e0ng","og_url":"https:\/\/tolio.co.nz\/en\/product\/medical-jewelry-box-4-packs-of-green-color-50-pieces\/","og_site_name":"TOLIO","article_modified_time":"2026-05-05T02:19:01+00:00","og_image":[{"width":1000,"height":907,"url":"https:\/\/tolio.co.nz\/wp-content\/uploads\/2024\/07\/135.png","type":"image\/png"}],"twitter_card":"summary_large_image","twitter_misc":{"Est. reading time":"1 minute"},"schema":{"@context":"https:\/\/schema.org","@graph":[{"@type":"WebPage","@id":"https:\/\/tolio.co.nz\/san-pham\/khau-trang-y-te-4-lop-mau-xanh-duong-hop-50-cai\/","url":"https:\/\/tolio.co.nz\/san-pham\/khau-trang-y-te-4-lop-mau-xanh-duong-hop-50-cai\/","name":"Kh\u1ea9u trang y t\u1ebf 4 l\u1edbp m\u00e0u xanh d\u01b0\u01a1ng h\u1ed9p 50 c\u00e1i - TOLIO","isPartOf":{"@id":"https:\/\/tolio.co.nz\/#website"},"primaryImageOfPage":{"@id":"https:\/\/tolio.co.nz\/san-pham\/khau-trang-y-te-4-lop-mau-xanh-duong-hop-50-cai\/#primaryimage"},"image":{"@id":"https:\/\/tolio.co.nz\/san-pham\/khau-trang-y-te-4-lop-mau-xanh-duong-hop-50-cai\/#primaryimage"},"thumbnailUrl":"https:\/\/tolio.co.nz\/wp-content\/uploads\/2024\/07\/135.png","datePublished":"2024-07-10T00:48:58+00:00","dateModified":"2026-05-05T02:19:01+00:00","description":"Th\u01b0\u01a1ng hi\u1ec7u: Vi\u1ec7t Nam Xu\u1ea5t x\u1ee9 th\u01b0\u01a1ng hi\u1ec7u: Vi\u1ec7t Nam Quy c\u00e1ch \u0111\u00f3ng g\u00f3i: 50 c\u00e1i\/h\u1ed9p, 50 h\u1ed9p\/ th\u00f9ng L\u01b0u \u00fd: Bao b\u00ec s\u1ea3n ph\u1ea9m c\u00f3 th\u1ec3 thay \u0111\u1ed5i theo t\u1eebng \u0111\u1ee3t nh\u1eadp h\u00e0ng","breadcrumb":{"@id":"https:\/\/tolio.co.nz\/san-pham\/khau-trang-y-te-4-lop-mau-xanh-duong-hop-50-cai\/#breadcrumb"},"inLanguage":"en-US","potentialAction":[{"@type":"ReadAction","target":["https:\/\/tolio.co.nz\/san-pham\/khau-trang-y-te-4-lop-mau-xanh-duong-hop-50-cai\/"]}]},{"@type":"ImageObject","inLanguage":"en-US","@id":"https:\/\/tolio.co.nz\/san-pham\/khau-trang-y-te-4-lop-mau-xanh-duong-hop-50-cai\/#primaryimage","url":"https:\/\/tolio.co.nz\/wp-content\/uploads\/2024\/07\/135.png","contentUrl":"https:\/\/tolio.co.nz\/wp-content\/uploads\/2024\/07\/135.png","width":1000,"height":907},{"@type":"BreadcrumbList","@id":"https:\/\/tolio.co.nz\/san-pham\/khau-trang-y-te-4-lop-mau-xanh-duong-hop-50-cai\/#breadcrumb","itemListElement":[{"@type":"ListItem","position":1,"name":"Home","item":"https:\/\/tolio.co.nz\/"},{"@type":"ListItem","position":2,"name":"C\u1eeda h\u00e0ng","item":"https:\/\/tolio.co.nz\/cua-hang\/"},{"@type":"ListItem","position":3,"name":"Kh\u1ea9u trang y t\u1ebf 4 l\u1edbp m\u00e0u xanh d\u01b0\u01a1ng h\u1ed9p 50 c\u00e1i"}]},{"@type":"WebSite","@id":"https:\/\/tolio.co.nz\/#website","url":"https:\/\/tolio.co.nz\/","name":"TOLIO","description":"Vietnamese Grocery Online","potentialAction":[{"@type":"SearchAction","target":{"@type":"EntryPoint","urlTemplate":"https:\/\/tolio.co.nz\/?s={search_term_string}"},"query-input":{"@type":"PropertyValueSpecification","valueRequired":true,"valueName":"search_term_string"}}],"inLanguage":"en-US"}]}},"_links":{"self":[{"href":"https:\/\/tolio.co.nz\/en\/wp-json\/wp\/v2\/product\/18074","targetHints":{"allow":["GET"]}}],"collection":[{"href":"https:\/\/tolio.co.nz\/en\/wp-json\/wp\/v2\/product"}],"about":[{"href":"https:\/\/tolio.co.nz\/en\/wp-json\/wp\/v2\/types\/product"}],"replies":[{"embeddable":true,"href":"https:\/\/tolio.co.nz\/en\/wp-json\/wp\/v2\/comments?post=18074"}],"wp:featuredmedia":[{"embeddable":true,"href":"https:\/\/tolio.co.nz\/en\/wp-json\/wp\/v2\/media\/31655"}],"wp:attachment":[{"href":"https:\/\/tolio.co.nz\/en\/wp-json\/wp\/v2\/media?parent=18074"}],"wp:term":[{"taxonomy":"product_brand","embeddable":true,"href":"https:\/\/tolio.co.nz\/en\/wp-json\/wp\/v2\/product_brand?post=18074"},{"taxonomy":"product_cat","embeddable":true,"href":"https:\/\/tolio.co.nz\/en\/wp-json\/wp\/v2\/product_cat?post=18074"},{"taxonomy":"product_tag","embeddable":true,"href":"https:\/\/tolio.co.nz\/en\/wp-json\/wp\/v2\/product_tag?post=18074"}],"curies":[{"name":"wp","href":"https:\/\/api.w.org\/{rel}","templated":true}]}}