{"id":18085,"date":"2024-07-10T14:11:34","date_gmt":"2024-07-10T01:26:34","guid":{"rendered":"https:\/\/tolio.co.nz\/?post_type=product&#038;p=18085"},"modified":"2026-03-31T21:11:57","modified_gmt":"2026-03-31T09:11:57","slug":"gang-tay-y-te-khong-bot-vglove-size-s-hop-100-cai-50-cap","status":"publish","type":"product","link":"https:\/\/tolio.co.nz\/en\/product\/vglove-non-bottled-medical-gloves-size-s-100-pieces-50-caps\/","title":{"rendered":"VGlove powder-free medical gloves size S box of 100 pieces (50 pairs)"},"content":{"rendered":"<p><strong>VGlove powder-free medical gloves size S<\/strong> Made from 100% natural rubber, protects your hands from unwanted or dangerous substances, providing a soft, natural fit for your hands. VGlove powder-free medical gloves have rolled wrist edges, making it easier to put on gloves.<\/p>\n<p><strong>How to Use:\u00a0<\/strong><\/p>\n<ul>\n<li>Check your hands and choose the right size, wash your hands before putting on gloves<\/li>\n<\/ul>\n<p><strong>Preserve:\u00a0<\/strong><\/p>\n<ul>\n<li>Store in a cool, dry place, away from direct sunlight and environments with high temperatures above 38 degrees Celsius.<\/li>\n<\/ul>\n<p><strong>Expiry:<\/strong> 05 years from date of manufacture<\/p>","protected":false},"excerpt":{"rendered":"<ul>\n<li>Brand: Vglove<\/li>\n<li>Brand Country: Viet nam<\/li>\n<li>Packaging: 100 pieces (50 pairs)\/box<\/li>\n<li>Note: Product packaging may change from batch to batch<\/li>\n<\/ul>","protected":false},"featured_media":20632,"comment_status":"open","ping_status":"closed","template":"","meta":[],"product_brand":[],"product_cat":[31,49],"product_tag":[938],"class_list":{"0":"post-18085","1":"product","2":"type-product","3":"status-publish","4":"has-post-thumbnail","6":"product_cat-hang-moi-ve","7":"product_cat-san-pham-khac","8":"product_tag-gang-tay","9":"pa_thuong-hieu-vglove","11":"first","12":"instock","13":"shipping-taxable","14":"purchasable","15":"product-type-simple"},"yoast_head":"<!-- This site is optimized with the Yoast SEO plugin v24.4 - https:\/\/yoast.com\/wordpress\/plugins\/seo\/ -->\n<title>G\u0103ng tay y t\u1ebf kh\u00f4ng b\u1ed9t VGlove size S h\u1ed9p 100 c\u00e1i (50 c\u1eb7p) - TOLIO<\/title>\n<meta name=\"description\" content=\"Th\u01b0\u01a1ng hi\u1ec7u: Vglove  Xu\u1ea5t x\u1ee9 th\u01b0\u01a1ng hi\u1ec7u: Vi\u1ec7t Nam  Quy c\u00e1ch \u0111\u00f3ng g\u00f3i: 100 c\u00e1i (50 \u0111\u00f4i)\/ h\u1ed9p  L\u01b0u \u00fd: Bao b\u00ec s\u1ea3n ph\u1ea9m c\u00f3 th\u1ec3 thay \u0111\u1ed5i theo t\u1eebng \u0111\u1ee3t nh\u1eadp h\u00e0ng\" \/>\n<meta name=\"robots\" content=\"index, follow, max-snippet:-1, max-image-preview:large, max-video-preview:-1\" \/>\n<link rel=\"canonical\" href=\"https:\/\/tolio.co.nz\/en\/product\/vglove-non-bottled-medical-gloves-size-s-100-pieces-50-caps\/\" \/>\n<meta property=\"og:locale\" content=\"en_US\" \/>\n<meta property=\"og:type\" content=\"article\" \/>\n<meta property=\"og:title\" content=\"G\u0103ng tay y t\u1ebf kh\u00f4ng b\u1ed9t VGlove size S h\u1ed9p 100 c\u00e1i (50 c\u1eb7p) - TOLIO\" \/>\n<meta property=\"og:description\" content=\"Th\u01b0\u01a1ng hi\u1ec7u: Vglove  Xu\u1ea5t x\u1ee9 th\u01b0\u01a1ng hi\u1ec7u: Vi\u1ec7t Nam  Quy c\u00e1ch \u0111\u00f3ng g\u00f3i: 100 c\u00e1i (50 \u0111\u00f4i)\/ h\u1ed9p  L\u01b0u \u00fd: Bao b\u00ec s\u1ea3n ph\u1ea9m c\u00f3 th\u1ec3 thay \u0111\u1ed5i theo t\u1eebng \u0111\u1ee3t nh\u1eadp h\u00e0ng\" \/>\n<meta property=\"og:url\" content=\"https:\/\/tolio.co.nz\/en\/product\/vglove-non-bottled-medical-gloves-size-s-100-pieces-50-caps\/\" \/>\n<meta property=\"og:site_name\" content=\"TOLIO\" \/>\n<meta property=\"article:modified_time\" content=\"2026-03-31T09:11:57+00:00\" \/>\n<meta property=\"og:image\" content=\"https:\/\/tolio.co.nz\/wp-content\/uploads\/2024\/07\/178-1.png\" \/>\n\t<meta property=\"og:image:width\" content=\"1000\" \/>\n\t<meta property=\"og:image:height\" content=\"907\" \/>\n\t<meta property=\"og:image:type\" content=\"image\/png\" \/>\n<meta name=\"twitter:card\" content=\"summary_large_image\" \/>\n<meta name=\"twitter:label1\" content=\"Est. reading time\" \/>\n\t<meta name=\"twitter:data1\" content=\"1 minute\" \/>\n<script type=\"application\/ld+json\" class=\"yoast-schema-graph\">{\"@context\":\"https:\/\/schema.org\",\"@graph\":[{\"@type\":\"WebPage\",\"@id\":\"https:\/\/tolio.co.nz\/san-pham\/gang-tay-y-te-khong-bot-vglove-size-s-hop-100-cai-50-cap\/\",\"url\":\"https:\/\/tolio.co.nz\/san-pham\/gang-tay-y-te-khong-bot-vglove-size-s-hop-100-cai-50-cap\/\",\"name\":\"G\u0103ng tay y t\u1ebf kh\u00f4ng b\u1ed9t VGlove size S h\u1ed9p 100 c\u00e1i (50 c\u1eb7p) - TOLIO\",\"isPartOf\":{\"@id\":\"https:\/\/tolio.co.nz\/#website\"},\"primaryImageOfPage\":{\"@id\":\"https:\/\/tolio.co.nz\/san-pham\/gang-tay-y-te-khong-bot-vglove-size-s-hop-100-cai-50-cap\/#primaryimage\"},\"image\":{\"@id\":\"https:\/\/tolio.co.nz\/san-pham\/gang-tay-y-te-khong-bot-vglove-size-s-hop-100-cai-50-cap\/#primaryimage\"},\"thumbnailUrl\":\"https:\/\/tolio.co.nz\/wp-content\/uploads\/2024\/07\/178-1.png\",\"datePublished\":\"2024-07-10T01:26:34+00:00\",\"dateModified\":\"2026-03-31T09:11:57+00:00\",\"description\":\"Th\u01b0\u01a1ng hi\u1ec7u: Vglove Xu\u1ea5t x\u1ee9 th\u01b0\u01a1ng hi\u1ec7u: Vi\u1ec7t Nam Quy c\u00e1ch \u0111\u00f3ng g\u00f3i: 100 c\u00e1i (50 \u0111\u00f4i)\/ h\u1ed9p L\u01b0u \u00fd: Bao b\u00ec s\u1ea3n ph\u1ea9m c\u00f3 th\u1ec3 thay \u0111\u1ed5i theo t\u1eebng \u0111\u1ee3t nh\u1eadp h\u00e0ng\",\"breadcrumb\":{\"@id\":\"https:\/\/tolio.co.nz\/san-pham\/gang-tay-y-te-khong-bot-vglove-size-s-hop-100-cai-50-cap\/#breadcrumb\"},\"inLanguage\":\"en-US\",\"potentialAction\":[{\"@type\":\"ReadAction\",\"target\":[\"https:\/\/tolio.co.nz\/san-pham\/gang-tay-y-te-khong-bot-vglove-size-s-hop-100-cai-50-cap\/\"]}]},{\"@type\":\"ImageObject\",\"inLanguage\":\"en-US\",\"@id\":\"https:\/\/tolio.co.nz\/san-pham\/gang-tay-y-te-khong-bot-vglove-size-s-hop-100-cai-50-cap\/#primaryimage\",\"url\":\"https:\/\/tolio.co.nz\/wp-content\/uploads\/2024\/07\/178-1.png\",\"contentUrl\":\"https:\/\/tolio.co.nz\/wp-content\/uploads\/2024\/07\/178-1.png\",\"width\":1000,\"height\":907},{\"@type\":\"BreadcrumbList\",\"@id\":\"https:\/\/tolio.co.nz\/san-pham\/gang-tay-y-te-khong-bot-vglove-size-s-hop-100-cai-50-cap\/#breadcrumb\",\"itemListElement\":[{\"@type\":\"ListItem\",\"position\":1,\"name\":\"Home\",\"item\":\"https:\/\/tolio.co.nz\/\"},{\"@type\":\"ListItem\",\"position\":2,\"name\":\"C\u1eeda h\u00e0ng\",\"item\":\"https:\/\/tolio.co.nz\/cua-hang\/\"},{\"@type\":\"ListItem\",\"position\":3,\"name\":\"G\u0103ng tay y t\u1ebf kh\u00f4ng b\u1ed9t VGlove size S h\u1ed9p 100 c\u00e1i (50 c\u1eb7p)\"}]},{\"@type\":\"WebSite\",\"@id\":\"https:\/\/tolio.co.nz\/#website\",\"url\":\"https:\/\/tolio.co.nz\/\",\"name\":\"TOLIO\",\"description\":\"Vietnamese Grocery Online\",\"potentialAction\":[{\"@type\":\"SearchAction\",\"target\":{\"@type\":\"EntryPoint\",\"urlTemplate\":\"https:\/\/tolio.co.nz\/?s={search_term_string}\"},\"query-input\":{\"@type\":\"PropertyValueSpecification\",\"valueRequired\":true,\"valueName\":\"search_term_string\"}}],\"inLanguage\":\"en-US\"}]}<\/script>\n<!-- \/ Yoast SEO plugin. -->","yoast_head_json":{"title":"G\u0103ng tay y t\u1ebf kh\u00f4ng b\u1ed9t VGlove size S h\u1ed9p 100 c\u00e1i (50 c\u1eb7p) - TOLIO","description":"Th\u01b0\u01a1ng hi\u1ec7u: Vglove  Xu\u1ea5t x\u1ee9 th\u01b0\u01a1ng hi\u1ec7u: Vi\u1ec7t Nam  Quy c\u00e1ch \u0111\u00f3ng g\u00f3i: 100 c\u00e1i (50 \u0111\u00f4i)\/ h\u1ed9p  L\u01b0u \u00fd: Bao b\u00ec s\u1ea3n ph\u1ea9m c\u00f3 th\u1ec3 thay \u0111\u1ed5i theo t\u1eebng \u0111\u1ee3t nh\u1eadp h\u00e0ng","robots":{"index":"index","follow":"follow","max-snippet":"max-snippet:-1","max-image-preview":"max-image-preview:large","max-video-preview":"max-video-preview:-1"},"canonical":"https:\/\/tolio.co.nz\/en\/product\/vglove-non-bottled-medical-gloves-size-s-100-pieces-50-caps\/","og_locale":"en_US","og_type":"article","og_title":"G\u0103ng tay y t\u1ebf kh\u00f4ng b\u1ed9t VGlove size S h\u1ed9p 100 c\u00e1i (50 c\u1eb7p) - TOLIO","og_description":"Th\u01b0\u01a1ng hi\u1ec7u: Vglove  Xu\u1ea5t x\u1ee9 th\u01b0\u01a1ng hi\u1ec7u: Vi\u1ec7t Nam  Quy c\u00e1ch \u0111\u00f3ng g\u00f3i: 100 c\u00e1i (50 \u0111\u00f4i)\/ h\u1ed9p  L\u01b0u \u00fd: Bao b\u00ec s\u1ea3n ph\u1ea9m c\u00f3 th\u1ec3 thay \u0111\u1ed5i theo t\u1eebng \u0111\u1ee3t nh\u1eadp h\u00e0ng","og_url":"https:\/\/tolio.co.nz\/en\/product\/vglove-non-bottled-medical-gloves-size-s-100-pieces-50-caps\/","og_site_name":"TOLIO","article_modified_time":"2026-03-31T09:11:57+00:00","og_image":[{"width":1000,"height":907,"url":"https:\/\/tolio.co.nz\/wp-content\/uploads\/2024\/07\/178-1.png","type":"image\/png"}],"twitter_card":"summary_large_image","twitter_misc":{"Est. reading time":"1 minute"},"schema":{"@context":"https:\/\/schema.org","@graph":[{"@type":"WebPage","@id":"https:\/\/tolio.co.nz\/san-pham\/gang-tay-y-te-khong-bot-vglove-size-s-hop-100-cai-50-cap\/","url":"https:\/\/tolio.co.nz\/san-pham\/gang-tay-y-te-khong-bot-vglove-size-s-hop-100-cai-50-cap\/","name":"G\u0103ng tay y t\u1ebf kh\u00f4ng b\u1ed9t VGlove size S h\u1ed9p 100 c\u00e1i (50 c\u1eb7p) - TOLIO","isPartOf":{"@id":"https:\/\/tolio.co.nz\/#website"},"primaryImageOfPage":{"@id":"https:\/\/tolio.co.nz\/san-pham\/gang-tay-y-te-khong-bot-vglove-size-s-hop-100-cai-50-cap\/#primaryimage"},"image":{"@id":"https:\/\/tolio.co.nz\/san-pham\/gang-tay-y-te-khong-bot-vglove-size-s-hop-100-cai-50-cap\/#primaryimage"},"thumbnailUrl":"https:\/\/tolio.co.nz\/wp-content\/uploads\/2024\/07\/178-1.png","datePublished":"2024-07-10T01:26:34+00:00","dateModified":"2026-03-31T09:11:57+00:00","description":"Th\u01b0\u01a1ng hi\u1ec7u: Vglove Xu\u1ea5t x\u1ee9 th\u01b0\u01a1ng hi\u1ec7u: Vi\u1ec7t Nam Quy c\u00e1ch \u0111\u00f3ng g\u00f3i: 100 c\u00e1i (50 \u0111\u00f4i)\/ h\u1ed9p L\u01b0u \u00fd: Bao b\u00ec s\u1ea3n ph\u1ea9m c\u00f3 th\u1ec3 thay \u0111\u1ed5i theo t\u1eebng \u0111\u1ee3t nh\u1eadp h\u00e0ng","breadcrumb":{"@id":"https:\/\/tolio.co.nz\/san-pham\/gang-tay-y-te-khong-bot-vglove-size-s-hop-100-cai-50-cap\/#breadcrumb"},"inLanguage":"en-US","potentialAction":[{"@type":"ReadAction","target":["https:\/\/tolio.co.nz\/san-pham\/gang-tay-y-te-khong-bot-vglove-size-s-hop-100-cai-50-cap\/"]}]},{"@type":"ImageObject","inLanguage":"en-US","@id":"https:\/\/tolio.co.nz\/san-pham\/gang-tay-y-te-khong-bot-vglove-size-s-hop-100-cai-50-cap\/#primaryimage","url":"https:\/\/tolio.co.nz\/wp-content\/uploads\/2024\/07\/178-1.png","contentUrl":"https:\/\/tolio.co.nz\/wp-content\/uploads\/2024\/07\/178-1.png","width":1000,"height":907},{"@type":"BreadcrumbList","@id":"https:\/\/tolio.co.nz\/san-pham\/gang-tay-y-te-khong-bot-vglove-size-s-hop-100-cai-50-cap\/#breadcrumb","itemListElement":[{"@type":"ListItem","position":1,"name":"Home","item":"https:\/\/tolio.co.nz\/"},{"@type":"ListItem","position":2,"name":"C\u1eeda h\u00e0ng","item":"https:\/\/tolio.co.nz\/cua-hang\/"},{"@type":"ListItem","position":3,"name":"G\u0103ng tay y t\u1ebf kh\u00f4ng b\u1ed9t VGlove size S h\u1ed9p 100 c\u00e1i (50 c\u1eb7p)"}]},{"@type":"WebSite","@id":"https:\/\/tolio.co.nz\/#website","url":"https:\/\/tolio.co.nz\/","name":"TOLIO","description":"Vietnamese Grocery Online","potentialAction":[{"@type":"SearchAction","target":{"@type":"EntryPoint","urlTemplate":"https:\/\/tolio.co.nz\/?s={search_term_string}"},"query-input":{"@type":"PropertyValueSpecification","valueRequired":true,"valueName":"search_term_string"}}],"inLanguage":"en-US"}]}},"_links":{"self":[{"href":"https:\/\/tolio.co.nz\/en\/wp-json\/wp\/v2\/product\/18085","targetHints":{"allow":["GET"]}}],"collection":[{"href":"https:\/\/tolio.co.nz\/en\/wp-json\/wp\/v2\/product"}],"about":[{"href":"https:\/\/tolio.co.nz\/en\/wp-json\/wp\/v2\/types\/product"}],"replies":[{"embeddable":true,"href":"https:\/\/tolio.co.nz\/en\/wp-json\/wp\/v2\/comments?post=18085"}],"wp:featuredmedia":[{"embeddable":true,"href":"https:\/\/tolio.co.nz\/en\/wp-json\/wp\/v2\/media\/20632"}],"wp:attachment":[{"href":"https:\/\/tolio.co.nz\/en\/wp-json\/wp\/v2\/media?parent=18085"}],"wp:term":[{"taxonomy":"product_brand","embeddable":true,"href":"https:\/\/tolio.co.nz\/en\/wp-json\/wp\/v2\/product_brand?post=18085"},{"taxonomy":"product_cat","embeddable":true,"href":"https:\/\/tolio.co.nz\/en\/wp-json\/wp\/v2\/product_cat?post=18085"},{"taxonomy":"product_tag","embeddable":true,"href":"https:\/\/tolio.co.nz\/en\/wp-json\/wp\/v2\/product_tag?post=18085"}],"curies":[{"name":"wp","href":"https:\/\/api.w.org\/{rel}","templated":true}]}}