{"id":18111,"date":"2024-07-10T15:37:14","date_gmt":"2024-07-10T02:52:14","guid":{"rendered":"https:\/\/tolio.co.nz\/?post_type=product&#038;p=18111"},"modified":"2026-04-06T19:13:45","modified_gmt":"2026-04-06T07:13:45","slug":"ca-phe-muoi-hoa-tan-c-sea-hop-giay-160g-10-goi-x16g","status":"publish","type":"product","link":"https:\/\/tolio.co.nz\/en\/product\/instant-flower-coffee-with-sea-hop-shoes-160g-10-packs-x16g\/","title":{"rendered":"C &amp; Sea Salted Instant Coffee Paper Box 160g (10 Packs x 16g)"},"content":{"rendered":"<p><strong>C &amp; Sea instant salt coffee, paper box, 160g<\/strong>\u00a0is a wonderful blend of the rich coffee flavor of the Central Highlands mountains and the salty scent of Nha Trang sea salt. The product brings a unique experience with the fragrant and creamy taste of milk foam, a smooth layer of milk foam created with advanced technology.<\/p>\n<p><strong>How to Use:<\/strong><\/p>\n<ul>\n<li>Drink hot: Mix 1 packet of C&amp;SEA 16g into 70ml of hot water, stir well and enjoy.<br \/>\nDrink ice: Mix 2 packs of C&amp;SEA 16g into 70ml of hot water, stir well, add ice and enjoy.<\/li>\n<\/ul>\n<p><strong>Preserve:<\/strong><\/p>\n<ul>\n<li>Store in a cool, dry place, away from direct sunlight.<\/li>\n<\/ul>\n<p><strong>Expiry:<\/strong> 18 months from date of manufacture<\/p>","protected":false},"excerpt":{"rendered":"<ul>\n<li>Brand: Le Plateau<\/li>\n<li>Brand Country: Viet nam<\/li>\n<li>Packaging: 10 packs\/Box<\/li>\n<li>Note: Product packaging may change from batch to batch<\/li>\n<\/ul>","protected":false},"featured_media":20884,"comment_status":"open","ping_status":"closed","template":"","meta":[],"product_brand":[],"product_cat":[580,31,34,483],"product_tag":[945],"class_list":{"0":"post-18111","1":"product","2":"type-product","3":"status-publish","4":"has-post-thumbnail","6":"product_cat-clearance","7":"product_cat-hang-moi-ve","8":"product_cat-thuc-uong","9":"product_cat-ca-phe","10":"product_tag-ca-phe-muoi","11":"pa_thuong-hieu-le-plateau","13":"first","14":"instock","15":"sale","16":"shipping-taxable","17":"purchasable","18":"product-type-simple"},"yoast_head":"<!-- This site is optimized with the Yoast SEO plugin v24.4 - https:\/\/yoast.com\/wordpress\/plugins\/seo\/ -->\n<title>C\u00e0 ph\u00ea mu\u1ed1i h\u00f2a tan C &amp; Sea h\u1ed9p gi\u1ea5y 160g (10 g\u00f3i x16g) - TOLIO<\/title>\n<meta name=\"description\" content=\"Th\u01b0\u01a1ng hi\u1ec7u: \u00a0Le Plateau  Xu\u1ea5t x\u1ee9 th\u01b0\u01a1ng hi\u1ec7u: Vi\u1ec7t Nam  Quy c\u00e1ch \u0111\u00f3ng g\u00f3i: 10 g\u00f3i\/ H\u1ed9p  L\u01b0u \u00fd: Bao b\u00ec s\u1ea3n ph\u1ea9m c\u00f3 th\u1ec3 thay \u0111\u1ed5i theo t\u1eebng \u0111\u1ee3t nh\u1eadp h\u00e0ng\" \/>\n<meta name=\"robots\" content=\"index, follow, max-snippet:-1, max-image-preview:large, max-video-preview:-1\" \/>\n<link rel=\"canonical\" href=\"https:\/\/tolio.co.nz\/en\/product\/instant-flower-coffee-with-sea-hop-shoes-160g-10-packs-x16g\/\" \/>\n<meta property=\"og:locale\" content=\"en_US\" \/>\n<meta property=\"og:type\" content=\"article\" \/>\n<meta property=\"og:title\" content=\"C\u00e0 ph\u00ea mu\u1ed1i h\u00f2a tan C &amp; Sea h\u1ed9p gi\u1ea5y 160g (10 g\u00f3i x16g) - TOLIO\" \/>\n<meta property=\"og:description\" content=\"Th\u01b0\u01a1ng hi\u1ec7u: \u00a0Le Plateau  Xu\u1ea5t x\u1ee9 th\u01b0\u01a1ng hi\u1ec7u: Vi\u1ec7t Nam  Quy c\u00e1ch \u0111\u00f3ng g\u00f3i: 10 g\u00f3i\/ H\u1ed9p  L\u01b0u \u00fd: Bao b\u00ec s\u1ea3n ph\u1ea9m c\u00f3 th\u1ec3 thay \u0111\u1ed5i theo t\u1eebng \u0111\u1ee3t nh\u1eadp h\u00e0ng\" \/>\n<meta property=\"og:url\" content=\"https:\/\/tolio.co.nz\/en\/product\/instant-flower-coffee-with-sea-hop-shoes-160g-10-packs-x16g\/\" \/>\n<meta property=\"og:site_name\" content=\"TOLIO\" \/>\n<meta property=\"article:modified_time\" content=\"2026-04-06T07:13:45+00:00\" \/>\n<meta property=\"og:image\" content=\"https:\/\/tolio.co.nz\/wp-content\/uploads\/2024\/07\/387-1.png\" \/>\n\t<meta property=\"og:image:width\" content=\"1000\" \/>\n\t<meta property=\"og:image:height\" content=\"907\" \/>\n\t<meta property=\"og:image:type\" content=\"image\/png\" \/>\n<meta name=\"twitter:card\" content=\"summary_large_image\" \/>\n<meta name=\"twitter:label1\" content=\"Est. reading time\" \/>\n\t<meta name=\"twitter:data1\" content=\"1 minute\" \/>\n<script type=\"application\/ld+json\" class=\"yoast-schema-graph\">{\"@context\":\"https:\/\/schema.org\",\"@graph\":[{\"@type\":\"WebPage\",\"@id\":\"https:\/\/tolio.co.nz\/san-pham\/ca-phe-muoi-hoa-tan-c-sea-hop-giay-160g-10-goi-x16g\/\",\"url\":\"https:\/\/tolio.co.nz\/san-pham\/ca-phe-muoi-hoa-tan-c-sea-hop-giay-160g-10-goi-x16g\/\",\"name\":\"C\u00e0 ph\u00ea mu\u1ed1i h\u00f2a tan C &amp; Sea h\u1ed9p gi\u1ea5y 160g (10 g\u00f3i x16g) - TOLIO\",\"isPartOf\":{\"@id\":\"https:\/\/tolio.co.nz\/#website\"},\"primaryImageOfPage\":{\"@id\":\"https:\/\/tolio.co.nz\/san-pham\/ca-phe-muoi-hoa-tan-c-sea-hop-giay-160g-10-goi-x16g\/#primaryimage\"},\"image\":{\"@id\":\"https:\/\/tolio.co.nz\/san-pham\/ca-phe-muoi-hoa-tan-c-sea-hop-giay-160g-10-goi-x16g\/#primaryimage\"},\"thumbnailUrl\":\"https:\/\/tolio.co.nz\/wp-content\/uploads\/2024\/07\/387-1.png\",\"datePublished\":\"2024-07-10T02:52:14+00:00\",\"dateModified\":\"2026-04-06T07:13:45+00:00\",\"description\":\"Th\u01b0\u01a1ng hi\u1ec7u: \u00a0Le Plateau Xu\u1ea5t x\u1ee9 th\u01b0\u01a1ng hi\u1ec7u: Vi\u1ec7t Nam Quy c\u00e1ch \u0111\u00f3ng g\u00f3i: 10 g\u00f3i\/ H\u1ed9p L\u01b0u \u00fd: Bao b\u00ec s\u1ea3n ph\u1ea9m c\u00f3 th\u1ec3 thay \u0111\u1ed5i theo t\u1eebng \u0111\u1ee3t nh\u1eadp h\u00e0ng\",\"breadcrumb\":{\"@id\":\"https:\/\/tolio.co.nz\/san-pham\/ca-phe-muoi-hoa-tan-c-sea-hop-giay-160g-10-goi-x16g\/#breadcrumb\"},\"inLanguage\":\"en-US\",\"potentialAction\":[{\"@type\":\"ReadAction\",\"target\":[\"https:\/\/tolio.co.nz\/san-pham\/ca-phe-muoi-hoa-tan-c-sea-hop-giay-160g-10-goi-x16g\/\"]}]},{\"@type\":\"ImageObject\",\"inLanguage\":\"en-US\",\"@id\":\"https:\/\/tolio.co.nz\/san-pham\/ca-phe-muoi-hoa-tan-c-sea-hop-giay-160g-10-goi-x16g\/#primaryimage\",\"url\":\"https:\/\/tolio.co.nz\/wp-content\/uploads\/2024\/07\/387-1.png\",\"contentUrl\":\"https:\/\/tolio.co.nz\/wp-content\/uploads\/2024\/07\/387-1.png\",\"width\":1000,\"height\":907},{\"@type\":\"BreadcrumbList\",\"@id\":\"https:\/\/tolio.co.nz\/san-pham\/ca-phe-muoi-hoa-tan-c-sea-hop-giay-160g-10-goi-x16g\/#breadcrumb\",\"itemListElement\":[{\"@type\":\"ListItem\",\"position\":1,\"name\":\"Home\",\"item\":\"https:\/\/tolio.co.nz\/\"},{\"@type\":\"ListItem\",\"position\":2,\"name\":\"C\u1eeda h\u00e0ng\",\"item\":\"https:\/\/tolio.co.nz\/cua-hang\/\"},{\"@type\":\"ListItem\",\"position\":3,\"name\":\"C\u00e0 ph\u00ea mu\u1ed1i h\u00f2a tan C &amp; Sea h\u1ed9p gi\u1ea5y 160g (10 g\u00f3i x16g)\"}]},{\"@type\":\"WebSite\",\"@id\":\"https:\/\/tolio.co.nz\/#website\",\"url\":\"https:\/\/tolio.co.nz\/\",\"name\":\"TOLIO\",\"description\":\"Vietnamese Grocery Online\",\"potentialAction\":[{\"@type\":\"SearchAction\",\"target\":{\"@type\":\"EntryPoint\",\"urlTemplate\":\"https:\/\/tolio.co.nz\/?s={search_term_string}\"},\"query-input\":{\"@type\":\"PropertyValueSpecification\",\"valueRequired\":true,\"valueName\":\"search_term_string\"}}],\"inLanguage\":\"en-US\"}]}<\/script>\n<!-- \/ Yoast SEO plugin. -->","yoast_head_json":{"title":"C\u00e0 ph\u00ea mu\u1ed1i h\u00f2a tan C &amp; Sea h\u1ed9p gi\u1ea5y 160g (10 g\u00f3i x16g) - TOLIO","description":"Th\u01b0\u01a1ng hi\u1ec7u: \u00a0Le Plateau  Xu\u1ea5t x\u1ee9 th\u01b0\u01a1ng hi\u1ec7u: Vi\u1ec7t Nam  Quy c\u00e1ch \u0111\u00f3ng g\u00f3i: 10 g\u00f3i\/ H\u1ed9p  L\u01b0u \u00fd: Bao b\u00ec s\u1ea3n ph\u1ea9m c\u00f3 th\u1ec3 thay \u0111\u1ed5i theo t\u1eebng \u0111\u1ee3t nh\u1eadp h\u00e0ng","robots":{"index":"index","follow":"follow","max-snippet":"max-snippet:-1","max-image-preview":"max-image-preview:large","max-video-preview":"max-video-preview:-1"},"canonical":"https:\/\/tolio.co.nz\/en\/product\/instant-flower-coffee-with-sea-hop-shoes-160g-10-packs-x16g\/","og_locale":"en_US","og_type":"article","og_title":"C\u00e0 ph\u00ea mu\u1ed1i h\u00f2a tan C &amp; Sea h\u1ed9p gi\u1ea5y 160g (10 g\u00f3i x16g) - TOLIO","og_description":"Th\u01b0\u01a1ng hi\u1ec7u: \u00a0Le Plateau  Xu\u1ea5t x\u1ee9 th\u01b0\u01a1ng hi\u1ec7u: Vi\u1ec7t Nam  Quy c\u00e1ch \u0111\u00f3ng g\u00f3i: 10 g\u00f3i\/ H\u1ed9p  L\u01b0u \u00fd: Bao b\u00ec s\u1ea3n ph\u1ea9m c\u00f3 th\u1ec3 thay \u0111\u1ed5i theo t\u1eebng \u0111\u1ee3t nh\u1eadp h\u00e0ng","og_url":"https:\/\/tolio.co.nz\/en\/product\/instant-flower-coffee-with-sea-hop-shoes-160g-10-packs-x16g\/","og_site_name":"TOLIO","article_modified_time":"2026-04-06T07:13:45+00:00","og_image":[{"width":1000,"height":907,"url":"https:\/\/tolio.co.nz\/wp-content\/uploads\/2024\/07\/387-1.png","type":"image\/png"}],"twitter_card":"summary_large_image","twitter_misc":{"Est. reading time":"1 minute"},"schema":{"@context":"https:\/\/schema.org","@graph":[{"@type":"WebPage","@id":"https:\/\/tolio.co.nz\/san-pham\/ca-phe-muoi-hoa-tan-c-sea-hop-giay-160g-10-goi-x16g\/","url":"https:\/\/tolio.co.nz\/san-pham\/ca-phe-muoi-hoa-tan-c-sea-hop-giay-160g-10-goi-x16g\/","name":"C\u00e0 ph\u00ea mu\u1ed1i h\u00f2a tan C &amp; Sea h\u1ed9p gi\u1ea5y 160g (10 g\u00f3i x16g) - TOLIO","isPartOf":{"@id":"https:\/\/tolio.co.nz\/#website"},"primaryImageOfPage":{"@id":"https:\/\/tolio.co.nz\/san-pham\/ca-phe-muoi-hoa-tan-c-sea-hop-giay-160g-10-goi-x16g\/#primaryimage"},"image":{"@id":"https:\/\/tolio.co.nz\/san-pham\/ca-phe-muoi-hoa-tan-c-sea-hop-giay-160g-10-goi-x16g\/#primaryimage"},"thumbnailUrl":"https:\/\/tolio.co.nz\/wp-content\/uploads\/2024\/07\/387-1.png","datePublished":"2024-07-10T02:52:14+00:00","dateModified":"2026-04-06T07:13:45+00:00","description":"Th\u01b0\u01a1ng hi\u1ec7u: \u00a0Le Plateau Xu\u1ea5t x\u1ee9 th\u01b0\u01a1ng hi\u1ec7u: Vi\u1ec7t Nam Quy c\u00e1ch \u0111\u00f3ng g\u00f3i: 10 g\u00f3i\/ H\u1ed9p L\u01b0u \u00fd: Bao b\u00ec s\u1ea3n ph\u1ea9m c\u00f3 th\u1ec3 thay \u0111\u1ed5i theo t\u1eebng \u0111\u1ee3t nh\u1eadp h\u00e0ng","breadcrumb":{"@id":"https:\/\/tolio.co.nz\/san-pham\/ca-phe-muoi-hoa-tan-c-sea-hop-giay-160g-10-goi-x16g\/#breadcrumb"},"inLanguage":"en-US","potentialAction":[{"@type":"ReadAction","target":["https:\/\/tolio.co.nz\/san-pham\/ca-phe-muoi-hoa-tan-c-sea-hop-giay-160g-10-goi-x16g\/"]}]},{"@type":"ImageObject","inLanguage":"en-US","@id":"https:\/\/tolio.co.nz\/san-pham\/ca-phe-muoi-hoa-tan-c-sea-hop-giay-160g-10-goi-x16g\/#primaryimage","url":"https:\/\/tolio.co.nz\/wp-content\/uploads\/2024\/07\/387-1.png","contentUrl":"https:\/\/tolio.co.nz\/wp-content\/uploads\/2024\/07\/387-1.png","width":1000,"height":907},{"@type":"BreadcrumbList","@id":"https:\/\/tolio.co.nz\/san-pham\/ca-phe-muoi-hoa-tan-c-sea-hop-giay-160g-10-goi-x16g\/#breadcrumb","itemListElement":[{"@type":"ListItem","position":1,"name":"Home","item":"https:\/\/tolio.co.nz\/"},{"@type":"ListItem","position":2,"name":"C\u1eeda h\u00e0ng","item":"https:\/\/tolio.co.nz\/cua-hang\/"},{"@type":"ListItem","position":3,"name":"C\u00e0 ph\u00ea mu\u1ed1i h\u00f2a tan C &amp; Sea h\u1ed9p gi\u1ea5y 160g (10 g\u00f3i x16g)"}]},{"@type":"WebSite","@id":"https:\/\/tolio.co.nz\/#website","url":"https:\/\/tolio.co.nz\/","name":"TOLIO","description":"Vietnamese Grocery Online","potentialAction":[{"@type":"SearchAction","target":{"@type":"EntryPoint","urlTemplate":"https:\/\/tolio.co.nz\/?s={search_term_string}"},"query-input":{"@type":"PropertyValueSpecification","valueRequired":true,"valueName":"search_term_string"}}],"inLanguage":"en-US"}]}},"_links":{"self":[{"href":"https:\/\/tolio.co.nz\/en\/wp-json\/wp\/v2\/product\/18111","targetHints":{"allow":["GET"]}}],"collection":[{"href":"https:\/\/tolio.co.nz\/en\/wp-json\/wp\/v2\/product"}],"about":[{"href":"https:\/\/tolio.co.nz\/en\/wp-json\/wp\/v2\/types\/product"}],"replies":[{"embeddable":true,"href":"https:\/\/tolio.co.nz\/en\/wp-json\/wp\/v2\/comments?post=18111"}],"wp:featuredmedia":[{"embeddable":true,"href":"https:\/\/tolio.co.nz\/en\/wp-json\/wp\/v2\/media\/20884"}],"wp:attachment":[{"href":"https:\/\/tolio.co.nz\/en\/wp-json\/wp\/v2\/media?parent=18111"}],"wp:term":[{"taxonomy":"product_brand","embeddable":true,"href":"https:\/\/tolio.co.nz\/en\/wp-json\/wp\/v2\/product_brand?post=18111"},{"taxonomy":"product_cat","embeddable":true,"href":"https:\/\/tolio.co.nz\/en\/wp-json\/wp\/v2\/product_cat?post=18111"},{"taxonomy":"product_tag","embeddable":true,"href":"https:\/\/tolio.co.nz\/en\/wp-json\/wp\/v2\/product_tag?post=18111"}],"curies":[{"name":"wp","href":"https:\/\/api.w.org\/{rel}","templated":true}]}}