{"id":18800,"date":"2024-08-05T05:12:01","date_gmt":"2024-08-04T16:27:01","guid":{"rendered":"https:\/\/tolio.co.nz\/?post_type=product&#038;p=18800"},"modified":"2026-04-08T20:01:29","modified_gmt":"2026-04-08T08:01:29","slug":"tui-6-vien-canh-an-lien-isoup-canh-ga-la-giang-12g","status":"publish","type":"product","link":"https:\/\/tolio.co.nz\/en\/product\/bag-of-6-chicken-soup-isoup-cubes-12g\/","title":{"rendered":"Bag of 6 iSoup Instant Soup Balls: Chicken Soup with Sorrel Leaves 12g"},"content":{"rendered":"<p><strong>iSoup instant soup balls: chicken soup with sorrel leaves 12g <\/strong>is a familiar sour soup dish in Vietnamese family meals. The rich, sour, and refreshing broth is a combination of the mild sourness of giang leaves and the sweet and sour taste of tomatoes, along with soft, fragrant, flavorful chicken, giving you a delicious bowl of giang leaf chicken soup. When eaten with hot rice, it will be extremely flavorful.<\/p>\n<p><strong>How to Use:<\/strong><\/p>\n<ul>\n<li>Remove the soup cube from the packaging and put it in a bowl.<\/li>\n<li>Pour into 200ml of boiling water.<\/li>\n<li>Wait 3 minutes and mix well and enjoy while still hot<\/li>\n<\/ul>\n<p><strong>Preserve:<\/strong><\/p>\n<ul>\n<li>\u00a0Store in a cool, dry place, away from direct sunlight<\/li>\n<\/ul>\n<p><strong>Expiry:<\/strong> 09 months from date of manufacture<\/p>","protected":false},"excerpt":{"rendered":"<ul>\n<li>Brand: iSoup<\/li>\n<li>Brand Country: Viet nam<\/li>\n<li>Packaging: 12g tablet, bag of 6 tablets, carton of 15 bags<\/li>\n<li>Note: Product packaging may change from batch to batch<\/li>\n<\/ul>","protected":false},"featured_media":21029,"comment_status":"open","ping_status":"closed","template":"","meta":[],"product_brand":[],"product_cat":[33,481,31],"product_tag":[957,958,776],"class_list":{"0":"post-18800","1":"product","2":"type-product","3":"status-publish","4":"has-post-thumbnail","6":"product_cat-gia-vi","7":"product_cat-gia-vi-hoan-chinh","8":"product_cat-hang-moi-ve","9":"product_tag-canh-an-lien","10":"product_tag-canh-ga-la-giang","11":"product_tag-isoup","12":"pa_thuong-hieu-isoup","14":"first","15":"instock","16":"sale","17":"shipping-taxable","18":"purchasable","19":"product-type-simple"},"yoast_head":"<!-- This site is optimized with the Yoast SEO plugin v24.4 - https:\/\/yoast.com\/wordpress\/plugins\/seo\/ -->\n<title>T\u00fai 6 Vi\u00ean canh \u0103n li\u1ec1n iSoup: canh g\u00e0 l\u00e1 giang 12g - TOLIO<\/title>\n<meta name=\"description\" content=\"Th\u01b0\u01a1ng hi\u1ec7u: iSoup  Xu\u1ea5t x\u1ee9 th\u01b0\u01a1ng hi\u1ec7u: Vi\u1ec7t Nam  Quy c\u00e1ch \u0111\u00f3ng g\u00f3i: Vi\u00ean 12g, t\u00fai 6 vi\u00ean, th\u00f9ng 15 t\u00fai  L\u01b0u \u00fd: Bao b\u00ec s\u1ea3n ph\u1ea9m c\u00f3 th\u1ec3 thay \u0111\u1ed5i theo t\u1eebng \u0111\u1ee3t nh\u1eadp h\u00e0ng\" \/>\n<meta name=\"robots\" content=\"index, follow, max-snippet:-1, max-image-preview:large, max-video-preview:-1\" \/>\n<link rel=\"canonical\" href=\"https:\/\/tolio.co.nz\/en\/product\/bag-of-6-chicken-soup-isoup-cubes-12g\/\" \/>\n<meta property=\"og:locale\" content=\"en_US\" \/>\n<meta property=\"og:type\" content=\"article\" \/>\n<meta property=\"og:title\" content=\"T\u00fai 6 Vi\u00ean canh \u0103n li\u1ec1n iSoup: canh g\u00e0 l\u00e1 giang 12g - TOLIO\" \/>\n<meta property=\"og:description\" content=\"Th\u01b0\u01a1ng hi\u1ec7u: iSoup  Xu\u1ea5t x\u1ee9 th\u01b0\u01a1ng hi\u1ec7u: Vi\u1ec7t Nam  Quy c\u00e1ch \u0111\u00f3ng g\u00f3i: Vi\u00ean 12g, t\u00fai 6 vi\u00ean, th\u00f9ng 15 t\u00fai  L\u01b0u \u00fd: Bao b\u00ec s\u1ea3n ph\u1ea9m c\u00f3 th\u1ec3 thay \u0111\u1ed5i theo t\u1eebng \u0111\u1ee3t nh\u1eadp h\u00e0ng\" \/>\n<meta property=\"og:url\" content=\"https:\/\/tolio.co.nz\/en\/product\/bag-of-6-chicken-soup-isoup-cubes-12g\/\" \/>\n<meta property=\"og:site_name\" content=\"TOLIO\" \/>\n<meta property=\"article:modified_time\" content=\"2026-04-08T08:01:29+00:00\" \/>\n<meta property=\"og:image\" content=\"https:\/\/tolio.co.nz\/wp-content\/uploads\/2024\/03\/9.png\" \/>\n\t<meta property=\"og:image:width\" content=\"1000\" \/>\n\t<meta property=\"og:image:height\" content=\"907\" \/>\n\t<meta property=\"og:image:type\" content=\"image\/png\" \/>\n<meta name=\"twitter:card\" content=\"summary_large_image\" \/>\n<meta name=\"twitter:label1\" content=\"Est. reading time\" \/>\n\t<meta name=\"twitter:data1\" content=\"1 minute\" \/>\n<script type=\"application\/ld+json\" class=\"yoast-schema-graph\">{\"@context\":\"https:\/\/schema.org\",\"@graph\":[{\"@type\":\"WebPage\",\"@id\":\"https:\/\/tolio.co.nz\/san-pham\/tui-6-vien-canh-an-lien-isoup-canh-ga-la-giang-12g\/\",\"url\":\"https:\/\/tolio.co.nz\/san-pham\/tui-6-vien-canh-an-lien-isoup-canh-ga-la-giang-12g\/\",\"name\":\"T\u00fai 6 Vi\u00ean canh \u0103n li\u1ec1n iSoup: canh g\u00e0 l\u00e1 giang 12g - TOLIO\",\"isPartOf\":{\"@id\":\"https:\/\/tolio.co.nz\/#website\"},\"primaryImageOfPage\":{\"@id\":\"https:\/\/tolio.co.nz\/san-pham\/tui-6-vien-canh-an-lien-isoup-canh-ga-la-giang-12g\/#primaryimage\"},\"image\":{\"@id\":\"https:\/\/tolio.co.nz\/san-pham\/tui-6-vien-canh-an-lien-isoup-canh-ga-la-giang-12g\/#primaryimage\"},\"thumbnailUrl\":\"https:\/\/tolio.co.nz\/wp-content\/uploads\/2024\/03\/9.png\",\"datePublished\":\"2024-08-04T16:27:01+00:00\",\"dateModified\":\"2026-04-08T08:01:29+00:00\",\"description\":\"Th\u01b0\u01a1ng hi\u1ec7u: iSoup Xu\u1ea5t x\u1ee9 th\u01b0\u01a1ng hi\u1ec7u: Vi\u1ec7t Nam Quy c\u00e1ch \u0111\u00f3ng g\u00f3i: Vi\u00ean 12g, t\u00fai 6 vi\u00ean, th\u00f9ng 15 t\u00fai L\u01b0u \u00fd: Bao b\u00ec s\u1ea3n ph\u1ea9m c\u00f3 th\u1ec3 thay \u0111\u1ed5i theo t\u1eebng \u0111\u1ee3t nh\u1eadp h\u00e0ng\",\"breadcrumb\":{\"@id\":\"https:\/\/tolio.co.nz\/san-pham\/tui-6-vien-canh-an-lien-isoup-canh-ga-la-giang-12g\/#breadcrumb\"},\"inLanguage\":\"en-US\",\"potentialAction\":[{\"@type\":\"ReadAction\",\"target\":[\"https:\/\/tolio.co.nz\/san-pham\/tui-6-vien-canh-an-lien-isoup-canh-ga-la-giang-12g\/\"]}]},{\"@type\":\"ImageObject\",\"inLanguage\":\"en-US\",\"@id\":\"https:\/\/tolio.co.nz\/san-pham\/tui-6-vien-canh-an-lien-isoup-canh-ga-la-giang-12g\/#primaryimage\",\"url\":\"https:\/\/tolio.co.nz\/wp-content\/uploads\/2024\/03\/9.png\",\"contentUrl\":\"https:\/\/tolio.co.nz\/wp-content\/uploads\/2024\/03\/9.png\",\"width\":1000,\"height\":907},{\"@type\":\"BreadcrumbList\",\"@id\":\"https:\/\/tolio.co.nz\/san-pham\/tui-6-vien-canh-an-lien-isoup-canh-ga-la-giang-12g\/#breadcrumb\",\"itemListElement\":[{\"@type\":\"ListItem\",\"position\":1,\"name\":\"Home\",\"item\":\"https:\/\/tolio.co.nz\/\"},{\"@type\":\"ListItem\",\"position\":2,\"name\":\"C\u1eeda h\u00e0ng\",\"item\":\"https:\/\/tolio.co.nz\/cua-hang\/\"},{\"@type\":\"ListItem\",\"position\":3,\"name\":\"T\u00fai 6 Vi\u00ean canh \u0103n li\u1ec1n iSoup: canh g\u00e0 l\u00e1 giang 12g\"}]},{\"@type\":\"WebSite\",\"@id\":\"https:\/\/tolio.co.nz\/#website\",\"url\":\"https:\/\/tolio.co.nz\/\",\"name\":\"TOLIO\",\"description\":\"Vietnamese Grocery Online\",\"potentialAction\":[{\"@type\":\"SearchAction\",\"target\":{\"@type\":\"EntryPoint\",\"urlTemplate\":\"https:\/\/tolio.co.nz\/?s={search_term_string}\"},\"query-input\":{\"@type\":\"PropertyValueSpecification\",\"valueRequired\":true,\"valueName\":\"search_term_string\"}}],\"inLanguage\":\"en-US\"}]}<\/script>\n<!-- \/ Yoast SEO plugin. -->","yoast_head_json":{"title":"T\u00fai 6 Vi\u00ean canh \u0103n li\u1ec1n iSoup: canh g\u00e0 l\u00e1 giang 12g - TOLIO","description":"Th\u01b0\u01a1ng hi\u1ec7u: iSoup  Xu\u1ea5t x\u1ee9 th\u01b0\u01a1ng hi\u1ec7u: Vi\u1ec7t Nam  Quy c\u00e1ch \u0111\u00f3ng g\u00f3i: Vi\u00ean 12g, t\u00fai 6 vi\u00ean, th\u00f9ng 15 t\u00fai  L\u01b0u \u00fd: Bao b\u00ec s\u1ea3n ph\u1ea9m c\u00f3 th\u1ec3 thay \u0111\u1ed5i theo t\u1eebng \u0111\u1ee3t nh\u1eadp h\u00e0ng","robots":{"index":"index","follow":"follow","max-snippet":"max-snippet:-1","max-image-preview":"max-image-preview:large","max-video-preview":"max-video-preview:-1"},"canonical":"https:\/\/tolio.co.nz\/en\/product\/bag-of-6-chicken-soup-isoup-cubes-12g\/","og_locale":"en_US","og_type":"article","og_title":"T\u00fai 6 Vi\u00ean canh \u0103n li\u1ec1n iSoup: canh g\u00e0 l\u00e1 giang 12g - TOLIO","og_description":"Th\u01b0\u01a1ng hi\u1ec7u: iSoup  Xu\u1ea5t x\u1ee9 th\u01b0\u01a1ng hi\u1ec7u: Vi\u1ec7t Nam  Quy c\u00e1ch \u0111\u00f3ng g\u00f3i: Vi\u00ean 12g, t\u00fai 6 vi\u00ean, th\u00f9ng 15 t\u00fai  L\u01b0u \u00fd: Bao b\u00ec s\u1ea3n ph\u1ea9m c\u00f3 th\u1ec3 thay \u0111\u1ed5i theo t\u1eebng \u0111\u1ee3t nh\u1eadp h\u00e0ng","og_url":"https:\/\/tolio.co.nz\/en\/product\/bag-of-6-chicken-soup-isoup-cubes-12g\/","og_site_name":"TOLIO","article_modified_time":"2026-04-08T08:01:29+00:00","og_image":[{"width":1000,"height":907,"url":"https:\/\/tolio.co.nz\/wp-content\/uploads\/2024\/03\/9.png","type":"image\/png"}],"twitter_card":"summary_large_image","twitter_misc":{"Est. reading time":"1 minute"},"schema":{"@context":"https:\/\/schema.org","@graph":[{"@type":"WebPage","@id":"https:\/\/tolio.co.nz\/san-pham\/tui-6-vien-canh-an-lien-isoup-canh-ga-la-giang-12g\/","url":"https:\/\/tolio.co.nz\/san-pham\/tui-6-vien-canh-an-lien-isoup-canh-ga-la-giang-12g\/","name":"T\u00fai 6 Vi\u00ean canh \u0103n li\u1ec1n iSoup: canh g\u00e0 l\u00e1 giang 12g - TOLIO","isPartOf":{"@id":"https:\/\/tolio.co.nz\/#website"},"primaryImageOfPage":{"@id":"https:\/\/tolio.co.nz\/san-pham\/tui-6-vien-canh-an-lien-isoup-canh-ga-la-giang-12g\/#primaryimage"},"image":{"@id":"https:\/\/tolio.co.nz\/san-pham\/tui-6-vien-canh-an-lien-isoup-canh-ga-la-giang-12g\/#primaryimage"},"thumbnailUrl":"https:\/\/tolio.co.nz\/wp-content\/uploads\/2024\/03\/9.png","datePublished":"2024-08-04T16:27:01+00:00","dateModified":"2026-04-08T08:01:29+00:00","description":"Th\u01b0\u01a1ng hi\u1ec7u: iSoup Xu\u1ea5t x\u1ee9 th\u01b0\u01a1ng hi\u1ec7u: Vi\u1ec7t Nam Quy c\u00e1ch \u0111\u00f3ng g\u00f3i: Vi\u00ean 12g, t\u00fai 6 vi\u00ean, th\u00f9ng 15 t\u00fai L\u01b0u \u00fd: Bao b\u00ec s\u1ea3n ph\u1ea9m c\u00f3 th\u1ec3 thay \u0111\u1ed5i theo t\u1eebng \u0111\u1ee3t nh\u1eadp h\u00e0ng","breadcrumb":{"@id":"https:\/\/tolio.co.nz\/san-pham\/tui-6-vien-canh-an-lien-isoup-canh-ga-la-giang-12g\/#breadcrumb"},"inLanguage":"en-US","potentialAction":[{"@type":"ReadAction","target":["https:\/\/tolio.co.nz\/san-pham\/tui-6-vien-canh-an-lien-isoup-canh-ga-la-giang-12g\/"]}]},{"@type":"ImageObject","inLanguage":"en-US","@id":"https:\/\/tolio.co.nz\/san-pham\/tui-6-vien-canh-an-lien-isoup-canh-ga-la-giang-12g\/#primaryimage","url":"https:\/\/tolio.co.nz\/wp-content\/uploads\/2024\/03\/9.png","contentUrl":"https:\/\/tolio.co.nz\/wp-content\/uploads\/2024\/03\/9.png","width":1000,"height":907},{"@type":"BreadcrumbList","@id":"https:\/\/tolio.co.nz\/san-pham\/tui-6-vien-canh-an-lien-isoup-canh-ga-la-giang-12g\/#breadcrumb","itemListElement":[{"@type":"ListItem","position":1,"name":"Home","item":"https:\/\/tolio.co.nz\/"},{"@type":"ListItem","position":2,"name":"C\u1eeda h\u00e0ng","item":"https:\/\/tolio.co.nz\/cua-hang\/"},{"@type":"ListItem","position":3,"name":"T\u00fai 6 Vi\u00ean canh \u0103n li\u1ec1n iSoup: canh g\u00e0 l\u00e1 giang 12g"}]},{"@type":"WebSite","@id":"https:\/\/tolio.co.nz\/#website","url":"https:\/\/tolio.co.nz\/","name":"TOLIO","description":"Vietnamese Grocery Online","potentialAction":[{"@type":"SearchAction","target":{"@type":"EntryPoint","urlTemplate":"https:\/\/tolio.co.nz\/?s={search_term_string}"},"query-input":{"@type":"PropertyValueSpecification","valueRequired":true,"valueName":"search_term_string"}}],"inLanguage":"en-US"}]}},"_links":{"self":[{"href":"https:\/\/tolio.co.nz\/en\/wp-json\/wp\/v2\/product\/18800","targetHints":{"allow":["GET"]}}],"collection":[{"href":"https:\/\/tolio.co.nz\/en\/wp-json\/wp\/v2\/product"}],"about":[{"href":"https:\/\/tolio.co.nz\/en\/wp-json\/wp\/v2\/types\/product"}],"replies":[{"embeddable":true,"href":"https:\/\/tolio.co.nz\/en\/wp-json\/wp\/v2\/comments?post=18800"}],"wp:featuredmedia":[{"embeddable":true,"href":"https:\/\/tolio.co.nz\/en\/wp-json\/wp\/v2\/media\/21029"}],"wp:attachment":[{"href":"https:\/\/tolio.co.nz\/en\/wp-json\/wp\/v2\/media?parent=18800"}],"wp:term":[{"taxonomy":"product_brand","embeddable":true,"href":"https:\/\/tolio.co.nz\/en\/wp-json\/wp\/v2\/product_brand?post=18800"},{"taxonomy":"product_cat","embeddable":true,"href":"https:\/\/tolio.co.nz\/en\/wp-json\/wp\/v2\/product_cat?post=18800"},{"taxonomy":"product_tag","embeddable":true,"href":"https:\/\/tolio.co.nz\/en\/wp-json\/wp\/v2\/product_tag?post=18800"}],"curies":[{"name":"wp","href":"https:\/\/api.w.org\/{rel}","templated":true}]}}