{"id":18804,"date":"2024-08-05T05:12:00","date_gmt":"2024-08-04T16:27:00","guid":{"rendered":"https:\/\/tolio.co.nz\/?post_type=product&#038;p=18804"},"modified":"2026-04-15T16:39:28","modified_gmt":"2026-04-15T04:39:28","slug":"tui-5-vien-canh-an-lien-isoup-canh-rau-tap-tang-nam-rom-7g","status":"publish","type":"product","link":"https:\/\/tolio.co.nz\/en\/product\/bag-of-5-isoup-soup-balls-mixed-vegetable-soup-with-7g-of-rom\/","title":{"rendered":"Bag of iSoup Instant Soup: Mixed Vegetable Soup with Straw Mushrooms 5 x 7g"},"content":{"rendered":"<p><strong>iSoup instant soup balls: mixed vegetable soup with straw mushrooms 7g<\/strong> is a rustic soup familiar to Vietnamese families. The soup is a combination of green vegetables such as Malabar spinach, sweet cabbage, cool amaranth with soft, juicy straw mushrooms, add a little hot pepper to stimulate the taste buds and you have a bowl of ISOUP soup - mixed vegetable soup with straw mushrooms, sweet and full of flavor.<\/p>\n<p><strong>How to Use:<\/strong><\/p>\n<ul>\n<li>Remove the soup cube from the packaging and put it in a bowl.<\/li>\n<li>Pour into 200ml of boiling water.<\/li>\n<li>Wait 3 minutes and mix well and enjoy while still hot<\/li>\n<\/ul>\n<p><strong>Preserve:<\/strong><\/p>\n<ul>\n<li>\u00a0Store in a cool, dry place, away from direct sunlight<\/li>\n<\/ul>\n<p><strong>Expiry:<\/strong> 09 months from date of manufacture<\/p>","protected":false},"excerpt":{"rendered":"<ul>\n<li>Brand: iSoup<\/li>\n<li>Brand Country: Viet nam<\/li>\n<li>Packaging: 7g tablet, bag of 5 tablets, carton of 20 bags<\/li>\n<li>Note: Product packaging may change from batch to batch<\/li>\n<\/ul>","protected":false},"featured_media":21030,"comment_status":"open","ping_status":"closed","template":"","meta":[],"product_brand":[],"product_cat":[33,481,31],"product_tag":[959,776],"class_list":{"0":"post-18804","1":"product","2":"type-product","3":"status-publish","4":"has-post-thumbnail","6":"product_cat-gia-vi","7":"product_cat-gia-vi-hoan-chinh","8":"product_cat-hang-moi-ve","9":"product_tag-canh-rau-tap-tang-nam-rom","10":"product_tag-isoup","11":"pa_thuong-hieu-isoup","13":"first","14":"instock","15":"shipping-taxable","16":"purchasable","17":"product-type-simple"},"yoast_head":"<!-- This site is optimized with the Yoast SEO plugin v24.4 - https:\/\/yoast.com\/wordpress\/plugins\/seo\/ -->\n<title>T\u00fai 5 Vi\u00ean canh \u0103n li\u1ec1n iSoup: canh rau t\u1eadp t\u00e0ng n\u1ea5m r\u01a1m 7g - TOLIO<\/title>\n<meta name=\"description\" content=\"Th\u01b0\u01a1ng hi\u1ec7u: iSoup  Xu\u1ea5t x\u1ee9 th\u01b0\u01a1ng hi\u1ec7u: Vi\u1ec7t Nam  Quy c\u00e1ch \u0111\u00f3ng g\u00f3i: Vi\u00ean 7g, t\u00fai 5 vi\u00ean, th\u00f9ng 20 t\u00fai  L\u01b0u \u00fd: Bao b\u00ec s\u1ea3n ph\u1ea9m c\u00f3 th\u1ec3 thay \u0111\u1ed5i theo t\u1eebng \u0111\u1ee3t nh\u1eadp h\u00e0ng\" \/>\n<meta name=\"robots\" content=\"index, follow, max-snippet:-1, max-image-preview:large, max-video-preview:-1\" \/>\n<link rel=\"canonical\" href=\"https:\/\/tolio.co.nz\/en\/product\/bag-of-5-isoup-soup-balls-mixed-vegetable-soup-with-7g-of-rom\/\" \/>\n<meta property=\"og:locale\" content=\"en_US\" \/>\n<meta property=\"og:type\" content=\"article\" \/>\n<meta property=\"og:title\" content=\"T\u00fai 5 Vi\u00ean canh \u0103n li\u1ec1n iSoup: canh rau t\u1eadp t\u00e0ng n\u1ea5m r\u01a1m 7g - TOLIO\" \/>\n<meta property=\"og:description\" content=\"Th\u01b0\u01a1ng hi\u1ec7u: iSoup  Xu\u1ea5t x\u1ee9 th\u01b0\u01a1ng hi\u1ec7u: Vi\u1ec7t Nam  Quy c\u00e1ch \u0111\u00f3ng g\u00f3i: Vi\u00ean 7g, t\u00fai 5 vi\u00ean, th\u00f9ng 20 t\u00fai  L\u01b0u \u00fd: Bao b\u00ec s\u1ea3n ph\u1ea9m c\u00f3 th\u1ec3 thay \u0111\u1ed5i theo t\u1eebng \u0111\u1ee3t nh\u1eadp h\u00e0ng\" \/>\n<meta property=\"og:url\" content=\"https:\/\/tolio.co.nz\/en\/product\/bag-of-5-isoup-soup-balls-mixed-vegetable-soup-with-7g-of-rom\/\" \/>\n<meta property=\"og:site_name\" content=\"TOLIO\" \/>\n<meta property=\"article:modified_time\" content=\"2026-04-15T04:39:28+00:00\" \/>\n<meta property=\"og:image\" content=\"https:\/\/tolio.co.nz\/wp-content\/uploads\/2024\/03\/10.png\" \/>\n\t<meta property=\"og:image:width\" content=\"1000\" \/>\n\t<meta property=\"og:image:height\" content=\"907\" \/>\n\t<meta property=\"og:image:type\" content=\"image\/png\" \/>\n<meta name=\"twitter:card\" content=\"summary_large_image\" \/>\n<meta name=\"twitter:label1\" content=\"Est. reading time\" \/>\n\t<meta name=\"twitter:data1\" content=\"1 minute\" \/>\n<script type=\"application\/ld+json\" class=\"yoast-schema-graph\">{\"@context\":\"https:\/\/schema.org\",\"@graph\":[{\"@type\":\"WebPage\",\"@id\":\"https:\/\/tolio.co.nz\/san-pham\/tui-5-vien-canh-an-lien-isoup-canh-rau-tap-tang-nam-rom-7g\/\",\"url\":\"https:\/\/tolio.co.nz\/san-pham\/tui-5-vien-canh-an-lien-isoup-canh-rau-tap-tang-nam-rom-7g\/\",\"name\":\"T\u00fai 5 Vi\u00ean canh \u0103n li\u1ec1n iSoup: canh rau t\u1eadp t\u00e0ng n\u1ea5m r\u01a1m 7g - TOLIO\",\"isPartOf\":{\"@id\":\"https:\/\/tolio.co.nz\/#website\"},\"primaryImageOfPage\":{\"@id\":\"https:\/\/tolio.co.nz\/san-pham\/tui-5-vien-canh-an-lien-isoup-canh-rau-tap-tang-nam-rom-7g\/#primaryimage\"},\"image\":{\"@id\":\"https:\/\/tolio.co.nz\/san-pham\/tui-5-vien-canh-an-lien-isoup-canh-rau-tap-tang-nam-rom-7g\/#primaryimage\"},\"thumbnailUrl\":\"https:\/\/tolio.co.nz\/wp-content\/uploads\/2024\/03\/10.png\",\"datePublished\":\"2024-08-04T16:27:00+00:00\",\"dateModified\":\"2026-04-15T04:39:28+00:00\",\"description\":\"Th\u01b0\u01a1ng hi\u1ec7u: iSoup Xu\u1ea5t x\u1ee9 th\u01b0\u01a1ng hi\u1ec7u: Vi\u1ec7t Nam Quy c\u00e1ch \u0111\u00f3ng g\u00f3i: Vi\u00ean 7g, t\u00fai 5 vi\u00ean, th\u00f9ng 20 t\u00fai L\u01b0u \u00fd: Bao b\u00ec s\u1ea3n ph\u1ea9m c\u00f3 th\u1ec3 thay \u0111\u1ed5i theo t\u1eebng \u0111\u1ee3t nh\u1eadp h\u00e0ng\",\"breadcrumb\":{\"@id\":\"https:\/\/tolio.co.nz\/san-pham\/tui-5-vien-canh-an-lien-isoup-canh-rau-tap-tang-nam-rom-7g\/#breadcrumb\"},\"inLanguage\":\"en-US\",\"potentialAction\":[{\"@type\":\"ReadAction\",\"target\":[\"https:\/\/tolio.co.nz\/san-pham\/tui-5-vien-canh-an-lien-isoup-canh-rau-tap-tang-nam-rom-7g\/\"]}]},{\"@type\":\"ImageObject\",\"inLanguage\":\"en-US\",\"@id\":\"https:\/\/tolio.co.nz\/san-pham\/tui-5-vien-canh-an-lien-isoup-canh-rau-tap-tang-nam-rom-7g\/#primaryimage\",\"url\":\"https:\/\/tolio.co.nz\/wp-content\/uploads\/2024\/03\/10.png\",\"contentUrl\":\"https:\/\/tolio.co.nz\/wp-content\/uploads\/2024\/03\/10.png\",\"width\":1000,\"height\":907},{\"@type\":\"BreadcrumbList\",\"@id\":\"https:\/\/tolio.co.nz\/san-pham\/tui-5-vien-canh-an-lien-isoup-canh-rau-tap-tang-nam-rom-7g\/#breadcrumb\",\"itemListElement\":[{\"@type\":\"ListItem\",\"position\":1,\"name\":\"Home\",\"item\":\"https:\/\/tolio.co.nz\/\"},{\"@type\":\"ListItem\",\"position\":2,\"name\":\"C\u1eeda h\u00e0ng\",\"item\":\"https:\/\/tolio.co.nz\/cua-hang\/\"},{\"@type\":\"ListItem\",\"position\":3,\"name\":\"T\u00fai 5 Vi\u00ean canh \u0103n li\u1ec1n iSoup: canh rau t\u1eadp t\u00e0ng n\u1ea5m r\u01a1m 7g\"}]},{\"@type\":\"WebSite\",\"@id\":\"https:\/\/tolio.co.nz\/#website\",\"url\":\"https:\/\/tolio.co.nz\/\",\"name\":\"TOLIO\",\"description\":\"Vietnamese Grocery Online\",\"potentialAction\":[{\"@type\":\"SearchAction\",\"target\":{\"@type\":\"EntryPoint\",\"urlTemplate\":\"https:\/\/tolio.co.nz\/?s={search_term_string}\"},\"query-input\":{\"@type\":\"PropertyValueSpecification\",\"valueRequired\":true,\"valueName\":\"search_term_string\"}}],\"inLanguage\":\"en-US\"}]}<\/script>\n<!-- \/ Yoast SEO plugin. -->","yoast_head_json":{"title":"T\u00fai 5 Vi\u00ean canh \u0103n li\u1ec1n iSoup: canh rau t\u1eadp t\u00e0ng n\u1ea5m r\u01a1m 7g - TOLIO","description":"Th\u01b0\u01a1ng hi\u1ec7u: iSoup  Xu\u1ea5t x\u1ee9 th\u01b0\u01a1ng hi\u1ec7u: Vi\u1ec7t Nam  Quy c\u00e1ch \u0111\u00f3ng g\u00f3i: Vi\u00ean 7g, t\u00fai 5 vi\u00ean, th\u00f9ng 20 t\u00fai  L\u01b0u \u00fd: Bao b\u00ec s\u1ea3n ph\u1ea9m c\u00f3 th\u1ec3 thay \u0111\u1ed5i theo t\u1eebng \u0111\u1ee3t nh\u1eadp h\u00e0ng","robots":{"index":"index","follow":"follow","max-snippet":"max-snippet:-1","max-image-preview":"max-image-preview:large","max-video-preview":"max-video-preview:-1"},"canonical":"https:\/\/tolio.co.nz\/en\/product\/bag-of-5-isoup-soup-balls-mixed-vegetable-soup-with-7g-of-rom\/","og_locale":"en_US","og_type":"article","og_title":"T\u00fai 5 Vi\u00ean canh \u0103n li\u1ec1n iSoup: canh rau t\u1eadp t\u00e0ng n\u1ea5m r\u01a1m 7g - TOLIO","og_description":"Th\u01b0\u01a1ng hi\u1ec7u: iSoup  Xu\u1ea5t x\u1ee9 th\u01b0\u01a1ng hi\u1ec7u: Vi\u1ec7t Nam  Quy c\u00e1ch \u0111\u00f3ng g\u00f3i: Vi\u00ean 7g, t\u00fai 5 vi\u00ean, th\u00f9ng 20 t\u00fai  L\u01b0u \u00fd: Bao b\u00ec s\u1ea3n ph\u1ea9m c\u00f3 th\u1ec3 thay \u0111\u1ed5i theo t\u1eebng \u0111\u1ee3t nh\u1eadp h\u00e0ng","og_url":"https:\/\/tolio.co.nz\/en\/product\/bag-of-5-isoup-soup-balls-mixed-vegetable-soup-with-7g-of-rom\/","og_site_name":"TOLIO","article_modified_time":"2026-04-15T04:39:28+00:00","og_image":[{"width":1000,"height":907,"url":"https:\/\/tolio.co.nz\/wp-content\/uploads\/2024\/03\/10.png","type":"image\/png"}],"twitter_card":"summary_large_image","twitter_misc":{"Est. reading time":"1 minute"},"schema":{"@context":"https:\/\/schema.org","@graph":[{"@type":"WebPage","@id":"https:\/\/tolio.co.nz\/san-pham\/tui-5-vien-canh-an-lien-isoup-canh-rau-tap-tang-nam-rom-7g\/","url":"https:\/\/tolio.co.nz\/san-pham\/tui-5-vien-canh-an-lien-isoup-canh-rau-tap-tang-nam-rom-7g\/","name":"T\u00fai 5 Vi\u00ean canh \u0103n li\u1ec1n iSoup: canh rau t\u1eadp t\u00e0ng n\u1ea5m r\u01a1m 7g - TOLIO","isPartOf":{"@id":"https:\/\/tolio.co.nz\/#website"},"primaryImageOfPage":{"@id":"https:\/\/tolio.co.nz\/san-pham\/tui-5-vien-canh-an-lien-isoup-canh-rau-tap-tang-nam-rom-7g\/#primaryimage"},"image":{"@id":"https:\/\/tolio.co.nz\/san-pham\/tui-5-vien-canh-an-lien-isoup-canh-rau-tap-tang-nam-rom-7g\/#primaryimage"},"thumbnailUrl":"https:\/\/tolio.co.nz\/wp-content\/uploads\/2024\/03\/10.png","datePublished":"2024-08-04T16:27:00+00:00","dateModified":"2026-04-15T04:39:28+00:00","description":"Th\u01b0\u01a1ng hi\u1ec7u: iSoup Xu\u1ea5t x\u1ee9 th\u01b0\u01a1ng hi\u1ec7u: Vi\u1ec7t Nam Quy c\u00e1ch \u0111\u00f3ng g\u00f3i: Vi\u00ean 7g, t\u00fai 5 vi\u00ean, th\u00f9ng 20 t\u00fai L\u01b0u \u00fd: Bao b\u00ec s\u1ea3n ph\u1ea9m c\u00f3 th\u1ec3 thay \u0111\u1ed5i theo t\u1eebng \u0111\u1ee3t nh\u1eadp h\u00e0ng","breadcrumb":{"@id":"https:\/\/tolio.co.nz\/san-pham\/tui-5-vien-canh-an-lien-isoup-canh-rau-tap-tang-nam-rom-7g\/#breadcrumb"},"inLanguage":"en-US","potentialAction":[{"@type":"ReadAction","target":["https:\/\/tolio.co.nz\/san-pham\/tui-5-vien-canh-an-lien-isoup-canh-rau-tap-tang-nam-rom-7g\/"]}]},{"@type":"ImageObject","inLanguage":"en-US","@id":"https:\/\/tolio.co.nz\/san-pham\/tui-5-vien-canh-an-lien-isoup-canh-rau-tap-tang-nam-rom-7g\/#primaryimage","url":"https:\/\/tolio.co.nz\/wp-content\/uploads\/2024\/03\/10.png","contentUrl":"https:\/\/tolio.co.nz\/wp-content\/uploads\/2024\/03\/10.png","width":1000,"height":907},{"@type":"BreadcrumbList","@id":"https:\/\/tolio.co.nz\/san-pham\/tui-5-vien-canh-an-lien-isoup-canh-rau-tap-tang-nam-rom-7g\/#breadcrumb","itemListElement":[{"@type":"ListItem","position":1,"name":"Home","item":"https:\/\/tolio.co.nz\/"},{"@type":"ListItem","position":2,"name":"C\u1eeda h\u00e0ng","item":"https:\/\/tolio.co.nz\/cua-hang\/"},{"@type":"ListItem","position":3,"name":"T\u00fai 5 Vi\u00ean canh \u0103n li\u1ec1n iSoup: canh rau t\u1eadp t\u00e0ng n\u1ea5m r\u01a1m 7g"}]},{"@type":"WebSite","@id":"https:\/\/tolio.co.nz\/#website","url":"https:\/\/tolio.co.nz\/","name":"TOLIO","description":"Vietnamese Grocery Online","potentialAction":[{"@type":"SearchAction","target":{"@type":"EntryPoint","urlTemplate":"https:\/\/tolio.co.nz\/?s={search_term_string}"},"query-input":{"@type":"PropertyValueSpecification","valueRequired":true,"valueName":"search_term_string"}}],"inLanguage":"en-US"}]}},"_links":{"self":[{"href":"https:\/\/tolio.co.nz\/en\/wp-json\/wp\/v2\/product\/18804","targetHints":{"allow":["GET"]}}],"collection":[{"href":"https:\/\/tolio.co.nz\/en\/wp-json\/wp\/v2\/product"}],"about":[{"href":"https:\/\/tolio.co.nz\/en\/wp-json\/wp\/v2\/types\/product"}],"replies":[{"embeddable":true,"href":"https:\/\/tolio.co.nz\/en\/wp-json\/wp\/v2\/comments?post=18804"}],"wp:featuredmedia":[{"embeddable":true,"href":"https:\/\/tolio.co.nz\/en\/wp-json\/wp\/v2\/media\/21030"}],"wp:attachment":[{"href":"https:\/\/tolio.co.nz\/en\/wp-json\/wp\/v2\/media?parent=18804"}],"wp:term":[{"taxonomy":"product_brand","embeddable":true,"href":"https:\/\/tolio.co.nz\/en\/wp-json\/wp\/v2\/product_brand?post=18804"},{"taxonomy":"product_cat","embeddable":true,"href":"https:\/\/tolio.co.nz\/en\/wp-json\/wp\/v2\/product_cat?post=18804"},{"taxonomy":"product_tag","embeddable":true,"href":"https:\/\/tolio.co.nz\/en\/wp-json\/wp\/v2\/product_tag?post=18804"}],"curies":[{"name":"wp","href":"https:\/\/api.w.org\/{rel}","templated":true}]}}