{"id":18869,"date":"2024-07-31T22:48:37","date_gmt":"2024-07-31T10:03:37","guid":{"rendered":"https:\/\/tolio.co.nz\/?post_type=product&#038;p=18869"},"modified":"2026-03-28T19:26:38","modified_gmt":"2026-03-28T07:26:38","slug":"thung-24-lon-ca-phe-sua-highland-coffee-lon-235ml","status":"publish","type":"product","link":"https:\/\/tolio.co.nz\/en\/product\/pack-of-24-cans-of-highland-coffee-can-235ml\/","title":{"rendered":"Carton of 24 cans of Highland Coffee milk coffee, 235ml can"},"content":{"rendered":"<p><span style=\"font-size: 12pt\"><strong><span class=\"fontstyle0\">Carton of 24 cans of Highland Coffee milk coffee, 235ml can<\/span><\/strong>\u00a0processed from carefully selected coffee beans, with a delicate recipe, still retains the rich and delicious taste of pure coffee.<\/span><\/p>\n<ul>\n<li><span style=\"font-size: 12pt\">The product is manufactured and packaged in cans according to a closed process, the product also meets food safety standards, does not contain harmful chemicals affecting the health of consumers.<\/span><\/li>\n<\/ul>\n<p><span style=\"font-size: 12pt\"><strong>User manual<\/strong>:<\/span><\/p>\n<ul>\n<li><span style=\"font-size: 12pt\">Shake gently before drinking, use immediately after opening.<\/span><\/li>\n<li><span style=\"font-size: 12pt\">More delicious cold drink.<\/span><\/li>\n<\/ul>\n<p><span style=\"font-size: 12pt\"><strong>Preserve<\/strong>:<\/span><\/p>\n<ul>\n<li><span style=\"font-size: 12pt\">To a dry, cool place.<\/span><\/li>\n<li><span style=\"font-size: 12pt\">Avoid direct sunlight or high temperature places.<\/span><\/li>\n<\/ul>\n<p><strong>Expiry: <\/strong>18 months from date of manufacture<\/p>\n<p>&nbsp;<\/p>\n<p>&nbsp;<\/p>","protected":false},"excerpt":{"rendered":"<ul>\n<li>Brand: Highlands Vietnam<\/li>\n<li>Brand Country: Viet nam<\/li>\n<li>Packaging: 235ml can, 6 cans\/pack, 24 cans\/carton<\/li>\n<li>Note: Product packaging may change from batch to batch<\/li>\n<\/ul>","protected":false},"featured_media":20880,"comment_status":"open","ping_status":"closed","template":"","meta":[],"product_brand":[],"product_cat":[31,34,483],"product_tag":[74,76,75],"class_list":{"0":"post-18869","1":"product","2":"type-product","3":"status-publish","4":"has-post-thumbnail","6":"product_cat-hang-moi-ve","7":"product_cat-thuc-uong","8":"product_cat-ca-phe","9":"product_tag-coffee","10":"product_tag-coffee-highland","11":"product_tag-coffee-sua","12":"pa_thuong-hieu-highlands","14":"first","15":"instock","16":"sale","17":"shipping-taxable","18":"purchasable","19":"product-type-simple"},"yoast_head":"<!-- This site is optimized with the Yoast SEO plugin v24.4 - https:\/\/yoast.com\/wordpress\/plugins\/seo\/ -->\n<title>Th\u00f9ng 24 lon C\u00e0 ph\u00ea s\u1eefa Highland Coffee lon 235ml - TOLIO<\/title>\n<meta name=\"description\" content=\"Th\u01b0\u01a1ng hi\u1ec7u: Highlands Vi\u1ec7t Nam  Xu\u1ea5t x\u1ee9 th\u01b0\u01a1ng hi\u1ec7u: Vi\u1ec7t Nam  Quy c\u00e1ch \u0111\u00f3ng g\u00f3i: Lon 235ml, 6 lon\/l\u1ed1c, 24 lon\/th\u00f9ng  L\u01b0u \u00fd: Bao b\u00ec s\u1ea3n ph\u1ea9m c\u00f3 th\u1ec3 thay \u0111\u1ed5i theo t\u1eebng \u0111\u1ee3t nh\u1eadp h\u00e0ng\" \/>\n<meta name=\"robots\" content=\"index, follow, max-snippet:-1, max-image-preview:large, max-video-preview:-1\" \/>\n<link rel=\"canonical\" href=\"https:\/\/tolio.co.nz\/en\/product\/pack-of-24-cans-of-highland-coffee-can-235ml\/\" \/>\n<meta property=\"og:locale\" content=\"en_US\" \/>\n<meta property=\"og:type\" content=\"article\" \/>\n<meta property=\"og:title\" content=\"Th\u00f9ng 24 lon C\u00e0 ph\u00ea s\u1eefa Highland Coffee lon 235ml - TOLIO\" \/>\n<meta property=\"og:description\" content=\"Th\u01b0\u01a1ng hi\u1ec7u: Highlands Vi\u1ec7t Nam  Xu\u1ea5t x\u1ee9 th\u01b0\u01a1ng hi\u1ec7u: Vi\u1ec7t Nam  Quy c\u00e1ch \u0111\u00f3ng g\u00f3i: Lon 235ml, 6 lon\/l\u1ed1c, 24 lon\/th\u00f9ng  L\u01b0u \u00fd: Bao b\u00ec s\u1ea3n ph\u1ea9m c\u00f3 th\u1ec3 thay \u0111\u1ed5i theo t\u1eebng \u0111\u1ee3t nh\u1eadp h\u00e0ng\" \/>\n<meta property=\"og:url\" content=\"https:\/\/tolio.co.nz\/en\/product\/pack-of-24-cans-of-highland-coffee-can-235ml\/\" \/>\n<meta property=\"og:site_name\" content=\"TOLIO\" \/>\n<meta property=\"article:modified_time\" content=\"2026-03-28T07:26:38+00:00\" \/>\n<meta property=\"og:image\" content=\"https:\/\/tolio.co.nz\/wp-content\/uploads\/2024\/07\/386-1.png\" \/>\n\t<meta property=\"og:image:width\" content=\"1000\" \/>\n\t<meta property=\"og:image:height\" content=\"907\" \/>\n\t<meta property=\"og:image:type\" content=\"image\/png\" \/>\n<meta name=\"twitter:card\" content=\"summary_large_image\" \/>\n<meta name=\"twitter:label1\" content=\"Est. reading time\" \/>\n\t<meta name=\"twitter:data1\" content=\"1 minute\" \/>\n<script type=\"application\/ld+json\" class=\"yoast-schema-graph\">{\"@context\":\"https:\/\/schema.org\",\"@graph\":[{\"@type\":\"WebPage\",\"@id\":\"https:\/\/tolio.co.nz\/san-pham\/thung-24-lon-ca-phe-sua-highland-coffee-lon-235ml\/\",\"url\":\"https:\/\/tolio.co.nz\/san-pham\/thung-24-lon-ca-phe-sua-highland-coffee-lon-235ml\/\",\"name\":\"Th\u00f9ng 24 lon C\u00e0 ph\u00ea s\u1eefa Highland Coffee lon 235ml - TOLIO\",\"isPartOf\":{\"@id\":\"https:\/\/tolio.co.nz\/#website\"},\"primaryImageOfPage\":{\"@id\":\"https:\/\/tolio.co.nz\/san-pham\/thung-24-lon-ca-phe-sua-highland-coffee-lon-235ml\/#primaryimage\"},\"image\":{\"@id\":\"https:\/\/tolio.co.nz\/san-pham\/thung-24-lon-ca-phe-sua-highland-coffee-lon-235ml\/#primaryimage\"},\"thumbnailUrl\":\"https:\/\/tolio.co.nz\/wp-content\/uploads\/2024\/07\/386-1.png\",\"datePublished\":\"2024-07-31T10:03:37+00:00\",\"dateModified\":\"2026-03-28T07:26:38+00:00\",\"description\":\"Th\u01b0\u01a1ng hi\u1ec7u: Highlands Vi\u1ec7t Nam Xu\u1ea5t x\u1ee9 th\u01b0\u01a1ng hi\u1ec7u: Vi\u1ec7t Nam Quy c\u00e1ch \u0111\u00f3ng g\u00f3i: Lon 235ml, 6 lon\/l\u1ed1c, 24 lon\/th\u00f9ng L\u01b0u \u00fd: Bao b\u00ec s\u1ea3n ph\u1ea9m c\u00f3 th\u1ec3 thay \u0111\u1ed5i theo t\u1eebng \u0111\u1ee3t nh\u1eadp h\u00e0ng\",\"breadcrumb\":{\"@id\":\"https:\/\/tolio.co.nz\/san-pham\/thung-24-lon-ca-phe-sua-highland-coffee-lon-235ml\/#breadcrumb\"},\"inLanguage\":\"en-US\",\"potentialAction\":[{\"@type\":\"ReadAction\",\"target\":[\"https:\/\/tolio.co.nz\/san-pham\/thung-24-lon-ca-phe-sua-highland-coffee-lon-235ml\/\"]}]},{\"@type\":\"ImageObject\",\"inLanguage\":\"en-US\",\"@id\":\"https:\/\/tolio.co.nz\/san-pham\/thung-24-lon-ca-phe-sua-highland-coffee-lon-235ml\/#primaryimage\",\"url\":\"https:\/\/tolio.co.nz\/wp-content\/uploads\/2024\/07\/386-1.png\",\"contentUrl\":\"https:\/\/tolio.co.nz\/wp-content\/uploads\/2024\/07\/386-1.png\",\"width\":1000,\"height\":907},{\"@type\":\"BreadcrumbList\",\"@id\":\"https:\/\/tolio.co.nz\/san-pham\/thung-24-lon-ca-phe-sua-highland-coffee-lon-235ml\/#breadcrumb\",\"itemListElement\":[{\"@type\":\"ListItem\",\"position\":1,\"name\":\"Home\",\"item\":\"https:\/\/tolio.co.nz\/\"},{\"@type\":\"ListItem\",\"position\":2,\"name\":\"C\u1eeda h\u00e0ng\",\"item\":\"https:\/\/tolio.co.nz\/cua-hang\/\"},{\"@type\":\"ListItem\",\"position\":3,\"name\":\"Th\u00f9ng 24 lon C\u00e0 ph\u00ea s\u1eefa Highland Coffee lon 235ml\"}]},{\"@type\":\"WebSite\",\"@id\":\"https:\/\/tolio.co.nz\/#website\",\"url\":\"https:\/\/tolio.co.nz\/\",\"name\":\"TOLIO\",\"description\":\"Vietnamese Grocery Online\",\"potentialAction\":[{\"@type\":\"SearchAction\",\"target\":{\"@type\":\"EntryPoint\",\"urlTemplate\":\"https:\/\/tolio.co.nz\/?s={search_term_string}\"},\"query-input\":{\"@type\":\"PropertyValueSpecification\",\"valueRequired\":true,\"valueName\":\"search_term_string\"}}],\"inLanguage\":\"en-US\"}]}<\/script>\n<!-- \/ Yoast SEO plugin. -->","yoast_head_json":{"title":"Th\u00f9ng 24 lon C\u00e0 ph\u00ea s\u1eefa Highland Coffee lon 235ml - TOLIO","description":"Th\u01b0\u01a1ng hi\u1ec7u: Highlands Vi\u1ec7t Nam  Xu\u1ea5t x\u1ee9 th\u01b0\u01a1ng hi\u1ec7u: Vi\u1ec7t Nam  Quy c\u00e1ch \u0111\u00f3ng g\u00f3i: Lon 235ml, 6 lon\/l\u1ed1c, 24 lon\/th\u00f9ng  L\u01b0u \u00fd: Bao b\u00ec s\u1ea3n ph\u1ea9m c\u00f3 th\u1ec3 thay \u0111\u1ed5i theo t\u1eebng \u0111\u1ee3t nh\u1eadp h\u00e0ng","robots":{"index":"index","follow":"follow","max-snippet":"max-snippet:-1","max-image-preview":"max-image-preview:large","max-video-preview":"max-video-preview:-1"},"canonical":"https:\/\/tolio.co.nz\/en\/product\/pack-of-24-cans-of-highland-coffee-can-235ml\/","og_locale":"en_US","og_type":"article","og_title":"Th\u00f9ng 24 lon C\u00e0 ph\u00ea s\u1eefa Highland Coffee lon 235ml - TOLIO","og_description":"Th\u01b0\u01a1ng hi\u1ec7u: Highlands Vi\u1ec7t Nam  Xu\u1ea5t x\u1ee9 th\u01b0\u01a1ng hi\u1ec7u: Vi\u1ec7t Nam  Quy c\u00e1ch \u0111\u00f3ng g\u00f3i: Lon 235ml, 6 lon\/l\u1ed1c, 24 lon\/th\u00f9ng  L\u01b0u \u00fd: Bao b\u00ec s\u1ea3n ph\u1ea9m c\u00f3 th\u1ec3 thay \u0111\u1ed5i theo t\u1eebng \u0111\u1ee3t nh\u1eadp h\u00e0ng","og_url":"https:\/\/tolio.co.nz\/en\/product\/pack-of-24-cans-of-highland-coffee-can-235ml\/","og_site_name":"TOLIO","article_modified_time":"2026-03-28T07:26:38+00:00","og_image":[{"width":1000,"height":907,"url":"https:\/\/tolio.co.nz\/wp-content\/uploads\/2024\/07\/386-1.png","type":"image\/png"}],"twitter_card":"summary_large_image","twitter_misc":{"Est. reading time":"1 minute"},"schema":{"@context":"https:\/\/schema.org","@graph":[{"@type":"WebPage","@id":"https:\/\/tolio.co.nz\/san-pham\/thung-24-lon-ca-phe-sua-highland-coffee-lon-235ml\/","url":"https:\/\/tolio.co.nz\/san-pham\/thung-24-lon-ca-phe-sua-highland-coffee-lon-235ml\/","name":"Th\u00f9ng 24 lon C\u00e0 ph\u00ea s\u1eefa Highland Coffee lon 235ml - TOLIO","isPartOf":{"@id":"https:\/\/tolio.co.nz\/#website"},"primaryImageOfPage":{"@id":"https:\/\/tolio.co.nz\/san-pham\/thung-24-lon-ca-phe-sua-highland-coffee-lon-235ml\/#primaryimage"},"image":{"@id":"https:\/\/tolio.co.nz\/san-pham\/thung-24-lon-ca-phe-sua-highland-coffee-lon-235ml\/#primaryimage"},"thumbnailUrl":"https:\/\/tolio.co.nz\/wp-content\/uploads\/2024\/07\/386-1.png","datePublished":"2024-07-31T10:03:37+00:00","dateModified":"2026-03-28T07:26:38+00:00","description":"Th\u01b0\u01a1ng hi\u1ec7u: Highlands Vi\u1ec7t Nam Xu\u1ea5t x\u1ee9 th\u01b0\u01a1ng hi\u1ec7u: Vi\u1ec7t Nam Quy c\u00e1ch \u0111\u00f3ng g\u00f3i: Lon 235ml, 6 lon\/l\u1ed1c, 24 lon\/th\u00f9ng L\u01b0u \u00fd: Bao b\u00ec s\u1ea3n ph\u1ea9m c\u00f3 th\u1ec3 thay \u0111\u1ed5i theo t\u1eebng \u0111\u1ee3t nh\u1eadp h\u00e0ng","breadcrumb":{"@id":"https:\/\/tolio.co.nz\/san-pham\/thung-24-lon-ca-phe-sua-highland-coffee-lon-235ml\/#breadcrumb"},"inLanguage":"en-US","potentialAction":[{"@type":"ReadAction","target":["https:\/\/tolio.co.nz\/san-pham\/thung-24-lon-ca-phe-sua-highland-coffee-lon-235ml\/"]}]},{"@type":"ImageObject","inLanguage":"en-US","@id":"https:\/\/tolio.co.nz\/san-pham\/thung-24-lon-ca-phe-sua-highland-coffee-lon-235ml\/#primaryimage","url":"https:\/\/tolio.co.nz\/wp-content\/uploads\/2024\/07\/386-1.png","contentUrl":"https:\/\/tolio.co.nz\/wp-content\/uploads\/2024\/07\/386-1.png","width":1000,"height":907},{"@type":"BreadcrumbList","@id":"https:\/\/tolio.co.nz\/san-pham\/thung-24-lon-ca-phe-sua-highland-coffee-lon-235ml\/#breadcrumb","itemListElement":[{"@type":"ListItem","position":1,"name":"Home","item":"https:\/\/tolio.co.nz\/"},{"@type":"ListItem","position":2,"name":"C\u1eeda h\u00e0ng","item":"https:\/\/tolio.co.nz\/cua-hang\/"},{"@type":"ListItem","position":3,"name":"Th\u00f9ng 24 lon C\u00e0 ph\u00ea s\u1eefa Highland Coffee lon 235ml"}]},{"@type":"WebSite","@id":"https:\/\/tolio.co.nz\/#website","url":"https:\/\/tolio.co.nz\/","name":"TOLIO","description":"Vietnamese Grocery Online","potentialAction":[{"@type":"SearchAction","target":{"@type":"EntryPoint","urlTemplate":"https:\/\/tolio.co.nz\/?s={search_term_string}"},"query-input":{"@type":"PropertyValueSpecification","valueRequired":true,"valueName":"search_term_string"}}],"inLanguage":"en-US"}]}},"_links":{"self":[{"href":"https:\/\/tolio.co.nz\/en\/wp-json\/wp\/v2\/product\/18869","targetHints":{"allow":["GET"]}}],"collection":[{"href":"https:\/\/tolio.co.nz\/en\/wp-json\/wp\/v2\/product"}],"about":[{"href":"https:\/\/tolio.co.nz\/en\/wp-json\/wp\/v2\/types\/product"}],"replies":[{"embeddable":true,"href":"https:\/\/tolio.co.nz\/en\/wp-json\/wp\/v2\/comments?post=18869"}],"wp:featuredmedia":[{"embeddable":true,"href":"https:\/\/tolio.co.nz\/en\/wp-json\/wp\/v2\/media\/20880"}],"wp:attachment":[{"href":"https:\/\/tolio.co.nz\/en\/wp-json\/wp\/v2\/media?parent=18869"}],"wp:term":[{"taxonomy":"product_brand","embeddable":true,"href":"https:\/\/tolio.co.nz\/en\/wp-json\/wp\/v2\/product_brand?post=18869"},{"taxonomy":"product_cat","embeddable":true,"href":"https:\/\/tolio.co.nz\/en\/wp-json\/wp\/v2\/product_cat?post=18869"},{"taxonomy":"product_tag","embeddable":true,"href":"https:\/\/tolio.co.nz\/en\/wp-json\/wp\/v2\/product_tag?post=18869"}],"curies":[{"name":"wp","href":"https:\/\/api.w.org\/{rel}","templated":true}]}}