{"id":19722,"date":"2024-08-26T22:22:05","date_gmt":"2024-08-26T09:37:05","guid":{"rendered":"https:\/\/tolio.co.nz\/?post_type=product&#038;p=19722"},"modified":"2026-04-03T00:10:43","modified_gmt":"2026-04-02T12:10:43","slug":"set-nguyen-lieu-nau-che-sam-bo-luong-500g","status":"publish","type":"product","link":"https:\/\/tolio.co.nz\/en\/product\/set-raw-noodles-to-cover-sam-bo-luong-500g\/","title":{"rendered":"Set of ingredients to cook ginseng sweet soup 500g"},"content":{"rendered":"<p><strong>Set of ingredients to cook ginseng sweet soup 500g<\/strong> With ingredients including white beans, lotus seeds, red apples, seaweed, wood ear, millet and longan meat, along with a convenient recipe, giving you and your family delicious, nutritious cups of ginseng and bo luong sweet soup, helping to cool the body, calm the nerves... Each set of ingredients will produce 25-30 cups of sweet soup.<\/p>\n<p><strong>How to Use:\u00a0<\/strong><\/p>\n<ul>\n<li>Mix and cook according to the detailed instructions included in the set.<\/li>\n<\/ul>\n<p><strong>Preserve: <\/strong><\/p>\n<ul>\n<li>Store in a cool, dry place or refrigerate. Avoid direct sunlight.<\/li>\n<\/ul>\n<p><strong>Expiry:<\/strong><\/p>\n<ul>\n<li>12 months from date of manufacture<\/li>\n<\/ul>","protected":false},"excerpt":{"rendered":"<ul>\n<li>Brand: Tolifood<\/li>\n<li>Brand Country: Viet nam<\/li>\n<li>Packing: 500g pack<\/li>\n<li>Note: Product packaging may change from batch to batch<\/li>\n<\/ul>","protected":false},"featured_media":20761,"comment_status":"open","ping_status":"closed","template":"","meta":[],"product_brand":[],"product_cat":[35,31],"product_tag":[991,992],"class_list":{"0":"post-19722","1":"product","2":"type-product","3":"status-publish","4":"has-post-thumbnail","6":"product_cat-banh-keo","7":"product_cat-hang-moi-ve","8":"product_tag-nguyen-lieu-nau-che","9":"product_tag-sam-bo-luong","10":"pa_thuong-hieu-tolifood","12":"first","13":"instock","14":"sale","15":"shipping-taxable","16":"purchasable","17":"product-type-simple"},"yoast_head":"<!-- This site is optimized with the Yoast SEO plugin v24.4 - https:\/\/yoast.com\/wordpress\/plugins\/seo\/ -->\n<title>Set nguy\u00ean li\u1ec7u n\u1ea5u ch\u00e8 s\u00e2m b\u1ed5 l\u01b0\u1ee3ng 500g - TOLIO<\/title>\n<meta name=\"description\" content=\"Th\u01b0\u01a1ng hi\u1ec7u: Tolifood  Xu\u1ea5t x\u1ee9 th\u01b0\u01a1ng hi\u1ec7u: Vi\u1ec7t Nam  Quy c\u00e1ch \u0111\u00f3ng g\u00f3i: g\u00f3i 500g  L\u01b0u \u00fd: Bao b\u00ec s\u1ea3n ph\u1ea9m c\u00f3 th\u1ec3 thay \u0111\u1ed5i theo t\u1eebng \u0111\u1ee3t nh\u1eadp h\u00e0ng\" \/>\n<meta name=\"robots\" content=\"index, follow, max-snippet:-1, max-image-preview:large, max-video-preview:-1\" \/>\n<link rel=\"canonical\" href=\"https:\/\/tolio.co.nz\/en\/product\/set-raw-noodles-to-cover-sam-bo-luong-500g\/\" \/>\n<meta property=\"og:locale\" content=\"en_US\" \/>\n<meta property=\"og:type\" content=\"article\" \/>\n<meta property=\"og:title\" content=\"Set nguy\u00ean li\u1ec7u n\u1ea5u ch\u00e8 s\u00e2m b\u1ed5 l\u01b0\u1ee3ng 500g - TOLIO\" \/>\n<meta property=\"og:description\" content=\"Th\u01b0\u01a1ng hi\u1ec7u: Tolifood  Xu\u1ea5t x\u1ee9 th\u01b0\u01a1ng hi\u1ec7u: Vi\u1ec7t Nam  Quy c\u00e1ch \u0111\u00f3ng g\u00f3i: g\u00f3i 500g  L\u01b0u \u00fd: Bao b\u00ec s\u1ea3n ph\u1ea9m c\u00f3 th\u1ec3 thay \u0111\u1ed5i theo t\u1eebng \u0111\u1ee3t nh\u1eadp h\u00e0ng\" \/>\n<meta property=\"og:url\" content=\"https:\/\/tolio.co.nz\/en\/product\/set-raw-noodles-to-cover-sam-bo-luong-500g\/\" \/>\n<meta property=\"og:site_name\" content=\"TOLIO\" \/>\n<meta property=\"article:modified_time\" content=\"2026-04-02T12:10:43+00:00\" \/>\n<meta property=\"og:image\" content=\"https:\/\/tolio.co.nz\/wp-content\/uploads\/2024\/08\/sam-bo-luong.png\" \/>\n\t<meta property=\"og:image:width\" content=\"1000\" \/>\n\t<meta property=\"og:image:height\" content=\"907\" \/>\n\t<meta property=\"og:image:type\" content=\"image\/png\" \/>\n<meta name=\"twitter:card\" content=\"summary_large_image\" \/>\n<meta name=\"twitter:label1\" content=\"Est. reading time\" \/>\n\t<meta name=\"twitter:data1\" content=\"1 minute\" \/>\n<script type=\"application\/ld+json\" class=\"yoast-schema-graph\">{\"@context\":\"https:\/\/schema.org\",\"@graph\":[{\"@type\":\"WebPage\",\"@id\":\"https:\/\/tolio.co.nz\/?post_type=product&p=19722\",\"url\":\"https:\/\/tolio.co.nz\/?post_type=product&p=19722\",\"name\":\"Set nguy\u00ean li\u1ec7u n\u1ea5u ch\u00e8 s\u00e2m b\u1ed5 l\u01b0\u1ee3ng 500g - TOLIO\",\"isPartOf\":{\"@id\":\"https:\/\/tolio.co.nz\/#website\"},\"primaryImageOfPage\":{\"@id\":\"https:\/\/tolio.co.nz\/?post_type=product&p=19722#primaryimage\"},\"image\":{\"@id\":\"https:\/\/tolio.co.nz\/?post_type=product&p=19722#primaryimage\"},\"thumbnailUrl\":\"https:\/\/tolio.co.nz\/wp-content\/uploads\/2024\/08\/sam-bo-luong.png\",\"datePublished\":\"2024-08-26T09:37:05+00:00\",\"dateModified\":\"2026-04-02T12:10:43+00:00\",\"description\":\"Th\u01b0\u01a1ng hi\u1ec7u: Tolifood Xu\u1ea5t x\u1ee9 th\u01b0\u01a1ng hi\u1ec7u: Vi\u1ec7t Nam Quy c\u00e1ch \u0111\u00f3ng g\u00f3i: g\u00f3i 500g L\u01b0u \u00fd: Bao b\u00ec s\u1ea3n ph\u1ea9m c\u00f3 th\u1ec3 thay \u0111\u1ed5i theo t\u1eebng \u0111\u1ee3t nh\u1eadp h\u00e0ng\",\"breadcrumb\":{\"@id\":\"https:\/\/tolio.co.nz\/?post_type=product&p=19722#breadcrumb\"},\"inLanguage\":\"en-US\",\"potentialAction\":[{\"@type\":\"ReadAction\",\"target\":[\"https:\/\/tolio.co.nz\/?post_type=product&p=19722\"]}]},{\"@type\":\"ImageObject\",\"inLanguage\":\"en-US\",\"@id\":\"https:\/\/tolio.co.nz\/?post_type=product&p=19722#primaryimage\",\"url\":\"https:\/\/tolio.co.nz\/wp-content\/uploads\/2024\/08\/sam-bo-luong.png\",\"contentUrl\":\"https:\/\/tolio.co.nz\/wp-content\/uploads\/2024\/08\/sam-bo-luong.png\",\"width\":1000,\"height\":907},{\"@type\":\"BreadcrumbList\",\"@id\":\"https:\/\/tolio.co.nz\/?post_type=product&p=19722#breadcrumb\",\"itemListElement\":[{\"@type\":\"ListItem\",\"position\":1,\"name\":\"Home\",\"item\":\"https:\/\/tolio.co.nz\/\"},{\"@type\":\"ListItem\",\"position\":2,\"name\":\"C\u1eeda h\u00e0ng\",\"item\":\"https:\/\/tolio.co.nz\/cua-hang\/\"},{\"@type\":\"ListItem\",\"position\":3,\"name\":\"Set nguy\u00ean li\u1ec7u n\u1ea5u ch\u00e8 s\u00e2m b\u1ed5 l\u01b0\u1ee3ng 500g\"}]},{\"@type\":\"WebSite\",\"@id\":\"https:\/\/tolio.co.nz\/#website\",\"url\":\"https:\/\/tolio.co.nz\/\",\"name\":\"TOLIO\",\"description\":\"Vietnamese Grocery Online\",\"potentialAction\":[{\"@type\":\"SearchAction\",\"target\":{\"@type\":\"EntryPoint\",\"urlTemplate\":\"https:\/\/tolio.co.nz\/?s={search_term_string}\"},\"query-input\":{\"@type\":\"PropertyValueSpecification\",\"valueRequired\":true,\"valueName\":\"search_term_string\"}}],\"inLanguage\":\"en-US\"}]}<\/script>\n<!-- \/ Yoast SEO plugin. -->","yoast_head_json":{"title":"Set nguy\u00ean li\u1ec7u n\u1ea5u ch\u00e8 s\u00e2m b\u1ed5 l\u01b0\u1ee3ng 500g - TOLIO","description":"Th\u01b0\u01a1ng hi\u1ec7u: Tolifood  Xu\u1ea5t x\u1ee9 th\u01b0\u01a1ng hi\u1ec7u: Vi\u1ec7t Nam  Quy c\u00e1ch \u0111\u00f3ng g\u00f3i: g\u00f3i 500g  L\u01b0u \u00fd: Bao b\u00ec s\u1ea3n ph\u1ea9m c\u00f3 th\u1ec3 thay \u0111\u1ed5i theo t\u1eebng \u0111\u1ee3t nh\u1eadp h\u00e0ng","robots":{"index":"index","follow":"follow","max-snippet":"max-snippet:-1","max-image-preview":"max-image-preview:large","max-video-preview":"max-video-preview:-1"},"canonical":"https:\/\/tolio.co.nz\/en\/product\/set-raw-noodles-to-cover-sam-bo-luong-500g\/","og_locale":"en_US","og_type":"article","og_title":"Set nguy\u00ean li\u1ec7u n\u1ea5u ch\u00e8 s\u00e2m b\u1ed5 l\u01b0\u1ee3ng 500g - TOLIO","og_description":"Th\u01b0\u01a1ng hi\u1ec7u: Tolifood  Xu\u1ea5t x\u1ee9 th\u01b0\u01a1ng hi\u1ec7u: Vi\u1ec7t Nam  Quy c\u00e1ch \u0111\u00f3ng g\u00f3i: g\u00f3i 500g  L\u01b0u \u00fd: Bao b\u00ec s\u1ea3n ph\u1ea9m c\u00f3 th\u1ec3 thay \u0111\u1ed5i theo t\u1eebng \u0111\u1ee3t nh\u1eadp h\u00e0ng","og_url":"https:\/\/tolio.co.nz\/en\/product\/set-raw-noodles-to-cover-sam-bo-luong-500g\/","og_site_name":"TOLIO","article_modified_time":"2026-04-02T12:10:43+00:00","og_image":[{"width":1000,"height":907,"url":"https:\/\/tolio.co.nz\/wp-content\/uploads\/2024\/08\/sam-bo-luong.png","type":"image\/png"}],"twitter_card":"summary_large_image","twitter_misc":{"Est. reading time":"1 minute"},"schema":{"@context":"https:\/\/schema.org","@graph":[{"@type":"WebPage","@id":"https:\/\/tolio.co.nz\/?post_type=product&p=19722","url":"https:\/\/tolio.co.nz\/?post_type=product&p=19722","name":"Set nguy\u00ean li\u1ec7u n\u1ea5u ch\u00e8 s\u00e2m b\u1ed5 l\u01b0\u1ee3ng 500g - TOLIO","isPartOf":{"@id":"https:\/\/tolio.co.nz\/#website"},"primaryImageOfPage":{"@id":"https:\/\/tolio.co.nz\/?post_type=product&p=19722#primaryimage"},"image":{"@id":"https:\/\/tolio.co.nz\/?post_type=product&p=19722#primaryimage"},"thumbnailUrl":"https:\/\/tolio.co.nz\/wp-content\/uploads\/2024\/08\/sam-bo-luong.png","datePublished":"2024-08-26T09:37:05+00:00","dateModified":"2026-04-02T12:10:43+00:00","description":"Th\u01b0\u01a1ng hi\u1ec7u: Tolifood Xu\u1ea5t x\u1ee9 th\u01b0\u01a1ng hi\u1ec7u: Vi\u1ec7t Nam Quy c\u00e1ch \u0111\u00f3ng g\u00f3i: g\u00f3i 500g L\u01b0u \u00fd: Bao b\u00ec s\u1ea3n ph\u1ea9m c\u00f3 th\u1ec3 thay \u0111\u1ed5i theo t\u1eebng \u0111\u1ee3t nh\u1eadp h\u00e0ng","breadcrumb":{"@id":"https:\/\/tolio.co.nz\/?post_type=product&p=19722#breadcrumb"},"inLanguage":"en-US","potentialAction":[{"@type":"ReadAction","target":["https:\/\/tolio.co.nz\/?post_type=product&p=19722"]}]},{"@type":"ImageObject","inLanguage":"en-US","@id":"https:\/\/tolio.co.nz\/?post_type=product&p=19722#primaryimage","url":"https:\/\/tolio.co.nz\/wp-content\/uploads\/2024\/08\/sam-bo-luong.png","contentUrl":"https:\/\/tolio.co.nz\/wp-content\/uploads\/2024\/08\/sam-bo-luong.png","width":1000,"height":907},{"@type":"BreadcrumbList","@id":"https:\/\/tolio.co.nz\/?post_type=product&p=19722#breadcrumb","itemListElement":[{"@type":"ListItem","position":1,"name":"Home","item":"https:\/\/tolio.co.nz\/"},{"@type":"ListItem","position":2,"name":"C\u1eeda h\u00e0ng","item":"https:\/\/tolio.co.nz\/cua-hang\/"},{"@type":"ListItem","position":3,"name":"Set nguy\u00ean li\u1ec7u n\u1ea5u ch\u00e8 s\u00e2m b\u1ed5 l\u01b0\u1ee3ng 500g"}]},{"@type":"WebSite","@id":"https:\/\/tolio.co.nz\/#website","url":"https:\/\/tolio.co.nz\/","name":"TOLIO","description":"Vietnamese Grocery Online","potentialAction":[{"@type":"SearchAction","target":{"@type":"EntryPoint","urlTemplate":"https:\/\/tolio.co.nz\/?s={search_term_string}"},"query-input":{"@type":"PropertyValueSpecification","valueRequired":true,"valueName":"search_term_string"}}],"inLanguage":"en-US"}]}},"_links":{"self":[{"href":"https:\/\/tolio.co.nz\/en\/wp-json\/wp\/v2\/product\/19722","targetHints":{"allow":["GET"]}}],"collection":[{"href":"https:\/\/tolio.co.nz\/en\/wp-json\/wp\/v2\/product"}],"about":[{"href":"https:\/\/tolio.co.nz\/en\/wp-json\/wp\/v2\/types\/product"}],"replies":[{"embeddable":true,"href":"https:\/\/tolio.co.nz\/en\/wp-json\/wp\/v2\/comments?post=19722"}],"wp:featuredmedia":[{"embeddable":true,"href":"https:\/\/tolio.co.nz\/en\/wp-json\/wp\/v2\/media\/20761"}],"wp:attachment":[{"href":"https:\/\/tolio.co.nz\/en\/wp-json\/wp\/v2\/media?parent=19722"}],"wp:term":[{"taxonomy":"product_brand","embeddable":true,"href":"https:\/\/tolio.co.nz\/en\/wp-json\/wp\/v2\/product_brand?post=19722"},{"taxonomy":"product_cat","embeddable":true,"href":"https:\/\/tolio.co.nz\/en\/wp-json\/wp\/v2\/product_cat?post=19722"},{"taxonomy":"product_tag","embeddable":true,"href":"https:\/\/tolio.co.nz\/en\/wp-json\/wp\/v2\/product_tag?post=19722"}],"curies":[{"name":"wp","href":"https:\/\/api.w.org\/{rel}","templated":true}]}}