{"id":19725,"date":"2024-08-26T22:27:01","date_gmt":"2024-08-26T09:42:01","guid":{"rendered":"https:\/\/tolio.co.nz\/?post_type=product&#038;p=19725"},"modified":"2026-03-24T13:26:10","modified_gmt":"2026-03-24T01:26:10","slug":"set-nguyen-lieu-nau-che-duong-nhan-500g","status":"publish","type":"product","link":"https:\/\/tolio.co.nz\/en\/product\/set-of-ingredients-for-cooking-500g\/","title":{"rendered":"Set of ingredients for cooking beauty dessert 500g"},"content":{"rendered":"<p><strong>Set of ingredients for cooking beauty dessert 500g<\/strong> with ingredients including lotus seeds, sweet cherry, peach gum, snow fungus, longan, snow fungus, pandan leaves, rock sugar, red jujube, cordyceps... along with a convenient recipe, giving you and your family delicious, nutritious beauty tea. Each set of ingredients will produce 25-30 cups of tea.<\/p>\n<div id=\"input_line_0\"><strong><span id=\"input_part_0\" class=\"\" data-mention=\"L\u00e0m \u0111\u1eb9p da: Ch\u00e8 gi\u00fap \u0111\u00e0o th\u1ea3i \u0111\u1ed9c t\u1ed1 d\u01b0\u1edbi da, l\u00e0m th\u00f4ng tho\u00e1ng l\u1ed7 ch\u00e2n l\u00f4ng, gi\u00fap da tr\u1eafng, minh h\u01a1n, \u0111\u1ea9y l\u00f9i v\u00e0 ng\u0103n ng\u1eeba t\u00ecnh tr\u1ea1ng m\u1ee5n.\">Uses: <\/span><\/strong><\/div>\n<ul>\n<li><span id=\"input_part_0\" class=\"\" data-mention=\"L\u00e0m \u0111\u1eb9p da: Ch\u00e8 gi\u00fap \u0111\u00e0o th\u1ea3i \u0111\u1ed9c t\u1ed1 d\u01b0\u1edbi da, l\u00e0m th\u00f4ng tho\u00e1ng l\u1ed7 ch\u00e2n l\u00f4ng, gi\u00fap da tr\u1eafng, minh h\u01a1n, \u0111\u1ea9y l\u00f9i v\u00e0 ng\u0103n ng\u1eeba t\u00ecnh tr\u1ea1ng m\u1ee5n.\">Skin care: Tea helps eliminate toxins under the skin, unclog pores, whiten and smooth skin, repel and prevent acne.<\/span><\/li>\n<li id=\"input_line_1\"><span id=\"input_part_0\" class=\"\" data-mention=\"H\u1ed7 tr\u1ee3 gi\u1ea3m c\u00e2n: Ch\u00e8 d\u01b0\u1ee1ng nhan t\u1ea1o c\u1ea3m gi\u00e1c no l\u00e2u v\u00e0 l\u00e0m gi\u1ea3m c\u1ea3m gi\u00e1c \u0111\u00f3i, t\u1eeb \u0111\u00f3 ng\u01b0\u1eddi d\u00f9ng s\u1ebd \u0103n \u00edt l\u1ea1i, ki\u1ec3m so\u00e1t c\u00e2n n\u1eb7ng t\u1ed1t h\u01a1n.\">Weight loss support: Beauty tea creates a feeling of fullness for a long time and reduces hunger, so users will eat less and control weight better.<\/span><\/li>\n<\/ul>\n<p><strong>How to Use:\u00a0<\/strong><\/p>\n<ul>\n<li>Mix and cook according to the detailed instructions included in the set.<\/li>\n<\/ul>\n<p><strong>Preserve: <\/strong><\/p>\n<ul>\n<li>Store in a cool, dry place or refrigerate. Avoid direct sunlight.<\/li>\n<\/ul>\n<p><strong>Expiry:<\/strong><\/p>\n<ul>\n<li>12 months from date of manufacture<\/li>\n<\/ul>","protected":false},"excerpt":{"rendered":"<ul>\n<li>Brand: Tolio<\/li>\n<li>Brand Country: Viet nam<\/li>\n<li>Packing: 500g pack<\/li>\n<li>Note: Product packaging may change from batch to batch<\/li>\n<\/ul>","protected":false},"featured_media":20759,"comment_status":"open","ping_status":"closed","template":"","meta":[],"product_brand":[],"product_cat":[35,31],"product_tag":[993,991],"class_list":{"0":"post-19725","1":"product","2":"type-product","3":"status-publish","4":"has-post-thumbnail","6":"product_cat-banh-keo","7":"product_cat-hang-moi-ve","8":"product_tag-che-duong-nhan","9":"product_tag-nguyen-lieu-nau-che","10":"pa_thuong-hieu-viettin-mart","12":"first","13":"outofstock","14":"sale","15":"shipping-taxable","16":"purchasable","17":"product-type-simple"},"yoast_head":"<!-- This site is optimized with the Yoast SEO plugin v24.4 - https:\/\/yoast.com\/wordpress\/plugins\/seo\/ -->\n<title>Set nguy\u00ean li\u1ec7u n\u1ea5u ch\u00e8 d\u01b0\u1ee1ng nhan 500g - TOLIO<\/title>\n<meta name=\"description\" content=\"Th\u01b0\u01a1ng hi\u1ec7u: Tolio  Xu\u1ea5t x\u1ee9 th\u01b0\u01a1ng hi\u1ec7u: Vi\u1ec7t Nam  Quy c\u00e1ch \u0111\u00f3ng g\u00f3i: g\u00f3i 500g  L\u01b0u \u00fd: Bao b\u00ec s\u1ea3n ph\u1ea9m c\u00f3 th\u1ec3 thay \u0111\u1ed5i theo t\u1eebng \u0111\u1ee3t nh\u1eadp h\u00e0ng\" \/>\n<meta name=\"robots\" content=\"index, follow, max-snippet:-1, max-image-preview:large, max-video-preview:-1\" \/>\n<link rel=\"canonical\" href=\"https:\/\/tolio.co.nz\/en\/product\/set-of-ingredients-for-cooking-500g\/\" \/>\n<meta property=\"og:locale\" content=\"en_US\" \/>\n<meta property=\"og:type\" content=\"article\" \/>\n<meta property=\"og:title\" content=\"Set nguy\u00ean li\u1ec7u n\u1ea5u ch\u00e8 d\u01b0\u1ee1ng nhan 500g - TOLIO\" \/>\n<meta property=\"og:description\" content=\"Th\u01b0\u01a1ng hi\u1ec7u: Tolio  Xu\u1ea5t x\u1ee9 th\u01b0\u01a1ng hi\u1ec7u: Vi\u1ec7t Nam  Quy c\u00e1ch \u0111\u00f3ng g\u00f3i: g\u00f3i 500g  L\u01b0u \u00fd: Bao b\u00ec s\u1ea3n ph\u1ea9m c\u00f3 th\u1ec3 thay \u0111\u1ed5i theo t\u1eebng \u0111\u1ee3t nh\u1eadp h\u00e0ng\" \/>\n<meta property=\"og:url\" content=\"https:\/\/tolio.co.nz\/en\/product\/set-of-ingredients-for-cooking-500g\/\" \/>\n<meta property=\"og:site_name\" content=\"TOLIO\" \/>\n<meta property=\"article:modified_time\" content=\"2026-03-24T01:26:10+00:00\" \/>\n<meta property=\"og:image\" content=\"https:\/\/tolio.co.nz\/wp-content\/uploads\/2024\/08\/472.png\" \/>\n\t<meta property=\"og:image:width\" content=\"1000\" \/>\n\t<meta property=\"og:image:height\" content=\"907\" \/>\n\t<meta property=\"og:image:type\" content=\"image\/png\" \/>\n<meta name=\"twitter:card\" content=\"summary_large_image\" \/>\n<meta name=\"twitter:label1\" content=\"Est. reading time\" \/>\n\t<meta name=\"twitter:data1\" content=\"1 minute\" \/>\n<script type=\"application\/ld+json\" class=\"yoast-schema-graph\">{\"@context\":\"https:\/\/schema.org\",\"@graph\":[{\"@type\":\"WebPage\",\"@id\":\"https:\/\/tolio.co.nz\/san-pham\/set-nguyen-lieu-nau-che-duong-nhan-500g\/\",\"url\":\"https:\/\/tolio.co.nz\/san-pham\/set-nguyen-lieu-nau-che-duong-nhan-500g\/\",\"name\":\"Set nguy\u00ean li\u1ec7u n\u1ea5u ch\u00e8 d\u01b0\u1ee1ng nhan 500g - TOLIO\",\"isPartOf\":{\"@id\":\"https:\/\/tolio.co.nz\/#website\"},\"primaryImageOfPage\":{\"@id\":\"https:\/\/tolio.co.nz\/san-pham\/set-nguyen-lieu-nau-che-duong-nhan-500g\/#primaryimage\"},\"image\":{\"@id\":\"https:\/\/tolio.co.nz\/san-pham\/set-nguyen-lieu-nau-che-duong-nhan-500g\/#primaryimage\"},\"thumbnailUrl\":\"https:\/\/tolio.co.nz\/wp-content\/uploads\/2024\/08\/472.png\",\"datePublished\":\"2024-08-26T09:42:01+00:00\",\"dateModified\":\"2026-03-24T01:26:10+00:00\",\"description\":\"Th\u01b0\u01a1ng hi\u1ec7u: Tolio Xu\u1ea5t x\u1ee9 th\u01b0\u01a1ng hi\u1ec7u: Vi\u1ec7t Nam Quy c\u00e1ch \u0111\u00f3ng g\u00f3i: g\u00f3i 500g L\u01b0u \u00fd: Bao b\u00ec s\u1ea3n ph\u1ea9m c\u00f3 th\u1ec3 thay \u0111\u1ed5i theo t\u1eebng \u0111\u1ee3t nh\u1eadp h\u00e0ng\",\"breadcrumb\":{\"@id\":\"https:\/\/tolio.co.nz\/san-pham\/set-nguyen-lieu-nau-che-duong-nhan-500g\/#breadcrumb\"},\"inLanguage\":\"en-US\",\"potentialAction\":[{\"@type\":\"ReadAction\",\"target\":[\"https:\/\/tolio.co.nz\/san-pham\/set-nguyen-lieu-nau-che-duong-nhan-500g\/\"]}]},{\"@type\":\"ImageObject\",\"inLanguage\":\"en-US\",\"@id\":\"https:\/\/tolio.co.nz\/san-pham\/set-nguyen-lieu-nau-che-duong-nhan-500g\/#primaryimage\",\"url\":\"https:\/\/tolio.co.nz\/wp-content\/uploads\/2024\/08\/472.png\",\"contentUrl\":\"https:\/\/tolio.co.nz\/wp-content\/uploads\/2024\/08\/472.png\",\"width\":1000,\"height\":907},{\"@type\":\"BreadcrumbList\",\"@id\":\"https:\/\/tolio.co.nz\/san-pham\/set-nguyen-lieu-nau-che-duong-nhan-500g\/#breadcrumb\",\"itemListElement\":[{\"@type\":\"ListItem\",\"position\":1,\"name\":\"Home\",\"item\":\"https:\/\/tolio.co.nz\/\"},{\"@type\":\"ListItem\",\"position\":2,\"name\":\"C\u1eeda h\u00e0ng\",\"item\":\"https:\/\/tolio.co.nz\/cua-hang\/\"},{\"@type\":\"ListItem\",\"position\":3,\"name\":\"Set nguy\u00ean li\u1ec7u n\u1ea5u ch\u00e8 d\u01b0\u1ee1ng nhan 500g\"}]},{\"@type\":\"WebSite\",\"@id\":\"https:\/\/tolio.co.nz\/#website\",\"url\":\"https:\/\/tolio.co.nz\/\",\"name\":\"TOLIO\",\"description\":\"Vietnamese Grocery Online\",\"potentialAction\":[{\"@type\":\"SearchAction\",\"target\":{\"@type\":\"EntryPoint\",\"urlTemplate\":\"https:\/\/tolio.co.nz\/?s={search_term_string}\"},\"query-input\":{\"@type\":\"PropertyValueSpecification\",\"valueRequired\":true,\"valueName\":\"search_term_string\"}}],\"inLanguage\":\"en-US\"}]}<\/script>\n<!-- \/ Yoast SEO plugin. -->","yoast_head_json":{"title":"Set nguy\u00ean li\u1ec7u n\u1ea5u ch\u00e8 d\u01b0\u1ee1ng nhan 500g - TOLIO","description":"Th\u01b0\u01a1ng hi\u1ec7u: Tolio  Xu\u1ea5t x\u1ee9 th\u01b0\u01a1ng hi\u1ec7u: Vi\u1ec7t Nam  Quy c\u00e1ch \u0111\u00f3ng g\u00f3i: g\u00f3i 500g  L\u01b0u \u00fd: Bao b\u00ec s\u1ea3n ph\u1ea9m c\u00f3 th\u1ec3 thay \u0111\u1ed5i theo t\u1eebng \u0111\u1ee3t nh\u1eadp h\u00e0ng","robots":{"index":"index","follow":"follow","max-snippet":"max-snippet:-1","max-image-preview":"max-image-preview:large","max-video-preview":"max-video-preview:-1"},"canonical":"https:\/\/tolio.co.nz\/en\/product\/set-of-ingredients-for-cooking-500g\/","og_locale":"en_US","og_type":"article","og_title":"Set nguy\u00ean li\u1ec7u n\u1ea5u ch\u00e8 d\u01b0\u1ee1ng nhan 500g - TOLIO","og_description":"Th\u01b0\u01a1ng hi\u1ec7u: Tolio  Xu\u1ea5t x\u1ee9 th\u01b0\u01a1ng hi\u1ec7u: Vi\u1ec7t Nam  Quy c\u00e1ch \u0111\u00f3ng g\u00f3i: g\u00f3i 500g  L\u01b0u \u00fd: Bao b\u00ec s\u1ea3n ph\u1ea9m c\u00f3 th\u1ec3 thay \u0111\u1ed5i theo t\u1eebng \u0111\u1ee3t nh\u1eadp h\u00e0ng","og_url":"https:\/\/tolio.co.nz\/en\/product\/set-of-ingredients-for-cooking-500g\/","og_site_name":"TOLIO","article_modified_time":"2026-03-24T01:26:10+00:00","og_image":[{"width":1000,"height":907,"url":"https:\/\/tolio.co.nz\/wp-content\/uploads\/2024\/08\/472.png","type":"image\/png"}],"twitter_card":"summary_large_image","twitter_misc":{"Est. reading time":"1 minute"},"schema":{"@context":"https:\/\/schema.org","@graph":[{"@type":"WebPage","@id":"https:\/\/tolio.co.nz\/san-pham\/set-nguyen-lieu-nau-che-duong-nhan-500g\/","url":"https:\/\/tolio.co.nz\/san-pham\/set-nguyen-lieu-nau-che-duong-nhan-500g\/","name":"Set nguy\u00ean li\u1ec7u n\u1ea5u ch\u00e8 d\u01b0\u1ee1ng nhan 500g - TOLIO","isPartOf":{"@id":"https:\/\/tolio.co.nz\/#website"},"primaryImageOfPage":{"@id":"https:\/\/tolio.co.nz\/san-pham\/set-nguyen-lieu-nau-che-duong-nhan-500g\/#primaryimage"},"image":{"@id":"https:\/\/tolio.co.nz\/san-pham\/set-nguyen-lieu-nau-che-duong-nhan-500g\/#primaryimage"},"thumbnailUrl":"https:\/\/tolio.co.nz\/wp-content\/uploads\/2024\/08\/472.png","datePublished":"2024-08-26T09:42:01+00:00","dateModified":"2026-03-24T01:26:10+00:00","description":"Th\u01b0\u01a1ng hi\u1ec7u: Tolio Xu\u1ea5t x\u1ee9 th\u01b0\u01a1ng hi\u1ec7u: Vi\u1ec7t Nam Quy c\u00e1ch \u0111\u00f3ng g\u00f3i: g\u00f3i 500g L\u01b0u \u00fd: Bao b\u00ec s\u1ea3n ph\u1ea9m c\u00f3 th\u1ec3 thay \u0111\u1ed5i theo t\u1eebng \u0111\u1ee3t nh\u1eadp h\u00e0ng","breadcrumb":{"@id":"https:\/\/tolio.co.nz\/san-pham\/set-nguyen-lieu-nau-che-duong-nhan-500g\/#breadcrumb"},"inLanguage":"en-US","potentialAction":[{"@type":"ReadAction","target":["https:\/\/tolio.co.nz\/san-pham\/set-nguyen-lieu-nau-che-duong-nhan-500g\/"]}]},{"@type":"ImageObject","inLanguage":"en-US","@id":"https:\/\/tolio.co.nz\/san-pham\/set-nguyen-lieu-nau-che-duong-nhan-500g\/#primaryimage","url":"https:\/\/tolio.co.nz\/wp-content\/uploads\/2024\/08\/472.png","contentUrl":"https:\/\/tolio.co.nz\/wp-content\/uploads\/2024\/08\/472.png","width":1000,"height":907},{"@type":"BreadcrumbList","@id":"https:\/\/tolio.co.nz\/san-pham\/set-nguyen-lieu-nau-che-duong-nhan-500g\/#breadcrumb","itemListElement":[{"@type":"ListItem","position":1,"name":"Home","item":"https:\/\/tolio.co.nz\/"},{"@type":"ListItem","position":2,"name":"C\u1eeda h\u00e0ng","item":"https:\/\/tolio.co.nz\/cua-hang\/"},{"@type":"ListItem","position":3,"name":"Set nguy\u00ean li\u1ec7u n\u1ea5u ch\u00e8 d\u01b0\u1ee1ng nhan 500g"}]},{"@type":"WebSite","@id":"https:\/\/tolio.co.nz\/#website","url":"https:\/\/tolio.co.nz\/","name":"TOLIO","description":"Vietnamese Grocery Online","potentialAction":[{"@type":"SearchAction","target":{"@type":"EntryPoint","urlTemplate":"https:\/\/tolio.co.nz\/?s={search_term_string}"},"query-input":{"@type":"PropertyValueSpecification","valueRequired":true,"valueName":"search_term_string"}}],"inLanguage":"en-US"}]}},"_links":{"self":[{"href":"https:\/\/tolio.co.nz\/en\/wp-json\/wp\/v2\/product\/19725","targetHints":{"allow":["GET"]}}],"collection":[{"href":"https:\/\/tolio.co.nz\/en\/wp-json\/wp\/v2\/product"}],"about":[{"href":"https:\/\/tolio.co.nz\/en\/wp-json\/wp\/v2\/types\/product"}],"replies":[{"embeddable":true,"href":"https:\/\/tolio.co.nz\/en\/wp-json\/wp\/v2\/comments?post=19725"}],"wp:featuredmedia":[{"embeddable":true,"href":"https:\/\/tolio.co.nz\/en\/wp-json\/wp\/v2\/media\/20759"}],"wp:attachment":[{"href":"https:\/\/tolio.co.nz\/en\/wp-json\/wp\/v2\/media?parent=19725"}],"wp:term":[{"taxonomy":"product_brand","embeddable":true,"href":"https:\/\/tolio.co.nz\/en\/wp-json\/wp\/v2\/product_brand?post=19725"},{"taxonomy":"product_cat","embeddable":true,"href":"https:\/\/tolio.co.nz\/en\/wp-json\/wp\/v2\/product_cat?post=19725"},{"taxonomy":"product_tag","embeddable":true,"href":"https:\/\/tolio.co.nz\/en\/wp-json\/wp\/v2\/product_tag?post=19725"}],"curies":[{"name":"wp","href":"https:\/\/api.w.org\/{rel}","templated":true}]}}