{"id":20504,"date":"2024-09-23T16:13:10","date_gmt":"2024-09-23T03:28:10","guid":{"rendered":"https:\/\/tolio.co.nz\/?post_type=product&#038;p=20504"},"modified":"2026-03-24T13:27:09","modified_gmt":"2026-03-24T01:27:09","slug":"tra-vi-oi-hong-wil-hop-196g-14-goi-x-14g","status":"publish","type":"product","link":"https:\/\/tolio.co.nz\/en\/product\/hong-wil-hop-test-196g-14-packs-x-14g\/","title":{"rendered":"Wil pink guava tea box 196g (14 packs x 14g)"},"content":{"rendered":"<p><strong>Wil pink guava tea box 196g<\/strong> is a harmonious combination of cool natural tea leaves and delicious pink guava flavor, will bring you the experience of a unique, interesting drink that helps quench thirst quickly, supplement vitamin C, and provide water for the body.<\/p>\n<p><strong>How to Use:<\/strong><\/p>\n<ul>\n<li>Put 1 packet of 14g Wil pink guava tea powder into a cup with 80ml of water and stir well.<\/li>\n<li>Add ice for extra flavor and enjoy.<\/li>\n<\/ul>\n<p><strong>Preserve:<\/strong><\/p>\n<ul>\n<li>Store tightly closed in a cool, dry place, away from direct sunlight.<\/li>\n<\/ul>\n<p><strong>Expiry:<\/strong> 18 months from date of manufacture<\/p>","protected":false},"excerpt":{"rendered":"<ul>\n<li>Brand: Wil<\/li>\n<li>Brand Country: Viet nam<\/li>\n<li>Packaging: 196g box<\/li>\n<li>Note: Product packaging may change from batch to batch<\/li>\n<\/ul>","protected":false},"featured_media":20506,"comment_status":"open","ping_status":"closed","template":"","meta":[],"product_brand":[],"product_cat":[31,34,483],"product_tag":[1021],"class_list":{"0":"post-20504","1":"product","2":"type-product","3":"status-publish","4":"has-post-thumbnail","6":"product_cat-hang-moi-ve","7":"product_cat-thuc-uong","8":"product_cat-ca-phe","9":"product_tag-tra-oi-hong","10":"pa_thuong-hieu-wil","12":"first","13":"instock","14":"sale","15":"shipping-taxable","16":"purchasable","17":"product-type-simple"},"yoast_head":"<!-- This site is optimized with the Yoast SEO plugin v24.4 - https:\/\/yoast.com\/wordpress\/plugins\/seo\/ -->\n<title>Tr\u00e0 v\u1ecb \u1ed5i h\u1ed3ng Wil h\u1ed9p 196g (14 g\u00f3i x 14g) - TOLIO<\/title>\n<meta name=\"description\" content=\"Th\u01b0\u01a1ng hi\u1ec7u: Wil  Xu\u1ea5t x\u1ee9 th\u01b0\u01a1ng hi\u1ec7u: Vi\u1ec7t Nam  Quy c\u00e1ch \u0111\u00f3ng g\u00f3i: H\u1ed9p 196g  L\u01b0u \u00fd: Bao b\u00ec s\u1ea3n ph\u1ea9m c\u00f3 th\u1ec3 thay \u0111\u1ed5i theo t\u1eebng \u0111\u1ee3t nh\u1eadp h\u00e0ng\" \/>\n<meta name=\"robots\" content=\"index, follow, max-snippet:-1, max-image-preview:large, max-video-preview:-1\" \/>\n<link rel=\"canonical\" href=\"https:\/\/tolio.co.nz\/en\/product\/hong-wil-hop-test-196g-14-packs-x-14g\/\" \/>\n<meta property=\"og:locale\" content=\"en_US\" \/>\n<meta property=\"og:type\" content=\"article\" \/>\n<meta property=\"og:title\" content=\"Tr\u00e0 v\u1ecb \u1ed5i h\u1ed3ng Wil h\u1ed9p 196g (14 g\u00f3i x 14g) - TOLIO\" \/>\n<meta property=\"og:description\" content=\"Th\u01b0\u01a1ng hi\u1ec7u: Wil  Xu\u1ea5t x\u1ee9 th\u01b0\u01a1ng hi\u1ec7u: Vi\u1ec7t Nam  Quy c\u00e1ch \u0111\u00f3ng g\u00f3i: H\u1ed9p 196g  L\u01b0u \u00fd: Bao b\u00ec s\u1ea3n ph\u1ea9m c\u00f3 th\u1ec3 thay \u0111\u1ed5i theo t\u1eebng \u0111\u1ee3t nh\u1eadp h\u00e0ng\" \/>\n<meta property=\"og:url\" content=\"https:\/\/tolio.co.nz\/en\/product\/hong-wil-hop-test-196g-14-packs-x-14g\/\" \/>\n<meta property=\"og:site_name\" content=\"TOLIO\" \/>\n<meta property=\"article:modified_time\" content=\"2026-03-24T01:27:09+00:00\" \/>\n<meta property=\"og:image\" content=\"https:\/\/tolio.co.nz\/wp-content\/uploads\/2024\/09\/7-1.png\" \/>\n\t<meta property=\"og:image:width\" content=\"1000\" \/>\n\t<meta property=\"og:image:height\" content=\"907\" \/>\n\t<meta property=\"og:image:type\" content=\"image\/png\" \/>\n<meta name=\"twitter:card\" content=\"summary_large_image\" \/>\n<meta name=\"twitter:label1\" content=\"Est. reading time\" \/>\n\t<meta name=\"twitter:data1\" content=\"1 minute\" \/>\n<script type=\"application\/ld+json\" class=\"yoast-schema-graph\">{\"@context\":\"https:\/\/schema.org\",\"@graph\":[{\"@type\":\"WebPage\",\"@id\":\"https:\/\/tolio.co.nz\/san-pham\/tra-vi-oi-hong-wil-hop-196g-14-goi-x-14g\/\",\"url\":\"https:\/\/tolio.co.nz\/san-pham\/tra-vi-oi-hong-wil-hop-196g-14-goi-x-14g\/\",\"name\":\"Tr\u00e0 v\u1ecb \u1ed5i h\u1ed3ng Wil h\u1ed9p 196g (14 g\u00f3i x 14g) - TOLIO\",\"isPartOf\":{\"@id\":\"https:\/\/tolio.co.nz\/#website\"},\"primaryImageOfPage\":{\"@id\":\"https:\/\/tolio.co.nz\/san-pham\/tra-vi-oi-hong-wil-hop-196g-14-goi-x-14g\/#primaryimage\"},\"image\":{\"@id\":\"https:\/\/tolio.co.nz\/san-pham\/tra-vi-oi-hong-wil-hop-196g-14-goi-x-14g\/#primaryimage\"},\"thumbnailUrl\":\"https:\/\/tolio.co.nz\/wp-content\/uploads\/2024\/09\/7-1.png\",\"datePublished\":\"2024-09-23T03:28:10+00:00\",\"dateModified\":\"2026-03-24T01:27:09+00:00\",\"description\":\"Th\u01b0\u01a1ng hi\u1ec7u: Wil Xu\u1ea5t x\u1ee9 th\u01b0\u01a1ng hi\u1ec7u: Vi\u1ec7t Nam Quy c\u00e1ch \u0111\u00f3ng g\u00f3i: H\u1ed9p 196g L\u01b0u \u00fd: Bao b\u00ec s\u1ea3n ph\u1ea9m c\u00f3 th\u1ec3 thay \u0111\u1ed5i theo t\u1eebng \u0111\u1ee3t nh\u1eadp h\u00e0ng\",\"breadcrumb\":{\"@id\":\"https:\/\/tolio.co.nz\/san-pham\/tra-vi-oi-hong-wil-hop-196g-14-goi-x-14g\/#breadcrumb\"},\"inLanguage\":\"en-US\",\"potentialAction\":[{\"@type\":\"ReadAction\",\"target\":[\"https:\/\/tolio.co.nz\/san-pham\/tra-vi-oi-hong-wil-hop-196g-14-goi-x-14g\/\"]}]},{\"@type\":\"ImageObject\",\"inLanguage\":\"en-US\",\"@id\":\"https:\/\/tolio.co.nz\/san-pham\/tra-vi-oi-hong-wil-hop-196g-14-goi-x-14g\/#primaryimage\",\"url\":\"https:\/\/tolio.co.nz\/wp-content\/uploads\/2024\/09\/7-1.png\",\"contentUrl\":\"https:\/\/tolio.co.nz\/wp-content\/uploads\/2024\/09\/7-1.png\",\"width\":1000,\"height\":907},{\"@type\":\"BreadcrumbList\",\"@id\":\"https:\/\/tolio.co.nz\/san-pham\/tra-vi-oi-hong-wil-hop-196g-14-goi-x-14g\/#breadcrumb\",\"itemListElement\":[{\"@type\":\"ListItem\",\"position\":1,\"name\":\"Home\",\"item\":\"https:\/\/tolio.co.nz\/\"},{\"@type\":\"ListItem\",\"position\":2,\"name\":\"C\u1eeda h\u00e0ng\",\"item\":\"https:\/\/tolio.co.nz\/cua-hang\/\"},{\"@type\":\"ListItem\",\"position\":3,\"name\":\"Tr\u00e0 v\u1ecb \u1ed5i h\u1ed3ng Wil h\u1ed9p 196g (14 g\u00f3i x 14g)\"}]},{\"@type\":\"WebSite\",\"@id\":\"https:\/\/tolio.co.nz\/#website\",\"url\":\"https:\/\/tolio.co.nz\/\",\"name\":\"TOLIO\",\"description\":\"Vietnamese Grocery Online\",\"potentialAction\":[{\"@type\":\"SearchAction\",\"target\":{\"@type\":\"EntryPoint\",\"urlTemplate\":\"https:\/\/tolio.co.nz\/?s={search_term_string}\"},\"query-input\":{\"@type\":\"PropertyValueSpecification\",\"valueRequired\":true,\"valueName\":\"search_term_string\"}}],\"inLanguage\":\"en-US\"}]}<\/script>\n<!-- \/ Yoast SEO plugin. -->","yoast_head_json":{"title":"Tr\u00e0 v\u1ecb \u1ed5i h\u1ed3ng Wil h\u1ed9p 196g (14 g\u00f3i x 14g) - TOLIO","description":"Th\u01b0\u01a1ng hi\u1ec7u: Wil  Xu\u1ea5t x\u1ee9 th\u01b0\u01a1ng hi\u1ec7u: Vi\u1ec7t Nam  Quy c\u00e1ch \u0111\u00f3ng g\u00f3i: H\u1ed9p 196g  L\u01b0u \u00fd: Bao b\u00ec s\u1ea3n ph\u1ea9m c\u00f3 th\u1ec3 thay \u0111\u1ed5i theo t\u1eebng \u0111\u1ee3t nh\u1eadp h\u00e0ng","robots":{"index":"index","follow":"follow","max-snippet":"max-snippet:-1","max-image-preview":"max-image-preview:large","max-video-preview":"max-video-preview:-1"},"canonical":"https:\/\/tolio.co.nz\/en\/product\/hong-wil-hop-test-196g-14-packs-x-14g\/","og_locale":"en_US","og_type":"article","og_title":"Tr\u00e0 v\u1ecb \u1ed5i h\u1ed3ng Wil h\u1ed9p 196g (14 g\u00f3i x 14g) - TOLIO","og_description":"Th\u01b0\u01a1ng hi\u1ec7u: Wil  Xu\u1ea5t x\u1ee9 th\u01b0\u01a1ng hi\u1ec7u: Vi\u1ec7t Nam  Quy c\u00e1ch \u0111\u00f3ng g\u00f3i: H\u1ed9p 196g  L\u01b0u \u00fd: Bao b\u00ec s\u1ea3n ph\u1ea9m c\u00f3 th\u1ec3 thay \u0111\u1ed5i theo t\u1eebng \u0111\u1ee3t nh\u1eadp h\u00e0ng","og_url":"https:\/\/tolio.co.nz\/en\/product\/hong-wil-hop-test-196g-14-packs-x-14g\/","og_site_name":"TOLIO","article_modified_time":"2026-03-24T01:27:09+00:00","og_image":[{"width":1000,"height":907,"url":"https:\/\/tolio.co.nz\/wp-content\/uploads\/2024\/09\/7-1.png","type":"image\/png"}],"twitter_card":"summary_large_image","twitter_misc":{"Est. reading time":"1 minute"},"schema":{"@context":"https:\/\/schema.org","@graph":[{"@type":"WebPage","@id":"https:\/\/tolio.co.nz\/san-pham\/tra-vi-oi-hong-wil-hop-196g-14-goi-x-14g\/","url":"https:\/\/tolio.co.nz\/san-pham\/tra-vi-oi-hong-wil-hop-196g-14-goi-x-14g\/","name":"Tr\u00e0 v\u1ecb \u1ed5i h\u1ed3ng Wil h\u1ed9p 196g (14 g\u00f3i x 14g) - TOLIO","isPartOf":{"@id":"https:\/\/tolio.co.nz\/#website"},"primaryImageOfPage":{"@id":"https:\/\/tolio.co.nz\/san-pham\/tra-vi-oi-hong-wil-hop-196g-14-goi-x-14g\/#primaryimage"},"image":{"@id":"https:\/\/tolio.co.nz\/san-pham\/tra-vi-oi-hong-wil-hop-196g-14-goi-x-14g\/#primaryimage"},"thumbnailUrl":"https:\/\/tolio.co.nz\/wp-content\/uploads\/2024\/09\/7-1.png","datePublished":"2024-09-23T03:28:10+00:00","dateModified":"2026-03-24T01:27:09+00:00","description":"Th\u01b0\u01a1ng hi\u1ec7u: Wil Xu\u1ea5t x\u1ee9 th\u01b0\u01a1ng hi\u1ec7u: Vi\u1ec7t Nam Quy c\u00e1ch \u0111\u00f3ng g\u00f3i: H\u1ed9p 196g L\u01b0u \u00fd: Bao b\u00ec s\u1ea3n ph\u1ea9m c\u00f3 th\u1ec3 thay \u0111\u1ed5i theo t\u1eebng \u0111\u1ee3t nh\u1eadp h\u00e0ng","breadcrumb":{"@id":"https:\/\/tolio.co.nz\/san-pham\/tra-vi-oi-hong-wil-hop-196g-14-goi-x-14g\/#breadcrumb"},"inLanguage":"en-US","potentialAction":[{"@type":"ReadAction","target":["https:\/\/tolio.co.nz\/san-pham\/tra-vi-oi-hong-wil-hop-196g-14-goi-x-14g\/"]}]},{"@type":"ImageObject","inLanguage":"en-US","@id":"https:\/\/tolio.co.nz\/san-pham\/tra-vi-oi-hong-wil-hop-196g-14-goi-x-14g\/#primaryimage","url":"https:\/\/tolio.co.nz\/wp-content\/uploads\/2024\/09\/7-1.png","contentUrl":"https:\/\/tolio.co.nz\/wp-content\/uploads\/2024\/09\/7-1.png","width":1000,"height":907},{"@type":"BreadcrumbList","@id":"https:\/\/tolio.co.nz\/san-pham\/tra-vi-oi-hong-wil-hop-196g-14-goi-x-14g\/#breadcrumb","itemListElement":[{"@type":"ListItem","position":1,"name":"Home","item":"https:\/\/tolio.co.nz\/"},{"@type":"ListItem","position":2,"name":"C\u1eeda h\u00e0ng","item":"https:\/\/tolio.co.nz\/cua-hang\/"},{"@type":"ListItem","position":3,"name":"Tr\u00e0 v\u1ecb \u1ed5i h\u1ed3ng Wil h\u1ed9p 196g (14 g\u00f3i x 14g)"}]},{"@type":"WebSite","@id":"https:\/\/tolio.co.nz\/#website","url":"https:\/\/tolio.co.nz\/","name":"TOLIO","description":"Vietnamese Grocery Online","potentialAction":[{"@type":"SearchAction","target":{"@type":"EntryPoint","urlTemplate":"https:\/\/tolio.co.nz\/?s={search_term_string}"},"query-input":{"@type":"PropertyValueSpecification","valueRequired":true,"valueName":"search_term_string"}}],"inLanguage":"en-US"}]}},"_links":{"self":[{"href":"https:\/\/tolio.co.nz\/en\/wp-json\/wp\/v2\/product\/20504","targetHints":{"allow":["GET"]}}],"collection":[{"href":"https:\/\/tolio.co.nz\/en\/wp-json\/wp\/v2\/product"}],"about":[{"href":"https:\/\/tolio.co.nz\/en\/wp-json\/wp\/v2\/types\/product"}],"replies":[{"embeddable":true,"href":"https:\/\/tolio.co.nz\/en\/wp-json\/wp\/v2\/comments?post=20504"}],"wp:featuredmedia":[{"embeddable":true,"href":"https:\/\/tolio.co.nz\/en\/wp-json\/wp\/v2\/media\/20506"}],"wp:attachment":[{"href":"https:\/\/tolio.co.nz\/en\/wp-json\/wp\/v2\/media?parent=20504"}],"wp:term":[{"taxonomy":"product_brand","embeddable":true,"href":"https:\/\/tolio.co.nz\/en\/wp-json\/wp\/v2\/product_brand?post=20504"},{"taxonomy":"product_cat","embeddable":true,"href":"https:\/\/tolio.co.nz\/en\/wp-json\/wp\/v2\/product_cat?post=20504"},{"taxonomy":"product_tag","embeddable":true,"href":"https:\/\/tolio.co.nz\/en\/wp-json\/wp\/v2\/product_tag?post=20504"}],"curies":[{"name":"wp","href":"https:\/\/api.w.org\/{rel}","templated":true}]}}