{"id":2223,"date":"2022-01-27T01:58:00","date_gmt":"2022-01-26T13:13:00","guid":{"rendered":"https:\/\/tolio2.sitebycat.com\/?post_type=product&#038;p=2223"},"modified":"2026-03-25T19:22:42","modified_gmt":"2026-03-25T07:22:42","slug":"nuoc-mam-chay-3-in-1-lang-chai-xua-chai-525ml","status":"publish","type":"product","link":"https:\/\/tolio.co.nz\/en\/product\/3-in-1-fish-sauce-old-bottle-525ml-bottle\/","title":{"rendered":"3 in 1 vegetarian fish sauce Old Fishing Village 525ml bottle"},"content":{"rendered":"<p><strong>3 in 1 vegetarian fish sauce Old Fishing Village 525ml bottle <\/strong>\u00a0Contains sweet mushrooms, soybeans, and pineapple. Used as a vegetarian dish or as a substitute for fish sauce and soy sauce. Sweet mushrooms are found in daily meals and are the health secret of the Japanese.<\/p>\n<ul>\n<li>Lang Chai Xua 3-in-1 vegetarian fish sauce 525ml contains sweet soybean mushrooms and pineapple, used for vegetarians or to replace fish sauce and soy sauce. Sweet mushrooms are found in daily meals and are the health secret of the Japanese.<\/li>\n<li>Lang Chai Xua 3-in-1 Vegetarian Fish Sauce 525ml is made from the main ingredients of sweet mushrooms, soybeans, pineapple juice, pure salt and natural rock sugar. Thanks to the combination of these unique ingredients and this standard fermentation time, Lang Chai Xua 3-in-1 Vegetarian Fish Sauce has a very delicious flavor.<\/li>\n<li>Lang Chai Xua 3-in-1 vegetarian fish sauce 525ml contains sweet mushrooms, soybeans and pineapple, used for vegetarians or to replace fish sauce and soy sauce. Sweet mushrooms are present in daily meals and are the health secret of Japanese people.<\/li>\n<\/ul>\n<p><strong>User manual<\/strong>:<\/p>\n<ul>\n<li>Eat raw or season the dish, close the lid tightly after use.<\/li>\n<\/ul>\n<p><strong>Preserve<\/strong>:<\/p>\n<ul>\n<li>Store in a cool, dry place, away from direct sunlight.<\/li>\n<\/ul>","protected":false},"excerpt":{"rendered":"<ul>\n<li>Brand: Ancient Fishing Village<\/li>\n<li>Brand origin: Vietnam<\/li>\n<li>Packaging: 525ml bottle<\/li>\n<li>Note: Product packaging may change from batch to batch.<\/li>\n<\/ul>","protected":false},"featured_media":21155,"comment_status":"open","ping_status":"closed","template":"","meta":[],"product_brand":[],"product_cat":[33,479],"product_tag":[103,293,294],"class_list":{"0":"post-2223","1":"product","2":"type-product","3":"status-publish","4":"has-post-thumbnail","6":"product_cat-gia-vi","7":"product_cat-nuoc-mam-nuoc-cham-tuong-ot","8":"product_tag-nuoc-mam","9":"product_tag-nuoc-mam-chay","10":"product_tag-nuoc-mam-lang-chai","11":"pa_thuong-hieu-lang-chai-xua","13":"first","14":"instock","15":"shipping-taxable","16":"purchasable","17":"product-type-simple"},"yoast_head":"<!-- This site is optimized with the Yoast SEO plugin v24.4 - https:\/\/yoast.com\/wordpress\/plugins\/seo\/ -->\n<title>N\u01b0\u1edbc m\u1eafm chay 3 in 1 L\u00e0ng Ch\u00e0i X\u01b0a chai 525ml - TOLIO<\/title>\n<meta name=\"description\" content=\"Th\u01b0\u01a1ng hi\u1ec7u: L\u00e0ng Ch\u00e0i X\u01b0a  Xu\u1ea5t x\u1ee9 th\u01b0\u01a1ng hi\u1ec7u: Vi\u1ec7t nam  Quy c\u00e1ch \u0111\u00f3ng g\u00f3i: chai 525ml  L\u01b0u \u00fd: Bao b\u00ec s\u1ea3n ph\u1ea9m c\u00f3 th\u1ec3 thay \u0111\u1ed5i theo t\u1eebng \u0111\u1ee3t nh\u1eadp h\u00e0ng.\" \/>\n<meta name=\"robots\" content=\"index, follow, max-snippet:-1, max-image-preview:large, max-video-preview:-1\" \/>\n<link rel=\"canonical\" href=\"https:\/\/tolio.co.nz\/en\/product\/3-in-1-fish-sauce-old-bottle-525ml-bottle\/\" \/>\n<meta property=\"og:locale\" content=\"en_US\" \/>\n<meta property=\"og:type\" content=\"article\" \/>\n<meta property=\"og:title\" content=\"N\u01b0\u1edbc m\u1eafm chay 3 in 1 L\u00e0ng Ch\u00e0i X\u01b0a chai 525ml - TOLIO\" \/>\n<meta property=\"og:description\" content=\"Th\u01b0\u01a1ng hi\u1ec7u: L\u00e0ng Ch\u00e0i X\u01b0a  Xu\u1ea5t x\u1ee9 th\u01b0\u01a1ng hi\u1ec7u: Vi\u1ec7t nam  Quy c\u00e1ch \u0111\u00f3ng g\u00f3i: chai 525ml  L\u01b0u \u00fd: Bao b\u00ec s\u1ea3n ph\u1ea9m c\u00f3 th\u1ec3 thay \u0111\u1ed5i theo t\u1eebng \u0111\u1ee3t nh\u1eadp h\u00e0ng.\" \/>\n<meta property=\"og:url\" content=\"https:\/\/tolio.co.nz\/en\/product\/3-in-1-fish-sauce-old-bottle-525ml-bottle\/\" \/>\n<meta property=\"og:site_name\" content=\"TOLIO\" \/>\n<meta property=\"article:modified_time\" content=\"2026-03-25T07:22:42+00:00\" \/>\n<meta property=\"og:image\" content=\"https:\/\/tolio.co.nz\/wp-content\/uploads\/2022\/01\/44.png\" \/>\n\t<meta property=\"og:image:width\" content=\"1000\" \/>\n\t<meta property=\"og:image:height\" content=\"907\" \/>\n\t<meta property=\"og:image:type\" content=\"image\/png\" \/>\n<meta name=\"twitter:card\" content=\"summary_large_image\" \/>\n<meta name=\"twitter:label1\" content=\"Est. reading time\" \/>\n\t<meta name=\"twitter:data1\" content=\"2 minutes\" \/>\n<script type=\"application\/ld+json\" class=\"yoast-schema-graph\">{\"@context\":\"https:\/\/schema.org\",\"@graph\":[{\"@type\":\"WebPage\",\"@id\":\"https:\/\/tolio.co.nz\/san-pham\/nuoc-mam-chay-3-in-1-lang-chai-xua-chai-525ml\/\",\"url\":\"https:\/\/tolio.co.nz\/san-pham\/nuoc-mam-chay-3-in-1-lang-chai-xua-chai-525ml\/\",\"name\":\"N\u01b0\u1edbc m\u1eafm chay 3 in 1 L\u00e0ng Ch\u00e0i X\u01b0a chai 525ml - TOLIO\",\"isPartOf\":{\"@id\":\"https:\/\/tolio.co.nz\/#website\"},\"primaryImageOfPage\":{\"@id\":\"https:\/\/tolio.co.nz\/san-pham\/nuoc-mam-chay-3-in-1-lang-chai-xua-chai-525ml\/#primaryimage\"},\"image\":{\"@id\":\"https:\/\/tolio.co.nz\/san-pham\/nuoc-mam-chay-3-in-1-lang-chai-xua-chai-525ml\/#primaryimage\"},\"thumbnailUrl\":\"https:\/\/tolio.co.nz\/wp-content\/uploads\/2022\/01\/44.png\",\"datePublished\":\"2022-01-26T13:13:00+00:00\",\"dateModified\":\"2026-03-25T07:22:42+00:00\",\"description\":\"Th\u01b0\u01a1ng hi\u1ec7u: L\u00e0ng Ch\u00e0i X\u01b0a Xu\u1ea5t x\u1ee9 th\u01b0\u01a1ng hi\u1ec7u: Vi\u1ec7t nam Quy c\u00e1ch \u0111\u00f3ng g\u00f3i: chai 525ml L\u01b0u \u00fd: Bao b\u00ec s\u1ea3n ph\u1ea9m c\u00f3 th\u1ec3 thay \u0111\u1ed5i theo t\u1eebng \u0111\u1ee3t nh\u1eadp h\u00e0ng.\",\"breadcrumb\":{\"@id\":\"https:\/\/tolio.co.nz\/san-pham\/nuoc-mam-chay-3-in-1-lang-chai-xua-chai-525ml\/#breadcrumb\"},\"inLanguage\":\"en-US\",\"potentialAction\":[{\"@type\":\"ReadAction\",\"target\":[\"https:\/\/tolio.co.nz\/san-pham\/nuoc-mam-chay-3-in-1-lang-chai-xua-chai-525ml\/\"]}]},{\"@type\":\"ImageObject\",\"inLanguage\":\"en-US\",\"@id\":\"https:\/\/tolio.co.nz\/san-pham\/nuoc-mam-chay-3-in-1-lang-chai-xua-chai-525ml\/#primaryimage\",\"url\":\"https:\/\/tolio.co.nz\/wp-content\/uploads\/2022\/01\/44.png\",\"contentUrl\":\"https:\/\/tolio.co.nz\/wp-content\/uploads\/2022\/01\/44.png\",\"width\":1000,\"height\":907},{\"@type\":\"BreadcrumbList\",\"@id\":\"https:\/\/tolio.co.nz\/san-pham\/nuoc-mam-chay-3-in-1-lang-chai-xua-chai-525ml\/#breadcrumb\",\"itemListElement\":[{\"@type\":\"ListItem\",\"position\":1,\"name\":\"Home\",\"item\":\"https:\/\/tolio.co.nz\/\"},{\"@type\":\"ListItem\",\"position\":2,\"name\":\"C\u1eeda h\u00e0ng\",\"item\":\"https:\/\/tolio.co.nz\/cua-hang\/\"},{\"@type\":\"ListItem\",\"position\":3,\"name\":\"N\u01b0\u1edbc m\u1eafm chay 3 in 1 L\u00e0ng Ch\u00e0i X\u01b0a chai 525ml\"}]},{\"@type\":\"WebSite\",\"@id\":\"https:\/\/tolio.co.nz\/#website\",\"url\":\"https:\/\/tolio.co.nz\/\",\"name\":\"TOLIO\",\"description\":\"Vietnamese Grocery Online\",\"potentialAction\":[{\"@type\":\"SearchAction\",\"target\":{\"@type\":\"EntryPoint\",\"urlTemplate\":\"https:\/\/tolio.co.nz\/?s={search_term_string}\"},\"query-input\":{\"@type\":\"PropertyValueSpecification\",\"valueRequired\":true,\"valueName\":\"search_term_string\"}}],\"inLanguage\":\"en-US\"}]}<\/script>\n<!-- \/ Yoast SEO plugin. -->","yoast_head_json":{"title":"N\u01b0\u1edbc m\u1eafm chay 3 in 1 L\u00e0ng Ch\u00e0i X\u01b0a chai 525ml - TOLIO","description":"Th\u01b0\u01a1ng hi\u1ec7u: L\u00e0ng Ch\u00e0i X\u01b0a  Xu\u1ea5t x\u1ee9 th\u01b0\u01a1ng hi\u1ec7u: Vi\u1ec7t nam  Quy c\u00e1ch \u0111\u00f3ng g\u00f3i: chai 525ml  L\u01b0u \u00fd: Bao b\u00ec s\u1ea3n ph\u1ea9m c\u00f3 th\u1ec3 thay \u0111\u1ed5i theo t\u1eebng \u0111\u1ee3t nh\u1eadp h\u00e0ng.","robots":{"index":"index","follow":"follow","max-snippet":"max-snippet:-1","max-image-preview":"max-image-preview:large","max-video-preview":"max-video-preview:-1"},"canonical":"https:\/\/tolio.co.nz\/en\/product\/3-in-1-fish-sauce-old-bottle-525ml-bottle\/","og_locale":"en_US","og_type":"article","og_title":"N\u01b0\u1edbc m\u1eafm chay 3 in 1 L\u00e0ng Ch\u00e0i X\u01b0a chai 525ml - TOLIO","og_description":"Th\u01b0\u01a1ng hi\u1ec7u: L\u00e0ng Ch\u00e0i X\u01b0a  Xu\u1ea5t x\u1ee9 th\u01b0\u01a1ng hi\u1ec7u: Vi\u1ec7t nam  Quy c\u00e1ch \u0111\u00f3ng g\u00f3i: chai 525ml  L\u01b0u \u00fd: Bao b\u00ec s\u1ea3n ph\u1ea9m c\u00f3 th\u1ec3 thay \u0111\u1ed5i theo t\u1eebng \u0111\u1ee3t nh\u1eadp h\u00e0ng.","og_url":"https:\/\/tolio.co.nz\/en\/product\/3-in-1-fish-sauce-old-bottle-525ml-bottle\/","og_site_name":"TOLIO","article_modified_time":"2026-03-25T07:22:42+00:00","og_image":[{"width":1000,"height":907,"url":"https:\/\/tolio.co.nz\/wp-content\/uploads\/2022\/01\/44.png","type":"image\/png"}],"twitter_card":"summary_large_image","twitter_misc":{"Est. reading time":"2 minutes"},"schema":{"@context":"https:\/\/schema.org","@graph":[{"@type":"WebPage","@id":"https:\/\/tolio.co.nz\/san-pham\/nuoc-mam-chay-3-in-1-lang-chai-xua-chai-525ml\/","url":"https:\/\/tolio.co.nz\/san-pham\/nuoc-mam-chay-3-in-1-lang-chai-xua-chai-525ml\/","name":"N\u01b0\u1edbc m\u1eafm chay 3 in 1 L\u00e0ng Ch\u00e0i X\u01b0a chai 525ml - TOLIO","isPartOf":{"@id":"https:\/\/tolio.co.nz\/#website"},"primaryImageOfPage":{"@id":"https:\/\/tolio.co.nz\/san-pham\/nuoc-mam-chay-3-in-1-lang-chai-xua-chai-525ml\/#primaryimage"},"image":{"@id":"https:\/\/tolio.co.nz\/san-pham\/nuoc-mam-chay-3-in-1-lang-chai-xua-chai-525ml\/#primaryimage"},"thumbnailUrl":"https:\/\/tolio.co.nz\/wp-content\/uploads\/2022\/01\/44.png","datePublished":"2022-01-26T13:13:00+00:00","dateModified":"2026-03-25T07:22:42+00:00","description":"Th\u01b0\u01a1ng hi\u1ec7u: L\u00e0ng Ch\u00e0i X\u01b0a Xu\u1ea5t x\u1ee9 th\u01b0\u01a1ng hi\u1ec7u: Vi\u1ec7t nam Quy c\u00e1ch \u0111\u00f3ng g\u00f3i: chai 525ml L\u01b0u \u00fd: Bao b\u00ec s\u1ea3n ph\u1ea9m c\u00f3 th\u1ec3 thay \u0111\u1ed5i theo t\u1eebng \u0111\u1ee3t nh\u1eadp h\u00e0ng.","breadcrumb":{"@id":"https:\/\/tolio.co.nz\/san-pham\/nuoc-mam-chay-3-in-1-lang-chai-xua-chai-525ml\/#breadcrumb"},"inLanguage":"en-US","potentialAction":[{"@type":"ReadAction","target":["https:\/\/tolio.co.nz\/san-pham\/nuoc-mam-chay-3-in-1-lang-chai-xua-chai-525ml\/"]}]},{"@type":"ImageObject","inLanguage":"en-US","@id":"https:\/\/tolio.co.nz\/san-pham\/nuoc-mam-chay-3-in-1-lang-chai-xua-chai-525ml\/#primaryimage","url":"https:\/\/tolio.co.nz\/wp-content\/uploads\/2022\/01\/44.png","contentUrl":"https:\/\/tolio.co.nz\/wp-content\/uploads\/2022\/01\/44.png","width":1000,"height":907},{"@type":"BreadcrumbList","@id":"https:\/\/tolio.co.nz\/san-pham\/nuoc-mam-chay-3-in-1-lang-chai-xua-chai-525ml\/#breadcrumb","itemListElement":[{"@type":"ListItem","position":1,"name":"Home","item":"https:\/\/tolio.co.nz\/"},{"@type":"ListItem","position":2,"name":"C\u1eeda h\u00e0ng","item":"https:\/\/tolio.co.nz\/cua-hang\/"},{"@type":"ListItem","position":3,"name":"N\u01b0\u1edbc m\u1eafm chay 3 in 1 L\u00e0ng Ch\u00e0i X\u01b0a chai 525ml"}]},{"@type":"WebSite","@id":"https:\/\/tolio.co.nz\/#website","url":"https:\/\/tolio.co.nz\/","name":"TOLIO","description":"Vietnamese Grocery Online","potentialAction":[{"@type":"SearchAction","target":{"@type":"EntryPoint","urlTemplate":"https:\/\/tolio.co.nz\/?s={search_term_string}"},"query-input":{"@type":"PropertyValueSpecification","valueRequired":true,"valueName":"search_term_string"}}],"inLanguage":"en-US"}]}},"_links":{"self":[{"href":"https:\/\/tolio.co.nz\/en\/wp-json\/wp\/v2\/product\/2223","targetHints":{"allow":["GET"]}}],"collection":[{"href":"https:\/\/tolio.co.nz\/en\/wp-json\/wp\/v2\/product"}],"about":[{"href":"https:\/\/tolio.co.nz\/en\/wp-json\/wp\/v2\/types\/product"}],"replies":[{"embeddable":true,"href":"https:\/\/tolio.co.nz\/en\/wp-json\/wp\/v2\/comments?post=2223"}],"wp:featuredmedia":[{"embeddable":true,"href":"https:\/\/tolio.co.nz\/en\/wp-json\/wp\/v2\/media\/21155"}],"wp:attachment":[{"href":"https:\/\/tolio.co.nz\/en\/wp-json\/wp\/v2\/media?parent=2223"}],"wp:term":[{"taxonomy":"product_brand","embeddable":true,"href":"https:\/\/tolio.co.nz\/en\/wp-json\/wp\/v2\/product_brand?post=2223"},{"taxonomy":"product_cat","embeddable":true,"href":"https:\/\/tolio.co.nz\/en\/wp-json\/wp\/v2\/product_cat?post=2223"},{"taxonomy":"product_tag","embeddable":true,"href":"https:\/\/tolio.co.nz\/en\/wp-json\/wp\/v2\/product_tag?post=2223"}],"curies":[{"name":"wp","href":"https:\/\/api.w.org\/{rel}","templated":true}]}}