{"id":24651,"date":"2025-03-24T05:56:52","date_gmt":"2025-03-23T17:56:52","guid":{"rendered":"https:\/\/tolio.co.nz\/?post_type=product&#038;p=24651"},"modified":"2026-04-01T17:20:06","modified_gmt":"2026-04-01T05:20:06","slug":"dau-goi-sach-gau-clear-bac-ha-mat-lanh-chai-880g","status":"publish","type":"product","link":"https:\/\/tolio.co.nz\/en\/product\/clear-cayenne-pepper-cold-mat-shampoo-880g-bottle\/","title":{"rendered":"Clear anti-dandruff shampoo with cool mint 880g bottle"},"content":{"rendered":"<p><strong>Clear anti-dandruff shampoo with cool mint 880g bottle<\/strong> with 3X power formula to help remove dandruff, itching and bacteria. With the ability to penetrate quickly and deeply into the scalp thanks to vitamin B3 and glycerin. Clear anti-dandruff shampoo with cool mint nourishes the scalp effectively, removes dandruff, does not cause dry feeling to the scalp. More specifically, Clear anti-dandruff shampoo with cool mint brings a cool feeling and fresh fragrance from the first use with effective dandruff and oil removal with visible results.<\/p>\n<p><strong>How to Use:<\/strong><\/p>\n<ul>\n<li>Wet hair, take an appropriate amount of shampoo to create lather and gently massage into hair and scalp, massage and rinse with water.<\/li>\n<\/ul>\n<p><strong>Preserve:<\/strong><\/p>\n<ul>\n<li>\u00a0Keep out of reach of CHILDREN. Avoid getting product into eyes. If in eyes, rinse with water<\/li>\n<li>Avoid high temperature and direct sunlight<\/li>\n<\/ul>\n<p><strong>Expiry:<\/strong> 03 years from date of manufacture<\/p>","protected":false},"excerpt":{"rendered":"<ul>\n<li>Brand: Clear<\/li>\n<li>Brand Country: Viet nam<\/li>\n<li>Packaging: 880g bottle<\/li>\n<li>Note: Product packaging may change from batch to batch<\/li>\n<\/ul>","protected":false},"featured_media":24652,"comment_status":"open","ping_status":"closed","template":"","meta":[],"product_brand":[],"product_cat":[31,49],"product_tag":[216,1123],"class_list":{"0":"post-24651","1":"product","2":"type-product","3":"status-publish","4":"has-post-thumbnail","6":"product_cat-hang-moi-ve","7":"product_cat-san-pham-khac","8":"product_tag-dau-goi","9":"product_tag-dau-goi-clear","10":"pa_thuong-hieu-clear","12":"first","13":"instock","14":"shipping-taxable","15":"purchasable","16":"product-type-simple"},"yoast_head":"<!-- This site is optimized with the Yoast SEO plugin v24.4 - https:\/\/yoast.com\/wordpress\/plugins\/seo\/ -->\n<title>D\u1ea7u g\u1ed9i s\u1ea1ch g\u00e0u Clear b\u1ea1c h\u00e0 m\u00e1t l\u1ea1nh chai 880g - TOLIO<\/title>\n<meta name=\"description\" content=\"Th\u01b0\u01a1ng hi\u1ec7u: Clear  Xu\u1ea5t x\u1ee9 th\u01b0\u01a1ng hi\u1ec7u: Vi\u1ec7t Nam  Quy c\u00e1ch \u0111\u00f3ng g\u00f3i: chai 880g  L\u01b0u \u00fd: Bao b\u00ec s\u1ea3n ph\u1ea9m c\u00f3 th\u1ec3 thay \u0111\u1ed5i theo t\u1eebng \u0111\u1ee3t nh\u1eadp h\u00e0ng\" \/>\n<meta name=\"robots\" content=\"index, follow, max-snippet:-1, max-image-preview:large, max-video-preview:-1\" \/>\n<link rel=\"canonical\" href=\"https:\/\/tolio.co.nz\/en\/product\/clear-cayenne-pepper-cold-mat-shampoo-880g-bottle\/\" \/>\n<meta property=\"og:locale\" content=\"en_US\" \/>\n<meta property=\"og:type\" content=\"article\" \/>\n<meta property=\"og:title\" content=\"D\u1ea7u g\u1ed9i s\u1ea1ch g\u00e0u Clear b\u1ea1c h\u00e0 m\u00e1t l\u1ea1nh chai 880g - TOLIO\" \/>\n<meta property=\"og:description\" content=\"Th\u01b0\u01a1ng hi\u1ec7u: Clear  Xu\u1ea5t x\u1ee9 th\u01b0\u01a1ng hi\u1ec7u: Vi\u1ec7t Nam  Quy c\u00e1ch \u0111\u00f3ng g\u00f3i: chai 880g  L\u01b0u \u00fd: Bao b\u00ec s\u1ea3n ph\u1ea9m c\u00f3 th\u1ec3 thay \u0111\u1ed5i theo t\u1eebng \u0111\u1ee3t nh\u1eadp h\u00e0ng\" \/>\n<meta property=\"og:url\" content=\"https:\/\/tolio.co.nz\/en\/product\/clear-cayenne-pepper-cold-mat-shampoo-880g-bottle\/\" \/>\n<meta property=\"og:site_name\" content=\"TOLIO\" \/>\n<meta property=\"article:modified_time\" content=\"2026-04-01T05:20:06+00:00\" \/>\n<meta property=\"og:image\" content=\"https:\/\/tolio.co.nz\/wp-content\/uploads\/2025\/03\/119.png\" \/>\n\t<meta property=\"og:image:width\" content=\"1000\" \/>\n\t<meta property=\"og:image:height\" content=\"907\" \/>\n\t<meta property=\"og:image:type\" content=\"image\/png\" \/>\n<meta name=\"twitter:card\" content=\"summary_large_image\" \/>\n<meta name=\"twitter:label1\" content=\"Est. reading time\" \/>\n\t<meta name=\"twitter:data1\" content=\"1 minute\" \/>\n<script type=\"application\/ld+json\" class=\"yoast-schema-graph\">{\"@context\":\"https:\/\/schema.org\",\"@graph\":[{\"@type\":\"WebPage\",\"@id\":\"https:\/\/tolio.co.nz\/san-pham\/dau-goi-sach-gau-clear-bac-ha-mat-lanh-chai-880g\/\",\"url\":\"https:\/\/tolio.co.nz\/san-pham\/dau-goi-sach-gau-clear-bac-ha-mat-lanh-chai-880g\/\",\"name\":\"D\u1ea7u g\u1ed9i s\u1ea1ch g\u00e0u Clear b\u1ea1c h\u00e0 m\u00e1t l\u1ea1nh chai 880g - TOLIO\",\"isPartOf\":{\"@id\":\"https:\/\/tolio.co.nz\/#website\"},\"primaryImageOfPage\":{\"@id\":\"https:\/\/tolio.co.nz\/san-pham\/dau-goi-sach-gau-clear-bac-ha-mat-lanh-chai-880g\/#primaryimage\"},\"image\":{\"@id\":\"https:\/\/tolio.co.nz\/san-pham\/dau-goi-sach-gau-clear-bac-ha-mat-lanh-chai-880g\/#primaryimage\"},\"thumbnailUrl\":\"https:\/\/tolio.co.nz\/wp-content\/uploads\/2025\/03\/119.png\",\"datePublished\":\"2025-03-23T17:56:52+00:00\",\"dateModified\":\"2026-04-01T05:20:06+00:00\",\"description\":\"Th\u01b0\u01a1ng hi\u1ec7u: Clear Xu\u1ea5t x\u1ee9 th\u01b0\u01a1ng hi\u1ec7u: Vi\u1ec7t Nam Quy c\u00e1ch \u0111\u00f3ng g\u00f3i: chai 880g L\u01b0u \u00fd: Bao b\u00ec s\u1ea3n ph\u1ea9m c\u00f3 th\u1ec3 thay \u0111\u1ed5i theo t\u1eebng \u0111\u1ee3t nh\u1eadp h\u00e0ng\",\"breadcrumb\":{\"@id\":\"https:\/\/tolio.co.nz\/san-pham\/dau-goi-sach-gau-clear-bac-ha-mat-lanh-chai-880g\/#breadcrumb\"},\"inLanguage\":\"en-US\",\"potentialAction\":[{\"@type\":\"ReadAction\",\"target\":[\"https:\/\/tolio.co.nz\/san-pham\/dau-goi-sach-gau-clear-bac-ha-mat-lanh-chai-880g\/\"]}]},{\"@type\":\"ImageObject\",\"inLanguage\":\"en-US\",\"@id\":\"https:\/\/tolio.co.nz\/san-pham\/dau-goi-sach-gau-clear-bac-ha-mat-lanh-chai-880g\/#primaryimage\",\"url\":\"https:\/\/tolio.co.nz\/wp-content\/uploads\/2025\/03\/119.png\",\"contentUrl\":\"https:\/\/tolio.co.nz\/wp-content\/uploads\/2025\/03\/119.png\",\"width\":1000,\"height\":907},{\"@type\":\"BreadcrumbList\",\"@id\":\"https:\/\/tolio.co.nz\/san-pham\/dau-goi-sach-gau-clear-bac-ha-mat-lanh-chai-880g\/#breadcrumb\",\"itemListElement\":[{\"@type\":\"ListItem\",\"position\":1,\"name\":\"Home\",\"item\":\"https:\/\/tolio.co.nz\/\"},{\"@type\":\"ListItem\",\"position\":2,\"name\":\"C\u1eeda h\u00e0ng\",\"item\":\"https:\/\/tolio.co.nz\/cua-hang\/\"},{\"@type\":\"ListItem\",\"position\":3,\"name\":\"D\u1ea7u g\u1ed9i s\u1ea1ch g\u00e0u Clear b\u1ea1c h\u00e0 m\u00e1t l\u1ea1nh chai 880g\"}]},{\"@type\":\"WebSite\",\"@id\":\"https:\/\/tolio.co.nz\/#website\",\"url\":\"https:\/\/tolio.co.nz\/\",\"name\":\"TOLIO\",\"description\":\"Vietnamese Grocery Online\",\"potentialAction\":[{\"@type\":\"SearchAction\",\"target\":{\"@type\":\"EntryPoint\",\"urlTemplate\":\"https:\/\/tolio.co.nz\/?s={search_term_string}\"},\"query-input\":{\"@type\":\"PropertyValueSpecification\",\"valueRequired\":true,\"valueName\":\"search_term_string\"}}],\"inLanguage\":\"en-US\"}]}<\/script>\n<!-- \/ Yoast SEO plugin. -->","yoast_head_json":{"title":"D\u1ea7u g\u1ed9i s\u1ea1ch g\u00e0u Clear b\u1ea1c h\u00e0 m\u00e1t l\u1ea1nh chai 880g - TOLIO","description":"Th\u01b0\u01a1ng hi\u1ec7u: Clear  Xu\u1ea5t x\u1ee9 th\u01b0\u01a1ng hi\u1ec7u: Vi\u1ec7t Nam  Quy c\u00e1ch \u0111\u00f3ng g\u00f3i: chai 880g  L\u01b0u \u00fd: Bao b\u00ec s\u1ea3n ph\u1ea9m c\u00f3 th\u1ec3 thay \u0111\u1ed5i theo t\u1eebng \u0111\u1ee3t nh\u1eadp h\u00e0ng","robots":{"index":"index","follow":"follow","max-snippet":"max-snippet:-1","max-image-preview":"max-image-preview:large","max-video-preview":"max-video-preview:-1"},"canonical":"https:\/\/tolio.co.nz\/en\/product\/clear-cayenne-pepper-cold-mat-shampoo-880g-bottle\/","og_locale":"en_US","og_type":"article","og_title":"D\u1ea7u g\u1ed9i s\u1ea1ch g\u00e0u Clear b\u1ea1c h\u00e0 m\u00e1t l\u1ea1nh chai 880g - TOLIO","og_description":"Th\u01b0\u01a1ng hi\u1ec7u: Clear  Xu\u1ea5t x\u1ee9 th\u01b0\u01a1ng hi\u1ec7u: Vi\u1ec7t Nam  Quy c\u00e1ch \u0111\u00f3ng g\u00f3i: chai 880g  L\u01b0u \u00fd: Bao b\u00ec s\u1ea3n ph\u1ea9m c\u00f3 th\u1ec3 thay \u0111\u1ed5i theo t\u1eebng \u0111\u1ee3t nh\u1eadp h\u00e0ng","og_url":"https:\/\/tolio.co.nz\/en\/product\/clear-cayenne-pepper-cold-mat-shampoo-880g-bottle\/","og_site_name":"TOLIO","article_modified_time":"2026-04-01T05:20:06+00:00","og_image":[{"width":1000,"height":907,"url":"https:\/\/tolio.co.nz\/wp-content\/uploads\/2025\/03\/119.png","type":"image\/png"}],"twitter_card":"summary_large_image","twitter_misc":{"Est. reading time":"1 minute"},"schema":{"@context":"https:\/\/schema.org","@graph":[{"@type":"WebPage","@id":"https:\/\/tolio.co.nz\/san-pham\/dau-goi-sach-gau-clear-bac-ha-mat-lanh-chai-880g\/","url":"https:\/\/tolio.co.nz\/san-pham\/dau-goi-sach-gau-clear-bac-ha-mat-lanh-chai-880g\/","name":"D\u1ea7u g\u1ed9i s\u1ea1ch g\u00e0u Clear b\u1ea1c h\u00e0 m\u00e1t l\u1ea1nh chai 880g - TOLIO","isPartOf":{"@id":"https:\/\/tolio.co.nz\/#website"},"primaryImageOfPage":{"@id":"https:\/\/tolio.co.nz\/san-pham\/dau-goi-sach-gau-clear-bac-ha-mat-lanh-chai-880g\/#primaryimage"},"image":{"@id":"https:\/\/tolio.co.nz\/san-pham\/dau-goi-sach-gau-clear-bac-ha-mat-lanh-chai-880g\/#primaryimage"},"thumbnailUrl":"https:\/\/tolio.co.nz\/wp-content\/uploads\/2025\/03\/119.png","datePublished":"2025-03-23T17:56:52+00:00","dateModified":"2026-04-01T05:20:06+00:00","description":"Th\u01b0\u01a1ng hi\u1ec7u: Clear Xu\u1ea5t x\u1ee9 th\u01b0\u01a1ng hi\u1ec7u: Vi\u1ec7t Nam Quy c\u00e1ch \u0111\u00f3ng g\u00f3i: chai 880g L\u01b0u \u00fd: Bao b\u00ec s\u1ea3n ph\u1ea9m c\u00f3 th\u1ec3 thay \u0111\u1ed5i theo t\u1eebng \u0111\u1ee3t nh\u1eadp h\u00e0ng","breadcrumb":{"@id":"https:\/\/tolio.co.nz\/san-pham\/dau-goi-sach-gau-clear-bac-ha-mat-lanh-chai-880g\/#breadcrumb"},"inLanguage":"en-US","potentialAction":[{"@type":"ReadAction","target":["https:\/\/tolio.co.nz\/san-pham\/dau-goi-sach-gau-clear-bac-ha-mat-lanh-chai-880g\/"]}]},{"@type":"ImageObject","inLanguage":"en-US","@id":"https:\/\/tolio.co.nz\/san-pham\/dau-goi-sach-gau-clear-bac-ha-mat-lanh-chai-880g\/#primaryimage","url":"https:\/\/tolio.co.nz\/wp-content\/uploads\/2025\/03\/119.png","contentUrl":"https:\/\/tolio.co.nz\/wp-content\/uploads\/2025\/03\/119.png","width":1000,"height":907},{"@type":"BreadcrumbList","@id":"https:\/\/tolio.co.nz\/san-pham\/dau-goi-sach-gau-clear-bac-ha-mat-lanh-chai-880g\/#breadcrumb","itemListElement":[{"@type":"ListItem","position":1,"name":"Home","item":"https:\/\/tolio.co.nz\/"},{"@type":"ListItem","position":2,"name":"C\u1eeda h\u00e0ng","item":"https:\/\/tolio.co.nz\/cua-hang\/"},{"@type":"ListItem","position":3,"name":"D\u1ea7u g\u1ed9i s\u1ea1ch g\u00e0u Clear b\u1ea1c h\u00e0 m\u00e1t l\u1ea1nh chai 880g"}]},{"@type":"WebSite","@id":"https:\/\/tolio.co.nz\/#website","url":"https:\/\/tolio.co.nz\/","name":"TOLIO","description":"Vietnamese Grocery Online","potentialAction":[{"@type":"SearchAction","target":{"@type":"EntryPoint","urlTemplate":"https:\/\/tolio.co.nz\/?s={search_term_string}"},"query-input":{"@type":"PropertyValueSpecification","valueRequired":true,"valueName":"search_term_string"}}],"inLanguage":"en-US"}]}},"_links":{"self":[{"href":"https:\/\/tolio.co.nz\/en\/wp-json\/wp\/v2\/product\/24651","targetHints":{"allow":["GET"]}}],"collection":[{"href":"https:\/\/tolio.co.nz\/en\/wp-json\/wp\/v2\/product"}],"about":[{"href":"https:\/\/tolio.co.nz\/en\/wp-json\/wp\/v2\/types\/product"}],"replies":[{"embeddable":true,"href":"https:\/\/tolio.co.nz\/en\/wp-json\/wp\/v2\/comments?post=24651"}],"wp:featuredmedia":[{"embeddable":true,"href":"https:\/\/tolio.co.nz\/en\/wp-json\/wp\/v2\/media\/24652"}],"wp:attachment":[{"href":"https:\/\/tolio.co.nz\/en\/wp-json\/wp\/v2\/media?parent=24651"}],"wp:term":[{"taxonomy":"product_brand","embeddable":true,"href":"https:\/\/tolio.co.nz\/en\/wp-json\/wp\/v2\/product_brand?post=24651"},{"taxonomy":"product_cat","embeddable":true,"href":"https:\/\/tolio.co.nz\/en\/wp-json\/wp\/v2\/product_cat?post=24651"},{"taxonomy":"product_tag","embeddable":true,"href":"https:\/\/tolio.co.nz\/en\/wp-json\/wp\/v2\/product_tag?post=24651"}],"curies":[{"name":"wp","href":"https:\/\/api.w.org\/{rel}","templated":true}]}}