{"id":24655,"date":"2025-03-24T06:04:32","date_gmt":"2025-03-23T18:04:32","guid":{"rendered":"https:\/\/tolio.co.nz\/?post_type=product&#038;p=24655"},"modified":"2026-03-24T13:26:39","modified_gmt":"2026-03-24T01:26:39","slug":"dau-goi-sunsilk-ong-muot-rang-ngoi-chai-900g","status":"publish","type":"product","link":"https:\/\/tolio.co.nz\/en\/product\/sunsilk-honey-shampoo-900g-bottle-2\/","title":{"rendered":"Sunsilk shampoo shiny and radiant 900g bottle"},"content":{"rendered":"<p><strong>Sunsilk shampoo shiny and radiant 900g bottle<\/strong>\u00a0The secret is the Active Infusion nutrient system, a blend of 3 ingredients that nourish shiny, radiant hair including: soapberry essence, almond oil, black rice protein and vitamin E. Sunsilk shiny, radiant shampoo helps hair look thick, shiny, limits hair tangles and locks in moisture to keep hair smooth and soft.<\/p>\n<p><strong>How to Use:<\/strong><\/p>\n<ul>\n<li>Wet hair, take an appropriate amount of shampoo to create lather and gently massage into hair and scalp, massage and rinse with water.<\/li>\n<\/ul>\n<p><strong>Preserve:<\/strong><\/p>\n<ul>\n<li>\u00a0Keep out of reach of CHILDREN. Avoid getting product into eyes. If in eyes, rinse with water<\/li>\n<li>Avoid high temperature and direct sunlight<\/li>\n<\/ul>\n<p><strong>Expiry:<\/strong> 03 years from date of manufacture<\/p>","protected":false},"excerpt":{"rendered":"<ul>\n<li>Brand: Sunsilk<\/li>\n<li>Brand Country: Viet nam<\/li>\n<li>Packaging: 900g bottle<\/li>\n<li>Note: Product packaging may change from batch to batch<\/li>\n<\/ul>","protected":false},"featured_media":24656,"comment_status":"open","ping_status":"closed","template":"","meta":[],"product_brand":[],"product_cat":[49,31],"product_tag":[216,1125],"class_list":{"0":"post-24655","1":"product","2":"type-product","3":"status-publish","4":"has-post-thumbnail","6":"product_cat-san-pham-khac","7":"product_cat-hang-moi-ve","8":"product_tag-dau-goi","9":"product_tag-dau-goi-sunsilk","10":"pa_thuong-hieu-sunsilk","12":"first","13":"instock","14":"shipping-taxable","15":"purchasable","16":"product-type-simple"},"yoast_head":"<!-- This site is optimized with the Yoast SEO plugin v24.4 - https:\/\/yoast.com\/wordpress\/plugins\/seo\/ -->\n<title>D\u1ea7u g\u1ed9i Sunsilk \u00f3ng m\u01b0\u1ee3t r\u1ea1ng ng\u1eddi chai 900g - TOLIO<\/title>\n<meta name=\"description\" content=\"Th\u01b0\u01a1ng hi\u1ec7u: Sunsilk  Xu\u1ea5t x\u1ee9 th\u01b0\u01a1ng hi\u1ec7u: Vi\u1ec7t Nam  Quy c\u00e1ch \u0111\u00f3ng g\u00f3i: chai 900g  L\u01b0u \u00fd: Bao b\u00ec s\u1ea3n ph\u1ea9m c\u00f3 th\u1ec3 thay \u0111\u1ed5i theo t\u1eebng \u0111\u1ee3t nh\u1eadp h\u00e0ng\" \/>\n<meta name=\"robots\" content=\"index, follow, max-snippet:-1, max-image-preview:large, max-video-preview:-1\" \/>\n<link rel=\"canonical\" href=\"https:\/\/tolio.co.nz\/en\/product\/sunsilk-honey-shampoo-900g-bottle-2\/\" \/>\n<meta property=\"og:locale\" content=\"en_US\" \/>\n<meta property=\"og:type\" content=\"article\" \/>\n<meta property=\"og:title\" content=\"D\u1ea7u g\u1ed9i Sunsilk \u00f3ng m\u01b0\u1ee3t r\u1ea1ng ng\u1eddi chai 900g - TOLIO\" \/>\n<meta property=\"og:description\" content=\"Th\u01b0\u01a1ng hi\u1ec7u: Sunsilk  Xu\u1ea5t x\u1ee9 th\u01b0\u01a1ng hi\u1ec7u: Vi\u1ec7t Nam  Quy c\u00e1ch \u0111\u00f3ng g\u00f3i: chai 900g  L\u01b0u \u00fd: Bao b\u00ec s\u1ea3n ph\u1ea9m c\u00f3 th\u1ec3 thay \u0111\u1ed5i theo t\u1eebng \u0111\u1ee3t nh\u1eadp h\u00e0ng\" \/>\n<meta property=\"og:url\" content=\"https:\/\/tolio.co.nz\/en\/product\/sunsilk-honey-shampoo-900g-bottle-2\/\" \/>\n<meta property=\"og:site_name\" content=\"TOLIO\" \/>\n<meta property=\"article:modified_time\" content=\"2026-03-24T01:26:39+00:00\" \/>\n<meta property=\"og:image\" content=\"https:\/\/tolio.co.nz\/wp-content\/uploads\/2025\/03\/122.png\" \/>\n\t<meta property=\"og:image:width\" content=\"1000\" \/>\n\t<meta property=\"og:image:height\" content=\"907\" \/>\n\t<meta property=\"og:image:type\" content=\"image\/png\" \/>\n<meta name=\"twitter:card\" content=\"summary_large_image\" \/>\n<meta name=\"twitter:label1\" content=\"Est. reading time\" \/>\n\t<meta name=\"twitter:data1\" content=\"1 minute\" \/>\n<script type=\"application\/ld+json\" class=\"yoast-schema-graph\">{\"@context\":\"https:\/\/schema.org\",\"@graph\":[{\"@type\":\"WebPage\",\"@id\":\"https:\/\/tolio.co.nz\/san-pham\/dau-goi-sunsilk-ong-muot-rang-ngoi-chai-900g\/\",\"url\":\"https:\/\/tolio.co.nz\/san-pham\/dau-goi-sunsilk-ong-muot-rang-ngoi-chai-900g\/\",\"name\":\"D\u1ea7u g\u1ed9i Sunsilk \u00f3ng m\u01b0\u1ee3t r\u1ea1ng ng\u1eddi chai 900g - TOLIO\",\"isPartOf\":{\"@id\":\"https:\/\/tolio.co.nz\/#website\"},\"primaryImageOfPage\":{\"@id\":\"https:\/\/tolio.co.nz\/san-pham\/dau-goi-sunsilk-ong-muot-rang-ngoi-chai-900g\/#primaryimage\"},\"image\":{\"@id\":\"https:\/\/tolio.co.nz\/san-pham\/dau-goi-sunsilk-ong-muot-rang-ngoi-chai-900g\/#primaryimage\"},\"thumbnailUrl\":\"https:\/\/tolio.co.nz\/wp-content\/uploads\/2025\/03\/122.png\",\"datePublished\":\"2025-03-23T18:04:32+00:00\",\"dateModified\":\"2026-03-24T01:26:39+00:00\",\"description\":\"Th\u01b0\u01a1ng hi\u1ec7u: Sunsilk Xu\u1ea5t x\u1ee9 th\u01b0\u01a1ng hi\u1ec7u: Vi\u1ec7t Nam Quy c\u00e1ch \u0111\u00f3ng g\u00f3i: chai 900g L\u01b0u \u00fd: Bao b\u00ec s\u1ea3n ph\u1ea9m c\u00f3 th\u1ec3 thay \u0111\u1ed5i theo t\u1eebng \u0111\u1ee3t nh\u1eadp h\u00e0ng\",\"breadcrumb\":{\"@id\":\"https:\/\/tolio.co.nz\/san-pham\/dau-goi-sunsilk-ong-muot-rang-ngoi-chai-900g\/#breadcrumb\"},\"inLanguage\":\"en-US\",\"potentialAction\":[{\"@type\":\"ReadAction\",\"target\":[\"https:\/\/tolio.co.nz\/san-pham\/dau-goi-sunsilk-ong-muot-rang-ngoi-chai-900g\/\"]}]},{\"@type\":\"ImageObject\",\"inLanguage\":\"en-US\",\"@id\":\"https:\/\/tolio.co.nz\/san-pham\/dau-goi-sunsilk-ong-muot-rang-ngoi-chai-900g\/#primaryimage\",\"url\":\"https:\/\/tolio.co.nz\/wp-content\/uploads\/2025\/03\/122.png\",\"contentUrl\":\"https:\/\/tolio.co.nz\/wp-content\/uploads\/2025\/03\/122.png\",\"width\":1000,\"height\":907},{\"@type\":\"BreadcrumbList\",\"@id\":\"https:\/\/tolio.co.nz\/san-pham\/dau-goi-sunsilk-ong-muot-rang-ngoi-chai-900g\/#breadcrumb\",\"itemListElement\":[{\"@type\":\"ListItem\",\"position\":1,\"name\":\"Home\",\"item\":\"https:\/\/tolio.co.nz\/\"},{\"@type\":\"ListItem\",\"position\":2,\"name\":\"C\u1eeda h\u00e0ng\",\"item\":\"https:\/\/tolio.co.nz\/cua-hang\/\"},{\"@type\":\"ListItem\",\"position\":3,\"name\":\"D\u1ea7u g\u1ed9i Sunsilk \u00f3ng m\u01b0\u1ee3t r\u1ea1ng ng\u1eddi chai 900g\"}]},{\"@type\":\"WebSite\",\"@id\":\"https:\/\/tolio.co.nz\/#website\",\"url\":\"https:\/\/tolio.co.nz\/\",\"name\":\"TOLIO\",\"description\":\"Vietnamese Grocery Online\",\"potentialAction\":[{\"@type\":\"SearchAction\",\"target\":{\"@type\":\"EntryPoint\",\"urlTemplate\":\"https:\/\/tolio.co.nz\/?s={search_term_string}\"},\"query-input\":{\"@type\":\"PropertyValueSpecification\",\"valueRequired\":true,\"valueName\":\"search_term_string\"}}],\"inLanguage\":\"en-US\"}]}<\/script>\n<!-- \/ Yoast SEO plugin. -->","yoast_head_json":{"title":"D\u1ea7u g\u1ed9i Sunsilk \u00f3ng m\u01b0\u1ee3t r\u1ea1ng ng\u1eddi chai 900g - TOLIO","description":"Th\u01b0\u01a1ng hi\u1ec7u: Sunsilk  Xu\u1ea5t x\u1ee9 th\u01b0\u01a1ng hi\u1ec7u: Vi\u1ec7t Nam  Quy c\u00e1ch \u0111\u00f3ng g\u00f3i: chai 900g  L\u01b0u \u00fd: Bao b\u00ec s\u1ea3n ph\u1ea9m c\u00f3 th\u1ec3 thay \u0111\u1ed5i theo t\u1eebng \u0111\u1ee3t nh\u1eadp h\u00e0ng","robots":{"index":"index","follow":"follow","max-snippet":"max-snippet:-1","max-image-preview":"max-image-preview:large","max-video-preview":"max-video-preview:-1"},"canonical":"https:\/\/tolio.co.nz\/en\/product\/sunsilk-honey-shampoo-900g-bottle-2\/","og_locale":"en_US","og_type":"article","og_title":"D\u1ea7u g\u1ed9i Sunsilk \u00f3ng m\u01b0\u1ee3t r\u1ea1ng ng\u1eddi chai 900g - TOLIO","og_description":"Th\u01b0\u01a1ng hi\u1ec7u: Sunsilk  Xu\u1ea5t x\u1ee9 th\u01b0\u01a1ng hi\u1ec7u: Vi\u1ec7t Nam  Quy c\u00e1ch \u0111\u00f3ng g\u00f3i: chai 900g  L\u01b0u \u00fd: Bao b\u00ec s\u1ea3n ph\u1ea9m c\u00f3 th\u1ec3 thay \u0111\u1ed5i theo t\u1eebng \u0111\u1ee3t nh\u1eadp h\u00e0ng","og_url":"https:\/\/tolio.co.nz\/en\/product\/sunsilk-honey-shampoo-900g-bottle-2\/","og_site_name":"TOLIO","article_modified_time":"2026-03-24T01:26:39+00:00","og_image":[{"width":1000,"height":907,"url":"https:\/\/tolio.co.nz\/wp-content\/uploads\/2025\/03\/122.png","type":"image\/png"}],"twitter_card":"summary_large_image","twitter_misc":{"Est. reading time":"1 minute"},"schema":{"@context":"https:\/\/schema.org","@graph":[{"@type":"WebPage","@id":"https:\/\/tolio.co.nz\/san-pham\/dau-goi-sunsilk-ong-muot-rang-ngoi-chai-900g\/","url":"https:\/\/tolio.co.nz\/san-pham\/dau-goi-sunsilk-ong-muot-rang-ngoi-chai-900g\/","name":"D\u1ea7u g\u1ed9i Sunsilk \u00f3ng m\u01b0\u1ee3t r\u1ea1ng ng\u1eddi chai 900g - TOLIO","isPartOf":{"@id":"https:\/\/tolio.co.nz\/#website"},"primaryImageOfPage":{"@id":"https:\/\/tolio.co.nz\/san-pham\/dau-goi-sunsilk-ong-muot-rang-ngoi-chai-900g\/#primaryimage"},"image":{"@id":"https:\/\/tolio.co.nz\/san-pham\/dau-goi-sunsilk-ong-muot-rang-ngoi-chai-900g\/#primaryimage"},"thumbnailUrl":"https:\/\/tolio.co.nz\/wp-content\/uploads\/2025\/03\/122.png","datePublished":"2025-03-23T18:04:32+00:00","dateModified":"2026-03-24T01:26:39+00:00","description":"Th\u01b0\u01a1ng hi\u1ec7u: Sunsilk Xu\u1ea5t x\u1ee9 th\u01b0\u01a1ng hi\u1ec7u: Vi\u1ec7t Nam Quy c\u00e1ch \u0111\u00f3ng g\u00f3i: chai 900g L\u01b0u \u00fd: Bao b\u00ec s\u1ea3n ph\u1ea9m c\u00f3 th\u1ec3 thay \u0111\u1ed5i theo t\u1eebng \u0111\u1ee3t nh\u1eadp h\u00e0ng","breadcrumb":{"@id":"https:\/\/tolio.co.nz\/san-pham\/dau-goi-sunsilk-ong-muot-rang-ngoi-chai-900g\/#breadcrumb"},"inLanguage":"en-US","potentialAction":[{"@type":"ReadAction","target":["https:\/\/tolio.co.nz\/san-pham\/dau-goi-sunsilk-ong-muot-rang-ngoi-chai-900g\/"]}]},{"@type":"ImageObject","inLanguage":"en-US","@id":"https:\/\/tolio.co.nz\/san-pham\/dau-goi-sunsilk-ong-muot-rang-ngoi-chai-900g\/#primaryimage","url":"https:\/\/tolio.co.nz\/wp-content\/uploads\/2025\/03\/122.png","contentUrl":"https:\/\/tolio.co.nz\/wp-content\/uploads\/2025\/03\/122.png","width":1000,"height":907},{"@type":"BreadcrumbList","@id":"https:\/\/tolio.co.nz\/san-pham\/dau-goi-sunsilk-ong-muot-rang-ngoi-chai-900g\/#breadcrumb","itemListElement":[{"@type":"ListItem","position":1,"name":"Home","item":"https:\/\/tolio.co.nz\/"},{"@type":"ListItem","position":2,"name":"C\u1eeda h\u00e0ng","item":"https:\/\/tolio.co.nz\/cua-hang\/"},{"@type":"ListItem","position":3,"name":"D\u1ea7u g\u1ed9i Sunsilk \u00f3ng m\u01b0\u1ee3t r\u1ea1ng ng\u1eddi chai 900g"}]},{"@type":"WebSite","@id":"https:\/\/tolio.co.nz\/#website","url":"https:\/\/tolio.co.nz\/","name":"TOLIO","description":"Vietnamese Grocery Online","potentialAction":[{"@type":"SearchAction","target":{"@type":"EntryPoint","urlTemplate":"https:\/\/tolio.co.nz\/?s={search_term_string}"},"query-input":{"@type":"PropertyValueSpecification","valueRequired":true,"valueName":"search_term_string"}}],"inLanguage":"en-US"}]}},"_links":{"self":[{"href":"https:\/\/tolio.co.nz\/en\/wp-json\/wp\/v2\/product\/24655","targetHints":{"allow":["GET"]}}],"collection":[{"href":"https:\/\/tolio.co.nz\/en\/wp-json\/wp\/v2\/product"}],"about":[{"href":"https:\/\/tolio.co.nz\/en\/wp-json\/wp\/v2\/types\/product"}],"replies":[{"embeddable":true,"href":"https:\/\/tolio.co.nz\/en\/wp-json\/wp\/v2\/comments?post=24655"}],"wp:featuredmedia":[{"embeddable":true,"href":"https:\/\/tolio.co.nz\/en\/wp-json\/wp\/v2\/media\/24656"}],"wp:attachment":[{"href":"https:\/\/tolio.co.nz\/en\/wp-json\/wp\/v2\/media?parent=24655"}],"wp:term":[{"taxonomy":"product_brand","embeddable":true,"href":"https:\/\/tolio.co.nz\/en\/wp-json\/wp\/v2\/product_brand?post=24655"},{"taxonomy":"product_cat","embeddable":true,"href":"https:\/\/tolio.co.nz\/en\/wp-json\/wp\/v2\/product_cat?post=24655"},{"taxonomy":"product_tag","embeddable":true,"href":"https:\/\/tolio.co.nz\/en\/wp-json\/wp\/v2\/product_tag?post=24655"}],"curies":[{"name":"wp","href":"https:\/\/api.w.org\/{rel}","templated":true}]}}