{"id":24663,"date":"2025-03-24T06:17:33","date_gmt":"2025-03-23T18:17:33","guid":{"rendered":"https:\/\/tolio.co.nz\/?post_type=product&#038;p=24663"},"modified":"2026-05-04T03:28:51","modified_gmt":"2026-05-03T15:28:51","slug":"sua-tam-lifebuoy-888g","status":"publish","type":"product","link":"https:\/\/tolio.co.nz\/en\/product\/lifebuoy-sanitary-napkin-888g\/","title":{"rendered":"Lifebuoy shower gel 888g"},"content":{"rendered":"<div id=\"input_line_0\"><span id=\"input_part_0\" class=\"\" data-mention=\"S\u1eefa t\u1eafm Lifebuoy 888g v\u1edbi c\u00f4ng th\u1ee9c ti\u00ean ti\u1ebfn, s\u1ea3n ph\u1ea9m kh\u00f4ng ch\u1ec9 l\u00e0m s\u1ea1ch m\u00e0 c\u00f2n cung c\u1ea5p kh\u1ea3 n\u0103ng b\u1ea3o v\u1ec7 v\u01b0\u1ee3t tr\u1ed9i, gi\u00fap b\u1ea1n t\u1ef1 tin h\u01a1n trong m\u1ecdi ho\u1ea1t \u0111\u1ed9ng. S\u1eefa t\u1eafm Lifebuoy ch\u1ee9a ion B\u1ea1c+ h\u1ed7 tr\u1ee3 \u0111\u1ec1 kh\u00e1ng da t\u1ef1 nhi\u00ean, b\u1ecdt kem c\u00f3 th\u1ec3 th\u1ea5m s\u00e2u v\u00e0o c\u00e1c l\u1ed7 ch\u00e2n l\u00f4ng, b\u1ea3o v\u1ec7 v\u01b0\u1ee3t tr\u1ed9i v\u00e0 di\u1ec7t \u0111\u1ebfn 99,9% vi khu\u1ea9n.\"><strong>Lifebuoy shower gel 888g<\/strong> With advanced formula, the product not only cleans but also provides superior protection, helping you feel more confident in all activities. Lifebuoy shower gel contains Silver ions + to support natural skin resistance, the foam can penetrate deep into pores, providing superior protection and killing up to 99.9% bacteria.<\/span><\/div>\n<div id=\"input_line_1\"><span id=\"input_part_0\" class=\"\" data-mention=\"S\u1eefa t\u1eafm Lifebuoy ch\u1ee9a c\u00e1c th\u00e0nh ph\u1ea7n d\u01b0\u1ee1ng \u1ea9m gi\u00fap nu\u00f4i d\u01b0\u1ee1ng l\u00e0n da, ng\u0103n ng\u1eeba t\u00ecnh tr\u1ea1ng kh\u00f4 r\u00e1p, gi\u1eef cho da lu\u00f4n m\u1ec1m m\u1ea1i.\">Lifebuoy shower gel contains moisturizing ingredients to help nourish the skin, prevent dryness, and keep the skin soft.<\/span><\/div>\n<p><strong>How to Use:<\/strong><\/p>\n<ul>\n<li>Wet your body and take a sufficient amount of product onto your palm or bath sponge, lather with a little water, massage onto your body in circular motions and then rinse with water.<\/li>\n<\/ul>\n<p><strong>Preserve:<\/strong><\/p>\n<ul>\n<li>\u00a0Keep out of reach of CHILDREN. Avoid getting product into eyes. If in eyes, rinse with water<\/li>\n<li>Avoid high temperature and direct sunlight<\/li>\n<\/ul>\n<p><strong>Expiry:<\/strong> 2.5 years from date of manufacture<\/p>","protected":false},"excerpt":{"rendered":"<ul>\n<li>Brand: Lifebuoy<\/li>\n<li>Brand Country: Viet nam<\/li>\n<li>Packaging: 800g bottle<\/li>\n<li>Note: Product packaging may change from batch to batch<\/li>\n<\/ul>","protected":false},"featured_media":24754,"comment_status":"open","ping_status":"closed","template":"","meta":[],"product_brand":[],"product_cat":[49,31],"product_tag":[222,1128],"class_list":{"0":"post-24663","1":"product","2":"type-product","3":"status-publish","4":"has-post-thumbnail","6":"product_cat-san-pham-khac","7":"product_cat-hang-moi-ve","8":"product_tag-sua-tam","9":"product_tag-sua-tam-lifebuoy","10":"pa_thuong-hieu-lifebuoy","12":"first","13":"outofstock","14":"shipping-taxable","15":"purchasable","16":"product-type-simple"},"yoast_head":"<!-- This site is optimized with the Yoast SEO plugin v24.4 - https:\/\/yoast.com\/wordpress\/plugins\/seo\/ -->\n<title>S\u1eefa t\u1eafm Lifebuoy 888g - TOLIO<\/title>\n<meta name=\"description\" content=\"Th\u01b0\u01a1ng hi\u1ec7u: Lifebuoy  Xu\u1ea5t x\u1ee9 th\u01b0\u01a1ng hi\u1ec7u: Vi\u1ec7t Nam  Quy c\u00e1ch \u0111\u00f3ng g\u00f3i: chai 800g  L\u01b0u \u00fd: Bao b\u00ec s\u1ea3n ph\u1ea9m c\u00f3 th\u1ec3 thay \u0111\u1ed5i theo t\u1eebng \u0111\u1ee3t nh\u1eadp h\u00e0ng\" \/>\n<meta name=\"robots\" content=\"index, follow, max-snippet:-1, max-image-preview:large, max-video-preview:-1\" \/>\n<link rel=\"canonical\" href=\"https:\/\/tolio.co.nz\/en\/product\/lifebuoy-sanitary-napkin-888g\/\" \/>\n<meta property=\"og:locale\" content=\"en_US\" \/>\n<meta property=\"og:type\" content=\"article\" \/>\n<meta property=\"og:title\" content=\"S\u1eefa t\u1eafm Lifebuoy 888g - TOLIO\" \/>\n<meta property=\"og:description\" content=\"Th\u01b0\u01a1ng hi\u1ec7u: Lifebuoy  Xu\u1ea5t x\u1ee9 th\u01b0\u01a1ng hi\u1ec7u: Vi\u1ec7t Nam  Quy c\u00e1ch \u0111\u00f3ng g\u00f3i: chai 800g  L\u01b0u \u00fd: Bao b\u00ec s\u1ea3n ph\u1ea9m c\u00f3 th\u1ec3 thay \u0111\u1ed5i theo t\u1eebng \u0111\u1ee3t nh\u1eadp h\u00e0ng\" \/>\n<meta property=\"og:url\" content=\"https:\/\/tolio.co.nz\/en\/product\/lifebuoy-sanitary-napkin-888g\/\" \/>\n<meta property=\"og:site_name\" content=\"TOLIO\" \/>\n<meta property=\"article:modified_time\" content=\"2026-05-03T15:28:51+00:00\" \/>\n<meta property=\"og:image\" content=\"https:\/\/tolio.co.nz\/wp-content\/uploads\/2025\/03\/128-1.png\" \/>\n\t<meta property=\"og:image:width\" content=\"1000\" \/>\n\t<meta property=\"og:image:height\" content=\"907\" \/>\n\t<meta property=\"og:image:type\" content=\"image\/png\" \/>\n<meta name=\"twitter:card\" content=\"summary_large_image\" \/>\n<meta name=\"twitter:label1\" content=\"Est. reading time\" \/>\n\t<meta name=\"twitter:data1\" content=\"1 minute\" \/>\n<script type=\"application\/ld+json\" class=\"yoast-schema-graph\">{\"@context\":\"https:\/\/schema.org\",\"@graph\":[{\"@type\":\"WebPage\",\"@id\":\"https:\/\/tolio.co.nz\/san-pham\/sua-tam-lifebuoy-888g\/\",\"url\":\"https:\/\/tolio.co.nz\/san-pham\/sua-tam-lifebuoy-888g\/\",\"name\":\"S\u1eefa t\u1eafm Lifebuoy 888g - TOLIO\",\"isPartOf\":{\"@id\":\"https:\/\/tolio.co.nz\/#website\"},\"primaryImageOfPage\":{\"@id\":\"https:\/\/tolio.co.nz\/san-pham\/sua-tam-lifebuoy-888g\/#primaryimage\"},\"image\":{\"@id\":\"https:\/\/tolio.co.nz\/san-pham\/sua-tam-lifebuoy-888g\/#primaryimage\"},\"thumbnailUrl\":\"https:\/\/tolio.co.nz\/wp-content\/uploads\/2025\/03\/128-1.png\",\"datePublished\":\"2025-03-23T18:17:33+00:00\",\"dateModified\":\"2026-05-03T15:28:51+00:00\",\"description\":\"Th\u01b0\u01a1ng hi\u1ec7u: Lifebuoy Xu\u1ea5t x\u1ee9 th\u01b0\u01a1ng hi\u1ec7u: Vi\u1ec7t Nam Quy c\u00e1ch \u0111\u00f3ng g\u00f3i: chai 800g L\u01b0u \u00fd: Bao b\u00ec s\u1ea3n ph\u1ea9m c\u00f3 th\u1ec3 thay \u0111\u1ed5i theo t\u1eebng \u0111\u1ee3t nh\u1eadp h\u00e0ng\",\"breadcrumb\":{\"@id\":\"https:\/\/tolio.co.nz\/san-pham\/sua-tam-lifebuoy-888g\/#breadcrumb\"},\"inLanguage\":\"en-US\",\"potentialAction\":[{\"@type\":\"ReadAction\",\"target\":[\"https:\/\/tolio.co.nz\/san-pham\/sua-tam-lifebuoy-888g\/\"]}]},{\"@type\":\"ImageObject\",\"inLanguage\":\"en-US\",\"@id\":\"https:\/\/tolio.co.nz\/san-pham\/sua-tam-lifebuoy-888g\/#primaryimage\",\"url\":\"https:\/\/tolio.co.nz\/wp-content\/uploads\/2025\/03\/128-1.png\",\"contentUrl\":\"https:\/\/tolio.co.nz\/wp-content\/uploads\/2025\/03\/128-1.png\",\"width\":1000,\"height\":907},{\"@type\":\"BreadcrumbList\",\"@id\":\"https:\/\/tolio.co.nz\/san-pham\/sua-tam-lifebuoy-888g\/#breadcrumb\",\"itemListElement\":[{\"@type\":\"ListItem\",\"position\":1,\"name\":\"Home\",\"item\":\"https:\/\/tolio.co.nz\/\"},{\"@type\":\"ListItem\",\"position\":2,\"name\":\"C\u1eeda h\u00e0ng\",\"item\":\"https:\/\/tolio.co.nz\/cua-hang\/\"},{\"@type\":\"ListItem\",\"position\":3,\"name\":\"S\u1eefa t\u1eafm Lifebuoy 888g\"}]},{\"@type\":\"WebSite\",\"@id\":\"https:\/\/tolio.co.nz\/#website\",\"url\":\"https:\/\/tolio.co.nz\/\",\"name\":\"TOLIO\",\"description\":\"Vietnamese Grocery Online\",\"potentialAction\":[{\"@type\":\"SearchAction\",\"target\":{\"@type\":\"EntryPoint\",\"urlTemplate\":\"https:\/\/tolio.co.nz\/?s={search_term_string}\"},\"query-input\":{\"@type\":\"PropertyValueSpecification\",\"valueRequired\":true,\"valueName\":\"search_term_string\"}}],\"inLanguage\":\"en-US\"}]}<\/script>\n<!-- \/ Yoast SEO plugin. -->","yoast_head_json":{"title":"S\u1eefa t\u1eafm Lifebuoy 888g - TOLIO","description":"Th\u01b0\u01a1ng hi\u1ec7u: Lifebuoy  Xu\u1ea5t x\u1ee9 th\u01b0\u01a1ng hi\u1ec7u: Vi\u1ec7t Nam  Quy c\u00e1ch \u0111\u00f3ng g\u00f3i: chai 800g  L\u01b0u \u00fd: Bao b\u00ec s\u1ea3n ph\u1ea9m c\u00f3 th\u1ec3 thay \u0111\u1ed5i theo t\u1eebng \u0111\u1ee3t nh\u1eadp h\u00e0ng","robots":{"index":"index","follow":"follow","max-snippet":"max-snippet:-1","max-image-preview":"max-image-preview:large","max-video-preview":"max-video-preview:-1"},"canonical":"https:\/\/tolio.co.nz\/en\/product\/lifebuoy-sanitary-napkin-888g\/","og_locale":"en_US","og_type":"article","og_title":"S\u1eefa t\u1eafm Lifebuoy 888g - TOLIO","og_description":"Th\u01b0\u01a1ng hi\u1ec7u: Lifebuoy  Xu\u1ea5t x\u1ee9 th\u01b0\u01a1ng hi\u1ec7u: Vi\u1ec7t Nam  Quy c\u00e1ch \u0111\u00f3ng g\u00f3i: chai 800g  L\u01b0u \u00fd: Bao b\u00ec s\u1ea3n ph\u1ea9m c\u00f3 th\u1ec3 thay \u0111\u1ed5i theo t\u1eebng \u0111\u1ee3t nh\u1eadp h\u00e0ng","og_url":"https:\/\/tolio.co.nz\/en\/product\/lifebuoy-sanitary-napkin-888g\/","og_site_name":"TOLIO","article_modified_time":"2026-05-03T15:28:51+00:00","og_image":[{"width":1000,"height":907,"url":"https:\/\/tolio.co.nz\/wp-content\/uploads\/2025\/03\/128-1.png","type":"image\/png"}],"twitter_card":"summary_large_image","twitter_misc":{"Est. reading time":"1 minute"},"schema":{"@context":"https:\/\/schema.org","@graph":[{"@type":"WebPage","@id":"https:\/\/tolio.co.nz\/san-pham\/sua-tam-lifebuoy-888g\/","url":"https:\/\/tolio.co.nz\/san-pham\/sua-tam-lifebuoy-888g\/","name":"S\u1eefa t\u1eafm Lifebuoy 888g - TOLIO","isPartOf":{"@id":"https:\/\/tolio.co.nz\/#website"},"primaryImageOfPage":{"@id":"https:\/\/tolio.co.nz\/san-pham\/sua-tam-lifebuoy-888g\/#primaryimage"},"image":{"@id":"https:\/\/tolio.co.nz\/san-pham\/sua-tam-lifebuoy-888g\/#primaryimage"},"thumbnailUrl":"https:\/\/tolio.co.nz\/wp-content\/uploads\/2025\/03\/128-1.png","datePublished":"2025-03-23T18:17:33+00:00","dateModified":"2026-05-03T15:28:51+00:00","description":"Th\u01b0\u01a1ng hi\u1ec7u: Lifebuoy Xu\u1ea5t x\u1ee9 th\u01b0\u01a1ng hi\u1ec7u: Vi\u1ec7t Nam Quy c\u00e1ch \u0111\u00f3ng g\u00f3i: chai 800g L\u01b0u \u00fd: Bao b\u00ec s\u1ea3n ph\u1ea9m c\u00f3 th\u1ec3 thay \u0111\u1ed5i theo t\u1eebng \u0111\u1ee3t nh\u1eadp h\u00e0ng","breadcrumb":{"@id":"https:\/\/tolio.co.nz\/san-pham\/sua-tam-lifebuoy-888g\/#breadcrumb"},"inLanguage":"en-US","potentialAction":[{"@type":"ReadAction","target":["https:\/\/tolio.co.nz\/san-pham\/sua-tam-lifebuoy-888g\/"]}]},{"@type":"ImageObject","inLanguage":"en-US","@id":"https:\/\/tolio.co.nz\/san-pham\/sua-tam-lifebuoy-888g\/#primaryimage","url":"https:\/\/tolio.co.nz\/wp-content\/uploads\/2025\/03\/128-1.png","contentUrl":"https:\/\/tolio.co.nz\/wp-content\/uploads\/2025\/03\/128-1.png","width":1000,"height":907},{"@type":"BreadcrumbList","@id":"https:\/\/tolio.co.nz\/san-pham\/sua-tam-lifebuoy-888g\/#breadcrumb","itemListElement":[{"@type":"ListItem","position":1,"name":"Home","item":"https:\/\/tolio.co.nz\/"},{"@type":"ListItem","position":2,"name":"C\u1eeda h\u00e0ng","item":"https:\/\/tolio.co.nz\/cua-hang\/"},{"@type":"ListItem","position":3,"name":"S\u1eefa t\u1eafm Lifebuoy 888g"}]},{"@type":"WebSite","@id":"https:\/\/tolio.co.nz\/#website","url":"https:\/\/tolio.co.nz\/","name":"TOLIO","description":"Vietnamese Grocery Online","potentialAction":[{"@type":"SearchAction","target":{"@type":"EntryPoint","urlTemplate":"https:\/\/tolio.co.nz\/?s={search_term_string}"},"query-input":{"@type":"PropertyValueSpecification","valueRequired":true,"valueName":"search_term_string"}}],"inLanguage":"en-US"}]}},"_links":{"self":[{"href":"https:\/\/tolio.co.nz\/en\/wp-json\/wp\/v2\/product\/24663","targetHints":{"allow":["GET"]}}],"collection":[{"href":"https:\/\/tolio.co.nz\/en\/wp-json\/wp\/v2\/product"}],"about":[{"href":"https:\/\/tolio.co.nz\/en\/wp-json\/wp\/v2\/types\/product"}],"replies":[{"embeddable":true,"href":"https:\/\/tolio.co.nz\/en\/wp-json\/wp\/v2\/comments?post=24663"}],"wp:featuredmedia":[{"embeddable":true,"href":"https:\/\/tolio.co.nz\/en\/wp-json\/wp\/v2\/media\/24754"}],"wp:attachment":[{"href":"https:\/\/tolio.co.nz\/en\/wp-json\/wp\/v2\/media?parent=24663"}],"wp:term":[{"taxonomy":"product_brand","embeddable":true,"href":"https:\/\/tolio.co.nz\/en\/wp-json\/wp\/v2\/product_brand?post=24663"},{"taxonomy":"product_cat","embeddable":true,"href":"https:\/\/tolio.co.nz\/en\/wp-json\/wp\/v2\/product_cat?post=24663"},{"taxonomy":"product_tag","embeddable":true,"href":"https:\/\/tolio.co.nz\/en\/wp-json\/wp\/v2\/product_tag?post=24663"}],"curies":[{"name":"wp","href":"https:\/\/api.w.org\/{rel}","templated":true}]}}