{"id":24666,"date":"2025-03-24T06:24:51","date_gmt":"2025-03-23T18:24:51","guid":{"rendered":"https:\/\/tolio.co.nz\/?post_type=product&#038;p=24666"},"modified":"2026-04-08T15:46:45","modified_gmt":"2026-04-08T03:46:45","slug":"sua-tam-hazeline-sang-min-duong-am-yen-mach-dau-tam-chai-1kg","status":"publish","type":"product","link":"https:\/\/tolio.co.nz\/en\/product\/hazelline-morning-and-evening-milk-with-oatmeal-and-sesame-oil-800g-bottle\/","title":{"rendered":"Hazeline shower gel brightening and moisturizing oatmeal &amp; mulberry 1kg bottle"},"content":{"rendered":"<div id=\"input_line_0\">\n<div id=\"input_line_0\"><span id=\"input_part_0\" class=\"\" data-mention=\"S\u1eefa t\u1eafm Hazeline s\u00e1ng m\u1ecbn d\u01b0\u1ee1ng \u1ea9m y\u1ebfn m\u1ea1ch &amp; d\u00e2u t\u1eb1m chai 800g v\u1edbi chi\u1ebft xu\u1ea5t t\u1eeb c\u00e1c th\u00e0nh ph\u1ea7n tr\u00e1i c\u00e2y cung c\u1ea5p vitamin d\u1ed3i d\u00e0o mang \u0111\u1ebfn l\u00e0n da s\u00e1ng ng\u1eddi, m\u1ecbn m\u00e0ng, mang \u0111\u1ebfn 2X t\u00e1c \u0111\u1ed9ng cho hi\u1ec7u qu\u1ea3 l\u00e0m s\u00e1ng da m\u1ed9t c\u00e1ch t\u1ef1 nhi\u00ean, nh\u1eb9 nh\u00e0ng lo\u1ea1i b\u1ecf t\u1ebf b\u00e0o ch\u1ebft da nguy\u00ean nh\u00e2n g\u00e2y s\u1ea1m da t\u1ed1i m\u00e0u.\"><strong>Hazeline shower gel brightening and moisturizing oatmeal &amp; mulberry 1kg bottle<\/strong> With fruit extracts providing abundant vitamins for bright, smooth skin, providing 2X effects for natural skin lightening, gently removing dead skin cells that cause dark skin.<\/span><\/div>\n<div id=\"input_line_2\"><span id=\"input_part_0\" class=\"\" data-mention=\"S\u1eefa t\u1eafm Hazeline s\u00e1ng m\u1ecbn d\u01b0\u1ee1ng \u1ea9mTinh ch\u1ea5t d\u00e2u t\u1eb1m l\u00e0m gi\u1ea3m \u0111\u1ed1m n\u00e2u, d\u01b0\u1ee1ng s\u00e1ng \u0111\u1ec1u m\u00e0u da. Y\u1ebfn m\u1ea1ch v\u1edbi \u0111\u1eb7c t\u00ednh d\u01b0\u1ee1ng \u1ea9m cao, gi\u00e0u vitamin v\u00e0 kho\u00e1ng ch\u1ea5t d\u01b0\u1ee1ng \u1ea9m s\u00e2u, ng\u0103n ng\u1eeba m\u1ee5n hi\u1ec7u qu\u1ea3.\">Hazeline smooth, moisturizing shower gel with mulberry essence reduces dark spots, brightens and evens skin tone and oatmeal with high moisturizing properties, rich in vitamins and minerals deeply moisturizes, effectively prevents acne.<\/span><\/div>\n<\/div>\n<p><strong>How to Use:<\/strong><\/p>\n<ul>\n<li>Wet your body and take a sufficient amount of product onto your palm or bath sponge, lather with a little water, massage onto your body in circular motions and then rinse with water.<\/li>\n<\/ul>\n<p><strong>Preserve:<\/strong><\/p>\n<ul>\n<li>\u00a0Keep out of reach of CHILDREN. Avoid getting product into eyes. If in eyes, rinse with water<\/li>\n<li>Avoid high temperature and direct sunlight<\/li>\n<\/ul>\n<p><strong>Expiry:<\/strong> 2.5 years from date of manufacture<\/p>","protected":false},"excerpt":{"rendered":"<ul>\n<li>Brand: Hazeline<\/li>\n<li>Brand Country: Viet nam<\/li>\n<li>Packaging: 1kg bottle<\/li>\n<li>Note: Product packaging may change from batch to batch<\/li>\n<\/ul>","protected":false},"featured_media":24667,"comment_status":"open","ping_status":"closed","template":"","meta":[],"product_brand":[],"product_cat":[31,49],"product_tag":[222,1130],"class_list":{"0":"post-24666","1":"product","2":"type-product","3":"status-publish","4":"has-post-thumbnail","6":"product_cat-hang-moi-ve","7":"product_cat-san-pham-khac","8":"product_tag-sua-tam","9":"product_tag-sua-tam-hazeline","10":"pa_thuong-hieu-hazeline","12":"first","13":"instock","14":"shipping-taxable","15":"purchasable","16":"product-type-simple"},"yoast_head":"<!-- This site is optimized with the Yoast SEO plugin v24.4 - https:\/\/yoast.com\/wordpress\/plugins\/seo\/ -->\n<title>S\u1eefa t\u1eafm Hazeline s\u00e1ng m\u1ecbn d\u01b0\u1ee1ng \u1ea9m y\u1ebfn m\u1ea1ch &amp; d\u00e2u t\u1eb1m chai 1kg - TOLIO<\/title>\n<meta name=\"description\" content=\"Th\u01b0\u01a1ng hi\u1ec7u: Hazeline  Xu\u1ea5t x\u1ee9 th\u01b0\u01a1ng hi\u1ec7u: Vi\u1ec7t Nam  Quy c\u00e1ch \u0111\u00f3ng g\u00f3i: chai 1kg  L\u01b0u \u00fd: Bao b\u00ec s\u1ea3n ph\u1ea9m c\u00f3 th\u1ec3 thay \u0111\u1ed5i theo t\u1eebng \u0111\u1ee3t nh\u1eadp h\u00e0ng\" \/>\n<meta name=\"robots\" content=\"index, follow, max-snippet:-1, max-image-preview:large, max-video-preview:-1\" \/>\n<link rel=\"canonical\" href=\"https:\/\/tolio.co.nz\/en\/product\/hazelline-morning-and-evening-milk-with-oatmeal-and-sesame-oil-800g-bottle\/\" \/>\n<meta property=\"og:locale\" content=\"en_US\" \/>\n<meta property=\"og:type\" content=\"article\" \/>\n<meta property=\"og:title\" content=\"S\u1eefa t\u1eafm Hazeline s\u00e1ng m\u1ecbn d\u01b0\u1ee1ng \u1ea9m y\u1ebfn m\u1ea1ch &amp; d\u00e2u t\u1eb1m chai 1kg - TOLIO\" \/>\n<meta property=\"og:description\" content=\"Th\u01b0\u01a1ng hi\u1ec7u: Hazeline  Xu\u1ea5t x\u1ee9 th\u01b0\u01a1ng hi\u1ec7u: Vi\u1ec7t Nam  Quy c\u00e1ch \u0111\u00f3ng g\u00f3i: chai 1kg  L\u01b0u \u00fd: Bao b\u00ec s\u1ea3n ph\u1ea9m c\u00f3 th\u1ec3 thay \u0111\u1ed5i theo t\u1eebng \u0111\u1ee3t nh\u1eadp h\u00e0ng\" \/>\n<meta property=\"og:url\" content=\"https:\/\/tolio.co.nz\/en\/product\/hazelline-morning-and-evening-milk-with-oatmeal-and-sesame-oil-800g-bottle\/\" \/>\n<meta property=\"og:site_name\" content=\"TOLIO\" \/>\n<meta property=\"article:modified_time\" content=\"2026-04-08T03:46:45+00:00\" \/>\n<meta property=\"og:image\" content=\"https:\/\/tolio.co.nz\/wp-content\/uploads\/2025\/03\/130.png\" \/>\n\t<meta property=\"og:image:width\" content=\"1000\" \/>\n\t<meta property=\"og:image:height\" content=\"907\" \/>\n\t<meta property=\"og:image:type\" content=\"image\/png\" \/>\n<meta name=\"twitter:card\" content=\"summary_large_image\" \/>\n<meta name=\"twitter:label1\" content=\"Est. reading time\" \/>\n\t<meta name=\"twitter:data1\" content=\"2 minutes\" \/>\n<script type=\"application\/ld+json\" class=\"yoast-schema-graph\">{\"@context\":\"https:\/\/schema.org\",\"@graph\":[{\"@type\":\"WebPage\",\"@id\":\"https:\/\/tolio.co.nz\/san-pham\/sua-tam-hazeline-sang-min-duong-am-yen-mach-dau-tam-chai-1kg\/\",\"url\":\"https:\/\/tolio.co.nz\/san-pham\/sua-tam-hazeline-sang-min-duong-am-yen-mach-dau-tam-chai-1kg\/\",\"name\":\"S\u1eefa t\u1eafm Hazeline s\u00e1ng m\u1ecbn d\u01b0\u1ee1ng \u1ea9m y\u1ebfn m\u1ea1ch &amp; d\u00e2u t\u1eb1m chai 1kg - TOLIO\",\"isPartOf\":{\"@id\":\"https:\/\/tolio.co.nz\/#website\"},\"primaryImageOfPage\":{\"@id\":\"https:\/\/tolio.co.nz\/san-pham\/sua-tam-hazeline-sang-min-duong-am-yen-mach-dau-tam-chai-1kg\/#primaryimage\"},\"image\":{\"@id\":\"https:\/\/tolio.co.nz\/san-pham\/sua-tam-hazeline-sang-min-duong-am-yen-mach-dau-tam-chai-1kg\/#primaryimage\"},\"thumbnailUrl\":\"https:\/\/tolio.co.nz\/wp-content\/uploads\/2025\/03\/130.png\",\"datePublished\":\"2025-03-23T18:24:51+00:00\",\"dateModified\":\"2026-04-08T03:46:45+00:00\",\"description\":\"Th\u01b0\u01a1ng hi\u1ec7u: Hazeline Xu\u1ea5t x\u1ee9 th\u01b0\u01a1ng hi\u1ec7u: Vi\u1ec7t Nam Quy c\u00e1ch \u0111\u00f3ng g\u00f3i: chai 1kg L\u01b0u \u00fd: Bao b\u00ec s\u1ea3n ph\u1ea9m c\u00f3 th\u1ec3 thay \u0111\u1ed5i theo t\u1eebng \u0111\u1ee3t nh\u1eadp h\u00e0ng\",\"breadcrumb\":{\"@id\":\"https:\/\/tolio.co.nz\/san-pham\/sua-tam-hazeline-sang-min-duong-am-yen-mach-dau-tam-chai-1kg\/#breadcrumb\"},\"inLanguage\":\"en-US\",\"potentialAction\":[{\"@type\":\"ReadAction\",\"target\":[\"https:\/\/tolio.co.nz\/san-pham\/sua-tam-hazeline-sang-min-duong-am-yen-mach-dau-tam-chai-1kg\/\"]}]},{\"@type\":\"ImageObject\",\"inLanguage\":\"en-US\",\"@id\":\"https:\/\/tolio.co.nz\/san-pham\/sua-tam-hazeline-sang-min-duong-am-yen-mach-dau-tam-chai-1kg\/#primaryimage\",\"url\":\"https:\/\/tolio.co.nz\/wp-content\/uploads\/2025\/03\/130.png\",\"contentUrl\":\"https:\/\/tolio.co.nz\/wp-content\/uploads\/2025\/03\/130.png\",\"width\":1000,\"height\":907},{\"@type\":\"BreadcrumbList\",\"@id\":\"https:\/\/tolio.co.nz\/san-pham\/sua-tam-hazeline-sang-min-duong-am-yen-mach-dau-tam-chai-1kg\/#breadcrumb\",\"itemListElement\":[{\"@type\":\"ListItem\",\"position\":1,\"name\":\"Home\",\"item\":\"https:\/\/tolio.co.nz\/\"},{\"@type\":\"ListItem\",\"position\":2,\"name\":\"C\u1eeda h\u00e0ng\",\"item\":\"https:\/\/tolio.co.nz\/cua-hang\/\"},{\"@type\":\"ListItem\",\"position\":3,\"name\":\"S\u1eefa t\u1eafm Hazeline s\u00e1ng m\u1ecbn d\u01b0\u1ee1ng \u1ea9m y\u1ebfn m\u1ea1ch &amp; d\u00e2u t\u1eb1m chai 1kg\"}]},{\"@type\":\"WebSite\",\"@id\":\"https:\/\/tolio.co.nz\/#website\",\"url\":\"https:\/\/tolio.co.nz\/\",\"name\":\"TOLIO\",\"description\":\"Vietnamese Grocery Online\",\"potentialAction\":[{\"@type\":\"SearchAction\",\"target\":{\"@type\":\"EntryPoint\",\"urlTemplate\":\"https:\/\/tolio.co.nz\/?s={search_term_string}\"},\"query-input\":{\"@type\":\"PropertyValueSpecification\",\"valueRequired\":true,\"valueName\":\"search_term_string\"}}],\"inLanguage\":\"en-US\"}]}<\/script>\n<!-- \/ Yoast SEO plugin. -->","yoast_head_json":{"title":"S\u1eefa t\u1eafm Hazeline s\u00e1ng m\u1ecbn d\u01b0\u1ee1ng \u1ea9m y\u1ebfn m\u1ea1ch &amp; d\u00e2u t\u1eb1m chai 1kg - TOLIO","description":"Th\u01b0\u01a1ng hi\u1ec7u: Hazeline  Xu\u1ea5t x\u1ee9 th\u01b0\u01a1ng hi\u1ec7u: Vi\u1ec7t Nam  Quy c\u00e1ch \u0111\u00f3ng g\u00f3i: chai 1kg  L\u01b0u \u00fd: Bao b\u00ec s\u1ea3n ph\u1ea9m c\u00f3 th\u1ec3 thay \u0111\u1ed5i theo t\u1eebng \u0111\u1ee3t nh\u1eadp h\u00e0ng","robots":{"index":"index","follow":"follow","max-snippet":"max-snippet:-1","max-image-preview":"max-image-preview:large","max-video-preview":"max-video-preview:-1"},"canonical":"https:\/\/tolio.co.nz\/en\/product\/hazelline-morning-and-evening-milk-with-oatmeal-and-sesame-oil-800g-bottle\/","og_locale":"en_US","og_type":"article","og_title":"S\u1eefa t\u1eafm Hazeline s\u00e1ng m\u1ecbn d\u01b0\u1ee1ng \u1ea9m y\u1ebfn m\u1ea1ch &amp; d\u00e2u t\u1eb1m chai 1kg - TOLIO","og_description":"Th\u01b0\u01a1ng hi\u1ec7u: Hazeline  Xu\u1ea5t x\u1ee9 th\u01b0\u01a1ng hi\u1ec7u: Vi\u1ec7t Nam  Quy c\u00e1ch \u0111\u00f3ng g\u00f3i: chai 1kg  L\u01b0u \u00fd: Bao b\u00ec s\u1ea3n ph\u1ea9m c\u00f3 th\u1ec3 thay \u0111\u1ed5i theo t\u1eebng \u0111\u1ee3t nh\u1eadp h\u00e0ng","og_url":"https:\/\/tolio.co.nz\/en\/product\/hazelline-morning-and-evening-milk-with-oatmeal-and-sesame-oil-800g-bottle\/","og_site_name":"TOLIO","article_modified_time":"2026-04-08T03:46:45+00:00","og_image":[{"width":1000,"height":907,"url":"https:\/\/tolio.co.nz\/wp-content\/uploads\/2025\/03\/130.png","type":"image\/png"}],"twitter_card":"summary_large_image","twitter_misc":{"Est. reading time":"2 minutes"},"schema":{"@context":"https:\/\/schema.org","@graph":[{"@type":"WebPage","@id":"https:\/\/tolio.co.nz\/san-pham\/sua-tam-hazeline-sang-min-duong-am-yen-mach-dau-tam-chai-1kg\/","url":"https:\/\/tolio.co.nz\/san-pham\/sua-tam-hazeline-sang-min-duong-am-yen-mach-dau-tam-chai-1kg\/","name":"S\u1eefa t\u1eafm Hazeline s\u00e1ng m\u1ecbn d\u01b0\u1ee1ng \u1ea9m y\u1ebfn m\u1ea1ch &amp; d\u00e2u t\u1eb1m chai 1kg - TOLIO","isPartOf":{"@id":"https:\/\/tolio.co.nz\/#website"},"primaryImageOfPage":{"@id":"https:\/\/tolio.co.nz\/san-pham\/sua-tam-hazeline-sang-min-duong-am-yen-mach-dau-tam-chai-1kg\/#primaryimage"},"image":{"@id":"https:\/\/tolio.co.nz\/san-pham\/sua-tam-hazeline-sang-min-duong-am-yen-mach-dau-tam-chai-1kg\/#primaryimage"},"thumbnailUrl":"https:\/\/tolio.co.nz\/wp-content\/uploads\/2025\/03\/130.png","datePublished":"2025-03-23T18:24:51+00:00","dateModified":"2026-04-08T03:46:45+00:00","description":"Th\u01b0\u01a1ng hi\u1ec7u: Hazeline Xu\u1ea5t x\u1ee9 th\u01b0\u01a1ng hi\u1ec7u: Vi\u1ec7t Nam Quy c\u00e1ch \u0111\u00f3ng g\u00f3i: chai 1kg L\u01b0u \u00fd: Bao b\u00ec s\u1ea3n ph\u1ea9m c\u00f3 th\u1ec3 thay \u0111\u1ed5i theo t\u1eebng \u0111\u1ee3t nh\u1eadp h\u00e0ng","breadcrumb":{"@id":"https:\/\/tolio.co.nz\/san-pham\/sua-tam-hazeline-sang-min-duong-am-yen-mach-dau-tam-chai-1kg\/#breadcrumb"},"inLanguage":"en-US","potentialAction":[{"@type":"ReadAction","target":["https:\/\/tolio.co.nz\/san-pham\/sua-tam-hazeline-sang-min-duong-am-yen-mach-dau-tam-chai-1kg\/"]}]},{"@type":"ImageObject","inLanguage":"en-US","@id":"https:\/\/tolio.co.nz\/san-pham\/sua-tam-hazeline-sang-min-duong-am-yen-mach-dau-tam-chai-1kg\/#primaryimage","url":"https:\/\/tolio.co.nz\/wp-content\/uploads\/2025\/03\/130.png","contentUrl":"https:\/\/tolio.co.nz\/wp-content\/uploads\/2025\/03\/130.png","width":1000,"height":907},{"@type":"BreadcrumbList","@id":"https:\/\/tolio.co.nz\/san-pham\/sua-tam-hazeline-sang-min-duong-am-yen-mach-dau-tam-chai-1kg\/#breadcrumb","itemListElement":[{"@type":"ListItem","position":1,"name":"Home","item":"https:\/\/tolio.co.nz\/"},{"@type":"ListItem","position":2,"name":"C\u1eeda h\u00e0ng","item":"https:\/\/tolio.co.nz\/cua-hang\/"},{"@type":"ListItem","position":3,"name":"S\u1eefa t\u1eafm Hazeline s\u00e1ng m\u1ecbn d\u01b0\u1ee1ng \u1ea9m y\u1ebfn m\u1ea1ch &amp; d\u00e2u t\u1eb1m chai 1kg"}]},{"@type":"WebSite","@id":"https:\/\/tolio.co.nz\/#website","url":"https:\/\/tolio.co.nz\/","name":"TOLIO","description":"Vietnamese Grocery Online","potentialAction":[{"@type":"SearchAction","target":{"@type":"EntryPoint","urlTemplate":"https:\/\/tolio.co.nz\/?s={search_term_string}"},"query-input":{"@type":"PropertyValueSpecification","valueRequired":true,"valueName":"search_term_string"}}],"inLanguage":"en-US"}]}},"_links":{"self":[{"href":"https:\/\/tolio.co.nz\/en\/wp-json\/wp\/v2\/product\/24666","targetHints":{"allow":["GET"]}}],"collection":[{"href":"https:\/\/tolio.co.nz\/en\/wp-json\/wp\/v2\/product"}],"about":[{"href":"https:\/\/tolio.co.nz\/en\/wp-json\/wp\/v2\/types\/product"}],"replies":[{"embeddable":true,"href":"https:\/\/tolio.co.nz\/en\/wp-json\/wp\/v2\/comments?post=24666"}],"wp:featuredmedia":[{"embeddable":true,"href":"https:\/\/tolio.co.nz\/en\/wp-json\/wp\/v2\/media\/24667"}],"wp:attachment":[{"href":"https:\/\/tolio.co.nz\/en\/wp-json\/wp\/v2\/media?parent=24666"}],"wp:term":[{"taxonomy":"product_brand","embeddable":true,"href":"https:\/\/tolio.co.nz\/en\/wp-json\/wp\/v2\/product_brand?post=24666"},{"taxonomy":"product_cat","embeddable":true,"href":"https:\/\/tolio.co.nz\/en\/wp-json\/wp\/v2\/product_cat?post=24666"},{"taxonomy":"product_tag","embeddable":true,"href":"https:\/\/tolio.co.nz\/en\/wp-json\/wp\/v2\/product_tag?post=24666"}],"curies":[{"name":"wp","href":"https:\/\/api.w.org\/{rel}","templated":true}]}}