{"id":2774,"date":"2022-03-10T22:07:00","date_gmt":"2022-03-10T09:22:00","guid":{"rendered":"https:\/\/tolio2.sitebycat.com\/?post_type=product&#038;p=2774"},"modified":"2026-04-02T15:43:35","modified_gmt":"2026-04-02T03:43:35","slug":"nam-meo-vietsan-100g","status":"publish","type":"product","link":"https:\/\/tolio.co.nz\/en\/product\/nam-meo-vietsan-100g\/","title":{"rendered":"Vietsan Mushroom 100g"},"content":{"rendered":"<p><strong>Vietsan Mushroom 100g\u00a0<\/strong>Made from 100% dried black fungus, convenient, easy to prepare, just soak, wash and cook delicious dishes. Viet San black cat mushroom pack 100g soaked will expand a lot. Viet San dry food is convenient, safe and quality<\/p>\n<ul>\n<li>The product is a dried mushroom made from 100% natural mushrooms that are dried, ensuring food hygiene for you and your family.<\/li>\n<li>Dried cat mushrooms often appear in Vietnamese family meals with simple and convenient processing. Mushrooms have cool properties that work very well for people with low blood qi and heart problems. Mushrooms also have the effect of reducing cholesterol in the blood, supporting the weight loss process in obese people. In addition, when using cat mushrooms regularly, it will help the skin to be rosy, bright and smooth.<\/li>\n<\/ul>\n<p><strong>How to Use:<\/strong><\/p>\n<ul>\n<li>Preparing stir-fry dishes, soups Chicken mushroom soup<\/li>\n<\/ul>\n<p><strong>Preserve:<\/strong><\/p>\n<ul>\n<li>Store in a cool, dry place, away from sunlight<\/li>\n<\/ul>","protected":false},"excerpt":{"rendered":"<ul>\n<li>Brand: Vietsan<\/li>\n<li>Brand origin: China<\/li>\n<li>Packing: 100g pack<\/li>\n<li>Note: Product packaging may change from batch to batch<\/li>\n<\/ul>","protected":false},"featured_media":20979,"comment_status":"open","ping_status":"closed","template":"","meta":[],"product_brand":[],"product_cat":[128],"product_tag":[356,357],"class_list":{"0":"post-2774","1":"product","2":"type-product","3":"status-publish","4":"has-post-thumbnail","6":"product_cat-do-kho","7":"product_tag-nam-meo","8":"product_tag-nam-meo-vietsan","9":"pa_thuong-hieu-vietsan","11":"first","12":"instock","13":"sale","14":"shipping-taxable","15":"purchasable","16":"product-type-simple"},"yoast_head":"<!-- This site is optimized with the Yoast SEO plugin v24.4 - https:\/\/yoast.com\/wordpress\/plugins\/seo\/ -->\n<title>N\u1ea5m m\u00e8o Vietsan 100g - TOLIO<\/title>\n<meta name=\"description\" content=\"Th\u01b0\u01a1ng hi\u1ec7u: Vietsan  Xu\u1ea5t x\u1ee9 th\u01b0\u01a1ng hi\u1ec7u: Trung Qu\u1ed1c  Quy c\u00e1ch \u0111\u00f3ng g\u00f3i: g\u00f3i 100g  L\u01b0u \u00fd: Bao b\u00ec s\u1ea3n ph\u1ea9m c\u00f3 th\u1ec3 thay \u0111\u1ed5i theo t\u1eebng \u0111\u1ee3t nh\u1eadp h\u00e0ng\" \/>\n<meta name=\"robots\" content=\"index, follow, max-snippet:-1, max-image-preview:large, max-video-preview:-1\" \/>\n<link rel=\"canonical\" href=\"https:\/\/tolio.co.nz\/en\/product\/nam-meo-vietsan-100g\/\" \/>\n<meta property=\"og:locale\" content=\"en_US\" \/>\n<meta property=\"og:type\" content=\"article\" \/>\n<meta property=\"og:title\" content=\"N\u1ea5m m\u00e8o Vietsan 100g - TOLIO\" \/>\n<meta property=\"og:description\" content=\"Th\u01b0\u01a1ng hi\u1ec7u: Vietsan  Xu\u1ea5t x\u1ee9 th\u01b0\u01a1ng hi\u1ec7u: Trung Qu\u1ed1c  Quy c\u00e1ch \u0111\u00f3ng g\u00f3i: g\u00f3i 100g  L\u01b0u \u00fd: Bao b\u00ec s\u1ea3n ph\u1ea9m c\u00f3 th\u1ec3 thay \u0111\u1ed5i theo t\u1eebng \u0111\u1ee3t nh\u1eadp h\u00e0ng\" \/>\n<meta property=\"og:url\" content=\"https:\/\/tolio.co.nz\/en\/product\/nam-meo-vietsan-100g\/\" \/>\n<meta property=\"og:site_name\" content=\"TOLIO\" \/>\n<meta property=\"article:modified_time\" content=\"2026-04-02T03:43:35+00:00\" \/>\n<meta property=\"og:image\" content=\"https:\/\/tolio.co.nz\/wp-content\/uploads\/2022\/04\/459.png\" \/>\n\t<meta property=\"og:image:width\" content=\"1000\" \/>\n\t<meta property=\"og:image:height\" content=\"907\" \/>\n\t<meta property=\"og:image:type\" content=\"image\/png\" \/>\n<meta name=\"twitter:card\" content=\"summary_large_image\" \/>\n<meta name=\"twitter:label1\" content=\"Est. reading time\" \/>\n\t<meta name=\"twitter:data1\" content=\"2 minutes\" \/>\n<script type=\"application\/ld+json\" class=\"yoast-schema-graph\">{\"@context\":\"https:\/\/schema.org\",\"@graph\":[{\"@type\":\"WebPage\",\"@id\":\"https:\/\/tolio.co.nz\/san-pham\/nam-meo-vietsan-100g\/\",\"url\":\"https:\/\/tolio.co.nz\/san-pham\/nam-meo-vietsan-100g\/\",\"name\":\"N\u1ea5m m\u00e8o Vietsan 100g - TOLIO\",\"isPartOf\":{\"@id\":\"https:\/\/tolio.co.nz\/#website\"},\"primaryImageOfPage\":{\"@id\":\"https:\/\/tolio.co.nz\/san-pham\/nam-meo-vietsan-100g\/#primaryimage\"},\"image\":{\"@id\":\"https:\/\/tolio.co.nz\/san-pham\/nam-meo-vietsan-100g\/#primaryimage\"},\"thumbnailUrl\":\"https:\/\/tolio.co.nz\/wp-content\/uploads\/2022\/04\/459.png\",\"datePublished\":\"2022-03-10T09:22:00+00:00\",\"dateModified\":\"2026-04-02T03:43:35+00:00\",\"description\":\"Th\u01b0\u01a1ng hi\u1ec7u: Vietsan Xu\u1ea5t x\u1ee9 th\u01b0\u01a1ng hi\u1ec7u: Trung Qu\u1ed1c Quy c\u00e1ch \u0111\u00f3ng g\u00f3i: g\u00f3i 100g L\u01b0u \u00fd: Bao b\u00ec s\u1ea3n ph\u1ea9m c\u00f3 th\u1ec3 thay \u0111\u1ed5i theo t\u1eebng \u0111\u1ee3t nh\u1eadp h\u00e0ng\",\"breadcrumb\":{\"@id\":\"https:\/\/tolio.co.nz\/san-pham\/nam-meo-vietsan-100g\/#breadcrumb\"},\"inLanguage\":\"en-US\",\"potentialAction\":[{\"@type\":\"ReadAction\",\"target\":[\"https:\/\/tolio.co.nz\/san-pham\/nam-meo-vietsan-100g\/\"]}]},{\"@type\":\"ImageObject\",\"inLanguage\":\"en-US\",\"@id\":\"https:\/\/tolio.co.nz\/san-pham\/nam-meo-vietsan-100g\/#primaryimage\",\"url\":\"https:\/\/tolio.co.nz\/wp-content\/uploads\/2022\/04\/459.png\",\"contentUrl\":\"https:\/\/tolio.co.nz\/wp-content\/uploads\/2022\/04\/459.png\",\"width\":1000,\"height\":907},{\"@type\":\"BreadcrumbList\",\"@id\":\"https:\/\/tolio.co.nz\/san-pham\/nam-meo-vietsan-100g\/#breadcrumb\",\"itemListElement\":[{\"@type\":\"ListItem\",\"position\":1,\"name\":\"Home\",\"item\":\"https:\/\/tolio.co.nz\/\"},{\"@type\":\"ListItem\",\"position\":2,\"name\":\"C\u1eeda h\u00e0ng\",\"item\":\"https:\/\/tolio.co.nz\/cua-hang\/\"},{\"@type\":\"ListItem\",\"position\":3,\"name\":\"N\u1ea5m m\u00e8o Vietsan 100g\"}]},{\"@type\":\"WebSite\",\"@id\":\"https:\/\/tolio.co.nz\/#website\",\"url\":\"https:\/\/tolio.co.nz\/\",\"name\":\"TOLIO\",\"description\":\"Vietnamese Grocery Online\",\"potentialAction\":[{\"@type\":\"SearchAction\",\"target\":{\"@type\":\"EntryPoint\",\"urlTemplate\":\"https:\/\/tolio.co.nz\/?s={search_term_string}\"},\"query-input\":{\"@type\":\"PropertyValueSpecification\",\"valueRequired\":true,\"valueName\":\"search_term_string\"}}],\"inLanguage\":\"en-US\"}]}<\/script>\n<!-- \/ Yoast SEO plugin. -->","yoast_head_json":{"title":"N\u1ea5m m\u00e8o Vietsan 100g - TOLIO","description":"Th\u01b0\u01a1ng hi\u1ec7u: Vietsan  Xu\u1ea5t x\u1ee9 th\u01b0\u01a1ng hi\u1ec7u: Trung Qu\u1ed1c  Quy c\u00e1ch \u0111\u00f3ng g\u00f3i: g\u00f3i 100g  L\u01b0u \u00fd: Bao b\u00ec s\u1ea3n ph\u1ea9m c\u00f3 th\u1ec3 thay \u0111\u1ed5i theo t\u1eebng \u0111\u1ee3t nh\u1eadp h\u00e0ng","robots":{"index":"index","follow":"follow","max-snippet":"max-snippet:-1","max-image-preview":"max-image-preview:large","max-video-preview":"max-video-preview:-1"},"canonical":"https:\/\/tolio.co.nz\/en\/product\/nam-meo-vietsan-100g\/","og_locale":"en_US","og_type":"article","og_title":"N\u1ea5m m\u00e8o Vietsan 100g - TOLIO","og_description":"Th\u01b0\u01a1ng hi\u1ec7u: Vietsan  Xu\u1ea5t x\u1ee9 th\u01b0\u01a1ng hi\u1ec7u: Trung Qu\u1ed1c  Quy c\u00e1ch \u0111\u00f3ng g\u00f3i: g\u00f3i 100g  L\u01b0u \u00fd: Bao b\u00ec s\u1ea3n ph\u1ea9m c\u00f3 th\u1ec3 thay \u0111\u1ed5i theo t\u1eebng \u0111\u1ee3t nh\u1eadp h\u00e0ng","og_url":"https:\/\/tolio.co.nz\/en\/product\/nam-meo-vietsan-100g\/","og_site_name":"TOLIO","article_modified_time":"2026-04-02T03:43:35+00:00","og_image":[{"width":1000,"height":907,"url":"https:\/\/tolio.co.nz\/wp-content\/uploads\/2022\/04\/459.png","type":"image\/png"}],"twitter_card":"summary_large_image","twitter_misc":{"Est. reading time":"2 minutes"},"schema":{"@context":"https:\/\/schema.org","@graph":[{"@type":"WebPage","@id":"https:\/\/tolio.co.nz\/san-pham\/nam-meo-vietsan-100g\/","url":"https:\/\/tolio.co.nz\/san-pham\/nam-meo-vietsan-100g\/","name":"N\u1ea5m m\u00e8o Vietsan 100g - TOLIO","isPartOf":{"@id":"https:\/\/tolio.co.nz\/#website"},"primaryImageOfPage":{"@id":"https:\/\/tolio.co.nz\/san-pham\/nam-meo-vietsan-100g\/#primaryimage"},"image":{"@id":"https:\/\/tolio.co.nz\/san-pham\/nam-meo-vietsan-100g\/#primaryimage"},"thumbnailUrl":"https:\/\/tolio.co.nz\/wp-content\/uploads\/2022\/04\/459.png","datePublished":"2022-03-10T09:22:00+00:00","dateModified":"2026-04-02T03:43:35+00:00","description":"Th\u01b0\u01a1ng hi\u1ec7u: Vietsan Xu\u1ea5t x\u1ee9 th\u01b0\u01a1ng hi\u1ec7u: Trung Qu\u1ed1c Quy c\u00e1ch \u0111\u00f3ng g\u00f3i: g\u00f3i 100g L\u01b0u \u00fd: Bao b\u00ec s\u1ea3n ph\u1ea9m c\u00f3 th\u1ec3 thay \u0111\u1ed5i theo t\u1eebng \u0111\u1ee3t nh\u1eadp h\u00e0ng","breadcrumb":{"@id":"https:\/\/tolio.co.nz\/san-pham\/nam-meo-vietsan-100g\/#breadcrumb"},"inLanguage":"en-US","potentialAction":[{"@type":"ReadAction","target":["https:\/\/tolio.co.nz\/san-pham\/nam-meo-vietsan-100g\/"]}]},{"@type":"ImageObject","inLanguage":"en-US","@id":"https:\/\/tolio.co.nz\/san-pham\/nam-meo-vietsan-100g\/#primaryimage","url":"https:\/\/tolio.co.nz\/wp-content\/uploads\/2022\/04\/459.png","contentUrl":"https:\/\/tolio.co.nz\/wp-content\/uploads\/2022\/04\/459.png","width":1000,"height":907},{"@type":"BreadcrumbList","@id":"https:\/\/tolio.co.nz\/san-pham\/nam-meo-vietsan-100g\/#breadcrumb","itemListElement":[{"@type":"ListItem","position":1,"name":"Home","item":"https:\/\/tolio.co.nz\/"},{"@type":"ListItem","position":2,"name":"C\u1eeda h\u00e0ng","item":"https:\/\/tolio.co.nz\/cua-hang\/"},{"@type":"ListItem","position":3,"name":"N\u1ea5m m\u00e8o Vietsan 100g"}]},{"@type":"WebSite","@id":"https:\/\/tolio.co.nz\/#website","url":"https:\/\/tolio.co.nz\/","name":"TOLIO","description":"Vietnamese Grocery Online","potentialAction":[{"@type":"SearchAction","target":{"@type":"EntryPoint","urlTemplate":"https:\/\/tolio.co.nz\/?s={search_term_string}"},"query-input":{"@type":"PropertyValueSpecification","valueRequired":true,"valueName":"search_term_string"}}],"inLanguage":"en-US"}]}},"_links":{"self":[{"href":"https:\/\/tolio.co.nz\/en\/wp-json\/wp\/v2\/product\/2774","targetHints":{"allow":["GET"]}}],"collection":[{"href":"https:\/\/tolio.co.nz\/en\/wp-json\/wp\/v2\/product"}],"about":[{"href":"https:\/\/tolio.co.nz\/en\/wp-json\/wp\/v2\/types\/product"}],"replies":[{"embeddable":true,"href":"https:\/\/tolio.co.nz\/en\/wp-json\/wp\/v2\/comments?post=2774"}],"wp:featuredmedia":[{"embeddable":true,"href":"https:\/\/tolio.co.nz\/en\/wp-json\/wp\/v2\/media\/20979"}],"wp:attachment":[{"href":"https:\/\/tolio.co.nz\/en\/wp-json\/wp\/v2\/media?parent=2774"}],"wp:term":[{"taxonomy":"product_brand","embeddable":true,"href":"https:\/\/tolio.co.nz\/en\/wp-json\/wp\/v2\/product_brand?post=2774"},{"taxonomy":"product_cat","embeddable":true,"href":"https:\/\/tolio.co.nz\/en\/wp-json\/wp\/v2\/product_cat?post=2774"},{"taxonomy":"product_tag","embeddable":true,"href":"https:\/\/tolio.co.nz\/en\/wp-json\/wp\/v2\/product_tag?post=2774"}],"curies":[{"name":"wp","href":"https:\/\/api.w.org\/{rel}","templated":true}]}}