{"id":2823,"date":"2022-03-11T20:23:00","date_gmt":"2022-03-11T07:38:00","guid":{"rendered":"https:\/\/tolio2.sitebycat.com\/?post_type=product&#038;p=2823"},"modified":"2026-05-05T14:19:43","modified_gmt":"2026-05-05T02:19:43","slug":"vien-gia-vi-pho-bo-ong-cha-va-75g","status":"publish","type":"product","link":"https:\/\/tolio.co.nz\/en\/product\/vietnamese-rice-noodles-with-beetroot-soup-and-75g\/","title":{"rendered":"Ong Cha Va beef noodle seasoning 75g"},"content":{"rendered":"<p><strong>Ong Cha Va beef noodle seasoning 75g\u00a0<\/strong>is a convenient product, integrating full spices for beef noodle soup. The product makes it easy to cook delicious beef noodle soup without spending much time seasoning. With this spice ball, beef noodle soup will be rich and naturally sweet, giving you a delicious bowl of beef noodle soup that is attractive to the last bite. Products do not contain preservatives, made from natural ingredients, ensuring safety for the health of consumers.<\/p>\n<p><strong>How to Use:<\/strong><\/p>\n<ul>\n<li>Instructions for use: Use as a seasoning for beef noodle soup<\/li>\n<li>Preparation: (Meal for 1 person) 500 ml of boiling water, 150 g of wet noodle soup or 55 g of dry noodle soup, 1 seasoning capsule of Pho Bo, 50 g of sliced beef, vegetables.<\/li>\n<li>How to use: * When using wet rice noodles 1. Add 1 piece of Pho Bo seasoning to 500 ml of boiled water, boil for about 2-3 minutes. 2. Put the beef, wet noodle in the pot, boil for about 1 minute and serve with vegetables.<\/li>\n<li>When using dry noodle soup 1. Boil in boiling water for 10 minutes (55g of dry noodle will be 150g of wet noodle). 2. Boil 500 ml of water with 1 piece of Pho Bo seasoning for 2-3 minutes. 3. Put the prepared noodle soup, sliced beef into the pot and cook for 1 more minute and serve with vegetables<\/li>\n<\/ul>\n<p><strong>Preserve:<\/strong><\/p>\n<ul>\n<li>Store in a cool, dry place, away from direct sunlight.<\/li>\n<\/ul>","protected":false},"excerpt":{"rendered":"<ul>\n<li>Brand: Mr. Cha Va<\/li>\n<li>Brand Country: Viet nam<\/li>\n<li>Packing: 75g pack<\/li>\n<li>Note: Product packaging may change from batch to batch<\/li>\n<\/ul>","protected":false},"featured_media":21070,"comment_status":"open","ping_status":"closed","template":"","meta":[],"product_brand":[],"product_cat":[33,481,31],"product_tag":[378,379],"class_list":{"0":"post-2823","1":"product","2":"type-product","3":"status-publish","4":"has-post-thumbnail","6":"product_cat-gia-vi","7":"product_cat-gia-vi-hoan-chinh","8":"product_cat-hang-moi-ve","9":"product_tag-vien-gia-vi","10":"product_tag-vien-gia-vi-pho-bo","11":"pa_thuong-hieu-ong-cha-va","13":"first","14":"instock","15":"sale","16":"shipping-taxable","17":"purchasable","18":"product-type-simple"},"yoast_head":"<!-- This site is optimized with the Yoast SEO plugin v24.4 - https:\/\/yoast.com\/wordpress\/plugins\/seo\/ -->\n<title>Vi\u00ean gia v\u1ecb ph\u1edf b\u00f2 \u00d4ng Ch\u00e0 V\u00e0 75g - TOLIO<\/title>\n<meta name=\"description\" content=\"Th\u01b0\u01a1ng hi\u1ec7u: \u00d4ng Ch\u00e0 V\u00e0  Xu\u1ea5t x\u1ee9 th\u01b0\u01a1ng hi\u1ec7u: Vi\u1ec7t Nam  Quy c\u00e1ch \u0111\u00f3ng g\u00f3i: g\u00f3i 75g  L\u01b0u \u00fd: Bao b\u00ec s\u1ea3n ph\u1ea9m c\u00f3 th\u1ec3 thay \u0111\u1ed5i theo t\u1eebng \u0111\u1ee3t nh\u1eadp h\u00e0ng\" \/>\n<meta name=\"robots\" content=\"index, follow, max-snippet:-1, max-image-preview:large, max-video-preview:-1\" \/>\n<link rel=\"canonical\" href=\"https:\/\/tolio.co.nz\/en\/product\/vietnamese-rice-noodles-with-beetroot-soup-and-75g\/\" \/>\n<meta property=\"og:locale\" content=\"en_US\" \/>\n<meta property=\"og:type\" content=\"article\" \/>\n<meta property=\"og:title\" content=\"Vi\u00ean gia v\u1ecb ph\u1edf b\u00f2 \u00d4ng Ch\u00e0 V\u00e0 75g - TOLIO\" \/>\n<meta property=\"og:description\" content=\"Th\u01b0\u01a1ng hi\u1ec7u: \u00d4ng Ch\u00e0 V\u00e0  Xu\u1ea5t x\u1ee9 th\u01b0\u01a1ng hi\u1ec7u: Vi\u1ec7t Nam  Quy c\u00e1ch \u0111\u00f3ng g\u00f3i: g\u00f3i 75g  L\u01b0u \u00fd: Bao b\u00ec s\u1ea3n ph\u1ea9m c\u00f3 th\u1ec3 thay \u0111\u1ed5i theo t\u1eebng \u0111\u1ee3t nh\u1eadp h\u00e0ng\" \/>\n<meta property=\"og:url\" content=\"https:\/\/tolio.co.nz\/en\/product\/vietnamese-rice-noodles-with-beetroot-soup-and-75g\/\" \/>\n<meta property=\"og:site_name\" content=\"TOLIO\" \/>\n<meta property=\"article:modified_time\" content=\"2026-05-05T02:19:43+00:00\" \/>\n<meta property=\"og:image\" content=\"https:\/\/tolio.co.nz\/wp-content\/uploads\/2022\/03\/126.png\" \/>\n\t<meta property=\"og:image:width\" content=\"1000\" \/>\n\t<meta property=\"og:image:height\" content=\"907\" \/>\n\t<meta property=\"og:image:type\" content=\"image\/png\" \/>\n<meta name=\"twitter:card\" content=\"summary_large_image\" \/>\n<meta name=\"twitter:label1\" content=\"Est. reading time\" \/>\n\t<meta name=\"twitter:data1\" content=\"2 minutes\" \/>\n<script type=\"application\/ld+json\" class=\"yoast-schema-graph\">{\"@context\":\"https:\/\/schema.org\",\"@graph\":[{\"@type\":\"WebPage\",\"@id\":\"https:\/\/tolio.co.nz\/san-pham\/vien-gia-vi-pho-bo-ong-cha-va-75g\/\",\"url\":\"https:\/\/tolio.co.nz\/san-pham\/vien-gia-vi-pho-bo-ong-cha-va-75g\/\",\"name\":\"Vi\u00ean gia v\u1ecb ph\u1edf b\u00f2 \u00d4ng Ch\u00e0 V\u00e0 75g - TOLIO\",\"isPartOf\":{\"@id\":\"https:\/\/tolio.co.nz\/#website\"},\"primaryImageOfPage\":{\"@id\":\"https:\/\/tolio.co.nz\/san-pham\/vien-gia-vi-pho-bo-ong-cha-va-75g\/#primaryimage\"},\"image\":{\"@id\":\"https:\/\/tolio.co.nz\/san-pham\/vien-gia-vi-pho-bo-ong-cha-va-75g\/#primaryimage\"},\"thumbnailUrl\":\"https:\/\/tolio.co.nz\/wp-content\/uploads\/2022\/03\/126.png\",\"datePublished\":\"2022-03-11T07:38:00+00:00\",\"dateModified\":\"2026-05-05T02:19:43+00:00\",\"description\":\"Th\u01b0\u01a1ng hi\u1ec7u: \u00d4ng Ch\u00e0 V\u00e0 Xu\u1ea5t x\u1ee9 th\u01b0\u01a1ng hi\u1ec7u: Vi\u1ec7t Nam Quy c\u00e1ch \u0111\u00f3ng g\u00f3i: g\u00f3i 75g L\u01b0u \u00fd: Bao b\u00ec s\u1ea3n ph\u1ea9m c\u00f3 th\u1ec3 thay \u0111\u1ed5i theo t\u1eebng \u0111\u1ee3t nh\u1eadp h\u00e0ng\",\"breadcrumb\":{\"@id\":\"https:\/\/tolio.co.nz\/san-pham\/vien-gia-vi-pho-bo-ong-cha-va-75g\/#breadcrumb\"},\"inLanguage\":\"en-US\",\"potentialAction\":[{\"@type\":\"ReadAction\",\"target\":[\"https:\/\/tolio.co.nz\/san-pham\/vien-gia-vi-pho-bo-ong-cha-va-75g\/\"]}]},{\"@type\":\"ImageObject\",\"inLanguage\":\"en-US\",\"@id\":\"https:\/\/tolio.co.nz\/san-pham\/vien-gia-vi-pho-bo-ong-cha-va-75g\/#primaryimage\",\"url\":\"https:\/\/tolio.co.nz\/wp-content\/uploads\/2022\/03\/126.png\",\"contentUrl\":\"https:\/\/tolio.co.nz\/wp-content\/uploads\/2022\/03\/126.png\",\"width\":1000,\"height\":907},{\"@type\":\"BreadcrumbList\",\"@id\":\"https:\/\/tolio.co.nz\/san-pham\/vien-gia-vi-pho-bo-ong-cha-va-75g\/#breadcrumb\",\"itemListElement\":[{\"@type\":\"ListItem\",\"position\":1,\"name\":\"Home\",\"item\":\"https:\/\/tolio.co.nz\/\"},{\"@type\":\"ListItem\",\"position\":2,\"name\":\"C\u1eeda h\u00e0ng\",\"item\":\"https:\/\/tolio.co.nz\/cua-hang\/\"},{\"@type\":\"ListItem\",\"position\":3,\"name\":\"Vi\u00ean gia v\u1ecb ph\u1edf b\u00f2 \u00d4ng Ch\u00e0 V\u00e0 75g\"}]},{\"@type\":\"WebSite\",\"@id\":\"https:\/\/tolio.co.nz\/#website\",\"url\":\"https:\/\/tolio.co.nz\/\",\"name\":\"TOLIO\",\"description\":\"Vietnamese Grocery Online\",\"potentialAction\":[{\"@type\":\"SearchAction\",\"target\":{\"@type\":\"EntryPoint\",\"urlTemplate\":\"https:\/\/tolio.co.nz\/?s={search_term_string}\"},\"query-input\":{\"@type\":\"PropertyValueSpecification\",\"valueRequired\":true,\"valueName\":\"search_term_string\"}}],\"inLanguage\":\"en-US\"}]}<\/script>\n<!-- \/ Yoast SEO plugin. -->","yoast_head_json":{"title":"Vi\u00ean gia v\u1ecb ph\u1edf b\u00f2 \u00d4ng Ch\u00e0 V\u00e0 75g - TOLIO","description":"Th\u01b0\u01a1ng hi\u1ec7u: \u00d4ng Ch\u00e0 V\u00e0  Xu\u1ea5t x\u1ee9 th\u01b0\u01a1ng hi\u1ec7u: Vi\u1ec7t Nam  Quy c\u00e1ch \u0111\u00f3ng g\u00f3i: g\u00f3i 75g  L\u01b0u \u00fd: Bao b\u00ec s\u1ea3n ph\u1ea9m c\u00f3 th\u1ec3 thay \u0111\u1ed5i theo t\u1eebng \u0111\u1ee3t nh\u1eadp h\u00e0ng","robots":{"index":"index","follow":"follow","max-snippet":"max-snippet:-1","max-image-preview":"max-image-preview:large","max-video-preview":"max-video-preview:-1"},"canonical":"https:\/\/tolio.co.nz\/en\/product\/vietnamese-rice-noodles-with-beetroot-soup-and-75g\/","og_locale":"en_US","og_type":"article","og_title":"Vi\u00ean gia v\u1ecb ph\u1edf b\u00f2 \u00d4ng Ch\u00e0 V\u00e0 75g - TOLIO","og_description":"Th\u01b0\u01a1ng hi\u1ec7u: \u00d4ng Ch\u00e0 V\u00e0  Xu\u1ea5t x\u1ee9 th\u01b0\u01a1ng hi\u1ec7u: Vi\u1ec7t Nam  Quy c\u00e1ch \u0111\u00f3ng g\u00f3i: g\u00f3i 75g  L\u01b0u \u00fd: Bao b\u00ec s\u1ea3n ph\u1ea9m c\u00f3 th\u1ec3 thay \u0111\u1ed5i theo t\u1eebng \u0111\u1ee3t nh\u1eadp h\u00e0ng","og_url":"https:\/\/tolio.co.nz\/en\/product\/vietnamese-rice-noodles-with-beetroot-soup-and-75g\/","og_site_name":"TOLIO","article_modified_time":"2026-05-05T02:19:43+00:00","og_image":[{"width":1000,"height":907,"url":"https:\/\/tolio.co.nz\/wp-content\/uploads\/2022\/03\/126.png","type":"image\/png"}],"twitter_card":"summary_large_image","twitter_misc":{"Est. reading time":"2 minutes"},"schema":{"@context":"https:\/\/schema.org","@graph":[{"@type":"WebPage","@id":"https:\/\/tolio.co.nz\/san-pham\/vien-gia-vi-pho-bo-ong-cha-va-75g\/","url":"https:\/\/tolio.co.nz\/san-pham\/vien-gia-vi-pho-bo-ong-cha-va-75g\/","name":"Vi\u00ean gia v\u1ecb ph\u1edf b\u00f2 \u00d4ng Ch\u00e0 V\u00e0 75g - TOLIO","isPartOf":{"@id":"https:\/\/tolio.co.nz\/#website"},"primaryImageOfPage":{"@id":"https:\/\/tolio.co.nz\/san-pham\/vien-gia-vi-pho-bo-ong-cha-va-75g\/#primaryimage"},"image":{"@id":"https:\/\/tolio.co.nz\/san-pham\/vien-gia-vi-pho-bo-ong-cha-va-75g\/#primaryimage"},"thumbnailUrl":"https:\/\/tolio.co.nz\/wp-content\/uploads\/2022\/03\/126.png","datePublished":"2022-03-11T07:38:00+00:00","dateModified":"2026-05-05T02:19:43+00:00","description":"Th\u01b0\u01a1ng hi\u1ec7u: \u00d4ng Ch\u00e0 V\u00e0 Xu\u1ea5t x\u1ee9 th\u01b0\u01a1ng hi\u1ec7u: Vi\u1ec7t Nam Quy c\u00e1ch \u0111\u00f3ng g\u00f3i: g\u00f3i 75g L\u01b0u \u00fd: Bao b\u00ec s\u1ea3n ph\u1ea9m c\u00f3 th\u1ec3 thay \u0111\u1ed5i theo t\u1eebng \u0111\u1ee3t nh\u1eadp h\u00e0ng","breadcrumb":{"@id":"https:\/\/tolio.co.nz\/san-pham\/vien-gia-vi-pho-bo-ong-cha-va-75g\/#breadcrumb"},"inLanguage":"en-US","potentialAction":[{"@type":"ReadAction","target":["https:\/\/tolio.co.nz\/san-pham\/vien-gia-vi-pho-bo-ong-cha-va-75g\/"]}]},{"@type":"ImageObject","inLanguage":"en-US","@id":"https:\/\/tolio.co.nz\/san-pham\/vien-gia-vi-pho-bo-ong-cha-va-75g\/#primaryimage","url":"https:\/\/tolio.co.nz\/wp-content\/uploads\/2022\/03\/126.png","contentUrl":"https:\/\/tolio.co.nz\/wp-content\/uploads\/2022\/03\/126.png","width":1000,"height":907},{"@type":"BreadcrumbList","@id":"https:\/\/tolio.co.nz\/san-pham\/vien-gia-vi-pho-bo-ong-cha-va-75g\/#breadcrumb","itemListElement":[{"@type":"ListItem","position":1,"name":"Home","item":"https:\/\/tolio.co.nz\/"},{"@type":"ListItem","position":2,"name":"C\u1eeda h\u00e0ng","item":"https:\/\/tolio.co.nz\/cua-hang\/"},{"@type":"ListItem","position":3,"name":"Vi\u00ean gia v\u1ecb ph\u1edf b\u00f2 \u00d4ng Ch\u00e0 V\u00e0 75g"}]},{"@type":"WebSite","@id":"https:\/\/tolio.co.nz\/#website","url":"https:\/\/tolio.co.nz\/","name":"TOLIO","description":"Vietnamese Grocery Online","potentialAction":[{"@type":"SearchAction","target":{"@type":"EntryPoint","urlTemplate":"https:\/\/tolio.co.nz\/?s={search_term_string}"},"query-input":{"@type":"PropertyValueSpecification","valueRequired":true,"valueName":"search_term_string"}}],"inLanguage":"en-US"}]}},"_links":{"self":[{"href":"https:\/\/tolio.co.nz\/en\/wp-json\/wp\/v2\/product\/2823","targetHints":{"allow":["GET"]}}],"collection":[{"href":"https:\/\/tolio.co.nz\/en\/wp-json\/wp\/v2\/product"}],"about":[{"href":"https:\/\/tolio.co.nz\/en\/wp-json\/wp\/v2\/types\/product"}],"replies":[{"embeddable":true,"href":"https:\/\/tolio.co.nz\/en\/wp-json\/wp\/v2\/comments?post=2823"}],"wp:featuredmedia":[{"embeddable":true,"href":"https:\/\/tolio.co.nz\/en\/wp-json\/wp\/v2\/media\/21070"}],"wp:attachment":[{"href":"https:\/\/tolio.co.nz\/en\/wp-json\/wp\/v2\/media?parent=2823"}],"wp:term":[{"taxonomy":"product_brand","embeddable":true,"href":"https:\/\/tolio.co.nz\/en\/wp-json\/wp\/v2\/product_brand?post=2823"},{"taxonomy":"product_cat","embeddable":true,"href":"https:\/\/tolio.co.nz\/en\/wp-json\/wp\/v2\/product_cat?post=2823"},{"taxonomy":"product_tag","embeddable":true,"href":"https:\/\/tolio.co.nz\/en\/wp-json\/wp\/v2\/product_tag?post=2823"}],"curies":[{"name":"wp","href":"https:\/\/api.w.org\/{rel}","templated":true}]}}