{"id":3419,"date":"2022-04-07T21:04:00","date_gmt":"2022-04-07T08:19:00","guid":{"rendered":"https:\/\/tolio2.sitebycat.com\/?post_type=product&#038;p=3419"},"modified":"2026-04-09T16:04:56","modified_gmt":"2026-04-09T04:04:56","slug":"loc-13-bich-muc-thai-bento-tam-gia-vi-goi-25g","status":"publish","type":"product","link":"https:\/\/tolio.co.nz\/en\/product\/loc-13-bich-muc-thai-bento-three-parts-in-25g-package\/","title":{"rendered":"Pack of 12 get 2 packs of Bento Thai squid seasoned with 5g spices"},"content":{"rendered":"<p><strong>Seasoned Thai Squid Bento 5g pack <\/strong>The spicy taste, the perfect seasoning, and the richness of each piece of crispy squid, irresistible aroma. Spicy spiced squid snack Bento pack 5g domestic Thailand stimulates the taste buds while eating while watching movies is great. Snack Bento is quite famous and well received by many people.<\/p>\n<p><strong>User manual<\/strong>:<\/p>\n<ul>\n<li>\u00a0Not suitable for children under 1 year old<\/li>\n<\/ul>\n<p><strong>Preserve<\/strong>:<\/p>\n<ul>\n<li>Store in a cool, dry place, away from direct sunlight<\/li>\n<\/ul>","protected":false},"excerpt":{"rendered":"<ul>\n<li>Brand: Bento<\/li>\n<li>Brand Origin: Thailand<\/li>\n<li>Packing: 5g pack, 13 packs\/Lot<\/li>\n<li>Note: Product packaging may vary with each shipment (random color)<\/li>\n<\/ul>","protected":false},"featured_media":20864,"comment_status":"open","ping_status":"closed","template":"","meta":[],"product_brand":[],"product_cat":[35,31],"product_tag":[283,284],"class_list":{"0":"post-3419","1":"product","2":"type-product","3":"status-publish","4":"has-post-thumbnail","6":"product_cat-banh-keo","7":"product_cat-hang-moi-ve","8":"product_tag-muc-thai-bento","9":"product_tag-snack-muc-tam-gia-vi-cay","10":"pa_thuong-hieu-bento","12":"first","13":"instock","14":"sale","15":"shipping-taxable","16":"purchasable","17":"product-type-simple"},"yoast_head":"<!-- This site is optimized with the Yoast SEO plugin v24.4 - https:\/\/yoast.com\/wordpress\/plugins\/seo\/ -->\n<title>L\u1ed1c 12 t\u1eb7ng 2 b\u1ecbch m\u1ef1c Th\u00e1i Bento t\u1ea9m gia v\u1ecb 5g - TOLIO<\/title>\n<meta name=\"description\" content=\"Th\u01b0\u01a1ng hi\u1ec7u: Bento  Xu\u1ea5t x\u1ee9 th\u01b0\u01a1ng hi\u1ec7u: Th\u00e1i Lan  Quy c\u00e1ch \u0111\u00f3ng g\u00f3i: g\u00f3i 5g, 13 g\u00f3i\/ L\u1ed1c  L\u01b0u \u00fd: Bao b\u00ec s\u1ea3n ph\u1ea9m c\u00f3 th\u1ec3 thay \u0111\u1ed5i theo t\u1eebng \u0111\u1ee3t nh\u1eadp h\u00e0ng (m\u00e0u s\u1eafc ng\u1eabu nhi\u00ean)\" \/>\n<meta name=\"robots\" content=\"index, follow, max-snippet:-1, max-image-preview:large, max-video-preview:-1\" \/>\n<link rel=\"canonical\" href=\"https:\/\/tolio.co.nz\/en\/product\/loc-13-bich-muc-thai-bento-three-parts-in-25g-package\/\" \/>\n<meta property=\"og:locale\" content=\"en_US\" \/>\n<meta property=\"og:type\" content=\"article\" \/>\n<meta property=\"og:title\" content=\"L\u1ed1c 12 t\u1eb7ng 2 b\u1ecbch m\u1ef1c Th\u00e1i Bento t\u1ea9m gia v\u1ecb 5g - TOLIO\" \/>\n<meta property=\"og:description\" content=\"Th\u01b0\u01a1ng hi\u1ec7u: Bento  Xu\u1ea5t x\u1ee9 th\u01b0\u01a1ng hi\u1ec7u: Th\u00e1i Lan  Quy c\u00e1ch \u0111\u00f3ng g\u00f3i: g\u00f3i 5g, 13 g\u00f3i\/ L\u1ed1c  L\u01b0u \u00fd: Bao b\u00ec s\u1ea3n ph\u1ea9m c\u00f3 th\u1ec3 thay \u0111\u1ed5i theo t\u1eebng \u0111\u1ee3t nh\u1eadp h\u00e0ng (m\u00e0u s\u1eafc ng\u1eabu nhi\u00ean)\" \/>\n<meta property=\"og:url\" content=\"https:\/\/tolio.co.nz\/en\/product\/loc-13-bich-muc-thai-bento-three-parts-in-25g-package\/\" \/>\n<meta property=\"og:site_name\" content=\"TOLIO\" \/>\n<meta property=\"article:modified_time\" content=\"2026-04-09T04:04:56+00:00\" \/>\n<meta property=\"og:image\" content=\"https:\/\/tolio.co.nz\/wp-content\/uploads\/2022\/04\/373.png\" \/>\n\t<meta property=\"og:image:width\" content=\"1000\" \/>\n\t<meta property=\"og:image:height\" content=\"907\" \/>\n\t<meta property=\"og:image:type\" content=\"image\/png\" \/>\n<meta name=\"twitter:card\" content=\"summary_large_image\" \/>\n<meta name=\"twitter:label1\" content=\"Est. reading time\" \/>\n\t<meta name=\"twitter:data1\" content=\"1 minute\" \/>\n<script type=\"application\/ld+json\" class=\"yoast-schema-graph\">{\"@context\":\"https:\/\/schema.org\",\"@graph\":[{\"@type\":\"WebPage\",\"@id\":\"https:\/\/tolio.co.nz\/san-pham\/loc-13-bich-muc-thai-bento-tam-gia-vi-goi-25g\/\",\"url\":\"https:\/\/tolio.co.nz\/san-pham\/loc-13-bich-muc-thai-bento-tam-gia-vi-goi-25g\/\",\"name\":\"L\u1ed1c 12 t\u1eb7ng 2 b\u1ecbch m\u1ef1c Th\u00e1i Bento t\u1ea9m gia v\u1ecb 5g - TOLIO\",\"isPartOf\":{\"@id\":\"https:\/\/tolio.co.nz\/#website\"},\"primaryImageOfPage\":{\"@id\":\"https:\/\/tolio.co.nz\/san-pham\/loc-13-bich-muc-thai-bento-tam-gia-vi-goi-25g\/#primaryimage\"},\"image\":{\"@id\":\"https:\/\/tolio.co.nz\/san-pham\/loc-13-bich-muc-thai-bento-tam-gia-vi-goi-25g\/#primaryimage\"},\"thumbnailUrl\":\"https:\/\/tolio.co.nz\/wp-content\/uploads\/2022\/04\/373.png\",\"datePublished\":\"2022-04-07T08:19:00+00:00\",\"dateModified\":\"2026-04-09T04:04:56+00:00\",\"description\":\"Th\u01b0\u01a1ng hi\u1ec7u: Bento Xu\u1ea5t x\u1ee9 th\u01b0\u01a1ng hi\u1ec7u: Th\u00e1i Lan Quy c\u00e1ch \u0111\u00f3ng g\u00f3i: g\u00f3i 5g, 13 g\u00f3i\/ L\u1ed1c L\u01b0u \u00fd: Bao b\u00ec s\u1ea3n ph\u1ea9m c\u00f3 th\u1ec3 thay \u0111\u1ed5i theo t\u1eebng \u0111\u1ee3t nh\u1eadp h\u00e0ng (m\u00e0u s\u1eafc ng\u1eabu nhi\u00ean)\",\"breadcrumb\":{\"@id\":\"https:\/\/tolio.co.nz\/san-pham\/loc-13-bich-muc-thai-bento-tam-gia-vi-goi-25g\/#breadcrumb\"},\"inLanguage\":\"en-US\",\"potentialAction\":[{\"@type\":\"ReadAction\",\"target\":[\"https:\/\/tolio.co.nz\/san-pham\/loc-13-bich-muc-thai-bento-tam-gia-vi-goi-25g\/\"]}]},{\"@type\":\"ImageObject\",\"inLanguage\":\"en-US\",\"@id\":\"https:\/\/tolio.co.nz\/san-pham\/loc-13-bich-muc-thai-bento-tam-gia-vi-goi-25g\/#primaryimage\",\"url\":\"https:\/\/tolio.co.nz\/wp-content\/uploads\/2022\/04\/373.png\",\"contentUrl\":\"https:\/\/tolio.co.nz\/wp-content\/uploads\/2022\/04\/373.png\",\"width\":1000,\"height\":907},{\"@type\":\"BreadcrumbList\",\"@id\":\"https:\/\/tolio.co.nz\/san-pham\/loc-13-bich-muc-thai-bento-tam-gia-vi-goi-25g\/#breadcrumb\",\"itemListElement\":[{\"@type\":\"ListItem\",\"position\":1,\"name\":\"Home\",\"item\":\"https:\/\/tolio.co.nz\/\"},{\"@type\":\"ListItem\",\"position\":2,\"name\":\"C\u1eeda h\u00e0ng\",\"item\":\"https:\/\/tolio.co.nz\/cua-hang\/\"},{\"@type\":\"ListItem\",\"position\":3,\"name\":\"L\u1ed1c 13 b\u1ecbch m\u1ef1c Th\u00e1i Bento t\u1ea9m gia v\u1ecb 5g\"}]},{\"@type\":\"WebSite\",\"@id\":\"https:\/\/tolio.co.nz\/#website\",\"url\":\"https:\/\/tolio.co.nz\/\",\"name\":\"TOLIO\",\"description\":\"Vietnamese Grocery Online\",\"potentialAction\":[{\"@type\":\"SearchAction\",\"target\":{\"@type\":\"EntryPoint\",\"urlTemplate\":\"https:\/\/tolio.co.nz\/?s={search_term_string}\"},\"query-input\":{\"@type\":\"PropertyValueSpecification\",\"valueRequired\":true,\"valueName\":\"search_term_string\"}}],\"inLanguage\":\"en-US\"}]}<\/script>\n<!-- \/ Yoast SEO plugin. -->","yoast_head_json":{"title":"L\u1ed1c 12 t\u1eb7ng 2 b\u1ecbch m\u1ef1c Th\u00e1i Bento t\u1ea9m gia v\u1ecb 5g - TOLIO","description":"Th\u01b0\u01a1ng hi\u1ec7u: Bento  Xu\u1ea5t x\u1ee9 th\u01b0\u01a1ng hi\u1ec7u: Th\u00e1i Lan  Quy c\u00e1ch \u0111\u00f3ng g\u00f3i: g\u00f3i 5g, 13 g\u00f3i\/ L\u1ed1c  L\u01b0u \u00fd: Bao b\u00ec s\u1ea3n ph\u1ea9m c\u00f3 th\u1ec3 thay \u0111\u1ed5i theo t\u1eebng \u0111\u1ee3t nh\u1eadp h\u00e0ng (m\u00e0u s\u1eafc ng\u1eabu nhi\u00ean)","robots":{"index":"index","follow":"follow","max-snippet":"max-snippet:-1","max-image-preview":"max-image-preview:large","max-video-preview":"max-video-preview:-1"},"canonical":"https:\/\/tolio.co.nz\/en\/product\/loc-13-bich-muc-thai-bento-three-parts-in-25g-package\/","og_locale":"en_US","og_type":"article","og_title":"L\u1ed1c 12 t\u1eb7ng 2 b\u1ecbch m\u1ef1c Th\u00e1i Bento t\u1ea9m gia v\u1ecb 5g - TOLIO","og_description":"Th\u01b0\u01a1ng hi\u1ec7u: Bento  Xu\u1ea5t x\u1ee9 th\u01b0\u01a1ng hi\u1ec7u: Th\u00e1i Lan  Quy c\u00e1ch \u0111\u00f3ng g\u00f3i: g\u00f3i 5g, 13 g\u00f3i\/ L\u1ed1c  L\u01b0u \u00fd: Bao b\u00ec s\u1ea3n ph\u1ea9m c\u00f3 th\u1ec3 thay \u0111\u1ed5i theo t\u1eebng \u0111\u1ee3t nh\u1eadp h\u00e0ng (m\u00e0u s\u1eafc ng\u1eabu nhi\u00ean)","og_url":"https:\/\/tolio.co.nz\/en\/product\/loc-13-bich-muc-thai-bento-three-parts-in-25g-package\/","og_site_name":"TOLIO","article_modified_time":"2026-04-09T04:04:56+00:00","og_image":[{"width":1000,"height":907,"url":"https:\/\/tolio.co.nz\/wp-content\/uploads\/2022\/04\/373.png","type":"image\/png"}],"twitter_card":"summary_large_image","twitter_misc":{"Est. reading time":"1 minute"},"schema":{"@context":"https:\/\/schema.org","@graph":[{"@type":"WebPage","@id":"https:\/\/tolio.co.nz\/san-pham\/loc-13-bich-muc-thai-bento-tam-gia-vi-goi-25g\/","url":"https:\/\/tolio.co.nz\/san-pham\/loc-13-bich-muc-thai-bento-tam-gia-vi-goi-25g\/","name":"L\u1ed1c 12 t\u1eb7ng 2 b\u1ecbch m\u1ef1c Th\u00e1i Bento t\u1ea9m gia v\u1ecb 5g - TOLIO","isPartOf":{"@id":"https:\/\/tolio.co.nz\/#website"},"primaryImageOfPage":{"@id":"https:\/\/tolio.co.nz\/san-pham\/loc-13-bich-muc-thai-bento-tam-gia-vi-goi-25g\/#primaryimage"},"image":{"@id":"https:\/\/tolio.co.nz\/san-pham\/loc-13-bich-muc-thai-bento-tam-gia-vi-goi-25g\/#primaryimage"},"thumbnailUrl":"https:\/\/tolio.co.nz\/wp-content\/uploads\/2022\/04\/373.png","datePublished":"2022-04-07T08:19:00+00:00","dateModified":"2026-04-09T04:04:56+00:00","description":"Th\u01b0\u01a1ng hi\u1ec7u: Bento Xu\u1ea5t x\u1ee9 th\u01b0\u01a1ng hi\u1ec7u: Th\u00e1i Lan Quy c\u00e1ch \u0111\u00f3ng g\u00f3i: g\u00f3i 5g, 13 g\u00f3i\/ L\u1ed1c L\u01b0u \u00fd: Bao b\u00ec s\u1ea3n ph\u1ea9m c\u00f3 th\u1ec3 thay \u0111\u1ed5i theo t\u1eebng \u0111\u1ee3t nh\u1eadp h\u00e0ng (m\u00e0u s\u1eafc ng\u1eabu nhi\u00ean)","breadcrumb":{"@id":"https:\/\/tolio.co.nz\/san-pham\/loc-13-bich-muc-thai-bento-tam-gia-vi-goi-25g\/#breadcrumb"},"inLanguage":"en-US","potentialAction":[{"@type":"ReadAction","target":["https:\/\/tolio.co.nz\/san-pham\/loc-13-bich-muc-thai-bento-tam-gia-vi-goi-25g\/"]}]},{"@type":"ImageObject","inLanguage":"en-US","@id":"https:\/\/tolio.co.nz\/san-pham\/loc-13-bich-muc-thai-bento-tam-gia-vi-goi-25g\/#primaryimage","url":"https:\/\/tolio.co.nz\/wp-content\/uploads\/2022\/04\/373.png","contentUrl":"https:\/\/tolio.co.nz\/wp-content\/uploads\/2022\/04\/373.png","width":1000,"height":907},{"@type":"BreadcrumbList","@id":"https:\/\/tolio.co.nz\/san-pham\/loc-13-bich-muc-thai-bento-tam-gia-vi-goi-25g\/#breadcrumb","itemListElement":[{"@type":"ListItem","position":1,"name":"Home","item":"https:\/\/tolio.co.nz\/"},{"@type":"ListItem","position":2,"name":"C\u1eeda h\u00e0ng","item":"https:\/\/tolio.co.nz\/cua-hang\/"},{"@type":"ListItem","position":3,"name":"L\u1ed1c 13 b\u1ecbch m\u1ef1c Th\u00e1i Bento t\u1ea9m gia v\u1ecb 5g"}]},{"@type":"WebSite","@id":"https:\/\/tolio.co.nz\/#website","url":"https:\/\/tolio.co.nz\/","name":"TOLIO","description":"Vietnamese Grocery Online","potentialAction":[{"@type":"SearchAction","target":{"@type":"EntryPoint","urlTemplate":"https:\/\/tolio.co.nz\/?s={search_term_string}"},"query-input":{"@type":"PropertyValueSpecification","valueRequired":true,"valueName":"search_term_string"}}],"inLanguage":"en-US"}]}},"_links":{"self":[{"href":"https:\/\/tolio.co.nz\/en\/wp-json\/wp\/v2\/product\/3419","targetHints":{"allow":["GET"]}}],"collection":[{"href":"https:\/\/tolio.co.nz\/en\/wp-json\/wp\/v2\/product"}],"about":[{"href":"https:\/\/tolio.co.nz\/en\/wp-json\/wp\/v2\/types\/product"}],"replies":[{"embeddable":true,"href":"https:\/\/tolio.co.nz\/en\/wp-json\/wp\/v2\/comments?post=3419"}],"wp:featuredmedia":[{"embeddable":true,"href":"https:\/\/tolio.co.nz\/en\/wp-json\/wp\/v2\/media\/20864"}],"wp:attachment":[{"href":"https:\/\/tolio.co.nz\/en\/wp-json\/wp\/v2\/media?parent=3419"}],"wp:term":[{"taxonomy":"product_brand","embeddable":true,"href":"https:\/\/tolio.co.nz\/en\/wp-json\/wp\/v2\/product_brand?post=3419"},{"taxonomy":"product_cat","embeddable":true,"href":"https:\/\/tolio.co.nz\/en\/wp-json\/wp\/v2\/product_cat?post=3419"},{"taxonomy":"product_tag","embeddable":true,"href":"https:\/\/tolio.co.nz\/en\/wp-json\/wp\/v2\/product_tag?post=3419"}],"curies":[{"name":"wp","href":"https:\/\/api.w.org\/{rel}","templated":true}]}}