{"id":3499,"date":"2022-04-17T01:27:32","date_gmt":"2022-04-16T12:42:32","guid":{"rendered":"https:\/\/tolio2.sitebycat.com\/?post_type=product&#038;p=3499"},"modified":"2026-05-04T01:07:27","modified_gmt":"2026-05-03T13:07:27","slug":"ca-phe-sua-g7-3-in-1-hop-336g","status":"publish","type":"product","link":"https:\/\/tolio.co.nz\/en\/product\/coffee-milk-g7-3-in-1-hop-336g\/","title":{"rendered":"G7 milk coffee 3 in 1 box 336g (21 packs)"},"content":{"rendered":"<p><strong>G7 3 in 1 instant coffee<\/strong> is extracted from the most quintessential parts of each coffee bean with a different, rich flavor, a unique and captivating aroma that no other instant coffee product can achieve to help you quickly wake up, Mental refreshment to focus on work.<\/p>\n<p>The product is beautifully packaged, suitable for you to give to your loved ones.<\/p>\n<p><strong>How to Use:<\/strong><\/p>\n<ul>\n<li>Hot drink: Mix 1 pack of G7 coffee with 75ml of hot water and stir well.<\/li>\n<li>Cold drink: Mix 2 packets of G7 coffee with 75ml of hot water, stir well and add ice.<\/li>\n<\/ul>\n<p><strong>Preserve:<\/strong><\/p>\n<ul>\n<li>Cool, dry place. Avoid direct sunlight.<\/li>\n<\/ul>\n<p>&nbsp;<\/p>","protected":false},"excerpt":{"rendered":"<div class=\"elementor-element elementor-element-662fcae elementor-widget elementor-widget-woocommerce-product-short-description\" data-id=\"662fcae\" data-element_type=\"widget\" data-widget_type=\"woocommerce-product-short-description.default\">\n<div class=\"elementor-widget-container\">\n<div class=\"woocommerce-product-details__short-description\">\n<ul>\n<li>Brand: Trung Nguyen<\/li>\n<li>Brand Country: Viet nam<\/li>\n<li>Packing: 21 packs\/box<\/li>\n<li>Note: Product packaging may change from batch to batch<\/li>\n<\/ul>\n<\/div>\n<\/div>\n<\/div>","protected":false},"featured_media":20882,"comment_status":"open","ping_status":"closed","template":"","meta":[],"product_brand":[],"product_cat":[30,31,34,483],"product_tag":[74,500],"class_list":{"0":"post-3499","1":"product","2":"type-product","3":"status-publish","4":"has-post-thumbnail","6":"product_cat-ban-chay-nhat","7":"product_cat-hang-moi-ve","8":"product_cat-thuc-uong","9":"product_cat-ca-phe","10":"product_tag-coffee","11":"product_tag-coffee-trung-nguyen","12":"pa_thuong-hieu-trung-nguyen","14":"first","15":"outofstock","16":"sale","17":"shipping-taxable","18":"purchasable","19":"product-type-simple"},"yoast_head":"<!-- This site is optimized with the Yoast SEO plugin v24.4 - https:\/\/yoast.com\/wordpress\/plugins\/seo\/ -->\n<title>C\u00e0 ph\u00ea s\u1eefa G7 3 in 1 h\u1ed9p 336g (21 g\u00f3i) - TOLIO<\/title>\n<meta name=\"description\" content=\"Th\u01b0\u01a1ng hi\u1ec7u: Trung Nguy\u00ean  Xu\u1ea5t x\u1ee9 th\u01b0\u01a1ng hi\u1ec7u: Vi\u1ec7t Nam  Quy c\u00e1ch \u0111\u00f3ng g\u00f3i: 21g\u00f3i\/ H\u1ed9p  L\u01b0u \u00fd: Bao b\u00ec s\u1ea3n ph\u1ea9m c\u00f3 th\u1ec3 thay \u0111\u1ed5i theo t\u1eebng \u0111\u1ee3t nh\u1eadp h\u00e0ng\" \/>\n<meta name=\"robots\" content=\"index, follow, max-snippet:-1, max-image-preview:large, max-video-preview:-1\" \/>\n<link rel=\"canonical\" href=\"https:\/\/tolio.co.nz\/en\/product\/coffee-milk-g7-3-in-1-hop-336g\/\" \/>\n<meta property=\"og:locale\" content=\"en_US\" \/>\n<meta property=\"og:type\" content=\"article\" \/>\n<meta property=\"og:title\" content=\"C\u00e0 ph\u00ea s\u1eefa G7 3 in 1 h\u1ed9p 336g (21 g\u00f3i) - TOLIO\" \/>\n<meta property=\"og:description\" content=\"Th\u01b0\u01a1ng hi\u1ec7u: Trung Nguy\u00ean  Xu\u1ea5t x\u1ee9 th\u01b0\u01a1ng hi\u1ec7u: Vi\u1ec7t Nam  Quy c\u00e1ch \u0111\u00f3ng g\u00f3i: 21g\u00f3i\/ H\u1ed9p  L\u01b0u \u00fd: Bao b\u00ec s\u1ea3n ph\u1ea9m c\u00f3 th\u1ec3 thay \u0111\u1ed5i theo t\u1eebng \u0111\u1ee3t nh\u1eadp h\u00e0ng\" \/>\n<meta property=\"og:url\" content=\"https:\/\/tolio.co.nz\/en\/product\/coffee-milk-g7-3-in-1-hop-336g\/\" \/>\n<meta property=\"og:site_name\" content=\"TOLIO\" \/>\n<meta property=\"article:modified_time\" content=\"2026-05-03T13:07:27+00:00\" \/>\n<meta property=\"og:image\" content=\"https:\/\/tolio.co.nz\/wp-content\/uploads\/2022\/04\/446.png\" \/>\n\t<meta property=\"og:image:width\" content=\"1000\" \/>\n\t<meta property=\"og:image:height\" content=\"907\" \/>\n\t<meta property=\"og:image:type\" content=\"image\/png\" \/>\n<meta name=\"twitter:card\" content=\"summary_large_image\" \/>\n<meta name=\"twitter:label1\" content=\"Est. reading time\" \/>\n\t<meta name=\"twitter:data1\" content=\"1 minute\" \/>\n<script type=\"application\/ld+json\" class=\"yoast-schema-graph\">{\"@context\":\"https:\/\/schema.org\",\"@graph\":[{\"@type\":\"WebPage\",\"@id\":\"https:\/\/tolio.co.nz\/san-pham\/ca-phe-sua-g7-3-in-1-hop-336g\/\",\"url\":\"https:\/\/tolio.co.nz\/san-pham\/ca-phe-sua-g7-3-in-1-hop-336g\/\",\"name\":\"C\u00e0 ph\u00ea s\u1eefa G7 3 in 1 h\u1ed9p 336g (21 g\u00f3i) - TOLIO\",\"isPartOf\":{\"@id\":\"https:\/\/tolio.co.nz\/#website\"},\"primaryImageOfPage\":{\"@id\":\"https:\/\/tolio.co.nz\/san-pham\/ca-phe-sua-g7-3-in-1-hop-336g\/#primaryimage\"},\"image\":{\"@id\":\"https:\/\/tolio.co.nz\/san-pham\/ca-phe-sua-g7-3-in-1-hop-336g\/#primaryimage\"},\"thumbnailUrl\":\"https:\/\/tolio.co.nz\/wp-content\/uploads\/2022\/04\/446.png\",\"datePublished\":\"2022-04-16T12:42:32+00:00\",\"dateModified\":\"2026-05-03T13:07:27+00:00\",\"description\":\"Th\u01b0\u01a1ng hi\u1ec7u: Trung Nguy\u00ean Xu\u1ea5t x\u1ee9 th\u01b0\u01a1ng hi\u1ec7u: Vi\u1ec7t Nam Quy c\u00e1ch \u0111\u00f3ng g\u00f3i: 21g\u00f3i\/ H\u1ed9p L\u01b0u \u00fd: Bao b\u00ec s\u1ea3n ph\u1ea9m c\u00f3 th\u1ec3 thay \u0111\u1ed5i theo t\u1eebng \u0111\u1ee3t nh\u1eadp h\u00e0ng\",\"breadcrumb\":{\"@id\":\"https:\/\/tolio.co.nz\/san-pham\/ca-phe-sua-g7-3-in-1-hop-336g\/#breadcrumb\"},\"inLanguage\":\"en-US\",\"potentialAction\":[{\"@type\":\"ReadAction\",\"target\":[\"https:\/\/tolio.co.nz\/san-pham\/ca-phe-sua-g7-3-in-1-hop-336g\/\"]}]},{\"@type\":\"ImageObject\",\"inLanguage\":\"en-US\",\"@id\":\"https:\/\/tolio.co.nz\/san-pham\/ca-phe-sua-g7-3-in-1-hop-336g\/#primaryimage\",\"url\":\"https:\/\/tolio.co.nz\/wp-content\/uploads\/2022\/04\/446.png\",\"contentUrl\":\"https:\/\/tolio.co.nz\/wp-content\/uploads\/2022\/04\/446.png\",\"width\":1000,\"height\":907},{\"@type\":\"BreadcrumbList\",\"@id\":\"https:\/\/tolio.co.nz\/san-pham\/ca-phe-sua-g7-3-in-1-hop-336g\/#breadcrumb\",\"itemListElement\":[{\"@type\":\"ListItem\",\"position\":1,\"name\":\"Home\",\"item\":\"https:\/\/tolio.co.nz\/\"},{\"@type\":\"ListItem\",\"position\":2,\"name\":\"C\u1eeda h\u00e0ng\",\"item\":\"https:\/\/tolio.co.nz\/cua-hang\/\"},{\"@type\":\"ListItem\",\"position\":3,\"name\":\"C\u00e0 ph\u00ea s\u1eefa G7 3 in 1 h\u1ed9p 336g (21 g\u00f3i)\"}]},{\"@type\":\"WebSite\",\"@id\":\"https:\/\/tolio.co.nz\/#website\",\"url\":\"https:\/\/tolio.co.nz\/\",\"name\":\"TOLIO\",\"description\":\"Vietnamese Grocery Online\",\"potentialAction\":[{\"@type\":\"SearchAction\",\"target\":{\"@type\":\"EntryPoint\",\"urlTemplate\":\"https:\/\/tolio.co.nz\/?s={search_term_string}\"},\"query-input\":{\"@type\":\"PropertyValueSpecification\",\"valueRequired\":true,\"valueName\":\"search_term_string\"}}],\"inLanguage\":\"en-US\"}]}<\/script>\n<!-- \/ Yoast SEO plugin. -->","yoast_head_json":{"title":"C\u00e0 ph\u00ea s\u1eefa G7 3 in 1 h\u1ed9p 336g (21 g\u00f3i) - TOLIO","description":"Th\u01b0\u01a1ng hi\u1ec7u: Trung Nguy\u00ean  Xu\u1ea5t x\u1ee9 th\u01b0\u01a1ng hi\u1ec7u: Vi\u1ec7t Nam  Quy c\u00e1ch \u0111\u00f3ng g\u00f3i: 21g\u00f3i\/ H\u1ed9p  L\u01b0u \u00fd: Bao b\u00ec s\u1ea3n ph\u1ea9m c\u00f3 th\u1ec3 thay \u0111\u1ed5i theo t\u1eebng \u0111\u1ee3t nh\u1eadp h\u00e0ng","robots":{"index":"index","follow":"follow","max-snippet":"max-snippet:-1","max-image-preview":"max-image-preview:large","max-video-preview":"max-video-preview:-1"},"canonical":"https:\/\/tolio.co.nz\/en\/product\/coffee-milk-g7-3-in-1-hop-336g\/","og_locale":"en_US","og_type":"article","og_title":"C\u00e0 ph\u00ea s\u1eefa G7 3 in 1 h\u1ed9p 336g (21 g\u00f3i) - TOLIO","og_description":"Th\u01b0\u01a1ng hi\u1ec7u: Trung Nguy\u00ean  Xu\u1ea5t x\u1ee9 th\u01b0\u01a1ng hi\u1ec7u: Vi\u1ec7t Nam  Quy c\u00e1ch \u0111\u00f3ng g\u00f3i: 21g\u00f3i\/ H\u1ed9p  L\u01b0u \u00fd: Bao b\u00ec s\u1ea3n ph\u1ea9m c\u00f3 th\u1ec3 thay \u0111\u1ed5i theo t\u1eebng \u0111\u1ee3t nh\u1eadp h\u00e0ng","og_url":"https:\/\/tolio.co.nz\/en\/product\/coffee-milk-g7-3-in-1-hop-336g\/","og_site_name":"TOLIO","article_modified_time":"2026-05-03T13:07:27+00:00","og_image":[{"width":1000,"height":907,"url":"https:\/\/tolio.co.nz\/wp-content\/uploads\/2022\/04\/446.png","type":"image\/png"}],"twitter_card":"summary_large_image","twitter_misc":{"Est. reading time":"1 minute"},"schema":{"@context":"https:\/\/schema.org","@graph":[{"@type":"WebPage","@id":"https:\/\/tolio.co.nz\/san-pham\/ca-phe-sua-g7-3-in-1-hop-336g\/","url":"https:\/\/tolio.co.nz\/san-pham\/ca-phe-sua-g7-3-in-1-hop-336g\/","name":"C\u00e0 ph\u00ea s\u1eefa G7 3 in 1 h\u1ed9p 336g (21 g\u00f3i) - TOLIO","isPartOf":{"@id":"https:\/\/tolio.co.nz\/#website"},"primaryImageOfPage":{"@id":"https:\/\/tolio.co.nz\/san-pham\/ca-phe-sua-g7-3-in-1-hop-336g\/#primaryimage"},"image":{"@id":"https:\/\/tolio.co.nz\/san-pham\/ca-phe-sua-g7-3-in-1-hop-336g\/#primaryimage"},"thumbnailUrl":"https:\/\/tolio.co.nz\/wp-content\/uploads\/2022\/04\/446.png","datePublished":"2022-04-16T12:42:32+00:00","dateModified":"2026-05-03T13:07:27+00:00","description":"Th\u01b0\u01a1ng hi\u1ec7u: Trung Nguy\u00ean Xu\u1ea5t x\u1ee9 th\u01b0\u01a1ng hi\u1ec7u: Vi\u1ec7t Nam Quy c\u00e1ch \u0111\u00f3ng g\u00f3i: 21g\u00f3i\/ H\u1ed9p L\u01b0u \u00fd: Bao b\u00ec s\u1ea3n ph\u1ea9m c\u00f3 th\u1ec3 thay \u0111\u1ed5i theo t\u1eebng \u0111\u1ee3t nh\u1eadp h\u00e0ng","breadcrumb":{"@id":"https:\/\/tolio.co.nz\/san-pham\/ca-phe-sua-g7-3-in-1-hop-336g\/#breadcrumb"},"inLanguage":"en-US","potentialAction":[{"@type":"ReadAction","target":["https:\/\/tolio.co.nz\/san-pham\/ca-phe-sua-g7-3-in-1-hop-336g\/"]}]},{"@type":"ImageObject","inLanguage":"en-US","@id":"https:\/\/tolio.co.nz\/san-pham\/ca-phe-sua-g7-3-in-1-hop-336g\/#primaryimage","url":"https:\/\/tolio.co.nz\/wp-content\/uploads\/2022\/04\/446.png","contentUrl":"https:\/\/tolio.co.nz\/wp-content\/uploads\/2022\/04\/446.png","width":1000,"height":907},{"@type":"BreadcrumbList","@id":"https:\/\/tolio.co.nz\/san-pham\/ca-phe-sua-g7-3-in-1-hop-336g\/#breadcrumb","itemListElement":[{"@type":"ListItem","position":1,"name":"Home","item":"https:\/\/tolio.co.nz\/"},{"@type":"ListItem","position":2,"name":"C\u1eeda h\u00e0ng","item":"https:\/\/tolio.co.nz\/cua-hang\/"},{"@type":"ListItem","position":3,"name":"C\u00e0 ph\u00ea s\u1eefa G7 3 in 1 h\u1ed9p 336g (21 g\u00f3i)"}]},{"@type":"WebSite","@id":"https:\/\/tolio.co.nz\/#website","url":"https:\/\/tolio.co.nz\/","name":"TOLIO","description":"Vietnamese Grocery Online","potentialAction":[{"@type":"SearchAction","target":{"@type":"EntryPoint","urlTemplate":"https:\/\/tolio.co.nz\/?s={search_term_string}"},"query-input":{"@type":"PropertyValueSpecification","valueRequired":true,"valueName":"search_term_string"}}],"inLanguage":"en-US"}]}},"_links":{"self":[{"href":"https:\/\/tolio.co.nz\/en\/wp-json\/wp\/v2\/product\/3499","targetHints":{"allow":["GET"]}}],"collection":[{"href":"https:\/\/tolio.co.nz\/en\/wp-json\/wp\/v2\/product"}],"about":[{"href":"https:\/\/tolio.co.nz\/en\/wp-json\/wp\/v2\/types\/product"}],"replies":[{"embeddable":true,"href":"https:\/\/tolio.co.nz\/en\/wp-json\/wp\/v2\/comments?post=3499"}],"wp:featuredmedia":[{"embeddable":true,"href":"https:\/\/tolio.co.nz\/en\/wp-json\/wp\/v2\/media\/20882"}],"wp:attachment":[{"href":"https:\/\/tolio.co.nz\/en\/wp-json\/wp\/v2\/media?parent=3499"}],"wp:term":[{"taxonomy":"product_brand","embeddable":true,"href":"https:\/\/tolio.co.nz\/en\/wp-json\/wp\/v2\/product_brand?post=3499"},{"taxonomy":"product_cat","embeddable":true,"href":"https:\/\/tolio.co.nz\/en\/wp-json\/wp\/v2\/product_cat?post=3499"},{"taxonomy":"product_tag","embeddable":true,"href":"https:\/\/tolio.co.nz\/en\/wp-json\/wp\/v2\/product_tag?post=3499"}],"curies":[{"name":"wp","href":"https:\/\/api.w.org\/{rel}","templated":true}]}}