{"id":3507,"date":"2022-04-17T01:27:00","date_gmt":"2022-04-16T12:42:00","guid":{"rendered":"https:\/\/tolio2.sitebycat.com\/?post_type=product&#038;p=3507"},"modified":"2026-05-05T14:19:33","modified_gmt":"2026-05-05T02:19:33","slug":"thung-24-lon-redbull-viet-lon-250ml","status":"publish","type":"product","link":"https:\/\/tolio.co.nz\/en\/product\/24-cans-of-redbull-viet-can-250ml\/","title":{"rendered":"Box of Cans of Red Bull Vietnam 24 x 250ml"},"content":{"rendered":"<p><strong> Box of Cans of Red Bull Vietnam 24 x 250ml<\/strong> With natural ingredients, delicious taste, refreshing. The product helps the body to replenish water, replenish energy, vitamins and minerals, help dispel thirst and feelings of fatigue. The product does not contain chemical sugar, does not contain harmful chemicals, ensuring safety for users.<\/p>\n<p><strong>How to Use:<\/strong><\/p>\n<ul>\n<li>Shake gently before drinking, use immediately after opening. More delicious cold drink.<\/li>\n<\/ul>\n<p><strong>Preserve:<\/strong><\/p>\n<ul>\n<li>Store in a cool, dry place, away from direct sunlight or high temperature.<\/li>\n<\/ul>","protected":false},"excerpt":{"rendered":"<ul>\n<li>Brand: Redbull<\/li>\n<li>Brand Origin: Thailand<\/li>\n<li>Made in Vietnam<\/li>\n<li>Packing: 24 cans\/carton<\/li>\n<li>Note: Product packaging may change from batch to batch<\/li>\n<\/ul>","protected":false},"featured_media":20916,"comment_status":"open","ping_status":"closed","template":"","meta":[],"product_brand":[],"product_cat":[30,31,34,40],"product_tag":[81],"class_list":{"0":"post-3507","1":"product","2":"type-product","3":"status-publish","4":"has-post-thumbnail","6":"product_cat-ban-chay-nhat","7":"product_cat-hang-moi-ve","8":"product_cat-thuc-uong","9":"product_cat-thuc-uong-khong-con","10":"product_tag-nuoc-tang-luc","11":"pa_thuong-hieu-redbull","13":"first","14":"instock","15":"sale","16":"shipping-taxable","17":"purchasable","18":"product-type-simple"},"yoast_head":"<!-- This site is optimized with the Yoast SEO plugin v24.4 - https:\/\/yoast.com\/wordpress\/plugins\/seo\/ -->\n<title>Th\u00f9ng 24 lon Redbull Vi\u1ec7t lon 250ml - TOLIO<\/title>\n<meta name=\"description\" content=\"Th\u01b0\u01a1ng hi\u1ec7u: Redbull  Xu\u1ea5t x\u1ee9 th\u01b0\u01a1ng hi\u1ec7u: Th\u00e1i Lan  S\u1ea3n xu\u1ea5t t\u1ea1i : Vi\u1ec7t Nam  Quy c\u00e1ch \u0111\u00f3ng g\u00f3i: 24 lon\/ Th\u00f9ng  L\u01b0u \u00fd: Bao b\u00ec s\u1ea3n ph\u1ea9m c\u00f3 th\u1ec3 thay \u0111\u1ed5i theo t\u1eebng \u0111\u1ee3t nh\u1eadp h\u00e0ng\" \/>\n<meta name=\"robots\" content=\"index, follow, max-snippet:-1, max-image-preview:large, max-video-preview:-1\" \/>\n<link rel=\"canonical\" href=\"https:\/\/tolio.co.nz\/en\/product\/24-cans-of-redbull-viet-can-250ml\/\" \/>\n<meta property=\"og:locale\" content=\"en_US\" \/>\n<meta property=\"og:type\" content=\"article\" \/>\n<meta property=\"og:title\" content=\"Th\u00f9ng 24 lon Redbull Vi\u1ec7t lon 250ml - TOLIO\" \/>\n<meta property=\"og:description\" content=\"Th\u01b0\u01a1ng hi\u1ec7u: Redbull  Xu\u1ea5t x\u1ee9 th\u01b0\u01a1ng hi\u1ec7u: Th\u00e1i Lan  S\u1ea3n xu\u1ea5t t\u1ea1i : Vi\u1ec7t Nam  Quy c\u00e1ch \u0111\u00f3ng g\u00f3i: 24 lon\/ Th\u00f9ng  L\u01b0u \u00fd: Bao b\u00ec s\u1ea3n ph\u1ea9m c\u00f3 th\u1ec3 thay \u0111\u1ed5i theo t\u1eebng \u0111\u1ee3t nh\u1eadp h\u00e0ng\" \/>\n<meta property=\"og:url\" content=\"https:\/\/tolio.co.nz\/en\/product\/24-cans-of-redbull-viet-can-250ml\/\" \/>\n<meta property=\"og:site_name\" content=\"TOLIO\" \/>\n<meta property=\"article:modified_time\" content=\"2026-05-05T02:19:33+00:00\" \/>\n<meta property=\"og:image\" content=\"https:\/\/tolio.co.nz\/wp-content\/uploads\/2022\/04\/419.png\" \/>\n\t<meta property=\"og:image:width\" content=\"1000\" \/>\n\t<meta property=\"og:image:height\" content=\"907\" \/>\n\t<meta property=\"og:image:type\" content=\"image\/png\" \/>\n<meta name=\"twitter:card\" content=\"summary_large_image\" \/>\n<meta name=\"twitter:label1\" content=\"Est. reading time\" \/>\n\t<meta name=\"twitter:data1\" content=\"1 minute\" \/>\n<script type=\"application\/ld+json\" class=\"yoast-schema-graph\">{\"@context\":\"https:\/\/schema.org\",\"@graph\":[{\"@type\":\"WebPage\",\"@id\":\"https:\/\/tolio.co.nz\/san-pham\/thung-24-lon-redbull-viet-lon-250ml\/\",\"url\":\"https:\/\/tolio.co.nz\/san-pham\/thung-24-lon-redbull-viet-lon-250ml\/\",\"name\":\"Th\u00f9ng 24 lon Redbull Vi\u1ec7t lon 250ml - TOLIO\",\"isPartOf\":{\"@id\":\"https:\/\/tolio.co.nz\/#website\"},\"primaryImageOfPage\":{\"@id\":\"https:\/\/tolio.co.nz\/san-pham\/thung-24-lon-redbull-viet-lon-250ml\/#primaryimage\"},\"image\":{\"@id\":\"https:\/\/tolio.co.nz\/san-pham\/thung-24-lon-redbull-viet-lon-250ml\/#primaryimage\"},\"thumbnailUrl\":\"https:\/\/tolio.co.nz\/wp-content\/uploads\/2022\/04\/419.png\",\"datePublished\":\"2022-04-16T12:42:00+00:00\",\"dateModified\":\"2026-05-05T02:19:33+00:00\",\"description\":\"Th\u01b0\u01a1ng hi\u1ec7u: Redbull Xu\u1ea5t x\u1ee9 th\u01b0\u01a1ng hi\u1ec7u: Th\u00e1i Lan S\u1ea3n xu\u1ea5t t\u1ea1i : Vi\u1ec7t Nam Quy c\u00e1ch \u0111\u00f3ng g\u00f3i: 24 lon\/ Th\u00f9ng L\u01b0u \u00fd: Bao b\u00ec s\u1ea3n ph\u1ea9m c\u00f3 th\u1ec3 thay \u0111\u1ed5i theo t\u1eebng \u0111\u1ee3t nh\u1eadp h\u00e0ng\",\"breadcrumb\":{\"@id\":\"https:\/\/tolio.co.nz\/san-pham\/thung-24-lon-redbull-viet-lon-250ml\/#breadcrumb\"},\"inLanguage\":\"en-US\",\"potentialAction\":[{\"@type\":\"ReadAction\",\"target\":[\"https:\/\/tolio.co.nz\/san-pham\/thung-24-lon-redbull-viet-lon-250ml\/\"]}]},{\"@type\":\"ImageObject\",\"inLanguage\":\"en-US\",\"@id\":\"https:\/\/tolio.co.nz\/san-pham\/thung-24-lon-redbull-viet-lon-250ml\/#primaryimage\",\"url\":\"https:\/\/tolio.co.nz\/wp-content\/uploads\/2022\/04\/419.png\",\"contentUrl\":\"https:\/\/tolio.co.nz\/wp-content\/uploads\/2022\/04\/419.png\",\"width\":1000,\"height\":907},{\"@type\":\"BreadcrumbList\",\"@id\":\"https:\/\/tolio.co.nz\/san-pham\/thung-24-lon-redbull-viet-lon-250ml\/#breadcrumb\",\"itemListElement\":[{\"@type\":\"ListItem\",\"position\":1,\"name\":\"Home\",\"item\":\"https:\/\/tolio.co.nz\/\"},{\"@type\":\"ListItem\",\"position\":2,\"name\":\"C\u1eeda h\u00e0ng\",\"item\":\"https:\/\/tolio.co.nz\/cua-hang\/\"},{\"@type\":\"ListItem\",\"position\":3,\"name\":\"Th\u00f9ng 24 lon Redbull Vi\u1ec7t lon 250ml\"}]},{\"@type\":\"WebSite\",\"@id\":\"https:\/\/tolio.co.nz\/#website\",\"url\":\"https:\/\/tolio.co.nz\/\",\"name\":\"TOLIO\",\"description\":\"Vietnamese Grocery Online\",\"potentialAction\":[{\"@type\":\"SearchAction\",\"target\":{\"@type\":\"EntryPoint\",\"urlTemplate\":\"https:\/\/tolio.co.nz\/?s={search_term_string}\"},\"query-input\":{\"@type\":\"PropertyValueSpecification\",\"valueRequired\":true,\"valueName\":\"search_term_string\"}}],\"inLanguage\":\"en-US\"}]}<\/script>\n<!-- \/ Yoast SEO plugin. -->","yoast_head_json":{"title":"Th\u00f9ng 24 lon Redbull Vi\u1ec7t lon 250ml - TOLIO","description":"Th\u01b0\u01a1ng hi\u1ec7u: Redbull  Xu\u1ea5t x\u1ee9 th\u01b0\u01a1ng hi\u1ec7u: Th\u00e1i Lan  S\u1ea3n xu\u1ea5t t\u1ea1i : Vi\u1ec7t Nam  Quy c\u00e1ch \u0111\u00f3ng g\u00f3i: 24 lon\/ Th\u00f9ng  L\u01b0u \u00fd: Bao b\u00ec s\u1ea3n ph\u1ea9m c\u00f3 th\u1ec3 thay \u0111\u1ed5i theo t\u1eebng \u0111\u1ee3t nh\u1eadp h\u00e0ng","robots":{"index":"index","follow":"follow","max-snippet":"max-snippet:-1","max-image-preview":"max-image-preview:large","max-video-preview":"max-video-preview:-1"},"canonical":"https:\/\/tolio.co.nz\/en\/product\/24-cans-of-redbull-viet-can-250ml\/","og_locale":"en_US","og_type":"article","og_title":"Th\u00f9ng 24 lon Redbull Vi\u1ec7t lon 250ml - TOLIO","og_description":"Th\u01b0\u01a1ng hi\u1ec7u: Redbull  Xu\u1ea5t x\u1ee9 th\u01b0\u01a1ng hi\u1ec7u: Th\u00e1i Lan  S\u1ea3n xu\u1ea5t t\u1ea1i : Vi\u1ec7t Nam  Quy c\u00e1ch \u0111\u00f3ng g\u00f3i: 24 lon\/ Th\u00f9ng  L\u01b0u \u00fd: Bao b\u00ec s\u1ea3n ph\u1ea9m c\u00f3 th\u1ec3 thay \u0111\u1ed5i theo t\u1eebng \u0111\u1ee3t nh\u1eadp h\u00e0ng","og_url":"https:\/\/tolio.co.nz\/en\/product\/24-cans-of-redbull-viet-can-250ml\/","og_site_name":"TOLIO","article_modified_time":"2026-05-05T02:19:33+00:00","og_image":[{"width":1000,"height":907,"url":"https:\/\/tolio.co.nz\/wp-content\/uploads\/2022\/04\/419.png","type":"image\/png"}],"twitter_card":"summary_large_image","twitter_misc":{"Est. reading time":"1 minute"},"schema":{"@context":"https:\/\/schema.org","@graph":[{"@type":"WebPage","@id":"https:\/\/tolio.co.nz\/san-pham\/thung-24-lon-redbull-viet-lon-250ml\/","url":"https:\/\/tolio.co.nz\/san-pham\/thung-24-lon-redbull-viet-lon-250ml\/","name":"Th\u00f9ng 24 lon Redbull Vi\u1ec7t lon 250ml - TOLIO","isPartOf":{"@id":"https:\/\/tolio.co.nz\/#website"},"primaryImageOfPage":{"@id":"https:\/\/tolio.co.nz\/san-pham\/thung-24-lon-redbull-viet-lon-250ml\/#primaryimage"},"image":{"@id":"https:\/\/tolio.co.nz\/san-pham\/thung-24-lon-redbull-viet-lon-250ml\/#primaryimage"},"thumbnailUrl":"https:\/\/tolio.co.nz\/wp-content\/uploads\/2022\/04\/419.png","datePublished":"2022-04-16T12:42:00+00:00","dateModified":"2026-05-05T02:19:33+00:00","description":"Th\u01b0\u01a1ng hi\u1ec7u: Redbull Xu\u1ea5t x\u1ee9 th\u01b0\u01a1ng hi\u1ec7u: Th\u00e1i Lan S\u1ea3n xu\u1ea5t t\u1ea1i : Vi\u1ec7t Nam Quy c\u00e1ch \u0111\u00f3ng g\u00f3i: 24 lon\/ Th\u00f9ng L\u01b0u \u00fd: Bao b\u00ec s\u1ea3n ph\u1ea9m c\u00f3 th\u1ec3 thay \u0111\u1ed5i theo t\u1eebng \u0111\u1ee3t nh\u1eadp h\u00e0ng","breadcrumb":{"@id":"https:\/\/tolio.co.nz\/san-pham\/thung-24-lon-redbull-viet-lon-250ml\/#breadcrumb"},"inLanguage":"en-US","potentialAction":[{"@type":"ReadAction","target":["https:\/\/tolio.co.nz\/san-pham\/thung-24-lon-redbull-viet-lon-250ml\/"]}]},{"@type":"ImageObject","inLanguage":"en-US","@id":"https:\/\/tolio.co.nz\/san-pham\/thung-24-lon-redbull-viet-lon-250ml\/#primaryimage","url":"https:\/\/tolio.co.nz\/wp-content\/uploads\/2022\/04\/419.png","contentUrl":"https:\/\/tolio.co.nz\/wp-content\/uploads\/2022\/04\/419.png","width":1000,"height":907},{"@type":"BreadcrumbList","@id":"https:\/\/tolio.co.nz\/san-pham\/thung-24-lon-redbull-viet-lon-250ml\/#breadcrumb","itemListElement":[{"@type":"ListItem","position":1,"name":"Home","item":"https:\/\/tolio.co.nz\/"},{"@type":"ListItem","position":2,"name":"C\u1eeda h\u00e0ng","item":"https:\/\/tolio.co.nz\/cua-hang\/"},{"@type":"ListItem","position":3,"name":"Th\u00f9ng 24 lon Redbull Vi\u1ec7t lon 250ml"}]},{"@type":"WebSite","@id":"https:\/\/tolio.co.nz\/#website","url":"https:\/\/tolio.co.nz\/","name":"TOLIO","description":"Vietnamese Grocery Online","potentialAction":[{"@type":"SearchAction","target":{"@type":"EntryPoint","urlTemplate":"https:\/\/tolio.co.nz\/?s={search_term_string}"},"query-input":{"@type":"PropertyValueSpecification","valueRequired":true,"valueName":"search_term_string"}}],"inLanguage":"en-US"}]}},"_links":{"self":[{"href":"https:\/\/tolio.co.nz\/en\/wp-json\/wp\/v2\/product\/3507","targetHints":{"allow":["GET"]}}],"collection":[{"href":"https:\/\/tolio.co.nz\/en\/wp-json\/wp\/v2\/product"}],"about":[{"href":"https:\/\/tolio.co.nz\/en\/wp-json\/wp\/v2\/types\/product"}],"replies":[{"embeddable":true,"href":"https:\/\/tolio.co.nz\/en\/wp-json\/wp\/v2\/comments?post=3507"}],"wp:featuredmedia":[{"embeddable":true,"href":"https:\/\/tolio.co.nz\/en\/wp-json\/wp\/v2\/media\/20916"}],"wp:attachment":[{"href":"https:\/\/tolio.co.nz\/en\/wp-json\/wp\/v2\/media?parent=3507"}],"wp:term":[{"taxonomy":"product_brand","embeddable":true,"href":"https:\/\/tolio.co.nz\/en\/wp-json\/wp\/v2\/product_brand?post=3507"},{"taxonomy":"product_cat","embeddable":true,"href":"https:\/\/tolio.co.nz\/en\/wp-json\/wp\/v2\/product_cat?post=3507"},{"taxonomy":"product_tag","embeddable":true,"href":"https:\/\/tolio.co.nz\/en\/wp-json\/wp\/v2\/product_tag?post=3507"}],"curies":[{"name":"wp","href":"https:\/\/api.w.org\/{rel}","templated":true}]}}