{"id":3575,"date":"2022-04-09T14:36:00","date_gmt":"2022-04-09T01:51:00","guid":{"rendered":"https:\/\/tolio2.sitebycat.com\/?post_type=product&#038;p=3575"},"modified":"2026-04-03T17:45:17","modified_gmt":"2026-04-03T05:45:17","slug":"banh-hoi-tuoi-trang-ba-cay-tre-goi-340g-set5","status":"publish","type":"product","link":"https:\/\/tolio.co.nz\/en\/product\/banh-hoi-thoi-trang-ba-spicy-bamboo-package-340g-set5\/","title":{"rendered":"Set of 5 packs of three fresh white rice cakes 340g"},"content":{"rendered":"<p><strong>Ba Cay Bamboo fresh white rice cake pack 340g<\/strong>\u00a0is a specialty dish that abounds in Vung Tau, Ben Tre, Phu Yen, Nha Trang, and Binh Dinh in Vietnam. Bamboo rice cake is made from rice flour and has an elaborate and meticulous processing process, without the use of preservatives.<\/p>\n<ul>\n<li>Bamboo rice cake is made from rice flour and has an elaborate and meticulous processing process, without the use of preservatives.<\/li>\n<li>The characteristic of Ba Cay Bamboo cake is that it is finely woven, woven into thick but smooth pieces, the piece of cake is not loose or lumpy.<\/li>\n<li>The piece of white rice cake smells like new rice. When eating is very chewy, not friable, chewing well, you can feel the sweetness of rice flour.<\/li>\n<\/ul>\n<p><strong>How to Use:<\/strong><\/p>\n<ul>\n<li>Place the cakes in each stack in the basket, about 10 pieces per stack. Place the cake basket in the bowl. Fill the other bowl with cold water (about \u00be cup).<\/li>\n<li>Bring water to a boil in a kettle (100\u00b0C or 212\u00b0F).<\/li>\n<li>Pour boiling water into the cake basket placed in the bowl (make it evenly on the surface of the cake stacks) until the boiling water is evenly covered on the surface, the soaking time is 1 minute 15 seconds from the time you start making the boiling water ( Don&#039;t leave it for more than 1 minute and 15 seconds, Banh Hoi will fall apart).<\/li>\n<li>Take out the cake and immediately dip the cake basket into the cold water for 1 second. Take out the water to drain, remove each piece of cake and put it on a plate to be used (It is recommended to use gloves when removing the cake to avoid heat).<\/li>\n<li>Pancakes are ready to use with vegetables, grilled meat or seafood with your choice of dipping sauces.<\/li>\n<\/ul>\n<p><strong>Preserve:<\/strong><\/p>\n<ul>\n<li>Preserved in dry, cool place.<\/li>\n<li>Avoid direct sunlight.<\/li>\n<\/ul>","protected":false},"excerpt":{"rendered":"<ul>\n<li>Brand: Three bamboos<\/li>\n<li>Brand Country: Viet nam<\/li>\n<li>Packing: 340g . bag<\/li>\n<li>Note: Product packaging may change from batch to batch<\/li>\n<\/ul>","protected":false},"featured_media":20606,"comment_status":"open","ping_status":"closed","template":"","meta":[],"product_brand":[],"product_cat":[32],"product_tag":[130,134,135],"class_list":{"0":"post-3575","1":"product","2":"type-product","3":"status-publish","4":"has-post-thumbnail","6":"product_cat-bun-pho-banh-trang","7":"product_tag-ba-cay-tre","8":"product_tag-banh-hoi","9":"product_tag-banh-hoi-tuoi","10":"pa_thuong-hieu-ba-cay-tre","12":"first","13":"instock","14":"sale","15":"shipping-taxable","16":"purchasable","17":"product-type-simple"},"yoast_head":"<!-- This site is optimized with the Yoast SEO plugin v24.4 - https:\/\/yoast.com\/wordpress\/plugins\/seo\/ -->\n<title>Set 5 g\u00f3i b\u00e1nh h\u1ecfi t\u01b0\u01a1i tr\u1eafng Ba C\u00e2y Tre 340g - TOLIO<\/title>\n<meta name=\"description\" content=\"Th\u01b0\u01a1ng hi\u1ec7u: Ba c\u00e2y tre  Xu\u1ea5t x\u1ee9 th\u01b0\u01a1ng hi\u1ec7u: Vi\u1ec7t Nam  Quy c\u00e1ch \u0111\u00f3ng g\u00f3i: B\u1ecbch 340g  L\u01b0u \u00fd: Bao b\u00ec s\u1ea3n ph\u1ea9m c\u00f3 th\u1ec3 thay \u0111\u1ed5i theo t\u1eebng \u0111\u1ee3t nh\u1eadp h\u00e0ng\" \/>\n<meta name=\"robots\" content=\"index, follow, max-snippet:-1, max-image-preview:large, max-video-preview:-1\" \/>\n<link rel=\"canonical\" href=\"https:\/\/tolio.co.nz\/en\/product\/banh-hoi-thoi-trang-ba-spicy-bamboo-package-340g-set5\/\" \/>\n<meta property=\"og:locale\" content=\"en_US\" \/>\n<meta property=\"og:type\" content=\"article\" \/>\n<meta property=\"og:title\" content=\"Set 5 g\u00f3i b\u00e1nh h\u1ecfi t\u01b0\u01a1i tr\u1eafng Ba C\u00e2y Tre 340g - TOLIO\" \/>\n<meta property=\"og:description\" content=\"Th\u01b0\u01a1ng hi\u1ec7u: Ba c\u00e2y tre  Xu\u1ea5t x\u1ee9 th\u01b0\u01a1ng hi\u1ec7u: Vi\u1ec7t Nam  Quy c\u00e1ch \u0111\u00f3ng g\u00f3i: B\u1ecbch 340g  L\u01b0u \u00fd: Bao b\u00ec s\u1ea3n ph\u1ea9m c\u00f3 th\u1ec3 thay \u0111\u1ed5i theo t\u1eebng \u0111\u1ee3t nh\u1eadp h\u00e0ng\" \/>\n<meta property=\"og:url\" content=\"https:\/\/tolio.co.nz\/en\/product\/banh-hoi-thoi-trang-ba-spicy-bamboo-package-340g-set5\/\" \/>\n<meta property=\"og:site_name\" content=\"TOLIO\" \/>\n<meta property=\"article:modified_time\" content=\"2026-04-03T05:45:17+00:00\" \/>\n<meta property=\"og:image\" content=\"https:\/\/tolio.co.nz\/wp-content\/uploads\/2022\/04\/160.png\" \/>\n\t<meta property=\"og:image:width\" content=\"1000\" \/>\n\t<meta property=\"og:image:height\" content=\"907\" \/>\n\t<meta property=\"og:image:type\" content=\"image\/png\" \/>\n<meta name=\"twitter:card\" content=\"summary_large_image\" \/>\n<meta name=\"twitter:label1\" content=\"Est. reading time\" \/>\n\t<meta name=\"twitter:data1\" content=\"3 minutes\" \/>\n<script type=\"application\/ld+json\" class=\"yoast-schema-graph\">{\"@context\":\"https:\/\/schema.org\",\"@graph\":[{\"@type\":\"WebPage\",\"@id\":\"https:\/\/tolio.co.nz\/san-pham\/banh-hoi-tuoi-trang-ba-cay-tre-goi-340g-set5\/\",\"url\":\"https:\/\/tolio.co.nz\/san-pham\/banh-hoi-tuoi-trang-ba-cay-tre-goi-340g-set5\/\",\"name\":\"Set 5 g\u00f3i b\u00e1nh h\u1ecfi t\u01b0\u01a1i tr\u1eafng Ba C\u00e2y Tre 340g - TOLIO\",\"isPartOf\":{\"@id\":\"https:\/\/tolio.co.nz\/#website\"},\"primaryImageOfPage\":{\"@id\":\"https:\/\/tolio.co.nz\/san-pham\/banh-hoi-tuoi-trang-ba-cay-tre-goi-340g-set5\/#primaryimage\"},\"image\":{\"@id\":\"https:\/\/tolio.co.nz\/san-pham\/banh-hoi-tuoi-trang-ba-cay-tre-goi-340g-set5\/#primaryimage\"},\"thumbnailUrl\":\"https:\/\/tolio.co.nz\/wp-content\/uploads\/2022\/04\/160.png\",\"datePublished\":\"2022-04-09T01:51:00+00:00\",\"dateModified\":\"2026-04-03T05:45:17+00:00\",\"description\":\"Th\u01b0\u01a1ng hi\u1ec7u: Ba c\u00e2y tre Xu\u1ea5t x\u1ee9 th\u01b0\u01a1ng hi\u1ec7u: Vi\u1ec7t Nam Quy c\u00e1ch \u0111\u00f3ng g\u00f3i: B\u1ecbch 340g L\u01b0u \u00fd: Bao b\u00ec s\u1ea3n ph\u1ea9m c\u00f3 th\u1ec3 thay \u0111\u1ed5i theo t\u1eebng \u0111\u1ee3t nh\u1eadp h\u00e0ng\",\"breadcrumb\":{\"@id\":\"https:\/\/tolio.co.nz\/san-pham\/banh-hoi-tuoi-trang-ba-cay-tre-goi-340g-set5\/#breadcrumb\"},\"inLanguage\":\"en-US\",\"potentialAction\":[{\"@type\":\"ReadAction\",\"target\":[\"https:\/\/tolio.co.nz\/san-pham\/banh-hoi-tuoi-trang-ba-cay-tre-goi-340g-set5\/\"]}]},{\"@type\":\"ImageObject\",\"inLanguage\":\"en-US\",\"@id\":\"https:\/\/tolio.co.nz\/san-pham\/banh-hoi-tuoi-trang-ba-cay-tre-goi-340g-set5\/#primaryimage\",\"url\":\"https:\/\/tolio.co.nz\/wp-content\/uploads\/2022\/04\/160.png\",\"contentUrl\":\"https:\/\/tolio.co.nz\/wp-content\/uploads\/2022\/04\/160.png\",\"width\":1000,\"height\":907},{\"@type\":\"BreadcrumbList\",\"@id\":\"https:\/\/tolio.co.nz\/san-pham\/banh-hoi-tuoi-trang-ba-cay-tre-goi-340g-set5\/#breadcrumb\",\"itemListElement\":[{\"@type\":\"ListItem\",\"position\":1,\"name\":\"Home\",\"item\":\"https:\/\/tolio.co.nz\/\"},{\"@type\":\"ListItem\",\"position\":2,\"name\":\"C\u1eeda h\u00e0ng\",\"item\":\"https:\/\/tolio.co.nz\/cua-hang\/\"},{\"@type\":\"ListItem\",\"position\":3,\"name\":\"Set 5 g\u00f3i b\u00e1nh h\u1ecfi t\u01b0\u01a1i tr\u1eafng Ba C\u00e2y Tre 340g\"}]},{\"@type\":\"WebSite\",\"@id\":\"https:\/\/tolio.co.nz\/#website\",\"url\":\"https:\/\/tolio.co.nz\/\",\"name\":\"TOLIO\",\"description\":\"Vietnamese Grocery Online\",\"potentialAction\":[{\"@type\":\"SearchAction\",\"target\":{\"@type\":\"EntryPoint\",\"urlTemplate\":\"https:\/\/tolio.co.nz\/?s={search_term_string}\"},\"query-input\":{\"@type\":\"PropertyValueSpecification\",\"valueRequired\":true,\"valueName\":\"search_term_string\"}}],\"inLanguage\":\"en-US\"}]}<\/script>\n<!-- \/ Yoast SEO plugin. -->","yoast_head_json":{"title":"Set 5 g\u00f3i b\u00e1nh h\u1ecfi t\u01b0\u01a1i tr\u1eafng Ba C\u00e2y Tre 340g - TOLIO","description":"Th\u01b0\u01a1ng hi\u1ec7u: Ba c\u00e2y tre  Xu\u1ea5t x\u1ee9 th\u01b0\u01a1ng hi\u1ec7u: Vi\u1ec7t Nam  Quy c\u00e1ch \u0111\u00f3ng g\u00f3i: B\u1ecbch 340g  L\u01b0u \u00fd: Bao b\u00ec s\u1ea3n ph\u1ea9m c\u00f3 th\u1ec3 thay \u0111\u1ed5i theo t\u1eebng \u0111\u1ee3t nh\u1eadp h\u00e0ng","robots":{"index":"index","follow":"follow","max-snippet":"max-snippet:-1","max-image-preview":"max-image-preview:large","max-video-preview":"max-video-preview:-1"},"canonical":"https:\/\/tolio.co.nz\/en\/product\/banh-hoi-thoi-trang-ba-spicy-bamboo-package-340g-set5\/","og_locale":"en_US","og_type":"article","og_title":"Set 5 g\u00f3i b\u00e1nh h\u1ecfi t\u01b0\u01a1i tr\u1eafng Ba C\u00e2y Tre 340g - TOLIO","og_description":"Th\u01b0\u01a1ng hi\u1ec7u: Ba c\u00e2y tre  Xu\u1ea5t x\u1ee9 th\u01b0\u01a1ng hi\u1ec7u: Vi\u1ec7t Nam  Quy c\u00e1ch \u0111\u00f3ng g\u00f3i: B\u1ecbch 340g  L\u01b0u \u00fd: Bao b\u00ec s\u1ea3n ph\u1ea9m c\u00f3 th\u1ec3 thay \u0111\u1ed5i theo t\u1eebng \u0111\u1ee3t nh\u1eadp h\u00e0ng","og_url":"https:\/\/tolio.co.nz\/en\/product\/banh-hoi-thoi-trang-ba-spicy-bamboo-package-340g-set5\/","og_site_name":"TOLIO","article_modified_time":"2026-04-03T05:45:17+00:00","og_image":[{"width":1000,"height":907,"url":"https:\/\/tolio.co.nz\/wp-content\/uploads\/2022\/04\/160.png","type":"image\/png"}],"twitter_card":"summary_large_image","twitter_misc":{"Est. reading time":"3 minutes"},"schema":{"@context":"https:\/\/schema.org","@graph":[{"@type":"WebPage","@id":"https:\/\/tolio.co.nz\/san-pham\/banh-hoi-tuoi-trang-ba-cay-tre-goi-340g-set5\/","url":"https:\/\/tolio.co.nz\/san-pham\/banh-hoi-tuoi-trang-ba-cay-tre-goi-340g-set5\/","name":"Set 5 g\u00f3i b\u00e1nh h\u1ecfi t\u01b0\u01a1i tr\u1eafng Ba C\u00e2y Tre 340g - TOLIO","isPartOf":{"@id":"https:\/\/tolio.co.nz\/#website"},"primaryImageOfPage":{"@id":"https:\/\/tolio.co.nz\/san-pham\/banh-hoi-tuoi-trang-ba-cay-tre-goi-340g-set5\/#primaryimage"},"image":{"@id":"https:\/\/tolio.co.nz\/san-pham\/banh-hoi-tuoi-trang-ba-cay-tre-goi-340g-set5\/#primaryimage"},"thumbnailUrl":"https:\/\/tolio.co.nz\/wp-content\/uploads\/2022\/04\/160.png","datePublished":"2022-04-09T01:51:00+00:00","dateModified":"2026-04-03T05:45:17+00:00","description":"Th\u01b0\u01a1ng hi\u1ec7u: Ba c\u00e2y tre Xu\u1ea5t x\u1ee9 th\u01b0\u01a1ng hi\u1ec7u: Vi\u1ec7t Nam Quy c\u00e1ch \u0111\u00f3ng g\u00f3i: B\u1ecbch 340g L\u01b0u \u00fd: Bao b\u00ec s\u1ea3n ph\u1ea9m c\u00f3 th\u1ec3 thay \u0111\u1ed5i theo t\u1eebng \u0111\u1ee3t nh\u1eadp h\u00e0ng","breadcrumb":{"@id":"https:\/\/tolio.co.nz\/san-pham\/banh-hoi-tuoi-trang-ba-cay-tre-goi-340g-set5\/#breadcrumb"},"inLanguage":"en-US","potentialAction":[{"@type":"ReadAction","target":["https:\/\/tolio.co.nz\/san-pham\/banh-hoi-tuoi-trang-ba-cay-tre-goi-340g-set5\/"]}]},{"@type":"ImageObject","inLanguage":"en-US","@id":"https:\/\/tolio.co.nz\/san-pham\/banh-hoi-tuoi-trang-ba-cay-tre-goi-340g-set5\/#primaryimage","url":"https:\/\/tolio.co.nz\/wp-content\/uploads\/2022\/04\/160.png","contentUrl":"https:\/\/tolio.co.nz\/wp-content\/uploads\/2022\/04\/160.png","width":1000,"height":907},{"@type":"BreadcrumbList","@id":"https:\/\/tolio.co.nz\/san-pham\/banh-hoi-tuoi-trang-ba-cay-tre-goi-340g-set5\/#breadcrumb","itemListElement":[{"@type":"ListItem","position":1,"name":"Home","item":"https:\/\/tolio.co.nz\/"},{"@type":"ListItem","position":2,"name":"C\u1eeda h\u00e0ng","item":"https:\/\/tolio.co.nz\/cua-hang\/"},{"@type":"ListItem","position":3,"name":"Set 5 g\u00f3i b\u00e1nh h\u1ecfi t\u01b0\u01a1i tr\u1eafng Ba C\u00e2y Tre 340g"}]},{"@type":"WebSite","@id":"https:\/\/tolio.co.nz\/#website","url":"https:\/\/tolio.co.nz\/","name":"TOLIO","description":"Vietnamese Grocery Online","potentialAction":[{"@type":"SearchAction","target":{"@type":"EntryPoint","urlTemplate":"https:\/\/tolio.co.nz\/?s={search_term_string}"},"query-input":{"@type":"PropertyValueSpecification","valueRequired":true,"valueName":"search_term_string"}}],"inLanguage":"en-US"}]}},"_links":{"self":[{"href":"https:\/\/tolio.co.nz\/en\/wp-json\/wp\/v2\/product\/3575","targetHints":{"allow":["GET"]}}],"collection":[{"href":"https:\/\/tolio.co.nz\/en\/wp-json\/wp\/v2\/product"}],"about":[{"href":"https:\/\/tolio.co.nz\/en\/wp-json\/wp\/v2\/types\/product"}],"replies":[{"embeddable":true,"href":"https:\/\/tolio.co.nz\/en\/wp-json\/wp\/v2\/comments?post=3575"}],"wp:featuredmedia":[{"embeddable":true,"href":"https:\/\/tolio.co.nz\/en\/wp-json\/wp\/v2\/media\/20606"}],"wp:attachment":[{"href":"https:\/\/tolio.co.nz\/en\/wp-json\/wp\/v2\/media?parent=3575"}],"wp:term":[{"taxonomy":"product_brand","embeddable":true,"href":"https:\/\/tolio.co.nz\/en\/wp-json\/wp\/v2\/product_brand?post=3575"},{"taxonomy":"product_cat","embeddable":true,"href":"https:\/\/tolio.co.nz\/en\/wp-json\/wp\/v2\/product_cat?post=3575"},{"taxonomy":"product_tag","embeddable":true,"href":"https:\/\/tolio.co.nz\/en\/wp-json\/wp\/v2\/product_tag?post=3575"}],"curies":[{"name":"wp","href":"https:\/\/api.w.org\/{rel}","templated":true}]}}