{"id":3578,"date":"2022-04-09T14:39:00","date_gmt":"2022-04-09T01:54:00","guid":{"rendered":"https:\/\/tolio2.sitebycat.com\/?post_type=product&#038;p=3578"},"modified":"2026-05-02T18:32:29","modified_gmt":"2026-05-02T06:32:29","slug":"nep-cai-hoa-vang-pmt-2kg-set3","status":"publish","type":"product","link":"https:\/\/tolio.co.nz\/en\/product\/nep-cai-hoa-wine-pmt-2kg-set3\/","title":{"rendered":"Set of PMT Sticky Rice 3 x 2kg"},"content":{"rendered":"<p><strong>Yellow Flower Sticky Rice PMT 2kg<\/strong> is known as a specialty of the Northern region. The glutinous rice seeds are large, round, with a special aroma and very attractive sweet taste. Glutinous rice is suitable for cooking sticky rice or mixed with other types of rice to make the rice more flexible and delicious.<\/p>\n<ul>\n<li>Glutinous rice seeds yellow when cooking rice, sticky rice, and cakes are very flexible, less prone to rice, and have a sweet aroma, so they are popular with many consumers.<\/li>\n<li>In particular, sticky rice with yellow flowers is very suitable for making wine. Wine made from glutinous rice is very popular, but yellow flower sticky rice is still considered a specialty wine. Yellow flower sticky rice wine is very smooth, sweet and has a characteristic aroma.<\/li>\n<li>Glutinous rice is also a food with high nutritional value, providing many important vitamins and fiber for the body.<\/li>\n<li>Products are produced under a strict process and strictly managed from harvesting to packaging, so consumers can be assured of the quality.<\/li>\n<li>Glutinous rice is very good for people with stomach disease, vestibular disorders, cerebral circulatory insufficiency, postpartum women or people who are debilitated.<\/li>\n<\/ul>\n<p><strong>How to Use:<\/strong><\/p>\n<ul>\n<li>Wash the rice 2-3 times. Drain, then use to cook sticky rice.<\/li>\n<li>In addition, it can be used to cook tea, make cakes, brew wine.<\/li>\n<\/ul>\n<p><strong>Preserve:<\/strong><\/p>\n<ul>\n<li>Preserved in dry, cool place.<\/li>\n<\/ul>","protected":false},"excerpt":{"rendered":"<ul>\n<li>Brand: Phu Minh Tam<\/li>\n<li>Brand Country: Viet nam<\/li>\n<li>Packing: 2kg bag<\/li>\n<li>Note: Product packaging may change from batch to batch<\/li>\n<\/ul>","protected":false},"featured_media":20165,"comment_status":"open","ping_status":"closed","template":"","meta":[],"product_brand":[],"product_cat":[48,30,31],"product_tag":[172,174,173],"class_list":{"0":"post-3578","1":"product","2":"type-product","3":"status-publish","4":"has-post-thumbnail","6":"product_cat-gao-nep","7":"product_cat-ban-chay-nhat","8":"product_cat-hang-moi-ve","9":"product_tag-nep","10":"product_tag-nep-cai-hoa-vang","11":"product_tag-nep-pmt","12":"pa_thuong-hieu-phu-minh-tam","14":"first","15":"outofstock","16":"sale","17":"shipping-taxable","18":"purchasable","19":"product-type-simple"},"yoast_head":"<!-- This site is optimized with the Yoast SEO plugin v24.4 - https:\/\/yoast.com\/wordpress\/plugins\/seo\/ -->\n<title>Set 3 g\u00f3i n\u1ebfp c\u00e1i hoa v\u00e0ng PMT 2kg - TOLIO<\/title>\n<meta name=\"description\" content=\"Th\u01b0\u01a1ng hi\u1ec7u: Ph\u00fa Minh T\u00e2m  Xu\u1ea5t x\u1ee9 th\u01b0\u01a1ng hi\u1ec7u: Vi\u1ec7t Nam  Quy c\u00e1ch \u0111\u00f3ng g\u00f3i: t\u00fai 2kg  L\u01b0u \u00fd: Bao b\u00ec s\u1ea3n ph\u1ea9m c\u00f3 th\u1ec3 thay \u0111\u1ed5i theo t\u1eebng \u0111\u1ee3t nh\u1eadp h\u00e0ng\" \/>\n<meta name=\"robots\" content=\"index, follow, max-snippet:-1, max-image-preview:large, max-video-preview:-1\" \/>\n<link rel=\"canonical\" href=\"https:\/\/tolio.co.nz\/en\/product\/nep-cai-hoa-wine-pmt-2kg-set3\/\" \/>\n<meta property=\"og:locale\" content=\"en_US\" \/>\n<meta property=\"og:type\" content=\"article\" \/>\n<meta property=\"og:title\" content=\"Set 3 g\u00f3i n\u1ebfp c\u00e1i hoa v\u00e0ng PMT 2kg - TOLIO\" \/>\n<meta property=\"og:description\" content=\"Th\u01b0\u01a1ng hi\u1ec7u: Ph\u00fa Minh T\u00e2m  Xu\u1ea5t x\u1ee9 th\u01b0\u01a1ng hi\u1ec7u: Vi\u1ec7t Nam  Quy c\u00e1ch \u0111\u00f3ng g\u00f3i: t\u00fai 2kg  L\u01b0u \u00fd: Bao b\u00ec s\u1ea3n ph\u1ea9m c\u00f3 th\u1ec3 thay \u0111\u1ed5i theo t\u1eebng \u0111\u1ee3t nh\u1eadp h\u00e0ng\" \/>\n<meta property=\"og:url\" content=\"https:\/\/tolio.co.nz\/en\/product\/nep-cai-hoa-wine-pmt-2kg-set3\/\" \/>\n<meta property=\"og:site_name\" content=\"TOLIO\" \/>\n<meta property=\"article:modified_time\" content=\"2026-05-02T06:32:29+00:00\" \/>\n<meta property=\"og:image\" content=\"https:\/\/tolio.co.nz\/wp-content\/uploads\/2022\/04\/13.png\" \/>\n\t<meta property=\"og:image:width\" content=\"1000\" \/>\n\t<meta property=\"og:image:height\" content=\"907\" \/>\n\t<meta property=\"og:image:type\" content=\"image\/png\" \/>\n<meta name=\"twitter:card\" content=\"summary_large_image\" \/>\n<meta name=\"twitter:label1\" content=\"Est. reading time\" \/>\n\t<meta name=\"twitter:data1\" content=\"2 minutes\" \/>\n<script type=\"application\/ld+json\" class=\"yoast-schema-graph\">{\"@context\":\"https:\/\/schema.org\",\"@graph\":[{\"@type\":\"WebPage\",\"@id\":\"https:\/\/tolio.co.nz\/san-pham\/nep-cai-hoa-vang-pmt-2kg-set3\/\",\"url\":\"https:\/\/tolio.co.nz\/san-pham\/nep-cai-hoa-vang-pmt-2kg-set3\/\",\"name\":\"Set 3 g\u00f3i n\u1ebfp c\u00e1i hoa v\u00e0ng PMT 2kg - TOLIO\",\"isPartOf\":{\"@id\":\"https:\/\/tolio.co.nz\/#website\"},\"primaryImageOfPage\":{\"@id\":\"https:\/\/tolio.co.nz\/san-pham\/nep-cai-hoa-vang-pmt-2kg-set3\/#primaryimage\"},\"image\":{\"@id\":\"https:\/\/tolio.co.nz\/san-pham\/nep-cai-hoa-vang-pmt-2kg-set3\/#primaryimage\"},\"thumbnailUrl\":\"https:\/\/tolio.co.nz\/wp-content\/uploads\/2022\/04\/13.png\",\"datePublished\":\"2022-04-09T01:54:00+00:00\",\"dateModified\":\"2026-05-02T06:32:29+00:00\",\"description\":\"Th\u01b0\u01a1ng hi\u1ec7u: Ph\u00fa Minh T\u00e2m Xu\u1ea5t x\u1ee9 th\u01b0\u01a1ng hi\u1ec7u: Vi\u1ec7t Nam Quy c\u00e1ch \u0111\u00f3ng g\u00f3i: t\u00fai 2kg L\u01b0u \u00fd: Bao b\u00ec s\u1ea3n ph\u1ea9m c\u00f3 th\u1ec3 thay \u0111\u1ed5i theo t\u1eebng \u0111\u1ee3t nh\u1eadp h\u00e0ng\",\"breadcrumb\":{\"@id\":\"https:\/\/tolio.co.nz\/san-pham\/nep-cai-hoa-vang-pmt-2kg-set3\/#breadcrumb\"},\"inLanguage\":\"en-US\",\"potentialAction\":[{\"@type\":\"ReadAction\",\"target\":[\"https:\/\/tolio.co.nz\/san-pham\/nep-cai-hoa-vang-pmt-2kg-set3\/\"]}]},{\"@type\":\"ImageObject\",\"inLanguage\":\"en-US\",\"@id\":\"https:\/\/tolio.co.nz\/san-pham\/nep-cai-hoa-vang-pmt-2kg-set3\/#primaryimage\",\"url\":\"https:\/\/tolio.co.nz\/wp-content\/uploads\/2022\/04\/13.png\",\"contentUrl\":\"https:\/\/tolio.co.nz\/wp-content\/uploads\/2022\/04\/13.png\",\"width\":1000,\"height\":907},{\"@type\":\"BreadcrumbList\",\"@id\":\"https:\/\/tolio.co.nz\/san-pham\/nep-cai-hoa-vang-pmt-2kg-set3\/#breadcrumb\",\"itemListElement\":[{\"@type\":\"ListItem\",\"position\":1,\"name\":\"Home\",\"item\":\"https:\/\/tolio.co.nz\/\"},{\"@type\":\"ListItem\",\"position\":2,\"name\":\"C\u1eeda h\u00e0ng\",\"item\":\"https:\/\/tolio.co.nz\/cua-hang\/\"},{\"@type\":\"ListItem\",\"position\":3,\"name\":\"Set 3 g\u00f3i n\u1ebfp c\u00e1i hoa v\u00e0ng PMT 2kg\"}]},{\"@type\":\"WebSite\",\"@id\":\"https:\/\/tolio.co.nz\/#website\",\"url\":\"https:\/\/tolio.co.nz\/\",\"name\":\"TOLIO\",\"description\":\"Vietnamese Grocery Online\",\"potentialAction\":[{\"@type\":\"SearchAction\",\"target\":{\"@type\":\"EntryPoint\",\"urlTemplate\":\"https:\/\/tolio.co.nz\/?s={search_term_string}\"},\"query-input\":{\"@type\":\"PropertyValueSpecification\",\"valueRequired\":true,\"valueName\":\"search_term_string\"}}],\"inLanguage\":\"en-US\"}]}<\/script>\n<!-- \/ Yoast SEO plugin. -->","yoast_head_json":{"title":"Set 3 g\u00f3i n\u1ebfp c\u00e1i hoa v\u00e0ng PMT 2kg - TOLIO","description":"Th\u01b0\u01a1ng hi\u1ec7u: Ph\u00fa Minh T\u00e2m  Xu\u1ea5t x\u1ee9 th\u01b0\u01a1ng hi\u1ec7u: Vi\u1ec7t Nam  Quy c\u00e1ch \u0111\u00f3ng g\u00f3i: t\u00fai 2kg  L\u01b0u \u00fd: Bao b\u00ec s\u1ea3n ph\u1ea9m c\u00f3 th\u1ec3 thay \u0111\u1ed5i theo t\u1eebng \u0111\u1ee3t nh\u1eadp h\u00e0ng","robots":{"index":"index","follow":"follow","max-snippet":"max-snippet:-1","max-image-preview":"max-image-preview:large","max-video-preview":"max-video-preview:-1"},"canonical":"https:\/\/tolio.co.nz\/en\/product\/nep-cai-hoa-wine-pmt-2kg-set3\/","og_locale":"en_US","og_type":"article","og_title":"Set 3 g\u00f3i n\u1ebfp c\u00e1i hoa v\u00e0ng PMT 2kg - TOLIO","og_description":"Th\u01b0\u01a1ng hi\u1ec7u: Ph\u00fa Minh T\u00e2m  Xu\u1ea5t x\u1ee9 th\u01b0\u01a1ng hi\u1ec7u: Vi\u1ec7t Nam  Quy c\u00e1ch \u0111\u00f3ng g\u00f3i: t\u00fai 2kg  L\u01b0u \u00fd: Bao b\u00ec s\u1ea3n ph\u1ea9m c\u00f3 th\u1ec3 thay \u0111\u1ed5i theo t\u1eebng \u0111\u1ee3t nh\u1eadp h\u00e0ng","og_url":"https:\/\/tolio.co.nz\/en\/product\/nep-cai-hoa-wine-pmt-2kg-set3\/","og_site_name":"TOLIO","article_modified_time":"2026-05-02T06:32:29+00:00","og_image":[{"width":1000,"height":907,"url":"https:\/\/tolio.co.nz\/wp-content\/uploads\/2022\/04\/13.png","type":"image\/png"}],"twitter_card":"summary_large_image","twitter_misc":{"Est. reading time":"2 minutes"},"schema":{"@context":"https:\/\/schema.org","@graph":[{"@type":"WebPage","@id":"https:\/\/tolio.co.nz\/san-pham\/nep-cai-hoa-vang-pmt-2kg-set3\/","url":"https:\/\/tolio.co.nz\/san-pham\/nep-cai-hoa-vang-pmt-2kg-set3\/","name":"Set 3 g\u00f3i n\u1ebfp c\u00e1i hoa v\u00e0ng PMT 2kg - TOLIO","isPartOf":{"@id":"https:\/\/tolio.co.nz\/#website"},"primaryImageOfPage":{"@id":"https:\/\/tolio.co.nz\/san-pham\/nep-cai-hoa-vang-pmt-2kg-set3\/#primaryimage"},"image":{"@id":"https:\/\/tolio.co.nz\/san-pham\/nep-cai-hoa-vang-pmt-2kg-set3\/#primaryimage"},"thumbnailUrl":"https:\/\/tolio.co.nz\/wp-content\/uploads\/2022\/04\/13.png","datePublished":"2022-04-09T01:54:00+00:00","dateModified":"2026-05-02T06:32:29+00:00","description":"Th\u01b0\u01a1ng hi\u1ec7u: Ph\u00fa Minh T\u00e2m Xu\u1ea5t x\u1ee9 th\u01b0\u01a1ng hi\u1ec7u: Vi\u1ec7t Nam Quy c\u00e1ch \u0111\u00f3ng g\u00f3i: t\u00fai 2kg L\u01b0u \u00fd: Bao b\u00ec s\u1ea3n ph\u1ea9m c\u00f3 th\u1ec3 thay \u0111\u1ed5i theo t\u1eebng \u0111\u1ee3t nh\u1eadp h\u00e0ng","breadcrumb":{"@id":"https:\/\/tolio.co.nz\/san-pham\/nep-cai-hoa-vang-pmt-2kg-set3\/#breadcrumb"},"inLanguage":"en-US","potentialAction":[{"@type":"ReadAction","target":["https:\/\/tolio.co.nz\/san-pham\/nep-cai-hoa-vang-pmt-2kg-set3\/"]}]},{"@type":"ImageObject","inLanguage":"en-US","@id":"https:\/\/tolio.co.nz\/san-pham\/nep-cai-hoa-vang-pmt-2kg-set3\/#primaryimage","url":"https:\/\/tolio.co.nz\/wp-content\/uploads\/2022\/04\/13.png","contentUrl":"https:\/\/tolio.co.nz\/wp-content\/uploads\/2022\/04\/13.png","width":1000,"height":907},{"@type":"BreadcrumbList","@id":"https:\/\/tolio.co.nz\/san-pham\/nep-cai-hoa-vang-pmt-2kg-set3\/#breadcrumb","itemListElement":[{"@type":"ListItem","position":1,"name":"Home","item":"https:\/\/tolio.co.nz\/"},{"@type":"ListItem","position":2,"name":"C\u1eeda h\u00e0ng","item":"https:\/\/tolio.co.nz\/cua-hang\/"},{"@type":"ListItem","position":3,"name":"Set 3 g\u00f3i n\u1ebfp c\u00e1i hoa v\u00e0ng PMT 2kg"}]},{"@type":"WebSite","@id":"https:\/\/tolio.co.nz\/#website","url":"https:\/\/tolio.co.nz\/","name":"TOLIO","description":"Vietnamese Grocery Online","potentialAction":[{"@type":"SearchAction","target":{"@type":"EntryPoint","urlTemplate":"https:\/\/tolio.co.nz\/?s={search_term_string}"},"query-input":{"@type":"PropertyValueSpecification","valueRequired":true,"valueName":"search_term_string"}}],"inLanguage":"en-US"}]}},"_links":{"self":[{"href":"https:\/\/tolio.co.nz\/en\/wp-json\/wp\/v2\/product\/3578","targetHints":{"allow":["GET"]}}],"collection":[{"href":"https:\/\/tolio.co.nz\/en\/wp-json\/wp\/v2\/product"}],"about":[{"href":"https:\/\/tolio.co.nz\/en\/wp-json\/wp\/v2\/types\/product"}],"replies":[{"embeddable":true,"href":"https:\/\/tolio.co.nz\/en\/wp-json\/wp\/v2\/comments?post=3578"}],"wp:featuredmedia":[{"embeddable":true,"href":"https:\/\/tolio.co.nz\/en\/wp-json\/wp\/v2\/media\/20165"}],"wp:attachment":[{"href":"https:\/\/tolio.co.nz\/en\/wp-json\/wp\/v2\/media?parent=3578"}],"wp:term":[{"taxonomy":"product_brand","embeddable":true,"href":"https:\/\/tolio.co.nz\/en\/wp-json\/wp\/v2\/product_brand?post=3578"},{"taxonomy":"product_cat","embeddable":true,"href":"https:\/\/tolio.co.nz\/en\/wp-json\/wp\/v2\/product_cat?post=3578"},{"taxonomy":"product_tag","embeddable":true,"href":"https:\/\/tolio.co.nz\/en\/wp-json\/wp\/v2\/product_tag?post=3578"}],"curies":[{"name":"wp","href":"https:\/\/api.w.org\/{rel}","templated":true}]}}