{"id":3585,"date":"2022-04-09T15:04:00","date_gmt":"2022-04-09T02:19:00","guid":{"rendered":"https:\/\/tolio2.sitebycat.com\/?post_type=product&#038;p=3585"},"modified":"2026-03-24T18:25:07","modified_gmt":"2026-03-24T06:25:07","slug":"nam-huong-vietsan-80g-set6","status":"publish","type":"product","link":"https:\/\/tolio.co.nz\/en\/product\/vietsan-nam-huong-80g-set6\/","title":{"rendered":"[Buy 5 Get 1 Free] - Set of Packs Vietsan Shiitake Mushrooms 6 x 80g"},"content":{"rendered":"<p><strong>Vietsan Shiitake Mushroom 80g<\/strong>\u00a0 Also known as shiitake mushroom with many great uses for our body and beauty. The product of Perfume Mushroom 80g (VIET San) from Viet San brand is made from 100% dried shiitake mushrooms, carefully selected, packed thickly, discreetly, ensuring food safety and hygiene. Dried shiitake mushrooms only need to be soaked to expand a lot.<\/p>\n<p><strong>How to Use:<\/strong><\/p>\n<ul>\n<li>Used to prepare dishes.<\/li>\n<\/ul>\n<p><strong>Preserve:<\/strong><\/p>\n<ul>\n<li>Seal after use and store in a cool, dry place, away from direct sunlight.<\/li>\n<\/ul>","protected":false},"excerpt":{"rendered":"<ul>\n<li>Brand: Vietsan<\/li>\n<li>Brand origin: China<\/li>\n<li>Packing: 100g pack<\/li>\n<li>Note: Product packaging may change from batch to batch<\/li>\n<\/ul>","protected":false},"featured_media":20984,"comment_status":"open","ping_status":"closed","template":"","meta":[],"product_brand":[],"product_cat":[128,514],"product_tag":[354,355],"class_list":{"0":"post-3585","1":"product","2":"type-product","3":"status-publish","4":"has-post-thumbnail","6":"product_cat-do-kho","7":"product_cat-super-deal","8":"product_tag-nam-huong","9":"product_tag-nam-huong-vietsan","10":"pa_thuong-hieu-vietsan","12":"first","13":"instock","14":"sale","15":"shipping-taxable","16":"purchasable","17":"product-type-simple"},"yoast_head":"<!-- This site is optimized with the Yoast SEO plugin v24.4 - https:\/\/yoast.com\/wordpress\/plugins\/seo\/ -->\n<title>[Mua 5 t\u1eb7ng 1] Set 6 g\u00f3i n\u1ea5m h\u01b0\u01a1ng Vietsan 80g - TOLIO<\/title>\n<meta name=\"description\" content=\"Th\u01b0\u01a1ng hi\u1ec7u: Vietsan  Xu\u1ea5t x\u1ee9 th\u01b0\u01a1ng hi\u1ec7u: Trung Qu\u1ed1c  Quy c\u00e1ch \u0111\u00f3ng g\u00f3i: g\u00f3i 100g  L\u01b0u \u00fd: Bao b\u00ec s\u1ea3n ph\u1ea9m c\u00f3 th\u1ec3 thay \u0111\u1ed5i theo t\u1eebng \u0111\u1ee3t nh\u1eadp h\u00e0ng\" \/>\n<meta name=\"robots\" content=\"index, follow, max-snippet:-1, max-image-preview:large, max-video-preview:-1\" \/>\n<link rel=\"canonical\" href=\"https:\/\/tolio.co.nz\/en\/product\/vietsan-nam-huong-80g-set6\/\" \/>\n<meta property=\"og:locale\" content=\"en_US\" \/>\n<meta property=\"og:type\" content=\"article\" \/>\n<meta property=\"og:title\" content=\"[Mua 5 t\u1eb7ng 1] Set 6 g\u00f3i n\u1ea5m h\u01b0\u01a1ng Vietsan 80g - TOLIO\" \/>\n<meta property=\"og:description\" content=\"Th\u01b0\u01a1ng hi\u1ec7u: Vietsan  Xu\u1ea5t x\u1ee9 th\u01b0\u01a1ng hi\u1ec7u: Trung Qu\u1ed1c  Quy c\u00e1ch \u0111\u00f3ng g\u00f3i: g\u00f3i 100g  L\u01b0u \u00fd: Bao b\u00ec s\u1ea3n ph\u1ea9m c\u00f3 th\u1ec3 thay \u0111\u1ed5i theo t\u1eebng \u0111\u1ee3t nh\u1eadp h\u00e0ng\" \/>\n<meta property=\"og:url\" content=\"https:\/\/tolio.co.nz\/en\/product\/vietsan-nam-huong-80g-set6\/\" \/>\n<meta property=\"og:site_name\" content=\"TOLIO\" \/>\n<meta property=\"article:modified_time\" content=\"2026-03-24T06:25:07+00:00\" \/>\n<meta property=\"og:image\" content=\"https:\/\/tolio.co.nz\/wp-content\/uploads\/2022\/03\/460.png\" \/>\n\t<meta property=\"og:image:width\" content=\"1000\" \/>\n\t<meta property=\"og:image:height\" content=\"907\" \/>\n\t<meta property=\"og:image:type\" content=\"image\/png\" \/>\n<meta name=\"twitter:card\" content=\"summary_large_image\" \/>\n<meta name=\"twitter:label1\" content=\"Est. reading time\" \/>\n\t<meta name=\"twitter:data1\" content=\"1 minute\" \/>\n<script type=\"application\/ld+json\" class=\"yoast-schema-graph\">{\"@context\":\"https:\/\/schema.org\",\"@graph\":[{\"@type\":\"WebPage\",\"@id\":\"https:\/\/tolio.co.nz\/san-pham\/nam-huong-vietsan-80g-set6\/\",\"url\":\"https:\/\/tolio.co.nz\/san-pham\/nam-huong-vietsan-80g-set6\/\",\"name\":\"[Mua 5 t\u1eb7ng 1] Set 6 g\u00f3i n\u1ea5m h\u01b0\u01a1ng Vietsan 80g - TOLIO\",\"isPartOf\":{\"@id\":\"https:\/\/tolio.co.nz\/#website\"},\"primaryImageOfPage\":{\"@id\":\"https:\/\/tolio.co.nz\/san-pham\/nam-huong-vietsan-80g-set6\/#primaryimage\"},\"image\":{\"@id\":\"https:\/\/tolio.co.nz\/san-pham\/nam-huong-vietsan-80g-set6\/#primaryimage\"},\"thumbnailUrl\":\"https:\/\/tolio.co.nz\/wp-content\/uploads\/2022\/03\/460.png\",\"datePublished\":\"2022-04-09T02:19:00+00:00\",\"dateModified\":\"2026-03-24T06:25:07+00:00\",\"description\":\"Th\u01b0\u01a1ng hi\u1ec7u: Vietsan Xu\u1ea5t x\u1ee9 th\u01b0\u01a1ng hi\u1ec7u: Trung Qu\u1ed1c Quy c\u00e1ch \u0111\u00f3ng g\u00f3i: g\u00f3i 100g L\u01b0u \u00fd: Bao b\u00ec s\u1ea3n ph\u1ea9m c\u00f3 th\u1ec3 thay \u0111\u1ed5i theo t\u1eebng \u0111\u1ee3t nh\u1eadp h\u00e0ng\",\"breadcrumb\":{\"@id\":\"https:\/\/tolio.co.nz\/san-pham\/nam-huong-vietsan-80g-set6\/#breadcrumb\"},\"inLanguage\":\"en-US\",\"potentialAction\":[{\"@type\":\"ReadAction\",\"target\":[\"https:\/\/tolio.co.nz\/san-pham\/nam-huong-vietsan-80g-set6\/\"]}]},{\"@type\":\"ImageObject\",\"inLanguage\":\"en-US\",\"@id\":\"https:\/\/tolio.co.nz\/san-pham\/nam-huong-vietsan-80g-set6\/#primaryimage\",\"url\":\"https:\/\/tolio.co.nz\/wp-content\/uploads\/2022\/03\/460.png\",\"contentUrl\":\"https:\/\/tolio.co.nz\/wp-content\/uploads\/2022\/03\/460.png\",\"width\":1000,\"height\":907},{\"@type\":\"BreadcrumbList\",\"@id\":\"https:\/\/tolio.co.nz\/san-pham\/nam-huong-vietsan-80g-set6\/#breadcrumb\",\"itemListElement\":[{\"@type\":\"ListItem\",\"position\":1,\"name\":\"Home\",\"item\":\"https:\/\/tolio.co.nz\/\"},{\"@type\":\"ListItem\",\"position\":2,\"name\":\"C\u1eeda h\u00e0ng\",\"item\":\"https:\/\/tolio.co.nz\/cua-hang\/\"},{\"@type\":\"ListItem\",\"position\":3,\"name\":\"[Mua 5 t\u1eb7ng 1] Set 6 g\u00f3i n\u1ea5m h\u01b0\u01a1ng Vietsan 80g\"}]},{\"@type\":\"WebSite\",\"@id\":\"https:\/\/tolio.co.nz\/#website\",\"url\":\"https:\/\/tolio.co.nz\/\",\"name\":\"TOLIO\",\"description\":\"Vietnamese Grocery Online\",\"potentialAction\":[{\"@type\":\"SearchAction\",\"target\":{\"@type\":\"EntryPoint\",\"urlTemplate\":\"https:\/\/tolio.co.nz\/?s={search_term_string}\"},\"query-input\":{\"@type\":\"PropertyValueSpecification\",\"valueRequired\":true,\"valueName\":\"search_term_string\"}}],\"inLanguage\":\"en-US\"}]}<\/script>\n<!-- \/ Yoast SEO plugin. -->","yoast_head_json":{"title":"[Mua 5 t\u1eb7ng 1] Set 6 g\u00f3i n\u1ea5m h\u01b0\u01a1ng Vietsan 80g - TOLIO","description":"Th\u01b0\u01a1ng hi\u1ec7u: Vietsan  Xu\u1ea5t x\u1ee9 th\u01b0\u01a1ng hi\u1ec7u: Trung Qu\u1ed1c  Quy c\u00e1ch \u0111\u00f3ng g\u00f3i: g\u00f3i 100g  L\u01b0u \u00fd: Bao b\u00ec s\u1ea3n ph\u1ea9m c\u00f3 th\u1ec3 thay \u0111\u1ed5i theo t\u1eebng \u0111\u1ee3t nh\u1eadp h\u00e0ng","robots":{"index":"index","follow":"follow","max-snippet":"max-snippet:-1","max-image-preview":"max-image-preview:large","max-video-preview":"max-video-preview:-1"},"canonical":"https:\/\/tolio.co.nz\/en\/product\/vietsan-nam-huong-80g-set6\/","og_locale":"en_US","og_type":"article","og_title":"[Mua 5 t\u1eb7ng 1] Set 6 g\u00f3i n\u1ea5m h\u01b0\u01a1ng Vietsan 80g - TOLIO","og_description":"Th\u01b0\u01a1ng hi\u1ec7u: Vietsan  Xu\u1ea5t x\u1ee9 th\u01b0\u01a1ng hi\u1ec7u: Trung Qu\u1ed1c  Quy c\u00e1ch \u0111\u00f3ng g\u00f3i: g\u00f3i 100g  L\u01b0u \u00fd: Bao b\u00ec s\u1ea3n ph\u1ea9m c\u00f3 th\u1ec3 thay \u0111\u1ed5i theo t\u1eebng \u0111\u1ee3t nh\u1eadp h\u00e0ng","og_url":"https:\/\/tolio.co.nz\/en\/product\/vietsan-nam-huong-80g-set6\/","og_site_name":"TOLIO","article_modified_time":"2026-03-24T06:25:07+00:00","og_image":[{"width":1000,"height":907,"url":"https:\/\/tolio.co.nz\/wp-content\/uploads\/2022\/03\/460.png","type":"image\/png"}],"twitter_card":"summary_large_image","twitter_misc":{"Est. reading time":"1 minute"},"schema":{"@context":"https:\/\/schema.org","@graph":[{"@type":"WebPage","@id":"https:\/\/tolio.co.nz\/san-pham\/nam-huong-vietsan-80g-set6\/","url":"https:\/\/tolio.co.nz\/san-pham\/nam-huong-vietsan-80g-set6\/","name":"[Mua 5 t\u1eb7ng 1] Set 6 g\u00f3i n\u1ea5m h\u01b0\u01a1ng Vietsan 80g - TOLIO","isPartOf":{"@id":"https:\/\/tolio.co.nz\/#website"},"primaryImageOfPage":{"@id":"https:\/\/tolio.co.nz\/san-pham\/nam-huong-vietsan-80g-set6\/#primaryimage"},"image":{"@id":"https:\/\/tolio.co.nz\/san-pham\/nam-huong-vietsan-80g-set6\/#primaryimage"},"thumbnailUrl":"https:\/\/tolio.co.nz\/wp-content\/uploads\/2022\/03\/460.png","datePublished":"2022-04-09T02:19:00+00:00","dateModified":"2026-03-24T06:25:07+00:00","description":"Th\u01b0\u01a1ng hi\u1ec7u: Vietsan Xu\u1ea5t x\u1ee9 th\u01b0\u01a1ng hi\u1ec7u: Trung Qu\u1ed1c Quy c\u00e1ch \u0111\u00f3ng g\u00f3i: g\u00f3i 100g L\u01b0u \u00fd: Bao b\u00ec s\u1ea3n ph\u1ea9m c\u00f3 th\u1ec3 thay \u0111\u1ed5i theo t\u1eebng \u0111\u1ee3t nh\u1eadp h\u00e0ng","breadcrumb":{"@id":"https:\/\/tolio.co.nz\/san-pham\/nam-huong-vietsan-80g-set6\/#breadcrumb"},"inLanguage":"en-US","potentialAction":[{"@type":"ReadAction","target":["https:\/\/tolio.co.nz\/san-pham\/nam-huong-vietsan-80g-set6\/"]}]},{"@type":"ImageObject","inLanguage":"en-US","@id":"https:\/\/tolio.co.nz\/san-pham\/nam-huong-vietsan-80g-set6\/#primaryimage","url":"https:\/\/tolio.co.nz\/wp-content\/uploads\/2022\/03\/460.png","contentUrl":"https:\/\/tolio.co.nz\/wp-content\/uploads\/2022\/03\/460.png","width":1000,"height":907},{"@type":"BreadcrumbList","@id":"https:\/\/tolio.co.nz\/san-pham\/nam-huong-vietsan-80g-set6\/#breadcrumb","itemListElement":[{"@type":"ListItem","position":1,"name":"Home","item":"https:\/\/tolio.co.nz\/"},{"@type":"ListItem","position":2,"name":"C\u1eeda h\u00e0ng","item":"https:\/\/tolio.co.nz\/cua-hang\/"},{"@type":"ListItem","position":3,"name":"[Mua 5 t\u1eb7ng 1] Set 6 g\u00f3i n\u1ea5m h\u01b0\u01a1ng Vietsan 80g"}]},{"@type":"WebSite","@id":"https:\/\/tolio.co.nz\/#website","url":"https:\/\/tolio.co.nz\/","name":"TOLIO","description":"Vietnamese Grocery Online","potentialAction":[{"@type":"SearchAction","target":{"@type":"EntryPoint","urlTemplate":"https:\/\/tolio.co.nz\/?s={search_term_string}"},"query-input":{"@type":"PropertyValueSpecification","valueRequired":true,"valueName":"search_term_string"}}],"inLanguage":"en-US"}]}},"_links":{"self":[{"href":"https:\/\/tolio.co.nz\/en\/wp-json\/wp\/v2\/product\/3585","targetHints":{"allow":["GET"]}}],"collection":[{"href":"https:\/\/tolio.co.nz\/en\/wp-json\/wp\/v2\/product"}],"about":[{"href":"https:\/\/tolio.co.nz\/en\/wp-json\/wp\/v2\/types\/product"}],"replies":[{"embeddable":true,"href":"https:\/\/tolio.co.nz\/en\/wp-json\/wp\/v2\/comments?post=3585"}],"wp:featuredmedia":[{"embeddable":true,"href":"https:\/\/tolio.co.nz\/en\/wp-json\/wp\/v2\/media\/20984"}],"wp:attachment":[{"href":"https:\/\/tolio.co.nz\/en\/wp-json\/wp\/v2\/media?parent=3585"}],"wp:term":[{"taxonomy":"product_brand","embeddable":true,"href":"https:\/\/tolio.co.nz\/en\/wp-json\/wp\/v2\/product_brand?post=3585"},{"taxonomy":"product_cat","embeddable":true,"href":"https:\/\/tolio.co.nz\/en\/wp-json\/wp\/v2\/product_cat?post=3585"},{"taxonomy":"product_tag","embeddable":true,"href":"https:\/\/tolio.co.nz\/en\/wp-json\/wp\/v2\/product_tag?post=3585"}],"curies":[{"name":"wp","href":"https:\/\/api.w.org\/{rel}","templated":true}]}}