{"id":4392,"date":"2022-05-22T22:15:00","date_gmt":"2022-05-22T09:30:00","guid":{"rendered":"https:\/\/tolio2.sitebycat.com\/?post_type=product&#038;p=4392"},"modified":"2026-03-24T13:26:57","modified_gmt":"2026-03-24T01:26:57","slug":"thung-24-lon-nuoc-tang-luc-sting-dau-lon-330ml","status":"publish","type":"product","link":"https:\/\/tolio.co.nz\/en\/product\/24-cans-of-pain-increasing-water-can-330ml\/","title":{"rendered":"BOX of Cans of Sting Energy Drink Strawberry 24 x 320ml"},"content":{"rendered":"<p><strong><span class=\"fontstyle0\">Box of 24 cans of Strawberry Sting Energy Drink 330ml bottle <\/span><\/strong><span class=\"fontstyle0\">S<\/span><span class=\"fontstyle0\">Energy drink product with delicious, refreshing taste, supplemented with quality red ginseng.\u00a0<\/span><\/p>\n<ul>\n<li><span class=\"fontstyle0\">Sting helps the body to replenish water, replenish energy, vitamins C and E, help dispel thirst and fatigue, and strawberries for lightness and comfort. Genuine commitment, quality and safety.<\/span><\/li>\n<li>Red Strawberry Sting is a breakthrough combination between energy drinks and natural strawberry flavor and quality red ginseng, with a light gas taste to help wake up the body and increase vitality. With a sweet strawberry flavor that stimulates the taste buds, bringing a refreshing and interesting feeling to the drinker.<\/li>\n<\/ul>\n<p><strong>How to Use:<\/strong><\/p>\n<ul>\n<li>Softly shake before drinking.<\/li>\n<li>More delicious cold drink.<\/li>\n<\/ul>\n<p><strong>Preserve:<\/strong><\/p>\n<ul>\n<li>To a dry, cool place.<\/li>\n<li>Avoid direct sunlight or high temperature places.<\/li>\n<\/ul>","protected":false},"excerpt":{"rendered":"<ul>\n<li>Brand: Sting Vietnam<\/li>\n<li>Brand Country: Viet nam<\/li>\n<li>Packing: Cans\u00a0<span class=\"fontstyle0\">320ml<\/span>, 6 cans\/lot, 24 cans\/carton<\/li>\n<li>Note: Product packaging may change from batch to batch<\/li>\n<\/ul>","protected":false},"featured_media":20913,"comment_status":"open","ping_status":"closed","template":"","meta":[],"product_brand":[],"product_cat":[34,40,30,31],"product_tag":[],"class_list":{"0":"post-4392","1":"product","2":"type-product","3":"status-publish","4":"has-post-thumbnail","6":"product_cat-thuc-uong","7":"product_cat-thuc-uong-khong-con","8":"product_cat-ban-chay-nhat","9":"product_cat-hang-moi-ve","10":"pa_thuong-hieu-sting","12":"first","13":"instock","14":"sale","15":"shipping-taxable","16":"purchasable","17":"product-type-simple"},"yoast_head":"<!-- This site is optimized with the Yoast SEO plugin v24.4 - https:\/\/yoast.com\/wordpress\/plugins\/seo\/ -->\n<title>Th\u00f9ng 24 lon n\u01b0\u1edbc t\u0103ng l\u1ef1c Sting d\u00e2u lon 320ml - TOLIO<\/title>\n<meta name=\"description\" content=\"Th\u01b0\u01a1ng hi\u1ec7u: Sting Vi\u1ec7t Nam  Xu\u1ea5t x\u1ee9 th\u01b0\u01a1ng hi\u1ec7u: Vi\u1ec7t Nam  Quy c\u00e1ch \u0111\u00f3ng g\u00f3i: Lon\u00a0320ml, 6 lon\/l\u1ed1c, 24 lon\/th\u00f9ng  L\u01b0u \u00fd: Bao b\u00ec s\u1ea3n ph\u1ea9m c\u00f3 th\u1ec3 thay \u0111\u1ed5i theo t\u1eebng \u0111\u1ee3t nh\u1eadp h\u00e0ng\" \/>\n<meta name=\"robots\" content=\"index, follow, max-snippet:-1, max-image-preview:large, max-video-preview:-1\" \/>\n<link rel=\"canonical\" href=\"https:\/\/tolio.co.nz\/en\/product\/24-cans-of-pain-increasing-water-can-330ml\/\" \/>\n<meta property=\"og:locale\" content=\"en_US\" \/>\n<meta property=\"og:type\" content=\"article\" \/>\n<meta property=\"og:title\" content=\"Th\u00f9ng 24 lon n\u01b0\u1edbc t\u0103ng l\u1ef1c Sting d\u00e2u lon 320ml - TOLIO\" \/>\n<meta property=\"og:description\" content=\"Th\u01b0\u01a1ng hi\u1ec7u: Sting Vi\u1ec7t Nam  Xu\u1ea5t x\u1ee9 th\u01b0\u01a1ng hi\u1ec7u: Vi\u1ec7t Nam  Quy c\u00e1ch \u0111\u00f3ng g\u00f3i: Lon\u00a0320ml, 6 lon\/l\u1ed1c, 24 lon\/th\u00f9ng  L\u01b0u \u00fd: Bao b\u00ec s\u1ea3n ph\u1ea9m c\u00f3 th\u1ec3 thay \u0111\u1ed5i theo t\u1eebng \u0111\u1ee3t nh\u1eadp h\u00e0ng\" \/>\n<meta property=\"og:url\" content=\"https:\/\/tolio.co.nz\/en\/product\/24-cans-of-pain-increasing-water-can-330ml\/\" \/>\n<meta property=\"og:site_name\" content=\"TOLIO\" \/>\n<meta property=\"article:modified_time\" content=\"2026-03-24T01:26:57+00:00\" \/>\n<meta property=\"og:image\" content=\"https:\/\/tolio.co.nz\/wp-content\/uploads\/2022\/05\/417.png\" \/>\n\t<meta property=\"og:image:width\" content=\"1000\" \/>\n\t<meta property=\"og:image:height\" content=\"907\" \/>\n\t<meta property=\"og:image:type\" content=\"image\/png\" \/>\n<meta name=\"twitter:card\" content=\"summary_large_image\" \/>\n<meta name=\"twitter:label1\" content=\"Est. reading time\" \/>\n\t<meta name=\"twitter:data1\" content=\"1 minute\" \/>\n<script type=\"application\/ld+json\" class=\"yoast-schema-graph\">{\"@context\":\"https:\/\/schema.org\",\"@graph\":[{\"@type\":\"WebPage\",\"@id\":\"https:\/\/tolio.co.nz\/san-pham\/thung-24-lon-nuoc-tang-luc-sting-dau-lon-330ml\/\",\"url\":\"https:\/\/tolio.co.nz\/san-pham\/thung-24-lon-nuoc-tang-luc-sting-dau-lon-330ml\/\",\"name\":\"Th\u00f9ng 24 lon n\u01b0\u1edbc t\u0103ng l\u1ef1c Sting d\u00e2u lon 320ml - TOLIO\",\"isPartOf\":{\"@id\":\"https:\/\/tolio.co.nz\/#website\"},\"primaryImageOfPage\":{\"@id\":\"https:\/\/tolio.co.nz\/san-pham\/thung-24-lon-nuoc-tang-luc-sting-dau-lon-330ml\/#primaryimage\"},\"image\":{\"@id\":\"https:\/\/tolio.co.nz\/san-pham\/thung-24-lon-nuoc-tang-luc-sting-dau-lon-330ml\/#primaryimage\"},\"thumbnailUrl\":\"https:\/\/tolio.co.nz\/wp-content\/uploads\/2022\/05\/417.png\",\"datePublished\":\"2022-05-22T09:30:00+00:00\",\"dateModified\":\"2026-03-24T01:26:57+00:00\",\"description\":\"Th\u01b0\u01a1ng hi\u1ec7u: Sting Vi\u1ec7t Nam Xu\u1ea5t x\u1ee9 th\u01b0\u01a1ng hi\u1ec7u: Vi\u1ec7t Nam Quy c\u00e1ch \u0111\u00f3ng g\u00f3i: Lon\u00a0320ml, 6 lon\/l\u1ed1c, 24 lon\/th\u00f9ng L\u01b0u \u00fd: Bao b\u00ec s\u1ea3n ph\u1ea9m c\u00f3 th\u1ec3 thay \u0111\u1ed5i theo t\u1eebng \u0111\u1ee3t nh\u1eadp h\u00e0ng\",\"breadcrumb\":{\"@id\":\"https:\/\/tolio.co.nz\/san-pham\/thung-24-lon-nuoc-tang-luc-sting-dau-lon-330ml\/#breadcrumb\"},\"inLanguage\":\"en-US\",\"potentialAction\":[{\"@type\":\"ReadAction\",\"target\":[\"https:\/\/tolio.co.nz\/san-pham\/thung-24-lon-nuoc-tang-luc-sting-dau-lon-330ml\/\"]}]},{\"@type\":\"ImageObject\",\"inLanguage\":\"en-US\",\"@id\":\"https:\/\/tolio.co.nz\/san-pham\/thung-24-lon-nuoc-tang-luc-sting-dau-lon-330ml\/#primaryimage\",\"url\":\"https:\/\/tolio.co.nz\/wp-content\/uploads\/2022\/05\/417.png\",\"contentUrl\":\"https:\/\/tolio.co.nz\/wp-content\/uploads\/2022\/05\/417.png\",\"width\":1000,\"height\":907},{\"@type\":\"BreadcrumbList\",\"@id\":\"https:\/\/tolio.co.nz\/san-pham\/thung-24-lon-nuoc-tang-luc-sting-dau-lon-330ml\/#breadcrumb\",\"itemListElement\":[{\"@type\":\"ListItem\",\"position\":1,\"name\":\"Home\",\"item\":\"https:\/\/tolio.co.nz\/\"},{\"@type\":\"ListItem\",\"position\":2,\"name\":\"C\u1eeda h\u00e0ng\",\"item\":\"https:\/\/tolio.co.nz\/cua-hang\/\"},{\"@type\":\"ListItem\",\"position\":3,\"name\":\"Th\u00f9ng 24 lon n\u01b0\u1edbc t\u0103ng l\u1ef1c Sting d\u00e2u lon 320ml\"}]},{\"@type\":\"WebSite\",\"@id\":\"https:\/\/tolio.co.nz\/#website\",\"url\":\"https:\/\/tolio.co.nz\/\",\"name\":\"TOLIO\",\"description\":\"Vietnamese Grocery Online\",\"potentialAction\":[{\"@type\":\"SearchAction\",\"target\":{\"@type\":\"EntryPoint\",\"urlTemplate\":\"https:\/\/tolio.co.nz\/?s={search_term_string}\"},\"query-input\":{\"@type\":\"PropertyValueSpecification\",\"valueRequired\":true,\"valueName\":\"search_term_string\"}}],\"inLanguage\":\"en-US\"}]}<\/script>\n<!-- \/ Yoast SEO plugin. -->","yoast_head_json":{"title":"Th\u00f9ng 24 lon n\u01b0\u1edbc t\u0103ng l\u1ef1c Sting d\u00e2u lon 320ml - TOLIO","description":"Th\u01b0\u01a1ng hi\u1ec7u: Sting Vi\u1ec7t Nam  Xu\u1ea5t x\u1ee9 th\u01b0\u01a1ng hi\u1ec7u: Vi\u1ec7t Nam  Quy c\u00e1ch \u0111\u00f3ng g\u00f3i: Lon\u00a0320ml, 6 lon\/l\u1ed1c, 24 lon\/th\u00f9ng  L\u01b0u \u00fd: Bao b\u00ec s\u1ea3n ph\u1ea9m c\u00f3 th\u1ec3 thay \u0111\u1ed5i theo t\u1eebng \u0111\u1ee3t nh\u1eadp h\u00e0ng","robots":{"index":"index","follow":"follow","max-snippet":"max-snippet:-1","max-image-preview":"max-image-preview:large","max-video-preview":"max-video-preview:-1"},"canonical":"https:\/\/tolio.co.nz\/en\/product\/24-cans-of-pain-increasing-water-can-330ml\/","og_locale":"en_US","og_type":"article","og_title":"Th\u00f9ng 24 lon n\u01b0\u1edbc t\u0103ng l\u1ef1c Sting d\u00e2u lon 320ml - TOLIO","og_description":"Th\u01b0\u01a1ng hi\u1ec7u: Sting Vi\u1ec7t Nam  Xu\u1ea5t x\u1ee9 th\u01b0\u01a1ng hi\u1ec7u: Vi\u1ec7t Nam  Quy c\u00e1ch \u0111\u00f3ng g\u00f3i: Lon\u00a0320ml, 6 lon\/l\u1ed1c, 24 lon\/th\u00f9ng  L\u01b0u \u00fd: Bao b\u00ec s\u1ea3n ph\u1ea9m c\u00f3 th\u1ec3 thay \u0111\u1ed5i theo t\u1eebng \u0111\u1ee3t nh\u1eadp h\u00e0ng","og_url":"https:\/\/tolio.co.nz\/en\/product\/24-cans-of-pain-increasing-water-can-330ml\/","og_site_name":"TOLIO","article_modified_time":"2026-03-24T01:26:57+00:00","og_image":[{"width":1000,"height":907,"url":"https:\/\/tolio.co.nz\/wp-content\/uploads\/2022\/05\/417.png","type":"image\/png"}],"twitter_card":"summary_large_image","twitter_misc":{"Est. reading time":"1 minute"},"schema":{"@context":"https:\/\/schema.org","@graph":[{"@type":"WebPage","@id":"https:\/\/tolio.co.nz\/san-pham\/thung-24-lon-nuoc-tang-luc-sting-dau-lon-330ml\/","url":"https:\/\/tolio.co.nz\/san-pham\/thung-24-lon-nuoc-tang-luc-sting-dau-lon-330ml\/","name":"Th\u00f9ng 24 lon n\u01b0\u1edbc t\u0103ng l\u1ef1c Sting d\u00e2u lon 320ml - TOLIO","isPartOf":{"@id":"https:\/\/tolio.co.nz\/#website"},"primaryImageOfPage":{"@id":"https:\/\/tolio.co.nz\/san-pham\/thung-24-lon-nuoc-tang-luc-sting-dau-lon-330ml\/#primaryimage"},"image":{"@id":"https:\/\/tolio.co.nz\/san-pham\/thung-24-lon-nuoc-tang-luc-sting-dau-lon-330ml\/#primaryimage"},"thumbnailUrl":"https:\/\/tolio.co.nz\/wp-content\/uploads\/2022\/05\/417.png","datePublished":"2022-05-22T09:30:00+00:00","dateModified":"2026-03-24T01:26:57+00:00","description":"Th\u01b0\u01a1ng hi\u1ec7u: Sting Vi\u1ec7t Nam Xu\u1ea5t x\u1ee9 th\u01b0\u01a1ng hi\u1ec7u: Vi\u1ec7t Nam Quy c\u00e1ch \u0111\u00f3ng g\u00f3i: Lon\u00a0320ml, 6 lon\/l\u1ed1c, 24 lon\/th\u00f9ng L\u01b0u \u00fd: Bao b\u00ec s\u1ea3n ph\u1ea9m c\u00f3 th\u1ec3 thay \u0111\u1ed5i theo t\u1eebng \u0111\u1ee3t nh\u1eadp h\u00e0ng","breadcrumb":{"@id":"https:\/\/tolio.co.nz\/san-pham\/thung-24-lon-nuoc-tang-luc-sting-dau-lon-330ml\/#breadcrumb"},"inLanguage":"en-US","potentialAction":[{"@type":"ReadAction","target":["https:\/\/tolio.co.nz\/san-pham\/thung-24-lon-nuoc-tang-luc-sting-dau-lon-330ml\/"]}]},{"@type":"ImageObject","inLanguage":"en-US","@id":"https:\/\/tolio.co.nz\/san-pham\/thung-24-lon-nuoc-tang-luc-sting-dau-lon-330ml\/#primaryimage","url":"https:\/\/tolio.co.nz\/wp-content\/uploads\/2022\/05\/417.png","contentUrl":"https:\/\/tolio.co.nz\/wp-content\/uploads\/2022\/05\/417.png","width":1000,"height":907},{"@type":"BreadcrumbList","@id":"https:\/\/tolio.co.nz\/san-pham\/thung-24-lon-nuoc-tang-luc-sting-dau-lon-330ml\/#breadcrumb","itemListElement":[{"@type":"ListItem","position":1,"name":"Home","item":"https:\/\/tolio.co.nz\/"},{"@type":"ListItem","position":2,"name":"C\u1eeda h\u00e0ng","item":"https:\/\/tolio.co.nz\/cua-hang\/"},{"@type":"ListItem","position":3,"name":"Th\u00f9ng 24 lon n\u01b0\u1edbc t\u0103ng l\u1ef1c Sting d\u00e2u lon 320ml"}]},{"@type":"WebSite","@id":"https:\/\/tolio.co.nz\/#website","url":"https:\/\/tolio.co.nz\/","name":"TOLIO","description":"Vietnamese Grocery Online","potentialAction":[{"@type":"SearchAction","target":{"@type":"EntryPoint","urlTemplate":"https:\/\/tolio.co.nz\/?s={search_term_string}"},"query-input":{"@type":"PropertyValueSpecification","valueRequired":true,"valueName":"search_term_string"}}],"inLanguage":"en-US"}]}},"_links":{"self":[{"href":"https:\/\/tolio.co.nz\/en\/wp-json\/wp\/v2\/product\/4392","targetHints":{"allow":["GET"]}}],"collection":[{"href":"https:\/\/tolio.co.nz\/en\/wp-json\/wp\/v2\/product"}],"about":[{"href":"https:\/\/tolio.co.nz\/en\/wp-json\/wp\/v2\/types\/product"}],"replies":[{"embeddable":true,"href":"https:\/\/tolio.co.nz\/en\/wp-json\/wp\/v2\/comments?post=4392"}],"wp:featuredmedia":[{"embeddable":true,"href":"https:\/\/tolio.co.nz\/en\/wp-json\/wp\/v2\/media\/20913"}],"wp:attachment":[{"href":"https:\/\/tolio.co.nz\/en\/wp-json\/wp\/v2\/media?parent=4392"}],"wp:term":[{"taxonomy":"product_brand","embeddable":true,"href":"https:\/\/tolio.co.nz\/en\/wp-json\/wp\/v2\/product_brand?post=4392"},{"taxonomy":"product_cat","embeddable":true,"href":"https:\/\/tolio.co.nz\/en\/wp-json\/wp\/v2\/product_cat?post=4392"},{"taxonomy":"product_tag","embeddable":true,"href":"https:\/\/tolio.co.nz\/en\/wp-json\/wp\/v2\/product_tag?post=4392"}],"curies":[{"name":"wp","href":"https:\/\/api.w.org\/{rel}","templated":true}]}}